{"id":9,"date":"2025-10-22T20:37:33","date_gmt":"2025-10-22T17:37:33","guid":{"rendered":"https:\/\/flytorelocation.com\/se-se\/fi\/?page_id=9"},"modified":"2026-01-04T13:22:57","modified_gmt":"2026-01-04T11:22:57","slug":"relocation-services","status":"publish","type":"page","link":"https:\/\/flytorelocation.com\/se-se\/relocation-services\/","title":{"rendered":"Relocation services"},"content":{"rendered":"<p>[et_pb_section fb_built=&#8221;1&#8243; admin_label=&#8221;About&#8221; _builder_version=&#8221;4.27.4&#8243; _module_preset=&#8221;default&#8221; custom_padding=&#8221;||42px|||&#8221; hover_enabled=&#8221;0&#8243; collapsed=&#8221;on&#8221; global_colors_info=&#8221;{}&#8221; custom_padding_last_edited=&#8221;on|tablet&#8221; custom_padding_tablet=&#8221;0px||0px||true|false&#8221; sticky_enabled=&#8221;0&#8243; custom_padding_phone=&#8221;0px||0px||true|false&#8221;][et_pb_row _builder_version=&#8221;4.27.4&#8243; _module_preset=&#8221;default&#8221; locked=&#8221;off&#8221; global_colors_info=&#8221;{}&#8221;][et_pb_column type=&#8221;4_4&#8243; _builder_version=&#8221;4.22.0&#8243; _module_preset=&#8221;default&#8221; global_colors_info=&#8221;{}&#8221;][et_pb_heading title=&#8221;Flytttj\u00e4nster&#8221; _builder_version=&#8221;4.27.4&#8243; _module_preset=&#8221;_initial&#8221; title_level=&#8221;h2&#8243; title_font=&#8221;Flyto oma||||||||&#8221; title_text_color=&#8221;#CD207D&#8221; title_font_size=&#8221;49px&#8221; custom_margin=&#8221;||||false|false&#8221; custom_margin_tablet=&#8221;0px||0px||true|false&#8221; custom_margin_phone=&#8221;0px||||false|false&#8221; custom_margin_last_edited=&#8221;on|phone&#8221; custom_padding=&#8221;||||false|false&#8221; custom_padding_tablet=&#8221;||||false|false&#8221; custom_padding_phone=&#8221;0px||||false|false&#8221; custom_padding_last_edited=&#8221;on|phone&#8221; hover_enabled=&#8221;0&#8243; title_font_size_phone=&#8221;42px&#8221; locked=&#8221;off&#8221; global_colors_info=&#8221;{}&#8221; sticky_enabled=&#8221;0&#8243;][\/et_pb_heading][\/et_pb_column][\/et_pb_row][\/et_pb_section][et_pb_section fb_built=&#8221;1&#8243; custom_padding_last_edited=&#8221;on|phone&#8221; admin_label=&#8221;Services&#8221; _builder_version=&#8221;4.27.4&#8243; _module_preset=&#8221;default&#8221; custom_padding=&#8221;0px||||false|false&#8221; custom_padding_tablet=&#8221;0px||0px||true|false&#8221; custom_padding_phone=&#8221;0px||0px||false|false&#8221; hover_enabled=&#8221;0&#8243; collapsed=&#8221;on&#8221; global_colors_info=&#8221;{}&#8221; sticky_enabled=&#8221;0&#8243;][et_pb_row column_structure=&#8221;1_4,1_4,1_2&#8243; _builder_version=&#8221;4.27.4&#8243; _module_preset=&#8221;default&#8221; global_colors_info=&#8221;{}&#8221;][et_pb_column type=&#8221;1_4&#8243; _builder_version=&#8221;4.27.4&#8243; _module_preset=&#8221;default&#8221; global_colors_info=&#8221;{}&#8221;][et_pb_text _builder_version=&#8221;4.27.4&#8243; _module_preset=&#8221;_initial&#8221; text_font=&#8221;Montserrat||||||||&#8221; text_text_color=&#8221;#000000&#8243; header_2_font=&#8221;Flyto oma|600|||||||&#8221; header_2_text_align=&#8221;left&#8221; header_2_text_color=&#8221;#000000&#8243; header_2_font_size=&#8221;22px&#8221; header_2_line_height=&#8221;1.2em&#8221; header_3_font_size=&#8221;30px&#8221; locked=&#8221;off&#8221; global_colors_info=&#8221;{}&#8221;]<\/p>\n<h2>Omfattande flytttj\u00e4nster f\u00f6r en smidig start<\/h2>\n<p>[\/et_pb_text][et_pb_button button_url=&#8221;https:\/\/flytorelocation.com\/se-se\/contact\/&#8221; button_text=&#8221;Chatta med en expert&#8221; _builder_version=&#8221;4.27.4&#8243; _module_preset=&#8221;_initial&#8221; custom_button=&#8221;on&#8221; button_text_size=&#8221;16px&#8221; button_text_color=&#8221;#CD207D&#8221; button_bg_color=&#8221;#FFFFFF&#8221; button_border_color=&#8221;#CD207D&#8221; button_border_radius=&#8221;100px&#8221; button_font=&#8221;Outfit|600|||||||&#8221; button_use_icon=&#8221;off&#8221; custom_margin=&#8221;-10px||||false|false&#8221; custom_padding=&#8221;10px|26px|10px|26px|true|true&#8221; global_colors_info=&#8221;{%22gcid-f1e65d51-fa2f-4bf0-b2c1-8eab7001e8fd%22:%91%22button_text_color%22%93}&#8221;][\/et_pb_button][\/et_pb_column][et_pb_column type=&#8221;1_4&#8243; _builder_version=&#8221;4.27.4&#8243; _module_preset=&#8221;default&#8221; global_colors_info=&#8221;{}&#8221;][et_pb_text _builder_version=&#8221;4.27.4&#8243; _module_preset=&#8221;_initial&#8221; text_font=&#8221;Montserrat|600|||||||&#8221; text_font_size=&#8221;13px&#8221; custom_margin=&#8221;||||false|false&#8221; global_colors_info=&#8221;{}&#8221;]Att flytta utomlands handlar om mer \u00e4n bara att transportera sina tillh\u00f6righeter \u2013 det handlar om att skapa ett nytt liv p\u00e5 en ny plats.<\/p>\n<p>P\u00e5 Flyto erbjuder vi ett komplett utbud av ytterligare flytttj\u00e4nster som \u00e4r utformade f\u00f6r att g\u00f6ra din \u00f6verg\u00e5ng enkel, s\u00e4ker och stressfri.<\/p>\n<p>Oavsett om du flyttar ensam, med din familj eller f\u00f6r ditt f\u00f6retags r\u00e4kning, s\u00e4kerst\u00e4ller v\u00e5rt team att varje steg i din flytt hanteras med precision och omsorg.[\/et_pb_text][\/et_pb_column][et_pb_column type=&#8221;1_2&#8243; _builder_version=&#8221;4.27.4&#8243; _module_preset=&#8221;default&#8221; global_colors_info=&#8221;{}&#8221;][et_pb_image src=&#8221;https:\/\/flyto-wp-uploads.s3.eu-north-1.amazonaws.com\/wp-content\/uploads\/sites\/82\/2025\/10\/03182819\/FLYTO_muutto_kuvaaja-Nuuti-PAananen-6_1_11zon-scaled-1.jpg&#8221; title_text=&#8221;FLYTO_muutto_kuvaaja Nuuti PAananen (6)_1_11zon&#8221; _builder_version=&#8221;4.27.4&#8243; _module_preset=&#8221;default&#8221; border_radii=&#8221;on|20px|20px|20px|20px&#8221; global_colors_info=&#8221;{}&#8221;][\/et_pb_image][\/et_pb_column][\/et_pb_row][\/et_pb_section][et_pb_section fb_built=&#8221;1&#8243; _builder_version=&#8221;4.27.4&#8243; _module_preset=&#8221;default&#8221; background_color=&#8221;#fafafa&#8221; global_colors_info=&#8221;{}&#8221;][et_pb_row _builder_version=&#8221;4.27.4&#8243; _module_preset=&#8221;default&#8221; global_colors_info=&#8221;{}&#8221;][et_pb_column type=&#8221;4_4&#8243; _builder_version=&#8221;4.27.4&#8243; _module_preset=&#8221;default&#8221; global_colors_info=&#8221;{}&#8221;][et_pb_accordion open_toggle_background_color=&#8221;RGBA(255,255,255,0)&#8221; closed_toggle_text_color=&#8221;#000000&#8243; closed_toggle_background_color=&#8221;RGBA(255,255,255,0)&#8221; icon_color=&#8221;#CD207D&#8221; _builder_version=&#8221;4.27.4&#8243; _module_preset=&#8221;default&#8221; toggle_font=&#8221;Poppins|600|||||||&#8221; toggle_font_size=&#8221;15px&#8221; body_font=&#8221;Montserrat||||||||&#8221; body_line_height=&#8221;1.8em&#8221; border_radii=&#8221;on|5px|5px|5px|5px&#8221; border_color_all=&#8221;#CD207D&#8221; global_colors_info=&#8221;{%22gcid-primary-color%22:%91%22body_quote_text_color%22,%22quote_text_color%22,%22body_quote_text_color%22,%22quote_text_color%22%93,%22gcid-secondary-color%22:%91%22icon_color%22%93,%22gcid-heading-color%22:%91%22toggle_text_color%22,%22toggle_text_color%22%93}&#8221;][et_pb_accordion_item title=&#8221;\ud83c\udfe0 Hj\u00e4lp med hems\u00f6kning&#8221; _builder_version=&#8221;4.27.4&#8243; _module_preset=&#8221;default&#8221; global_colors_info=&#8221;{}&#8221; open=&#8221;on&#8221;]<\/p>\n<p>Att hitta ett nytt hem i ett annat land kan vara utmanande \u2013 men med Flyto blir det enkelt.<\/p>\n<p>V\u00e5ra flyttexperter hj\u00e4lper dig att utforska de b\u00e4sta omr\u00e5dena, ordna visningar av fastigheter och st\u00f6dja dig genom hela hyres- eller k\u00f6pprocessen.<\/p>\n<p>Vi skr\u00e4ddarsyr varje s\u00f6kning baserat p\u00e5 din livsstil, pendling och budget, vilket s\u00e4kerst\u00e4ller att ditt nya hem k\u00e4nns perfekt fr\u00e5n dag ett.<\/p>\n<p>Inkluderar:<\/p>\n<p>&#8211; Omr\u00e5de och v\u00e4gledning f\u00f6r grannskap<\/p>\n<p>&#8211; S\u00f6kning och visning av fastigheter<\/p>\n<p>&#8211; St\u00f6d f\u00f6r hyresf\u00f6rhandlingar och dokumentation<\/p>\n<p>&#8211; Samordning av inflyttning<\/p>\n<p>[\/et_pb_accordion_item][et_pb_accordion_item title=&#8221;\ud83d\udecb\ufe0f M\u00f6belmontering och heminredning&#8221; _builder_version=&#8221;4.27.4&#8243; _module_preset=&#8221;default&#8221; global_colors_info=&#8221;{}&#8221; open=&#8221;off&#8221;]<\/p>\n<p>Vi ser till att ditt nya hem \u00e4r redo att bo i \u2013 in i minsta detalj.<br \/>V\u00e5rt team tar hand om m\u00f6belmontering, installation och installation av viktiga hush\u00e5llssystem, s\u00e5 att du kan fokusera p\u00e5 att installera dig.<\/p>\n<p>Fr\u00e5n att ordna leveranser till att koordinera installationer ser vi till att ditt hem k\u00e4nns funktionellt och bekv\u00e4mt direkt efter din flytt.<\/p>\n<p>Inkluderar:<\/p>\n<p>&#8211; M\u00f6belleverans och montering<\/p>\n<p>&#8211; Installation och justeringar av hemmet<\/p>\n<p>&#8211; St\u00e4dning och slutlig installation<\/p>\n<p>&#8211; Samordning av tj\u00e4nsteleverant\u00f6rer<\/p>\n<p>[\/et_pb_accordion_item][et_pb_accordion_item title=&#8221;\ud83d\ude97 Fordonstransporttj\u00e4nst&#8221; _builder_version=&#8221;4.27.4&#8243; _module_preset=&#8221;default&#8221; global_colors_info=&#8221;{}&#8221; open=&#8221;off&#8221;]<\/p>\n<p>Beh\u00f6ver du ta med dig din bil, motorcykel eller annat fordon?<br \/>Flyto erbjuder s\u00e4ker, p\u00e5litlig och fullf\u00f6rs\u00e4krad fordonstransport \u00f6ver gr\u00e4nserna.<br \/>V\u00e5ra experter hanterar tullklarering, logistik och leveransplanering \u2013 och s\u00e4kerst\u00e4ller att ditt fordon anl\u00e4nder s\u00e4kert och i tid.<\/p>\n<p>Inkluderar:<\/p>\n<p>&#8211; Internationell fordonsfrakt och logistik<\/p>\n<p>&#8211; H\u00e4mtning och leverans fr\u00e5n d\u00f6rr till d\u00f6rr<\/p>\n<p>&#8211; Tull- och registreringshj\u00e4lp<\/p>\n<p>&#8211; Fullst\u00e4ndig f\u00f6rs\u00e4kring<\/p>\n<p>[\/et_pb_accordion_item][et_pb_accordion_item title=&#8221;\ud83c\udfe2 S\u00e4kra f\u00f6rvaringsl\u00f6sningar&#8221; _builder_version=&#8221;4.27.4&#8243; _module_preset=&#8221;default&#8221; global_colors_info=&#8221;{}&#8221; open=&#8221;off&#8221;]<\/p>\n<p>Om du beh\u00f6ver tillf\u00e4llig eller l\u00e5ngtidsf\u00f6rvaring under din flytt erbjuder Flyto s\u00e4kra, klimatkontrollerade anl\u00e4ggningar.<\/p>\n<p>V\u00e5ra f\u00f6rvaringstj\u00e4nster \u00f6vervakas av avancerade kamerasystem och inkluderar detaljerad inventeringsdokumentation \u2013 vilket ger dig fullst\u00e4ndig sinnesro under flyttprocessen.<\/p>\n<p>Inkluderar:<\/p>\n<p>&#8211; S\u00e4ker och klimatkontrollerad f\u00f6rvaring<\/p>\n<p>&#8211; \u00d6vervakning och \u00f6vervakning dygnet runt<\/p>\n<p>&#8211; Flexibla alternativ f\u00f6r kort eller l\u00e5ng tid<\/p>\n<p>&#8211; Fullst\u00e4ndig dokumentation och \u00e5tkomst till f\u00f6rem\u00e5l p\u00e5 beg\u00e4ran<\/p>\n<p>[\/et_pb_accordion_item][et_pb_accordion_item title=&#8221;\ud83e\udd1d Etablering och lokalt st\u00f6d&#8221; open=&#8221;off&#8221; _builder_version=&#8221;4.27.4&#8243; _module_preset=&#8221;default&#8221; global_colors_info=&#8221;{}&#8221;]<\/p>\n<p>Att flytta utomlands \u00e4r mer \u00e4n logistik \u2013 det handlar om att anpassa sig till en ny livsstil.<br \/>V\u00e5ra tj\u00e4nster f\u00f6r etablering och lokalt st\u00f6d hj\u00e4lper dig och din familj att snabbt k\u00e4nna sig hemma.<br \/>Fr\u00e5n lokala registreringar och transportkort till kulturella insikter och vardagsv\u00e4gledning ser vi till att era f\u00f6rsta veckor utomlands g\u00e5r smidigt och stressfritt.<\/p>\n<p>Inkluderar:<\/p>\n<p>&#8211; Stadsorientering och praktisk v\u00e4gledning<\/p>\n<p>&#8211; Hj\u00e4lp med lokal registrering och dokumentation<\/p>\n<p>&#8211; Introduktion till sjukv\u00e5rd, transport och dagliga f\u00f6rn\u00f6denheter<\/p>\n<p>&#8211; L\u00f6neg\u00e5ende personligt st\u00f6d fr\u00e5n v\u00e5ra lokala experter<\/p>\n<p>[\/et_pb_accordion_item][et_pb_accordion_item title=&#8221;Nu f\u00e5r vi dig att r\u00f6ra p\u00e5 dig. Bokstavligen.&#8221; _builder_version=&#8221;4.27.4&#8243; _module_preset=&#8221;default&#8221; global_colors_info=&#8221;{}&#8221; open=&#8221;off&#8221;]Boka din kostnadsfria flyttbesiktning \u2013 ingen stress, inga f\u00f6rpliktelser. Vi tittar p\u00e5 det, g\u00f6r en plan och g\u00f6r din flytt till n\u00e5got f\u00f6rv\u00e5nansv\u00e4rt enkelt.<\/p>\n<p><a href=\"http:\/\/www.flytorelocation.com\/relocation-survey\">Klicka h\u00e4r f\u00f6r bokningskalendern.<\/a>[\/et_pb_accordion_item][\/et_pb_accordion][et_pb_button button_url=&#8221;@ET-DC@eyJkeW5hbWljIjp0cnVlLCJjb250ZW50IjoicG9zdF9saW5rX3VybF9wYWdlIiwic2V0dGluZ3MiOnsicG9zdF9pZCI6IjczMiIsImVuYWJsZV9odG1sIjoib2ZmIn19@&#8221; button_text=&#8221;Boka en gratis konsultation&#8221; _builder_version=&#8221;4.27.4&#8243; _dynamic_attributes=&#8221;button_url&#8221; _module_preset=&#8221;_initial&#8221; custom_button=&#8221;on&#8221; button_text_size=&#8221;16px&#8221; button_text_color=&#8221;#CD207D&#8221; button_border_color=&#8221;#CD207D&#8221; button_border_radius=&#8221;100px&#8221; button_font=&#8221;Outfit|600|||||||&#8221; button_use_icon=&#8221;off&#8221; custom_margin=&#8221;-2px||||false|false&#8221; custom_padding=&#8221;10px|26px|10px|26px|true|true&#8221; global_colors_info=&#8221;{%22gcid-f1e65d51-fa2f-4bf0-b2c1-8eab7001e8fd%22:%91%22button_text_color%22%93}&#8221;][\/et_pb_button][\/et_pb_column][\/et_pb_row][\/et_pb_section]<\/p>\n","protected":false},"excerpt":{"rendered":"<p>Omfattande flytttj\u00e4nster f\u00f6r en smidig startAtt flytta utomlands handlar om mer \u00e4n bara att transportera sina tillh\u00f6righeter \u2013 det handlar om att skapa ett nytt liv p\u00e5 en ny plats. P\u00e5 Flyto erbjuder vi ett komplett utbud av ytterligare flytttj\u00e4nster som \u00e4r utformade f\u00f6r att g\u00f6ra din \u00f6verg\u00e5ng enkel, s\u00e4ker och stressfri. Oavsett om du [&hellip;]<\/p>\n","protected":false},"author":1,"featured_media":0,"parent":0,"menu_order":0,"comment_status":"closed","ping_status":"closed","template":"","meta":{"_et_pb_use_builder":"on","_et_pb_old_content":"","_et_gb_content_width":"","footnotes":""},"class_list":["post-9","page","type-page","status-publish","hentry"],"yoast_head":"<!-- This site is optimized with the Yoast SEO plugin v26.3 - https:\/\/yoast.com\/wordpress\/plugins\/seo\/ -->\n<title>Relocation services - Flyto Relocation Svenska<\/title>\n<meta name=\"robots\" content=\"index, follow, max-snippet:-1, max-image-preview:large, max-video-preview:-1\" \/>\n<link rel=\"canonical\" href=\"https:\/\/flytorelocation.com\/se-se\/relocation-services\/\" \/>\n<meta property=\"og:locale\" content=\"fi_FI\" \/>\n<meta property=\"og:type\" content=\"article\" \/>\n<meta property=\"og:title\" content=\"Relocation services - Flyto Relocation Svenska\" \/>\n<meta property=\"og:description\" content=\"Omfattande flytttj\u00e4nster f\u00f6r en smidig startAtt flytta utomlands handlar om mer \u00e4n bara att transportera sina tillh\u00f6righeter \u2013 det handlar om att skapa ett nytt liv p\u00e5 en ny plats. P\u00e5 Flyto erbjuder vi ett komplett utbud av ytterligare flytttj\u00e4nster som \u00e4r utformade f\u00f6r att g\u00f6ra din \u00f6verg\u00e5ng enkel, s\u00e4ker och stressfri. Oavsett om du [&hellip;]\" \/>\n<meta property=\"og:url\" content=\"https:\/\/flytorelocation.com\/se-se\/relocation-services\/\" \/>\n<meta property=\"og:site_name\" content=\"Flyto Relocation Svenska\" \/>\n<meta property=\"article:modified_time\" content=\"2026-01-04T11:22:57+00:00\" \/>\n<meta name=\"twitter:card\" content=\"summary_large_image\" \/>\n<meta name=\"twitter:label1\" content=\"Arvioitu lukuaika\" \/>\n\t<meta name=\"twitter:data1\" content=\"7 minuuttia\" \/>\n<script type=\"application\/ld+json\" class=\"yoast-schema-graph\">{\"@context\":\"https:\/\/schema.org\",\"@graph\":[{\"@type\":\"WebPage\",\"@id\":\"https:\/\/flytorelocation.com\/se-se\/relocation-services\/\",\"url\":\"https:\/\/flytorelocation.com\/se-se\/relocation-services\/\",\"name\":\"Relocation services - Flyto Relocation Svenska\",\"isPartOf\":{\"@id\":\"https:\/\/flytorelocation.com\/se-se\/#website\"},\"datePublished\":\"2025-10-22T17:37:33+00:00\",\"dateModified\":\"2026-01-04T11:22:57+00:00\",\"breadcrumb\":{\"@id\":\"https:\/\/flytorelocation.com\/se-se\/relocation-services\/#breadcrumb\"},\"inLanguage\":\"fi\",\"potentialAction\":[{\"@type\":\"ReadAction\",\"target\":[\"https:\/\/flytorelocation.com\/se-se\/relocation-services\/\"]}]},{\"@type\":\"BreadcrumbList\",\"@id\":\"https:\/\/flytorelocation.com\/se-se\/relocation-services\/#breadcrumb\",\"itemListElement\":[{\"@type\":\"ListItem\",\"position\":1,\"name\":\"Etusivu\",\"item\":\"https:\/\/flytorelocation.com\/se-se\/\"},{\"@type\":\"ListItem\",\"position\":2,\"name\":\"Relocation services\"}]},{\"@type\":\"WebSite\",\"@id\":\"https:\/\/flytorelocation.com\/se-se\/#website\",\"url\":\"https:\/\/flytorelocation.com\/se-se\/\",\"name\":\"Flyto Relocation Svenska\",\"description\":\"\",\"publisher\":{\"@id\":\"https:\/\/flytorelocation.com\/se-se\/#organization\"},\"potentialAction\":[{\"@type\":\"SearchAction\",\"target\":{\"@type\":\"EntryPoint\",\"urlTemplate\":\"https:\/\/flytorelocation.com\/se-se\/?s={search_term_string}\"},\"query-input\":{\"@type\":\"PropertyValueSpecification\",\"valueRequired\":true,\"valueName\":\"search_term_string\"}}],\"inLanguage\":\"fi\"},{\"@type\":\"Organization\",\"@id\":\"https:\/\/flytorelocation.com\/se-se\/#organization\",\"name\":\"Flyto Relocation Svenska\",\"url\":\"https:\/\/flytorelocation.com\/se-se\/\",\"logo\":{\"@type\":\"ImageObject\",\"inLanguage\":\"fi\",\"@id\":\"https:\/\/flytorelocation.com\/se-se\/#\/schema\/logo\/image\/\",\"url\":\"https:\/\/flyto-wp-uploads.s3.eu-north-1.amazonaws.com\/wp-content\/uploads\/sites\/82\/2025\/10\/13130143\/Flyto-col.png\",\"contentUrl\":\"https:\/\/flyto-wp-uploads.s3.eu-north-1.amazonaws.com\/wp-content\/uploads\/sites\/82\/2025\/10\/13130143\/Flyto-col.png\",\"width\":618,\"height\":337,\"caption\":\"Flyto Relocation Svenska\"},\"image\":{\"@id\":\"https:\/\/flytorelocation.com\/se-se\/#\/schema\/logo\/image\/\"}}]}<\/script>\n<!-- \/ Yoast SEO plugin. -->","yoast_head_json":{"title":"Relocation services - Flyto Relocation Svenska","robots":{"index":"index","follow":"follow","max-snippet":"max-snippet:-1","max-image-preview":"max-image-preview:large","max-video-preview":"max-video-preview:-1"},"canonical":"https:\/\/flytorelocation.com\/se-se\/relocation-services\/","og_locale":"fi_FI","og_type":"article","og_title":"Relocation services - Flyto Relocation Svenska","og_description":"Omfattande flytttj\u00e4nster f\u00f6r en smidig startAtt flytta utomlands handlar om mer \u00e4n bara att transportera sina tillh\u00f6righeter \u2013 det handlar om att skapa ett nytt liv p\u00e5 en ny plats. P\u00e5 Flyto erbjuder vi ett komplett utbud av ytterligare flytttj\u00e4nster som \u00e4r utformade f\u00f6r att g\u00f6ra din \u00f6verg\u00e5ng enkel, s\u00e4ker och stressfri. Oavsett om du [&hellip;]","og_url":"https:\/\/flytorelocation.com\/se-se\/relocation-services\/","og_site_name":"Flyto Relocation Svenska","article_modified_time":"2026-01-04T11:22:57+00:00","twitter_card":"summary_large_image","twitter_misc":{"Arvioitu lukuaika":"7 minuuttia"},"schema":{"@context":"https:\/\/schema.org","@graph":[{"@type":"WebPage","@id":"https:\/\/flytorelocation.com\/se-se\/relocation-services\/","url":"https:\/\/flytorelocation.com\/se-se\/relocation-services\/","name":"Relocation services - Flyto Relocation Svenska","isPartOf":{"@id":"https:\/\/flytorelocation.com\/se-se\/#website"},"datePublished":"2025-10-22T17:37:33+00:00","dateModified":"2026-01-04T11:22:57+00:00","breadcrumb":{"@id":"https:\/\/flytorelocation.com\/se-se\/relocation-services\/#breadcrumb"},"inLanguage":"fi","potentialAction":[{"@type":"ReadAction","target":["https:\/\/flytorelocation.com\/se-se\/relocation-services\/"]}]},{"@type":"BreadcrumbList","@id":"https:\/\/flytorelocation.com\/se-se\/relocation-services\/#breadcrumb","itemListElement":[{"@type":"ListItem","position":1,"name":"Etusivu","item":"https:\/\/flytorelocation.com\/se-se\/"},{"@type":"ListItem","position":2,"name":"Relocation services"}]},{"@type":"WebSite","@id":"https:\/\/flytorelocation.com\/se-se\/#website","url":"https:\/\/flytorelocation.com\/se-se\/","name":"Flyto Relocation Svenska","description":"","publisher":{"@id":"https:\/\/flytorelocation.com\/se-se\/#organization"},"potentialAction":[{"@type":"SearchAction","target":{"@type":"EntryPoint","urlTemplate":"https:\/\/flytorelocation.com\/se-se\/?s={search_term_string}"},"query-input":{"@type":"PropertyValueSpecification","valueRequired":true,"valueName":"search_term_string"}}],"inLanguage":"fi"},{"@type":"Organization","@id":"https:\/\/flytorelocation.com\/se-se\/#organization","name":"Flyto Relocation Svenska","url":"https:\/\/flytorelocation.com\/se-se\/","logo":{"@type":"ImageObject","inLanguage":"fi","@id":"https:\/\/flytorelocation.com\/se-se\/#\/schema\/logo\/image\/","url":"https:\/\/flyto-wp-uploads.s3.eu-north-1.amazonaws.com\/wp-content\/uploads\/sites\/82\/2025\/10\/13130143\/Flyto-col.png","contentUrl":"https:\/\/flyto-wp-uploads.s3.eu-north-1.amazonaws.com\/wp-content\/uploads\/sites\/82\/2025\/10\/13130143\/Flyto-col.png","width":618,"height":337,"caption":"Flyto Relocation Svenska"},"image":{"@id":"https:\/\/flytorelocation.com\/se-se\/#\/schema\/logo\/image\/"}}]}},"acf":[],"_links":{"self":[{"href":"https:\/\/flytorelocation.com\/se-se\/wp-json\/wp\/v2\/pages\/9","targetHints":{"allow":["GET"]}}],"collection":[{"href":"https:\/\/flytorelocation.com\/se-se\/wp-json\/wp\/v2\/pages"}],"about":[{"href":"https:\/\/flytorelocation.com\/se-se\/wp-json\/wp\/v2\/types\/page"}],"author":[{"embeddable":true,"href":"https:\/\/flytorelocation.com\/se-se\/wp-json\/wp\/v2\/users\/1"}],"replies":[{"embeddable":true,"href":"https:\/\/flytorelocation.com\/se-se\/wp-json\/wp\/v2\/comments?post=9"}],"version-history":[{"count":2,"href":"https:\/\/flytorelocation.com\/se-se\/wp-json\/wp\/v2\/pages\/9\/revisions"}],"predecessor-version":[{"id":1341,"href":"https:\/\/flytorelocation.com\/se-se\/wp-json\/wp\/v2\/pages\/9\/revisions\/1341"}],"wp:attachment":[{"href":"https:\/\/flytorelocation.com\/se-se\/wp-json\/wp\/v2\/media?parent=9"}],"curies":[{"name":"wp","href":"https:\/\/api.w.org\/{rel}","templated":true}]}}