{"id":733,"date":"2025-10-17T19:02:33","date_gmt":"2025-10-17T16:02:33","guid":{"rendered":"https:\/\/flytorelocation.com\/se-se\/fi\/?page_id=90"},"modified":"2026-01-16T16:09:53","modified_gmt":"2026-01-16T14:09:53","slug":"blog","status":"publish","type":"page","link":"https:\/\/flytorelocation.com\/se-se\/blog\/","title":{"rendered":"FAQ"},"content":{"rendered":"<p>[et_pb_section fb_built=&#8221;1&#8243; _builder_version=&#8221;4.27.4&#8243; _module_preset=&#8221;default&#8221; custom_padding=&#8221;35px||35px||true|false&#8221; global_colors_info=&#8221;{}&#8221;][et_pb_row _builder_version=&#8221;4.27.4&#8243; _module_preset=&#8221;default&#8221; custom_padding=&#8221;0px||0px||true|false&#8221; global_colors_info=&#8221;{}&#8221;][et_pb_column type=&#8221;4_4&#8243; _builder_version=&#8221;4.27.4&#8243; _module_preset=&#8221;default&#8221; global_colors_info=&#8221;{}&#8221;][et_pb_heading title=&#8221;Vanliga fr\u00e5gor&#8221; _builder_version=&#8221;4.27.4&#8243; _module_preset=&#8221;_initial&#8221; title_font=&#8221;Flyto oma||||||||&#8221; title_text_color=&#8221;#CD207D&#8221; title_font_size=&#8221;62px&#8221; custom_margin=&#8221;||10px||false|false&#8221; custom_margin_tablet=&#8221;||10px||false|false&#8221; custom_margin_phone=&#8221;||10px||false|false&#8221; custom_margin_last_edited=&#8221;on|phone&#8221; custom_padding_tablet=&#8221;&#8221; custom_padding_phone=&#8221;0px||||false|false&#8221; custom_padding_last_edited=&#8221;on|phone&#8221; title_font_size_tablet=&#8221;40px&#8221; title_font_size_phone=&#8221;30px&#8221; title_font_size_last_edited=&#8221;on|phone&#8221; locked=&#8221;off&#8221; global_colors_info=&#8221;{}&#8221;][\/et_pb_heading][\/et_pb_column][\/et_pb_row][\/et_pb_section][et_pb_section fb_built=&#8221;1&#8243; admin_label=&#8221;Header&#8221; _builder_version=&#8221;4.27.4&#8243; _module_preset=&#8221;default&#8221; custom_padding=&#8221;0px||||false|false&#8221; collapsed=&#8221;on&#8221; global_colors_info=&#8221;{}&#8221;][et_pb_row column_structure=&#8221;1_2,1_2&#8243; _builder_version=&#8221;4.27.4&#8243; _module_preset=&#8221;default&#8221; global_colors_info=&#8221;{}&#8221;][et_pb_column type=&#8221;1_2&#8243; _builder_version=&#8221;4.22.0&#8243; _module_preset=&#8221;default&#8221; global_colors_info=&#8221;{}&#8221;][et_pb_heading title=&#8221;V\u00e5ra VD-svar: sanningen (och myterna) om att flytta utomlands&#8221; _builder_version=&#8221;4.27.4&#8243; _module_preset=&#8221;_initial&#8221; title_font=&#8221;Flyto oma||||||||&#8221; title_text_align=&#8221;left&#8221; title_text_color=&#8221;#CD207D&#8221; title_line_height=&#8221;1.1em&#8221; custom_margin=&#8221;-4px||||false|false&#8221; custom_margin_tablet=&#8221;0px||||false|false&#8221; custom_margin_phone=&#8221;||||false|false&#8221; custom_margin_last_edited=&#8221;on|phone&#8221; custom_padding=&#8221;||||false|false&#8221; custom_padding_tablet=&#8221;||||false|false&#8221; custom_padding_phone=&#8221;||||false|false&#8221; custom_padding_last_edited=&#8221;on|phone&#8221; title_font_size_phone=&#8221;29px&#8221; global_colors_info=&#8221;{}&#8221;][\/et_pb_heading][et_pb_text _builder_version=&#8221;4.27.4&#8243; _module_preset=&#8221;_initial&#8221; text_font=&#8221;Montserrat||||||||&#8221; text_line_height=&#8221;1.8em&#8221; custom_margin=&#8221;-20px||||false|false&#8221; global_colors_info=&#8221;{}&#8221;]<\/p>\n<p><strong data-start=\"867\" data-end=\"928\">Vi vet vad du t\u00e4nker \u2013 och vi har svaren.<\/strong><\/p>\n<p>Att flytta utomlands kommer med fr\u00e5gor, sp\u00e4nning och kanske lite panik. Oroa dig inte \u2013 v\u00e5r VD har h\u00f6rt dem alla (och svarat med ett leende).<\/p>\n<p>[\/et_pb_text][\/et_pb_column][et_pb_column type=&#8221;1_2&#8243; _builder_version=&#8221;4.22.0&#8243; _module_preset=&#8221;default&#8221; global_colors_info=&#8221;{}&#8221;][et_pb_image src=&#8221;https:\/\/flyto-wp-uploads.s3.eu-north-1.amazonaws.com\/wp-content\/uploads\/sites\/82\/2025\/11\/13095224\/Groweo_Flyto_1-scaled.jpg&#8221; title_text=&#8221;Groweo_Flyto_1&#8243; _builder_version=&#8221;4.27.4&#8243; _module_preset=&#8221;default&#8221; border_radii=&#8221;on|5px|5px|5px|5px&#8221; global_colors_info=&#8221;{}&#8221;][\/et_pb_image][\/et_pb_column][\/et_pb_row][et_pb_row _builder_version=&#8221;4.27.4&#8243; _module_preset=&#8221;default&#8221; min_height=&#8221;1132px&#8221; custom_margin=&#8221;||||false|false&#8221; global_colors_info=&#8221;{}&#8221;][et_pb_column type=&#8221;4_4&#8243; _builder_version=&#8221;4.27.4&#8243; _module_preset=&#8221;default&#8221; global_colors_info=&#8221;{}&#8221;][et_pb_accordion open_toggle_background_color=&#8221;RGBA(255,255,255,0)&#8221; closed_toggle_text_color=&#8221;#000000&#8243; closed_toggle_background_color=&#8221;RGBA(255,255,255,0)&#8221; icon_color=&#8221;#CD207D&#8221; _builder_version=&#8221;4.27.4&#8243; _module_preset=&#8221;default&#8221; toggle_font=&#8221;Poppins|600|||||||&#8221; toggle_font_size=&#8221;15px&#8221; body_font=&#8221;Montserrat||||||||&#8221; body_line_height=&#8221;1.8em&#8221; border_radii=&#8221;on|5px|5px|5px|5px&#8221; border_color_all=&#8221;#CD207D&#8221; global_colors_info=&#8221;{%22gcid-primary-color%22:%91%22body_quote_text_color%22,%22quote_text_color%22,%22body_quote_text_color%22,%22quote_text_color%22%93,%22gcid-secondary-color%22:%91%22icon_color%22%93,%22gcid-heading-color%22:%91%22toggle_text_color%22,%22toggle_text_color%22%93}&#8221;][et_pb_accordion_item title=&#8221;Var \u00e4rlig\u2026 \u00e4r det verkligen s\u00e5 stressigt att flytta utomlands?&#8221; open=&#8221;on&#8221; _builder_version=&#8221;4.27.4&#8243; _module_preset=&#8221;default&#8221; global_colors_info=&#8221;{}&#8221;]Bara om du g\u00f6r det utan Flyto! T\u00e4nk p\u00e5 oss som din personliga flyttkonsult \u2013 vi planerar, packar, skickar och levererar medan du planerar ditt nya favoritkaf\u00e9 i Lissabon.<br \/>\nV\u00e5rt jobb \u00e4r att g\u00f6ra din flytt s\u00e5 smidig att du, n\u00e4r du v\u00e4l packar upp, undrar om det var teleportering inblandat.[\/et_pb_accordion_item][et_pb_accordion_item title=&#8221;Hur s\u00e4kra \u00e4r mina tillh\u00f6righeter egentligen?&#8221; _builder_version=&#8221;4.27.4&#8243; _module_preset=&#8221;default&#8221; global_colors_info=&#8221;{}&#8221; open=&#8221;off&#8221;]S\u00e4krare \u00e4n ett hemligt recept i ett schweiziskt valv. Varje Flyto-fordon har GPS-sp\u00e5rning, inbyggda kameror och s\u00e4kra lastningssystem \u2013 eftersom vi vill veta var din soffa \u00e4r klockan 3:00 p\u00e5 morgonen, \u00e4ven om du inte g\u00f6r det.<br \/>\nVi packar allt som om det vore en kunglig resa. Oavsett om det \u00e4r \u00e5rg\u00e5ngsvin eller ditt barns f\u00f6rsta nallebj\u00f6rn \u2013 allt behandlas som en skatt.[\/et_pb_accordion_item][et_pb_accordion_item title=&#8221;Jag har inte ens ett nytt hem \u00e4n \u2013 hur fungerar det?&#8221; _builder_version=&#8221;4.27.4&#8243; _module_preset=&#8221;default&#8221; global_colors_info=&#8221;{}&#8221; open=&#8221;off&#8221;]Enkelt. Du slappnar av, s\u00e5 hittar vi det \u00e5t dig. V\u00e5rt team f\u00f6r bostadss\u00f6kning utforskar grannskap, kontrollerar bostadsannonser, g\u00f6r virtuella turer och hanterar till och med pappersarbetet. Du godk\u00e4nner bara din favorit fr\u00e5n bekv\u00e4mligheten av din nuvarande soffa.<br \/>\nN\u00e4r du anl\u00e4nder v\u00e4ntar ditt nya hem \u2013 Wi-Fi p\u00e5slaget, gardiner upph\u00e4ngda och kanske till och med en v\u00e4lkomstv\u00e4xt. \ud83c\udf3f[\/et_pb_accordion_item][et_pb_accordion_item title=&#8221;Kan du \u00e4ven hantera stora f\u00f6retagsflyttar?&#8221; _builder_version=&#8221;4.27.4&#8243; _module_preset=&#8221;default&#8221; global_colors_info=&#8221;{}&#8221; open=&#8221;off&#8221;]Absolut. Vi flyttar chefer, hela team och ibland till och med kontorets kaffemaskin \u2013 allt utan att bryta en deadline.<br \/>\nVi ser till att era anst\u00e4llda anl\u00e4nder redo att b\u00f6rja, inte redo att \u00e5terh\u00e4mta sig. F\u00f6r bra f\u00f6retag f\u00f6rtj\u00e4nar bra omplaceringar.[\/et_pb_accordion_item][et_pb_accordion_item title=&#8221;S\u00e5 vad g\u00f6r egentligen Flyto annorlunda?&#8221; _builder_version=&#8221;4.27.4&#8243; _module_preset=&#8221;default&#8221; global_colors_info=&#8221;{}&#8221; open=&#8221;off&#8221;]Tre saker: v\u00e5ra medarbetare, v\u00e5r precision och v\u00e5r besatthet av sinnesro.<br \/>\nVi har det b\u00e4sta n\u00e4tverket i hela Europa, sp\u00e5rar varje f\u00f6rs\u00e4ndelse som en h\u00f6k och bryr oss verkligen om din upplevelse. Vi flyttar inte bara l\u00e5dor \u2013 vi flyttar liv. Och vi tar det p\u00e5 allvar\u2026 men inte f\u00f6r allvarligt.[\/et_pb_accordion_item][et_pb_accordion_item title=&#8221;M\u00e5ste jag betala allt i f\u00f6rskott?&#8221; _builder_version=&#8221;4.27.4&#8243; _module_preset=&#8221;default&#8221; global_colors_info=&#8221;{}&#8221; open=&#8221;off&#8221;]Nej, inte alls. Med Flyto betalar du aldrig innan n\u00e5got h\u00e4nder. Betalningar g\u00f6rs endast vid lastningstillf\u00e4llet \u2013 n\u00e4r din flytt faktiskt \u00e4ger rum. Vi tror p\u00e5 f\u00f6rtroende, transparens och r\u00e4ttvisa. Du ser kvaliteten innan du betalar f\u00f6r den.[\/et_pb_accordion_item][et_pb_accordion_item title=&#8221;Hur l\u00e5ng tid tar en internationell flytt vanligtvis?&#8221; _builder_version=&#8221;4.27.4&#8243; _module_preset=&#8221;default&#8221; global_colors_info=&#8221;{}&#8221; open=&#8221;off&#8221;]Vanligtvis mycket kortare tid \u00e4n folk tror. De flesta internationella flyttar inom Europa tar bara n\u00e5gra dagar \u2013 upp till h\u00f6gst en vecka, om det inte finns n\u00e5gon f\u00f6rvaring d\u00e4remellan.<\/p>\n<p>V\u00e5ra rutter \u00e4r optimerade och v\u00e5ra team samordnade, s\u00e5 dina tillh\u00f6righeter kommer fram snabbt, s\u00e4kert och enligt tidtabellen.[\/et_pb_accordion_item][et_pb_accordion_item title=&#8221;Kan jag sp\u00e5ra min f\u00f6rs\u00e4ndelse?&#8221; _builder_version=&#8221;4.27.4&#8243; _module_preset=&#8221;default&#8221; global_colors_info=&#8221;{}&#8221; open=&#8221;off&#8221;]Absolut. Varje Flyto-f\u00f6rflyttning dokumenteras och sp\u00e5ras digitalt fr\u00e5n b\u00f6rjan till slut. Du f\u00e5r en GPS-sp\u00e5rningsl\u00e4nk i din telefon s\u00e5 att du kan checka in n\u00e4r som helst.[\/et_pb_accordion_item][et_pb_accordion_item title=&#8221;Vad g\u00e4ller tull, skatter och pappersarbete?&#8221; _builder_version=&#8221;4.27.4&#8243; _module_preset=&#8221;default&#8221; global_colors_info=&#8221;{}&#8221; open=&#8221;off&#8221;]Det \u00e4r d\u00e4r vi gl\u00e4nser. Flyto hanterar blanketter, godk\u00e4nnanden och byr\u00e5kratiska \u00f6vningar s\u00e5 att du slipper.<br \/>\nVi vet vilka blanketter som \u00e4r viktiga, vilka som inte \u00e4r det, och vilka som kr\u00e4ver en extra underskrift i tre exemplar \u2013 och vi har dem alla redo.[\/et_pb_accordion_item][et_pb_accordion_item title=&#8221;Vad h\u00e4nder om n\u00e5got skadas eller f\u00f6rloras?&#8221; _builder_version=&#8221;4.27.4&#8243; _module_preset=&#8221;default&#8221; global_colors_info=&#8221;{}&#8221; open=&#8221;off&#8221;]Sedan fixar vi det \u2013 snabbt. Men f\u00f6rst f\u00f6rhindrar vi det. Allt vi flyttar packas, fotograferas och dokumenteras enligt v\u00e5rt s\u00e4kerhetsprotokoll.<br \/>\nI de s\u00e4llsynta fall att n\u00e5got g\u00e5r fel \u00e4r v\u00e5r f\u00f6rs\u00e4krings- och skadeprocess snabb, r\u00e4ttvis och hanteras personligen.[\/et_pb_accordion_item][et_pb_accordion_item title=&#8221;Kan jag v\u00e4lja vilka tj\u00e4nster jag beh\u00f6ver?&#8221; _builder_version=&#8221;4.27.4&#8243; _module_preset=&#8221;default&#8221; global_colors_info=&#8221;{}&#8221; open=&#8221;off&#8221;]Sj\u00e4lvklart. Du kan v\u00e4lja exakt vad du vill \u2013 fr\u00e5n en komplett flyttservice till bara transport.<br \/>\nT\u00e4nk dig det som en premiummeny: packning, tull, huss\u00f6kning, m\u00f6belmontering, till och med f\u00f6rvaring. Du v\u00e4ljer, vi levererar.[\/et_pb_accordion_item][et_pb_accordion_item title=&#8221;Hur mycket kostar en internationell flytt egentligen?&#8221; _builder_version=&#8221;4.27.4&#8243; _module_preset=&#8221;default&#8221; global_colors_info=&#8221;{}&#8221; open=&#8221;off&#8221;]Mindre stress \u00e4n att g\u00f6ra det ensam \u2013 och mer transparent \u00e4n du f\u00f6rv\u00e4ntar dig. Varje flytt \u00e4r unik, men p\u00e5 Flyto baserar vi priss\u00e4ttningen p\u00e5 avst\u00e5nd, volym och tj\u00e4nster \u2013 inte \u00f6verraskningar. Du f\u00e5r alltid en tydlig, specificerad offert innan n\u00e5got p\u00e5b\u00f6rjas, s\u00e5 att du vet exakt vad du betalar f\u00f6r. Och eftersom allt hanteras av ett samordnat team finns det inga dolda \u00f6verl\u00e4mningsavgifter mellan l\u00e4nder \u2013 bara en smidig och p\u00e5litlig process fr\u00e5n b\u00f6rjan till slut.[\/et_pb_accordion_item][et_pb_accordion_item title=&#8221;Hj\u00e4lper du \u00e4ven till med husdjur, bilar eller f\u00f6rvaring?&#8221; _builder_version=&#8221;4.27.4&#8243; _module_preset=&#8221;default&#8221; global_colors_info=&#8221;{}&#8221; open=&#8221;off&#8221;]Ja till alla tre. Vi samarbetar med betrodda specialister f\u00f6r husdjurstransporter, fordonsfrakt och s\u00e4ker f\u00f6rvaring. Din bil, din katt eller ditt konsertpiano \u2013 vi har flyttat dem alla s\u00e4kert (men inte i samma lastbil).[\/et_pb_accordion_item][et_pb_accordion_item title=&#8221;Kan ni hj\u00e4lpa till med lokala registreringar eller installation av el och vatten?&#8221; _builder_version=&#8221;4.27.4&#8243; _module_preset=&#8221;default&#8221; global_colors_info=&#8221;{}&#8221; open=&#8221;off&#8221;]Definitivt. V\u00e5ra flyttexperter hj\u00e4lper till med stadsregistrering, anslutningar till el, internet \u2013 alla de &#8221;sm\u00e5 sakerna&#8221; som kan bli stora huvudbry.<br \/>\nN\u00e4r vi s\u00e4ger d\u00f6rr-till-d\u00f6rr, menar vi det.[\/et_pb_accordion_item][et_pb_accordion_item title=&#8221;Hur vet jag att min flytt kommer att g\u00e5 smidigt?&#8221; _builder_version=&#8221;4.27.4&#8243; _module_preset=&#8221;default&#8221; global_colors_info=&#8221;{}&#8221; open=&#8221;off&#8221;]F\u00f6r det \u00e4r v\u00e5rt jobb. Vi planerar, f\u00f6rbereder och kommunicerar varje steg p\u00e5 v\u00e4gen.<br \/>\nBakom kulisserna finns ett helt Flyto-team som koordinerar din f\u00f6rflyttning, precis som flygtrafikledningen \u2013 tyst, precist och redo f\u00f6r allt.[\/et_pb_accordion_item][et_pb_accordion_item title=&#8221;Okej, jag \u00e4r \u00f6vertygad. Vad h\u00e4nder nu?&#8221; _builder_version=&#8221;4.27.4&#8243; _module_preset=&#8221;default&#8221; global_colors_info=&#8221;{}&#8221; open=&#8221;off&#8221;]<\/p>\n<p>Enkelt \u2013 klicka nedan, boka din kostnadsfria konsultation och l\u00e5t oss b\u00f6rja planera din flytt. Du ber\u00e4ttar vart du ska, s\u00e5 tar vi hand om resten.<br \/>Och ja \u2013 vi lovar att det till och med blir roligt.<\/p>\n<p>[\/et_pb_accordion_item][\/et_pb_accordion][et_pb_button button_url=&#8221;@ET-DC@eyJkeW5hbWljIjp0cnVlLCJjb250ZW50IjoicG9zdF9saW5rX3VybF9wYWdlIiwic2V0dGluZ3MiOnsicG9zdF9pZCI6IjczNSJ9fQ==@&#8221; button_text=&#8221;Boka en gratis konsultation&#8221; _builder_version=&#8221;4.27.4&#8243; _dynamic_attributes=&#8221;button_url&#8221; _module_preset=&#8221;_initial&#8221; custom_button=&#8221;on&#8221; button_text_size=&#8221;16px&#8221; button_text_color=&#8221;#CD207D&#8221; button_border_color=&#8221;#CD207D&#8221; button_border_radius=&#8221;100px&#8221; button_font=&#8221;Outfit|600|||||||&#8221; button_use_icon=&#8221;off&#8221; custom_margin=&#8221;-2px||||false|false&#8221; custom_padding=&#8221;10px|26px|10px|26px|true|true&#8221; global_colors_info=&#8221;{%22gcid-f1e65d51-fa2f-4bf0-b2c1-8eab7001e8fd%22:%91%22button_text_color%22%93}&#8221;][\/et_pb_button][\/et_pb_column][\/et_pb_row][\/et_pb_section]<\/p>\n","protected":false},"excerpt":{"rendered":"<p>Vi vet vad du t\u00e4nker \u2013 och vi har svaren. Att flytta utomlands kommer med fr\u00e5gor, sp\u00e4nning och kanske lite panik. Oroa dig inte \u2013 v\u00e5r VD har h\u00f6rt dem alla (och svarat med ett leende).Bara om du g\u00f6r det utan Flyto! T\u00e4nk p\u00e5 oss som din personliga flyttkonsult \u2013 vi planerar, packar, skickar och [&hellip;]<\/p>\n","protected":false},"author":1,"featured_media":0,"parent":0,"menu_order":0,"comment_status":"closed","ping_status":"closed","template":"","meta":{"_et_pb_use_builder":"on","_et_pb_old_content":"","_et_gb_content_width":"","footnotes":""},"class_list":["post-733","page","type-page","status-publish","hentry"],"yoast_head":"<!-- This site is optimized with the Yoast SEO plugin v26.3 - https:\/\/yoast.com\/wordpress\/plugins\/seo\/ -->\n<title>FAQ - Flyto Relocation Svenska<\/title>\n<meta name=\"robots\" content=\"index, follow, max-snippet:-1, max-image-preview:large, max-video-preview:-1\" \/>\n<link rel=\"canonical\" href=\"https:\/\/flytorelocation.com\/se-se\/blog\/\" \/>\n<meta property=\"og:locale\" content=\"fi_FI\" \/>\n<meta property=\"og:type\" content=\"article\" \/>\n<meta property=\"og:title\" content=\"FAQ - Flyto Relocation Svenska\" \/>\n<meta property=\"og:description\" content=\"Vi vet vad du t\u00e4nker \u2013 och vi har svaren. Att flytta utomlands kommer med fr\u00e5gor, sp\u00e4nning och kanske lite panik. Oroa dig inte \u2013 v\u00e5r VD har h\u00f6rt dem alla (och svarat med ett leende).Bara om du g\u00f6r det utan Flyto! T\u00e4nk p\u00e5 oss som din personliga flyttkonsult \u2013 vi planerar, packar, skickar och [&hellip;]\" \/>\n<meta property=\"og:url\" content=\"https:\/\/flytorelocation.com\/se-se\/blog\/\" \/>\n<meta property=\"og:site_name\" content=\"Flyto Relocation Svenska\" \/>\n<meta property=\"article:modified_time\" content=\"2026-01-16T14:09:53+00:00\" \/>\n<meta name=\"twitter:card\" content=\"summary_large_image\" \/>\n<meta name=\"twitter:label1\" content=\"Arvioitu lukuaika\" \/>\n\t<meta name=\"twitter:data1\" content=\"9 minuuttia\" \/>\n<script type=\"application\/ld+json\" class=\"yoast-schema-graph\">{\"@context\":\"https:\/\/schema.org\",\"@graph\":[{\"@type\":\"WebPage\",\"@id\":\"https:\/\/flytorelocation.com\/se-se\/blog\/\",\"url\":\"https:\/\/flytorelocation.com\/se-se\/blog\/\",\"name\":\"FAQ - Flyto Relocation Svenska\",\"isPartOf\":{\"@id\":\"https:\/\/flytorelocation.com\/se-se\/#website\"},\"datePublished\":\"2025-10-17T16:02:33+00:00\",\"dateModified\":\"2026-01-16T14:09:53+00:00\",\"breadcrumb\":{\"@id\":\"https:\/\/flytorelocation.com\/se-se\/blog\/#breadcrumb\"},\"inLanguage\":\"fi\",\"potentialAction\":[{\"@type\":\"ReadAction\",\"target\":[\"https:\/\/flytorelocation.com\/se-se\/blog\/\"]}]},{\"@type\":\"BreadcrumbList\",\"@id\":\"https:\/\/flytorelocation.com\/se-se\/blog\/#breadcrumb\",\"itemListElement\":[{\"@type\":\"ListItem\",\"position\":1,\"name\":\"Etusivu\",\"item\":\"https:\/\/flytorelocation.com\/se-se\/\"},{\"@type\":\"ListItem\",\"position\":2,\"name\":\"FAQ\"}]},{\"@type\":\"WebSite\",\"@id\":\"https:\/\/flytorelocation.com\/se-se\/#website\",\"url\":\"https:\/\/flytorelocation.com\/se-se\/\",\"name\":\"Flyto Relocation Svenska\",\"description\":\"\",\"publisher\":{\"@id\":\"https:\/\/flytorelocation.com\/se-se\/#organization\"},\"potentialAction\":[{\"@type\":\"SearchAction\",\"target\":{\"@type\":\"EntryPoint\",\"urlTemplate\":\"https:\/\/flytorelocation.com\/se-se\/?s={search_term_string}\"},\"query-input\":{\"@type\":\"PropertyValueSpecification\",\"valueRequired\":true,\"valueName\":\"search_term_string\"}}],\"inLanguage\":\"fi\"},{\"@type\":\"Organization\",\"@id\":\"https:\/\/flytorelocation.com\/se-se\/#organization\",\"name\":\"Flyto Relocation Svenska\",\"url\":\"https:\/\/flytorelocation.com\/se-se\/\",\"logo\":{\"@type\":\"ImageObject\",\"inLanguage\":\"fi\",\"@id\":\"https:\/\/flytorelocation.com\/se-se\/#\/schema\/logo\/image\/\",\"url\":\"https:\/\/flyto-wp-uploads.s3.eu-north-1.amazonaws.com\/wp-content\/uploads\/sites\/82\/2025\/10\/13130143\/Flyto-col.png\",\"contentUrl\":\"https:\/\/flyto-wp-uploads.s3.eu-north-1.amazonaws.com\/wp-content\/uploads\/sites\/82\/2025\/10\/13130143\/Flyto-col.png\",\"width\":618,\"height\":337,\"caption\":\"Flyto Relocation Svenska\"},\"image\":{\"@id\":\"https:\/\/flytorelocation.com\/se-se\/#\/schema\/logo\/image\/\"}}]}<\/script>\n<!-- \/ Yoast SEO plugin. -->","yoast_head_json":{"title":"FAQ - Flyto Relocation Svenska","robots":{"index":"index","follow":"follow","max-snippet":"max-snippet:-1","max-image-preview":"max-image-preview:large","max-video-preview":"max-video-preview:-1"},"canonical":"https:\/\/flytorelocation.com\/se-se\/blog\/","og_locale":"fi_FI","og_type":"article","og_title":"FAQ - Flyto Relocation Svenska","og_description":"Vi vet vad du t\u00e4nker \u2013 och vi har svaren. Att flytta utomlands kommer med fr\u00e5gor, sp\u00e4nning och kanske lite panik. Oroa dig inte \u2013 v\u00e5r VD har h\u00f6rt dem alla (och svarat med ett leende).Bara om du g\u00f6r det utan Flyto! T\u00e4nk p\u00e5 oss som din personliga flyttkonsult \u2013 vi planerar, packar, skickar och [&hellip;]","og_url":"https:\/\/flytorelocation.com\/se-se\/blog\/","og_site_name":"Flyto Relocation Svenska","article_modified_time":"2026-01-16T14:09:53+00:00","twitter_card":"summary_large_image","twitter_misc":{"Arvioitu lukuaika":"9 minuuttia"},"schema":{"@context":"https:\/\/schema.org","@graph":[{"@type":"WebPage","@id":"https:\/\/flytorelocation.com\/se-se\/blog\/","url":"https:\/\/flytorelocation.com\/se-se\/blog\/","name":"FAQ - Flyto Relocation Svenska","isPartOf":{"@id":"https:\/\/flytorelocation.com\/se-se\/#website"},"datePublished":"2025-10-17T16:02:33+00:00","dateModified":"2026-01-16T14:09:53+00:00","breadcrumb":{"@id":"https:\/\/flytorelocation.com\/se-se\/blog\/#breadcrumb"},"inLanguage":"fi","potentialAction":[{"@type":"ReadAction","target":["https:\/\/flytorelocation.com\/se-se\/blog\/"]}]},{"@type":"BreadcrumbList","@id":"https:\/\/flytorelocation.com\/se-se\/blog\/#breadcrumb","itemListElement":[{"@type":"ListItem","position":1,"name":"Etusivu","item":"https:\/\/flytorelocation.com\/se-se\/"},{"@type":"ListItem","position":2,"name":"FAQ"}]},{"@type":"WebSite","@id":"https:\/\/flytorelocation.com\/se-se\/#website","url":"https:\/\/flytorelocation.com\/se-se\/","name":"Flyto Relocation Svenska","description":"","publisher":{"@id":"https:\/\/flytorelocation.com\/se-se\/#organization"},"potentialAction":[{"@type":"SearchAction","target":{"@type":"EntryPoint","urlTemplate":"https:\/\/flytorelocation.com\/se-se\/?s={search_term_string}"},"query-input":{"@type":"PropertyValueSpecification","valueRequired":true,"valueName":"search_term_string"}}],"inLanguage":"fi"},{"@type":"Organization","@id":"https:\/\/flytorelocation.com\/se-se\/#organization","name":"Flyto Relocation Svenska","url":"https:\/\/flytorelocation.com\/se-se\/","logo":{"@type":"ImageObject","inLanguage":"fi","@id":"https:\/\/flytorelocation.com\/se-se\/#\/schema\/logo\/image\/","url":"https:\/\/flyto-wp-uploads.s3.eu-north-1.amazonaws.com\/wp-content\/uploads\/sites\/82\/2025\/10\/13130143\/Flyto-col.png","contentUrl":"https:\/\/flyto-wp-uploads.s3.eu-north-1.amazonaws.com\/wp-content\/uploads\/sites\/82\/2025\/10\/13130143\/Flyto-col.png","width":618,"height":337,"caption":"Flyto Relocation Svenska"},"image":{"@id":"https:\/\/flytorelocation.com\/se-se\/#\/schema\/logo\/image\/"}}]}},"acf":[],"_links":{"self":[{"href":"https:\/\/flytorelocation.com\/se-se\/wp-json\/wp\/v2\/pages\/733","targetHints":{"allow":["GET"]}}],"collection":[{"href":"https:\/\/flytorelocation.com\/se-se\/wp-json\/wp\/v2\/pages"}],"about":[{"href":"https:\/\/flytorelocation.com\/se-se\/wp-json\/wp\/v2\/types\/page"}],"author":[{"embeddable":true,"href":"https:\/\/flytorelocation.com\/se-se\/wp-json\/wp\/v2\/users\/1"}],"replies":[{"embeddable":true,"href":"https:\/\/flytorelocation.com\/se-se\/wp-json\/wp\/v2\/comments?post=733"}],"version-history":[{"count":8,"href":"https:\/\/flytorelocation.com\/se-se\/wp-json\/wp\/v2\/pages\/733\/revisions"}],"predecessor-version":[{"id":1378,"href":"https:\/\/flytorelocation.com\/se-se\/wp-json\/wp\/v2\/pages\/733\/revisions\/1378"}],"wp:attachment":[{"href":"https:\/\/flytorelocation.com\/se-se\/wp-json\/wp\/v2\/media?parent=733"}],"curies":[{"name":"wp","href":"https:\/\/api.w.org\/{rel}","templated":true}]}}