{"id":2,"date":"2025-10-01T11:34:34","date_gmt":"2025-10-01T08:34:34","guid":{"rendered":"https:\/\/flytorelocation.com\/se-se\/fi\/?page_id=2"},"modified":"2026-01-16T16:11:11","modified_gmt":"2026-01-16T14:11:11","slug":"safety","status":"publish","type":"page","link":"https:\/\/flytorelocation.com\/se-se\/safety\/","title":{"rendered":"Safety"},"content":{"rendered":"<p>[et_pb_section fb_built=&#8221;1&#8243; custom_padding_last_edited=&#8221;on|phone&#8221; _builder_version=&#8221;4.27.4&#8243; _module_preset=&#8221;default&#8221; custom_padding=&#8221;28px||28px||true|false&#8221; custom_padding_tablet=&#8221;80px||80px||true|false&#8221; custom_padding_phone=&#8221;60px||60px||true|false&#8221; global_colors_info=&#8221;{}&#8221;][et_pb_row _builder_version=&#8221;4.27.4&#8243; _module_preset=&#8221;default&#8221; global_colors_info=&#8221;{}&#8221;][et_pb_column type=&#8221;4_4&#8243; _builder_version=&#8221;4.27.4&#8243; _module_preset=&#8221;default&#8221; global_colors_info=&#8221;{}&#8221;][et_pb_heading title=&#8221;S\u00e4kerhet och trygghet&#8221; _builder_version=&#8221;4.27.4&#8243; _module_preset=&#8221;_initial&#8221; title_font=&#8221;Flyto oma||||||||&#8221; title_text_color=&#8221;#CD207D&#8221; title_font_size=&#8221;62px&#8221; custom_margin=&#8221;||10px||false|false&#8221; custom_margin_tablet=&#8221;||10px||false|false&#8221; custom_margin_phone=&#8221;||10px||false|false&#8221; custom_margin_last_edited=&#8221;on|phone&#8221; custom_padding_tablet=&#8221;&#8221; custom_padding_phone=&#8221;0px||||false|false&#8221; custom_padding_last_edited=&#8221;on|phone&#8221; title_font_size_tablet=&#8221;40px&#8221; title_font_size_phone=&#8221;30px&#8221; title_font_size_last_edited=&#8221;on|phone&#8221; locked=&#8221;off&#8221; global_colors_info=&#8221;{}&#8221;][\/et_pb_heading][\/et_pb_column][\/et_pb_row][\/et_pb_section][et_pb_section fb_built=&#8221;1&#8243; custom_padding_last_edited=&#8221;on|phone&#8221; admin_label=&#8221;Services&#8221; _builder_version=&#8221;4.27.4&#8243; _module_preset=&#8221;default&#8221; background_color=&#8221;#fafafa&#8221; custom_padding=&#8221;0px||||false|false&#8221; custom_padding_tablet=&#8221;98px||76px|||&#8221; custom_padding_phone=&#8221;30px||0px||false|false&#8221; collapsed=&#8221;on&#8221; global_colors_info=&#8221;{}&#8221;][et_pb_row column_structure=&#8221;1_2,1_2&#8243; _builder_version=&#8221;4.27.4&#8243; _module_preset=&#8221;default&#8221; global_colors_info=&#8221;{}&#8221;][et_pb_column type=&#8221;1_2&#8243; _builder_version=&#8221;4.27.4&#8243; _module_preset=&#8221;default&#8221; global_colors_info=&#8221;{}&#8221;][et_pb_text _builder_version=&#8221;4.27.4&#8243; _module_preset=&#8221;_initial&#8221; text_font=&#8221;Montserrat||||||||&#8221; text_text_color=&#8221;#000000&#8243; header_2_font=&#8221;Poppins|600|||||||&#8221; header_2_text_align=&#8221;left&#8221; header_2_text_color=&#8221;#000000&#8243; header_2_font_size=&#8221;16px&#8221; header_2_line_height=&#8221;1.3em&#8221; header_3_font_size=&#8221;30px&#8221; locked=&#8221;off&#8221; global_colors_info=&#8221;{}&#8221;]<\/p>\n<h2>V\u00e4rldens s\u00e4kraste flytt<\/h2>\n<p>[\/et_pb_text][et_pb_text _builder_version=&#8221;4.27.4&#8243; _module_preset=&#8221;_initial&#8221; text_font=&#8221;Montserrat|600|||||||&#8221; text_font_size=&#8221;13px&#8221; custom_margin=&#8221;-28px||||false|false&#8221; global_colors_info=&#8221;{}&#8221;]<\/p>\n<p>P\u00e5 Flyto tror vi att s\u00e4kerhet inte bara \u00e4r en egenskap \u2013 det \u00e4r ett l\u00f6fte.<br \/>Fr\u00e5n det \u00f6gonblick dina tillh\u00f6righeter packas till dess att de anl\u00e4nder till ditt nya hem \u00f6vervakas, dokumenteras och hanteras varje steg i processen med omsorg.<\/p>\n<p>V\u00e5rt uppdrag \u00e4r enkelt: att g\u00f6ra varje internationell flytt helt s\u00e4ker, transparent och bekymmersfri.<\/p>\n<p>[\/et_pb_text][et_pb_button button_url=&#8221;https:\/\/flytorelocation.com\/se-se\/about\/&#8221; button_text=&#8221;Om oss&#8221; _builder_version=&#8221;4.27.4&#8243; _module_preset=&#8221;_initial&#8221; custom_button=&#8221;on&#8221; button_text_size=&#8221;16px&#8221; button_text_color=&#8221;#CD207D&#8221; button_border_color=&#8221;#CD207D&#8221; button_border_radius=&#8221;100px&#8221; button_font=&#8221;Outfit|600|||||||&#8221; button_use_icon=&#8221;off&#8221; custom_margin=&#8221;-10px||||false|false&#8221; custom_padding=&#8221;10px|26px|10px|26px|true|true&#8221; hover_enabled=&#8221;0&#8243; locked=&#8221;off&#8221; global_colors_info=&#8221;{%22gcid-f1e65d51-fa2f-4bf0-b2c1-8eab7001e8fd%22:%91%22button_text_color%22%93}&#8221; sticky_enabled=&#8221;0&#8243;][\/et_pb_button][\/et_pb_column][et_pb_column type=&#8221;1_2&#8243; _builder_version=&#8221;4.27.4&#8243; _module_preset=&#8221;default&#8221; global_colors_info=&#8221;{}&#8221;][et_pb_image src=&#8221;https:\/\/flyto-wp-uploads.s3.eu-north-1.amazonaws.com\/wp-content\/uploads\/sites\/82\/2025\/10\/03182801\/FLYTO-Muutto-Kuvaaja-Nuuti-Paananen-1-1_2_11zon-scaled-1.jpg&#8221; title_text=&#8221;FLYTO &#8211; Muutto &#8211; Kuvaaja Nuuti Paananen (1) (1)_2_11zon&#8221; disabled_on=&#8221;on|off|off&#8221; _builder_version=&#8221;4.27.4&#8243; _module_preset=&#8221;default&#8221; transform_scale=&#8221;114%|100%&#8221; transform_scale_tablet=&#8221;&#8221; transform_scale_phone=&#8221;100%|74%&#8221; transform_scale_last_edited=&#8221;on|desktop&#8221; transform_scale_linked=&#8221;off&#8221; transform_translate_tablet=&#8221;&#8221; transform_translate_phone=&#8221;&#8221; transform_translate_last_edited=&#8221;on|phone&#8221; transform_rotate_tablet=&#8221;&#8221; transform_rotate_phone=&#8221;&#8221; transform_rotate_last_edited=&#8221;on|phone&#8221; transform_skew_tablet=&#8221;&#8221; transform_skew_phone=&#8221;&#8221; transform_skew_last_edited=&#8221;on|phone&#8221; transform_origin_tablet=&#8221;&#8221; transform_origin_phone=&#8221;&#8221; transform_origin_last_edited=&#8221;on|phone&#8221; border_radii=&#8221;on|10px|10px|10px|10px&#8221; global_colors_info=&#8221;{}&#8221;][\/et_pb_image][\/et_pb_column][\/et_pb_row][\/et_pb_section][et_pb_section fb_built=&#8221;1&#8243; admin_label=&#8221;Video&#8221; _builder_version=&#8221;4.27.4&#8243; _module_preset=&#8221;default&#8221; background_enable_color=&#8221;off&#8221; custom_padding=&#8221;||||false|false&#8221; collapsed=&#8221;on&#8221; global_colors_info=&#8221;{}&#8221;][et_pb_row _builder_version=&#8221;4.27.4&#8243; _module_preset=&#8221;default&#8221; min_height=&#8221;533.8px&#8221; global_colors_info=&#8221;{}&#8221;][et_pb_column type=&#8221;4_4&#8243; _builder_version=&#8221;4.22.0&#8243; _module_preset=&#8221;default&#8221; global_colors_info=&#8221;{}&#8221;][et_pb_text _builder_version=&#8221;4.27.4&#8243; _module_preset=&#8221;_initial&#8221; text_font=&#8221;Montserrat|600|||||||&#8221; text_text_color=&#8221;#000000&#8243; text_font_size=&#8221;13px&#8221; header_3_font=&#8221;Flyto oma||||||||&#8221; custom_margin=&#8221;-28px||||false|false&#8221; global_colors_info=&#8221;{}&#8221;]<\/p>\n<h3 data-start=\"415\" data-end=\"467\">Hur s\u00e4kerst\u00e4ller vi s\u00e4kerhet och transparens?<\/h3>\n<p>&nbsp;<\/p>\n<p data-start=\"468\" data-end=\"509\">\ud83c\udfa5 <strong data-start=\"1540\" data-end=\"1564\">Smarta kamerasystem<\/strong><\/p>\n<p data-start=\"511\" data-end=\"734\">H\u00e4lften av Flytos fordon \u00e4r redan utrustade med 360-kamerasystem. Detta ger dig och v\u00e5rt team full insyn i hela processen. V\u00e5rt system s\u00e4kerst\u00e4ller att alla varor hanteras korrekt och att eventuella problem kan sp\u00e5ras och l\u00f6sas snabbt.<\/p>\n<p data-start=\"511\" data-end=\"734\">\ud83d\udce6 <strong data-start=\"1992\" data-end=\"2026\">Detaljerad packningsdokumentation<\/strong><\/p>\n<p data-start=\"511\" data-end=\"734\">Vi dokumenterar varje leverans noggrant.<br \/>Varje leverans f\u00e5r en unik sp\u00e5rningskod och en detaljerad inventarielista. Denna noggranna dokumentation s\u00e4kerst\u00e4ller att ingenting f\u00f6rsvinner och att varje vara redovisas fr\u00e5n b\u00f6rjan till slut.<\/p>\n<p data-start=\"2994\" data-end=\"3073\">\ud83e\uddf0\u00a0 <strong>Professionell hantering och kvalitetskontroller<\/strong><\/p>\n<p data-start=\"2994\" data-end=\"3073\">V\u00e5ra team \u00e4r utbildade f\u00f6r att hantera varor med st\u00f6rsta omsorg och precision.<br \/>Regelbundna s\u00e4kerhetskontroller och kontinuerlig utbildning s\u00e4kerst\u00e4ller att v\u00e5r personal f\u00f6ljer de h\u00f6gsta internationella standarderna f\u00f6r packning, lyft och logistikhantering.<\/p>\n<p data-start=\"2994\" data-end=\"3073\">\ud83d\udd12 <strong>S\u00e4kra f\u00f6rvarings- och f\u00f6rs\u00e4kringsalternativ<\/strong><\/p>\n<p data-start=\"3126\" data-end=\"3353\">F\u00f6r tillf\u00e4llig f\u00f6rvaring erbjuder Flyto s\u00e4kra och klimatkontrollerade anl\u00e4ggningar.<br \/>Vi erbjuder \u00e4ven omfattande f\u00f6rs\u00e4kringsalternativ f\u00f6r extra trygghet, vilket garanterar fullt skydd f\u00f6r dina tillh\u00f6righeter under varje steg av flytten.<\/p>\n<p data-start=\"511\" data-end=\"734\">\ud83d\ude9b <strong data-start=\"2377\" data-end=\"2405\">\u00d6vervakad transport<\/strong><\/p>\n<p>Alla v\u00e5ra transportfordon \u00e4r utrustade med moderna s\u00e4kerhetsfunktioner och GPS-sp\u00e5rning.<br \/>Det betyder att vi alltid vet exakt var dina tillh\u00f6righeter finns och proaktivt kan \u00e5tg\u00e4rda eventuella risker eller f\u00f6rseningar l\u00e4ngs v\u00e4gen.<\/p>\n<p>Redo att uppleva v\u00e4rldens s\u00e4kraste flytt?<\/p>\n<p>Kontakta oss s\u00e5 planerar vi din flytt s\u00e4kert fr\u00e5n b\u00f6rjan till slut.<\/p>\n<p>[\/et_pb_text][et_pb_button button_url=&#8221;https:\/\/flytorelocation.com\/se-se\/contact\/&#8221; button_text=&#8221;Kontakta oss&#8221; _builder_version=&#8221;4.27.4&#8243; _module_preset=&#8221;_initial&#8221; custom_button=&#8221;on&#8221; button_text_size=&#8221;16px&#8221; button_text_color=&#8221;#CD207D&#8221; button_bg_color=&#8221;#FFFFFF&#8221; button_border_color=&#8221;#CD207D&#8221; button_border_radius=&#8221;100px&#8221; button_font=&#8221;Outfit|600|||||||&#8221; button_use_icon=&#8221;off&#8221; custom_margin=&#8221;-2px||||false|false&#8221; custom_padding=&#8221;10px|26px|10px|26px|true|true&#8221; hover_enabled=&#8221;0&#8243; global_colors_info=&#8221;{%22gcid-f1e65d51-fa2f-4bf0-b2c1-8eab7001e8fd%22:%91%22button_text_color%22%93}&#8221; sticky_enabled=&#8221;0&#8243;][\/et_pb_button][\/et_pb_column][\/et_pb_row][\/et_pb_section]<\/p>\n","protected":false},"excerpt":{"rendered":"<p>V\u00e4rldens s\u00e4kraste flyttP\u00e5 Flyto tror vi att s\u00e4kerhet inte bara \u00e4r en egenskap \u2013 det \u00e4r ett l\u00f6fte.Fr\u00e5n det \u00f6gonblick dina tillh\u00f6righeter packas till dess att de anl\u00e4nder till ditt nya hem \u00f6vervakas, dokumenteras och hanteras varje steg i processen med omsorg. V\u00e5rt uppdrag \u00e4r enkelt: att g\u00f6ra varje internationell flytt helt s\u00e4ker, transparent och [&hellip;]<\/p>\n","protected":false},"author":1,"featured_media":0,"parent":0,"menu_order":0,"comment_status":"closed","ping_status":"closed","template":"","meta":{"_et_pb_use_builder":"on","_et_pb_old_content":"<!-- wp:paragraph -->\n<p>T\u00e4m\u00e4 on esimerkkisivu. Se eroaa artikkelista, sill\u00e4 se pysyy omalla paikallaan ja n\u00e4kyy sivustosi navigaatiossa (useimmissa teemoissa). Monet tekev\u00e4t ensimm\u00e4isen\u00e4 Tietoja-sivun, joka esittelee heid\u00e4t sivuston vierailijoille. Siihen voi kirjoittaa esimerkiksi jotain t\u00e4m\u00e4nkaltaista sis\u00e4lt\u00f6\u00e4:<\/p>\n<!-- \/wp:paragraph -->\n\n<!-- wp:quote -->\n<blockquote class=\"wp-block-quote\"><p>Tervehdys! P\u00e4iv\u00e4ty\u00f6kseni teen py\u00f6r\u00e4l\u00e4hetin hommia ja iltaisin toimin harrastelijateatterin parissa. N\u00e4m\u00e4 ovat minun ikiomat sivuni. Asun Paraisilla ja minulla on mahtava koira, jonka nimi on Jaakko. Pid\u00e4n pi&#241;a colada -drinkeist\u00e4 ja sateen ropinasta peltikatolla.<\/p><\/blockquote>\n<!-- \/wp:quote -->\n\n<!-- wp:paragraph -->\n<p>...tai jotain t\u00e4llaista:<\/p>\n<!-- \/wp:paragraph -->\n\n<!-- wp:quote -->\n<blockquote class=\"wp-block-quote\"><p>Hilavitkuttimet Oy perustettiin vuonna 1971 ja se on siit\u00e4 l\u00e4htien tuottanut asiakkailleen laadukkaita hilavitkuttimia. Yli 200 henkil\u00f6\u00e4 ty\u00f6llist\u00e4v\u00e4 Hilavitkuttimet Oy sijaitsee Salossa ja j\u00e4rjest\u00e4\u00e4 kaikenlaisia tempauksia paikallisen yhteis\u00f6n iloksi.<\/p><\/blockquote>\n<!-- \/wp:quote -->\n\n<!-- wp:paragraph -->\n<p>Uutena WordPress-k\u00e4ytt\u00e4j\u00e4n\u00e4, sinun kannattaa menn\u00e4 <a href=\"https:\/\/flytorelocation.com\/se-se\/fi\/wp-admin\/\">ohjauspaneeliisi<\/a> poistaaksesi t\u00e4m\u00e4n sivun ja luodaksesi uusia sivuja sis\u00e4ll\u00f6llesi. Pid\u00e4 hauskaa!<\/p>\n<!-- \/wp:paragraph -->","_et_gb_content_width":"","footnotes":""},"class_list":["post-2","page","type-page","status-publish","hentry"],"yoast_head":"<!-- This site is optimized with the Yoast SEO plugin v26.3 - https:\/\/yoast.com\/wordpress\/plugins\/seo\/ -->\n<title>Safety - Flyto Relocation Svenska<\/title>\n<meta name=\"robots\" content=\"index, follow, max-snippet:-1, max-image-preview:large, max-video-preview:-1\" \/>\n<link rel=\"canonical\" href=\"https:\/\/flytorelocation.com\/se-se\/safety\/\" \/>\n<meta property=\"og:locale\" content=\"fi_FI\" \/>\n<meta property=\"og:type\" content=\"article\" \/>\n<meta property=\"og:title\" content=\"Safety - Flyto Relocation Svenska\" \/>\n<meta property=\"og:description\" content=\"V\u00e4rldens s\u00e4kraste flyttP\u00e5 Flyto tror vi att s\u00e4kerhet inte bara \u00e4r en egenskap \u2013 det \u00e4r ett l\u00f6fte.Fr\u00e5n det \u00f6gonblick dina tillh\u00f6righeter packas till dess att de anl\u00e4nder till ditt nya hem \u00f6vervakas, dokumenteras och hanteras varje steg i processen med omsorg. V\u00e5rt uppdrag \u00e4r enkelt: att g\u00f6ra varje internationell flytt helt s\u00e4ker, transparent och [&hellip;]\" \/>\n<meta property=\"og:url\" content=\"https:\/\/flytorelocation.com\/se-se\/safety\/\" \/>\n<meta property=\"og:site_name\" content=\"Flyto Relocation Svenska\" \/>\n<meta property=\"article:modified_time\" content=\"2026-01-16T14:11:11+00:00\" \/>\n<meta name=\"twitter:card\" content=\"summary_large_image\" \/>\n<meta name=\"twitter:label1\" content=\"Arvioitu lukuaika\" \/>\n\t<meta name=\"twitter:data1\" content=\"5 minuuttia\" \/>\n<script type=\"application\/ld+json\" class=\"yoast-schema-graph\">{\"@context\":\"https:\/\/schema.org\",\"@graph\":[{\"@type\":\"WebPage\",\"@id\":\"https:\/\/flytorelocation.com\/se-se\/safety\/\",\"url\":\"https:\/\/flytorelocation.com\/se-se\/safety\/\",\"name\":\"Safety - Flyto Relocation Svenska\",\"isPartOf\":{\"@id\":\"https:\/\/flytorelocation.com\/se-se\/#website\"},\"datePublished\":\"2025-10-01T08:34:34+00:00\",\"dateModified\":\"2026-01-16T14:11:11+00:00\",\"breadcrumb\":{\"@id\":\"https:\/\/flytorelocation.com\/se-se\/safety\/#breadcrumb\"},\"inLanguage\":\"fi\",\"potentialAction\":[{\"@type\":\"ReadAction\",\"target\":[\"https:\/\/flytorelocation.com\/se-se\/safety\/\"]}]},{\"@type\":\"BreadcrumbList\",\"@id\":\"https:\/\/flytorelocation.com\/se-se\/safety\/#breadcrumb\",\"itemListElement\":[{\"@type\":\"ListItem\",\"position\":1,\"name\":\"Etusivu\",\"item\":\"https:\/\/flytorelocation.com\/se-se\/\"},{\"@type\":\"ListItem\",\"position\":2,\"name\":\"Safety\"}]},{\"@type\":\"WebSite\",\"@id\":\"https:\/\/flytorelocation.com\/se-se\/#website\",\"url\":\"https:\/\/flytorelocation.com\/se-se\/\",\"name\":\"Flyto Relocation Svenska\",\"description\":\"\",\"publisher\":{\"@id\":\"https:\/\/flytorelocation.com\/se-se\/#organization\"},\"potentialAction\":[{\"@type\":\"SearchAction\",\"target\":{\"@type\":\"EntryPoint\",\"urlTemplate\":\"https:\/\/flytorelocation.com\/se-se\/?s={search_term_string}\"},\"query-input\":{\"@type\":\"PropertyValueSpecification\",\"valueRequired\":true,\"valueName\":\"search_term_string\"}}],\"inLanguage\":\"fi\"},{\"@type\":\"Organization\",\"@id\":\"https:\/\/flytorelocation.com\/se-se\/#organization\",\"name\":\"Flyto Relocation Svenska\",\"url\":\"https:\/\/flytorelocation.com\/se-se\/\",\"logo\":{\"@type\":\"ImageObject\",\"inLanguage\":\"fi\",\"@id\":\"https:\/\/flytorelocation.com\/se-se\/#\/schema\/logo\/image\/\",\"url\":\"https:\/\/flyto-wp-uploads.s3.eu-north-1.amazonaws.com\/wp-content\/uploads\/sites\/82\/2025\/10\/13130143\/Flyto-col.png\",\"contentUrl\":\"https:\/\/flyto-wp-uploads.s3.eu-north-1.amazonaws.com\/wp-content\/uploads\/sites\/82\/2025\/10\/13130143\/Flyto-col.png\",\"width\":618,\"height\":337,\"caption\":\"Flyto Relocation Svenska\"},\"image\":{\"@id\":\"https:\/\/flytorelocation.com\/se-se\/#\/schema\/logo\/image\/\"}}]}<\/script>\n<!-- \/ Yoast SEO plugin. -->","yoast_head_json":{"title":"Safety - Flyto Relocation Svenska","robots":{"index":"index","follow":"follow","max-snippet":"max-snippet:-1","max-image-preview":"max-image-preview:large","max-video-preview":"max-video-preview:-1"},"canonical":"https:\/\/flytorelocation.com\/se-se\/safety\/","og_locale":"fi_FI","og_type":"article","og_title":"Safety - Flyto Relocation Svenska","og_description":"V\u00e4rldens s\u00e4kraste flyttP\u00e5 Flyto tror vi att s\u00e4kerhet inte bara \u00e4r en egenskap \u2013 det \u00e4r ett l\u00f6fte.Fr\u00e5n det \u00f6gonblick dina tillh\u00f6righeter packas till dess att de anl\u00e4nder till ditt nya hem \u00f6vervakas, dokumenteras och hanteras varje steg i processen med omsorg. V\u00e5rt uppdrag \u00e4r enkelt: att g\u00f6ra varje internationell flytt helt s\u00e4ker, transparent och [&hellip;]","og_url":"https:\/\/flytorelocation.com\/se-se\/safety\/","og_site_name":"Flyto Relocation Svenska","article_modified_time":"2026-01-16T14:11:11+00:00","twitter_card":"summary_large_image","twitter_misc":{"Arvioitu lukuaika":"5 minuuttia"},"schema":{"@context":"https:\/\/schema.org","@graph":[{"@type":"WebPage","@id":"https:\/\/flytorelocation.com\/se-se\/safety\/","url":"https:\/\/flytorelocation.com\/se-se\/safety\/","name":"Safety - Flyto Relocation Svenska","isPartOf":{"@id":"https:\/\/flytorelocation.com\/se-se\/#website"},"datePublished":"2025-10-01T08:34:34+00:00","dateModified":"2026-01-16T14:11:11+00:00","breadcrumb":{"@id":"https:\/\/flytorelocation.com\/se-se\/safety\/#breadcrumb"},"inLanguage":"fi","potentialAction":[{"@type":"ReadAction","target":["https:\/\/flytorelocation.com\/se-se\/safety\/"]}]},{"@type":"BreadcrumbList","@id":"https:\/\/flytorelocation.com\/se-se\/safety\/#breadcrumb","itemListElement":[{"@type":"ListItem","position":1,"name":"Etusivu","item":"https:\/\/flytorelocation.com\/se-se\/"},{"@type":"ListItem","position":2,"name":"Safety"}]},{"@type":"WebSite","@id":"https:\/\/flytorelocation.com\/se-se\/#website","url":"https:\/\/flytorelocation.com\/se-se\/","name":"Flyto Relocation Svenska","description":"","publisher":{"@id":"https:\/\/flytorelocation.com\/se-se\/#organization"},"potentialAction":[{"@type":"SearchAction","target":{"@type":"EntryPoint","urlTemplate":"https:\/\/flytorelocation.com\/se-se\/?s={search_term_string}"},"query-input":{"@type":"PropertyValueSpecification","valueRequired":true,"valueName":"search_term_string"}}],"inLanguage":"fi"},{"@type":"Organization","@id":"https:\/\/flytorelocation.com\/se-se\/#organization","name":"Flyto Relocation Svenska","url":"https:\/\/flytorelocation.com\/se-se\/","logo":{"@type":"ImageObject","inLanguage":"fi","@id":"https:\/\/flytorelocation.com\/se-se\/#\/schema\/logo\/image\/","url":"https:\/\/flyto-wp-uploads.s3.eu-north-1.amazonaws.com\/wp-content\/uploads\/sites\/82\/2025\/10\/13130143\/Flyto-col.png","contentUrl":"https:\/\/flyto-wp-uploads.s3.eu-north-1.amazonaws.com\/wp-content\/uploads\/sites\/82\/2025\/10\/13130143\/Flyto-col.png","width":618,"height":337,"caption":"Flyto Relocation Svenska"},"image":{"@id":"https:\/\/flytorelocation.com\/se-se\/#\/schema\/logo\/image\/"}}]}},"acf":[],"_links":{"self":[{"href":"https:\/\/flytorelocation.com\/se-se\/wp-json\/wp\/v2\/pages\/2","targetHints":{"allow":["GET"]}}],"collection":[{"href":"https:\/\/flytorelocation.com\/se-se\/wp-json\/wp\/v2\/pages"}],"about":[{"href":"https:\/\/flytorelocation.com\/se-se\/wp-json\/wp\/v2\/types\/page"}],"author":[{"embeddable":true,"href":"https:\/\/flytorelocation.com\/se-se\/wp-json\/wp\/v2\/users\/1"}],"replies":[{"embeddable":true,"href":"https:\/\/flytorelocation.com\/se-se\/wp-json\/wp\/v2\/comments?post=2"}],"version-history":[{"count":2,"href":"https:\/\/flytorelocation.com\/se-se\/wp-json\/wp\/v2\/pages\/2\/revisions"}],"predecessor-version":[{"id":1379,"href":"https:\/\/flytorelocation.com\/se-se\/wp-json\/wp\/v2\/pages\/2\/revisions\/1379"}],"wp:attachment":[{"href":"https:\/\/flytorelocation.com\/se-se\/wp-json\/wp\/v2\/media?parent=2"}],"curies":[{"name":"wp","href":"https:\/\/api.w.org\/{rel}","templated":true}]}}