{"id":1455,"date":"2026-05-09T19:27:57","date_gmt":"2026-05-09T16:27:57","guid":{"rendered":"https:\/\/flytorelocation.com\/se-se\/guides\/comparisons\/"},"modified":"2026-05-11T09:38:19","modified_gmt":"2026-05-11T06:38:19","slug":"comparisons","status":"publish","type":"page","link":"https:\/\/flytorelocation.com\/se-se\/guides\/comparisons\/","title":{"rendered":"Tj\u00e4nste- och leverant\u00f6rsj\u00e4mf\u00f6relser \u2014 Sverige"},"content":{"rendered":"<style>\n.flyto-services-archive { font-family: inherit; max-width: 1100px; margin: 0 auto; padding: 1rem; }\n.flyto-services-archive .flyto-services-back { display: inline-block; font-size: 0.85rem; color: #6b7280; text-decoration: none; margin-bottom: 1.5rem; }\n.flyto-services-archive .flyto-services-back:hover { color: #d6006e; }\n.flyto-services-archive p.flyto-services-intro { font-size: 1rem; line-height: 1.65; color: #374151; margin: 0 0 2rem; }\n.flyto-services-archive ul.flyto-guides-list { list-style: none; padding: 0; margin: 0; display: grid; grid-template-columns: repeat(auto-fill, minmax(300px, 1fr)); gap: 1rem; }\n.flyto-services-archive li.flyto-guide-card { background: #fff; border: 1px solid #e5e7eb; border-radius: 14px; transition: box-shadow 0.18s, transform 0.18s; overflow: hidden; border-left: 4px solid #9ca3af; }\n.flyto-services-archive li.flyto-guide-card:hover { box-shadow: 0 6px 16px rgba(0,0,0,0.08); transform: translateY(-2px); }\n.flyto-services-archive a.flyto-guide-link { display: block; padding: 1.15rem 1.3rem; color: inherit; text-decoration: none; }\n.flyto-services-archive a.flyto-guide-link:hover { color: inherit; text-decoration: none; }\n.flyto-services-archive h3.flyto-guide-title { font-size: 1rem; line-height: 1.4; margin: 0 0 0.5rem; color: #1f2937; font-weight: 700; }\n.flyto-services-archive p.flyto-guide-excerpt { font-size: 0.875rem; line-height: 1.55; color: #4b5563; margin: 0 0 0.5rem; }\n.flyto-services-archive .flyto-guide-arrow { font-size: 1.05rem; color: #9ca3af; font-weight: 800; }\nbody.flyto-no-sidebar #sidebar, body.flyto-no-sidebar .et_pb_widget_area { display: none !important; }\nbody.flyto-no-sidebar #left-area, body.flyto-no-sidebar article.post { width: 100% !important; }\n<\/style>\n<p><script>document.addEventListener('DOMContentLoaded',function(){document.body.classList.add('flyto-no-sidebar');});<\/script><\/p>\n<div class=\"flyto-services-archive\">\n  <a class=\"flyto-services-back\" href=\"..\/\">\u2190 Tillbaka till huvudguider<\/a><\/p>\n<p class=\"flyto-services-intro\">J\u00e4mf\u00f6relser och recensioner av flyttj\u00e4nsteleverant\u00f6rer f\u00f6r Sverige.<\/p>\n<ul class=\"flyto-guides-list\">\n<li class=\"flyto-guide-card flyto-guide-gray\">\n  <a href=\"https:\/\/flytorelocation.com\/se-se\/basta-flyttjanst-fran-sverige-till-europa\/\" class=\"flyto-guide-link\"><\/p>\n<h3 class=\"flyto-guide-title\">B\u00e4sta flyttj\u00e4nsten fr\u00e5n Sverige till Europa<\/h3>\n<p class=\"flyto-guide-excerpt\">Hitta den b\u00e4sta internationella flyttj\u00e4nsten fr\u00e5n Sverige till 20 europeiska l\u00e4nder. J\u00e4mf\u00f6r Silver, Gold &#038; Platinum \u2013 f\u00e5 offert\u2026<\/p>\n<p>    <span class=\"flyto-guide-arrow\">\u2192<\/span><br \/>\n  <\/a>\n<\/li>\n<li class=\"flyto-guide-card flyto-guide-gray\">\n  <a href=\"https:\/\/flytorelocation.com\/se-se\/basta-flyttfirman-for-flytt-utomlands-fran-sverige\/\" class=\"flyto-guide-link\"><\/p>\n<h3 class=\"flyto-guide-title\">B\u00e4sta flyttfirman f\u00f6r flytt utomlands fr\u00e5n Sverige<\/h3>\n<p class=\"flyto-guide-excerpt\">Hitta den b\u00e4sta flyttfirman f\u00f6r internationella flyttar fr\u00e5n Sverige. J\u00e4mf\u00f6r tj\u00e4nsteniv\u00e5er, priser och tj\u00e4nster f\u00f6r\u2026<\/p>\n<p>    <span class=\"flyto-guide-arrow\">\u2192<\/span><br \/>\n  <\/a>\n<\/li>\n<li class=\"flyto-guide-card flyto-guide-gray\">\n  <a href=\"https:\/\/flytorelocation.com\/se-se\/billigaste-gransoverskridande-flyttfirmor-fran-sverige-2026\/\" class=\"flyto-guide-link\"><\/p>\n<h3 class=\"flyto-guide-title\">Billigaste gr\u00e4ns\u00f6verskridande flyttfirmor fr\u00e5n Sverige 2026<\/h3>\n<p class=\"flyto-guide-excerpt\">Hitta de mest prisv\u00e4rda internationella flyttfirmorna fr\u00e5n Sverige 2026. J\u00e4mf\u00f6r priser, tj\u00e4nster och expertr\u00e5d f\u00f6r din\u2026<\/p>\n<p>    <span class=\"flyto-guide-arrow\">\u2192<\/span><br \/>\n  <\/a>\n<\/li>\n<li class=\"flyto-guide-card flyto-guide-gray\">\n  <a href=\"https:\/\/flytorelocation.com\/se-se\/premium-flyttfirmor-sverige-full-service\/\" class=\"flyto-guide-link\"><\/p>\n<h3 class=\"flyto-guide-title\">Premium flyttfirmor i Sverige \u2014 full-service flyttj\u00e4nster 2026<\/h3>\n<p class=\"flyto-guide-excerpt\">Uppt\u00e4ck Sveriges ledande premiumflyttfirmor f\u00f6r internationella och lokala flytt. J\u00e4mf\u00f6r tj\u00e4nster, priser och f\u00e5 din offert p\u00e5 2\u2026<\/p>\n<p>    <span class=\"flyto-guide-arrow\">\u2192<\/span><br \/>\n  <\/a>\n<\/li>\n<li class=\"flyto-guide-card flyto-guide-gray\">\n  <a href=\"https:\/\/flytorelocation.com\/se-se\/basta-internationella-flyttforetag-sverige-2026\/\" class=\"flyto-guide-link\"><\/p>\n<h3 class=\"flyto-guide-title\">B\u00e4sta Internationella Flyttf\u00f6retag i Sverige 2026<\/h3>\n<p class=\"flyto-guide-excerpt\">J\u00e4mf\u00f6relse av internationella flyttf\u00f6retag i Sverige 2026. Flyto \u2013 20 EU-l\u00e4nder, 4.9\/5 betyg, 400+ recensioner. F\u00e5 offert p\u00e5 2\u2026<\/p>\n<p>    <span class=\"flyto-guide-arrow\">\u2192<\/span><br \/>\n  <\/a>\n<\/li>\n<li class=\"flyto-guide-card flyto-guide-gray\">\n  <a href=\"https:\/\/flytorelocation.com\/se-se\/gransoverskridande-flyttfirmor-sverige-jamforelse\/\" class=\"flyto-guide-link\"><\/p>\n<h3 class=\"flyto-guide-title\">Gr\u00e4ns\u00f6verskridande flyttfirmor Sverige \u2014 topp leverant\u00f6rer j\u00e4mf\u00f6rda<\/h3>\n<p class=\"flyto-guide-excerpt\">J\u00e4mf\u00f6r de b\u00e4sta internationella flyttfirmorna i Sverige 2026. Flyto t\u00e4cker 20 europeiska l\u00e4nder med tre serviceniv\u00e5er fr\u00e5n \u20ac1\u2026<\/p>\n<p>    <span class=\"flyto-guide-arrow\">\u2192<\/span><br \/>\n  <\/a>\n<\/li>\n<li class=\"flyto-guide-card flyto-guide-gray\">\n  <a href=\"https:\/\/flytorelocation.com\/se-se\/basta-europeiska-flyttfirmor-sverige-expats\/\" class=\"flyto-guide-link\"><\/p>\n<h3 class=\"flyto-guide-title\">B\u00e4sta Europeiska Flyttf\u00f6retag f\u00f6r Sverige-Expats<\/h3>\n<p class=\"flyto-guide-excerpt\">J\u00e4mf\u00f6relse av de fr\u00e4msta europeiska flyttf\u00f6retagen f\u00f6r svenskar som flyttar utomlands. Expertguide med priser, tj\u00e4nster och tips\u2026<\/p>\n<p>    <span class=\"flyto-guide-arrow\">\u2192<\/span><br \/>\n  <\/a>\n<\/li>\n<\/ul>\n<\/div>\n","protected":false},"excerpt":{"rendered":"<p>\u2190 Tillbaka till huvudguider J\u00e4mf\u00f6relser och recensioner av flyttj\u00e4nsteleverant\u00f6rer f\u00f6r Sverige. B\u00e4sta flyttj\u00e4nsten fr\u00e5n Sverige till Europa Hitta den b\u00e4sta internationella flyttj\u00e4nsten fr\u00e5n Sverige till 20 europeiska l\u00e4nder. J\u00e4mf\u00f6r Silver, Gold &#038; Platinum \u2013 f\u00e5 offert\u2026 \u2192 B\u00e4sta flyttfirman f\u00f6r flytt utomlands fr\u00e5n Sverige Hitta den b\u00e4sta flyttfirman f\u00f6r internationella flyttar fr\u00e5n Sverige. J\u00e4mf\u00f6r tj\u00e4nsteniv\u00e5er, [&hellip;]<\/p>\n","protected":false},"author":1,"featured_media":0,"parent":1453,"menu_order":0,"comment_status":"closed","ping_status":"closed","template":"","meta":{"_et_pb_use_builder":"on","_et_pb_old_content":"","_et_gb_content_width":"","footnotes":""},"class_list":["post-1455","page","type-page","status-publish","hentry"],"yoast_head":"<!-- This site is optimized with the Yoast SEO plugin v26.3 - https:\/\/yoast.com\/wordpress\/plugins\/seo\/ -->\n<title>Tj\u00e4nste- och leverant\u00f6rsj\u00e4mf\u00f6relser \u2014 Sverige - Flyto<\/title>\n<meta name=\"robots\" content=\"index, follow, max-snippet:-1, max-image-preview:large, max-video-preview:-1\" \/>\n<link rel=\"canonical\" href=\"https:\/\/flytorelocation.com\/se-se\/guides\/comparisons\/\" \/>\n<meta property=\"og:locale\" content=\"sv_SE\" \/>\n<meta property=\"og:type\" content=\"article\" \/>\n<meta property=\"og:title\" content=\"Tj\u00e4nste- och leverant\u00f6rsj\u00e4mf\u00f6relser \u2014 Sverige - Flyto Relocation Svenska\" \/>\n<meta property=\"og:description\" content=\"\u2190 Tillbaka till huvudguider J\u00e4mf\u00f6relser och recensioner av flyttj\u00e4nsteleverant\u00f6rer f\u00f6r Sverige. B\u00e4sta flyttj\u00e4nsten fr\u00e5n Sverige till Europa Hitta den b\u00e4sta internationella flyttj\u00e4nsten fr\u00e5n Sverige till 20 europeiska l\u00e4nder. J\u00e4mf\u00f6r Silver, Gold &amp; Platinum \u2013 f\u00e5 offert\u2026 \u2192 B\u00e4sta flyttfirman f\u00f6r flytt utomlands fr\u00e5n Sverige Hitta den b\u00e4sta flyttfirman f\u00f6r internationella flyttar fr\u00e5n Sverige. J\u00e4mf\u00f6r tj\u00e4nsteniv\u00e5er, [&hellip;]\" \/>\n<meta property=\"og:url\" content=\"https:\/\/flytorelocation.com\/se-se\/guides\/comparisons\/\" \/>\n<meta property=\"og:site_name\" content=\"Flyto Relocation Svenska\" \/>\n<meta property=\"article:modified_time\" content=\"2026-05-11T06:38:19+00:00\" \/>\n<meta name=\"twitter:card\" content=\"summary_large_image\" \/>\n<meta name=\"twitter:label1\" content=\"Arvioitu lukuaika\" \/>\n\t<meta name=\"twitter:data1\" content=\"1 minuutti\" \/>\n<script type=\"application\/ld+json\" class=\"yoast-schema-graph\">{\"@context\":\"https:\/\/schema.org\",\"@graph\":[{\"@type\":\"WebPage\",\"@id\":\"https:\/\/flytorelocation.com\/se-se\/guides\/comparisons\/\",\"url\":\"https:\/\/flytorelocation.com\/se-se\/guides\/comparisons\/\",\"name\":\"Tj\u00e4nste- och leverant\u00f6rsj\u00e4mf\u00f6relser \u2014 Sverige - Flyto Relocation Svenska\",\"isPartOf\":{\"@id\":\"https:\/\/flytorelocation.com\/se-se\/#website\"},\"datePublished\":\"2026-05-09T16:27:57+00:00\",\"dateModified\":\"2026-05-11T06:38:19+00:00\",\"breadcrumb\":{\"@id\":\"https:\/\/flytorelocation.com\/se-se\/guides\/comparisons\/#breadcrumb\"},\"inLanguage\":\"sv-SE\",\"potentialAction\":[{\"@type\":\"ReadAction\",\"target\":[\"https:\/\/flytorelocation.com\/se-se\/guides\/comparisons\/\"]}]},{\"@type\":\"BreadcrumbList\",\"@id\":\"https:\/\/flytorelocation.com\/se-se\/guides\/comparisons\/#breadcrumb\",\"itemListElement\":[{\"@type\":\"ListItem\",\"position\":1,\"name\":\"Etusivu\",\"item\":\"https:\/\/flytorelocation.com\/se-se\/\"},{\"@type\":\"ListItem\",\"position\":2,\"name\":\"Sverige flyttguider och resurser 2026\",\"item\":\"https:\/\/flytorelocation.com\/se-se\/guides\/\"},{\"@type\":\"ListItem\",\"position\":3,\"name\":\"Tj\u00e4nste- och leverant\u00f6rsj\u00e4mf\u00f6relser \u2014 Sverige\"}]},{\"@type\":\"WebSite\",\"@id\":\"https:\/\/flytorelocation.com\/se-se\/#website\",\"url\":\"https:\/\/flytorelocation.com\/se-se\/\",\"name\":\"Flyto Relocation Svenska\",\"description\":\"\",\"publisher\":{\"@id\":\"https:\/\/flytorelocation.com\/se-se\/#organization\"},\"potentialAction\":[{\"@type\":\"SearchAction\",\"target\":{\"@type\":\"EntryPoint\",\"urlTemplate\":\"https:\/\/flytorelocation.com\/se-se\/?s={search_term_string}\"},\"query-input\":{\"@type\":\"PropertyValueSpecification\",\"valueRequired\":true,\"valueName\":\"search_term_string\"}}],\"inLanguage\":\"sv-SE\"},{\"@type\":\"Organization\",\"@id\":\"https:\/\/flytorelocation.com\/se-se\/#organization\",\"name\":\"Flyto Relocation Svenska\",\"url\":\"https:\/\/flytorelocation.com\/se-se\/\",\"logo\":{\"@type\":\"ImageObject\",\"inLanguage\":\"fi\",\"@id\":\"https:\/\/flytorelocation.com\/se-se\/#\/schema\/logo\/image\/\",\"url\":\"https:\/\/flyto-wp-uploads.s3.eu-north-1.amazonaws.com\/wp-content\/uploads\/sites\/82\/2025\/10\/13130143\/Flyto-col.png\",\"contentUrl\":\"https:\/\/flyto-wp-uploads.s3.eu-north-1.amazonaws.com\/wp-content\/uploads\/sites\/82\/2025\/10\/13130143\/Flyto-col.png\",\"width\":618,\"height\":337,\"caption\":\"Flyto Relocation Svenska\"},\"image\":{\"@id\":\"https:\/\/flytorelocation.com\/se-se\/#\/schema\/logo\/image\/\"}}]}<\/script>\n<!-- \/ Yoast SEO plugin. -->","yoast_head_json":{"title":"Tj\u00e4nste- och leverant\u00f6rsj\u00e4mf\u00f6relser \u2014 Sverige - Flyto","robots":{"index":"index","follow":"follow","max-snippet":"max-snippet:-1","max-image-preview":"max-image-preview:large","max-video-preview":"max-video-preview:-1"},"canonical":"https:\/\/flytorelocation.com\/se-se\/guides\/comparisons\/","og_locale":"sv_SE","og_type":"article","og_title":"Tj\u00e4nste- och leverant\u00f6rsj\u00e4mf\u00f6relser \u2014 Sverige - Flyto Relocation Svenska","og_description":"\u2190 Tillbaka till huvudguider J\u00e4mf\u00f6relser och recensioner av flyttj\u00e4nsteleverant\u00f6rer f\u00f6r Sverige. B\u00e4sta flyttj\u00e4nsten fr\u00e5n Sverige till Europa Hitta den b\u00e4sta internationella flyttj\u00e4nsten fr\u00e5n Sverige till 20 europeiska l\u00e4nder. J\u00e4mf\u00f6r Silver, Gold & Platinum \u2013 f\u00e5 offert\u2026 \u2192 B\u00e4sta flyttfirman f\u00f6r flytt utomlands fr\u00e5n Sverige Hitta den b\u00e4sta flyttfirman f\u00f6r internationella flyttar fr\u00e5n Sverige. J\u00e4mf\u00f6r tj\u00e4nsteniv\u00e5er, [&hellip;]","og_url":"https:\/\/flytorelocation.com\/se-se\/guides\/comparisons\/","og_site_name":"Flyto Relocation Svenska","article_modified_time":"2026-05-11T06:38:19+00:00","twitter_card":"summary_large_image","twitter_misc":{"Arvioitu lukuaika":"1 minuutti"},"schema":{"@context":"https:\/\/schema.org","@graph":[{"@type":"WebPage","@id":"https:\/\/flytorelocation.com\/se-se\/guides\/comparisons\/","url":"https:\/\/flytorelocation.com\/se-se\/guides\/comparisons\/","name":"Tj\u00e4nste- och leverant\u00f6rsj\u00e4mf\u00f6relser \u2014 Sverige - Flyto Relocation Svenska","isPartOf":{"@id":"https:\/\/flytorelocation.com\/se-se\/#website"},"datePublished":"2026-05-09T16:27:57+00:00","dateModified":"2026-05-11T06:38:19+00:00","breadcrumb":{"@id":"https:\/\/flytorelocation.com\/se-se\/guides\/comparisons\/#breadcrumb"},"inLanguage":"sv-SE","potentialAction":[{"@type":"ReadAction","target":["https:\/\/flytorelocation.com\/se-se\/guides\/comparisons\/"]}]},{"@type":"BreadcrumbList","@id":"https:\/\/flytorelocation.com\/se-se\/guides\/comparisons\/#breadcrumb","itemListElement":[{"@type":"ListItem","position":1,"name":"Etusivu","item":"https:\/\/flytorelocation.com\/se-se\/"},{"@type":"ListItem","position":2,"name":"Sverige flyttguider och resurser 2026","item":"https:\/\/flytorelocation.com\/se-se\/guides\/"},{"@type":"ListItem","position":3,"name":"Tj\u00e4nste- och leverant\u00f6rsj\u00e4mf\u00f6relser \u2014 Sverige"}]},{"@type":"WebSite","@id":"https:\/\/flytorelocation.com\/se-se\/#website","url":"https:\/\/flytorelocation.com\/se-se\/","name":"Flyto Relocation Svenska","description":"","publisher":{"@id":"https:\/\/flytorelocation.com\/se-se\/#organization"},"potentialAction":[{"@type":"SearchAction","target":{"@type":"EntryPoint","urlTemplate":"https:\/\/flytorelocation.com\/se-se\/?s={search_term_string}"},"query-input":{"@type":"PropertyValueSpecification","valueRequired":true,"valueName":"search_term_string"}}],"inLanguage":"sv-SE"},{"@type":"Organization","@id":"https:\/\/flytorelocation.com\/se-se\/#organization","name":"Flyto Relocation Svenska","url":"https:\/\/flytorelocation.com\/se-se\/","logo":{"@type":"ImageObject","inLanguage":"fi","@id":"https:\/\/flytorelocation.com\/se-se\/#\/schema\/logo\/image\/","url":"https:\/\/flyto-wp-uploads.s3.eu-north-1.amazonaws.com\/wp-content\/uploads\/sites\/82\/2025\/10\/13130143\/Flyto-col.png","contentUrl":"https:\/\/flyto-wp-uploads.s3.eu-north-1.amazonaws.com\/wp-content\/uploads\/sites\/82\/2025\/10\/13130143\/Flyto-col.png","width":618,"height":337,"caption":"Flyto Relocation Svenska"},"image":{"@id":"https:\/\/flytorelocation.com\/se-se\/#\/schema\/logo\/image\/"}}]}},"acf":[],"_links":{"self":[{"href":"https:\/\/flytorelocation.com\/se-se\/wp-json\/wp\/v2\/pages\/1455","targetHints":{"allow":["GET"]}}],"collection":[{"href":"https:\/\/flytorelocation.com\/se-se\/wp-json\/wp\/v2\/pages"}],"about":[{"href":"https:\/\/flytorelocation.com\/se-se\/wp-json\/wp\/v2\/types\/page"}],"author":[{"embeddable":true,"href":"https:\/\/flytorelocation.com\/se-se\/wp-json\/wp\/v2\/users\/1"}],"replies":[{"embeddable":true,"href":"https:\/\/flytorelocation.com\/se-se\/wp-json\/wp\/v2\/comments?post=1455"}],"version-history":[{"count":2,"href":"https:\/\/flytorelocation.com\/se-se\/wp-json\/wp\/v2\/pages\/1455\/revisions"}],"predecessor-version":[{"id":1523,"href":"https:\/\/flytorelocation.com\/se-se\/wp-json\/wp\/v2\/pages\/1455\/revisions\/1523"}],"up":[{"embeddable":true,"href":"https:\/\/flytorelocation.com\/se-se\/wp-json\/wp\/v2\/pages\/1453"}],"wp:attachment":[{"href":"https:\/\/flytorelocation.com\/se-se\/wp-json\/wp\/v2\/media?parent=1455"}],"curies":[{"name":"wp","href":"https:\/\/api.w.org\/{rel}","templated":true}]}}