{"id":735,"date":"2025-10-17T19:02:33","date_gmt":"2025-10-17T16:02:33","guid":{"rendered":"https:\/\/flytorelocation.com\/fi\/?page_id=92"},"modified":"2026-04-27T13:23:07","modified_gmt":"2026-04-27T13:23:07","slug":"contact","status":"publish","type":"page","link":"https:\/\/flytorelocation.com\/pt\/contact\/","title":{"rendered":"Contact"},"content":{"rendered":"<p>[et_pb_section fb_built=&#8221;1&#8243; _builder_version=&#8221;4.27.4&#8243; _module_preset=&#8221;default&#8221; custom_padding=&#8221;||||true|false&#8221; global_colors_info=&#8221;{}&#8221;][et_pb_row _builder_version=&#8221;4.27.4&#8243; _module_preset=&#8221;default&#8221;][et_pb_column _builder_version=&#8221;4.27.4&#8243; _module_preset=&#8221;default&#8221; type=&#8221;4_4&#8243;][et_pb_code _builder_version=&#8221;4.27.4&#8243; _module_preset=&#8221;default&#8221; hover_enabled=&#8221;0&#8243; sticky_enabled=&#8221;0&#8243;]<\/p>\n<style><!-- [et_pb_line_break_holder] -->  .flyto-widget-wrap {<!-- [et_pb_line_break_holder] -->    max-width: 1280px;<!-- [et_pb_line_break_holder] -->    margin: 20px auto 20px;<!-- [et_pb_line_break_holder] -->    background: #fff;<!-- [et_pb_line_break_holder] -->    border-radius: 24px;<!-- [et_pb_line_break_holder] -->    box-shadow: 0 30px 80px -20px rgba(0,0,0,0.45);<!-- [et_pb_line_break_holder] -->    overflow: hidden;<!-- [et_pb_line_break_holder] -->  }<!-- [et_pb_line_break_holder] -->  @media (max-width: 768px) {<!-- [et_pb_line_break_holder] -->    .flyto-widget-wrap {<!-- [et_pb_line_break_holder] -->      margin: 0 12px 20px;<!-- [et_pb_line_break_holder] -->      border-radius: 14px;<!-- [et_pb_line_break_holder] -->      box-shadow: 0 10px 30px -10px rgba(0,0,0,0.2);<!-- [et_pb_line_break_holder] -->    }<!-- [et_pb_line_break_holder] -->    \/* Pakota Divin\/teeman row+section nollaan ylh\u00e4\u00e4lt\u00e4 mobiilissa *\/<!-- [et_pb_line_break_holder] -->    .et_pb_section:has(.flyto-widget-wrap),<!-- [et_pb_line_break_holder] -->    .et_pb_row:has(.flyto-widget-wrap),<!-- [et_pb_line_break_holder] -->    .et_pb_column:has(.flyto-widget-wrap),<!-- [et_pb_line_break_holder] -->    .et_pb_module:has(.flyto-widget-wrap) {<!-- [et_pb_line_break_holder] -->      padding-top: 0 !important;<!-- [et_pb_line_break_holder] -->      margin-top: 0 !important;<!-- [et_pb_line_break_holder] -->    }<!-- [et_pb_line_break_holder] -->  }<!-- [et_pb_line_break_holder] -->  .flyto-widget-wrap iframe {<!-- [et_pb_line_break_holder] -->    width: 100%;<!-- [et_pb_line_break_holder] -->    min-height: 540px;<!-- [et_pb_line_break_holder] -->    border: 0;<!-- [et_pb_line_break_holder] -->    display: block;<!-- [et_pb_line_break_holder] -->  }<!-- [et_pb_line_break_holder] --><\/style>\n<p><!-- [et_pb_line_break_holder] --><!-- [et_pb_line_break_holder] --><\/p>\n<div class=\"flyto-widget-wrap\"><!-- [et_pb_line_break_holder] -->  <iframe<!-- [et_pb_line_break_holder] -->    src=&#8221;https:\/\/app.flytorelocation.com\/widget?lang=en&#8221;<!-- [et_pb_line_break_holder] -->    loading=&#8221;lazy&#8221;<!-- [et_pb_line_break_holder] -->    title=&#8221;Flyto Quote Widget&#8221;<!-- [et_pb_line_break_holder] -->  ><\/iframe><!-- [et_pb_line_break_holder] --><\/div>\n<p><!-- [et_pb_line_break_holder] --><!-- [et_pb_line_break_holder] --><script><!-- [et_pb_line_break_holder] -->(function () {<!-- [et_pb_line_break_holder] -->  window.addEventListener('message', function (e) {<!-- [et_pb_line_break_holder] -->    if (e.origin !== 'https:\/\/app.flytorelocation.com') return;<!-- [et_pb_line_break_holder] -->    if (e.data && e.data.type === 'flyto-resize' && e.data.height) {<!-- [et_pb_line_break_holder] -->      var f = document.querySelector('iframe[title=\"Flyto Quote Widget\"]');<!-- [et_pb_line_break_holder] -->      if (f) f.style.height = e.data.height + 'px';<!-- [et_pb_line_break_holder] -->    }<!-- [et_pb_line_break_holder] -->  });<!-- [et_pb_line_break_holder] -->})();<!-- [et_pb_line_break_holder] --><\/script>[\/et_pb_code][\/et_pb_column][\/et_pb_row][\/et_pb_section][et_pb_section fb_built=&#8221;1&#8243; _builder_version=&#8221;4.27.4&#8243; _module_preset=&#8221;default&#8221; background_color=&#8221;#fafafa&#8221; custom_padding=&#8221;67px||||false|false&#8221; global_colors_info=&#8221;{}&#8221;][et_pb_row column_structure=&#8221;1_4,1_4,1_4,1_4&#8243; use_custom_gutter=&#8221;on&#8221; gutter_width=&#8221;2&#8243; _builder_version=&#8221;4.27.4&#8243; _module_preset=&#8221;default&#8221; custom_margin=&#8221;||||false|false&#8221; custom_margin_tablet=&#8221;&#8221; custom_margin_phone=&#8221;-39px|40px|0px|40px|false|true&#8221; custom_margin_last_edited=&#8221;on|desktop&#8221; custom_padding=&#8221;||||false|false&#8221; global_colors_info=&#8221;{}&#8221;][et_pb_column type=&#8221;1_4&#8243; _builder_version=&#8221;4.27.4&#8243; _module_preset=&#8221;default&#8221; background_color=&#8221;#f2e9f1&#8243; border_radii=&#8221;on|5px|5px|5px|5px&#8221; global_colors_info=&#8221;{}&#8221;][et_pb_text _builder_version=&#8221;4.27.4&#8243; _module_preset=&#8221;_initial&#8221; text_font=&#8221;Montserrat|700|||||||&#8221; text_text_color=&#8221;#000000&#8243; text_font_size=&#8221;12px&#8221; header_3_font=&#8221;Poppins|600|||||||&#8221; header_3_line_height=&#8221;1.1em&#8221; min_height=&#8221;181.8px&#8221; custom_margin=&#8221;||||false|false&#8221; custom_margin_tablet=&#8221;||46px|||&#8221; custom_margin_phone=&#8221;||-80px||false|false&#8221; custom_margin_last_edited=&#8221;on|phone&#8221; custom_padding=&#8221;117px|20px|117px|20px|true|true&#8221; global_colors_info=&#8221;{}&#8221;]<\/p>\n<h3>Customer service:\u00a0\u00a0<\/h3>\n<p><span style=\"color: #3a6351;\">\ud83d\udce7 hello@flytorelocation.com<\/span><br data-start=\"1943\" data-end=\"1946\" \/><span>\ud83d\udcf1 +358 50 369 9117\u00a0<\/span><\/p>\n<p>Flyto Portugal customer service is operated from our Southern-European HQ in Spain and is available in English.\u00a0\u00a0<span><\/span><\/p>\n<p>Warehousing services are available in Lisbon and Spain.<\/p>\n<p><span><\/span><\/p>\n<p>[\/et_pb_text][\/et_pb_column][et_pb_column type=&#8221;1_4&#8243; _builder_version=&#8221;4.27.4&#8243; _module_preset=&#8221;default&#8221; global_colors_info=&#8221;{}&#8221;][et_pb_team_member name=&#8221;Ilari Heikka&#8221; position=&#8221;Sales manager, international&#8221; image_url=&#8221;https:\/\/flyto-wp-uploads.s3.eu-north-1.amazonaws.com\/wp-content\/uploads\/sites\/75\/2025\/11\/09124149\/MagicEraser_250930_135658-1_1_11zon-scaled-1.jpg&#8221; _builder_version=&#8221;4.27.4&#8243; _module_preset=&#8221;default&#8221; header_font=&#8221;Poppins|600|||||||&#8221; body_font=&#8221;Montserrat||||||||&#8221; body_font_size=&#8221;13px&#8221; body_line_height=&#8221;1.8em&#8221; transform_scale_tablet=&#8221;&#8221; transform_scale_phone=&#8221;80%|80%&#8221; transform_scale_last_edited=&#8221;on|phone&#8221; transform_translate_tablet=&#8221;&#8221; transform_translate_phone=&#8221;&#8221; transform_translate_last_edited=&#8221;on|phone&#8221; transform_rotate_tablet=&#8221;&#8221; transform_rotate_phone=&#8221;&#8221; transform_rotate_last_edited=&#8221;on|phone&#8221; transform_skew_tablet=&#8221;&#8221; transform_skew_phone=&#8221;&#8221; transform_skew_last_edited=&#8221;on|phone&#8221; transform_origin_tablet=&#8221;&#8221; transform_origin_phone=&#8221;&#8221; transform_origin_last_edited=&#8221;on|phone&#8221; transform_styles_last_edited=&#8221;on|phone&#8221; transform_styles_tablet=&#8221;&#8221; transform_styles_phone=&#8221;&#8221; border_radii_image=&#8221;on|5px|5px|5px|5px&#8221; global_colors_info=&#8221;{}&#8221;]<\/p>\n<p>ilari@flytorelocation.com<\/p>\n<p>[\/et_pb_team_member][\/et_pb_column][et_pb_column type=&#8221;1_4&#8243; _builder_version=&#8221;4.27.4&#8243; _module_preset=&#8221;default&#8221; global_colors_info=&#8221;{}&#8221;][et_pb_team_member name=&#8221;Joonas Nurminen&#8221; position=&#8221;Sales manager, local&#8221; image_url=&#8221;https:\/\/flyto-wp-uploads.s3.eu-north-1.amazonaws.com\/wp-content\/uploads\/sites\/75\/2025\/11\/09124154\/MagicEraser_251001_113717-1_3_11zon.jpg&#8221; _builder_version=&#8221;4.27.4&#8243; _module_preset=&#8221;default&#8221; header_font=&#8221;Poppins|600|||||||&#8221; body_font=&#8221;Montserrat||||||||&#8221; body_font_size=&#8221;13px&#8221; body_line_height=&#8221;1.8em&#8221; transform_scale_tablet=&#8221;&#8221; transform_scale_phone=&#8221;80%|80%&#8221; transform_scale_last_edited=&#8221;on|phone&#8221; transform_translate_tablet=&#8221;&#8221; transform_translate_phone=&#8221;&#8221; transform_translate_last_edited=&#8221;on|phone&#8221; transform_rotate_tablet=&#8221;&#8221; transform_rotate_phone=&#8221;&#8221; transform_rotate_last_edited=&#8221;on|phone&#8221; transform_skew_tablet=&#8221;&#8221; transform_skew_phone=&#8221;&#8221; transform_skew_last_edited=&#8221;on|phone&#8221; transform_origin_tablet=&#8221;&#8221; transform_origin_phone=&#8221;&#8221; transform_origin_last_edited=&#8221;on|phone&#8221; border_radii_image=&#8221;on|5px|5px|5px|5px&#8221; global_colors_info=&#8221;{}&#8221;]<\/p>\n<p>joonas@flytorelocation.com<\/p>\n<p>[\/et_pb_team_member][\/et_pb_column][et_pb_column type=&#8221;1_4&#8243; _builder_version=&#8221;4.27.4&#8243; _module_preset=&#8221;default&#8221; global_colors_info=&#8221;{}&#8221;][et_pb_team_member name=&#8221;Ariel Keisa&#8221; position=&#8221;CEO&#8221; image_url=&#8221;https:\/\/flyto-wp-uploads.s3.eu-north-1.amazonaws.com\/wp-content\/uploads\/sites\/75\/2025\/11\/09124158\/MagicEraser_251001_113822_1_15.jpg&#8221; _builder_version=&#8221;4.27.4&#8243; _module_preset=&#8221;default&#8221; header_font=&#8221;Poppins|600|||||||&#8221; body_font=&#8221;Montserrat||||||||&#8221; body_font_size=&#8221;13px&#8221; body_line_height=&#8221;1.8em&#8221; transform_scale_tablet=&#8221;&#8221; transform_scale_phone=&#8221;80%|80%&#8221; transform_scale_last_edited=&#8221;on|phone&#8221; transform_translate_tablet=&#8221;&#8221; transform_translate_phone=&#8221;&#8221; transform_translate_last_edited=&#8221;on|phone&#8221; transform_rotate_tablet=&#8221;&#8221; transform_rotate_phone=&#8221;&#8221; transform_rotate_last_edited=&#8221;on|phone&#8221; transform_skew_tablet=&#8221;&#8221; transform_skew_phone=&#8221;&#8221; transform_skew_last_edited=&#8221;on|phone&#8221; transform_origin_tablet=&#8221;&#8221; transform_origin_phone=&#8221;&#8221; transform_origin_last_edited=&#8221;on|phone&#8221; border_radii_image=&#8221;on|5px|5px|5px|5px&#8221; global_colors_info=&#8221;{}&#8221;]<\/p>\n<p>ariel@flytorelocation.com<\/p>\n<p>[\/et_pb_team_member][\/et_pb_column][\/et_pb_row][\/et_pb_section][et_pb_section fb_built=&#8221;1&#8243; _builder_version=&#8221;4.27.4&#8243; _module_preset=&#8221;default&#8221; background_color=&#8221;#cd207d&#8221; custom_padding=&#8221;80px||80px||true|false&#8221; global_colors_info=&#8221;{}&#8221;][et_pb_row _builder_version=&#8221;4.27.4&#8243; _module_preset=&#8221;default&#8221; global_colors_info=&#8221;{}&#8221;][et_pb_column type=&#8221;4_4&#8243; _builder_version=&#8221;4.27.4&#8243; _module_preset=&#8221;default&#8221; global_colors_info=&#8221;{}&#8221;][et_pb_text _builder_version=&#8221;4.27.4&#8243; _module_preset=&#8221;_initial&#8221; text_text_color=&#8221;#CD207D&#8221; header_font=&#8221;Poppins|600|||||||&#8221; header_text_align=&#8221;center&#8221; header_text_color=&#8221;#FFFFFF&#8221; header_font_size=&#8221;38px&#8221; min_height=&#8221;69px&#8221; custom_margin=&#8221;-5px||0px||false|false&#8221; text_font_size_tablet=&#8221;&#8221; text_font_size_phone=&#8221;16px&#8221; text_font_size_last_edited=&#8221;on|phone&#8221; header_font_size_tablet=&#8221;41px&#8221; header_font_size_phone=&#8221;28px&#8221; header_font_size_last_edited=&#8221;on|phone&#8221; global_colors_info=&#8221;{}&#8221;]<\/p>\n<h1><span dir=\"auto\" style=\"vertical-align: inherit\"><span dir=\"auto\" style=\"vertical-align: inherit\">Relocation survey.<\/span><\/span><span style=\"text-decoration: underline\"><\/span><\/h1>\n<p>[\/et_pb_text][et_pb_text _builder_version=&#8221;4.27.4&#8243; _module_preset=&#8221;_initial&#8221; text_font=&#8221;Montserrat||||||||&#8221; text_text_color=&#8221;#FFFFFF&#8221; text_orientation=&#8221;center&#8221; width=&#8221;78%&#8221; module_alignment=&#8221;center&#8221; custom_margin=&#8221;||22px|||&#8221; text_font_size_tablet=&#8221;&#8221; text_font_size_phone=&#8221;16px&#8221; text_font_size_last_edited=&#8221;on|phone&#8221; global_colors_info=&#8221;{}&#8221;]<\/p>\n<p data-start=\"141\" data-end=\"371\">From packing and transport to home search and settling in, Flyto Relocation takes care of every detail of your move. With our\u00a0network across Europe, we deliver seamless, stress-free relocations \u2014 wherever life takes you.<\/p>\n<p>[\/et_pb_text][et_pb_button button_url=&#8221;https:\/\/calendar.google.com\/calendar\/u\/0\/appointments\/schedules\/AcZssZ0dTCWLDI_SxlI-g4rrtr-fCnHmQFZcNUyLRQUWQKKl9rpNrhiYYClL3V4jQh_ZGhvD3-7rZ_ye&#8221; url_new_window=&#8221;on&#8221; button_text=&#8221;Book now!&#8221; button_alignment=&#8221;center&#8221; _builder_version=&#8221;4.27.4&#8243; _module_preset=&#8221;_initial&#8221; custom_button=&#8221;on&#8221; button_text_size=&#8221;16px&#8221; button_text_color=&#8221;#FFFFFF&#8221; button_border_color=&#8221;#FFFFFF&#8221; button_font=&#8221;Outfit|600|||||||&#8221; button_use_icon=&#8221;off&#8221; custom_padding=&#8221;10px|26px|10px|26px|true|true&#8221; global_colors_info=&#8221;{%22gcid-f1e65d51-fa2f-4bf0-b2c1-8eab7001e8fd%22:%91%22button_text_color%22,%22button_text_color%22%93}&#8221;][\/et_pb_button][\/et_pb_column][\/et_pb_row][\/et_pb_section]<\/p>\n","protected":false},"excerpt":{"rendered":"<p>Customer service:\u00a0\u00a0 \ud83d\udce7 hello@flytorelocation.com\ud83d\udcf1 +358 50 369 9117\u00a0 Flyto Portugal customer service is operated from our Southern-European HQ in Spain and is available in English.\u00a0\u00a0 Warehousing services are available in Lisbon and Spain. ilari@flytorelocation.comjoonas@flytorelocation.comariel@flytorelocation.comRelocation survey.From packing and transport to home search and settling in, Flyto Relocation takes care of every detail of your move. With [&hellip;]<\/p>\n","protected":false},"author":1,"featured_media":0,"parent":0,"menu_order":0,"comment_status":"closed","ping_status":"closed","template":"","meta":{"_et_pb_use_builder":"on","_et_pb_old_content":"","_et_gb_content_width":"","footnotes":""},"class_list":["post-735","page","type-page","status-publish","hentry"],"yoast_head":"<!-- This site is optimized with the Yoast SEO plugin v26.3 - https:\/\/yoast.com\/wordpress\/plugins\/seo\/ -->\n<title>Contact - Flyto Relocation Portugal<\/title>\n<meta name=\"robots\" content=\"index, follow, max-snippet:-1, max-image-preview:large, max-video-preview:-1\" \/>\n<link rel=\"canonical\" href=\"https:\/\/flytorelocation.com\/pt\/contact\/\" \/>\n<meta property=\"og:locale\" content=\"fi_FI\" \/>\n<meta property=\"og:type\" content=\"article\" \/>\n<meta property=\"og:title\" content=\"Contact - Flyto Relocation Portugal\" \/>\n<meta property=\"og:description\" content=\"Customer service:\u00a0\u00a0 \ud83d\udce7 hello@flytorelocation.com\ud83d\udcf1 +358 50 369 9117\u00a0 Flyto Portugal customer service is operated from our Southern-European HQ in Spain and is available in English.\u00a0\u00a0 Warehousing services are available in Lisbon and Spain. ilari@flytorelocation.comjoonas@flytorelocation.comariel@flytorelocation.comRelocation survey.From packing and transport to home search and settling in, Flyto Relocation takes care of every detail of your move. With [&hellip;]\" \/>\n<meta property=\"og:url\" content=\"https:\/\/flytorelocation.com\/pt\/contact\/\" \/>\n<meta property=\"og:site_name\" content=\"Flyto Relocation Portugal\" \/>\n<meta property=\"article:modified_time\" content=\"2026-04-27T13:23:07+00:00\" \/>\n<meta name=\"twitter:card\" content=\"summary_large_image\" \/>\n<meta name=\"twitter:label1\" content=\"Arvioitu lukuaika\" \/>\n\t<meta name=\"twitter:data1\" content=\"5 minuuttia\" \/>\n<script type=\"application\/ld+json\" class=\"yoast-schema-graph\">{\"@context\":\"https:\/\/schema.org\",\"@graph\":[{\"@type\":\"WebPage\",\"@id\":\"https:\/\/flytorelocation.com\/pt\/contact\/\",\"url\":\"https:\/\/flytorelocation.com\/pt\/contact\/\",\"name\":\"Contact - Flyto Relocation Portugal\",\"isPartOf\":{\"@id\":\"https:\/\/flytorelocation.com\/pt\/#website\"},\"datePublished\":\"2025-10-17T16:02:33+00:00\",\"dateModified\":\"2026-04-27T13:23:07+00:00\",\"breadcrumb\":{\"@id\":\"https:\/\/flytorelocation.com\/pt\/contact\/#breadcrumb\"},\"inLanguage\":\"fi\",\"potentialAction\":[{\"@type\":\"ReadAction\",\"target\":[\"https:\/\/flytorelocation.com\/pt\/contact\/\"]}]},{\"@type\":\"BreadcrumbList\",\"@id\":\"https:\/\/flytorelocation.com\/pt\/contact\/#breadcrumb\",\"itemListElement\":[{\"@type\":\"ListItem\",\"position\":1,\"name\":\"Etusivu\",\"item\":\"https:\/\/flytorelocation.com\/pt\/\"},{\"@type\":\"ListItem\",\"position\":2,\"name\":\"Contact\"}]},{\"@type\":\"WebSite\",\"@id\":\"https:\/\/flytorelocation.com\/pt\/#website\",\"url\":\"https:\/\/flytorelocation.com\/pt\/\",\"name\":\"Flyto Relocation Portugal\",\"description\":\"\",\"potentialAction\":[{\"@type\":\"SearchAction\",\"target\":{\"@type\":\"EntryPoint\",\"urlTemplate\":\"https:\/\/flytorelocation.com\/pt\/?s={search_term_string}\"},\"query-input\":{\"@type\":\"PropertyValueSpecification\",\"valueRequired\":true,\"valueName\":\"search_term_string\"}}],\"inLanguage\":\"fi\"}]}<\/script>\n<!-- \/ Yoast SEO plugin. -->","yoast_head_json":{"title":"Contact - Flyto Relocation Portugal","robots":{"index":"index","follow":"follow","max-snippet":"max-snippet:-1","max-image-preview":"max-image-preview:large","max-video-preview":"max-video-preview:-1"},"canonical":"https:\/\/flytorelocation.com\/pt\/contact\/","og_locale":"fi_FI","og_type":"article","og_title":"Contact - Flyto Relocation Portugal","og_description":"Customer service:\u00a0\u00a0 \ud83d\udce7 hello@flytorelocation.com\ud83d\udcf1 +358 50 369 9117\u00a0 Flyto Portugal customer service is operated from our Southern-European HQ in Spain and is available in English.\u00a0\u00a0 Warehousing services are available in Lisbon and Spain. ilari@flytorelocation.comjoonas@flytorelocation.comariel@flytorelocation.comRelocation survey.From packing and transport to home search and settling in, Flyto Relocation takes care of every detail of your move. With [&hellip;]","og_url":"https:\/\/flytorelocation.com\/pt\/contact\/","og_site_name":"Flyto Relocation Portugal","article_modified_time":"2026-04-27T13:23:07+00:00","twitter_card":"summary_large_image","twitter_misc":{"Arvioitu lukuaika":"5 minuuttia"},"schema":{"@context":"https:\/\/schema.org","@graph":[{"@type":"WebPage","@id":"https:\/\/flytorelocation.com\/pt\/contact\/","url":"https:\/\/flytorelocation.com\/pt\/contact\/","name":"Contact - Flyto Relocation Portugal","isPartOf":{"@id":"https:\/\/flytorelocation.com\/pt\/#website"},"datePublished":"2025-10-17T16:02:33+00:00","dateModified":"2026-04-27T13:23:07+00:00","breadcrumb":{"@id":"https:\/\/flytorelocation.com\/pt\/contact\/#breadcrumb"},"inLanguage":"fi","potentialAction":[{"@type":"ReadAction","target":["https:\/\/flytorelocation.com\/pt\/contact\/"]}]},{"@type":"BreadcrumbList","@id":"https:\/\/flytorelocation.com\/pt\/contact\/#breadcrumb","itemListElement":[{"@type":"ListItem","position":1,"name":"Etusivu","item":"https:\/\/flytorelocation.com\/pt\/"},{"@type":"ListItem","position":2,"name":"Contact"}]},{"@type":"WebSite","@id":"https:\/\/flytorelocation.com\/pt\/#website","url":"https:\/\/flytorelocation.com\/pt\/","name":"Flyto Relocation Portugal","description":"","potentialAction":[{"@type":"SearchAction","target":{"@type":"EntryPoint","urlTemplate":"https:\/\/flytorelocation.com\/pt\/?s={search_term_string}"},"query-input":{"@type":"PropertyValueSpecification","valueRequired":true,"valueName":"search_term_string"}}],"inLanguage":"fi"}]}},"acf":[],"_links":{"self":[{"href":"https:\/\/flytorelocation.com\/pt\/wp-json\/wp\/v2\/pages\/735","targetHints":{"allow":["GET"]}}],"collection":[{"href":"https:\/\/flytorelocation.com\/pt\/wp-json\/wp\/v2\/pages"}],"about":[{"href":"https:\/\/flytorelocation.com\/pt\/wp-json\/wp\/v2\/types\/page"}],"author":[{"embeddable":true,"href":"https:\/\/flytorelocation.com\/pt\/wp-json\/wp\/v2\/users\/1"}],"replies":[{"embeddable":true,"href":"https:\/\/flytorelocation.com\/pt\/wp-json\/wp\/v2\/comments?post=735"}],"version-history":[{"count":5,"href":"https:\/\/flytorelocation.com\/pt\/wp-json\/wp\/v2\/pages\/735\/revisions"}],"predecessor-version":[{"id":963,"href":"https:\/\/flytorelocation.com\/pt\/wp-json\/wp\/v2\/pages\/735\/revisions\/963"}],"wp:attachment":[{"href":"https:\/\/flytorelocation.com\/pt\/wp-json\/wp\/v2\/media?parent=735"}],"curies":[{"name":"wp","href":"https:\/\/api.w.org\/{rel}","templated":true}]}}