{"id":9,"date":"2025-10-22T20:37:33","date_gmt":"2025-10-22T17:37:33","guid":{"rendered":"https:\/\/flytorelocation.com\/pt-pt\/fi\/?page_id=9"},"modified":"2026-01-17T00:11:42","modified_gmt":"2026-01-16T22:11:42","slug":"relocation-services","status":"publish","type":"page","link":"https:\/\/flytorelocation.com\/pt-pt\/relocation-services\/","title":{"rendered":"Relocation services"},"content":{"rendered":"<p>[et_pb_section fb_built=&#8221;1&#8243; custom_padding_last_edited=&#8221;on|tablet&#8221; admin_label=&#8221;About&#8221; _builder_version=&#8221;4.27.4&#8243; _module_preset=&#8221;default&#8221; custom_padding=&#8221;||0px|||&#8221; custom_padding_tablet=&#8221;0px||0px||true|false&#8221; custom_padding_phone=&#8221;0px||0px||true|false&#8221; collapsed=&#8221;on&#8221; global_colors_info=&#8221;{}&#8221;][et_pb_row _builder_version=&#8221;4.27.4&#8243; _module_preset=&#8221;default&#8221; locked=&#8221;off&#8221; global_colors_info=&#8221;{}&#8221;][et_pb_column type=&#8221;4_4&#8243; _builder_version=&#8221;4.22.0&#8243; _module_preset=&#8221;default&#8221; global_colors_info=&#8221;{}&#8221;][et_pb_heading title=&#8221;Servi\u00e7os de mudan\u00e7as&#8221; _builder_version=&#8221;4.27.4&#8243; _module_preset=&#8221;_initial&#8221; title_level=&#8221;h2&#8243; title_font=&#8221;Flyto oma||||||||&#8221; title_text_color=&#8221;#CD207D&#8221; title_font_size=&#8221;49px&#8221; min_height=&#8221;68.2px&#8221; custom_margin=&#8221;||||false|false&#8221; custom_margin_tablet=&#8221;0px||0px||true|false&#8221; custom_margin_phone=&#8221;0px||||false|false&#8221; custom_margin_last_edited=&#8221;on|phone&#8221; custom_padding=&#8221;||||false|false&#8221; custom_padding_tablet=&#8221;||||false|false&#8221; custom_padding_phone=&#8221;0px||||false|false&#8221; custom_padding_last_edited=&#8221;on|phone&#8221; title_font_size_phone=&#8221;42px&#8221; locked=&#8221;off&#8221; global_colors_info=&#8221;{}&#8221;][\/et_pb_heading][\/et_pb_column][\/et_pb_row][\/et_pb_section][et_pb_section fb_built=&#8221;1&#8243; custom_padding_last_edited=&#8221;on|phone&#8221; admin_label=&#8221;Services&#8221; _builder_version=&#8221;4.27.4&#8243; _module_preset=&#8221;default&#8221; custom_padding=&#8221;0px||||false|false&#8221; custom_padding_tablet=&#8221;0px||0px||true|false&#8221; custom_padding_phone=&#8221;0px||0px||false|false&#8221; collapsed=&#8221;on&#8221; global_colors_info=&#8221;{}&#8221;][et_pb_row column_structure=&#8221;1_4,1_4,1_2&#8243; _builder_version=&#8221;4.27.4&#8243; _module_preset=&#8221;default&#8221; global_colors_info=&#8221;{}&#8221;][et_pb_column type=&#8221;1_4&#8243; _builder_version=&#8221;4.27.4&#8243; _module_preset=&#8221;default&#8221; global_colors_info=&#8221;{}&#8221;][et_pb_text _builder_version=&#8221;4.27.4&#8243; _module_preset=&#8221;_initial&#8221; text_font=&#8221;Montserrat||||||||&#8221; text_text_color=&#8221;#000000&#8243; header_2_font=&#8221;Flyto oma|600|||||||&#8221; header_2_text_align=&#8221;left&#8221; header_2_text_color=&#8221;#000000&#8243; header_2_font_size=&#8221;22px&#8221; header_2_line_height=&#8221;1.2em&#8221; header_3_font_size=&#8221;30px&#8221; custom_margin_tablet=&#8221;&#8221; custom_margin_phone=&#8221;-36px||||false|false&#8221; custom_margin_last_edited=&#8221;on|phone&#8221; locked=&#8221;off&#8221; global_colors_info=&#8221;{}&#8221;]<\/p>\n<h2>Servi\u00e7os completos de mudan\u00e7a para um in\u00edcio tranquilo<\/h2>\n<p>[\/et_pb_text][et_pb_button button_url=&#8221;@ET-DC@eyJkeW5hbWljIjp0cnVlLCJjb250ZW50IjoicG9zdF9saW5rX3VybF9wYWdlIiwic2V0dGluZ3MiOnsicG9zdF9pZCI6IjczNSJ9fQ==@&#8221; button_text=&#8221;Fale com um especialista&#8221; _builder_version=&#8221;4.27.4&#8243; _dynamic_attributes=&#8221;button_url&#8221; _module_preset=&#8221;_initial&#8221; custom_button=&#8221;on&#8221; button_text_size=&#8221;14px&#8221; button_text_color=&#8221;#CD207D&#8221; button_bg_color=&#8221;#FFFFFF&#8221; button_border_color=&#8221;#CD207D&#8221; button_border_radius=&#8221;100px&#8221; button_font=&#8221;Outfit|600|||||||&#8221; button_use_icon=&#8221;off&#8221; custom_margin=&#8221;-10px||||false|false&#8221; custom_padding=&#8221;10px|26px|10px|26px|true|true&#8221; hover_enabled=&#8221;0&#8243; global_colors_info=&#8221;{%22gcid-f1e65d51-fa2f-4bf0-b2c1-8eab7001e8fd%22:%91%22button_text_color%22%93}&#8221; sticky_enabled=&#8221;0&#8243;][\/et_pb_button][\/et_pb_column][et_pb_column type=&#8221;1_4&#8243; _builder_version=&#8221;4.27.4&#8243; _module_preset=&#8221;default&#8221; global_colors_info=&#8221;{}&#8221;][et_pb_text _builder_version=&#8221;4.27.4&#8243; _module_preset=&#8221;_initial&#8221; text_font=&#8221;Montserrat|600|||||||&#8221; text_font_size=&#8221;13px&#8221; custom_margin=&#8221;||||false|false&#8221; global_colors_info=&#8221;{}&#8221;]<\/p>\n<p>Mudar-se para o estrangeiro \u00e9 mais do que apenas enviar os seus pertences \u2014 \u00e9 construir uma nova vida num novo lugar.<\/p>\n<p>Na Flyto, oferecemos uma gama completa de servi\u00e7os adicionais de mudan\u00e7as, concebidos para tornar a sua transi\u00e7\u00e3o f\u00e1cil, segura e sem stress.<\/p>\n<p>Quer esteja a mudar-se sozinho, com a sua fam\u00edlia ou em nome da sua empresa, a nossa equipa garante que cada etapa da sua mudan\u00e7a \u00e9 tratada com precis\u00e3o e cuidado.<\/p>\n<p>[\/et_pb_text][\/et_pb_column][et_pb_column type=&#8221;1_2&#8243; _builder_version=&#8221;4.27.4&#8243; _module_preset=&#8221;default&#8221; global_colors_info=&#8221;{}&#8221;][et_pb_image src=&#8221;https:\/\/flyto-wp-uploads.s3.eu-north-1.amazonaws.com\/wp-content\/uploads\/sites\/94\/2025\/10\/03182819\/FLYTO_muutto_kuvaaja-Nuuti-PAananen-6_1_11zon-scaled-1.jpg&#8221; title_text=&#8221;FLYTO_muutto_kuvaaja Nuuti PAananen (6)_1_11zon&#8221; _builder_version=&#8221;4.27.4&#8243; _module_preset=&#8221;default&#8221; border_radii=&#8221;on|20px|20px|20px|20px&#8221; global_colors_info=&#8221;{}&#8221;][\/et_pb_image][\/et_pb_column][\/et_pb_row][\/et_pb_section][et_pb_section fb_built=&#8221;1&#8243; _builder_version=&#8221;4.27.4&#8243; _module_preset=&#8221;default&#8221; background_color=&#8221;#fafafa&#8221; global_colors_info=&#8221;{}&#8221;][et_pb_row _builder_version=&#8221;4.27.4&#8243; _module_preset=&#8221;default&#8221; global_colors_info=&#8221;{}&#8221;][et_pb_column type=&#8221;4_4&#8243; _builder_version=&#8221;4.27.4&#8243; _module_preset=&#8221;default&#8221; global_colors_info=&#8221;{}&#8221;][et_pb_accordion open_toggle_background_color=&#8221;RGBA(255,255,255,0)&#8221; closed_toggle_text_color=&#8221;#000000&#8243; closed_toggle_background_color=&#8221;RGBA(255,255,255,0)&#8221; icon_color=&#8221;#CD207D&#8221; _builder_version=&#8221;4.27.4&#8243; _module_preset=&#8221;default&#8221; toggle_font=&#8221;Poppins|600|||||||&#8221; toggle_font_size=&#8221;15px&#8221; body_font=&#8221;Montserrat||||||||&#8221; body_line_height=&#8221;1.8em&#8221; hover_enabled=&#8221;0&#8243; border_radii=&#8221;on|5px|5px|5px|5px&#8221; border_color_all=&#8221;#CD207D&#8221; global_colors_info=&#8221;{%22gcid-primary-color%22:%91%22body_quote_text_color%22,%22quote_text_color%22,%22body_quote_text_color%22,%22quote_text_color%22%93,%22gcid-secondary-color%22:%91%22icon_color%22%93,%22gcid-heading-color%22:%91%22toggle_text_color%22,%22toggle_text_color%22%93}&#8221; sticky_enabled=&#8221;0&#8243;][et_pb_accordion_item title=&#8221;\ud83c\udfe0 Assist\u00eancia na Procura de Im\u00f3veis&#8221; open=&#8221;on&#8221; _builder_version=&#8221;4.27.4&#8243; _module_preset=&#8221;default&#8221; global_colors_info=&#8221;{}&#8221;]<\/p>\n<p>Encontrar um novo lar noutro pa\u00eds pode ser um desafio \u2014 mas com a Flyto, tudo se torna mais f\u00e1cil.<br \/>Os nossos especialistas em mudan\u00e7as ajudam-no a explorar os melhores bairros, a agendar visitas a im\u00f3veis e a dar apoio durante todo o processo de arrendamento ou compra.<\/p>\n<p>Personalizamos cada pesquisa com base no seu estilo de vida, trajeto e or\u00e7amento, garantindo que a sua nova casa \u00e9 perfeita desde o primeiro dia.<\/p>\n<p><strong>Inclui:<\/strong><\/p>\n<p>&#8211; Orienta\u00e7\u00e3o sobre \u00e1reas e bairros<\/p>\n<p>&#8211; Pesquisa e visitas a im\u00f3veis<\/p>\n<p>&#8211; Negocia\u00e7\u00e3o de contrato de arrendamento e apoio com a documenta\u00e7\u00e3o<\/p>\n<p>&#8211; Coordena\u00e7\u00e3o da mudan\u00e7a<\/p>\n<p>[\/et_pb_accordion_item][et_pb_accordion_item title=&#8221;\ud83d\udecb\ufe0f Montagem de mobili\u00e1rio e instala\u00e7\u00e3o da casa&#8221; _builder_version=&#8221;4.27.4&#8243; _module_preset=&#8221;default&#8221; global_colors_info=&#8221;{}&#8221; open=&#8221;off&#8221;]<\/p>\n<p>Garantimos que a sua nova casa est\u00e1 pronta a habitar \u2014 at\u00e9 nos mais pequenos detalhes.<\/p>\n<p>A nossa equipa trata da montagem dos m\u00f3veis, da instala\u00e7\u00e3o e da configura\u00e7\u00e3o dos sistemas essenciais da casa, para que se possa concentrar em instalar-se.<\/p>\n<p>Desde o agendamento das entregas \u00e0 coordena\u00e7\u00e3o das instala\u00e7\u00f5es, garantimos que a sua casa est\u00e1 funcional e confort\u00e1vel imediatamente ap\u00f3s a mudan\u00e7a.<\/p>\n<p><strong>Inclui:<\/strong><\/p>\n<p>&#8211; Entrega e montagem de mobili\u00e1rio<\/p>\n<p>&#8211; Instala\u00e7\u00f5es e ajustes na casa<\/p>\n<p>&#8211; Limpeza e organiza\u00e7\u00e3o final<\/p>\n<p>&#8211; Coordena\u00e7\u00e3o de prestadores de servi\u00e7os<\/p>\n<p>[\/et_pb_accordion_item][et_pb_accordion_item title=&#8221;\ud83d\ude97 Servi\u00e7o de Transporte de Ve\u00edculos&#8221; _builder_version=&#8221;4.27.4&#8243; _module_preset=&#8221;default&#8221; global_colors_info=&#8221;{}&#8221; open=&#8221;off&#8221;]<\/p>\n<p>Precisa de transportar o seu carro, motociclo ou outro ve\u00edculo?<\/p>\n<p>A Flyto oferece transporte internacional de ve\u00edculos seguro, fi\u00e1vel e totalmente segurado.<\/p>\n<p>Os nossos especialistas tratam do desalfandegamento, da log\u00edstica e do agendamento da entrega, garantindo que o seu ve\u00edculo chega em seguran\u00e7a e a tempo.<\/p>\n<p><strong>Inclui:<\/strong><\/p>\n<p>&#8211; Transporte e log\u00edstica internacional de ve\u00edculos<\/p>\n<p>&#8211; Recolha e entrega porta a porta<\/p>\n<p>&#8211; Assist\u00eancia com o desalfandegamento e o registo<\/p>\n<p>&#8211; Cobertura total do seguro<\/p>\n<p>[\/et_pb_accordion_item][et_pb_accordion_item title=&#8221;\ud83c\udfe2 Solu\u00e7\u00f5es de armazenamento seguro&#8221; _builder_version=&#8221;4.27.4&#8243; _module_preset=&#8221;default&#8221; global_colors_info=&#8221;{}&#8221; open=&#8221;off&#8221;]<\/p>\n<p>Se precisar de armazenamento tempor\u00e1rio ou a longo prazo durante a sua mudan\u00e7a, a Flyto oferece instala\u00e7\u00f5es seguras e com temperatura controlada.<\/p>\n<p>Os nossos servi\u00e7os de armazenamento s\u00e3o monitorizados por sistemas avan\u00e7ados de c\u00e2maras e incluem documenta\u00e7\u00e3o detalhada do invent\u00e1rio, proporcionando total tranquilidade durante o per\u00edodo de transi\u00e7\u00e3o.<\/p>\n<p><strong>Inclui:<\/strong><\/p>\n<p>&#8211; Armazenamento seguro e com temperatura controlada<\/p>\n<p>&#8211; Monitoriza\u00e7\u00e3o e vigil\u00e2ncia 24 horas por dia, 7 dias por semana<\/p>\n<p>&#8211; Op\u00e7\u00f5es flex\u00edveis de curto ou longo prazo<\/p>\n<p>&#8211; Documenta\u00e7\u00e3o completa dos artigos e acesso mediante pedido<\/p>\n<p>[\/et_pb_accordion_item][et_pb_accordion_item title=&#8221;\ud83e\udd1d Adapta\u00e7\u00e3o e apoio local&#8221; _builder_version=&#8221;4.27.4&#8243; _module_preset=&#8221;default&#8221; global_colors_info=&#8221;{}&#8221; open=&#8221;off&#8221;]<\/p>\n<p>Mudar-se para o estrangeiro \u00e9 mais do que log\u00edstica \u2014 trata-se de adaptar-se a um novo estilo de vida.<br \/>Os nossos servi\u00e7os de Apoio Local e Alojamento ajudam-no a si e \u00e0 sua fam\u00edlia a sentirem-se em casa rapidamente.<\/p>\n<p>Desde registos locais e cart\u00f5es de transporte a informa\u00e7\u00f5es culturais e orienta\u00e7\u00f5es para o dia a dia, garantimos que as suas primeiras semanas no estrangeiro s\u00e3o tranquilas e sem stress.<\/p>\n<p><strong>Inclui:<\/strong><\/p>\n<p>&#8211; Orienta\u00e7\u00e3o sobre a cidade e orienta\u00e7\u00f5es pr\u00e1ticas<\/p>\n<p>&#8211; Aux\u00edlio no registo local e documenta\u00e7\u00e3o<\/p>\n<p>&#8211; Introdu\u00e7\u00e3o aos servi\u00e7os de sa\u00fade, transportes e artigos essenciais do dia a dia<\/p>\n<p>&#8211; Apoio pessoal cont\u00ednuo dos nossos especialistas locais<\/p>\n<p>[\/et_pb_accordion_item][\/et_pb_accordion][et_pb_button button_url=&#8221;@ET-DC@eyJkeW5hbWljIjp0cnVlLCJjb250ZW50IjoicG9zdF9saW5rX3VybF9wYWdlIiwic2V0dGluZ3MiOnsicG9zdF9pZCI6IjczNSJ9fQ==@&#8221; button_text=&#8221;Agende uma consulta gratuita&#8221; _builder_version=&#8221;4.27.4&#8243; _dynamic_attributes=&#8221;button_url&#8221; _module_preset=&#8221;_initial&#8221; custom_button=&#8221;on&#8221; button_text_size=&#8221;16px&#8221; button_text_color=&#8221;#CD207D&#8221; button_border_color=&#8221;#CD207D&#8221; button_border_radius=&#8221;100px&#8221; button_font=&#8221;Outfit|600|||||||&#8221; button_use_icon=&#8221;off&#8221; custom_margin=&#8221;-2px||||false|false&#8221; custom_padding=&#8221;10px|26px|10px|26px|true|true&#8221; hover_enabled=&#8221;0&#8243; global_colors_info=&#8221;{%22gcid-f1e65d51-fa2f-4bf0-b2c1-8eab7001e8fd%22:%91%22button_text_color%22%93}&#8221; sticky_enabled=&#8221;0&#8243;][\/et_pb_button][\/et_pb_column][\/et_pb_row][\/et_pb_section]<\/p>\n","protected":false},"excerpt":{"rendered":"<p>Servi\u00e7os completos de mudan\u00e7a para um in\u00edcio tranquiloMudar-se para o estrangeiro \u00e9 mais do que apenas enviar os seus pertences \u2014 \u00e9 construir uma nova vida num novo lugar. Na Flyto, oferecemos uma gama completa de servi\u00e7os adicionais de mudan\u00e7as, concebidos para tornar a sua transi\u00e7\u00e3o f\u00e1cil, segura e sem stress. Quer esteja a mudar-se [&hellip;]<\/p>\n","protected":false},"author":1,"featured_media":0,"parent":0,"menu_order":0,"comment_status":"closed","ping_status":"closed","template":"","meta":{"_et_pb_use_builder":"on","_et_pb_old_content":"","_et_gb_content_width":"","footnotes":""},"class_list":["post-9","page","type-page","status-publish","hentry"],"yoast_head":"<!-- This site is optimized with the Yoast SEO plugin v26.3 - https:\/\/yoast.com\/wordpress\/plugins\/seo\/ -->\n<title>Relocation services - Flyto Relocation Portugal (Pt)<\/title>\n<meta name=\"robots\" content=\"index, follow, max-snippet:-1, max-image-preview:large, max-video-preview:-1\" \/>\n<link rel=\"canonical\" href=\"https:\/\/flytorelocation.com\/pt-pt\/relocation-services\/\" \/>\n<meta property=\"og:locale\" content=\"fi_FI\" \/>\n<meta property=\"og:type\" content=\"article\" \/>\n<meta property=\"og:title\" content=\"Relocation services - Flyto Relocation Portugal (Pt)\" \/>\n<meta property=\"og:description\" content=\"Servi\u00e7os completos de mudan\u00e7a para um in\u00edcio tranquiloMudar-se para o estrangeiro \u00e9 mais do que apenas enviar os seus pertences \u2014 \u00e9 construir uma nova vida num novo lugar. Na Flyto, oferecemos uma gama completa de servi\u00e7os adicionais de mudan\u00e7as, concebidos para tornar a sua transi\u00e7\u00e3o f\u00e1cil, segura e sem stress. Quer esteja a mudar-se [&hellip;]\" \/>\n<meta property=\"og:url\" content=\"https:\/\/flytorelocation.com\/pt-pt\/relocation-services\/\" \/>\n<meta property=\"og:site_name\" content=\"Flyto Relocation Portugal (Pt)\" \/>\n<meta property=\"article:modified_time\" content=\"2026-01-16T22:11:42+00:00\" \/>\n<meta name=\"twitter:card\" content=\"summary_large_image\" \/>\n<meta name=\"twitter:label1\" content=\"Arvioitu lukuaika\" \/>\n\t<meta name=\"twitter:data1\" content=\"7 minuuttia\" \/>\n<script type=\"application\/ld+json\" class=\"yoast-schema-graph\">{\"@context\":\"https:\/\/schema.org\",\"@graph\":[{\"@type\":\"WebPage\",\"@id\":\"https:\/\/flytorelocation.com\/pt-pt\/relocation-services\/\",\"url\":\"https:\/\/flytorelocation.com\/pt-pt\/relocation-services\/\",\"name\":\"Relocation services - Flyto Relocation Portugal (Pt)\",\"isPartOf\":{\"@id\":\"https:\/\/flytorelocation.com\/pt-pt\/#website\"},\"datePublished\":\"2025-10-22T17:37:33+00:00\",\"dateModified\":\"2026-01-16T22:11:42+00:00\",\"breadcrumb\":{\"@id\":\"https:\/\/flytorelocation.com\/pt-pt\/relocation-services\/#breadcrumb\"},\"inLanguage\":\"fi\",\"potentialAction\":[{\"@type\":\"ReadAction\",\"target\":[\"https:\/\/flytorelocation.com\/pt-pt\/relocation-services\/\"]}]},{\"@type\":\"BreadcrumbList\",\"@id\":\"https:\/\/flytorelocation.com\/pt-pt\/relocation-services\/#breadcrumb\",\"itemListElement\":[{\"@type\":\"ListItem\",\"position\":1,\"name\":\"Etusivu\",\"item\":\"https:\/\/flytorelocation.com\/pt-pt\/\"},{\"@type\":\"ListItem\",\"position\":2,\"name\":\"Relocation services\"}]},{\"@type\":\"WebSite\",\"@id\":\"https:\/\/flytorelocation.com\/pt-pt\/#website\",\"url\":\"https:\/\/flytorelocation.com\/pt-pt\/\",\"name\":\"Flyto Relocation Portugal (Pt)\",\"description\":\"\",\"publisher\":{\"@id\":\"https:\/\/flytorelocation.com\/pt-pt\/#organization\"},\"potentialAction\":[{\"@type\":\"SearchAction\",\"target\":{\"@type\":\"EntryPoint\",\"urlTemplate\":\"https:\/\/flytorelocation.com\/pt-pt\/?s={search_term_string}\"},\"query-input\":{\"@type\":\"PropertyValueSpecification\",\"valueRequired\":true,\"valueName\":\"search_term_string\"}}],\"inLanguage\":\"fi\"},{\"@type\":\"Organization\",\"@id\":\"https:\/\/flytorelocation.com\/pt-pt\/#organization\",\"name\":\"Flyto Relocation Portugal (Pt)\",\"url\":\"https:\/\/flytorelocation.com\/pt-pt\/\",\"logo\":{\"@type\":\"ImageObject\",\"inLanguage\":\"fi\",\"@id\":\"https:\/\/flytorelocation.com\/pt-pt\/#\/schema\/logo\/image\/\",\"url\":\"https:\/\/flyto-wp-uploads.s3.eu-north-1.amazonaws.com\/wp-content\/uploads\/sites\/94\/2025\/10\/13130143\/Flyto-col.png\",\"contentUrl\":\"https:\/\/flyto-wp-uploads.s3.eu-north-1.amazonaws.com\/wp-content\/uploads\/sites\/94\/2025\/10\/13130143\/Flyto-col.png\",\"width\":618,\"height\":337,\"caption\":\"Flyto Relocation Portugal (Pt)\"},\"image\":{\"@id\":\"https:\/\/flytorelocation.com\/pt-pt\/#\/schema\/logo\/image\/\"}}]}<\/script>\n<!-- \/ Yoast SEO plugin. -->","yoast_head_json":{"title":"Relocation services - Flyto Relocation Portugal (Pt)","robots":{"index":"index","follow":"follow","max-snippet":"max-snippet:-1","max-image-preview":"max-image-preview:large","max-video-preview":"max-video-preview:-1"},"canonical":"https:\/\/flytorelocation.com\/pt-pt\/relocation-services\/","og_locale":"fi_FI","og_type":"article","og_title":"Relocation services - Flyto Relocation Portugal (Pt)","og_description":"Servi\u00e7os completos de mudan\u00e7a para um in\u00edcio tranquiloMudar-se para o estrangeiro \u00e9 mais do que apenas enviar os seus pertences \u2014 \u00e9 construir uma nova vida num novo lugar. Na Flyto, oferecemos uma gama completa de servi\u00e7os adicionais de mudan\u00e7as, concebidos para tornar a sua transi\u00e7\u00e3o f\u00e1cil, segura e sem stress. Quer esteja a mudar-se [&hellip;]","og_url":"https:\/\/flytorelocation.com\/pt-pt\/relocation-services\/","og_site_name":"Flyto Relocation Portugal (Pt)","article_modified_time":"2026-01-16T22:11:42+00:00","twitter_card":"summary_large_image","twitter_misc":{"Arvioitu lukuaika":"7 minuuttia"},"schema":{"@context":"https:\/\/schema.org","@graph":[{"@type":"WebPage","@id":"https:\/\/flytorelocation.com\/pt-pt\/relocation-services\/","url":"https:\/\/flytorelocation.com\/pt-pt\/relocation-services\/","name":"Relocation services - Flyto Relocation Portugal (Pt)","isPartOf":{"@id":"https:\/\/flytorelocation.com\/pt-pt\/#website"},"datePublished":"2025-10-22T17:37:33+00:00","dateModified":"2026-01-16T22:11:42+00:00","breadcrumb":{"@id":"https:\/\/flytorelocation.com\/pt-pt\/relocation-services\/#breadcrumb"},"inLanguage":"fi","potentialAction":[{"@type":"ReadAction","target":["https:\/\/flytorelocation.com\/pt-pt\/relocation-services\/"]}]},{"@type":"BreadcrumbList","@id":"https:\/\/flytorelocation.com\/pt-pt\/relocation-services\/#breadcrumb","itemListElement":[{"@type":"ListItem","position":1,"name":"Etusivu","item":"https:\/\/flytorelocation.com\/pt-pt\/"},{"@type":"ListItem","position":2,"name":"Relocation services"}]},{"@type":"WebSite","@id":"https:\/\/flytorelocation.com\/pt-pt\/#website","url":"https:\/\/flytorelocation.com\/pt-pt\/","name":"Flyto Relocation Portugal (Pt)","description":"","publisher":{"@id":"https:\/\/flytorelocation.com\/pt-pt\/#organization"},"potentialAction":[{"@type":"SearchAction","target":{"@type":"EntryPoint","urlTemplate":"https:\/\/flytorelocation.com\/pt-pt\/?s={search_term_string}"},"query-input":{"@type":"PropertyValueSpecification","valueRequired":true,"valueName":"search_term_string"}}],"inLanguage":"fi"},{"@type":"Organization","@id":"https:\/\/flytorelocation.com\/pt-pt\/#organization","name":"Flyto Relocation Portugal (Pt)","url":"https:\/\/flytorelocation.com\/pt-pt\/","logo":{"@type":"ImageObject","inLanguage":"fi","@id":"https:\/\/flytorelocation.com\/pt-pt\/#\/schema\/logo\/image\/","url":"https:\/\/flyto-wp-uploads.s3.eu-north-1.amazonaws.com\/wp-content\/uploads\/sites\/94\/2025\/10\/13130143\/Flyto-col.png","contentUrl":"https:\/\/flyto-wp-uploads.s3.eu-north-1.amazonaws.com\/wp-content\/uploads\/sites\/94\/2025\/10\/13130143\/Flyto-col.png","width":618,"height":337,"caption":"Flyto Relocation Portugal (Pt)"},"image":{"@id":"https:\/\/flytorelocation.com\/pt-pt\/#\/schema\/logo\/image\/"}}]}},"acf":[],"_links":{"self":[{"href":"https:\/\/flytorelocation.com\/pt-pt\/wp-json\/wp\/v2\/pages\/9","targetHints":{"allow":["GET"]}}],"collection":[{"href":"https:\/\/flytorelocation.com\/pt-pt\/wp-json\/wp\/v2\/pages"}],"about":[{"href":"https:\/\/flytorelocation.com\/pt-pt\/wp-json\/wp\/v2\/types\/page"}],"author":[{"embeddable":true,"href":"https:\/\/flytorelocation.com\/pt-pt\/wp-json\/wp\/v2\/users\/1"}],"replies":[{"embeddable":true,"href":"https:\/\/flytorelocation.com\/pt-pt\/wp-json\/wp\/v2\/comments?post=9"}],"version-history":[{"count":3,"href":"https:\/\/flytorelocation.com\/pt-pt\/wp-json\/wp\/v2\/pages\/9\/revisions"}],"predecessor-version":[{"id":1354,"href":"https:\/\/flytorelocation.com\/pt-pt\/wp-json\/wp\/v2\/pages\/9\/revisions\/1354"}],"wp:attachment":[{"href":"https:\/\/flytorelocation.com\/pt-pt\/wp-json\/wp\/v2\/media?parent=9"}],"curies":[{"name":"wp","href":"https:\/\/api.w.org\/{rel}","templated":true}]}}