{"id":733,"date":"2025-10-17T19:02:33","date_gmt":"2025-10-17T16:02:33","guid":{"rendered":"https:\/\/flytorelocation.com\/pt-pt\/fi\/?page_id=90"},"modified":"2026-01-17T00:07:23","modified_gmt":"2026-01-16T22:07:23","slug":"blog","status":"publish","type":"page","link":"https:\/\/flytorelocation.com\/pt-pt\/blog\/","title":{"rendered":"FAQ"},"content":{"rendered":"<p>[et_pb_section fb_built=&#8221;1&#8243; _builder_version=&#8221;4.27.4&#8243; _module_preset=&#8221;default&#8221; custom_padding=&#8221;20px||20px||true|false&#8221; global_colors_info=&#8221;{}&#8221;][et_pb_row _builder_version=&#8221;4.27.4&#8243; _module_preset=&#8221;default&#8221; custom_padding=&#8221;0px||0px||true|false&#8221; global_colors_info=&#8221;{}&#8221;][et_pb_column type=&#8221;4_4&#8243; _builder_version=&#8221;4.27.4&#8243; _module_preset=&#8221;default&#8221; global_colors_info=&#8221;{}&#8221;][et_pb_heading title=&#8221;Perguntas frequentes&#8221; _builder_version=&#8221;4.27.4&#8243; _module_preset=&#8221;_initial&#8221; title_font=&#8221;Flyto oma||||||||&#8221; title_text_color=&#8221;#CD207D&#8221; title_font_size=&#8221;62px&#8221; custom_margin=&#8221;||10px||false|false&#8221; custom_margin_tablet=&#8221;||10px||false|false&#8221; custom_margin_phone=&#8221;||10px||false|false&#8221; custom_margin_last_edited=&#8221;on|phone&#8221; custom_padding_tablet=&#8221;&#8221; custom_padding_phone=&#8221;0px||||false|false&#8221; custom_padding_last_edited=&#8221;on|phone&#8221; title_font_size_tablet=&#8221;40px&#8221; title_font_size_phone=&#8221;30px&#8221; title_font_size_last_edited=&#8221;on|phone&#8221; locked=&#8221;off&#8221; global_colors_info=&#8221;{}&#8221;][\/et_pb_heading][\/et_pb_column][\/et_pb_row][\/et_pb_section][et_pb_section fb_built=&#8221;1&#8243; admin_label=&#8221;Header&#8221; _builder_version=&#8221;4.27.4&#8243; _module_preset=&#8221;default&#8221; custom_padding=&#8221;0px||||false|false&#8221; collapsed=&#8221;on&#8221; global_colors_info=&#8221;{}&#8221;][et_pb_row column_structure=&#8221;1_2,1_2&#8243; _builder_version=&#8221;4.27.4&#8243; _module_preset=&#8221;default&#8221; global_colors_info=&#8221;{}&#8221;][et_pb_column type=&#8221;1_2&#8243; _builder_version=&#8221;4.22.0&#8243; _module_preset=&#8221;default&#8221; global_colors_info=&#8221;{}&#8221;][et_pb_heading title=&#8221;O CEO responde: a verdade (e os mitos) sobre viver no estrangeiro.&#8221; _builder_version=&#8221;4.27.4&#8243; _module_preset=&#8221;_initial&#8221; title_font=&#8221;Flyto oma||||||||&#8221; title_text_align=&#8221;left&#8221; title_text_color=&#8221;#CD207D&#8221; title_line_height=&#8221;1.1em&#8221; custom_margin=&#8221;3px||||false|false&#8221; custom_margin_tablet=&#8221;0px||||false|false&#8221; custom_margin_phone=&#8221;||||false|false&#8221; custom_margin_last_edited=&#8221;on|phone&#8221; custom_padding=&#8221;||||false|false&#8221; custom_padding_tablet=&#8221;||||false|false&#8221; custom_padding_phone=&#8221;||||false|false&#8221; custom_padding_last_edited=&#8221;on|phone&#8221; title_font_size_phone=&#8221;29px&#8221; global_colors_info=&#8221;{}&#8221;][\/et_pb_heading][et_pb_text _builder_version=&#8221;4.27.4&#8243; _module_preset=&#8221;_initial&#8221; text_font=&#8221;Montserrat||||||||&#8221; text_line_height=&#8221;1.8em&#8221; custom_margin=&#8221;-20px||||false|false&#8221; global_colors_info=&#8221;{}&#8221;]<\/p>\n<p><strong data-start=\"867\" data-end=\"928\">Sabemos o que est\u00e1 a pensar \u2014 \u200b\u200be temos as respostas.<\/strong><\/p>\n<p>A mudan\u00e7a para o estrangeiro traz consigo d\u00favidas, entusiasmo e talvez um pouco de p\u00e2nico. N\u00e3o se preocupe \u2014 o nosso CEO j\u00e1 as ouviu todas (e respondeu com um sorriso).<\/p>\n<p>[\/et_pb_text][\/et_pb_column][et_pb_column type=&#8221;1_2&#8243; _builder_version=&#8221;4.22.0&#8243; _module_preset=&#8221;default&#8221; global_colors_info=&#8221;{}&#8221;][et_pb_image src=&#8221;https:\/\/flyto-wp-uploads.s3.eu-north-1.amazonaws.com\/wp-content\/uploads\/sites\/94\/2025\/11\/13095224\/Groweo_Flyto_1-scaled.jpg&#8221; title_text=&#8221;Groweo_Flyto_1&#8243; _builder_version=&#8221;4.27.4&#8243; _module_preset=&#8221;default&#8221; border_radii=&#8221;on|5px|5px|5px|5px&#8221; global_colors_info=&#8221;{}&#8221;][\/et_pb_image][\/et_pb_column][\/et_pb_row][et_pb_row _builder_version=&#8221;4.27.4&#8243; _module_preset=&#8221;default&#8221; min_height=&#8221;1132px&#8221; custom_margin=&#8221;||||false|false&#8221; global_colors_info=&#8221;{}&#8221;][et_pb_column type=&#8221;4_4&#8243; _builder_version=&#8221;4.27.4&#8243; _module_preset=&#8221;default&#8221; global_colors_info=&#8221;{}&#8221;][et_pb_accordion open_toggle_background_color=&#8221;RGBA(255,255,255,0)&#8221; closed_toggle_text_color=&#8221;#000000&#8243; closed_toggle_background_color=&#8221;RGBA(255,255,255,0)&#8221; icon_color=&#8221;#CD207D&#8221; _builder_version=&#8221;4.27.4&#8243; _module_preset=&#8221;default&#8221; toggle_font=&#8221;Poppins|600|||||||&#8221; toggle_font_size=&#8221;15px&#8221; body_font=&#8221;Montserrat||||||||&#8221; body_line_height=&#8221;1.8em&#8221; border_radii=&#8221;on|5px|5px|5px|5px&#8221; border_color_all=&#8221;#CD207D&#8221; global_colors_info=&#8221;{%22gcid-primary-color%22:%91%22body_quote_text_color%22,%22quote_text_color%22,%22body_quote_text_color%22,%22quote_text_color%22%93,%22gcid-secondary-color%22:%91%22icon_color%22%93,%22gcid-heading-color%22:%91%22toggle_text_color%22,%22toggle_text_color%22%93}&#8221;][et_pb_accordion_item title=&#8221;Sinceramente\u2026 mudar para o estrangeiro \u00e9 assim t\u00e3o stressante?&#8221; _builder_version=&#8221;4.27.4&#8243; _module_preset=&#8221;default&#8221; global_colors_info=&#8221;{}&#8221; open=&#8221;on&#8221;]<\/p>\n<p>S\u00f3 se o fizer sem a Flyto! Pense em n\u00f3s como o seu concierge pessoal de mudan\u00e7as \u2014 planeamos, embalamos, enviamos e entregamos enquanto planeia o seu novo caf\u00e9 favorito em Lisboa.<br \/>O nosso trabalho \u00e9 tornar a sua mudan\u00e7a t\u00e3o tranquila que, quando terminar de desempacotar, se pergunte se houve teletransporte envolvido.<\/p>\n<p>[\/et_pb_accordion_item][et_pb_accordion_item title=&#8221;Qu\u00e3o seguros est\u00e3o os meus pertences, na realidade?&#8221; _builder_version=&#8221;4.27.4&#8243; _module_preset=&#8221;default&#8221; global_colors_info=&#8221;{}&#8221; open=&#8221;off&#8221;]<\/p>\n<p>Mais seguro do que uma receita secreta num cofre su\u00ed\u00e7o. Todos os ve\u00edculos da Flyto t\u00eam rastreamento por GPS, c\u00e2maras a bordo e sistemas de carregamento seguros \u2014 porque gostamos de saber onde est\u00e1 o seu sof\u00e1 \u00e0s 3h da manh\u00e3, mesmo que n\u00e3o saiba.<br \/>Embalamos tudo como se fosse para uma viagem real. Seja um vinho de colheita ou o primeiro ursinho de peluche do seu filho \u2014 tudo \u00e9 tratado como um tesouro.<\/p>\n<p>[\/et_pb_accordion_item][et_pb_accordion_item title=&#8221;Ainda nem sequer tenho uma casa nova \u2014 como \u00e9 que isso funciona?&#8221; _builder_version=&#8221;4.27.4&#8243; _module_preset=&#8221;default&#8221; global_colors_info=&#8221;{}&#8221; open=&#8221;off&#8221;]<\/p>\n<p>F\u00e1cil. Voc\u00ea relaxa e n\u00f3s encontramos para si. A nossa Equipa de Pesquisa de Im\u00f3veis explora bairros, verifica an\u00fancios, faz visitas virtuais e at\u00e9 trata da papelada. S\u00f3 precisa de aprovar o seu favorito no conforto do seu sof\u00e1 atual.<br \/>Quando chegar, a sua nova casa estar\u00e1 \u00e0 espera \u2014 Wi-Fi ligado, cortinas instaladas e talvez at\u00e9 uma pequena planta de boas-vindas. \ud83c\udf3f<\/p>\n<p>[\/et_pb_accordion_item][et_pb_accordion_item title=&#8221;Tamb\u00e9m consegue lidar com grandes mudan\u00e7as corporativas?&#8221; open=&#8221;off&#8221; _builder_version=&#8221;4.27.4&#8243; _module_preset=&#8221;default&#8221; global_colors_info=&#8221;{}&#8221;]<\/p>\n<p>Com certeza. Realizamos mudan\u00e7as de executivos, equipas inteiras e, por vezes, at\u00e9 da m\u00e1quina de caf\u00e9 do escrit\u00f3rio \u2014 tudo isto sem falhar o prazo.<br \/>Garantimos que os seus colaboradores chegam prontos para come\u00e7ar, e n\u00e3o para recuperar. Porque as grandes empresas merecem grandes mudan\u00e7as.<\/p>\n<p>[\/et_pb_accordion_item][et_pb_accordion_item title=&#8221;Ent\u00e3o, o que \u00e9 que realmente torna a Flyto diferente?&#8221; _builder_version=&#8221;4.27.4&#8243; _module_preset=&#8221;default&#8221; global_colors_info=&#8221;{}&#8221; open=&#8221;off&#8221;]<\/p>\n<p>Tr\u00eas coisas: a nossa equipa, a nossa precis\u00e3o e a nossa obsess\u00e3o pela tranquilidade.<br \/>Temos a melhor rede em toda a Europa, acompanhamos cada remessa como um falc\u00e3o e preocupamo-nos genuinamente com a sua experi\u00eancia. N\u00e3o estamos apenas a transportar caixas \u2014 estamos a transportar vidas. E levamos isso a s\u00e9rio\u2026 mas n\u00e3o t\u00e3o a s\u00e9rio.<\/p>\n<p>[\/et_pb_accordion_item][et_pb_accordion_item title=&#8221;Preciso de pagar tudo antecipadamente?&#8221; _builder_version=&#8221;4.27.4&#8243; _module_preset=&#8221;default&#8221; global_colors_info=&#8221;{}&#8221; open=&#8221;off&#8221;]<\/p>\n<p>N\u00e3o, de todo. Com a Flyto, nunca paga antes de nada acontecer. Os pagamentos s\u00e3o feitos apenas no momento do carregamento \u2014 quando a sua mudan\u00e7a j\u00e1 est\u00e1 em curso. Acreditamos na confian\u00e7a, transpar\u00eancia e justi\u00e7a. V\u00ea a qualidade antes de pagar por ela.<\/p>\n<p>[\/et_pb_accordion_item][et_pb_accordion_item title=&#8221;Quanto tempo costuma demorar uma mudan\u00e7a internacional?&#8221; _builder_version=&#8221;4.27.4&#8243; _module_preset=&#8221;default&#8221; global_colors_info=&#8221;{}&#8221; open=&#8221;off&#8221;]<\/p>\n<p>Geralmente, muito menos do que as pessoas imaginam. A maioria das mudan\u00e7as internacionais dentro da Europa demora apenas alguns dias \u2014 no m\u00e1ximo uma semana, se n\u00e3o houver necessidade de armazenamento interm\u00e9dio.<br \/>As nossas rotas s\u00e3o otimizadas e as nossas equipas coordenadas, para que os seus pertences cheguem de forma r\u00e1pida, segura e dentro do prazo.<\/p>\n<p>[\/et_pb_accordion_item][et_pb_accordion_item title=&#8221;Posso acompanhar a minha encomenda?&#8221; _builder_version=&#8221;4.27.4&#8243; _module_preset=&#8221;default&#8221; global_colors_info=&#8221;{}&#8221; open=&#8221;off&#8221;]<\/p>\n<p>Com certeza. Cada deslocamento com a Flyto \u00e9 documentado e rastreado digitalmente do in\u00edcio ao fim. Ter\u00e1 um link de rastreamento GPS no seu telem\u00f3vel para fazer o check-in a qualquer momento.<\/p>\n<p>[\/et_pb_accordion_item][et_pb_accordion_item title=&#8221;E quanto \u00e0s alf\u00e2ndegas, impostos e documenta\u00e7\u00e3o?&#8221; _builder_version=&#8221;4.27.4&#8243; _module_preset=&#8221;default&#8221; global_colors_info=&#8221;{}&#8221; open=&#8221;off&#8221;]<\/p>\n<p>\u00c9 a\u00ed que nos destacamos. A Flyto trata dos formul\u00e1rios, das autoriza\u00e7\u00f5es e da burocracia para que n\u00e3o tenha de se preocupar.<br \/>Sabemos quais os formul\u00e1rios importantes, quais n\u00e3o s\u00e3o e quais os que exigem uma assinatura extra em tr\u00eas vias \u2014 e j\u00e1 os temos todos prontos.<\/p>\n<p>[\/et_pb_accordion_item][et_pb_accordion_item title=&#8221;E se algo for danificado ou perdido?&#8221; _builder_version=&#8221;4.27.4&#8243; _module_preset=&#8221;default&#8221; global_colors_info=&#8221;{}&#8221; open=&#8221;off&#8221;]<\/p>\n<p>Depois, resolvemos o problema \u2014 rapidamente. Mas primeiro, prevenimos que ele aconte\u00e7a. Tudo o que transportamos \u00e9 embalado, fotografado e registado de acordo com o nosso protocolo de seguran\u00e7a.<br \/>No caso raro de algo correr mal, o nosso processo de seguro e sinistros \u00e9 r\u00e1pido, justo e tratado pessoalmente.<\/p>\n<p>[\/et_pb_accordion_item][et_pb_accordion_item title=&#8221;Posso escolher quais os servi\u00e7os de que preciso?&#8221; _builder_version=&#8221;4.27.4&#8243; _module_preset=&#8221;default&#8221; global_colors_info=&#8221;{}&#8221; open=&#8221;off&#8221;]<\/p>\n<p>Claro. Pode escolher exatamente o que deseja \u2014 desde uma mudan\u00e7a completa at\u00e9 apenas o transporte.<br \/>Pense nisto como um menu premium: embalagem, desalfandegamento, pesquisa de im\u00f3veis, montagem de m\u00f3veis e at\u00e9 armazenamento. Voc\u00ea escolhe, n\u00f3s entregamos.<\/p>\n<p>[\/et_pb_accordion_item][et_pb_accordion_item title=&#8221;Quanto custa, de facto, uma mudan\u00e7a internacional?&#8221; _builder_version=&#8221;4.27.4&#8243; _module_preset=&#8221;default&#8221; global_colors_info=&#8221;{}&#8221; open=&#8221;off&#8221;]<\/p>\n<p>Menos stress do que fazer tudo sozinho \u2014 e mais transparente do que imagina.<br \/>Cada mudan\u00e7a \u00e9 diferente, mas, na Flyto, baseamos os nossos pre\u00e7os na dist\u00e2ncia, no volume e nos servi\u00e7os \u2014 sem surpresas. Receber\u00e1 sempre um or\u00e7amento claro e detalhado antes de qualquer coisa come\u00e7ar, para saber exatamente pelo que est\u00e1 a pagar.<br \/>E como tudo \u00e9 gerido por uma equipa coordenada, n\u00e3o h\u00e1 taxas ocultas de &#8221;transfer\u00eancia&#8221; entre pa\u00edses \u2014 apenas um processo tranquilo e fi\u00e1vel do in\u00edcio ao fim.<\/p>\n<p>[\/et_pb_accordion_item][et_pb_accordion_item title=&#8221;Tamb\u00e9m oferece ajuda com animais de estima\u00e7\u00e3o, carros ou armazenamento?&#8221; _builder_version=&#8221;4.27.4&#8243; _module_preset=&#8221;default&#8221; global_colors_info=&#8221;{}&#8221; open=&#8221;off&#8221;]<\/p>\n<p>Sim para as tr\u00eas op\u00e7\u00f5es. Trabalhamos em parceria com especialistas de confian\u00e7a para o transporte de animais de estima\u00e7\u00e3o, transporte de ve\u00edculos e armazenamento seguro.<br \/>O seu carro, o seu gato ou o seu piano de concerto \u2014 j\u00e1 os transport\u00e1mos todos em seguran\u00e7a (embora n\u00e3o no mesmo cami\u00e3o).<\/p>\n<p>[\/et_pb_accordion_item][et_pb_accordion_item title=&#8221;Pode ajudar com registos locais ou com a instala\u00e7\u00e3o de servi\u00e7os p\u00fablicos?&#8221; _builder_version=&#8221;4.27.4&#8243; _module_preset=&#8221;default&#8221; global_colors_info=&#8221;{}&#8221; open=&#8221;off&#8221;]<\/p>\n<p>Com certeza. Os nossos especialistas em mudan\u00e7as auxiliam no registo na c\u00e2mara municipal, nas liga\u00e7\u00f5es de servi\u00e7os p\u00fablicos, na configura\u00e7\u00e3o da internet \u2014 todas as \u201cpequenas coisas\u201d que se podem transformar em grandes dores de cabe\u00e7a.<br \/>Quando dizemos porta a porta, \u00e9 isso mesmo que queremos dizer.<\/p>\n<p>[\/et_pb_accordion_item][et_pb_accordion_item title=&#8221;Como posso ter a certeza de que a minha mudan\u00e7a correr\u00e1 bem?&#8221; _builder_version=&#8221;4.27.4&#8243; _module_preset=&#8221;default&#8221; global_colors_info=&#8221;{}&#8221; open=&#8221;off&#8221;]<\/p>\n<p>Porque esse \u00e9 o nosso trabalho. Planeamos, preparamos e comunicamos cada etapa do processo.<br \/>Nos bastidores, h\u00e1 toda uma equipa da Flyto a coordenar a sua mudan\u00e7a como um controlo de tr\u00e1fego a\u00e9reo \u2014 discreta, precisa e pronta para tudo.<\/p>\n<p>[\/et_pb_accordion_item][et_pb_accordion_item title=&#8221;Ok, estou convencido. Qual o pr\u00f3ximo passo?&#8221; _builder_version=&#8221;4.27.4&#8243; _module_preset=&#8221;default&#8221; global_colors_info=&#8221;{}&#8221; open=&#8221;off&#8221;]<\/p>\n<p>Simples \u2014 clique abaixo, agende a sua consulta gratuita e vamos come\u00e7ar a planear a sua mudan\u00e7a. Voc\u00ea diz-nos para onde vai; n\u00f3s tratamos do resto.<br \/>E sim \u2014 prometemos que at\u00e9 ser\u00e1 divertido.<\/p>\n<p>[\/et_pb_accordion_item][\/et_pb_accordion][et_pb_button button_url=&#8221;@ET-DC@eyJkeW5hbWljIjp0cnVlLCJjb250ZW50IjoicG9zdF9saW5rX3VybF9wYWdlIiwic2V0dGluZ3MiOnsicG9zdF9pZCI6IjczNSJ9fQ==@&#8221; button_text=&#8221;Agende uma consulta gratuita&#8221; _builder_version=&#8221;4.27.4&#8243; _dynamic_attributes=&#8221;button_url&#8221; _module_preset=&#8221;_initial&#8221; custom_button=&#8221;on&#8221; button_text_size=&#8221;16px&#8221; button_text_color=&#8221;#CD207D&#8221; button_border_color=&#8221;#CD207D&#8221; button_border_radius=&#8221;100px&#8221; button_font=&#8221;Outfit|600|||||||&#8221; button_use_icon=&#8221;off&#8221; custom_margin=&#8221;-2px||||false|false&#8221; custom_padding=&#8221;10px|26px|10px|26px|true|true&#8221; hover_enabled=&#8221;0&#8243; global_colors_info=&#8221;{%22gcid-f1e65d51-fa2f-4bf0-b2c1-8eab7001e8fd%22:%91%22button_text_color%22%93}&#8221; sticky_enabled=&#8221;0&#8243;][\/et_pb_button][\/et_pb_column][\/et_pb_row][\/et_pb_section]<\/p>\n","protected":false},"excerpt":{"rendered":"<p>Sabemos o que est\u00e1 a pensar \u2014 \u200b\u200be temos as respostas. A mudan\u00e7a para o estrangeiro traz consigo d\u00favidas, entusiasmo e talvez um pouco de p\u00e2nico. N\u00e3o se preocupe \u2014 o nosso CEO j\u00e1 as ouviu todas (e respondeu com um sorriso).S\u00f3 se o fizer sem a Flyto! Pense em n\u00f3s como o seu concierge [&hellip;]<\/p>\n","protected":false},"author":1,"featured_media":0,"parent":0,"menu_order":0,"comment_status":"closed","ping_status":"closed","template":"","meta":{"_et_pb_use_builder":"on","_et_pb_old_content":"","_et_gb_content_width":"","footnotes":""},"class_list":["post-733","page","type-page","status-publish","hentry"],"yoast_head":"<!-- This site is optimized with the Yoast SEO plugin v26.3 - https:\/\/yoast.com\/wordpress\/plugins\/seo\/ -->\n<title>FAQ - Flyto Relocation Portugal (Pt)<\/title>\n<meta name=\"robots\" content=\"index, follow, max-snippet:-1, max-image-preview:large, max-video-preview:-1\" \/>\n<link rel=\"canonical\" href=\"https:\/\/flytorelocation.com\/pt-pt\/blog\/\" \/>\n<meta property=\"og:locale\" content=\"fi_FI\" \/>\n<meta property=\"og:type\" content=\"article\" \/>\n<meta property=\"og:title\" content=\"FAQ - Flyto Relocation Portugal (Pt)\" \/>\n<meta property=\"og:description\" content=\"Sabemos o que est\u00e1 a pensar \u2014 \u200b\u200be temos as respostas. A mudan\u00e7a para o estrangeiro traz consigo d\u00favidas, entusiasmo e talvez um pouco de p\u00e2nico. N\u00e3o se preocupe \u2014 o nosso CEO j\u00e1 as ouviu todas (e respondeu com um sorriso).S\u00f3 se o fizer sem a Flyto! Pense em n\u00f3s como o seu concierge [&hellip;]\" \/>\n<meta property=\"og:url\" content=\"https:\/\/flytorelocation.com\/pt-pt\/blog\/\" \/>\n<meta property=\"og:site_name\" content=\"Flyto Relocation Portugal (Pt)\" \/>\n<meta property=\"article:modified_time\" content=\"2026-01-16T22:07:23+00:00\" \/>\n<meta name=\"twitter:card\" content=\"summary_large_image\" \/>\n<meta name=\"twitter:label1\" content=\"Arvioitu lukuaika\" \/>\n\t<meta name=\"twitter:data1\" content=\"10 minuuttia\" \/>\n<script type=\"application\/ld+json\" class=\"yoast-schema-graph\">{\"@context\":\"https:\/\/schema.org\",\"@graph\":[{\"@type\":\"WebPage\",\"@id\":\"https:\/\/flytorelocation.com\/pt-pt\/blog\/\",\"url\":\"https:\/\/flytorelocation.com\/pt-pt\/blog\/\",\"name\":\"FAQ - Flyto Relocation Portugal (Pt)\",\"isPartOf\":{\"@id\":\"https:\/\/flytorelocation.com\/pt-pt\/#website\"},\"datePublished\":\"2025-10-17T16:02:33+00:00\",\"dateModified\":\"2026-01-16T22:07:23+00:00\",\"breadcrumb\":{\"@id\":\"https:\/\/flytorelocation.com\/pt-pt\/blog\/#breadcrumb\"},\"inLanguage\":\"fi\",\"potentialAction\":[{\"@type\":\"ReadAction\",\"target\":[\"https:\/\/flytorelocation.com\/pt-pt\/blog\/\"]}]},{\"@type\":\"BreadcrumbList\",\"@id\":\"https:\/\/flytorelocation.com\/pt-pt\/blog\/#breadcrumb\",\"itemListElement\":[{\"@type\":\"ListItem\",\"position\":1,\"name\":\"Etusivu\",\"item\":\"https:\/\/flytorelocation.com\/pt-pt\/\"},{\"@type\":\"ListItem\",\"position\":2,\"name\":\"FAQ\"}]},{\"@type\":\"WebSite\",\"@id\":\"https:\/\/flytorelocation.com\/pt-pt\/#website\",\"url\":\"https:\/\/flytorelocation.com\/pt-pt\/\",\"name\":\"Flyto Relocation Portugal (Pt)\",\"description\":\"\",\"publisher\":{\"@id\":\"https:\/\/flytorelocation.com\/pt-pt\/#organization\"},\"potentialAction\":[{\"@type\":\"SearchAction\",\"target\":{\"@type\":\"EntryPoint\",\"urlTemplate\":\"https:\/\/flytorelocation.com\/pt-pt\/?s={search_term_string}\"},\"query-input\":{\"@type\":\"PropertyValueSpecification\",\"valueRequired\":true,\"valueName\":\"search_term_string\"}}],\"inLanguage\":\"fi\"},{\"@type\":\"Organization\",\"@id\":\"https:\/\/flytorelocation.com\/pt-pt\/#organization\",\"name\":\"Flyto Relocation Portugal (Pt)\",\"url\":\"https:\/\/flytorelocation.com\/pt-pt\/\",\"logo\":{\"@type\":\"ImageObject\",\"inLanguage\":\"fi\",\"@id\":\"https:\/\/flytorelocation.com\/pt-pt\/#\/schema\/logo\/image\/\",\"url\":\"https:\/\/flyto-wp-uploads.s3.eu-north-1.amazonaws.com\/wp-content\/uploads\/sites\/94\/2025\/10\/13130143\/Flyto-col.png\",\"contentUrl\":\"https:\/\/flyto-wp-uploads.s3.eu-north-1.amazonaws.com\/wp-content\/uploads\/sites\/94\/2025\/10\/13130143\/Flyto-col.png\",\"width\":618,\"height\":337,\"caption\":\"Flyto Relocation Portugal (Pt)\"},\"image\":{\"@id\":\"https:\/\/flytorelocation.com\/pt-pt\/#\/schema\/logo\/image\/\"}}]}<\/script>\n<!-- \/ Yoast SEO plugin. -->","yoast_head_json":{"title":"FAQ - Flyto Relocation Portugal (Pt)","robots":{"index":"index","follow":"follow","max-snippet":"max-snippet:-1","max-image-preview":"max-image-preview:large","max-video-preview":"max-video-preview:-1"},"canonical":"https:\/\/flytorelocation.com\/pt-pt\/blog\/","og_locale":"fi_FI","og_type":"article","og_title":"FAQ - Flyto Relocation Portugal (Pt)","og_description":"Sabemos o que est\u00e1 a pensar \u2014 \u200b\u200be temos as respostas. A mudan\u00e7a para o estrangeiro traz consigo d\u00favidas, entusiasmo e talvez um pouco de p\u00e2nico. N\u00e3o se preocupe \u2014 o nosso CEO j\u00e1 as ouviu todas (e respondeu com um sorriso).S\u00f3 se o fizer sem a Flyto! Pense em n\u00f3s como o seu concierge [&hellip;]","og_url":"https:\/\/flytorelocation.com\/pt-pt\/blog\/","og_site_name":"Flyto Relocation Portugal (Pt)","article_modified_time":"2026-01-16T22:07:23+00:00","twitter_card":"summary_large_image","twitter_misc":{"Arvioitu lukuaika":"10 minuuttia"},"schema":{"@context":"https:\/\/schema.org","@graph":[{"@type":"WebPage","@id":"https:\/\/flytorelocation.com\/pt-pt\/blog\/","url":"https:\/\/flytorelocation.com\/pt-pt\/blog\/","name":"FAQ - Flyto Relocation Portugal (Pt)","isPartOf":{"@id":"https:\/\/flytorelocation.com\/pt-pt\/#website"},"datePublished":"2025-10-17T16:02:33+00:00","dateModified":"2026-01-16T22:07:23+00:00","breadcrumb":{"@id":"https:\/\/flytorelocation.com\/pt-pt\/blog\/#breadcrumb"},"inLanguage":"fi","potentialAction":[{"@type":"ReadAction","target":["https:\/\/flytorelocation.com\/pt-pt\/blog\/"]}]},{"@type":"BreadcrumbList","@id":"https:\/\/flytorelocation.com\/pt-pt\/blog\/#breadcrumb","itemListElement":[{"@type":"ListItem","position":1,"name":"Etusivu","item":"https:\/\/flytorelocation.com\/pt-pt\/"},{"@type":"ListItem","position":2,"name":"FAQ"}]},{"@type":"WebSite","@id":"https:\/\/flytorelocation.com\/pt-pt\/#website","url":"https:\/\/flytorelocation.com\/pt-pt\/","name":"Flyto Relocation Portugal (Pt)","description":"","publisher":{"@id":"https:\/\/flytorelocation.com\/pt-pt\/#organization"},"potentialAction":[{"@type":"SearchAction","target":{"@type":"EntryPoint","urlTemplate":"https:\/\/flytorelocation.com\/pt-pt\/?s={search_term_string}"},"query-input":{"@type":"PropertyValueSpecification","valueRequired":true,"valueName":"search_term_string"}}],"inLanguage":"fi"},{"@type":"Organization","@id":"https:\/\/flytorelocation.com\/pt-pt\/#organization","name":"Flyto Relocation Portugal (Pt)","url":"https:\/\/flytorelocation.com\/pt-pt\/","logo":{"@type":"ImageObject","inLanguage":"fi","@id":"https:\/\/flytorelocation.com\/pt-pt\/#\/schema\/logo\/image\/","url":"https:\/\/flyto-wp-uploads.s3.eu-north-1.amazonaws.com\/wp-content\/uploads\/sites\/94\/2025\/10\/13130143\/Flyto-col.png","contentUrl":"https:\/\/flyto-wp-uploads.s3.eu-north-1.amazonaws.com\/wp-content\/uploads\/sites\/94\/2025\/10\/13130143\/Flyto-col.png","width":618,"height":337,"caption":"Flyto Relocation Portugal (Pt)"},"image":{"@id":"https:\/\/flytorelocation.com\/pt-pt\/#\/schema\/logo\/image\/"}}]}},"acf":[],"_links":{"self":[{"href":"https:\/\/flytorelocation.com\/pt-pt\/wp-json\/wp\/v2\/pages\/733","targetHints":{"allow":["GET"]}}],"collection":[{"href":"https:\/\/flytorelocation.com\/pt-pt\/wp-json\/wp\/v2\/pages"}],"about":[{"href":"https:\/\/flytorelocation.com\/pt-pt\/wp-json\/wp\/v2\/types\/page"}],"author":[{"embeddable":true,"href":"https:\/\/flytorelocation.com\/pt-pt\/wp-json\/wp\/v2\/users\/1"}],"replies":[{"embeddable":true,"href":"https:\/\/flytorelocation.com\/pt-pt\/wp-json\/wp\/v2\/comments?post=733"}],"version-history":[{"count":8,"href":"https:\/\/flytorelocation.com\/pt-pt\/wp-json\/wp\/v2\/pages\/733\/revisions"}],"predecessor-version":[{"id":1350,"href":"https:\/\/flytorelocation.com\/pt-pt\/wp-json\/wp\/v2\/pages\/733\/revisions\/1350"}],"wp:attachment":[{"href":"https:\/\/flytorelocation.com\/pt-pt\/wp-json\/wp\/v2\/media?parent=733"}],"curies":[{"name":"wp","href":"https:\/\/api.w.org\/{rel}","templated":true}]}}