{"id":726,"date":"2025-10-17T19:02:33","date_gmt":"2025-10-17T16:02:33","guid":{"rendered":"https:\/\/flytorelocation.com\/pt-pt\/fi\/?page_id=80"},"modified":"2026-01-17T00:13:37","modified_gmt":"2026-01-16T22:13:37","slug":"network","status":"publish","type":"page","link":"https:\/\/flytorelocation.com\/pt-pt\/network\/","title":{"rendered":"Network"},"content":{"rendered":"<p>[et_pb_section fb_built=&#8221;1&#8243; custom_padding_last_edited=&#8221;on|phone&#8221; admin_label=&#8221;Header&#8221; _builder_version=&#8221;4.27.4&#8243; _module_preset=&#8221;default&#8221; background_enable_image=&#8221;off&#8221; custom_padding=&#8221;14px||14px||true|false&#8221; custom_padding_tablet=&#8221;80px||80px||true|false&#8221; custom_padding_phone=&#8221;60px||60px||true|false&#8221; border_radii=&#8221;off|||3vw|3vw&#8221; collapsed=&#8221;on&#8221; global_colors_info=&#8221;{}&#8221;][et_pb_row _builder_version=&#8221;4.27.4&#8243; _module_preset=&#8221;default&#8221; global_colors_info=&#8221;{}&#8221;][et_pb_column type=&#8221;4_4&#8243; _builder_version=&#8221;4.22.0&#8243; _module_preset=&#8221;default&#8221; global_colors_info=&#8221;{}&#8221;][et_pb_heading title=&#8221;Flyto por toda a Europa&#8221; _builder_version=&#8221;4.27.4&#8243; _module_preset=&#8221;_initial&#8221; title_font=&#8221;Flyto oma||||||||&#8221; title_text_color=&#8221;#CD207D&#8221; title_font_size=&#8221;62px&#8221; custom_margin=&#8221;||10px||false|false&#8221; custom_margin_tablet=&#8221;||10px||false|false&#8221; custom_margin_phone=&#8221;||10px||false|false&#8221; custom_margin_last_edited=&#8221;on|phone&#8221; custom_padding_tablet=&#8221;&#8221; custom_padding_phone=&#8221;0px||||false|false&#8221; custom_padding_last_edited=&#8221;on|phone&#8221; title_font_size_tablet=&#8221;40px&#8221; title_font_size_phone=&#8221;30px&#8221; title_font_size_last_edited=&#8221;on|phone&#8221; locked=&#8221;off&#8221; global_colors_info=&#8221;{}&#8221;][\/et_pb_heading][et_pb_text _builder_version=&#8221;4.27.4&#8243; _module_preset=&#8221;_initial&#8221; text_font=&#8221;Montserrat||||||||&#8221; text_line_height=&#8221;1.6em&#8221; width=&#8221;100%&#8221; min_height=&#8221;79.2px&#8221; custom_margin=&#8221;||||false|false&#8221; custom_padding=&#8221;||||false|false&#8221; custom_padding_tablet=&#8221;||||false|false&#8221; custom_padding_phone=&#8221;||||false|false&#8221; custom_padding_last_edited=&#8221;on|phone&#8221; global_colors_info=&#8221;{}&#8221;]<\/p>\n<p>Para onde quer que se esteja a mudar \u2014 Norte, Sul, Este ou Oeste \u2014 a Flyto est\u00e1 presente para tornar a sua mudan\u00e7a tranquila, segura e totalmente gerida.<br \/>A nossa rede abrange <strong>19 pa\u00edses europeus<\/strong>, com escrit\u00f3rios locais dedicados que garantem servi\u00e7os de mudan\u00e7as de alta qualidade em todo o continente.<\/p>\n<p>[\/et_pb_text][\/et_pb_column][\/et_pb_row][\/et_pb_section][et_pb_section fb_built=&#8221;1&#8243; _builder_version=&#8221;4.27.4&#8243; _module_preset=&#8221;default&#8221; background_color=&#8221;#fafafa&#8221; global_colors_info=&#8221;{}&#8221;][et_pb_row column_structure=&#8221;1_4,1_4,1_4,1_4&#8243; _builder_version=&#8221;4.27.0&#8243; _module_preset=&#8221;default&#8221; custom_margin=&#8221;|auto|33px|auto||&#8221; global_colors_info=&#8221;{}&#8221;][et_pb_column type=&#8221;1_4&#8243; _builder_version=&#8221;4.22.0&#8243; _module_preset=&#8221;default&#8221; global_colors_info=&#8221;{}&#8221;][et_pb_heading title=&#8221;Conhecimento local, normas globais&#8221; _builder_version=&#8221;4.27.4&#8243; _module_preset=&#8221;_initial&#8221; title_font=&#8221;Flyto oma||||||||&#8221; title_text_color=&#8221;#CD207D&#8221; title_line_height=&#8221;1.2em&#8221; custom_margin=&#8221;||10px||false|false&#8221; locked=&#8221;off&#8221; global_colors_info=&#8221;{}&#8221;][\/et_pb_heading][et_pb_text _builder_version=&#8221;4.27.4&#8243; _module_preset=&#8221;_initial&#8221; text_font=&#8221;Montserrat||||||||&#8221; header_5_font=&#8221;Poppins||||||||&#8221; global_colors_info=&#8221;{}&#8221;]<\/p>\n<h5><strong>Europa do Norte<\/strong><\/h5>\n<p>\ud83c\uddeb\ud83c\uddee <strong>Finl\u00e2ndia<\/strong> \u2013 Nossa sede e base principal, oferecendo servi\u00e7os completos de mudan\u00e7as internacionais com precis\u00e3o n\u00f3rdica.<br \/> \ud83c\uddf8\ud83c\uddea <strong>Su\u00e9cia<\/strong> \u2013 Suporte especializado para mudan\u00e7as de entrada e sa\u00edda em todo o din\u00e2mico mercado escandinavo.<br \/> \ud83c\uddf3\ud83c\uddf4 <strong>Noruega<\/strong> \u2013 Log\u00edstica segura e confi\u00e1vel atrav\u00e9s de terrenos desafiadores e longas dist\u00e2ncias.<br \/> \ud83c\udde9\ud83c\uddf0 <strong>Dinamarca<\/strong> \u2013 Solu\u00e7\u00f5es de mudan\u00e7a eficientes e sustent\u00e1veis em todas as regi\u00f5es dinamarquesas.<\/p>\n<p>[\/et_pb_text][\/et_pb_column][et_pb_column type=&#8221;1_4&#8243; _builder_version=&#8221;4.27.4&#8243; _module_preset=&#8221;default&#8221; global_colors_info=&#8221;{}&#8221;][et_pb_text _builder_version=&#8221;4.27.4&#8243; _module_preset=&#8221;_initial&#8221; text_font=&#8221;Montserrat||||||||&#8221; header_5_font=&#8221;Poppins||||||||&#8221; global_colors_info=&#8221;{}&#8221;]<\/p>\n<h5><strong>Europa Central<\/strong><\/h5>\n<p>\ud83c\udde9\ud83c\uddea <strong>Alemanha<\/strong> \u2013 Um importante hub da Flyto que conecta o Norte e o Sul da Europa com opera\u00e7\u00f5es integradas e eficientes.<br \/> \ud83c\uddf3\ud83c\uddf1 <strong>Pa\u00edses Baixos<\/strong> \u2013 Servi\u00e7os de mudan\u00e7a r\u00e1pidos e bem organizados em um dos centros de transporte mais movimentados da Europa.<br \/> \ud83c\udde7\ud83c\uddea <strong>B\u00e9lgica<\/strong> \u2013 Experi\u00eancia local para fam\u00edlias, profissionais e diplomatas em mudan\u00e7as transfronteiri\u00e7as.<br \/> \ud83c\uddf1\ud83c\uddfa <strong>Luxemburgo<\/strong> \u2013 Servi\u00e7os personalizados para expatriados e mudan\u00e7as corporativas no cora\u00e7\u00e3o financeiro da Europa.<br \/> \ud83c\udde8\ud83c\udded <strong>Su\u00ed\u00e7a<\/strong> \u2013 Mudan\u00e7as premium com aten\u00e7\u00e3o especial aos tr\u00e2mites alfandeg\u00e1rios e \u00e0s normas transfronteiri\u00e7as.<br \/> \ud83c\udde6\ud83c\uddf9 <strong>\u00c1ustria<\/strong> \u2013 Apoio \u00e0 mudan\u00e7a nos Alpes e al\u00e9m, conduzido com a precis\u00e3o confi\u00e1vel da Flyto.<\/p>\n<p>[\/et_pb_text][\/et_pb_column][et_pb_column type=&#8221;1_4&#8243; _builder_version=&#8221;4.27.4&#8243; _module_preset=&#8221;default&#8221; global_colors_info=&#8221;{}&#8221;][et_pb_text _builder_version=&#8221;4.27.4&#8243; _module_preset=&#8221;_initial&#8221; text_font=&#8221;Montserrat||||||||&#8221; header_5_font=&#8221;Poppins||||||||&#8221; global_colors_info=&#8221;{}&#8221;]<\/p>\n<h5><strong>Europa do Sul<\/strong><\/h5>\n<p>\ud83c\uddeb\ud83c\uddf7 <strong>Fran\u00e7a<\/strong> \u2013 Experi\u00eancias de mudan\u00e7a tranquilas nas principais cidades da Fran\u00e7a e em seu charmoso interior.<br \/> \ud83c\uddee\ud83c\uddf9 <strong>It\u00e1lia<\/strong> \u2013 Servi\u00e7os de mudan\u00e7a personalizados, pensados para conforto e transi\u00e7\u00f5es de estilo de vida.<br \/> \ud83c\uddea\ud83c\uddf8 <strong>Espanha<\/strong> \u2013 A escolha de confian\u00e7a para fam\u00edlias e profissionais que se mudam para o ensolarado Mediterr\u00e2neo.<br \/> \ud83c\uddf5\ud83c\uddf9 <strong>Portugal<\/strong> \u2013 Um destino acolhedor apoiado pela coordena\u00e7\u00e3o de mudan\u00e7as confi\u00e1vel da Flyto.<\/p>\n<p>[\/et_pb_text][et_pb_text _builder_version=&#8221;4.27.4&#8243; _module_preset=&#8221;_initial&#8221; text_font=&#8221;Montserrat||||||||&#8221; header_5_font=&#8221;Poppins||||||||&#8221; global_colors_info=&#8221;{}&#8221;]<\/p>\n<h5><strong>Ilhas Brit\u00e2nicas<\/strong><\/h5>\n<p>\ud83c\uddec\ud83c\udde7 <strong>Reino Unido<\/strong> \u2013 Suporte especializado para mudan\u00e7as internacionais de e para o Reino Unido no per\u00edodo p\u00f3s-Brexit.<br \/> \ud83c\uddee\ud83c\uddea <strong>Irlanda<\/strong> \u2013 Assist\u00eancia profissional em reloca\u00e7\u00e3o para clientes individuais e corporativos.<\/p>\n<p>[\/et_pb_text][\/et_pb_column][et_pb_column type=&#8221;1_4&#8243; _builder_version=&#8221;4.22.0&#8243; _module_preset=&#8221;default&#8221; global_colors_info=&#8221;{}&#8221;][et_pb_code _builder_version=&#8221;4.27.4&#8243; _module_preset=&#8221;default&#8221; global_colors_info=&#8221;{}&#8221;][\/et_pb_code][et_pb_text _builder_version=&#8221;4.27.4&#8243; _module_preset=&#8221;_initial&#8221; text_font=&#8221;Montserrat||||||||&#8221; header_5_font=&#8221;Poppins||||||||&#8221; custom_margin=&#8221;-34px|||||&#8221; global_colors_info=&#8221;{}&#8221;]<\/p>\n<h5><strong>Europa Oriental<\/strong><\/h5>\n<p>\ud83c\uddea\ud83c\uddea <strong>Est\u00f4nia<\/strong> \u2013 Um mercado do norte em r\u00e1pido crescimento apoiado pela rede de reloca\u00e7\u00e3o confi\u00e1vel da Flyto.<br \/> \ud83c\uddf5\ud83c\uddf1 <strong>Pol\u00f4nia<\/strong> \u2013 Log\u00edstica s\u00f3lida e parcerias locais facilitam mudan\u00e7as de entrada e sa\u00edda do pa\u00eds.<br \/> \ud83c\udde8\ud83c\uddff <strong>Rep\u00fablica Tcheca<\/strong> \u2013 Servi\u00e7os de mudan\u00e7a completos para clientes corporativos e particulares.<\/p>\n<p>[\/et_pb_text][\/et_pb_column][\/et_pb_row][\/et_pb_section][et_pb_section fb_built=&#8221;1&#8243; admin_label=&#8221;Services&#8221; _builder_version=&#8221;4.27.4&#8243; _module_preset=&#8221;default&#8221; background_enable_color=&#8221;off&#8221; collapsed=&#8221;on&#8221; global_colors_info=&#8221;{}&#8221;][et_pb_row column_structure=&#8221;1_2,1_2&#8243; _builder_version=&#8221;4.27.4&#8243; _module_preset=&#8221;default&#8221; global_colors_info=&#8221;{}&#8221;][et_pb_column type=&#8221;1_2&#8243; _builder_version=&#8221;4.27.4&#8243; _module_preset=&#8221;default&#8221; global_colors_info=&#8221;{}&#8221;][et_pb_text _builder_version=&#8221;4.27.4&#8243; _module_preset=&#8221;_initial&#8221; text_font=&#8221;Montserrat||||||||&#8221; header_2_font=&#8221;Flyto oma||||||||&#8221; header_2_text_color=&#8221;#CD207D&#8221; header_2_font_size=&#8221;28px&#8221; custom_margin=&#8221;30px||||false|false&#8221; global_colors_info=&#8221;{}&#8221;]<\/p>\n<h2>Desloque-se com confian\u00e7a pela Europa.<\/h2>\n<p>[\/et_pb_text][et_pb_text _builder_version=&#8221;4.27.4&#8243; _module_preset=&#8221;_initial&#8221; text_font=&#8221;Montserrat||||||||&#8221; text_line_height=&#8221;1.6em&#8221; width=&#8221;100%&#8221; min_height=&#8221;79.2px&#8221; custom_margin=&#8221;-20px||||false|false&#8221; custom_padding=&#8221;||||false|false&#8221; custom_padding_tablet=&#8221;||||false|false&#8221; custom_padding_phone=&#8221;||||false|false&#8221; custom_padding_last_edited=&#8221;on|phone&#8221; locked=&#8221;off&#8221; global_colors_info=&#8221;{}&#8221;]<\/p>\n<p>Seja para mudar de casa, de fam\u00edlia ou de empresa, a Flyto \u00e9 o seu parceiro de confian\u00e7a em 19 pa\u00edses europeus.<br \/>A nossa rede integrada garante que cada mudan\u00e7a \u2014 de Hels\u00ednquia a Lisboa ou de Estocolmo a Roma \u2014 \u00e9 feita com precis\u00e3o, cuidado e um toque pessoal.<br \/>Para onde quer que a vida o leve, garantimos que a sua viagem come\u00e7a sem problemas.<\/p>\n<p>[\/et_pb_text][et_pb_button button_url=&#8221;@ET-DC@eyJkeW5hbWljIjp0cnVlLCJjb250ZW50IjoicG9zdF9saW5rX3VybF9wYWdlIiwic2V0dGluZ3MiOnsicG9zdF9pZCI6IjczMCJ9fQ==@&#8221; button_text=&#8221;Descobre os nossos servi\u00e7os&#8221; _builder_version=&#8221;4.27.4&#8243; _dynamic_attributes=&#8221;button_url&#8221; _module_preset=&#8221;_initial&#8221; custom_button=&#8221;on&#8221; button_text_size=&#8221;16px&#8221; button_text_color=&#8221;#CD207D&#8221; button_bg_color=&#8221;#FFFFFF&#8221; button_border_color=&#8221;#CD207D&#8221; button_border_radius=&#8221;100px&#8221; button_font=&#8221;Outfit|600|||||||&#8221; button_use_icon=&#8221;off&#8221; custom_margin=&#8221;-10px||||false|false&#8221; custom_padding=&#8221;10px|26px|10px|26px|true|true&#8221; hover_enabled=&#8221;0&#8243; global_colors_info=&#8221;{%22gcid-f1e65d51-fa2f-4bf0-b2c1-8eab7001e8fd%22:%91%22button_text_color%22%93}&#8221; sticky_enabled=&#8221;0&#8243;][\/et_pb_button][\/et_pb_column][et_pb_column type=&#8221;1_2&#8243; _builder_version=&#8221;4.27.4&#8243; _module_preset=&#8221;default&#8221; global_colors_info=&#8221;{}&#8221;][et_pb_image src=&#8221;https:\/\/flyto-wp-uploads.s3.eu-north-1.amazonaws.com\/wp-content\/uploads\/sites\/94\/2025\/10\/03182725\/FLYTO_-_Muutto_-_Kuvaaja_Nuuti_Paananen_8_2_optimized_1000.jpg&#8221; title_text=&#8221;FLYTO_-_Muutto_-_Kuvaaja_Nuuti_Paananen_8_2_optimized_1000&#8243; _builder_version=&#8221;4.27.4&#8243; _module_preset=&#8221;default&#8221; border_radii=&#8221;on|10px|10px|10px|10px&#8221; global_colors_info=&#8221;{}&#8221;][\/et_pb_image][\/et_pb_column][\/et_pb_row][\/et_pb_section]<\/p>\n","protected":false},"excerpt":{"rendered":"<p>Para onde quer que se esteja a mudar \u2014 Norte, Sul, Este ou Oeste \u2014 a Flyto est\u00e1 presente para tornar a sua mudan\u00e7a tranquila, segura e totalmente gerida.A nossa rede abrange 19 pa\u00edses europeus, com escrit\u00f3rios locais dedicados que garantem servi\u00e7os de mudan\u00e7as de alta qualidade em todo o continente.Europa do Norte \ud83c\uddeb\ud83c\uddee Finl\u00e2ndia [&hellip;]<\/p>\n","protected":false},"author":1,"featured_media":0,"parent":0,"menu_order":0,"comment_status":"closed","ping_status":"closed","template":"","meta":{"_et_pb_use_builder":"on","_et_pb_old_content":"","_et_gb_content_width":"","footnotes":""},"class_list":["post-726","page","type-page","status-publish","hentry"],"yoast_head":"<!-- This site is optimized with the Yoast SEO plugin v26.3 - https:\/\/yoast.com\/wordpress\/plugins\/seo\/ -->\n<title>Network - Flyto Relocation Portugal (Pt)<\/title>\n<meta name=\"robots\" content=\"index, follow, max-snippet:-1, max-image-preview:large, max-video-preview:-1\" \/>\n<link rel=\"canonical\" href=\"https:\/\/flytorelocation.com\/pt-pt\/network\/\" \/>\n<meta property=\"og:locale\" content=\"fi_FI\" \/>\n<meta property=\"og:type\" content=\"article\" \/>\n<meta property=\"og:title\" content=\"Network - Flyto Relocation Portugal (Pt)\" \/>\n<meta property=\"og:description\" content=\"Para onde quer que se esteja a mudar \u2014 Norte, Sul, Este ou Oeste \u2014 a Flyto est\u00e1 presente para tornar a sua mudan\u00e7a tranquila, segura e totalmente gerida.A nossa rede abrange 19 pa\u00edses europeus, com escrit\u00f3rios locais dedicados que garantem servi\u00e7os de mudan\u00e7as de alta qualidade em todo o continente.Europa do Norte \ud83c\uddeb\ud83c\uddee Finl\u00e2ndia [&hellip;]\" \/>\n<meta property=\"og:url\" content=\"https:\/\/flytorelocation.com\/pt-pt\/network\/\" \/>\n<meta property=\"og:site_name\" content=\"Flyto Relocation Portugal (Pt)\" \/>\n<meta property=\"article:modified_time\" content=\"2026-01-16T22:13:37+00:00\" \/>\n<meta name=\"twitter:card\" content=\"summary_large_image\" \/>\n<meta name=\"twitter:label1\" content=\"Arvioitu lukuaika\" \/>\n\t<meta name=\"twitter:data1\" content=\"6 minuuttia\" \/>\n<script type=\"application\/ld+json\" class=\"yoast-schema-graph\">{\"@context\":\"https:\/\/schema.org\",\"@graph\":[{\"@type\":\"WebPage\",\"@id\":\"https:\/\/flytorelocation.com\/pt-pt\/network\/\",\"url\":\"https:\/\/flytorelocation.com\/pt-pt\/network\/\",\"name\":\"Network - Flyto Relocation Portugal (Pt)\",\"isPartOf\":{\"@id\":\"https:\/\/flytorelocation.com\/pt-pt\/#website\"},\"datePublished\":\"2025-10-17T16:02:33+00:00\",\"dateModified\":\"2026-01-16T22:13:37+00:00\",\"breadcrumb\":{\"@id\":\"https:\/\/flytorelocation.com\/pt-pt\/network\/#breadcrumb\"},\"inLanguage\":\"fi\",\"potentialAction\":[{\"@type\":\"ReadAction\",\"target\":[\"https:\/\/flytorelocation.com\/pt-pt\/network\/\"]}]},{\"@type\":\"BreadcrumbList\",\"@id\":\"https:\/\/flytorelocation.com\/pt-pt\/network\/#breadcrumb\",\"itemListElement\":[{\"@type\":\"ListItem\",\"position\":1,\"name\":\"Etusivu\",\"item\":\"https:\/\/flytorelocation.com\/pt-pt\/\"},{\"@type\":\"ListItem\",\"position\":2,\"name\":\"Network\"}]},{\"@type\":\"WebSite\",\"@id\":\"https:\/\/flytorelocation.com\/pt-pt\/#website\",\"url\":\"https:\/\/flytorelocation.com\/pt-pt\/\",\"name\":\"Flyto Relocation Portugal (Pt)\",\"description\":\"\",\"publisher\":{\"@id\":\"https:\/\/flytorelocation.com\/pt-pt\/#organization\"},\"potentialAction\":[{\"@type\":\"SearchAction\",\"target\":{\"@type\":\"EntryPoint\",\"urlTemplate\":\"https:\/\/flytorelocation.com\/pt-pt\/?s={search_term_string}\"},\"query-input\":{\"@type\":\"PropertyValueSpecification\",\"valueRequired\":true,\"valueName\":\"search_term_string\"}}],\"inLanguage\":\"fi\"},{\"@type\":\"Organization\",\"@id\":\"https:\/\/flytorelocation.com\/pt-pt\/#organization\",\"name\":\"Flyto Relocation Portugal (Pt)\",\"url\":\"https:\/\/flytorelocation.com\/pt-pt\/\",\"logo\":{\"@type\":\"ImageObject\",\"inLanguage\":\"fi\",\"@id\":\"https:\/\/flytorelocation.com\/pt-pt\/#\/schema\/logo\/image\/\",\"url\":\"https:\/\/flyto-wp-uploads.s3.eu-north-1.amazonaws.com\/wp-content\/uploads\/sites\/94\/2025\/10\/13130143\/Flyto-col.png\",\"contentUrl\":\"https:\/\/flyto-wp-uploads.s3.eu-north-1.amazonaws.com\/wp-content\/uploads\/sites\/94\/2025\/10\/13130143\/Flyto-col.png\",\"width\":618,\"height\":337,\"caption\":\"Flyto Relocation Portugal (Pt)\"},\"image\":{\"@id\":\"https:\/\/flytorelocation.com\/pt-pt\/#\/schema\/logo\/image\/\"}}]}<\/script>\n<!-- \/ Yoast SEO plugin. -->","yoast_head_json":{"title":"Network - Flyto Relocation Portugal (Pt)","robots":{"index":"index","follow":"follow","max-snippet":"max-snippet:-1","max-image-preview":"max-image-preview:large","max-video-preview":"max-video-preview:-1"},"canonical":"https:\/\/flytorelocation.com\/pt-pt\/network\/","og_locale":"fi_FI","og_type":"article","og_title":"Network - Flyto Relocation Portugal (Pt)","og_description":"Para onde quer que se esteja a mudar \u2014 Norte, Sul, Este ou Oeste \u2014 a Flyto est\u00e1 presente para tornar a sua mudan\u00e7a tranquila, segura e totalmente gerida.A nossa rede abrange 19 pa\u00edses europeus, com escrit\u00f3rios locais dedicados que garantem servi\u00e7os de mudan\u00e7as de alta qualidade em todo o continente.Europa do Norte \ud83c\uddeb\ud83c\uddee Finl\u00e2ndia [&hellip;]","og_url":"https:\/\/flytorelocation.com\/pt-pt\/network\/","og_site_name":"Flyto Relocation Portugal (Pt)","article_modified_time":"2026-01-16T22:13:37+00:00","twitter_card":"summary_large_image","twitter_misc":{"Arvioitu lukuaika":"6 minuuttia"},"schema":{"@context":"https:\/\/schema.org","@graph":[{"@type":"WebPage","@id":"https:\/\/flytorelocation.com\/pt-pt\/network\/","url":"https:\/\/flytorelocation.com\/pt-pt\/network\/","name":"Network - Flyto Relocation Portugal (Pt)","isPartOf":{"@id":"https:\/\/flytorelocation.com\/pt-pt\/#website"},"datePublished":"2025-10-17T16:02:33+00:00","dateModified":"2026-01-16T22:13:37+00:00","breadcrumb":{"@id":"https:\/\/flytorelocation.com\/pt-pt\/network\/#breadcrumb"},"inLanguage":"fi","potentialAction":[{"@type":"ReadAction","target":["https:\/\/flytorelocation.com\/pt-pt\/network\/"]}]},{"@type":"BreadcrumbList","@id":"https:\/\/flytorelocation.com\/pt-pt\/network\/#breadcrumb","itemListElement":[{"@type":"ListItem","position":1,"name":"Etusivu","item":"https:\/\/flytorelocation.com\/pt-pt\/"},{"@type":"ListItem","position":2,"name":"Network"}]},{"@type":"WebSite","@id":"https:\/\/flytorelocation.com\/pt-pt\/#website","url":"https:\/\/flytorelocation.com\/pt-pt\/","name":"Flyto Relocation Portugal (Pt)","description":"","publisher":{"@id":"https:\/\/flytorelocation.com\/pt-pt\/#organization"},"potentialAction":[{"@type":"SearchAction","target":{"@type":"EntryPoint","urlTemplate":"https:\/\/flytorelocation.com\/pt-pt\/?s={search_term_string}"},"query-input":{"@type":"PropertyValueSpecification","valueRequired":true,"valueName":"search_term_string"}}],"inLanguage":"fi"},{"@type":"Organization","@id":"https:\/\/flytorelocation.com\/pt-pt\/#organization","name":"Flyto Relocation Portugal (Pt)","url":"https:\/\/flytorelocation.com\/pt-pt\/","logo":{"@type":"ImageObject","inLanguage":"fi","@id":"https:\/\/flytorelocation.com\/pt-pt\/#\/schema\/logo\/image\/","url":"https:\/\/flyto-wp-uploads.s3.eu-north-1.amazonaws.com\/wp-content\/uploads\/sites\/94\/2025\/10\/13130143\/Flyto-col.png","contentUrl":"https:\/\/flyto-wp-uploads.s3.eu-north-1.amazonaws.com\/wp-content\/uploads\/sites\/94\/2025\/10\/13130143\/Flyto-col.png","width":618,"height":337,"caption":"Flyto Relocation Portugal (Pt)"},"image":{"@id":"https:\/\/flytorelocation.com\/pt-pt\/#\/schema\/logo\/image\/"}}]}},"acf":[],"_links":{"self":[{"href":"https:\/\/flytorelocation.com\/pt-pt\/wp-json\/wp\/v2\/pages\/726","targetHints":{"allow":["GET"]}}],"collection":[{"href":"https:\/\/flytorelocation.com\/pt-pt\/wp-json\/wp\/v2\/pages"}],"about":[{"href":"https:\/\/flytorelocation.com\/pt-pt\/wp-json\/wp\/v2\/types\/page"}],"author":[{"embeddable":true,"href":"https:\/\/flytorelocation.com\/pt-pt\/wp-json\/wp\/v2\/users\/1"}],"replies":[{"embeddable":true,"href":"https:\/\/flytorelocation.com\/pt-pt\/wp-json\/wp\/v2\/comments?post=726"}],"version-history":[{"count":3,"href":"https:\/\/flytorelocation.com\/pt-pt\/wp-json\/wp\/v2\/pages\/726\/revisions"}],"predecessor-version":[{"id":1356,"href":"https:\/\/flytorelocation.com\/pt-pt\/wp-json\/wp\/v2\/pages\/726\/revisions\/1356"}],"wp:attachment":[{"href":"https:\/\/flytorelocation.com\/pt-pt\/wp-json\/wp\/v2\/media?parent=726"}],"curies":[{"name":"wp","href":"https:\/\/api.w.org\/{rel}","templated":true}]}}