{"id":9,"date":"2025-10-22T20:37:33","date_gmt":"2025-10-22T17:37:33","guid":{"rendered":"https:\/\/flytorelocation.com\/pl-pl\/fi\/?page_id=9"},"modified":"2026-01-17T01:02:44","modified_gmt":"2026-01-16T23:02:44","slug":"relocation-services","status":"publish","type":"page","link":"https:\/\/flytorelocation.com\/pl-pl\/relocation-services\/","title":{"rendered":"Relocation services"},"content":{"rendered":"<p>[et_pb_section fb_built=&#8221;1&#8243; custom_padding_last_edited=&#8221;on|tablet&#8221; admin_label=&#8221;About&#8221; _builder_version=&#8221;4.27.4&#8243; _module_preset=&#8221;default&#8221; custom_padding=&#8221;17px||0px|||&#8221; custom_padding_tablet=&#8221;0px||0px||true|false&#8221; custom_padding_phone=&#8221;0px||0px||true|false&#8221; collapsed=&#8221;on&#8221; global_colors_info=&#8221;{}&#8221; min_height=&#8221;201.2px&#8221;][et_pb_row _builder_version=&#8221;4.27.4&#8243; _module_preset=&#8221;default&#8221; locked=&#8221;off&#8221; global_colors_info=&#8221;{}&#8221; custom_padding=&#8221;45px||23px|||&#8221;][et_pb_column type=&#8221;4_4&#8243; _builder_version=&#8221;4.22.0&#8243; _module_preset=&#8221;default&#8221; global_colors_info=&#8221;{}&#8221;][et_pb_heading title=&#8221;Us\u0142ugi relokacyjne&#8221; _builder_version=&#8221;4.27.4&#8243; _module_preset=&#8221;_initial&#8221; title_level=&#8221;h2&#8243; title_font=&#8221;Flyto oma||||||||&#8221; title_text_color=&#8221;#CD207D&#8221; title_font_size=&#8221;49px&#8221; min_height=&#8221;68.2px&#8221; custom_margin=&#8221;||||false|false&#8221; custom_margin_tablet=&#8221;0px||0px||true|false&#8221; custom_margin_phone=&#8221;0px||||false|false&#8221; custom_margin_last_edited=&#8221;on|phone&#8221; custom_padding=&#8221;||||false|false&#8221; custom_padding_tablet=&#8221;||||false|false&#8221; custom_padding_phone=&#8221;0px||||false|false&#8221; custom_padding_last_edited=&#8221;on|phone&#8221; title_font_size_phone=&#8221;42px&#8221; locked=&#8221;off&#8221; global_colors_info=&#8221;{}&#8221;][\/et_pb_heading][\/et_pb_column][\/et_pb_row][\/et_pb_section][et_pb_section fb_built=&#8221;1&#8243; custom_padding_last_edited=&#8221;on|phone&#8221; admin_label=&#8221;Services&#8221; _builder_version=&#8221;4.27.4&#8243; _module_preset=&#8221;default&#8221; custom_padding=&#8221;0px||||false|false&#8221; custom_padding_tablet=&#8221;0px||0px||true|false&#8221; custom_padding_phone=&#8221;0px||0px||false|false&#8221; collapsed=&#8221;on&#8221; global_colors_info=&#8221;{}&#8221;][et_pb_row column_structure=&#8221;1_4,1_4,1_2&#8243; _builder_version=&#8221;4.27.4&#8243; _module_preset=&#8221;default&#8221; global_colors_info=&#8221;{}&#8221;][et_pb_column type=&#8221;1_4&#8243; _builder_version=&#8221;4.27.4&#8243; _module_preset=&#8221;default&#8221; global_colors_info=&#8221;{}&#8221;][et_pb_text _builder_version=&#8221;4.27.4&#8243; _module_preset=&#8221;_initial&#8221; text_font=&#8221;Montserrat||||||||&#8221; text_text_color=&#8221;#000000&#8243; header_2_font=&#8221;Flyto oma|600|||||||&#8221; header_2_text_align=&#8221;left&#8221; header_2_text_color=&#8221;#000000&#8243; header_2_font_size=&#8221;22px&#8221; header_2_line_height=&#8221;1.2em&#8221; header_3_font_size=&#8221;30px&#8221; custom_margin_tablet=&#8221;&#8221; custom_margin_phone=&#8221;-35px||||false|false&#8221; custom_margin_last_edited=&#8221;on|phone&#8221; locked=&#8221;off&#8221; global_colors_info=&#8221;{}&#8221;]<\/p>\n<h2>Kompleksowe us\u0142ugi relokacyjne zapewniaj\u0105ce p\u0142ynny start<\/h2>\n<p>[\/et_pb_text][et_pb_button button_url=&#8221;@ET-DC@eyJkeW5hbWljIjp0cnVlLCJjb250ZW50IjoicG9zdF9saW5rX3VybF9wYWdlIiwic2V0dGluZ3MiOnsicG9zdF9pZCI6IjczNSJ9fQ==@&#8221; button_text=&#8221;Porozmawiaj z ekspertem&#8221; _builder_version=&#8221;4.27.4&#8243; _dynamic_attributes=&#8221;button_url&#8221; _module_preset=&#8221;_initial&#8221; custom_button=&#8221;on&#8221; button_text_size=&#8221;14px&#8221; button_text_color=&#8221;#CD207D&#8221; button_bg_color=&#8221;#FFFFFF&#8221; button_border_color=&#8221;#CD207D&#8221; button_border_radius=&#8221;100px&#8221; button_font=&#8221;Outfit|600|||||||&#8221; button_use_icon=&#8221;off&#8221; custom_margin=&#8221;-10px||||false|false&#8221; custom_padding=&#8221;10px|26px|10px|26px|true|true&#8221; hover_enabled=&#8221;0&#8243; global_colors_info=&#8221;{%22gcid-f1e65d51-fa2f-4bf0-b2c1-8eab7001e8fd%22:%91%22button_text_color%22%93}&#8221; sticky_enabled=&#8221;0&#8243;][\/et_pb_button][\/et_pb_column][et_pb_column type=&#8221;1_4&#8243; _builder_version=&#8221;4.27.4&#8243; _module_preset=&#8221;default&#8221; global_colors_info=&#8221;{}&#8221;][et_pb_text _builder_version=&#8221;4.27.4&#8243; _module_preset=&#8221;_initial&#8221; text_font=&#8221;Montserrat|600|||||||&#8221; text_font_size=&#8221;13px&#8221; custom_margin=&#8221;||||false|false&#8221; global_colors_info=&#8221;{}&#8221;]<\/p>\n<p>Przeprowadzka za granic\u0119 to co\u015b wi\u0119cej ni\u017c tylko transport rzeczy \u2013 to stworzenie nowego \u017cycia w nowym miejscu.<\/p>\n<p>W Flyto oferujemy pe\u0142en zakres dodatkowych us\u0142ug relokacyjnych, kt\u00f3re sprawi\u0105, \u017ce Twoja przeprowadzka b\u0119dzie \u0142atwa, bezpieczna i bezstresowa.<\/p>\n<p>Niezale\u017cnie od tego, czy przeprowadzasz si\u0119 sam, z rodzin\u0105, czy w imieniu swojej firmy, nasz zesp\u00f3\u0142 dba o to, aby ka\u017cdy etap Twojej przeprowadzki zosta\u0142 przeprowadzony z precyzj\u0105 i staranno\u015bci\u0105.<\/p>\n<p>[\/et_pb_text][\/et_pb_column][et_pb_column type=&#8221;1_2&#8243; _builder_version=&#8221;4.27.4&#8243; _module_preset=&#8221;default&#8221; global_colors_info=&#8221;{}&#8221;][et_pb_image src=&#8221;https:\/\/flyto-wp-uploads.s3.eu-north-1.amazonaws.com\/wp-content\/uploads\/sites\/96\/2025\/10\/03182819\/FLYTO_muutto_kuvaaja-Nuuti-PAananen-6_1_11zon-scaled-1.jpg&#8221; title_text=&#8221;FLYTO_muutto_kuvaaja Nuuti PAananen (6)_1_11zon&#8221; _builder_version=&#8221;4.27.4&#8243; _module_preset=&#8221;default&#8221; border_radii=&#8221;on|20px|20px|20px|20px&#8221; global_colors_info=&#8221;{}&#8221;][\/et_pb_image][\/et_pb_column][\/et_pb_row][\/et_pb_section][et_pb_section fb_built=&#8221;1&#8243; _builder_version=&#8221;4.27.4&#8243; _module_preset=&#8221;default&#8221; background_color=&#8221;#fafafa&#8221; global_colors_info=&#8221;{}&#8221;][et_pb_row _builder_version=&#8221;4.27.4&#8243; _module_preset=&#8221;default&#8221; global_colors_info=&#8221;{}&#8221;][et_pb_column type=&#8221;4_4&#8243; _builder_version=&#8221;4.27.4&#8243; _module_preset=&#8221;default&#8221; global_colors_info=&#8221;{}&#8221;][et_pb_accordion open_toggle_background_color=&#8221;RGBA(255,255,255,0)&#8221; closed_toggle_text_color=&#8221;#000000&#8243; closed_toggle_background_color=&#8221;RGBA(255,255,255,0)&#8221; icon_color=&#8221;#CD207D&#8221; _builder_version=&#8221;4.27.4&#8243; _module_preset=&#8221;default&#8221; toggle_font=&#8221;Poppins|600|||||||&#8221; toggle_font_size=&#8221;15px&#8221; body_font=&#8221;Montserrat||||||||&#8221; body_line_height=&#8221;1.8em&#8221; hover_enabled=&#8221;0&#8243; border_radii=&#8221;on|5px|5px|5px|5px&#8221; border_color_all=&#8221;#CD207D&#8221; global_colors_info=&#8221;{%22gcid-primary-color%22:%91%22body_quote_text_color%22,%22quote_text_color%22,%22body_quote_text_color%22,%22quote_text_color%22%93,%22gcid-secondary-color%22:%91%22icon_color%22%93,%22gcid-heading-color%22:%91%22toggle_text_color%22,%22toggle_text_color%22%93}&#8221; sticky_enabled=&#8221;0&#8243;][et_pb_accordion_item title=&#8221;\ud83c\udfe0 Pomoc w wyszukiwaniu domu&#8221; open=&#8221;on&#8221; _builder_version=&#8221;4.27.4&#8243; _module_preset=&#8221;default&#8221; global_colors_info=&#8221;{}&#8221;]<\/p>\n<p>Znalezienie nowego domu w innym kraju mo\u017ce by\u0107 trudne \u2014 ale z Flyto staje si\u0119 to bezproblemowe.<br \/>Nasi eksperci ds. relokacji pomog\u0105 Ci znale\u017a\u0107 najlepsze dzielnice, zorganizowa\u0107 ogl\u0105danie nieruchomo\u015bci i wespr\u0105 Ci\u0119 w ca\u0142ym procesie wynajmu lub zakupu.<br \/>Dostosowujemy ka\u017cde wyszukiwanie do Twojego stylu \u017cycia, dojazdu i bud\u017cetu, dbaj\u0105c o to, aby Tw\u00f3j nowy dom by\u0142 idealny od pierwszego dnia.<\/p>\n<p><strong>W cenie:<\/strong><\/p>\n<p>&#8211; Poradnictwo dotycz\u0105ce okolicy i okolicy<\/p>\n<p>&#8211; Wyszukiwanie i ogl\u0105danie nieruchomo\u015bci<\/p>\n<p>&#8211; Negocjacje um\u00f3w najmu i wsparcie w zakresie dokumentacji<\/p>\n<p>&#8211; Koordynacja przeprowadzki<\/p>\n<p>[\/et_pb_accordion_item][et_pb_accordion_item title=&#8221;\ud83d\udecb\ufe0f Monta\u017c mebli i konfiguracja domu&#8221; _builder_version=&#8221;4.27.4&#8243; _module_preset=&#8221;default&#8221; global_colors_info=&#8221;{}&#8221; open=&#8221;off&#8221;]<\/p>\n<p>Dbamy o to, aby Tw\u00f3j nowy dom by\u0142 gotowy do zamieszkania \u2013 w najdrobniejszych szczeg\u00f3\u0142ach.<br \/>Nasz zesp\u00f3\u0142 zajmie si\u0119 monta\u017cem mebli, instalacj\u0105 i konfiguracj\u0105 niezb\u0119dnych urz\u0105dze\u0144 domowych, dzi\u0119ki czemu Ty mo\u017cesz skupi\u0107 si\u0119 na zadomowieniu si\u0119.<\/p>\n<p>Od organizacji dostaw po koordynacj\u0119 instalacji, dbamy o to, aby Tw\u00f3j dom by\u0142 funkcjonalny i komfortowy zaraz po przeprowadzce.<\/p>\n<p><strong>Obejmuje:<\/strong><\/p>\n<p>&#8211; Dostaw\u0119 i monta\u017c mebli<\/p>\n<p>&#8211; Instalacj\u0119 i regulacj\u0119 domu<\/p>\n<p>&#8211; Sprz\u0105tanie i monta\u017c ko\u0144cowy<\/p>\n<p>&#8211; Koordynacj\u0119 us\u0142ugodawc\u00f3w<\/p>\n<p>[\/et_pb_accordion_item][et_pb_accordion_item title=&#8221;\ud83d\ude97 Us\u0142uga transportu pojazd\u00f3w&#8221; _builder_version=&#8221;4.27.4&#8243; _module_preset=&#8221;default&#8221; global_colors_info=&#8221;{}&#8221; open=&#8221;off&#8221;]<\/p>\n<p>Potrzebujesz zabra\u0107 ze sob\u0105 samoch\u00f3d, motocykl lub inny pojazd?<br \/>Flyto oferuje bezpieczny, niezawodny i w pe\u0142ni ubezpieczony transport pojazd\u00f3w przez granice.<br \/>Nasi eksperci zajmuj\u0105 si\u0119 odpraw\u0105 celn\u0105, logistyk\u0105 i harmonogramem dostaw, zapewniaj\u0105c bezpieczny i terminowy dojazd pojazdu.<\/p>\n<p><strong>Obejmuje:<\/strong><\/p>\n<p>&#8211; Mi\u0119dzynarodowy transport i logistyk\u0119 pojazd\u00f3w<\/p>\n<p>&#8211; Odbi\u00f3r i dostawa \u201eod drzwi do drzwi\u201d<\/p>\n<p>&#8211; Pomoc w odprawie celnej i rejestracji<\/p>\n<p>&#8211; Pe\u0142ne ubezpieczenie<\/p>\n<p>[\/et_pb_accordion_item][et_pb_accordion_item title=&#8221;\ud83c\udfe2 Bezpieczne rozwi\u0105zania magazynowe&#8221; _builder_version=&#8221;4.27.4&#8243; _module_preset=&#8221;default&#8221; global_colors_info=&#8221;{}&#8221; open=&#8221;off&#8221;]<\/p>\n<p>Je\u015bli potrzebujesz tymczasowego lub d\u0142ugoterminowego magazynu podczas przeprowadzki, Flyto oferuje bezpieczne, klimatyzowane obiekty.<br \/>Nasze us\u0142ugi magazynowe s\u0105 monitorowane przez zaawansowane systemy kamer i obejmuj\u0105 szczeg\u00f3\u0142ow\u0105 dokumentacj\u0119 inwentaryzacyjn\u0105, co zapewnia Ci pe\u0142en spok\u00f3j ducha podczas przeprowadzki.<\/p>\n<p><strong>Obejmuje:<\/strong><\/p>\n<p>&#8211; Bezpieczne i klimatyzowane magazyny<\/p>\n<p>&#8211; Monitoring i nadz\u00f3r 24\/7<\/p>\n<p>&#8211; Elastyczne opcje kr\u00f3tkoterminowego lub d\u0142ugoterminowego magazynu<\/p>\n<p>&#8211; Pe\u0142na dokumentacja i dost\u0119p na \u017c\u0105danie<\/p>\n<p>[\/et_pb_accordion_item][et_pb_accordion_item title=&#8221;\ud83e\udd1d Osiedlenie si\u0119 i wsparcie lokalne&#8221; _builder_version=&#8221;4.27.4&#8243; _module_preset=&#8221;default&#8221; global_colors_info=&#8221;{}&#8221; open=&#8221;off&#8221;]<\/p>\n<p>Przeprowadzka za granic\u0119 to co\u015b wi\u0119cej ni\u017c logistyka \u2014 to kwestia adaptacji do nowego stylu \u017cycia.<br \/>Nasze us\u0142ugi zwi\u0105zane z adaptacj\u0105 i wsparciem lokalnym pomog\u0105 Tobie i Twojej rodzinie szybko poczu\u0107 si\u0119 jak w domu.<br \/>Od lokalnych rejestracji i kart transportowych, po informacje kulturowe i codzienne wskaz\u00f3wki, dbamy o to, aby Twoje pierwsze tygodnie za granic\u0105 by\u0142y p\u0142ynne i bezstresowe.<\/p>\n<p><strong>Obejmuje:<\/strong><\/p>\n<p>&#8211; Poznanie miasta i praktyczne wskaz\u00f3wki<\/p>\n<p>&#8211; Pomoc w rejestracji i dokumentacji lokalnej<\/p>\n<p>&#8211; Wprowadzenie do opieki zdrowotnej, transportu i artyku\u0142\u00f3w codziennego u\u017cytku<\/p>\n<p>&#8211; Sta\u0142e, indywidualne wsparcie naszych lokalnych ekspert\u00f3w<\/p>\n<p>[\/et_pb_accordion_item][\/et_pb_accordion][et_pb_button button_url=&#8221;@ET-DC@eyJkeW5hbWljIjp0cnVlLCJjb250ZW50IjoicG9zdF9saW5rX3VybF9wYWdlIiwic2V0dGluZ3MiOnsicG9zdF9pZCI6IjczMCJ9fQ==@&#8221; button_text=&#8221;Um\u00f3w si\u0119 na bezp\u0142atn\u0105 konsultacj\u0119&#8221; _builder_version=&#8221;4.27.4&#8243; _dynamic_attributes=&#8221;button_url&#8221; _module_preset=&#8221;_initial&#8221; custom_button=&#8221;on&#8221; button_text_size=&#8221;16px&#8221; button_text_color=&#8221;#CD207D&#8221; button_border_color=&#8221;#CD207D&#8221; button_border_radius=&#8221;100px&#8221; button_font=&#8221;Outfit|600|||||||&#8221; button_use_icon=&#8221;off&#8221; custom_margin=&#8221;-2px||||false|false&#8221; custom_padding=&#8221;10px|26px|10px|26px|true|true&#8221; hover_enabled=&#8221;0&#8243; global_colors_info=&#8221;{%22gcid-f1e65d51-fa2f-4bf0-b2c1-8eab7001e8fd%22:%91%22button_text_color%22%93}&#8221; sticky_enabled=&#8221;0&#8243;][\/et_pb_button][\/et_pb_column][\/et_pb_row][\/et_pb_section]<\/p>\n","protected":false},"excerpt":{"rendered":"<p>Kompleksowe us\u0142ugi relokacyjne zapewniaj\u0105ce p\u0142ynny startPrzeprowadzka za granic\u0119 to co\u015b wi\u0119cej ni\u017c tylko transport rzeczy \u2013 to stworzenie nowego \u017cycia w nowym miejscu. W Flyto oferujemy pe\u0142en zakres dodatkowych us\u0142ug relokacyjnych, kt\u00f3re sprawi\u0105, \u017ce Twoja przeprowadzka b\u0119dzie \u0142atwa, bezpieczna i bezstresowa. Niezale\u017cnie od tego, czy przeprowadzasz si\u0119 sam, z rodzin\u0105, czy w imieniu swojej firmy, [&hellip;]<\/p>\n","protected":false},"author":1,"featured_media":0,"parent":0,"menu_order":0,"comment_status":"closed","ping_status":"closed","template":"","meta":{"_et_pb_use_builder":"on","_et_pb_old_content":"","_et_gb_content_width":"","footnotes":""},"class_list":["post-9","page","type-page","status-publish","hentry"],"yoast_head":"<!-- This site is optimized with the Yoast SEO plugin v26.3 - https:\/\/yoast.com\/wordpress\/plugins\/seo\/ -->\n<title>Relocation services - Flyto Relocation Polska<\/title>\n<meta name=\"robots\" content=\"index, follow, max-snippet:-1, max-image-preview:large, max-video-preview:-1\" \/>\n<link rel=\"canonical\" href=\"https:\/\/flytorelocation.com\/pl-pl\/relocation-services\/\" \/>\n<meta property=\"og:locale\" content=\"fi_FI\" \/>\n<meta property=\"og:type\" content=\"article\" \/>\n<meta property=\"og:title\" content=\"Relocation services - Flyto Relocation Polska\" \/>\n<meta property=\"og:description\" content=\"Kompleksowe us\u0142ugi relokacyjne zapewniaj\u0105ce p\u0142ynny startPrzeprowadzka za granic\u0119 to co\u015b wi\u0119cej ni\u017c tylko transport rzeczy \u2013 to stworzenie nowego \u017cycia w nowym miejscu. W Flyto oferujemy pe\u0142en zakres dodatkowych us\u0142ug relokacyjnych, kt\u00f3re sprawi\u0105, \u017ce Twoja przeprowadzka b\u0119dzie \u0142atwa, bezpieczna i bezstresowa. Niezale\u017cnie od tego, czy przeprowadzasz si\u0119 sam, z rodzin\u0105, czy w imieniu swojej firmy, [&hellip;]\" \/>\n<meta property=\"og:url\" content=\"https:\/\/flytorelocation.com\/pl-pl\/relocation-services\/\" \/>\n<meta property=\"og:site_name\" content=\"Flyto Relocation Polska\" \/>\n<meta property=\"article:modified_time\" content=\"2026-01-16T23:02:44+00:00\" \/>\n<meta name=\"twitter:card\" content=\"summary_large_image\" \/>\n<meta name=\"twitter:label1\" content=\"Arvioitu lukuaika\" \/>\n\t<meta name=\"twitter:data1\" content=\"7 minuuttia\" \/>\n<script type=\"application\/ld+json\" class=\"yoast-schema-graph\">{\"@context\":\"https:\/\/schema.org\",\"@graph\":[{\"@type\":\"WebPage\",\"@id\":\"https:\/\/flytorelocation.com\/pl-pl\/relocation-services\/\",\"url\":\"https:\/\/flytorelocation.com\/pl-pl\/relocation-services\/\",\"name\":\"Relocation services - Flyto Relocation Polska\",\"isPartOf\":{\"@id\":\"https:\/\/flytorelocation.com\/pl-pl\/#website\"},\"datePublished\":\"2025-10-22T17:37:33+00:00\",\"dateModified\":\"2026-01-16T23:02:44+00:00\",\"breadcrumb\":{\"@id\":\"https:\/\/flytorelocation.com\/pl-pl\/relocation-services\/#breadcrumb\"},\"inLanguage\":\"fi\",\"potentialAction\":[{\"@type\":\"ReadAction\",\"target\":[\"https:\/\/flytorelocation.com\/pl-pl\/relocation-services\/\"]}]},{\"@type\":\"BreadcrumbList\",\"@id\":\"https:\/\/flytorelocation.com\/pl-pl\/relocation-services\/#breadcrumb\",\"itemListElement\":[{\"@type\":\"ListItem\",\"position\":1,\"name\":\"Etusivu\",\"item\":\"https:\/\/flytorelocation.com\/pl-pl\/\"},{\"@type\":\"ListItem\",\"position\":2,\"name\":\"Relocation services\"}]},{\"@type\":\"WebSite\",\"@id\":\"https:\/\/flytorelocation.com\/pl-pl\/#website\",\"url\":\"https:\/\/flytorelocation.com\/pl-pl\/\",\"name\":\"Flyto Relocation Polska\",\"description\":\"\",\"publisher\":{\"@id\":\"https:\/\/flytorelocation.com\/pl-pl\/#organization\"},\"potentialAction\":[{\"@type\":\"SearchAction\",\"target\":{\"@type\":\"EntryPoint\",\"urlTemplate\":\"https:\/\/flytorelocation.com\/pl-pl\/?s={search_term_string}\"},\"query-input\":{\"@type\":\"PropertyValueSpecification\",\"valueRequired\":true,\"valueName\":\"search_term_string\"}}],\"inLanguage\":\"fi\"},{\"@type\":\"Organization\",\"@id\":\"https:\/\/flytorelocation.com\/pl-pl\/#organization\",\"name\":\"Flyto Relocation Polska\",\"url\":\"https:\/\/flytorelocation.com\/pl-pl\/\",\"logo\":{\"@type\":\"ImageObject\",\"inLanguage\":\"fi\",\"@id\":\"https:\/\/flytorelocation.com\/pl-pl\/#\/schema\/logo\/image\/\",\"url\":\"https:\/\/flyto-wp-uploads.s3.eu-north-1.amazonaws.com\/wp-content\/uploads\/sites\/96\/2025\/10\/13130143\/Flyto-col.png\",\"contentUrl\":\"https:\/\/flyto-wp-uploads.s3.eu-north-1.amazonaws.com\/wp-content\/uploads\/sites\/96\/2025\/10\/13130143\/Flyto-col.png\",\"width\":618,\"height\":337,\"caption\":\"Flyto Relocation Polska\"},\"image\":{\"@id\":\"https:\/\/flytorelocation.com\/pl-pl\/#\/schema\/logo\/image\/\"}}]}<\/script>\n<!-- \/ Yoast SEO plugin. -->","yoast_head_json":{"title":"Relocation services - Flyto Relocation Polska","robots":{"index":"index","follow":"follow","max-snippet":"max-snippet:-1","max-image-preview":"max-image-preview:large","max-video-preview":"max-video-preview:-1"},"canonical":"https:\/\/flytorelocation.com\/pl-pl\/relocation-services\/","og_locale":"fi_FI","og_type":"article","og_title":"Relocation services - Flyto Relocation Polska","og_description":"Kompleksowe us\u0142ugi relokacyjne zapewniaj\u0105ce p\u0142ynny startPrzeprowadzka za granic\u0119 to co\u015b wi\u0119cej ni\u017c tylko transport rzeczy \u2013 to stworzenie nowego \u017cycia w nowym miejscu. W Flyto oferujemy pe\u0142en zakres dodatkowych us\u0142ug relokacyjnych, kt\u00f3re sprawi\u0105, \u017ce Twoja przeprowadzka b\u0119dzie \u0142atwa, bezpieczna i bezstresowa. Niezale\u017cnie od tego, czy przeprowadzasz si\u0119 sam, z rodzin\u0105, czy w imieniu swojej firmy, [&hellip;]","og_url":"https:\/\/flytorelocation.com\/pl-pl\/relocation-services\/","og_site_name":"Flyto Relocation Polska","article_modified_time":"2026-01-16T23:02:44+00:00","twitter_card":"summary_large_image","twitter_misc":{"Arvioitu lukuaika":"7 minuuttia"},"schema":{"@context":"https:\/\/schema.org","@graph":[{"@type":"WebPage","@id":"https:\/\/flytorelocation.com\/pl-pl\/relocation-services\/","url":"https:\/\/flytorelocation.com\/pl-pl\/relocation-services\/","name":"Relocation services - Flyto Relocation Polska","isPartOf":{"@id":"https:\/\/flytorelocation.com\/pl-pl\/#website"},"datePublished":"2025-10-22T17:37:33+00:00","dateModified":"2026-01-16T23:02:44+00:00","breadcrumb":{"@id":"https:\/\/flytorelocation.com\/pl-pl\/relocation-services\/#breadcrumb"},"inLanguage":"fi","potentialAction":[{"@type":"ReadAction","target":["https:\/\/flytorelocation.com\/pl-pl\/relocation-services\/"]}]},{"@type":"BreadcrumbList","@id":"https:\/\/flytorelocation.com\/pl-pl\/relocation-services\/#breadcrumb","itemListElement":[{"@type":"ListItem","position":1,"name":"Etusivu","item":"https:\/\/flytorelocation.com\/pl-pl\/"},{"@type":"ListItem","position":2,"name":"Relocation services"}]},{"@type":"WebSite","@id":"https:\/\/flytorelocation.com\/pl-pl\/#website","url":"https:\/\/flytorelocation.com\/pl-pl\/","name":"Flyto Relocation Polska","description":"","publisher":{"@id":"https:\/\/flytorelocation.com\/pl-pl\/#organization"},"potentialAction":[{"@type":"SearchAction","target":{"@type":"EntryPoint","urlTemplate":"https:\/\/flytorelocation.com\/pl-pl\/?s={search_term_string}"},"query-input":{"@type":"PropertyValueSpecification","valueRequired":true,"valueName":"search_term_string"}}],"inLanguage":"fi"},{"@type":"Organization","@id":"https:\/\/flytorelocation.com\/pl-pl\/#organization","name":"Flyto Relocation Polska","url":"https:\/\/flytorelocation.com\/pl-pl\/","logo":{"@type":"ImageObject","inLanguage":"fi","@id":"https:\/\/flytorelocation.com\/pl-pl\/#\/schema\/logo\/image\/","url":"https:\/\/flyto-wp-uploads.s3.eu-north-1.amazonaws.com\/wp-content\/uploads\/sites\/96\/2025\/10\/13130143\/Flyto-col.png","contentUrl":"https:\/\/flyto-wp-uploads.s3.eu-north-1.amazonaws.com\/wp-content\/uploads\/sites\/96\/2025\/10\/13130143\/Flyto-col.png","width":618,"height":337,"caption":"Flyto Relocation Polska"},"image":{"@id":"https:\/\/flytorelocation.com\/pl-pl\/#\/schema\/logo\/image\/"}}]}},"acf":[],"_links":{"self":[{"href":"https:\/\/flytorelocation.com\/pl-pl\/wp-json\/wp\/v2\/pages\/9","targetHints":{"allow":["GET"]}}],"collection":[{"href":"https:\/\/flytorelocation.com\/pl-pl\/wp-json\/wp\/v2\/pages"}],"about":[{"href":"https:\/\/flytorelocation.com\/pl-pl\/wp-json\/wp\/v2\/types\/page"}],"author":[{"embeddable":true,"href":"https:\/\/flytorelocation.com\/pl-pl\/wp-json\/wp\/v2\/users\/1"}],"replies":[{"embeddable":true,"href":"https:\/\/flytorelocation.com\/pl-pl\/wp-json\/wp\/v2\/comments?post=9"}],"version-history":[{"count":4,"href":"https:\/\/flytorelocation.com\/pl-pl\/wp-json\/wp\/v2\/pages\/9\/revisions"}],"predecessor-version":[{"id":1349,"href":"https:\/\/flytorelocation.com\/pl-pl\/wp-json\/wp\/v2\/pages\/9\/revisions\/1349"}],"wp:attachment":[{"href":"https:\/\/flytorelocation.com\/pl-pl\/wp-json\/wp\/v2\/media?parent=9"}],"curies":[{"name":"wp","href":"https:\/\/api.w.org\/{rel}","templated":true}]}}