{"id":733,"date":"2025-10-17T19:02:33","date_gmt":"2025-10-17T16:02:33","guid":{"rendered":"https:\/\/flytorelocation.com\/pl-pl\/fi\/?page_id=90"},"modified":"2026-01-17T00:56:00","modified_gmt":"2026-01-16T22:56:00","slug":"blog","status":"publish","type":"page","link":"https:\/\/flytorelocation.com\/pl-pl\/blog\/","title":{"rendered":"FAQ"},"content":{"rendered":"<p>[et_pb_section fb_built=&#8221;1&#8243; _builder_version=&#8221;4.27.4&#8243; _module_preset=&#8221;default&#8221; custom_padding=&#8221;24px||24px||true|false&#8221; global_colors_info=&#8221;{}&#8221;][et_pb_row _builder_version=&#8221;4.27.4&#8243; _module_preset=&#8221;default&#8221; custom_padding=&#8221;0px||0px||true|false&#8221; global_colors_info=&#8221;{}&#8221;][et_pb_column type=&#8221;4_4&#8243; _builder_version=&#8221;4.27.4&#8243; _module_preset=&#8221;default&#8221; global_colors_info=&#8221;{}&#8221;][et_pb_heading title=&#8221;Cz\u0119sto zadawane pytania&#8221; _builder_version=&#8221;4.27.4&#8243; _module_preset=&#8221;_initial&#8221; title_font=&#8221;Flyto oma||||||||&#8221; title_text_color=&#8221;#CD207D&#8221; title_font_size=&#8221;62px&#8221; custom_margin=&#8221;||10px||false|false&#8221; custom_margin_tablet=&#8221;||10px||false|false&#8221; custom_margin_phone=&#8221;||10px||false|false&#8221; custom_margin_last_edited=&#8221;on|phone&#8221; custom_padding_tablet=&#8221;&#8221; custom_padding_phone=&#8221;0px||||false|false&#8221; custom_padding_last_edited=&#8221;on|phone&#8221; title_font_size_tablet=&#8221;40px&#8221; title_font_size_phone=&#8221;30px&#8221; title_font_size_last_edited=&#8221;on|phone&#8221; locked=&#8221;off&#8221; global_colors_info=&#8221;{}&#8221;][\/et_pb_heading][\/et_pb_column][\/et_pb_row][\/et_pb_section][et_pb_section fb_built=&#8221;1&#8243; admin_label=&#8221;Header&#8221; _builder_version=&#8221;4.27.4&#8243; _module_preset=&#8221;default&#8221; custom_padding=&#8221;0px||||false|false&#8221; collapsed=&#8221;on&#8221; global_colors_info=&#8221;{}&#8221;][et_pb_row column_structure=&#8221;1_2,1_2&#8243; _builder_version=&#8221;4.27.4&#8243; _module_preset=&#8221;default&#8221; global_colors_info=&#8221;{}&#8221;][et_pb_column type=&#8221;1_2&#8243; _builder_version=&#8221;4.22.0&#8243; _module_preset=&#8221;default&#8221; global_colors_info=&#8221;{}&#8221;][et_pb_heading title=&#8221;Odpowiedzi naszego dyrektora generalnego: prawda (i mity) na temat przeprowadzki za granic\u0119&#8221; _builder_version=&#8221;4.27.4&#8243; _module_preset=&#8221;_initial&#8221; title_font=&#8221;Flyto oma||||||||&#8221; title_text_align=&#8221;left&#8221; title_text_color=&#8221;#CD207D&#8221; title_line_height=&#8221;1.1em&#8221; custom_margin=&#8221;2px||||false|false&#8221; custom_margin_tablet=&#8221;0px||||false|false&#8221; custom_margin_phone=&#8221;||||false|false&#8221; custom_margin_last_edited=&#8221;on|phone&#8221; custom_padding=&#8221;||||false|false&#8221; custom_padding_tablet=&#8221;||||false|false&#8221; custom_padding_phone=&#8221;||||false|false&#8221; custom_padding_last_edited=&#8221;on|phone&#8221; title_font_size_phone=&#8221;29px&#8221; global_colors_info=&#8221;{}&#8221;][\/et_pb_heading][et_pb_text _builder_version=&#8221;4.27.4&#8243; _module_preset=&#8221;_initial&#8221; text_font=&#8221;Montserrat||||||||&#8221; text_line_height=&#8221;1.8em&#8221; custom_margin=&#8221;-20px||||false|false&#8221; global_colors_info=&#8221;{}&#8221;]<\/p>\n<p>&nbsp;<\/p>\n<p>Przeprowadzka za granic\u0119 wi\u0105\u017ce si\u0119 z pytaniami, ekscytacj\u0105 i by\u0107 mo\u017ce lekk\u0105 panik\u0105. Nie martw si\u0119 \u2013 nasz CEO us\u0142ysza\u0142 je wszystkie (i odpowiedzia\u0142 z u\u015bmiechem).<\/p>\n<p>[\/et_pb_text][\/et_pb_column][et_pb_column type=&#8221;1_2&#8243; _builder_version=&#8221;4.22.0&#8243; _module_preset=&#8221;default&#8221; global_colors_info=&#8221;{}&#8221;][et_pb_image src=&#8221;https:\/\/flyto-wp-uploads.s3.eu-north-1.amazonaws.com\/wp-content\/uploads\/sites\/96\/2025\/11\/13095224\/Groweo_Flyto_1-scaled.jpg&#8221; title_text=&#8221;Groweo_Flyto_1&#8243; _builder_version=&#8221;4.27.4&#8243; _module_preset=&#8221;default&#8221; border_radii=&#8221;on|5px|5px|5px|5px&#8221; global_colors_info=&#8221;{}&#8221;][\/et_pb_image][\/et_pb_column][\/et_pb_row][et_pb_row _builder_version=&#8221;4.27.4&#8243; _module_preset=&#8221;default&#8221; min_height=&#8221;1132px&#8221; custom_margin=&#8221;||||false|false&#8221; global_colors_info=&#8221;{}&#8221;][et_pb_column type=&#8221;4_4&#8243; _builder_version=&#8221;4.27.4&#8243; _module_preset=&#8221;default&#8221; global_colors_info=&#8221;{}&#8221;][et_pb_accordion open_toggle_background_color=&#8221;RGBA(255,255,255,0)&#8221; closed_toggle_text_color=&#8221;#000000&#8243; closed_toggle_background_color=&#8221;RGBA(255,255,255,0)&#8221; icon_color=&#8221;#CD207D&#8221; _builder_version=&#8221;4.27.4&#8243; _module_preset=&#8221;default&#8221; toggle_font=&#8221;Poppins|600|||||||&#8221; toggle_font_size=&#8221;15px&#8221; body_font=&#8221;Montserrat||||||||&#8221; body_line_height=&#8221;1.8em&#8221; border_radii=&#8221;on|5px|5px|5px|5px&#8221; border_color_all=&#8221;#CD207D&#8221; global_colors_info=&#8221;{%22gcid-primary-color%22:%91%22body_quote_text_color%22,%22quote_text_color%22,%22body_quote_text_color%22,%22quote_text_color%22%93,%22gcid-secondary-color%22:%91%22icon_color%22%93,%22gcid-heading-color%22:%91%22toggle_text_color%22,%22toggle_text_color%22%93}&#8221;][et_pb_accordion_item title=&#8221;B\u0105d\u017amy szczerzy\u2026 czy przeprowadzka za granic\u0119 jest naprawd\u0119 a\u017c tak stresuj\u0105ca?&#8221; open=&#8221;on&#8221; _builder_version=&#8221;4.27.4&#8243; _module_preset=&#8221;default&#8221; global_colors_info=&#8221;{}&#8221;]<\/p>\n<p>Tylko je\u015bli zrobisz to bez Flyto! Pomy\u015bl o nas jak o swoim osobistym konsjer\u017cu przeprowadzkowym \u2014 planujemy, pakujemy, wysy\u0142amy i dostarczamy, podczas gdy Ty planujesz swoj\u0105 now\u0105 ulubion\u0105 kawiarni\u0119 w Lizbonie.<br \/>Naszym zadaniem jest sprawi\u0107, by Twoja przeprowadzka przebieg\u0142a tak sprawnie, \u017ce zanim si\u0119 rozpakujesz, b\u0119dziesz si\u0119 zastanawia\u0107, czy teleportacja by\u0142a konieczna.<\/p>\n<p>[\/et_pb_accordion_item][et_pb_accordion_item title=&#8221;Jak bezpieczne s\u0105 naprawd\u0119 moje rzeczy?&#8221; _builder_version=&#8221;4.27.4&#8243; _module_preset=&#8221;default&#8221; global_colors_info=&#8221;{}&#8221; open=&#8221;off&#8221;]<\/p>\n<p>Bezpieczniejszy ni\u017c sekretny przepis w szwajcarskim skarbcu. Ka\u017cdy pojazd Flyto ma \u015bledzenie GPS, kamery pok\u0142adowe i bezpieczne systemy za\u0142adunku \u2013 bo lubimy wiedzie\u0107, gdzie jest Twoja sofa o 3:00 nad ranem, nawet je\u015bli Ty nie wiesz.<br \/>Pakujemy wszystko, jakby mia\u0142o odby\u0107 kr\u00f3lewsk\u0105 podr\u00f3\u017c. Niezale\u017cnie od tego, czy to stare wino, czy pierwszy pluszowy mi\u015b Twojego dziecka \u2013 wszystko traktujemy jak skarb.<\/p>\n<p>[\/et_pb_accordion_item][et_pb_accordion_item title=&#8221;Nie mam jeszcze nowego domu \u2014 jak to dzia\u0142a?&#8221; _builder_version=&#8221;4.27.4&#8243; _module_preset=&#8221;default&#8221; global_colors_info=&#8221;{}&#8221; open=&#8221;off&#8221;]<\/p>\n<p>Spokojnie. Ty si\u0119 zrelaksuj, a my znajdziemy to dla Ciebie. Nasz Zesp\u00f3\u0142 Poszukiwaczy Dom\u00f3w przeszukuje okolice, sprawdza oferty, przeprowadza wirtualne wycieczki, a nawet zajmuje si\u0119 formalno\u015bciami. Po prostu zatwierdzasz sw\u00f3j wymarzony dom, siedz\u0105c wygodnie na kanapie.<br \/>Kiedy przyje\u017cd\u017casz, Tw\u00f3j nowy dom ju\u017c czeka \u2014 z w\u0142\u0105czonym Wi-Fi, zas\u0142onami, a mo\u017ce nawet z upragnion\u0105 ro\u015blin\u0105. \ud83c\udf3f<\/p>\n<p>[\/et_pb_accordion_item][et_pb_accordion_item title=&#8221;Czy poradzisz sobie r\u00f3wnie\u017c z przeprowadzkami du\u017cych korporacji?&#8221; _builder_version=&#8221;4.27.4&#8243; _module_preset=&#8221;default&#8221; global_colors_info=&#8221;{}&#8221; open=&#8221;off&#8221;]<\/p>\n<p>Zdecydowanie. Przenosimy kadr\u0119 kierownicz\u0105, ca\u0142e zespo\u0142y, a czasem nawet ekspres do kawy w biurze \u2013 wszystko bez przekraczania termin\u00f3w.<br \/>Dbamy o to, aby Twoi pracownicy byli gotowi do pracy, a nie do powrotu do zdrowia. Bo \u015bwietne firmy zas\u0142uguj\u0105 na \u015bwietne przeprowadzki.<\/p>\n<p>[\/et_pb_accordion_item][et_pb_accordion_item title=&#8221;Co wi\u0119c w\u0142a\u015bciwie wyr\u00f3\u017cnia Flyto?&#8221; _builder_version=&#8221;4.27.4&#8243; _module_preset=&#8221;default&#8221; global_colors_info=&#8221;{}&#8221; open=&#8221;off&#8221;]<\/p>\n<p>Trzy rzeczy: nasi ludzie, nasza precyzja i nasza obsesja na punkcie spokoju ducha.<br \/>Mamy najlepsz\u0105 sie\u0107 w ca\u0142ej Europie, \u015bledzimy ka\u017cd\u0105 przesy\u0142k\u0119 jak jastrz\u0105b i naprawd\u0119 zale\u017cy nam na Twoim do\u015bwiadczeniu. Nie tylko przenosimy pud\u0142a \u2013 przenosimy ludzkie \u017cycie. I traktujemy to powa\u017cnie\u2026 ale bez przesady.<\/p>\n<p>[\/et_pb_accordion_item][et_pb_accordion_item title=&#8221;Czy musz\u0119 zap\u0142aci\u0107 wszystko z g\u00f3ry?&#8221; _builder_version=&#8221;4.27.4&#8243; _module_preset=&#8221;default&#8221; global_colors_info=&#8221;{}&#8221; open=&#8221;off&#8221;]<\/p>\n<p>Nie, absolutnie nie. Z Flyto nigdy nie p\u0142acisz, zanim cokolwiek si\u0119 wydarzy. P\u0142atno\u015bci s\u0105 realizowane dopiero w momencie za\u0142adunku \u2014 gdy przeprowadzka faktycznie si\u0119 odb\u0119dzie. Wierzymy w zaufanie, transparentno\u015b\u0107 i uczciwo\u015b\u0107. Widzisz jako\u015b\u0107, zanim za ni\u0105 zap\u0142acisz.<\/p>\n<p>[\/et_pb_accordion_item][et_pb_accordion_item title=&#8221;Ile czasu zazwyczaj trwa przeprowadzka mi\u0119dzynarodowa?&#8221; _builder_version=&#8221;4.27.4&#8243; _module_preset=&#8221;default&#8221; global_colors_info=&#8221;{}&#8221; open=&#8221;off&#8221;]<\/p>\n<p>Zazwyczaj znacznie kr\u00f3cej, ni\u017c ludzie my\u015bl\u0105. Wi\u0119kszo\u015b\u0107 przeprowadzek mi\u0119dzynarodowych w Europie zajmuje zaledwie kilka dni \u2013 maksymalnie tydzie\u0144, je\u015bli nie ma mo\u017cliwo\u015bci magazynowania.<br \/>Nasze trasy s\u0105 zoptymalizowane, a zespo\u0142y skoordynowane, dzi\u0119ki czemu Twoje rzeczy dotr\u0105 szybko, bezpiecznie i zgodnie z planem.<\/p>\n<p>[\/et_pb_accordion_item][et_pb_accordion_item title=&#8221;Czy mog\u0119 \u015bledzi\u0107 swoj\u0105 przesy\u0142k\u0119?&#8221; _builder_version=&#8221;4.27.4&#8243; _module_preset=&#8221;default&#8221; global_colors_info=&#8221;{}&#8221; open=&#8221;off&#8221;]<\/p>\n<p>Zdecydowanie. Ka\u017cda przeprowadzka Flyto jest dokumentowana i \u015bledzona cyfrowo od pocz\u0105tku do ko\u0144ca. B\u0119dziesz mie\u0107 w telefonie link do \u015bledzenia GPS, aby m\u00f3c si\u0119 zarejestrowa\u0107 w dowolnym momencie.<\/p>\n<p>[\/et_pb_accordion_item][et_pb_accordion_item title=&#8221;A co z c\u0142em, podatkami i formalno\u015bciami?&#8221; _builder_version=&#8221;4.27.4&#8243; _module_preset=&#8221;default&#8221; global_colors_info=&#8221;{}&#8221; open=&#8221;off&#8221;]<\/p>\n<p>W tym w\u0142a\u015bnie si\u0119 specjalizujemy. Flyto zajmuje si\u0119 formularzami, zezwoleniami i biurokratyczn\u0105 gimnastyk\u0105, \u017ceby\u015b Ty nie musia\u0142.<br \/>Wiemy, kt\u00f3re formularze s\u0105 wa\u017cne, kt\u00f3re nie, a kt\u00f3re wymagaj\u0105 dodatkowego podpisu w trzech egzemplarzach \u2013 i mamy je wszystkie gotowe.<\/p>\n<p>[\/et_pb_accordion_item][et_pb_accordion_item title=&#8221;A co je\u015bli co\u015b ulegnie uszkodzeniu lub zostanie zgubione?&#8221; _builder_version=&#8221;4.27.4&#8243; _module_preset=&#8221;default&#8221; global_colors_info=&#8221;{}&#8221; open=&#8221;off&#8221;]<\/p>\n<p>Potem naprawiamy \u2013 szybko. Ale najpierw zapobiegamy. Wszystko, co przenosimy, jest pakowane, fotografowane i rejestrowane zgodnie z naszym protoko\u0142em bezpiecze\u0144stwa.<br \/>W rzadkich przypadkach, gdy co\u015b p\u00f3jdzie nie tak, nasz proces ubezpieczeniowy i rozpatrywania roszcze\u0144 jest szybki, uczciwy i obs\u0142ugiwany osobi\u015bcie.<\/p>\n<p>[\/et_pb_accordion_item][et_pb_accordion_item title=&#8221;Czy mog\u0119 wybra\u0107, z kt\u00f3rych us\u0142ug chc\u0119 skorzysta\u0107?&#8221; _builder_version=&#8221;4.27.4&#8243; _module_preset=&#8221;default&#8221; global_colors_info=&#8221;{}&#8221; open=&#8221;off&#8221;]<\/p>\n<p>Oczywi\u015bcie. Mo\u017cesz wybra\u0107 dok\u0142adnie to, czego potrzebujesz \u2014 od kompleksowej us\u0142ugi przeprowadzkowej po sam transport.<br \/>Pomy\u015bl o tym jak o menu premium: pakowanie, odprawa celna, poszukiwanie domu, ustawienie mebli, a nawet magazynowanie. Ty wybierasz, my dostarczamy.<\/p>\n<p>[\/et_pb_accordion_item][et_pb_accordion_item title=&#8221;Ile tak naprawd\u0119 kosztuje przeprowadzka mi\u0119dzynarodowa?&#8221; _builder_version=&#8221;4.27.4&#8243; _module_preset=&#8221;default&#8221; global_colors_info=&#8221;{}&#8221; open=&#8221;off&#8221;]<\/p>\n<p>Mniej stresu ni\u017c w przypadku samodzielnej przeprowadzki \u2014 i bardziej transparentnie, ni\u017c mo\u017cna by si\u0119 spodziewa\u0107.<br \/>Ka\u017cda przeprowadzka jest inna, ale w Flyto ustalamy ceny na podstawie odleg\u0142o\u015bci, wolumenu i us\u0142ug \u2014 bez niespodzianek. Zawsze otrzymasz jasn\u0105, szczeg\u00f3\u0142ow\u0105 wycen\u0119 przed rozpocz\u0119ciem prac, dzi\u0119ki czemu dok\u0142adnie wiesz, za co p\u0142acisz.<br \/>A poniewa\u017c wszystkim zajmuje si\u0119 jeden skoordynowany zesp\u00f3\u0142, nie ma ukrytych op\u0142at za \u201eprzekazanie\u201d mi\u0119dzy krajami \u2014 tylko jeden p\u0142ynny, zaufany proces od pocz\u0105tku do ko\u0144ca.<\/p>\n<p>[\/et_pb_accordion_item][et_pb_accordion_item title=&#8221;Czy pomagasz r\u00f3wnie\u017c przy zwierz\u0119tach, samochodach lub magazynowaniu?&#8221; _builder_version=&#8221;4.27.4&#8243; _module_preset=&#8221;default&#8221; global_colors_info=&#8221;{}&#8221; open=&#8221;off&#8221;]<\/p>\n<p>Tak, na wszystkie trzy pytania. Wsp\u00f3\u0142pracujemy z zaufanymi specjalistami w zakresie transportu zwierz\u0105t domowych, wysy\u0142ki pojazd\u00f3w i bezpiecznego przechowywania.<br \/>Tw\u00f3j samoch\u00f3d, kot czy fortepian koncertowy \u2013 przewie\u017ali\u015bmy je wszystkie bezpiecznie (cho\u0107 nie w tej samej ci\u0119\u017car\u00f3wce).<\/p>\n<p>[\/et_pb_accordion_item][et_pb_accordion_item title=&#8221;Czy mo\u017cesz pom\u00f3c w rejestracji lokalnej lub zak\u0142adaniu us\u0142ug komunalnych?&#8221; _builder_version=&#8221;4.27.4&#8243; _module_preset=&#8221;default&#8221; global_colors_info=&#8221;{}&#8221; open=&#8221;off&#8221;]<\/p>\n<p>Zdecydowanie. Nasi eksperci od relokacji pomagaj\u0105 w rejestracji w mie\u015bcie, pod\u0142\u0105czaniu medi\u00f3w, konfiguracji internetu \u2013 we wszystkich \u201edrobiazgach\u201d, kt\u00f3re mog\u0105 przerodzi\u0107 si\u0119 w du\u017cy b\u00f3l g\u0142owy.<br \/>M\u00f3wi\u0105c \u201eod drzwi do drzwi\u201d, mamy to na my\u015bli.<\/p>\n<p>[\/et_pb_accordion_item][et_pb_accordion_item title=&#8221;Sk\u0105d mam pewno\u015b\u0107, \u017ce przeprowadzka przebiegnie bez zak\u0142\u00f3ce\u0144?&#8221; _builder_version=&#8221;4.27.4&#8243; _module_preset=&#8221;default&#8221; global_colors_info=&#8221;{}&#8221; open=&#8221;off&#8221;]<\/p>\n<p>Bo to nasza praca. Planujemy, przygotowujemy i komunikujemy si\u0119 na ka\u017cdym etapie.<br \/>Za kulisami pracuje ca\u0142y zesp\u00f3\u0142 Flyto, kt\u00f3ry koordynuje Twoj\u0105 przeprowadzk\u0119 niczym kontrola ruchu lotniczego \u2014 cicho, precyzyjnie i gotowi na wszystko.<\/p>\n<p>[\/et_pb_accordion_item][et_pb_accordion_item title=&#8221;Dobra, jestem przekonany. Co dalej?&#8221; _builder_version=&#8221;4.27.4&#8243; _module_preset=&#8221;default&#8221; global_colors_info=&#8221;{}&#8221; open=&#8221;off&#8221;]<\/p>\n<p>To proste \u2014 kliknij poni\u017cej, zarezerwuj bezp\u0142atn\u0105 konsultacj\u0119 i zacznijmy projektowa\u0107 Twoj\u0105 przeprowadzk\u0119. Powiedz nam, dok\u0105d si\u0119 przeprowadzasz, a my zajmiemy si\u0119 reszt\u0105.<br \/>I tak \u2014 obiecujemy, \u017ce b\u0119dzie nawet fajnie.<\/p>\n<p>[\/et_pb_accordion_item][\/et_pb_accordion][et_pb_button button_url=&#8221;@ET-DC@eyJkeW5hbWljIjp0cnVlLCJjb250ZW50IjoicG9zdF9saW5rX3VybF9wYWdlIiwic2V0dGluZ3MiOnsicG9zdF9pZCI6IjczNSJ9fQ==@&#8221; button_text=&#8221;Um\u00f3w si\u0119 na bezp\u0142atn\u0105 konsultacj\u0119&#8221; _builder_version=&#8221;4.27.4&#8243; _dynamic_attributes=&#8221;button_url&#8221; _module_preset=&#8221;_initial&#8221; custom_button=&#8221;on&#8221; button_text_size=&#8221;16px&#8221; button_text_color=&#8221;#CD207D&#8221; button_border_color=&#8221;#CD207D&#8221; button_border_radius=&#8221;100px&#8221; button_font=&#8221;Outfit|600|||||||&#8221; button_use_icon=&#8221;off&#8221; custom_margin=&#8221;-2px||||false|false&#8221; custom_padding=&#8221;10px|26px|10px|26px|true|true&#8221; hover_enabled=&#8221;0&#8243; global_colors_info=&#8221;{%22gcid-f1e65d51-fa2f-4bf0-b2c1-8eab7001e8fd%22:%91%22button_text_color%22%93}&#8221; sticky_enabled=&#8221;0&#8243;][\/et_pb_button][\/et_pb_column][\/et_pb_row][\/et_pb_section]<\/p>\n","protected":false},"excerpt":{"rendered":"<p>&nbsp; Przeprowadzka za granic\u0119 wi\u0105\u017ce si\u0119 z pytaniami, ekscytacj\u0105 i by\u0107 mo\u017ce lekk\u0105 panik\u0105. Nie martw si\u0119 \u2013 nasz CEO us\u0142ysza\u0142 je wszystkie (i odpowiedzia\u0142 z u\u015bmiechem).Tylko je\u015bli zrobisz to bez Flyto! Pomy\u015bl o nas jak o swoim osobistym konsjer\u017cu przeprowadzkowym \u2014 planujemy, pakujemy, wysy\u0142amy i dostarczamy, podczas gdy Ty planujesz swoj\u0105 now\u0105 ulubion\u0105 kawiarni\u0119 [&hellip;]<\/p>\n","protected":false},"author":1,"featured_media":0,"parent":0,"menu_order":0,"comment_status":"closed","ping_status":"closed","template":"","meta":{"_et_pb_use_builder":"on","_et_pb_old_content":"","_et_gb_content_width":"","footnotes":""},"class_list":["post-733","page","type-page","status-publish","hentry"],"yoast_head":"<!-- This site is optimized with the Yoast SEO plugin v26.3 - https:\/\/yoast.com\/wordpress\/plugins\/seo\/ -->\n<title>FAQ - Flyto Relocation Polska<\/title>\n<meta name=\"robots\" content=\"index, follow, max-snippet:-1, max-image-preview:large, max-video-preview:-1\" \/>\n<link rel=\"canonical\" href=\"https:\/\/flytorelocation.com\/pl-pl\/blog\/\" \/>\n<meta property=\"og:locale\" content=\"fi_FI\" \/>\n<meta property=\"og:type\" content=\"article\" \/>\n<meta property=\"og:title\" content=\"FAQ - Flyto Relocation Polska\" \/>\n<meta property=\"og:description\" content=\"&nbsp; Przeprowadzka za granic\u0119 wi\u0105\u017ce si\u0119 z pytaniami, ekscytacj\u0105 i by\u0107 mo\u017ce lekk\u0105 panik\u0105. Nie martw si\u0119 \u2013 nasz CEO us\u0142ysza\u0142 je wszystkie (i odpowiedzia\u0142 z u\u015bmiechem).Tylko je\u015bli zrobisz to bez Flyto! Pomy\u015bl o nas jak o swoim osobistym konsjer\u017cu przeprowadzkowym \u2014 planujemy, pakujemy, wysy\u0142amy i dostarczamy, podczas gdy Ty planujesz swoj\u0105 now\u0105 ulubion\u0105 kawiarni\u0119 [&hellip;]\" \/>\n<meta property=\"og:url\" content=\"https:\/\/flytorelocation.com\/pl-pl\/blog\/\" \/>\n<meta property=\"og:site_name\" content=\"Flyto Relocation Polska\" \/>\n<meta property=\"article:modified_time\" content=\"2026-01-16T22:56:00+00:00\" \/>\n<meta name=\"twitter:card\" content=\"summary_large_image\" \/>\n<meta name=\"twitter:label1\" content=\"Arvioitu lukuaika\" \/>\n\t<meta name=\"twitter:data1\" content=\"9 minuuttia\" \/>\n<script type=\"application\/ld+json\" class=\"yoast-schema-graph\">{\"@context\":\"https:\/\/schema.org\",\"@graph\":[{\"@type\":\"WebPage\",\"@id\":\"https:\/\/flytorelocation.com\/pl-pl\/blog\/\",\"url\":\"https:\/\/flytorelocation.com\/pl-pl\/blog\/\",\"name\":\"FAQ - Flyto Relocation Polska\",\"isPartOf\":{\"@id\":\"https:\/\/flytorelocation.com\/pl-pl\/#website\"},\"datePublished\":\"2025-10-17T16:02:33+00:00\",\"dateModified\":\"2026-01-16T22:56:00+00:00\",\"breadcrumb\":{\"@id\":\"https:\/\/flytorelocation.com\/pl-pl\/blog\/#breadcrumb\"},\"inLanguage\":\"fi\",\"potentialAction\":[{\"@type\":\"ReadAction\",\"target\":[\"https:\/\/flytorelocation.com\/pl-pl\/blog\/\"]}]},{\"@type\":\"BreadcrumbList\",\"@id\":\"https:\/\/flytorelocation.com\/pl-pl\/blog\/#breadcrumb\",\"itemListElement\":[{\"@type\":\"ListItem\",\"position\":1,\"name\":\"Etusivu\",\"item\":\"https:\/\/flytorelocation.com\/pl-pl\/\"},{\"@type\":\"ListItem\",\"position\":2,\"name\":\"FAQ\"}]},{\"@type\":\"WebSite\",\"@id\":\"https:\/\/flytorelocation.com\/pl-pl\/#website\",\"url\":\"https:\/\/flytorelocation.com\/pl-pl\/\",\"name\":\"Flyto Relocation Polska\",\"description\":\"\",\"publisher\":{\"@id\":\"https:\/\/flytorelocation.com\/pl-pl\/#organization\"},\"potentialAction\":[{\"@type\":\"SearchAction\",\"target\":{\"@type\":\"EntryPoint\",\"urlTemplate\":\"https:\/\/flytorelocation.com\/pl-pl\/?s={search_term_string}\"},\"query-input\":{\"@type\":\"PropertyValueSpecification\",\"valueRequired\":true,\"valueName\":\"search_term_string\"}}],\"inLanguage\":\"fi\"},{\"@type\":\"Organization\",\"@id\":\"https:\/\/flytorelocation.com\/pl-pl\/#organization\",\"name\":\"Flyto Relocation Polska\",\"url\":\"https:\/\/flytorelocation.com\/pl-pl\/\",\"logo\":{\"@type\":\"ImageObject\",\"inLanguage\":\"fi\",\"@id\":\"https:\/\/flytorelocation.com\/pl-pl\/#\/schema\/logo\/image\/\",\"url\":\"https:\/\/flyto-wp-uploads.s3.eu-north-1.amazonaws.com\/wp-content\/uploads\/sites\/96\/2025\/10\/13130143\/Flyto-col.png\",\"contentUrl\":\"https:\/\/flyto-wp-uploads.s3.eu-north-1.amazonaws.com\/wp-content\/uploads\/sites\/96\/2025\/10\/13130143\/Flyto-col.png\",\"width\":618,\"height\":337,\"caption\":\"Flyto Relocation Polska\"},\"image\":{\"@id\":\"https:\/\/flytorelocation.com\/pl-pl\/#\/schema\/logo\/image\/\"}}]}<\/script>\n<!-- \/ Yoast SEO plugin. -->","yoast_head_json":{"title":"FAQ - Flyto Relocation Polska","robots":{"index":"index","follow":"follow","max-snippet":"max-snippet:-1","max-image-preview":"max-image-preview:large","max-video-preview":"max-video-preview:-1"},"canonical":"https:\/\/flytorelocation.com\/pl-pl\/blog\/","og_locale":"fi_FI","og_type":"article","og_title":"FAQ - Flyto Relocation Polska","og_description":"&nbsp; Przeprowadzka za granic\u0119 wi\u0105\u017ce si\u0119 z pytaniami, ekscytacj\u0105 i by\u0107 mo\u017ce lekk\u0105 panik\u0105. Nie martw si\u0119 \u2013 nasz CEO us\u0142ysza\u0142 je wszystkie (i odpowiedzia\u0142 z u\u015bmiechem).Tylko je\u015bli zrobisz to bez Flyto! Pomy\u015bl o nas jak o swoim osobistym konsjer\u017cu przeprowadzkowym \u2014 planujemy, pakujemy, wysy\u0142amy i dostarczamy, podczas gdy Ty planujesz swoj\u0105 now\u0105 ulubion\u0105 kawiarni\u0119 [&hellip;]","og_url":"https:\/\/flytorelocation.com\/pl-pl\/blog\/","og_site_name":"Flyto Relocation Polska","article_modified_time":"2026-01-16T22:56:00+00:00","twitter_card":"summary_large_image","twitter_misc":{"Arvioitu lukuaika":"9 minuuttia"},"schema":{"@context":"https:\/\/schema.org","@graph":[{"@type":"WebPage","@id":"https:\/\/flytorelocation.com\/pl-pl\/blog\/","url":"https:\/\/flytorelocation.com\/pl-pl\/blog\/","name":"FAQ - Flyto Relocation Polska","isPartOf":{"@id":"https:\/\/flytorelocation.com\/pl-pl\/#website"},"datePublished":"2025-10-17T16:02:33+00:00","dateModified":"2026-01-16T22:56:00+00:00","breadcrumb":{"@id":"https:\/\/flytorelocation.com\/pl-pl\/blog\/#breadcrumb"},"inLanguage":"fi","potentialAction":[{"@type":"ReadAction","target":["https:\/\/flytorelocation.com\/pl-pl\/blog\/"]}]},{"@type":"BreadcrumbList","@id":"https:\/\/flytorelocation.com\/pl-pl\/blog\/#breadcrumb","itemListElement":[{"@type":"ListItem","position":1,"name":"Etusivu","item":"https:\/\/flytorelocation.com\/pl-pl\/"},{"@type":"ListItem","position":2,"name":"FAQ"}]},{"@type":"WebSite","@id":"https:\/\/flytorelocation.com\/pl-pl\/#website","url":"https:\/\/flytorelocation.com\/pl-pl\/","name":"Flyto Relocation Polska","description":"","publisher":{"@id":"https:\/\/flytorelocation.com\/pl-pl\/#organization"},"potentialAction":[{"@type":"SearchAction","target":{"@type":"EntryPoint","urlTemplate":"https:\/\/flytorelocation.com\/pl-pl\/?s={search_term_string}"},"query-input":{"@type":"PropertyValueSpecification","valueRequired":true,"valueName":"search_term_string"}}],"inLanguage":"fi"},{"@type":"Organization","@id":"https:\/\/flytorelocation.com\/pl-pl\/#organization","name":"Flyto Relocation Polska","url":"https:\/\/flytorelocation.com\/pl-pl\/","logo":{"@type":"ImageObject","inLanguage":"fi","@id":"https:\/\/flytorelocation.com\/pl-pl\/#\/schema\/logo\/image\/","url":"https:\/\/flyto-wp-uploads.s3.eu-north-1.amazonaws.com\/wp-content\/uploads\/sites\/96\/2025\/10\/13130143\/Flyto-col.png","contentUrl":"https:\/\/flyto-wp-uploads.s3.eu-north-1.amazonaws.com\/wp-content\/uploads\/sites\/96\/2025\/10\/13130143\/Flyto-col.png","width":618,"height":337,"caption":"Flyto Relocation Polska"},"image":{"@id":"https:\/\/flytorelocation.com\/pl-pl\/#\/schema\/logo\/image\/"}}]}},"acf":[],"_links":{"self":[{"href":"https:\/\/flytorelocation.com\/pl-pl\/wp-json\/wp\/v2\/pages\/733","targetHints":{"allow":["GET"]}}],"collection":[{"href":"https:\/\/flytorelocation.com\/pl-pl\/wp-json\/wp\/v2\/pages"}],"about":[{"href":"https:\/\/flytorelocation.com\/pl-pl\/wp-json\/wp\/v2\/types\/page"}],"author":[{"embeddable":true,"href":"https:\/\/flytorelocation.com\/pl-pl\/wp-json\/wp\/v2\/users\/1"}],"replies":[{"embeddable":true,"href":"https:\/\/flytorelocation.com\/pl-pl\/wp-json\/wp\/v2\/comments?post=733"}],"version-history":[{"count":6,"href":"https:\/\/flytorelocation.com\/pl-pl\/wp-json\/wp\/v2\/pages\/733\/revisions"}],"predecessor-version":[{"id":1338,"href":"https:\/\/flytorelocation.com\/pl-pl\/wp-json\/wp\/v2\/pages\/733\/revisions\/1338"}],"wp:attachment":[{"href":"https:\/\/flytorelocation.com\/pl-pl\/wp-json\/wp\/v2\/media?parent=733"}],"curies":[{"name":"wp","href":"https:\/\/api.w.org\/{rel}","templated":true}]}}