{"id":727,"date":"2025-10-17T19:02:33","date_gmt":"2025-10-17T16:02:33","guid":{"rendered":"https:\/\/flytorelocation.com\/pl-pl\/fi\/?page_id=82"},"modified":"2026-01-04T20:44:12","modified_gmt":"2026-01-04T18:44:12","slug":"about","status":"publish","type":"page","link":"https:\/\/flytorelocation.com\/pl-pl\/about\/","title":{"rendered":"About"},"content":{"rendered":"<p>[et_pb_section fb_built=&#8221;1&#8243; admin_label=&#8221;Header&#8221; _builder_version=&#8221;4.27.4&#8243; _module_preset=&#8221;default&#8221; background_enable_color=&#8221;off&#8221; background_enable_image=&#8221;off&#8221; background_blend=&#8221;screen&#8221; custom_padding=&#8221;||0px|||&#8221; hover_enabled=&#8221;0&#8243; collapsed=&#8221;on&#8221; global_colors_info=&#8221;{%22gcid-secondary-color%22:%91%22background_color%22%93}&#8221; custom_padding_last_edited=&#8221;on|tablet&#8221; custom_padding_tablet=&#8221;0px||0px||true|false&#8221; sticky_enabled=&#8221;0&#8243; custom_padding_phone=&#8221;0px||0px||true|false&#8221;][et_pb_row _builder_version=&#8221;4.27.4&#8243; _module_preset=&#8221;default&#8221; global_colors_info=&#8221;{}&#8221;][et_pb_column type=&#8221;4_4&#8243; _builder_version=&#8221;4.27.4&#8243; _module_preset=&#8221;default&#8221; global_colors_info=&#8221;{}&#8221;][et_pb_heading title=&#8221;Najbezpieczniejszy ruch na \u015bwiecie.&#8221; _builder_version=&#8221;4.27.4&#8243; _module_preset=&#8221;_initial&#8221; title_font=&#8221;Flyto oma||||||||&#8221; title_text_color=&#8221;#CD207D&#8221; title_font_size=&#8221;62px&#8221; custom_margin=&#8221;||10px||false|false&#8221; custom_margin_tablet=&#8221;||10px||false|false&#8221; custom_margin_phone=&#8221;||10px||false|false&#8221; custom_margin_last_edited=&#8221;on|phone&#8221; custom_padding_tablet=&#8221;&#8221; custom_padding_phone=&#8221;0px||||false|false&#8221; custom_padding_last_edited=&#8221;on|phone&#8221; title_font_size_tablet=&#8221;40px&#8221; title_font_size_phone=&#8221;30px&#8221; title_font_size_last_edited=&#8221;on|phone&#8221; locked=&#8221;off&#8221; global_colors_info=&#8221;{}&#8221;][\/et_pb_heading][et_pb_text _builder_version=&#8221;4.27.4&#8243; _module_preset=&#8221;_initial&#8221; header_4_font=&#8221;Montserrat||||||||&#8221; global_colors_info=&#8221;{}&#8221;]<\/p>\n<h4><strong>Poniewa\u017c Twoje rzeczy zas\u0142uguj\u0105 na to, co najgorsze.<\/strong><\/h4>\n<p>[\/et_pb_text][\/et_pb_column][\/et_pb_row][\/et_pb_section][et_pb_section fb_built=&#8221;1&#8243; admin_label=&#8221;Video&#8221; _builder_version=&#8221;4.27.4&#8243; _module_preset=&#8221;default&#8221; custom_padding=&#8221;6px|||||&#8221; collapsed=&#8221;off&#8221; global_colors_info=&#8221;{}&#8221;][et_pb_row column_structure=&#8221;1_2,1_2&#8243; _builder_version=&#8221;4.27.4&#8243; _module_preset=&#8221;default&#8221; custom_padding=&#8221;0px||||false|false&#8221; collapsed=&#8221;off&#8221; global_colors_info=&#8221;{}&#8221;][et_pb_column type=&#8221;1_2&#8243; _builder_version=&#8221;4.27.4&#8243; _module_preset=&#8221;default&#8221; global_colors_info=&#8221;{}&#8221;][et_pb_video src=&#8221;https:\/\/www.youtube.com\/watch?v=De68tvldxAw&#8221; _builder_version=&#8221;4.27.4&#8243; _module_preset=&#8221;default&#8221; border_radii=&#8221;on|10px|10px|10px|10px&#8221; global_colors_info=&#8221;{}&#8221;][\/et_pb_video][et_pb_button button_url=&#8221;@ET-DC@eyJkeW5hbWljIjp0cnVlLCJjb250ZW50IjoicG9zdF9saW5rX3VybF9wYWdlIiwic2V0dGluZ3MiOnsicG9zdF9pZCI6IjIiLCJlbmFibGVfaHRtbCI6Im9mZiJ9fQ==@&#8221; button_text=&#8221;Dowiedz si\u0119 wi\u0119cej o bezpiecze\u0144stwie&#8221; _builder_version=&#8221;4.27.4&#8243; _dynamic_attributes=&#8221;button_url&#8221; _module_preset=&#8221;_initial&#8221; custom_button=&#8221;on&#8221; button_text_size=&#8221;16px&#8221; button_text_color=&#8221;#CD207D&#8221; button_border_color=&#8221;#CD207D&#8221; button_border_radius=&#8221;100px&#8221; button_font=&#8221;Outfit|600|||||||&#8221; button_use_icon=&#8221;off&#8221; custom_margin=&#8221;-2px||||false|false&#8221; custom_padding=&#8221;10px|26px|10px|26px|true|true&#8221; global_colors_info=&#8221;{%22gcid-f1e65d51-fa2f-4bf0-b2c1-8eab7001e8fd%22:%91%22button_text_color%22%93}&#8221;][\/et_pb_button][\/et_pb_column][et_pb_column type=&#8221;1_2&#8243; _builder_version=&#8221;4.27.4&#8243; _module_preset=&#8221;default&#8221; global_colors_info=&#8221;{}&#8221;][et_pb_text _builder_version=&#8221;4.27.4&#8243; _module_preset=&#8221;_initial&#8221; text_font=&#8221;Montserrat||||||||&#8221; text_line_height=&#8221;1.6em&#8221; width=&#8221;100%&#8221; min_height=&#8221;79.2px&#8221; custom_margin=&#8221;||||false|false&#8221; custom_padding=&#8221;||||false|false&#8221; custom_padding_tablet=&#8221;||||false|false&#8221; custom_padding_phone=&#8221;||||false|false&#8221; custom_padding_last_edited=&#8221;on|phone&#8221; global_colors_info=&#8221;{}&#8221;]<\/p>\n<p>W Flyto Relocation bezpiecze\u0144stwo to nie tylko cz\u0119\u015b\u0107 naszych us\u0142ug \u2013 to nasz fundament. Jeste\u015bmy dumni z tego, \u017ce jeste\u015bmy najbezpieczniejsz\u0105 firm\u0105 przeprowadzkow\u0105 na \u015bwiecie, \u0142\u0105cz\u0105c\u0105 najnowocze\u015bniejsz\u0105 technologi\u0119 z niezr\u00f3wnanym profesjonalizmem, aby chroni\u0107 to, co najwa\u017cniejsze.<\/p>\n<p>Ka\u017cdy pojazd Flyto jest wyposa\u017cony w zaawansowany system kamer, \u015bledzenie GPS w czasie rzeczywistym i bezpieczn\u0105 technologi\u0119 za\u0142adunku. Nasz specjalnie zaprojektowany sprz\u0119t i profesjonalna obs\u0142uga gwarantuj\u0105 ochron\u0119 ka\u017cdego przedmiotu \u2013 od wyjazdu do dostawy.<\/p>\n<p>Za ka\u017cd\u0105 przeprowadzk\u0105 stoi zesp\u00f3\u0142 przeszkolonych specjalist\u00f3w, kt\u00f3rzy traktuj\u0105 Tw\u00f3j dobytek z precyzj\u0105, dba\u0142o\u015bci\u0105 i szacunkiem. Z Flyto mo\u017cesz mie\u0107 pewno\u015b\u0107, \u017ce Twoja przeprowadzka b\u0119dzie nie tylko bezproblemowa, ale tak\u017ce monitorowana, <strong>chroniona i bezpieczna na ka\u017cdym kroku.<\/strong><\/p>\n<p>Spok\u00f3j ducha nie powinien by\u0107 opcjonalny \u2013 powinien by\u0107 gwarantowany.<\/p>\n<p>[\/et_pb_text][\/et_pb_column][\/et_pb_row][\/et_pb_section][et_pb_section fb_built=&#8221;1&#8243; _builder_version=&#8221;4.27.4&#8243; _module_preset=&#8221;default&#8221; background_color=&#8221;#fafafa&#8221; custom_padding=&#8221;||||false|false&#8221; global_colors_info=&#8221;{}&#8221;][et_pb_row column_structure=&#8221;1_2,1_2&#8243; _builder_version=&#8221;4.27.4&#8243; _module_preset=&#8221;default&#8221; custom_padding=&#8221;||||false|false&#8221; global_colors_info=&#8221;{}&#8221;][et_pb_column type=&#8221;1_2&#8243; _builder_version=&#8221;4.27.4&#8243; _module_preset=&#8221;default&#8221; global_colors_info=&#8221;{}&#8221;][et_pb_text _builder_version=&#8221;4.27.4&#8243; _module_preset=&#8221;_initial&#8221; text_font=&#8221;Montserrat||||||||&#8221; header_3_font=&#8221;Poppins||||||||&#8221; header_3_font_size=&#8221;20px&#8221; header_3_line_height=&#8221;1.2em&#8221; global_colors_info=&#8221;{}&#8221;]<\/p>\n<h3 data-start=\"415\" data-end=\"467\"><strong data-start=\"419\" data-end=\"465\">Najlepiej po\u0142\u0105czona sie\u0107 relokacyjna w Europie<\/strong><\/h3>\n<p data-start=\"468\" data-end=\"509\"><strong data-start=\"468\" data-end=\"507\">Lokalna wiedza specjalistyczna. Zasi\u0119g kontynentalny.<\/strong><\/p>\n<p>Dzi\u0119ki Flyto Relocation Europa naprawd\u0119 czuje si\u0119 po\u0142\u0105czona. Nasze biura na ca\u0142ym kontynencie tworz\u0105 jedn\u0105 z najbardziej zaufanych sieci relokacyjnych w bran\u017cy \u2014 opart\u0105 na indywidualnej obs\u0142udze, wsp\u00f3lnych standardach i lokalnym do\u015bwiadczeniu.<\/p>\n<p>Niezale\u017cnie od tego, czy przeprowadzasz si\u0119 do Helsinek, Malagi czy Dortmundu, na miejscu czeka zesp\u00f3\u0142 Flyto \u2014 gotowy powita\u0107 Ci\u0119, pokierowa\u0107 i upewni\u0107 si\u0119, \u017ce wszystko przebiegnie bez zarzutu.<br \/>Nie tylko przeprowadzamy ludzi po Europie \u2014 przeprowadzamy ludzi w obr\u0119bie Europy, jako cz\u0119\u015b\u0107 p\u0142ynnej, troskliwej sieci, kt\u00f3ra m\u00f3wi Twoim j\u0119zykiem i rozumie Twoj\u0105 podr\u00f3\u017c.<\/p>\n<p>Bo prawdziwy spok\u00f3j ducha wynika ze \u015bwiadomo\u015bci, \u017ce jeste\u015bmy ju\u017c na miejscu, zanim jeszcze dotrzesz na miejsce. \ud83c\udf0d<\/p>\n<p>[\/et_pb_text][et_pb_button button_url=&#8221;@ET-DC@eyJkeW5hbWljIjp0cnVlLCJjb250ZW50IjoicG9zdF9saW5rX3VybF9wYWdlIiwic2V0dGluZ3MiOnsicG9zdF9pZCI6IjcyNiIsImVuYWJsZV9odG1sIjoib2ZmIn19@&#8221; button_text=&#8221;Nasza sie\u0107 relokacyjna&#8221; _builder_version=&#8221;4.27.4&#8243; _dynamic_attributes=&#8221;button_url&#8221; _module_preset=&#8221;_initial&#8221; custom_button=&#8221;on&#8221; button_text_size=&#8221;16px&#8221; button_text_color=&#8221;#CD207D&#8221; button_border_color=&#8221;#CD207D&#8221; button_border_radius=&#8221;100px&#8221; button_font=&#8221;Outfit|600|||||||&#8221; button_use_icon=&#8221;off&#8221; custom_margin=&#8221;-10px||||false|false&#8221; custom_padding=&#8221;10px|26px|10px|26px|true|true&#8221; global_colors_info=&#8221;{%22gcid-f1e65d51-fa2f-4bf0-b2c1-8eab7001e8fd%22:%91%22button_text_color%22%93}&#8221;][\/et_pb_button][\/et_pb_column][et_pb_column type=&#8221;1_2&#8243; _builder_version=&#8221;4.27.4&#8243; _module_preset=&#8221;default&#8221; global_colors_info=&#8221;{}&#8221;][et_pb_image src=&#8221;https:\/\/flyto-wp-uploads.s3.eu-north-1.amazonaws.com\/wp-content\/uploads\/sites\/96\/2025\/11\/04093023\/kotimuutto-muuttopalvelu-muutto_1_optimized-1.jpg&#8221; title_text=&#8221;kotimuutto-muuttopalvelu-muutto_1_optimized (1)&#8221; _builder_version=&#8221;4.27.4&#8243; _module_preset=&#8221;default&#8221; border_radii=&#8221;on|20px|20px|20px|20px&#8221; global_colors_info=&#8221;{}&#8221;][\/et_pb_image][\/et_pb_column][\/et_pb_row][\/et_pb_section][et_pb_section fb_built=&#8221;1&#8243; _builder_version=&#8221;4.27.4&#8243; _module_preset=&#8221;default&#8221; global_colors_info=&#8221;{}&#8221;][et_pb_row column_structure=&#8221;1_2,1_2&#8243; _builder_version=&#8221;4.27.4&#8243; _module_preset=&#8221;default&#8221; custom_padding=&#8221;5px|||||&#8221; global_colors_info=&#8221;{}&#8221;][et_pb_column type=&#8221;1_2&#8243; _builder_version=&#8221;4.27.4&#8243; _module_preset=&#8221;default&#8221; global_colors_info=&#8221;{}&#8221;][et_pb_text _builder_version=&#8221;4.27.4&#8243; _module_preset=&#8221;_initial&#8221; text_font=&#8221;Montserrat||||||||&#8221; header_3_font=&#8221;Poppins||||||||&#8221; header_3_font_size=&#8221;20px&#8221; header_3_line_height=&#8221;1.2em&#8221; global_colors_info=&#8221;{}&#8221;]<\/p>\n<h3 data-start=\"1184\" data-end=\"1225\"><span style=\"color: #000000\"><strong data-start=\"1188\" data-end=\"1223\">Proste pakiety. Idealne ruchy.<\/strong><\/span><\/h3>\n<p data-start=\"1226\" data-end=\"1275\"><span style=\"color: #666666\"><strong data-start=\"1226\" data-end=\"1273\">Przeprowadzki premium sta\u0142y si\u0119 niezwykle proste.<\/strong><\/span><\/p>\n<p>Wierzymy, \u017ce doskona\u0142a obs\u0142uga nie powinna by\u0107 skomplikowana \u2014 dlatego nasze pakiety relokacyjne zaprojektowali\u015bmy tak, aby by\u0142y jak najbardziej przejrzyste. Bez drobnego druku, bez nieporozumie\u0144 \u2014 tylko proste rozwi\u0105zania dopasowane do Twoich potrzeb, bud\u017cetu i stylu \u017cycia.<\/p>\n<p>Ka\u017cdy pakiet Flyto zawiera wszystko, czego naprawd\u0119 potrzebujesz (i nic, czego nie potrzebujesz): profesjonalne pakowanie, bezpieczny transport, ubezpieczenie, \u015bledzenie przesy\u0142ki i wsparcie na ka\u017cdym etapie.<br \/>Zawsze b\u0119dziesz dok\u0142adnie wiedzie\u0107, co jest wliczone w cen\u0119 i ile to kosztuje \u2014 bo przejrzysto\u015b\u0107 to cz\u0119\u015b\u0107 luksusu.<\/p>\n<p>Przeprowadzka za granic\u0119 mo\u017ce by\u0107 du\u017c\u0105 zmian\u0105, ale wyb\u00f3r odpowiedniego pakietu relokacyjnego? Z Flyto to proste. \u2728<\/p>\n<p>[\/et_pb_text][\/et_pb_column][et_pb_column type=&#8221;1_2&#8243; _builder_version=&#8221;4.27.4&#8243; _module_preset=&#8221;default&#8221; global_colors_info=&#8221;{}&#8221;][et_pb_image src=&#8221;https:\/\/flyto-wp-uploads.s3.eu-north-1.amazonaws.com\/wp-content\/uploads\/sites\/96\/2025\/10\/03182729\/FLYTO_-_Muutto_-_Kuvaaja_Nuuti_Paananen_4_1_1_1000.jpg&#8221; title_text=&#8221;FLYTO_-_Muutto_-_Kuvaaja_Nuuti_Paananen_4_1_1_1000&#8243; disabled_on=&#8221;off|off|off&#8221; _builder_version=&#8221;4.27.4&#8243; _module_preset=&#8221;default&#8221; border_radii=&#8221;on|20px|20px|20px|20px&#8221; global_colors_info=&#8221;{}&#8221;][\/et_pb_image][et_pb_button button_url=&#8221;@ET-DC@eyJkeW5hbWljIjp0cnVlLCJjb250ZW50IjoicG9zdF9saW5rX3VybF9wYWdlIiwic2V0dGluZ3MiOnsicG9zdF9pZCI6IjczMCIsImVuYWJsZV9odG1sIjoib2ZmIn19@&#8221; button_text=&#8221;Wszystkie us\u0142ugi&#8221; _builder_version=&#8221;4.27.4&#8243; _dynamic_attributes=&#8221;button_url&#8221; _module_preset=&#8221;_initial&#8221; custom_button=&#8221;on&#8221; button_text_size=&#8221;16px&#8221; button_text_color=&#8221;#CD207D&#8221; button_border_color=&#8221;#CD207D&#8221; button_border_radius=&#8221;100px&#8221; button_font=&#8221;Outfit|600|||||||&#8221; button_use_icon=&#8221;off&#8221; custom_margin=&#8221;-2px||||false|false&#8221; custom_padding=&#8221;10px|26px|10px|26px|true|true&#8221; global_colors_info=&#8221;{%22gcid-f1e65d51-fa2f-4bf0-b2c1-8eab7001e8fd%22:%91%22button_text_color%22%93}&#8221;][\/et_pb_button][\/et_pb_column][\/et_pb_row][\/et_pb_section]<\/p>\n","protected":false},"excerpt":{"rendered":"<p>Poniewa\u017c Twoje rzeczy zas\u0142uguj\u0105 na to, co najgorsze.W Flyto Relocation bezpiecze\u0144stwo to nie tylko cz\u0119\u015b\u0107 naszych us\u0142ug \u2013 to nasz fundament. Jeste\u015bmy dumni z tego, \u017ce jeste\u015bmy najbezpieczniejsz\u0105 firm\u0105 przeprowadzkow\u0105 na \u015bwiecie, \u0142\u0105cz\u0105c\u0105 najnowocze\u015bniejsz\u0105 technologi\u0119 z niezr\u00f3wnanym profesjonalizmem, aby chroni\u0107 to, co najwa\u017cniejsze. Ka\u017cdy pojazd Flyto jest wyposa\u017cony w zaawansowany system kamer, \u015bledzenie GPS w [&hellip;]<\/p>\n","protected":false},"author":1,"featured_media":0,"parent":0,"menu_order":0,"comment_status":"closed","ping_status":"closed","template":"","meta":{"_et_pb_use_builder":"on","_et_pb_old_content":"","_et_gb_content_width":"","footnotes":""},"class_list":["post-727","page","type-page","status-publish","hentry"],"yoast_head":"<!-- This site is optimized with the Yoast SEO plugin v26.3 - https:\/\/yoast.com\/wordpress\/plugins\/seo\/ -->\n<title>About - Flyto Relocation Polska<\/title>\n<meta name=\"robots\" content=\"index, follow, max-snippet:-1, max-image-preview:large, max-video-preview:-1\" \/>\n<link rel=\"canonical\" href=\"https:\/\/flytorelocation.com\/pl-pl\/about\/\" \/>\n<meta property=\"og:locale\" content=\"fi_FI\" \/>\n<meta property=\"og:type\" content=\"article\" \/>\n<meta property=\"og:title\" content=\"About - Flyto Relocation Polska\" \/>\n<meta property=\"og:description\" content=\"Poniewa\u017c Twoje rzeczy zas\u0142uguj\u0105 na to, co najgorsze.W Flyto Relocation bezpiecze\u0144stwo to nie tylko cz\u0119\u015b\u0107 naszych us\u0142ug \u2013 to nasz fundament. Jeste\u015bmy dumni z tego, \u017ce jeste\u015bmy najbezpieczniejsz\u0105 firm\u0105 przeprowadzkow\u0105 na \u015bwiecie, \u0142\u0105cz\u0105c\u0105 najnowocze\u015bniejsz\u0105 technologi\u0119 z niezr\u00f3wnanym profesjonalizmem, aby chroni\u0107 to, co najwa\u017cniejsze. Ka\u017cdy pojazd Flyto jest wyposa\u017cony w zaawansowany system kamer, \u015bledzenie GPS w [&hellip;]\" \/>\n<meta property=\"og:url\" content=\"https:\/\/flytorelocation.com\/pl-pl\/about\/\" \/>\n<meta property=\"og:site_name\" content=\"Flyto Relocation Polska\" \/>\n<meta property=\"article:modified_time\" content=\"2026-01-04T18:44:12+00:00\" \/>\n<meta name=\"twitter:card\" content=\"summary_large_image\" \/>\n<meta name=\"twitter:label1\" content=\"Arvioitu lukuaika\" \/>\n\t<meta name=\"twitter:data1\" content=\"7 minuuttia\" \/>\n<script type=\"application\/ld+json\" class=\"yoast-schema-graph\">{\"@context\":\"https:\/\/schema.org\",\"@graph\":[{\"@type\":\"WebPage\",\"@id\":\"https:\/\/flytorelocation.com\/pl-pl\/about\/\",\"url\":\"https:\/\/flytorelocation.com\/pl-pl\/about\/\",\"name\":\"About - Flyto Relocation Polska\",\"isPartOf\":{\"@id\":\"https:\/\/flytorelocation.com\/pl-pl\/#website\"},\"datePublished\":\"2025-10-17T16:02:33+00:00\",\"dateModified\":\"2026-01-04T18:44:12+00:00\",\"breadcrumb\":{\"@id\":\"https:\/\/flytorelocation.com\/pl-pl\/about\/#breadcrumb\"},\"inLanguage\":\"fi\",\"potentialAction\":[{\"@type\":\"ReadAction\",\"target\":[\"https:\/\/flytorelocation.com\/pl-pl\/about\/\"]}]},{\"@type\":\"BreadcrumbList\",\"@id\":\"https:\/\/flytorelocation.com\/pl-pl\/about\/#breadcrumb\",\"itemListElement\":[{\"@type\":\"ListItem\",\"position\":1,\"name\":\"Etusivu\",\"item\":\"https:\/\/flytorelocation.com\/pl-pl\/\"},{\"@type\":\"ListItem\",\"position\":2,\"name\":\"About\"}]},{\"@type\":\"WebSite\",\"@id\":\"https:\/\/flytorelocation.com\/pl-pl\/#website\",\"url\":\"https:\/\/flytorelocation.com\/pl-pl\/\",\"name\":\"Flyto Relocation Polska\",\"description\":\"\",\"publisher\":{\"@id\":\"https:\/\/flytorelocation.com\/pl-pl\/#organization\"},\"potentialAction\":[{\"@type\":\"SearchAction\",\"target\":{\"@type\":\"EntryPoint\",\"urlTemplate\":\"https:\/\/flytorelocation.com\/pl-pl\/?s={search_term_string}\"},\"query-input\":{\"@type\":\"PropertyValueSpecification\",\"valueRequired\":true,\"valueName\":\"search_term_string\"}}],\"inLanguage\":\"fi\"},{\"@type\":\"Organization\",\"@id\":\"https:\/\/flytorelocation.com\/pl-pl\/#organization\",\"name\":\"Flyto Relocation Polska\",\"url\":\"https:\/\/flytorelocation.com\/pl-pl\/\",\"logo\":{\"@type\":\"ImageObject\",\"inLanguage\":\"fi\",\"@id\":\"https:\/\/flytorelocation.com\/pl-pl\/#\/schema\/logo\/image\/\",\"url\":\"https:\/\/flyto-wp-uploads.s3.eu-north-1.amazonaws.com\/wp-content\/uploads\/sites\/96\/2025\/10\/13130143\/Flyto-col.png\",\"contentUrl\":\"https:\/\/flyto-wp-uploads.s3.eu-north-1.amazonaws.com\/wp-content\/uploads\/sites\/96\/2025\/10\/13130143\/Flyto-col.png\",\"width\":618,\"height\":337,\"caption\":\"Flyto Relocation Polska\"},\"image\":{\"@id\":\"https:\/\/flytorelocation.com\/pl-pl\/#\/schema\/logo\/image\/\"}}]}<\/script>\n<!-- \/ Yoast SEO plugin. -->","yoast_head_json":{"title":"About - Flyto Relocation Polska","robots":{"index":"index","follow":"follow","max-snippet":"max-snippet:-1","max-image-preview":"max-image-preview:large","max-video-preview":"max-video-preview:-1"},"canonical":"https:\/\/flytorelocation.com\/pl-pl\/about\/","og_locale":"fi_FI","og_type":"article","og_title":"About - Flyto Relocation Polska","og_description":"Poniewa\u017c Twoje rzeczy zas\u0142uguj\u0105 na to, co najgorsze.W Flyto Relocation bezpiecze\u0144stwo to nie tylko cz\u0119\u015b\u0107 naszych us\u0142ug \u2013 to nasz fundament. Jeste\u015bmy dumni z tego, \u017ce jeste\u015bmy najbezpieczniejsz\u0105 firm\u0105 przeprowadzkow\u0105 na \u015bwiecie, \u0142\u0105cz\u0105c\u0105 najnowocze\u015bniejsz\u0105 technologi\u0119 z niezr\u00f3wnanym profesjonalizmem, aby chroni\u0107 to, co najwa\u017cniejsze. Ka\u017cdy pojazd Flyto jest wyposa\u017cony w zaawansowany system kamer, \u015bledzenie GPS w [&hellip;]","og_url":"https:\/\/flytorelocation.com\/pl-pl\/about\/","og_site_name":"Flyto Relocation Polska","article_modified_time":"2026-01-04T18:44:12+00:00","twitter_card":"summary_large_image","twitter_misc":{"Arvioitu lukuaika":"7 minuuttia"},"schema":{"@context":"https:\/\/schema.org","@graph":[{"@type":"WebPage","@id":"https:\/\/flytorelocation.com\/pl-pl\/about\/","url":"https:\/\/flytorelocation.com\/pl-pl\/about\/","name":"About - Flyto Relocation Polska","isPartOf":{"@id":"https:\/\/flytorelocation.com\/pl-pl\/#website"},"datePublished":"2025-10-17T16:02:33+00:00","dateModified":"2026-01-04T18:44:12+00:00","breadcrumb":{"@id":"https:\/\/flytorelocation.com\/pl-pl\/about\/#breadcrumb"},"inLanguage":"fi","potentialAction":[{"@type":"ReadAction","target":["https:\/\/flytorelocation.com\/pl-pl\/about\/"]}]},{"@type":"BreadcrumbList","@id":"https:\/\/flytorelocation.com\/pl-pl\/about\/#breadcrumb","itemListElement":[{"@type":"ListItem","position":1,"name":"Etusivu","item":"https:\/\/flytorelocation.com\/pl-pl\/"},{"@type":"ListItem","position":2,"name":"About"}]},{"@type":"WebSite","@id":"https:\/\/flytorelocation.com\/pl-pl\/#website","url":"https:\/\/flytorelocation.com\/pl-pl\/","name":"Flyto Relocation Polska","description":"","publisher":{"@id":"https:\/\/flytorelocation.com\/pl-pl\/#organization"},"potentialAction":[{"@type":"SearchAction","target":{"@type":"EntryPoint","urlTemplate":"https:\/\/flytorelocation.com\/pl-pl\/?s={search_term_string}"},"query-input":{"@type":"PropertyValueSpecification","valueRequired":true,"valueName":"search_term_string"}}],"inLanguage":"fi"},{"@type":"Organization","@id":"https:\/\/flytorelocation.com\/pl-pl\/#organization","name":"Flyto Relocation Polska","url":"https:\/\/flytorelocation.com\/pl-pl\/","logo":{"@type":"ImageObject","inLanguage":"fi","@id":"https:\/\/flytorelocation.com\/pl-pl\/#\/schema\/logo\/image\/","url":"https:\/\/flyto-wp-uploads.s3.eu-north-1.amazonaws.com\/wp-content\/uploads\/sites\/96\/2025\/10\/13130143\/Flyto-col.png","contentUrl":"https:\/\/flyto-wp-uploads.s3.eu-north-1.amazonaws.com\/wp-content\/uploads\/sites\/96\/2025\/10\/13130143\/Flyto-col.png","width":618,"height":337,"caption":"Flyto Relocation Polska"},"image":{"@id":"https:\/\/flytorelocation.com\/pl-pl\/#\/schema\/logo\/image\/"}}]}},"acf":[],"_links":{"self":[{"href":"https:\/\/flytorelocation.com\/pl-pl\/wp-json\/wp\/v2\/pages\/727","targetHints":{"allow":["GET"]}}],"collection":[{"href":"https:\/\/flytorelocation.com\/pl-pl\/wp-json\/wp\/v2\/pages"}],"about":[{"href":"https:\/\/flytorelocation.com\/pl-pl\/wp-json\/wp\/v2\/types\/page"}],"author":[{"embeddable":true,"href":"https:\/\/flytorelocation.com\/pl-pl\/wp-json\/wp\/v2\/users\/1"}],"replies":[{"embeddable":true,"href":"https:\/\/flytorelocation.com\/pl-pl\/wp-json\/wp\/v2\/comments?post=727"}],"version-history":[{"count":16,"href":"https:\/\/flytorelocation.com\/pl-pl\/wp-json\/wp\/v2\/pages\/727\/revisions"}],"predecessor-version":[{"id":1325,"href":"https:\/\/flytorelocation.com\/pl-pl\/wp-json\/wp\/v2\/pages\/727\/revisions\/1325"}],"wp:attachment":[{"href":"https:\/\/flytorelocation.com\/pl-pl\/wp-json\/wp\/v2\/media?parent=727"}],"curies":[{"name":"wp","href":"https:\/\/api.w.org\/{rel}","templated":true}]}}