{"id":726,"date":"2025-10-17T19:02:33","date_gmt":"2025-10-17T16:02:33","guid":{"rendered":"https:\/\/flytorelocation.com\/pl-pl\/fi\/?page_id=80"},"modified":"2026-01-17T01:04:12","modified_gmt":"2026-01-16T23:04:12","slug":"network","status":"publish","type":"page","link":"https:\/\/flytorelocation.com\/pl-pl\/network\/","title":{"rendered":"Network"},"content":{"rendered":"<p>[et_pb_section fb_built=&#8221;1&#8243; custom_padding_last_edited=&#8221;on|phone&#8221; admin_label=&#8221;Header&#8221; _builder_version=&#8221;4.27.4&#8243; _module_preset=&#8221;default&#8221; background_enable_image=&#8221;off&#8221; custom_padding=&#8221;3px||3px||true|false&#8221; custom_padding_tablet=&#8221;80px||80px||true|false&#8221; custom_padding_phone=&#8221;60px||60px||true|false&#8221; border_radii=&#8221;off|||3vw|3vw&#8221; collapsed=&#8221;on&#8221; global_colors_info=&#8221;{}&#8221;][et_pb_row _builder_version=&#8221;4.27.4&#8243; _module_preset=&#8221;default&#8221; global_colors_info=&#8221;{}&#8221;][et_pb_column type=&#8221;4_4&#8243; _builder_version=&#8221;4.22.0&#8243; _module_preset=&#8221;default&#8221; global_colors_info=&#8221;{}&#8221;][et_pb_heading title=&#8221;Flyto przez Europ\u0119&#8221; _builder_version=&#8221;4.27.4&#8243; _module_preset=&#8221;_initial&#8221; title_font=&#8221;Flyto oma||||||||&#8221; title_text_color=&#8221;#CD207D&#8221; title_font_size=&#8221;62px&#8221; custom_margin=&#8221;||10px||false|false&#8221; custom_margin_tablet=&#8221;||10px||false|false&#8221; custom_margin_phone=&#8221;||10px||false|false&#8221; custom_margin_last_edited=&#8221;on|phone&#8221; custom_padding_tablet=&#8221;&#8221; custom_padding_phone=&#8221;0px||||false|false&#8221; custom_padding_last_edited=&#8221;on|phone&#8221; title_font_size_tablet=&#8221;40px&#8221; title_font_size_phone=&#8221;30px&#8221; title_font_size_last_edited=&#8221;on|phone&#8221; locked=&#8221;off&#8221; global_colors_info=&#8221;{}&#8221;][\/et_pb_heading][et_pb_text _builder_version=&#8221;4.27.4&#8243; _module_preset=&#8221;_initial&#8221; text_font=&#8221;Montserrat||||||||&#8221; width=&#8221;100%&#8221; min_height=&#8221;79.2px&#8221; custom_margin=&#8221;||||false|false&#8221; custom_padding=&#8221;||||false|false&#8221; custom_padding_tablet=&#8221;||||false|false&#8221; custom_padding_phone=&#8221;||||false|false&#8221; custom_padding_last_edited=&#8221;on|phone&#8221; global_colors_info=&#8221;{}&#8221;]<\/p>\n<p>Gdziekolwiek si\u0119 przeprowadzasz \u2013 na p\u00f3\u0142noc, po\u0142udnie, wsch\u00f3d czy zach\u00f3d \u2013 Flyto zadba o to, aby Twoja przeprowadzka przebieg\u0142a sprawnie, bezpiecznie i by\u0142a w pe\u0142ni zarz\u0105dzana.<br \/>Nasza sie\u0107 obejmuje <strong>19 kraj\u00f3w europejskich<\/strong>, a dedykowane lokalne biura zapewniaj\u0105 najwy\u017cszej jako\u015bci us\u0142ugi relokacyjne na ca\u0142ym kontynencie.<\/p>\n<p>[\/et_pb_text][\/et_pb_column][\/et_pb_row][\/et_pb_section][et_pb_section fb_built=&#8221;1&#8243; _builder_version=&#8221;4.27.4&#8243; _module_preset=&#8221;default&#8221; background_color=&#8221;#fafafa&#8221; global_colors_info=&#8221;{}&#8221;][et_pb_row column_structure=&#8221;1_4,1_4,1_4,1_4&#8243; _builder_version=&#8221;4.27.0&#8243; _module_preset=&#8221;default&#8221; custom_margin=&#8221;|auto|33px|auto||&#8221; global_colors_info=&#8221;{}&#8221;][et_pb_column type=&#8221;1_4&#8243; _builder_version=&#8221;4.22.0&#8243; _module_preset=&#8221;default&#8221; global_colors_info=&#8221;{}&#8221;][et_pb_heading title=&#8221;Lokalna wiedza specjalistyczna, globalne standardy&#8221; _builder_version=&#8221;4.27.4&#8243; _module_preset=&#8221;_initial&#8221; title_font=&#8221;Flyto oma||||||||&#8221; title_text_color=&#8221;#CD207D&#8221; title_line_height=&#8221;1.2em&#8221; custom_margin=&#8221;||10px||false|false&#8221; locked=&#8221;off&#8221; global_colors_info=&#8221;{}&#8221;][\/et_pb_heading][et_pb_text _builder_version=&#8221;4.27.4&#8243; _module_preset=&#8221;_initial&#8221; text_font=&#8221;Montserrat||||||||&#8221; header_5_font=&#8221;Poppins||||||||&#8221; global_colors_info=&#8221;{}&#8221;]<\/p>\n<h5><strong>Europa P\u00f3\u0142nocna<\/strong><\/h5>\n<p>\ud83c\uddeb\ud83c\uddee <strong>Finlandia<\/strong> \u2013 Nasza siedziba g\u0142\u00f3wna i baza operacyjna, oferuj\u0105ca kompleksowe mi\u0119dzynarodowe przeprowadzki z nordyck\u0105 precyzj\u0105.<br \/> \ud83c\uddf8\ud83c\uddea <strong>Szwecja<\/strong> \u2013 Eksperckie wsparcie przy przeprowadzkach do i ze Skandynawii na dynamicznym rynku regionalnym.<br \/> \ud83c\uddf3\ud83c\uddf4 <strong>Norwegia<\/strong> \u2013 Bezpieczna i niezawodna logistyka na wymagaj\u0105cych terenach i na d\u0142ugich dystansach.<br \/> \ud83c\udde9\ud83c\uddf0 <strong>Dania<\/strong> \u2013 Efektywne i zr\u00f3wnowa\u017cone rozwi\u0105zania przeprowadzkowe w ca\u0142ej Danii.<\/p>\n<p>[\/et_pb_text][\/et_pb_column][et_pb_column type=&#8221;1_4&#8243; _builder_version=&#8221;4.27.4&#8243; _module_preset=&#8221;default&#8221; global_colors_info=&#8221;{}&#8221;][et_pb_text _builder_version=&#8221;4.27.4&#8243; _module_preset=&#8221;_initial&#8221; text_font=&#8221;Montserrat||||||||&#8221; header_5_font=&#8221;Poppins||||||||&#8221; global_colors_info=&#8221;{}&#8221;]<\/p>\n<h5><strong>Europa \u015arodkowa<\/strong><\/h5>\n<p>\ud83c\udde9\ud83c\uddea <strong>Niemcy<\/strong> \u2013 Kluczowy hub Flyto \u0142\u0105cz\u0105cy Europ\u0119 P\u00f3\u0142nocn\u0105 i Po\u0142udniow\u0105 dzi\u0119ki sprawnym operacjom.<br \/> \ud83c\uddf3\ud83c\uddf1 <strong>Niderlandy<\/strong> \u2013 Szybkie i dobrze zorganizowane us\u0142ugi relokacyjne w jednym z najbardziej ruchliwych w\u0119z\u0142\u00f3w transportowych Europy.<br \/> \ud83c\udde7\ud83c\uddea <strong>Belgia<\/strong> \u2013 Lokalna wiedza i do\u015bwiadczenie dla rodzin, specjalist\u00f3w i dyplomat\u00f3w przeprowadzaj\u0105cych si\u0119 przez granice.<br \/> \ud83c\uddf1\ud83c\uddfa <strong>Luksemburg<\/strong> \u2013 Us\u0142ugi dopasowane do potrzeb ekspat\u00f3w i przeprowadzek korporacyjnych w finansowym sercu Europy.<br \/> \ud83c\udde8\ud83c\udded <strong>Szwajcaria<\/strong> \u2013 Przeprowadzki premium ze szczeg\u00f3ln\u0105 dba\u0142o\u015bci\u0105 o formalno\u015bci celne i przepisy transgraniczne.<br \/> \ud83c\udde6\ud83c\uddf9 <strong>Austria<\/strong> \u2013 Wsparcie relokacyjne w Alpach i poza nimi, realizowane z charakterystyczn\u0105 dla Flyto precyzj\u0105.<\/p>\n<p>[\/et_pb_text][\/et_pb_column][et_pb_column type=&#8221;1_4&#8243; _builder_version=&#8221;4.27.4&#8243; _module_preset=&#8221;default&#8221; global_colors_info=&#8221;{}&#8221;][et_pb_text _builder_version=&#8221;4.27.4&#8243; _module_preset=&#8221;_initial&#8221; text_font=&#8221;Montserrat||||||||&#8221; header_5_font=&#8221;Poppins||||||||&#8221; global_colors_info=&#8221;{}&#8221;]<\/p>\n<h5><strong>Europa Po\u0142udniowa<\/strong><\/h5>\n<p>\ud83c\uddeb\ud83c\uddf7 <strong>Francja<\/strong> \u2013 Sprawne i bezproblemowe przeprowadzki w najwi\u0119kszych miastach Francji oraz na jej urokliwej prowincji.<br \/> \ud83c\uddee\ud83c\uddf9 <strong>W\u0142ochy<\/strong> \u2013 Spersonalizowane us\u0142ugi przeprowadzkowe, zaprojektowane z my\u015bl\u0105 o komforcie i zmianach stylu \u017cycia.<br \/> \ud83c\uddea\ud83c\uddf8 <strong>Hiszpania<\/strong> \u2013 Zaufany wyb\u00f3r rodzin i specjalist\u00f3w przeprowadzaj\u0105cych si\u0119 do s\u0142onecznego regionu Morza \u015ar\u00f3dziemnego.<br \/> \ud83c\uddf5\ud83c\uddf9 <strong>Portugalia<\/strong> \u2013 Go\u015bcinny kierunek wspierany przez niezawodn\u0105 koordynacj\u0119 przeprowadzek Flyto.<\/p>\n<p>[\/et_pb_text][et_pb_text _builder_version=&#8221;4.27.4&#8243; _module_preset=&#8221;_initial&#8221; text_font=&#8221;Montserrat||||||||&#8221; header_5_font=&#8221;Poppins||||||||&#8221; global_colors_info=&#8221;{}&#8221;]<\/p>\n<h5><strong>Wyspy Brytyjskie<\/strong><\/h5>\n<p>\ud83c\uddec\ud83c\udde7 <strong>Wielka Brytania<\/strong> \u2013 Eksperckie wsparcie przy mi\u0119dzynarodowych przeprowadzkach do i z Wielkiej Brytanii w realiach po Brexicie.<br \/> \ud83c\uddee\ud83c\uddea <strong>Irlandia<\/strong> \u2013 Profesjonalna pomoc relokacyjna zar\u00f3wno dla klient\u00f3w indywidualnych, jak i korporacyjnych.<\/p>\n<p>[\/et_pb_text][\/et_pb_column][et_pb_column type=&#8221;1_4&#8243; _builder_version=&#8221;4.22.0&#8243; _module_preset=&#8221;default&#8221; global_colors_info=&#8221;{}&#8221;][et_pb_code _builder_version=&#8221;4.27.4&#8243; _module_preset=&#8221;default&#8221; global_colors_info=&#8221;{}&#8221;][\/et_pb_code][et_pb_text _builder_version=&#8221;4.27.4&#8243; _module_preset=&#8221;_initial&#8221; text_font=&#8221;Montserrat||||||||&#8221; header_5_font=&#8221;Poppins||||||||&#8221; custom_margin=&#8221;-34px|||||&#8221; global_colors_info=&#8221;{}&#8221;]<\/p>\n<h5><strong>Europa Wschodnia<\/strong><\/h5>\n<p>\ud83c\uddea\ud83c\uddea <strong>Estonia<\/strong> \u2013 Szybko rozwijaj\u0105cy si\u0119 rynek p\u00f3\u0142nocny wspierany przez niezawodn\u0105 sie\u0107 relokacyjn\u0105 Flyto.<br \/> \ud83c\uddf5\ud83c\uddf1 <strong>Polska<\/strong> \u2013 Solidna logistyka i lokalne partnerstwa sprawiaj\u0105, \u017ce przeprowadzki do i z kraju s\u0105 proste.<br \/> \ud83c\udde8\ud83c\uddff <strong>Czechy<\/strong> \u2013 Kompleksowe us\u0142ugi przeprowadzkowe dla klient\u00f3w korporacyjnych i prywatnych.<\/p>\n<p>[\/et_pb_text][\/et_pb_column][\/et_pb_row][\/et_pb_section][et_pb_section fb_built=&#8221;1&#8243; admin_label=&#8221;Services&#8221; _builder_version=&#8221;4.27.4&#8243; _module_preset=&#8221;default&#8221; background_enable_color=&#8221;off&#8221; collapsed=&#8221;on&#8221; global_colors_info=&#8221;{}&#8221;][et_pb_row column_structure=&#8221;1_2,1_2&#8243; _builder_version=&#8221;4.27.4&#8243; _module_preset=&#8221;default&#8221; global_colors_info=&#8221;{}&#8221;][et_pb_column type=&#8221;1_2&#8243; _builder_version=&#8221;4.27.4&#8243; _module_preset=&#8221;default&#8221; global_colors_info=&#8221;{}&#8221;][et_pb_text _builder_version=&#8221;4.27.4&#8243; _module_preset=&#8221;_initial&#8221; text_font=&#8221;Montserrat||||||||&#8221; header_2_font=&#8221;Flyto oma||||||||&#8221; header_2_text_color=&#8221;#CD207D&#8221; header_2_font_size=&#8221;28px&#8221; custom_margin=&#8221;30px||||false|false&#8221; global_colors_info=&#8221;{}&#8221;]<\/p>\n<h2>Poruszaj si\u0119 pewnie po Europie<\/h2>\n<p>[\/et_pb_text][et_pb_text _builder_version=&#8221;4.27.4&#8243; _module_preset=&#8221;_initial&#8221; text_font=&#8221;Montserrat||||||||&#8221; text_line_height=&#8221;1.6em&#8221; width=&#8221;100%&#8221; min_height=&#8221;79.2px&#8221; custom_margin=&#8221;-20px||||false|false&#8221; custom_padding=&#8221;||||false|false&#8221; custom_padding_tablet=&#8221;||||false|false&#8221; custom_padding_phone=&#8221;||||false|false&#8221; custom_padding_last_edited=&#8221;on|phone&#8221; locked=&#8221;off&#8221; global_colors_info=&#8221;{}&#8221;]<\/p>\n<p>Niezale\u017cnie od tego, czy przeprowadzasz si\u0119 z domu, z rodzin\u0105, czy z firmy, Flyto to Tw\u00f3j zaufany partner w 19 krajach europejskich.<br \/>Nasza rozbudowana sie\u0107 gwarantuje, \u017ce ka\u017cda przeprowadzka \u2013 z Helsinek do Lizbony czy ze Sztokholmu do Rzymu \u2013 jest realizowana z precyzj\u0105, dba\u0142o\u015bci\u0105 i osobistym podej\u015bciem.<br \/>Gdziekolwiek poniesie Ci\u0119 los, zadbamy o to, aby Twoja podr\u00f3\u017c rozpocz\u0119\u0142a si\u0119 bezproblemowo.<\/p>\n<p>[\/et_pb_text][et_pb_button button_url=&#8221;@ET-DC@eyJkeW5hbWljIjp0cnVlLCJjb250ZW50IjoicG9zdF9saW5rX3VybF9wYWdlIiwic2V0dGluZ3MiOnsicG9zdF9pZCI6IjczMCJ9fQ==@&#8221; button_text=&#8221;Odkryj nasze us\u0142ugi&#8221; _builder_version=&#8221;4.27.4&#8243; _dynamic_attributes=&#8221;button_url&#8221; _module_preset=&#8221;_initial&#8221; custom_button=&#8221;on&#8221; button_text_size=&#8221;16px&#8221; button_text_color=&#8221;#CD207D&#8221; button_bg_color=&#8221;#FFFFFF&#8221; button_border_color=&#8221;#CD207D&#8221; button_border_radius=&#8221;100px&#8221; button_font=&#8221;Outfit|600|||||||&#8221; button_use_icon=&#8221;off&#8221; custom_margin=&#8221;-10px||||false|false&#8221; custom_padding=&#8221;10px|26px|10px|26px|true|true&#8221; hover_enabled=&#8221;0&#8243; global_colors_info=&#8221;{%22gcid-f1e65d51-fa2f-4bf0-b2c1-8eab7001e8fd%22:%91%22button_text_color%22%93}&#8221; sticky_enabled=&#8221;0&#8243;][\/et_pb_button][\/et_pb_column][et_pb_column type=&#8221;1_2&#8243; _builder_version=&#8221;4.27.4&#8243; _module_preset=&#8221;default&#8221; global_colors_info=&#8221;{}&#8221;][et_pb_image src=&#8221;https:\/\/flyto-wp-uploads.s3.eu-north-1.amazonaws.com\/wp-content\/uploads\/sites\/96\/2025\/10\/03182725\/FLYTO_-_Muutto_-_Kuvaaja_Nuuti_Paananen_8_2_optimized_1000.jpg&#8221; title_text=&#8221;FLYTO_-_Muutto_-_Kuvaaja_Nuuti_Paananen_8_2_optimized_1000&#8243; _builder_version=&#8221;4.27.4&#8243; _module_preset=&#8221;default&#8221; border_radii=&#8221;on|10px|10px|10px|10px&#8221; global_colors_info=&#8221;{}&#8221;][\/et_pb_image][\/et_pb_column][\/et_pb_row][\/et_pb_section]<\/p>\n","protected":false},"excerpt":{"rendered":"<p>Gdziekolwiek si\u0119 przeprowadzasz \u2013 na p\u00f3\u0142noc, po\u0142udnie, wsch\u00f3d czy zach\u00f3d \u2013 Flyto zadba o to, aby Twoja przeprowadzka przebieg\u0142a sprawnie, bezpiecznie i by\u0142a w pe\u0142ni zarz\u0105dzana.Nasza sie\u0107 obejmuje 19 kraj\u00f3w europejskich, a dedykowane lokalne biura zapewniaj\u0105 najwy\u017cszej jako\u015bci us\u0142ugi relokacyjne na ca\u0142ym kontynencie.Europa P\u00f3\u0142nocna \ud83c\uddeb\ud83c\uddee Finlandia \u2013 Nasza siedziba g\u0142\u00f3wna i baza operacyjna, oferuj\u0105ca kompleksowe [&hellip;]<\/p>\n","protected":false},"author":1,"featured_media":0,"parent":0,"menu_order":0,"comment_status":"closed","ping_status":"closed","template":"","meta":{"_et_pb_use_builder":"on","_et_pb_old_content":"","_et_gb_content_width":"","footnotes":""},"class_list":["post-726","page","type-page","status-publish","hentry"],"yoast_head":"<!-- This site is optimized with the Yoast SEO plugin v26.3 - https:\/\/yoast.com\/wordpress\/plugins\/seo\/ -->\n<title>Network - Flyto Relocation Polska<\/title>\n<meta name=\"robots\" content=\"index, follow, max-snippet:-1, max-image-preview:large, max-video-preview:-1\" \/>\n<link rel=\"canonical\" href=\"https:\/\/flytorelocation.com\/pl-pl\/network\/\" \/>\n<meta property=\"og:locale\" content=\"fi_FI\" \/>\n<meta property=\"og:type\" content=\"article\" \/>\n<meta property=\"og:title\" content=\"Network - Flyto Relocation Polska\" \/>\n<meta property=\"og:description\" content=\"Gdziekolwiek si\u0119 przeprowadzasz \u2013 na p\u00f3\u0142noc, po\u0142udnie, wsch\u00f3d czy zach\u00f3d \u2013 Flyto zadba o to, aby Twoja przeprowadzka przebieg\u0142a sprawnie, bezpiecznie i by\u0142a w pe\u0142ni zarz\u0105dzana.Nasza sie\u0107 obejmuje 19 kraj\u00f3w europejskich, a dedykowane lokalne biura zapewniaj\u0105 najwy\u017cszej jako\u015bci us\u0142ugi relokacyjne na ca\u0142ym kontynencie.Europa P\u00f3\u0142nocna \ud83c\uddeb\ud83c\uddee Finlandia \u2013 Nasza siedziba g\u0142\u00f3wna i baza operacyjna, oferuj\u0105ca kompleksowe [&hellip;]\" \/>\n<meta property=\"og:url\" content=\"https:\/\/flytorelocation.com\/pl-pl\/network\/\" \/>\n<meta property=\"og:site_name\" content=\"Flyto Relocation Polska\" \/>\n<meta property=\"article:modified_time\" content=\"2026-01-16T23:04:12+00:00\" \/>\n<meta name=\"twitter:card\" content=\"summary_large_image\" \/>\n<meta name=\"twitter:label1\" content=\"Arvioitu lukuaika\" \/>\n\t<meta name=\"twitter:data1\" content=\"6 minuuttia\" \/>\n<script type=\"application\/ld+json\" class=\"yoast-schema-graph\">{\"@context\":\"https:\/\/schema.org\",\"@graph\":[{\"@type\":\"WebPage\",\"@id\":\"https:\/\/flytorelocation.com\/pl-pl\/network\/\",\"url\":\"https:\/\/flytorelocation.com\/pl-pl\/network\/\",\"name\":\"Network - Flyto Relocation Polska\",\"isPartOf\":{\"@id\":\"https:\/\/flytorelocation.com\/pl-pl\/#website\"},\"datePublished\":\"2025-10-17T16:02:33+00:00\",\"dateModified\":\"2026-01-16T23:04:12+00:00\",\"breadcrumb\":{\"@id\":\"https:\/\/flytorelocation.com\/pl-pl\/network\/#breadcrumb\"},\"inLanguage\":\"fi\",\"potentialAction\":[{\"@type\":\"ReadAction\",\"target\":[\"https:\/\/flytorelocation.com\/pl-pl\/network\/\"]}]},{\"@type\":\"BreadcrumbList\",\"@id\":\"https:\/\/flytorelocation.com\/pl-pl\/network\/#breadcrumb\",\"itemListElement\":[{\"@type\":\"ListItem\",\"position\":1,\"name\":\"Etusivu\",\"item\":\"https:\/\/flytorelocation.com\/pl-pl\/\"},{\"@type\":\"ListItem\",\"position\":2,\"name\":\"Network\"}]},{\"@type\":\"WebSite\",\"@id\":\"https:\/\/flytorelocation.com\/pl-pl\/#website\",\"url\":\"https:\/\/flytorelocation.com\/pl-pl\/\",\"name\":\"Flyto Relocation Polska\",\"description\":\"\",\"publisher\":{\"@id\":\"https:\/\/flytorelocation.com\/pl-pl\/#organization\"},\"potentialAction\":[{\"@type\":\"SearchAction\",\"target\":{\"@type\":\"EntryPoint\",\"urlTemplate\":\"https:\/\/flytorelocation.com\/pl-pl\/?s={search_term_string}\"},\"query-input\":{\"@type\":\"PropertyValueSpecification\",\"valueRequired\":true,\"valueName\":\"search_term_string\"}}],\"inLanguage\":\"fi\"},{\"@type\":\"Organization\",\"@id\":\"https:\/\/flytorelocation.com\/pl-pl\/#organization\",\"name\":\"Flyto Relocation Polska\",\"url\":\"https:\/\/flytorelocation.com\/pl-pl\/\",\"logo\":{\"@type\":\"ImageObject\",\"inLanguage\":\"fi\",\"@id\":\"https:\/\/flytorelocation.com\/pl-pl\/#\/schema\/logo\/image\/\",\"url\":\"https:\/\/flyto-wp-uploads.s3.eu-north-1.amazonaws.com\/wp-content\/uploads\/sites\/96\/2025\/10\/13130143\/Flyto-col.png\",\"contentUrl\":\"https:\/\/flyto-wp-uploads.s3.eu-north-1.amazonaws.com\/wp-content\/uploads\/sites\/96\/2025\/10\/13130143\/Flyto-col.png\",\"width\":618,\"height\":337,\"caption\":\"Flyto Relocation Polska\"},\"image\":{\"@id\":\"https:\/\/flytorelocation.com\/pl-pl\/#\/schema\/logo\/image\/\"}}]}<\/script>\n<!-- \/ Yoast SEO plugin. -->","yoast_head_json":{"title":"Network - Flyto Relocation Polska","robots":{"index":"index","follow":"follow","max-snippet":"max-snippet:-1","max-image-preview":"max-image-preview:large","max-video-preview":"max-video-preview:-1"},"canonical":"https:\/\/flytorelocation.com\/pl-pl\/network\/","og_locale":"fi_FI","og_type":"article","og_title":"Network - Flyto Relocation Polska","og_description":"Gdziekolwiek si\u0119 przeprowadzasz \u2013 na p\u00f3\u0142noc, po\u0142udnie, wsch\u00f3d czy zach\u00f3d \u2013 Flyto zadba o to, aby Twoja przeprowadzka przebieg\u0142a sprawnie, bezpiecznie i by\u0142a w pe\u0142ni zarz\u0105dzana.Nasza sie\u0107 obejmuje 19 kraj\u00f3w europejskich, a dedykowane lokalne biura zapewniaj\u0105 najwy\u017cszej jako\u015bci us\u0142ugi relokacyjne na ca\u0142ym kontynencie.Europa P\u00f3\u0142nocna \ud83c\uddeb\ud83c\uddee Finlandia \u2013 Nasza siedziba g\u0142\u00f3wna i baza operacyjna, oferuj\u0105ca kompleksowe [&hellip;]","og_url":"https:\/\/flytorelocation.com\/pl-pl\/network\/","og_site_name":"Flyto Relocation Polska","article_modified_time":"2026-01-16T23:04:12+00:00","twitter_card":"summary_large_image","twitter_misc":{"Arvioitu lukuaika":"6 minuuttia"},"schema":{"@context":"https:\/\/schema.org","@graph":[{"@type":"WebPage","@id":"https:\/\/flytorelocation.com\/pl-pl\/network\/","url":"https:\/\/flytorelocation.com\/pl-pl\/network\/","name":"Network - Flyto Relocation Polska","isPartOf":{"@id":"https:\/\/flytorelocation.com\/pl-pl\/#website"},"datePublished":"2025-10-17T16:02:33+00:00","dateModified":"2026-01-16T23:04:12+00:00","breadcrumb":{"@id":"https:\/\/flytorelocation.com\/pl-pl\/network\/#breadcrumb"},"inLanguage":"fi","potentialAction":[{"@type":"ReadAction","target":["https:\/\/flytorelocation.com\/pl-pl\/network\/"]}]},{"@type":"BreadcrumbList","@id":"https:\/\/flytorelocation.com\/pl-pl\/network\/#breadcrumb","itemListElement":[{"@type":"ListItem","position":1,"name":"Etusivu","item":"https:\/\/flytorelocation.com\/pl-pl\/"},{"@type":"ListItem","position":2,"name":"Network"}]},{"@type":"WebSite","@id":"https:\/\/flytorelocation.com\/pl-pl\/#website","url":"https:\/\/flytorelocation.com\/pl-pl\/","name":"Flyto Relocation Polska","description":"","publisher":{"@id":"https:\/\/flytorelocation.com\/pl-pl\/#organization"},"potentialAction":[{"@type":"SearchAction","target":{"@type":"EntryPoint","urlTemplate":"https:\/\/flytorelocation.com\/pl-pl\/?s={search_term_string}"},"query-input":{"@type":"PropertyValueSpecification","valueRequired":true,"valueName":"search_term_string"}}],"inLanguage":"fi"},{"@type":"Organization","@id":"https:\/\/flytorelocation.com\/pl-pl\/#organization","name":"Flyto Relocation Polska","url":"https:\/\/flytorelocation.com\/pl-pl\/","logo":{"@type":"ImageObject","inLanguage":"fi","@id":"https:\/\/flytorelocation.com\/pl-pl\/#\/schema\/logo\/image\/","url":"https:\/\/flyto-wp-uploads.s3.eu-north-1.amazonaws.com\/wp-content\/uploads\/sites\/96\/2025\/10\/13130143\/Flyto-col.png","contentUrl":"https:\/\/flyto-wp-uploads.s3.eu-north-1.amazonaws.com\/wp-content\/uploads\/sites\/96\/2025\/10\/13130143\/Flyto-col.png","width":618,"height":337,"caption":"Flyto Relocation Polska"},"image":{"@id":"https:\/\/flytorelocation.com\/pl-pl\/#\/schema\/logo\/image\/"}}]}},"acf":[],"_links":{"self":[{"href":"https:\/\/flytorelocation.com\/pl-pl\/wp-json\/wp\/v2\/pages\/726","targetHints":{"allow":["GET"]}}],"collection":[{"href":"https:\/\/flytorelocation.com\/pl-pl\/wp-json\/wp\/v2\/pages"}],"about":[{"href":"https:\/\/flytorelocation.com\/pl-pl\/wp-json\/wp\/v2\/types\/page"}],"author":[{"embeddable":true,"href":"https:\/\/flytorelocation.com\/pl-pl\/wp-json\/wp\/v2\/users\/1"}],"replies":[{"embeddable":true,"href":"https:\/\/flytorelocation.com\/pl-pl\/wp-json\/wp\/v2\/comments?post=726"}],"version-history":[{"count":3,"href":"https:\/\/flytorelocation.com\/pl-pl\/wp-json\/wp\/v2\/pages\/726\/revisions"}],"predecessor-version":[{"id":1351,"href":"https:\/\/flytorelocation.com\/pl-pl\/wp-json\/wp\/v2\/pages\/726\/revisions\/1351"}],"wp:attachment":[{"href":"https:\/\/flytorelocation.com\/pl-pl\/wp-json\/wp\/v2\/media?parent=726"}],"curies":[{"name":"wp","href":"https:\/\/api.w.org\/{rel}","templated":true}]}}