{"id":9,"date":"2025-10-22T20:37:33","date_gmt":"2025-10-22T17:37:33","guid":{"rendered":"https:\/\/flytorelocation.com\/no-no\/fi\/?page_id=9"},"modified":"2026-01-16T16:51:26","modified_gmt":"2026-01-16T14:51:26","slug":"relocation-services","status":"publish","type":"page","link":"https:\/\/flytorelocation.com\/no-no\/relocation-services\/","title":{"rendered":"Relocation services"},"content":{"rendered":"<p>[et_pb_section fb_built=&#8221;1&#8243; custom_padding_last_edited=&#8221;on|tablet&#8221; admin_label=&#8221;About&#8221; _builder_version=&#8221;4.27.4&#8243; _module_preset=&#8221;default&#8221; custom_padding=&#8221;||14px|||&#8221; custom_padding_tablet=&#8221;0px||0px||false|false&#8221; custom_padding_phone=&#8221;0px||0px||false|false&#8221; collapsed=&#8221;on&#8221; global_colors_info=&#8221;{}&#8221; min_height=&#8221;201px&#8221;][et_pb_row _builder_version=&#8221;4.27.4&#8243; _module_preset=&#8221;default&#8221; locked=&#8221;off&#8221; global_colors_info=&#8221;{}&#8221;][et_pb_column type=&#8221;4_4&#8243; _builder_version=&#8221;4.22.0&#8243; _module_preset=&#8221;default&#8221; global_colors_info=&#8221;{}&#8221;][et_pb_heading title=&#8221;Flyttetjenester&#8221; _builder_version=&#8221;4.27.4&#8243; _module_preset=&#8221;_initial&#8221; title_level=&#8221;h2&#8243; title_font=&#8221;Flyto oma||||||||&#8221; title_text_color=&#8221;#CD207D&#8221; title_font_size=&#8221;49px&#8221; custom_margin=&#8221;||||false|false&#8221; custom_margin_tablet=&#8221;0px||0px||true|false&#8221; custom_margin_phone=&#8221;0px||||false|false&#8221; custom_margin_last_edited=&#8221;on|phone&#8221; custom_padding=&#8221;||||false|false&#8221; custom_padding_tablet=&#8221;||||false|false&#8221; custom_padding_phone=&#8221;0px||||false|false&#8221; custom_padding_last_edited=&#8221;on|phone&#8221; title_font_size_tablet=&#8221;49px&#8221; title_font_size_phone=&#8221;36px&#8221; title_font_size_last_edited=&#8221;on|phone&#8221; locked=&#8221;off&#8221; global_colors_info=&#8221;{}&#8221;][\/et_pb_heading][\/et_pb_column][\/et_pb_row][\/et_pb_section][et_pb_section fb_built=&#8221;1&#8243; custom_padding_last_edited=&#8221;on|phone&#8221; admin_label=&#8221;Services&#8221; _builder_version=&#8221;4.27.4&#8243; _module_preset=&#8221;default&#8221; custom_padding=&#8221;0px||||false|false&#8221; custom_padding_tablet=&#8221;0px||0px||true|false&#8221; custom_padding_phone=&#8221;0px||0px||false|false&#8221; collapsed=&#8221;on&#8221; global_colors_info=&#8221;{}&#8221;][et_pb_row column_structure=&#8221;1_4,1_4,1_2&#8243; _builder_version=&#8221;4.27.4&#8243; _module_preset=&#8221;default&#8221; global_colors_info=&#8221;{}&#8221;][et_pb_column type=&#8221;1_4&#8243; _builder_version=&#8221;4.27.4&#8243; _module_preset=&#8221;default&#8221; global_colors_info=&#8221;{}&#8221;][et_pb_text _builder_version=&#8221;4.27.4&#8243; _module_preset=&#8221;_initial&#8221; text_font=&#8221;Montserrat||||||||&#8221; text_text_color=&#8221;#000000&#8243; header_2_font=&#8221;Flyto oma|600|||||||&#8221; header_2_text_align=&#8221;left&#8221; header_2_text_color=&#8221;#000000&#8243; header_2_font_size=&#8221;22px&#8221; header_2_line_height=&#8221;1.2em&#8221; header_3_font_size=&#8221;30px&#8221; locked=&#8221;off&#8221; global_colors_info=&#8221;{}&#8221;]<\/p>\n<h2>Omfattende flyttetjenester for en smidig start<\/h2>\n<p>[\/et_pb_text][et_pb_button button_url=&#8221;https:\/\/flytorelocation.com\/no-no\/contact\/&#8221; button_text=&#8221;Chat med en ekspert&#8221; _builder_version=&#8221;4.27.4&#8243; _module_preset=&#8221;_initial&#8221; custom_button=&#8221;on&#8221; button_text_size=&#8221;16px&#8221; button_text_color=&#8221;#CD207D&#8221; button_bg_color=&#8221;#FFFFFF&#8221; button_border_color=&#8221;#CD207D&#8221; button_border_radius=&#8221;100px&#8221; button_font=&#8221;Outfit|600|||||||&#8221; button_use_icon=&#8221;off&#8221; custom_margin=&#8221;-10px||||false|false&#8221; custom_padding=&#8221;10px|26px|10px|26px|true|true&#8221; hover_enabled=&#8221;0&#8243; global_colors_info=&#8221;{%22gcid-f1e65d51-fa2f-4bf0-b2c1-8eab7001e8fd%22:%91%22button_text_color%22%93}&#8221; sticky_enabled=&#8221;0&#8243;][\/et_pb_button][\/et_pb_column][et_pb_column type=&#8221;1_4&#8243; _builder_version=&#8221;4.27.4&#8243; _module_preset=&#8221;default&#8221; global_colors_info=&#8221;{}&#8221;][et_pb_text _builder_version=&#8221;4.27.4&#8243; _module_preset=&#8221;_initial&#8221; text_font=&#8221;Montserrat|600|||||||&#8221; text_font_size=&#8221;13px&#8221; custom_margin=&#8221;||||false|false&#8221; global_colors_info=&#8221;{}&#8221;]<\/p>\n<p>\u00c5 flytte utenlands handler om mer enn bare \u00e5 frakte eiendelene dine \u2013 det handler om \u00e5 skape et nytt liv p\u00e5 et nytt sted.<\/p>\n<p>Hos Flyto tilbyr vi et komplett utvalg av flyttetjenester som er utformet for \u00e5 gj\u00f8re overgangen enkel, trygg og stressfri.<\/p>\n<p>Enten du flytter alene, med familien eller p\u00e5 vegne av bedriften din, s\u00f8rger teamet v\u00e5rt for at hvert trinn av flyttingen h\u00e5ndteres med presisjon og omhu.<\/p>\n<p>[\/et_pb_text][\/et_pb_column][et_pb_column type=&#8221;1_2&#8243; _builder_version=&#8221;4.27.4&#8243; _module_preset=&#8221;default&#8221; global_colors_info=&#8221;{}&#8221;][et_pb_image src=&#8221;https:\/\/flyto-wp-uploads.s3.eu-north-1.amazonaws.com\/wp-content\/uploads\/sites\/83\/2025\/10\/03182819\/FLYTO_muutto_kuvaaja-Nuuti-PAananen-6_1_11zon-scaled-1.jpg&#8221; title_text=&#8221;FLYTO_muutto_kuvaaja Nuuti PAananen (6)_1_11zon&#8221; _builder_version=&#8221;4.27.4&#8243; _module_preset=&#8221;default&#8221; border_radii=&#8221;on|20px|20px|20px|20px&#8221; global_colors_info=&#8221;{}&#8221;][\/et_pb_image][\/et_pb_column][\/et_pb_row][\/et_pb_section][et_pb_section fb_built=&#8221;1&#8243; _builder_version=&#8221;4.27.4&#8243; _module_preset=&#8221;default&#8221; background_color=&#8221;#fafafa&#8221; global_colors_info=&#8221;{}&#8221;][et_pb_row _builder_version=&#8221;4.27.4&#8243; _module_preset=&#8221;default&#8221; global_colors_info=&#8221;{}&#8221;][et_pb_column type=&#8221;4_4&#8243; _builder_version=&#8221;4.27.4&#8243; _module_preset=&#8221;default&#8221; global_colors_info=&#8221;{}&#8221;][et_pb_accordion open_toggle_background_color=&#8221;RGBA(255,255,255,0)&#8221; closed_toggle_text_color=&#8221;#000000&#8243; closed_toggle_background_color=&#8221;RGBA(255,255,255,0)&#8221; icon_color=&#8221;#CD207D&#8221; _builder_version=&#8221;4.27.4&#8243; _module_preset=&#8221;default&#8221; toggle_font=&#8221;Poppins|600|||||||&#8221; toggle_font_size=&#8221;15px&#8221; body_font=&#8221;Montserrat||||||||&#8221; body_line_height=&#8221;1.8em&#8221; border_radii=&#8221;on|5px|5px|5px|5px&#8221; border_color_all=&#8221;#CD207D&#8221; global_colors_info=&#8221;{%22gcid-primary-color%22:%91%22body_quote_text_color%22,%22quote_text_color%22,%22body_quote_text_color%22,%22quote_text_color%22%93,%22gcid-secondary-color%22:%91%22icon_color%22%93,%22gcid-heading-color%22:%91%22toggle_text_color%22,%22toggle_text_color%22%93}&#8221;][et_pb_accordion_item title=&#8221;\ud83c\udfe0 Hjelp med \u00e5 s\u00f8ke i hjemmet&#8221; open=&#8221;on&#8221; _builder_version=&#8221;4.27.4&#8243; _module_preset=&#8221;default&#8221; global_colors_info=&#8221;{}&#8221;]<\/p>\n<p>Det kan v\u00e6re utfordrende \u00e5 finne et nytt hjem i et annet land \u2013 men med Flyto blir det enkelt.<br \/>V\u00e5re flytteeksperter hjelper deg med \u00e5 utforske de beste nabolagene, arrangere visninger av eiendommen og st\u00f8tte deg gjennom hele leie- eller kj\u00f8psprosessen.<br \/>Vi skreddersyr hvert s\u00f8k basert p\u00e5 din livsstil, pendling og budsjett, og s\u00f8rger for at ditt nye hjem f\u00f8les perfekt fra dag \u00e9n.<\/p>\n<p>Inkluderer:<\/p>\n<p>&#8211; Veiledning om omr\u00e5de og nabolag<\/p>\n<p>&#8211; S\u00f8k og visning av eiendom<\/p>\n<p>&#8211; St\u00f8tte til leieavtale og dokumentasjon<\/p>\n<p>&#8211; Koordinering av innflytting<\/p>\n<p>[\/et_pb_accordion_item][et_pb_accordion_item title=&#8221;\ud83d\udecb\ufe0f M\u00f8belmontering og oppsett av hjemmet&#8221; _builder_version=&#8221;4.27.4&#8243; _module_preset=&#8221;default&#8221; global_colors_info=&#8221;{}&#8221; open=&#8221;off&#8221;]<\/p>\n<p>Vi s\u00f8rger for at ditt nye hjem er klart til \u00e5 bo i \u2013 ned til minste detalj.<br \/>Teamet v\u00e5rt tar seg av m\u00f8belmontering, installasjon og oppsett av viktige husholdningssystemer, slik at du kan fokusere p\u00e5 \u00e5 komme deg til rette.<\/p>\n<p>Fra \u00e5 arrangere leveranser til \u00e5 koordinere installasjoner, s\u00f8rger vi for at hjemmet ditt f\u00f8les funksjonelt og komfortabelt umiddelbart etter flyttingen.<\/p>\n<p>Inkluderer:<\/p>\n<p>&#8211; M\u00f8bellevering og montering<\/p>\n<p>&#8211; Montering og justering av hjemmet<\/p>\n<p>&#8211; Rengj\u00f8ring og endelig oppsett<\/p>\n<p>&#8211; Koordinering av tjenesteleverand\u00f8rer<\/p>\n<p>[\/et_pb_accordion_item][et_pb_accordion_item title=&#8221;\ud83d\ude97 Kj\u00f8ret\u00f8ytransporttjeneste&#8221; _builder_version=&#8221;4.27.4&#8243; _module_preset=&#8221;default&#8221; global_colors_info=&#8221;{}&#8221; open=&#8221;off&#8221;]<\/p>\n<p>Trenger du \u00e5 ta med deg bilen, motorsykkelen eller et annet kj\u00f8ret\u00f8y?<br \/>Flyto tilbyr trygg, p\u00e5litelig og fullforsikret kj\u00f8ret\u00f8ytransport over landegrenser.<br \/>V\u00e5re eksperter h\u00e5ndterer tollklarering, logistikk og leveringsplanlegging \u2013 og s\u00f8rger for at kj\u00f8ret\u00f8yet ditt ankommer trygt og i tide.<\/p>\n<p>Inkluderer:<\/p>\n<p>&#8211; Internasjonal kj\u00f8ret\u00f8yfrakt og logistikk<\/p>\n<p>&#8211; Henting og levering fra d\u00f8r til d\u00f8r<\/p>\n<p>&#8211; Hjelp med toll og registrering<\/p>\n<p>&#8211; Full forsikringsdekning<\/p>\n<p>[\/et_pb_accordion_item][et_pb_accordion_item title=&#8221;\ud83c\udfe2 Trygge oppbevaringsl\u00f8sninger&#8221; _builder_version=&#8221;4.27.4&#8243; _module_preset=&#8221;default&#8221; global_colors_info=&#8221;{}&#8221; open=&#8221;off&#8221;]<\/p>\n<p>Hvis du trenger midlertidig eller langtidslagring under flyttingen, tilbyr Flyto sikre, klimakontrollerte fasiliteter.<\/p>\n<p>V\u00e5re lagringstjenester overv\u00e5kes av avanserte kamerasystemer og inkluderer detaljert lagerdokumentasjon \u2013 noe som gir deg fullstendig trygghet under flyttingen.<\/p>\n<p>Inkluderer:<\/p>\n<p>&#8211; Sikker og klimakontrollert lagring<\/p>\n<p>&#8211; 24\/7 overv\u00e5king og overv\u00e5king<\/p>\n<p>&#8211; Fleksible korttids- eller langtidsalternativer<\/p>\n<p>&#8211; Fullstendig dokumentasjon og tilgang til gjenstander p\u00e5 foresp\u00f8rsel<\/p>\n<p>[\/et_pb_accordion_item][et_pb_accordion_item title=&#8221;\ud83e\udd1d Etablering og lokal st\u00f8tte&#8221; _builder_version=&#8221;4.27.4&#8243; _module_preset=&#8221;default&#8221; global_colors_info=&#8221;{}&#8221; open=&#8221;off&#8221;]<\/p>\n<p>\u00c5 flytte utenlands er mer enn logistikk \u2013 det handler om \u00e5 tilpasse seg en ny livsstil.<\/p>\n<p>V\u00e5re tjenester for etablering og lokal st\u00f8tte hjelper deg og familien din med \u00e5 f\u00f8le deg hjemme raskt.<\/p>\n<p>Fra lokale registreringer og transportkort til kulturell innsikt og veiledning i hverdagen, s\u00f8rger vi for at de f\u00f8rste ukene i utlandet g\u00e5r knirkefritt og stressfritt.<\/p>\n<p>Inkluderer:<\/p>\n<p>&#8211; Byorientering og praktisk veiledning<\/p>\n<p>&#8211; Hjelp med lokal registrering og dokumentasjon<\/p>\n<p>&#8211; Introduksjon til helsetjenester, transport og daglige n\u00f8dvendigheter<\/p>\n<p>&#8211; L\u00f8pende personlig st\u00f8tte fra v\u00e5re lokale eksperter<\/p>\n<p>[\/et_pb_accordion_item][et_pb_accordion_item title=&#8221;La oss f\u00e5 deg i bevegelse. Bokstavelig talt.&#8221; _builder_version=&#8221;4.27.4&#8243; _module_preset=&#8221;default&#8221; global_colors_info=&#8221;{}&#8221; open=&#8221;off&#8221;]Bestill en gratis flytteunders\u00f8kelse \u2013 uten stress, uten forpliktelser. Vi tar en titt, lager en plan og gj\u00f8r flyttingen din overraskende enkel.<\/p>\n<p><a href=\"http:\/\/www.flytorelocation.com\/relocation-survey\">Klikk her for bookingkalenderen.<\/a>[\/et_pb_accordion_item][\/et_pb_accordion][et_pb_button button_url=&#8221;@ET-DC@eyJkeW5hbWljIjp0cnVlLCJjb250ZW50IjoicG9zdF9saW5rX3VybF9wYWdlIiwic2V0dGluZ3MiOnsicG9zdF9pZCI6IjczNSJ9fQ==@&#8221; button_text=&#8221;Bestill en gratis konsultasjon&#8221; _builder_version=&#8221;4.27.4&#8243; _dynamic_attributes=&#8221;button_url&#8221; _module_preset=&#8221;_initial&#8221; custom_button=&#8221;on&#8221; button_text_size=&#8221;16px&#8221; button_text_color=&#8221;#CD207D&#8221; button_border_color=&#8221;#CD207D&#8221; button_border_radius=&#8221;100px&#8221; button_font=&#8221;Outfit|600|||||||&#8221; button_use_icon=&#8221;off&#8221; custom_margin=&#8221;-2px||||false|false&#8221; custom_padding=&#8221;10px|26px|10px|26px|true|true&#8221; hover_enabled=&#8221;0&#8243; global_colors_info=&#8221;{%22gcid-f1e65d51-fa2f-4bf0-b2c1-8eab7001e8fd%22:%91%22button_text_color%22%93}&#8221; sticky_enabled=&#8221;0&#8243;][\/et_pb_button][\/et_pb_column][\/et_pb_row][\/et_pb_section]<\/p>\n","protected":false},"excerpt":{"rendered":"<p>Omfattende flyttetjenester for en smidig start\u00c5 flytte utenlands handler om mer enn bare \u00e5 frakte eiendelene dine \u2013 det handler om \u00e5 skape et nytt liv p\u00e5 et nytt sted. Hos Flyto tilbyr vi et komplett utvalg av flyttetjenester som er utformet for \u00e5 gj\u00f8re overgangen enkel, trygg og stressfri. Enten du flytter alene, med [&hellip;]<\/p>\n","protected":false},"author":1,"featured_media":0,"parent":0,"menu_order":0,"comment_status":"closed","ping_status":"closed","template":"","meta":{"_et_pb_use_builder":"on","_et_pb_old_content":"","_et_gb_content_width":"","footnotes":""},"class_list":["post-9","page","type-page","status-publish","hentry"],"yoast_head":"<!-- This site is optimized with the Yoast SEO plugin v26.3 - https:\/\/yoast.com\/wordpress\/plugins\/seo\/ -->\n<title>Relocation services - Flyto Relocation Norge<\/title>\n<meta name=\"robots\" content=\"index, follow, max-snippet:-1, max-image-preview:large, max-video-preview:-1\" \/>\n<link rel=\"canonical\" href=\"https:\/\/flytorelocation.com\/no-no\/relocation-services\/\" \/>\n<meta property=\"og:locale\" content=\"fi_FI\" \/>\n<meta property=\"og:type\" content=\"article\" \/>\n<meta property=\"og:title\" content=\"Relocation services - Flyto Relocation Norge\" \/>\n<meta property=\"og:description\" content=\"Omfattende flyttetjenester for en smidig start\u00c5 flytte utenlands handler om mer enn bare \u00e5 frakte eiendelene dine \u2013 det handler om \u00e5 skape et nytt liv p\u00e5 et nytt sted. Hos Flyto tilbyr vi et komplett utvalg av flyttetjenester som er utformet for \u00e5 gj\u00f8re overgangen enkel, trygg og stressfri. Enten du flytter alene, med [&hellip;]\" \/>\n<meta property=\"og:url\" content=\"https:\/\/flytorelocation.com\/no-no\/relocation-services\/\" \/>\n<meta property=\"og:site_name\" content=\"Flyto Relocation Norge\" \/>\n<meta property=\"article:modified_time\" content=\"2026-01-16T14:51:26+00:00\" \/>\n<meta name=\"twitter:card\" content=\"summary_large_image\" \/>\n<meta name=\"twitter:label1\" content=\"Arvioitu lukuaika\" \/>\n\t<meta name=\"twitter:data1\" content=\"7 minuuttia\" \/>\n<script type=\"application\/ld+json\" class=\"yoast-schema-graph\">{\"@context\":\"https:\/\/schema.org\",\"@graph\":[{\"@type\":\"WebPage\",\"@id\":\"https:\/\/flytorelocation.com\/no-no\/relocation-services\/\",\"url\":\"https:\/\/flytorelocation.com\/no-no\/relocation-services\/\",\"name\":\"Relocation services - Flyto Relocation Norge\",\"isPartOf\":{\"@id\":\"https:\/\/flytorelocation.com\/no-no\/#website\"},\"datePublished\":\"2025-10-22T17:37:33+00:00\",\"dateModified\":\"2026-01-16T14:51:26+00:00\",\"breadcrumb\":{\"@id\":\"https:\/\/flytorelocation.com\/no-no\/relocation-services\/#breadcrumb\"},\"inLanguage\":\"fi\",\"potentialAction\":[{\"@type\":\"ReadAction\",\"target\":[\"https:\/\/flytorelocation.com\/no-no\/relocation-services\/\"]}]},{\"@type\":\"BreadcrumbList\",\"@id\":\"https:\/\/flytorelocation.com\/no-no\/relocation-services\/#breadcrumb\",\"itemListElement\":[{\"@type\":\"ListItem\",\"position\":1,\"name\":\"Etusivu\",\"item\":\"https:\/\/flytorelocation.com\/no-no\/\"},{\"@type\":\"ListItem\",\"position\":2,\"name\":\"Relocation services\"}]},{\"@type\":\"WebSite\",\"@id\":\"https:\/\/flytorelocation.com\/no-no\/#website\",\"url\":\"https:\/\/flytorelocation.com\/no-no\/\",\"name\":\"Flyto Relocation Norge\",\"description\":\"\",\"publisher\":{\"@id\":\"https:\/\/flytorelocation.com\/no-no\/#organization\"},\"potentialAction\":[{\"@type\":\"SearchAction\",\"target\":{\"@type\":\"EntryPoint\",\"urlTemplate\":\"https:\/\/flytorelocation.com\/no-no\/?s={search_term_string}\"},\"query-input\":{\"@type\":\"PropertyValueSpecification\",\"valueRequired\":true,\"valueName\":\"search_term_string\"}}],\"inLanguage\":\"fi\"},{\"@type\":\"Organization\",\"@id\":\"https:\/\/flytorelocation.com\/no-no\/#organization\",\"name\":\"Flyto Relocation Norge\",\"url\":\"https:\/\/flytorelocation.com\/no-no\/\",\"logo\":{\"@type\":\"ImageObject\",\"inLanguage\":\"fi\",\"@id\":\"https:\/\/flytorelocation.com\/no-no\/#\/schema\/logo\/image\/\",\"url\":\"https:\/\/flyto-wp-uploads.s3.eu-north-1.amazonaws.com\/wp-content\/uploads\/sites\/83\/2025\/10\/13130143\/Flyto-col.png\",\"contentUrl\":\"https:\/\/flyto-wp-uploads.s3.eu-north-1.amazonaws.com\/wp-content\/uploads\/sites\/83\/2025\/10\/13130143\/Flyto-col.png\",\"width\":618,\"height\":337,\"caption\":\"Flyto Relocation Norge\"},\"image\":{\"@id\":\"https:\/\/flytorelocation.com\/no-no\/#\/schema\/logo\/image\/\"}}]}<\/script>\n<!-- \/ Yoast SEO plugin. -->","yoast_head_json":{"title":"Relocation services - Flyto Relocation Norge","robots":{"index":"index","follow":"follow","max-snippet":"max-snippet:-1","max-image-preview":"max-image-preview:large","max-video-preview":"max-video-preview:-1"},"canonical":"https:\/\/flytorelocation.com\/no-no\/relocation-services\/","og_locale":"fi_FI","og_type":"article","og_title":"Relocation services - Flyto Relocation Norge","og_description":"Omfattende flyttetjenester for en smidig start\u00c5 flytte utenlands handler om mer enn bare \u00e5 frakte eiendelene dine \u2013 det handler om \u00e5 skape et nytt liv p\u00e5 et nytt sted. Hos Flyto tilbyr vi et komplett utvalg av flyttetjenester som er utformet for \u00e5 gj\u00f8re overgangen enkel, trygg og stressfri. Enten du flytter alene, med [&hellip;]","og_url":"https:\/\/flytorelocation.com\/no-no\/relocation-services\/","og_site_name":"Flyto Relocation Norge","article_modified_time":"2026-01-16T14:51:26+00:00","twitter_card":"summary_large_image","twitter_misc":{"Arvioitu lukuaika":"7 minuuttia"},"schema":{"@context":"https:\/\/schema.org","@graph":[{"@type":"WebPage","@id":"https:\/\/flytorelocation.com\/no-no\/relocation-services\/","url":"https:\/\/flytorelocation.com\/no-no\/relocation-services\/","name":"Relocation services - Flyto Relocation Norge","isPartOf":{"@id":"https:\/\/flytorelocation.com\/no-no\/#website"},"datePublished":"2025-10-22T17:37:33+00:00","dateModified":"2026-01-16T14:51:26+00:00","breadcrumb":{"@id":"https:\/\/flytorelocation.com\/no-no\/relocation-services\/#breadcrumb"},"inLanguage":"fi","potentialAction":[{"@type":"ReadAction","target":["https:\/\/flytorelocation.com\/no-no\/relocation-services\/"]}]},{"@type":"BreadcrumbList","@id":"https:\/\/flytorelocation.com\/no-no\/relocation-services\/#breadcrumb","itemListElement":[{"@type":"ListItem","position":1,"name":"Etusivu","item":"https:\/\/flytorelocation.com\/no-no\/"},{"@type":"ListItem","position":2,"name":"Relocation services"}]},{"@type":"WebSite","@id":"https:\/\/flytorelocation.com\/no-no\/#website","url":"https:\/\/flytorelocation.com\/no-no\/","name":"Flyto Relocation Norge","description":"","publisher":{"@id":"https:\/\/flytorelocation.com\/no-no\/#organization"},"potentialAction":[{"@type":"SearchAction","target":{"@type":"EntryPoint","urlTemplate":"https:\/\/flytorelocation.com\/no-no\/?s={search_term_string}"},"query-input":{"@type":"PropertyValueSpecification","valueRequired":true,"valueName":"search_term_string"}}],"inLanguage":"fi"},{"@type":"Organization","@id":"https:\/\/flytorelocation.com\/no-no\/#organization","name":"Flyto Relocation Norge","url":"https:\/\/flytorelocation.com\/no-no\/","logo":{"@type":"ImageObject","inLanguage":"fi","@id":"https:\/\/flytorelocation.com\/no-no\/#\/schema\/logo\/image\/","url":"https:\/\/flyto-wp-uploads.s3.eu-north-1.amazonaws.com\/wp-content\/uploads\/sites\/83\/2025\/10\/13130143\/Flyto-col.png","contentUrl":"https:\/\/flyto-wp-uploads.s3.eu-north-1.amazonaws.com\/wp-content\/uploads\/sites\/83\/2025\/10\/13130143\/Flyto-col.png","width":618,"height":337,"caption":"Flyto Relocation Norge"},"image":{"@id":"https:\/\/flytorelocation.com\/no-no\/#\/schema\/logo\/image\/"}}]}},"acf":[],"_links":{"self":[{"href":"https:\/\/flytorelocation.com\/no-no\/wp-json\/wp\/v2\/pages\/9","targetHints":{"allow":["GET"]}}],"collection":[{"href":"https:\/\/flytorelocation.com\/no-no\/wp-json\/wp\/v2\/pages"}],"about":[{"href":"https:\/\/flytorelocation.com\/no-no\/wp-json\/wp\/v2\/types\/page"}],"author":[{"embeddable":true,"href":"https:\/\/flytorelocation.com\/no-no\/wp-json\/wp\/v2\/users\/1"}],"replies":[{"embeddable":true,"href":"https:\/\/flytorelocation.com\/no-no\/wp-json\/wp\/v2\/comments?post=9"}],"version-history":[{"count":3,"href":"https:\/\/flytorelocation.com\/no-no\/wp-json\/wp\/v2\/pages\/9\/revisions"}],"predecessor-version":[{"id":1352,"href":"https:\/\/flytorelocation.com\/no-no\/wp-json\/wp\/v2\/pages\/9\/revisions\/1352"}],"wp:attachment":[{"href":"https:\/\/flytorelocation.com\/no-no\/wp-json\/wp\/v2\/media?parent=9"}],"curies":[{"name":"wp","href":"https:\/\/api.w.org\/{rel}","templated":true}]}}