{"id":733,"date":"2025-10-17T19:02:33","date_gmt":"2025-10-17T16:02:33","guid":{"rendered":"https:\/\/flytorelocation.com\/no-no\/fi\/?page_id=90"},"modified":"2026-01-16T16:48:16","modified_gmt":"2026-01-16T14:48:16","slug":"blog","status":"publish","type":"page","link":"https:\/\/flytorelocation.com\/no-no\/blog\/","title":{"rendered":"FAQ"},"content":{"rendered":"<p>[et_pb_section fb_built=&#8221;1&#8243; _builder_version=&#8221;4.27.4&#8243; _module_preset=&#8221;default&#8221; custom_padding=&#8221;||||true|false&#8221; global_colors_info=&#8221;{}&#8221;][et_pb_row _builder_version=&#8221;4.27.4&#8243; _module_preset=&#8221;default&#8221; custom_padding=&#8221;0px||0px||true|false&#8221; global_colors_info=&#8221;{}&#8221;][et_pb_column type=&#8221;4_4&#8243; _builder_version=&#8221;4.27.4&#8243; _module_preset=&#8221;default&#8221; global_colors_info=&#8221;{}&#8221;][et_pb_heading title=&#8221;Vanlige sp\u00f8rsm\u00e5l&#8221; _builder_version=&#8221;4.27.4&#8243; _module_preset=&#8221;_initial&#8221; title_font=&#8221;Flyto oma||||||||&#8221; title_text_color=&#8221;#CD207D&#8221; title_font_size=&#8221;62px&#8221; custom_margin=&#8221;||10px||false|false&#8221; custom_margin_tablet=&#8221;||10px||false|false&#8221; custom_margin_phone=&#8221;||10px||false|false&#8221; custom_margin_last_edited=&#8221;on|phone&#8221; custom_padding_tablet=&#8221;&#8221; custom_padding_phone=&#8221;0px||||false|false&#8221; custom_padding_last_edited=&#8221;on|phone&#8221; title_font_size_tablet=&#8221;40px&#8221; title_font_size_phone=&#8221;30px&#8221; title_font_size_last_edited=&#8221;on|phone&#8221; locked=&#8221;off&#8221; global_colors_info=&#8221;{}&#8221;][\/et_pb_heading][\/et_pb_column][\/et_pb_row][\/et_pb_section][et_pb_section fb_built=&#8221;1&#8243; admin_label=&#8221;Header&#8221; _builder_version=&#8221;4.27.4&#8243; _module_preset=&#8221;default&#8221; custom_padding=&#8221;0px||||false|false&#8221; collapsed=&#8221;on&#8221; global_colors_info=&#8221;{}&#8221;][et_pb_row column_structure=&#8221;1_2,1_2&#8243; _builder_version=&#8221;4.27.4&#8243; _module_preset=&#8221;default&#8221; global_colors_info=&#8221;{}&#8221;][et_pb_column type=&#8221;1_2&#8243; _builder_version=&#8221;4.22.0&#8243; _module_preset=&#8221;default&#8221; global_colors_info=&#8221;{}&#8221;][et_pb_heading title=&#8221;V\u00e5re administrerende direkt\u00f8rer svarer: sannheten (og mytene) om \u00e5 flytte utenlands&#8221; _builder_version=&#8221;4.27.4&#8243; _module_preset=&#8221;_initial&#8221; title_font=&#8221;Flyto oma||||||||&#8221; title_text_align=&#8221;left&#8221; title_text_color=&#8221;#CD207D&#8221; title_line_height=&#8221;1.1em&#8221; custom_margin=&#8221;50px||||false|false&#8221; custom_margin_tablet=&#8221;0px||||false|false&#8221; custom_margin_phone=&#8221;||||false|false&#8221; custom_margin_last_edited=&#8221;on|phone&#8221; custom_padding=&#8221;||||false|false&#8221; custom_padding_tablet=&#8221;||||false|false&#8221; custom_padding_phone=&#8221;||||false|false&#8221; custom_padding_last_edited=&#8221;on|phone&#8221; title_font_size_phone=&#8221;29px&#8221; global_colors_info=&#8221;{}&#8221;][\/et_pb_heading][et_pb_text _builder_version=&#8221;4.27.4&#8243; _module_preset=&#8221;_initial&#8221; text_font=&#8221;Montserrat||||||||&#8221; text_line_height=&#8221;1.8em&#8221; custom_margin=&#8221;-20px||||false|false&#8221; global_colors_info=&#8221;{}&#8221;]<strong data-start=\"867\" data-end=\"928\">Vi vet hva du tenker \u2013 og vi har svarene.<\/strong><\/p>\n<p>\u00c5 flytte utenlands kommer med sp\u00f8rsm\u00e5l, spenning og kanskje litt panikk. Ikke bekymre deg \u2013 administrerende direkt\u00f8r har h\u00f8rt alt (og svart med et smil).[\/et_pb_text][\/et_pb_column][et_pb_column type=&#8221;1_2&#8243; _builder_version=&#8221;4.22.0&#8243; _module_preset=&#8221;default&#8221; global_colors_info=&#8221;{}&#8221;][et_pb_image src=&#8221;https:\/\/flyto-wp-uploads.s3.eu-north-1.amazonaws.com\/wp-content\/uploads\/sites\/83\/2025\/11\/13095224\/Groweo_Flyto_1-scaled.jpg&#8221; title_text=&#8221;Groweo_Flyto_1&#8243; _builder_version=&#8221;4.27.4&#8243; _module_preset=&#8221;default&#8221; border_radii=&#8221;on|5px|5px|5px|5px&#8221; global_colors_info=&#8221;{}&#8221;][\/et_pb_image][\/et_pb_column][\/et_pb_row][et_pb_row _builder_version=&#8221;4.27.4&#8243; _module_preset=&#8221;default&#8221; min_height=&#8221;1132px&#8221; custom_margin=&#8221;||||false|false&#8221; global_colors_info=&#8221;{}&#8221;][et_pb_column type=&#8221;4_4&#8243; _builder_version=&#8221;4.27.4&#8243; _module_preset=&#8221;default&#8221; global_colors_info=&#8221;{}&#8221;][et_pb_accordion open_toggle_background_color=&#8221;RGBA(255,255,255,0)&#8221; closed_toggle_text_color=&#8221;#000000&#8243; closed_toggle_background_color=&#8221;RGBA(255,255,255,0)&#8221; icon_color=&#8221;#CD207D&#8221; _builder_version=&#8221;4.27.4&#8243; _module_preset=&#8221;default&#8221; toggle_font=&#8221;Poppins|600|||||||&#8221; toggle_font_size=&#8221;15px&#8221; body_font=&#8221;Montserrat||||||||&#8221; body_line_height=&#8221;1.8em&#8221; border_radii=&#8221;on|5px|5px|5px|5px&#8221; border_color_all=&#8221;#CD207D&#8221; global_colors_info=&#8221;{%22gcid-primary-color%22:%91%22body_quote_text_color%22,%22quote_text_color%22,%22body_quote_text_color%22,%22quote_text_color%22%93,%22gcid-secondary-color%22:%91%22icon_color%22%93,%22gcid-heading-color%22:%91%22toggle_text_color%22,%22toggle_text_color%22%93}&#8221;][et_pb_accordion_item title=&#8221;V\u00e6r \u00e6rlig \u2026 er det virkelig s\u00e5 stressende \u00e5 flytte til utlandet?&#8221; open=&#8221;on&#8221; _builder_version=&#8221;4.27.4&#8243; _module_preset=&#8221;default&#8221; global_colors_info=&#8221;{}&#8221;]<\/p>\n<p>Bare hvis du gj\u00f8r det uten Flyto! Tenk p\u00e5 oss som din personlige flytteservicemedarbeider \u2013 vi planlegger, pakker, sender og leverer mens du planlegger din nye favorittkaf\u00e9 i Lisboa.<\/p>\n<p>V\u00e5r jobb er \u00e5 gj\u00f8re flyttingen din s\u00e5 smidig at du lurer p\u00e5 om det var teleportering involvert n\u00e5r du pakker ut.<\/p>\n<p>[\/et_pb_accordion_item][et_pb_accordion_item title=&#8221;Hvor trygge er egentlig eiendelene mine?&#8221; _builder_version=&#8221;4.27.4&#8243; _module_preset=&#8221;default&#8221; global_colors_info=&#8221;{}&#8221; open=&#8221;off&#8221;]<\/p>\n<p>Tryggere enn en hemmelig oppskrift i et sveitsisk hvelv. Alle Flyto-kj\u00f8ret\u00f8y har GPS-sporing, innebygde kameraer og sikre lastesystemer \u2013 fordi vi liker \u00e5 vite hvor sofaen din er klokken 03:00, selv om du ikke gj\u00f8r det.<br \/>Vi pakker alt som om det skal p\u00e5 en kongelig tur. Enten det er \u00e5rgangsvin eller barnets f\u00f8rste teddybj\u00f8rn \u2013 alt behandles som en skatt.<\/p>\n<p>[\/et_pb_accordion_item][et_pb_accordion_item title=&#8221;Jeg har ikke engang et nytt hjem enn\u00e5 \u2013 hvordan fungerer det?&#8221; _builder_version=&#8221;4.27.4&#8243; _module_preset=&#8221;default&#8221; global_colors_info=&#8221;{}&#8221; open=&#8221;off&#8221;]<\/p>\n<p>Enkelt. Du slapper av, og vi finner det for deg. V\u00e5rt boligs\u00f8keteam speider i nabolag, sjekker boligannonser, gjennomf\u00f8rer virtuelle turer og h\u00e5ndterer til og med papirarbeidet. Du godkjenner bare favoritten din fra komforten av din n\u00e5v\u00e6rende sofa.<br \/>N\u00e5r du ankommer, venter ditt nye hjem \u2013 Wi-Fi p\u00e5, gardiner hengt opp og kanskje til og med en velkomstplante. \ud83c\udf3f<\/p>\n<p>[\/et_pb_accordion_item][et_pb_accordion_item title=&#8221;Kan du ogs\u00e5 h\u00e5ndtere store bedriftsflyttinger?&#8221; _builder_version=&#8221;4.27.4&#8243; _module_preset=&#8221;default&#8221; global_colors_info=&#8221;{}&#8221; open=&#8221;off&#8221;]<\/p>\n<p>Absolutt. Vi flytter ledere, hele team og noen ganger til og med kaffemaskinen p\u00e5 kontoret \u2013 alt uten \u00e5 bryte en tidsfrist.<br \/>Vi s\u00f8rger for at dine ansatte ankommer klare til \u00e5 starte, ikke klare til \u00e5 komme seg. Fordi gode selskaper fortjener gode flyttinger.<\/p>\n<p>[\/et_pb_accordion_item][et_pb_accordion_item title=&#8221;S\u00e5 hva gj\u00f8r egentlig Flyto annerledes?&#8221; _builder_version=&#8221;4.27.4&#8243; _module_preset=&#8221;default&#8221; global_colors_info=&#8221;{}&#8221; open=&#8221;off&#8221;]<\/p>\n<p>Tre ting: v\u00e5re ansatte, v\u00e5r presisjon og v\u00e5r besettelse av sinnsro.<br \/>Vi har det beste nettverket i hele Europa, sporer hver forsendelse som en hauk og bryr oss genuint om din opplevelse. Vi flytter ikke bare esker \u2013 vi flytter liv. Og vi tar det p\u00e5 alvor &#8230; men ikke for alvorlig.<\/p>\n<p>[\/et_pb_accordion_item][et_pb_accordion_item title=&#8221;M\u00e5 jeg betale alt p\u00e5 forh\u00e5nd?&#8221; _builder_version=&#8221;4.27.4&#8243; _module_preset=&#8221;default&#8221; global_colors_info=&#8221;{}&#8221; open=&#8221;off&#8221;]<\/p>\n<p>Nei, slett ikke. Med Flyto betaler du aldri f\u00f8r noe skjer. Betalinger skjer kun ved lasting \u2013 n\u00e5r flyttingen faktisk finner sted. Vi tror p\u00e5 tillit, \u00e5penhet og rettferdighet. Du ser kvaliteten f\u00f8r du betaler for den.<\/p>\n<p>[\/et_pb_accordion_item][et_pb_accordion_item title=&#8221;Hvor lang tid tar en internasjonal flytting vanligvis?&#8221; _builder_version=&#8221;4.27.4&#8243; _module_preset=&#8221;default&#8221; global_colors_info=&#8221;{}&#8221; open=&#8221;off&#8221;]<\/p>\n<p>Vanligvis mye kortere tid enn folk tror. De fleste internasjonale flyttinger innen Europa tar bare noen f\u00e5 dager \u2013 opptil en uke p\u00e5 det meste, hvis det ikke er noe lagringsplass i mellomtiden.<\/p>\n<p>Rutene v\u00e5re er optimaliserte og teamene v\u00e5re koordinerte, slik at eiendelene dine kommer raskt, trygt og i tide.<\/p>\n<p>[\/et_pb_accordion_item][et_pb_accordion_item title=&#8221;Kan jeg spore forsendelsen min?&#8221; _builder_version=&#8221;4.27.4&#8243; _module_preset=&#8221;default&#8221; global_colors_info=&#8221;{}&#8221; open=&#8221;off&#8221;]<\/p>\n<p>Absolutt. Hver Flyto-bevegelse dokumenteres og spores digitalt fra start til slutt. Du vil ha en GPS-sporingslenke p\u00e5 telefonen din slik at du kan sjekke inn n\u00e5r som helst.<\/p>\n<p>[\/et_pb_accordion_item][et_pb_accordion_item title=&#8221;Hva med toll, avgifter og papirarbeid?&#8221; _builder_version=&#8221;4.27.4&#8243; _module_preset=&#8221;default&#8221; global_colors_info=&#8221;{}&#8221; open=&#8221;off&#8221;]<\/p>\n<p>Det er der vi skinner. Flyto h\u00e5ndterer skjemaer, klareringer og byr\u00e5kratisk gymnastikk, slik at du slipper det.<br \/>Vi vet hvilke skjemaer som er viktige, hvilke som ikke er det, og hvilke som krever en ekstra signatur i tre eksemplarer \u2013 og vi har dem alle klare.<\/p>\n<p>[\/et_pb_accordion_item][et_pb_accordion_item title=&#8221;Hva om noe blir skadet eller mistet?&#8221; _builder_version=&#8221;4.27.4&#8243; _module_preset=&#8221;default&#8221; global_colors_info=&#8221;{}&#8221; open=&#8221;off&#8221;]<\/p>\n<p>S\u00e5 fikser vi det \u2013 raskt. Men f\u00f8rst forhindrer vi det. Alt vi flytter pakkes, fotograferes og registreres i henhold til sikkerhetsprotokollen v\u00e5r.<br \/>I de sjeldne tilfellene at noe g\u00e5r galt, er forsikrings- og skadebehandlingsprosessen v\u00e5r rask, rettferdig og h\u00e5ndteres personlig.<\/p>\n<p>[\/et_pb_accordion_item][et_pb_accordion_item title=&#8221;Kan jeg velge hvilke tjenester jeg trenger?&#8221; _builder_version=&#8221;4.27.4&#8243; _module_preset=&#8221;default&#8221; global_colors_info=&#8221;{}&#8221; open=&#8221;off&#8221;]<\/p>\n<p>Selvf\u00f8lgelig. Du kan velge akkurat det du \u00f8nsker \u2013 fra fullservice flyttetjenester til bare transport.<br \/>Tenk p\u00e5 det som en premiummeny: pakking, toll, boligs\u00f8k, m\u00f8beloppsett, til og med lagring. Du velger, vi leverer.<\/p>\n<p>[\/et_pb_accordion_item][et_pb_accordion_item title=&#8221;Hvor mye koster egentlig en internasjonal flytting?&#8221; _builder_version=&#8221;4.27.4&#8243; _module_preset=&#8221;default&#8221; global_colors_info=&#8221;{}&#8221; open=&#8221;off&#8221;]<\/p>\n<p>Mindre enn stresset ved \u00e5 gj\u00f8re det alene \u2013 og mer transparent enn du forventer. Hver flytting er forskjellig, men hos Flyto baserer vi priser p\u00e5 avstand, volum og tjenester \u2013 ikke overraskelser. Du vil alltid motta et tydelig, spesifisert tilbud f\u00f8r noe starter, slik at du vet n\u00f8yaktig hva du betaler for. Og siden alt h\u00e5ndteres av ett koordinert team, er det ingen skjulte \u00aboverleverings\u00bb-gebyrer mellom land \u2013 bare \u00e9n smidig og p\u00e5litelig prosess fra start til slutt.<\/p>\n<p>[\/et_pb_accordion_item][et_pb_accordion_item title=&#8221;Hjelper du ogs\u00e5 til med kj\u00e6ledyr, biler eller oppbevaring?&#8221; _builder_version=&#8221;4.27.4&#8243; _module_preset=&#8221;default&#8221; global_colors_info=&#8221;{}&#8221; open=&#8221;off&#8221;]<\/p>\n<p>Ja til alle tre. Vi samarbeider med p\u00e5litelige spesialister for transport av kj\u00e6ledyr, bilfrakt og sikker oppbevaring. Bilen din, katten din eller konsertpianoet ditt \u2013 vi har flyttet alt trygt (men ikke i samme lastebil).<\/p>\n<p>[\/et_pb_accordion_item][et_pb_accordion_item title=&#8221;Kan du hjelpe med lokale registreringer eller oppsett av str\u00f8m og vann?&#8221; _builder_version=&#8221;4.27.4&#8243; _module_preset=&#8221;default&#8221; global_colors_info=&#8221;{}&#8221; open=&#8221;off&#8221;]<\/p>\n<p>Definitivt. V\u00e5re flytteeksperter hjelper med byregistrering, tilkobling av str\u00f8m, internettoppsett \u2013 alle de \u00absm\u00e5 tingene\u00bb som kan bli til store hodebry.<br \/>N\u00e5r vi sier d\u00f8r-til-d\u00f8r, mener vi det.<\/p>\n<p>[\/et_pb_accordion_item][et_pb_accordion_item title=&#8221;Hvordan vet jeg at flyttingen min vil g\u00e5 knirkefritt?&#8221; _builder_version=&#8221;4.27.4&#8243; _module_preset=&#8221;default&#8221; global_colors_info=&#8221;{}&#8221; open=&#8221;off&#8221;]<\/p>\n<p>Fordi det er jobben v\u00e5r. Vi planlegger, forbereder og kommuniserer hvert steg p\u00e5 veien.<br \/>Bak kulissene er det et helt Flyto-team som koordinerer flyttingen din, akkurat som flygekontrollen \u2013 stille, presist og klar for alt.<\/p>\n<p>[\/et_pb_accordion_item][et_pb_accordion_item title=&#8221;Greit, jeg er overbevist. Hva blir det neste?&#8221; _builder_version=&#8221;4.27.4&#8243; _module_preset=&#8221;default&#8221; global_colors_info=&#8221;{}&#8221; open=&#8221;off&#8221;]<\/p>\n<p>Enkelt \u2013 klikk nedenfor, bestill en gratis konsultasjon, og la oss begynne \u00e5 planlegge flyttingen din. Du forteller oss hvor du skal, s\u00e5 tar vi oss av resten.<br \/>Og ja \u2013 vi lover at det til og med blir g\u00f8y.<\/p>\n<p>[\/et_pb_accordion_item][\/et_pb_accordion][et_pb_button button_url=&#8221;@ET-DC@eyJkeW5hbWljIjp0cnVlLCJjb250ZW50IjoicG9zdF9saW5rX3VybF9wYWdlIiwic2V0dGluZ3MiOnsicG9zdF9pZCI6IjczNSJ9fQ==@&#8221; button_text=&#8221;Bestill en gratis konsultasjon&#8221; _builder_version=&#8221;4.27.4&#8243; _dynamic_attributes=&#8221;button_url&#8221; _module_preset=&#8221;_initial&#8221; custom_button=&#8221;on&#8221; button_text_size=&#8221;16px&#8221; button_text_color=&#8221;#CD207D&#8221; button_border_color=&#8221;#CD207D&#8221; button_border_radius=&#8221;100px&#8221; button_font=&#8221;Outfit|600|||||||&#8221; button_use_icon=&#8221;off&#8221; custom_margin=&#8221;-2px||||false|false&#8221; custom_padding=&#8221;10px|26px|10px|26px|true|true&#8221; hover_enabled=&#8221;0&#8243; global_colors_info=&#8221;{%22gcid-f1e65d51-fa2f-4bf0-b2c1-8eab7001e8fd%22:%91%22button_text_color%22%93}&#8221; sticky_enabled=&#8221;0&#8243;][\/et_pb_button][\/et_pb_column][\/et_pb_row][\/et_pb_section]<\/p>\n","protected":false},"excerpt":{"rendered":"<p>Vi vet hva du tenker \u2013 og vi har svarene. \u00c5 flytte utenlands kommer med sp\u00f8rsm\u00e5l, spenning og kanskje litt panikk. Ikke bekymre deg \u2013 administrerende direkt\u00f8r har h\u00f8rt alt (og svart med et smil).Bare hvis du gj\u00f8r det uten Flyto! Tenk p\u00e5 oss som din personlige flytteservicemedarbeider \u2013 vi planlegger, pakker, sender og leverer [&hellip;]<\/p>\n","protected":false},"author":1,"featured_media":0,"parent":0,"menu_order":0,"comment_status":"closed","ping_status":"closed","template":"","meta":{"_et_pb_use_builder":"on","_et_pb_old_content":"","_et_gb_content_width":"","footnotes":""},"class_list":["post-733","page","type-page","status-publish","hentry"],"yoast_head":"<!-- This site is optimized with the Yoast SEO plugin v26.3 - https:\/\/yoast.com\/wordpress\/plugins\/seo\/ -->\n<title>FAQ - Flyto Relocation Norge<\/title>\n<meta name=\"robots\" content=\"index, follow, max-snippet:-1, max-image-preview:large, max-video-preview:-1\" \/>\n<link rel=\"canonical\" href=\"https:\/\/flytorelocation.com\/no-no\/blog\/\" \/>\n<meta property=\"og:locale\" content=\"fi_FI\" \/>\n<meta property=\"og:type\" content=\"article\" \/>\n<meta property=\"og:title\" content=\"FAQ - Flyto Relocation Norge\" \/>\n<meta property=\"og:description\" content=\"Vi vet hva du tenker \u2013 og vi har svarene. \u00c5 flytte utenlands kommer med sp\u00f8rsm\u00e5l, spenning og kanskje litt panikk. Ikke bekymre deg \u2013 administrerende direkt\u00f8r har h\u00f8rt alt (og svart med et smil).Bare hvis du gj\u00f8r det uten Flyto! Tenk p\u00e5 oss som din personlige flytteservicemedarbeider \u2013 vi planlegger, pakker, sender og leverer [&hellip;]\" \/>\n<meta property=\"og:url\" content=\"https:\/\/flytorelocation.com\/no-no\/blog\/\" \/>\n<meta property=\"og:site_name\" content=\"Flyto Relocation Norge\" \/>\n<meta property=\"article:modified_time\" content=\"2026-01-16T14:48:16+00:00\" \/>\n<meta name=\"twitter:card\" content=\"summary_large_image\" \/>\n<meta name=\"twitter:label1\" content=\"Arvioitu lukuaika\" \/>\n\t<meta name=\"twitter:data1\" content=\"9 minuuttia\" \/>\n<script type=\"application\/ld+json\" class=\"yoast-schema-graph\">{\"@context\":\"https:\/\/schema.org\",\"@graph\":[{\"@type\":\"WebPage\",\"@id\":\"https:\/\/flytorelocation.com\/no-no\/blog\/\",\"url\":\"https:\/\/flytorelocation.com\/no-no\/blog\/\",\"name\":\"FAQ - Flyto Relocation Norge\",\"isPartOf\":{\"@id\":\"https:\/\/flytorelocation.com\/no-no\/#website\"},\"datePublished\":\"2025-10-17T16:02:33+00:00\",\"dateModified\":\"2026-01-16T14:48:16+00:00\",\"breadcrumb\":{\"@id\":\"https:\/\/flytorelocation.com\/no-no\/blog\/#breadcrumb\"},\"inLanguage\":\"fi\",\"potentialAction\":[{\"@type\":\"ReadAction\",\"target\":[\"https:\/\/flytorelocation.com\/no-no\/blog\/\"]}]},{\"@type\":\"BreadcrumbList\",\"@id\":\"https:\/\/flytorelocation.com\/no-no\/blog\/#breadcrumb\",\"itemListElement\":[{\"@type\":\"ListItem\",\"position\":1,\"name\":\"Etusivu\",\"item\":\"https:\/\/flytorelocation.com\/no-no\/\"},{\"@type\":\"ListItem\",\"position\":2,\"name\":\"FAQ\"}]},{\"@type\":\"WebSite\",\"@id\":\"https:\/\/flytorelocation.com\/no-no\/#website\",\"url\":\"https:\/\/flytorelocation.com\/no-no\/\",\"name\":\"Flyto Relocation Norge\",\"description\":\"\",\"publisher\":{\"@id\":\"https:\/\/flytorelocation.com\/no-no\/#organization\"},\"potentialAction\":[{\"@type\":\"SearchAction\",\"target\":{\"@type\":\"EntryPoint\",\"urlTemplate\":\"https:\/\/flytorelocation.com\/no-no\/?s={search_term_string}\"},\"query-input\":{\"@type\":\"PropertyValueSpecification\",\"valueRequired\":true,\"valueName\":\"search_term_string\"}}],\"inLanguage\":\"fi\"},{\"@type\":\"Organization\",\"@id\":\"https:\/\/flytorelocation.com\/no-no\/#organization\",\"name\":\"Flyto Relocation Norge\",\"url\":\"https:\/\/flytorelocation.com\/no-no\/\",\"logo\":{\"@type\":\"ImageObject\",\"inLanguage\":\"fi\",\"@id\":\"https:\/\/flytorelocation.com\/no-no\/#\/schema\/logo\/image\/\",\"url\":\"https:\/\/flyto-wp-uploads.s3.eu-north-1.amazonaws.com\/wp-content\/uploads\/sites\/83\/2025\/10\/13130143\/Flyto-col.png\",\"contentUrl\":\"https:\/\/flyto-wp-uploads.s3.eu-north-1.amazonaws.com\/wp-content\/uploads\/sites\/83\/2025\/10\/13130143\/Flyto-col.png\",\"width\":618,\"height\":337,\"caption\":\"Flyto Relocation Norge\"},\"image\":{\"@id\":\"https:\/\/flytorelocation.com\/no-no\/#\/schema\/logo\/image\/\"}}]}<\/script>\n<!-- \/ Yoast SEO plugin. -->","yoast_head_json":{"title":"FAQ - Flyto Relocation Norge","robots":{"index":"index","follow":"follow","max-snippet":"max-snippet:-1","max-image-preview":"max-image-preview:large","max-video-preview":"max-video-preview:-1"},"canonical":"https:\/\/flytorelocation.com\/no-no\/blog\/","og_locale":"fi_FI","og_type":"article","og_title":"FAQ - Flyto Relocation Norge","og_description":"Vi vet hva du tenker \u2013 og vi har svarene. \u00c5 flytte utenlands kommer med sp\u00f8rsm\u00e5l, spenning og kanskje litt panikk. Ikke bekymre deg \u2013 administrerende direkt\u00f8r har h\u00f8rt alt (og svart med et smil).Bare hvis du gj\u00f8r det uten Flyto! Tenk p\u00e5 oss som din personlige flytteservicemedarbeider \u2013 vi planlegger, pakker, sender og leverer [&hellip;]","og_url":"https:\/\/flytorelocation.com\/no-no\/blog\/","og_site_name":"Flyto Relocation Norge","article_modified_time":"2026-01-16T14:48:16+00:00","twitter_card":"summary_large_image","twitter_misc":{"Arvioitu lukuaika":"9 minuuttia"},"schema":{"@context":"https:\/\/schema.org","@graph":[{"@type":"WebPage","@id":"https:\/\/flytorelocation.com\/no-no\/blog\/","url":"https:\/\/flytorelocation.com\/no-no\/blog\/","name":"FAQ - Flyto Relocation Norge","isPartOf":{"@id":"https:\/\/flytorelocation.com\/no-no\/#website"},"datePublished":"2025-10-17T16:02:33+00:00","dateModified":"2026-01-16T14:48:16+00:00","breadcrumb":{"@id":"https:\/\/flytorelocation.com\/no-no\/blog\/#breadcrumb"},"inLanguage":"fi","potentialAction":[{"@type":"ReadAction","target":["https:\/\/flytorelocation.com\/no-no\/blog\/"]}]},{"@type":"BreadcrumbList","@id":"https:\/\/flytorelocation.com\/no-no\/blog\/#breadcrumb","itemListElement":[{"@type":"ListItem","position":1,"name":"Etusivu","item":"https:\/\/flytorelocation.com\/no-no\/"},{"@type":"ListItem","position":2,"name":"FAQ"}]},{"@type":"WebSite","@id":"https:\/\/flytorelocation.com\/no-no\/#website","url":"https:\/\/flytorelocation.com\/no-no\/","name":"Flyto Relocation Norge","description":"","publisher":{"@id":"https:\/\/flytorelocation.com\/no-no\/#organization"},"potentialAction":[{"@type":"SearchAction","target":{"@type":"EntryPoint","urlTemplate":"https:\/\/flytorelocation.com\/no-no\/?s={search_term_string}"},"query-input":{"@type":"PropertyValueSpecification","valueRequired":true,"valueName":"search_term_string"}}],"inLanguage":"fi"},{"@type":"Organization","@id":"https:\/\/flytorelocation.com\/no-no\/#organization","name":"Flyto Relocation Norge","url":"https:\/\/flytorelocation.com\/no-no\/","logo":{"@type":"ImageObject","inLanguage":"fi","@id":"https:\/\/flytorelocation.com\/no-no\/#\/schema\/logo\/image\/","url":"https:\/\/flyto-wp-uploads.s3.eu-north-1.amazonaws.com\/wp-content\/uploads\/sites\/83\/2025\/10\/13130143\/Flyto-col.png","contentUrl":"https:\/\/flyto-wp-uploads.s3.eu-north-1.amazonaws.com\/wp-content\/uploads\/sites\/83\/2025\/10\/13130143\/Flyto-col.png","width":618,"height":337,"caption":"Flyto Relocation Norge"},"image":{"@id":"https:\/\/flytorelocation.com\/no-no\/#\/schema\/logo\/image\/"}}]}},"acf":[],"_links":{"self":[{"href":"https:\/\/flytorelocation.com\/no-no\/wp-json\/wp\/v2\/pages\/733","targetHints":{"allow":["GET"]}}],"collection":[{"href":"https:\/\/flytorelocation.com\/no-no\/wp-json\/wp\/v2\/pages"}],"about":[{"href":"https:\/\/flytorelocation.com\/no-no\/wp-json\/wp\/v2\/types\/page"}],"author":[{"embeddable":true,"href":"https:\/\/flytorelocation.com\/no-no\/wp-json\/wp\/v2\/users\/1"}],"replies":[{"embeddable":true,"href":"https:\/\/flytorelocation.com\/no-no\/wp-json\/wp\/v2\/comments?post=733"}],"version-history":[{"count":6,"href":"https:\/\/flytorelocation.com\/no-no\/wp-json\/wp\/v2\/pages\/733\/revisions"}],"predecessor-version":[{"id":1349,"href":"https:\/\/flytorelocation.com\/no-no\/wp-json\/wp\/v2\/pages\/733\/revisions\/1349"}],"wp:attachment":[{"href":"https:\/\/flytorelocation.com\/no-no\/wp-json\/wp\/v2\/media?parent=733"}],"curies":[{"name":"wp","href":"https:\/\/api.w.org\/{rel}","templated":true}]}}