{"id":733,"date":"2025-10-17T19:02:33","date_gmt":"2025-10-17T16:02:33","guid":{"rendered":"https:\/\/flytorelocation.com\/nl-nl\/fi\/?page_id=90"},"modified":"2026-01-16T21:29:33","modified_gmt":"2026-01-16T19:29:33","slug":"blog","status":"publish","type":"page","link":"https:\/\/flytorelocation.com\/nl-nl\/blog\/","title":{"rendered":"FAQ"},"content":{"rendered":"<p>[et_pb_section fb_built=&#8221;1&#8243; _builder_version=&#8221;4.27.4&#8243; _module_preset=&#8221;default&#8221; custom_padding=&#8221;||||true|false&#8221; global_colors_info=&#8221;{}&#8221;][et_pb_row _builder_version=&#8221;4.27.4&#8243; _module_preset=&#8221;default&#8221; custom_padding=&#8221;0px||0px||true|false&#8221; global_colors_info=&#8221;{}&#8221;][et_pb_column type=&#8221;4_4&#8243; _builder_version=&#8221;4.27.4&#8243; _module_preset=&#8221;default&#8221; global_colors_info=&#8221;{}&#8221;][et_pb_heading title=&#8221;Veelgestelde vragen&#8221; _builder_version=&#8221;4.27.4&#8243; _module_preset=&#8221;_initial&#8221; title_font=&#8221;Flyto oma||||||||&#8221; title_text_color=&#8221;#CD207D&#8221; title_font_size=&#8221;62px&#8221; custom_margin=&#8221;||10px||false|false&#8221; custom_margin_tablet=&#8221;||10px||false|false&#8221; custom_margin_phone=&#8221;||10px||false|false&#8221; custom_margin_last_edited=&#8221;on|phone&#8221; custom_padding_tablet=&#8221;&#8221; custom_padding_phone=&#8221;0px||||false|false&#8221; custom_padding_last_edited=&#8221;on|phone&#8221; title_font_size_tablet=&#8221;40px&#8221; title_font_size_phone=&#8221;30px&#8221; title_font_size_last_edited=&#8221;on|phone&#8221; locked=&#8221;off&#8221; global_colors_info=&#8221;{}&#8221;][\/et_pb_heading][\/et_pb_column][\/et_pb_row][\/et_pb_section][et_pb_section fb_built=&#8221;1&#8243; admin_label=&#8221;Header&#8221; _builder_version=&#8221;4.27.4&#8243; _module_preset=&#8221;default&#8221; custom_padding=&#8221;0px||||false|false&#8221; collapsed=&#8221;on&#8221; global_colors_info=&#8221;{}&#8221;][et_pb_row column_structure=&#8221;1_2,1_2&#8243; _builder_version=&#8221;4.27.4&#8243; _module_preset=&#8221;default&#8221; global_colors_info=&#8221;{}&#8221;][et_pb_column type=&#8221;1_2&#8243; _builder_version=&#8221;4.22.0&#8243; _module_preset=&#8221;default&#8221; global_colors_info=&#8221;{}&#8221;][et_pb_heading title=&#8221;Onze CEO beantwoordt uw vragen: de waarheid (en de mythes) over verhuizen naar het buitenland.&#8221; _builder_version=&#8221;4.27.4&#8243; _module_preset=&#8221;_initial&#8221; title_font=&#8221;Flyto oma||||||||&#8221; title_text_align=&#8221;left&#8221; title_text_color=&#8221;#CD207D&#8221; title_line_height=&#8221;1.1em&#8221; custom_margin=&#8221;2px||||false|false&#8221; custom_margin_tablet=&#8221;0px||||false|false&#8221; custom_margin_phone=&#8221;||||false|false&#8221; custom_margin_last_edited=&#8221;on|phone&#8221; custom_padding=&#8221;||||false|false&#8221; custom_padding_tablet=&#8221;||||false|false&#8221; custom_padding_phone=&#8221;||||false|false&#8221; custom_padding_last_edited=&#8221;on|phone&#8221; title_font_size_phone=&#8221;29px&#8221; global_colors_info=&#8221;{}&#8221;][\/et_pb_heading][et_pb_text _builder_version=&#8221;4.27.4&#8243; _module_preset=&#8221;_initial&#8221; text_font=&#8221;Montserrat||||||||&#8221; text_line_height=&#8221;1.8em&#8221; custom_margin=&#8221;-20px||||false|false&#8221; global_colors_info=&#8221;{}&#8221;]<strong data-start=\"867\" data-end=\"928\">We weten wat u denkt, en we hebben de antwoorden.<\/strong><\/p>\n<p>Verhuizen naar het buitenland brengt vragen, opwinding en misschien een beetje paniek met zich mee. Geen zorgen \u2013 onze CEO heeft ze allemaal gehoord (en met een glimlach beantwoord).[\/et_pb_text][\/et_pb_column][et_pb_column type=&#8221;1_2&#8243; _builder_version=&#8221;4.22.0&#8243; _module_preset=&#8221;default&#8221; global_colors_info=&#8221;{}&#8221;][et_pb_image src=&#8221;https:\/\/flyto-wp-uploads.s3.eu-north-1.amazonaws.com\/wp-content\/uploads\/sites\/87\/2025\/11\/13095224\/Groweo_Flyto_1-scaled.jpg&#8221; title_text=&#8221;Groweo_Flyto_1&#8243; _builder_version=&#8221;4.27.4&#8243; _module_preset=&#8221;default&#8221; border_radii=&#8221;on|5px|5px|5px|5px&#8221; global_colors_info=&#8221;{}&#8221;][\/et_pb_image][\/et_pb_column][\/et_pb_row][et_pb_row _builder_version=&#8221;4.27.4&#8243; _module_preset=&#8221;default&#8221; min_height=&#8221;1132px&#8221; custom_margin=&#8221;||||false|false&#8221; global_colors_info=&#8221;{}&#8221;][et_pb_column type=&#8221;4_4&#8243; _builder_version=&#8221;4.27.4&#8243; _module_preset=&#8221;default&#8221; global_colors_info=&#8221;{}&#8221;][et_pb_accordion open_toggle_background_color=&#8221;RGBA(255,255,255,0)&#8221; closed_toggle_text_color=&#8221;#000000&#8243; closed_toggle_background_color=&#8221;RGBA(255,255,255,0)&#8221; icon_color=&#8221;#CD207D&#8221; _builder_version=&#8221;4.27.4&#8243; _module_preset=&#8221;default&#8221; toggle_font=&#8221;Poppins|600|||||||&#8221; toggle_font_size=&#8221;15px&#8221; body_font=&#8221;Montserrat||||||||&#8221; body_line_height=&#8221;1.8em&#8221; border_radii=&#8221;on|5px|5px|5px|5px&#8221; border_color_all=&#8221;#CD207D&#8221; global_colors_info=&#8221;{%22gcid-primary-color%22:%91%22body_quote_text_color%22,%22quote_text_color%22,%22body_quote_text_color%22,%22quote_text_color%22%93,%22gcid-secondary-color%22:%91%22icon_color%22%93,%22gcid-heading-color%22:%91%22toggle_text_color%22,%22toggle_text_color%22%93}&#8221;][et_pb_accordion_item title=&#8221;Wees eerlijk&#8230; is verhuizen naar het buitenland nou echt zo stressvol?&#8221; open=&#8221;on&#8221; _builder_version=&#8221;4.27.4&#8243; _module_preset=&#8221;default&#8221; global_colors_info=&#8221;{}&#8221;]<\/p>\n<p>Alleen als je het zonder Flyto doet! Zie ons als je persoonlijke verhuisconcierge: wij plannen, pakken in, verzenden en bezorgen, terwijl jij je nieuwe favoriete caf\u00e9 in Lissabon uitzoekt.<\/p>\n<p>Het is onze taak om je verhuizing zo soepel te laten verlopen dat je je bij het uitpakken afvraagt \u200b\u200bof je geteleporteerd bent.<\/p>\n<p>[\/et_pb_accordion_item][et_pb_accordion_item title=&#8221;Hoe veilig zijn mijn bezittingen eigenlijk?&#8221; _builder_version=&#8221;4.27.4&#8243; _module_preset=&#8221;default&#8221; global_colors_info=&#8221;{}&#8221; open=&#8221;off&#8221;]<\/p>\n<p>Veiliger dan een geheim recept in een Zwitserse kluis. Elk Flyto-voertuig is uitgerust met GPS-tracking, camera&#8217;s aan boord en veilige laadsystemen \u2013 want we willen graag weten waar uw bank zich om 3 uur &#8217;s nachts bevindt, zelfs als u dat zelf niet weet.<\/p>\n<p>We pakken alles in alsof het op koninklijke reis gaat. Of het nu gaat om vintage wijn of de eerste teddybeer van uw kind \u2013 alles wordt als een kostbaar bezit behandeld.<\/p>\n<p>[\/et_pb_accordion_item][et_pb_accordion_item title=&#8221;Ik heb nog niet eens een nieuw huis \u2014 hoe werkt dat dan?&#8221; _builder_version=&#8221;4.27.4&#8243; _module_preset=&#8221;default&#8221; global_colors_info=&#8221;{}&#8221; open=&#8221;off&#8221;]<\/p>\n<p>Eenvoudig. U ontspant zich, en wij vinden het voor u. Ons team van huizenzoekers verkent buurten, bekijkt advertenties, maakt virtuele rondleidingen en regelt zelfs het papierwerk. U hoeft alleen maar uw favoriet goed te keuren vanuit het comfort van uw eigen bank.<\/p>\n<p>Tegen de tijd dat u aankomt, staat uw nieuwe huis al klaar \u2014 wifi aan, gordijnen opgehangen en misschien zelfs een welkomstplant. \ud83c\udf3f<\/p>\n<p>[\/et_pb_accordion_item][et_pb_accordion_item title=&#8221;Kunt u ook grote bedrijfsverhuizingen begeleiden?&#8221; _builder_version=&#8221;4.27.4&#8243; _module_preset=&#8221;default&#8221; global_colors_info=&#8221;{}&#8221; open=&#8221;off&#8221;]<\/p>\n<p>Absoluut. We verhuizen directieleden, complete teams en soms zelfs het koffiezetapparaat op kantoor \u2013 en dat allemaal zonder deadlines te overschrijden.<br \/>We zorgen ervoor dat uw medewerkers klaar zijn om te beginnen, niet om eerst bij te komen. Want geweldige bedrijven verdienen geweldige verhuizingen.<\/p>\n<p>[\/et_pb_accordion_item][et_pb_accordion_item title=&#8221;Wat maakt Flyto dan nu precies anders?&#8221; _builder_version=&#8221;4.27.4&#8243; _module_preset=&#8221;default&#8221; global_colors_info=&#8221;{}&#8221; open=&#8221;off&#8221;]<\/p>\n<p>Drie dingen: onze mensen, onze precisie en onze obsessie met gemoedsrust.<br \/>We hebben het beste netwerk in heel Europa, volgen elke zending nauwlettend en geven oprecht om uw ervaring. We verplaatsen niet zomaar dozen \u2013 we verplaatsen levens. En dat nemen we serieus\u2026 maar niet t\u00e9 serieus.<\/p>\n<p>[\/et_pb_accordion_item][et_pb_accordion_item title=&#8221;Moet ik alles vooraf betalen?&#8221; _builder_version=&#8221;4.27.4&#8243; _module_preset=&#8221;default&#8221; global_colors_info=&#8221;{}&#8221; open=&#8221;off&#8221;]<\/p>\n<p>Nee, absoluut niet. Bij Flyto betaal je nooit van tevoren. Betalingen worden pas gedaan op het moment van inladen \u2013 wanneer je verhuizing daadwerkelijk plaatsvindt. Wij geloven in vertrouwen, transparantie en eerlijkheid. Je ziet de kwaliteit voordat je ervoor betaalt.<\/p>\n<p>[\/et_pb_accordion_item][et_pb_accordion_item title=&#8221;Hoe lang duurt een internationale verhuizing gemiddeld?&#8221; _builder_version=&#8221;4.27.4&#8243; _module_preset=&#8221;default&#8221; global_colors_info=&#8221;{}&#8221; open=&#8221;off&#8221;]<\/p>\n<p>Meestal veel minder dan mensen denken. De meeste internationale verhuizingen binnen Europa duren slechts een paar dagen \u2013 maximaal een week, als er geen opslag tussendoor is.<br \/>Onze routes zijn geoptimaliseerd en onze teams zijn goed op elkaar afgestemd, zodat uw spullen snel, veilig en precies op tijd aankomen.<\/p>\n<p>[\/et_pb_accordion_item][et_pb_accordion_item title=&#8221;Kan ik mijn zending volgen?&#8221; _builder_version=&#8221;4.27.4&#8243; _module_preset=&#8221;default&#8221; global_colors_info=&#8221;{}&#8221; open=&#8221;off&#8221;]<\/p>\n<p>Absoluut. Elke verhuizing met Flyto wordt van begin tot eind digitaal gedocumenteerd en gevolgd. Je ontvangt een GPS-trackinglink op je telefoon waarmee je op elk gewenst moment kunt controleren waar je bent.<\/p>\n<p>[\/et_pb_accordion_item][et_pb_accordion_item title=&#8221;En hoe zit het met douane, belastingen en papierwerk?&#8221; _builder_version=&#8221;4.27.4&#8243; _module_preset=&#8221;default&#8221; global_colors_info=&#8221;{}&#8221; open=&#8221;off&#8221;]<\/p>\n<p>Dat is waar wij in uitblinken. Flyto regelt de formulieren, goedkeuringen en bureaucratische rompslomp, zodat u zich daar geen zorgen over hoeft te maken.<br \/>We weten welke formulieren belangrijk zijn, welke niet en welke een extra handtekening in drievoud vereisen \u2013 en we hebben ze allemaal klaar liggen.<\/p>\n<p>[\/et_pb_accordion_item][et_pb_accordion_item title=&#8221;Wat als er iets beschadigd raakt of kwijtraakt?&#8221; _builder_version=&#8221;4.27.4&#8243; _module_preset=&#8221;default&#8221; global_colors_info=&#8221;{}&#8221; open=&#8221;off&#8221;]<\/p>\n<p>Dan lossen we het op \u2013 snel. Maar eerst voorkomen we het. Alles wat we verhuizen wordt ingepakt, gefotografeerd en vastgelegd volgens ons veiligheidsprotocol.<\/p>\n<p>Mocht er in het zeldzame geval toch iets misgaan, dan verloopt onze verzekerings- en schadeafhandeling snel, eerlijk en persoonlijk.<\/p>\n<p>[\/et_pb_accordion_item][et_pb_accordion_item title=&#8221;Kan ik zelf kiezen welke diensten ik nodig heb?&#8221; _builder_version=&#8221;4.27.4&#8243; _module_preset=&#8221;default&#8221; global_colors_info=&#8221;{}&#8221; open=&#8221;off&#8221;]<\/p>\n<p>Natuurlijk. U kunt precies kiezen wat u wilt: van een complete verhuizing tot alleen het transport.<\/p>\n<p>Zie het als een premium menu: inpakken, douane, woning zoeken, meubels plaatsen, zelfs opslag. U kiest, wij regelen het.<\/p>\n<p>[\/et_pb_accordion_item][et_pb_accordion_item title=&#8221;Hoeveel kost een internationale verhuizing nu eigenlijk?&#8221; _builder_version=&#8221;4.27.4&#8243; _module_preset=&#8221;default&#8221; global_colors_info=&#8221;{}&#8221; open=&#8221;off&#8221;]<\/p>\n<p>Minder stressvol dan wanneer je het alleen doet \u2014 en transparanter dan je zou verwachten.<\/p>\n<p>Elke verhuizing is anders, maar bij Flyto baseren we onze prijzen op afstand, volume en diensten \u2014 geen verrassingen. Je ontvangt altijd een duidelijke, gespecificeerde offerte voordat we beginnen, zodat je precies weet waar je voor betaalt.<\/p>\n<p>En omdat alles door \u00e9\u00e9n geco\u00f6rdineerd team wordt afgehandeld, zijn er geen verborgen overdrachtskosten tussen landen \u2014 gewoon \u00e9\u00e9n soepel, betrouwbaar proces van begin tot eind.<\/p>\n<p>[\/et_pb_accordion_item][et_pb_accordion_item title=&#8221;Help je ook met huisdieren, auto&#8217;s of opslag?&#8221; _builder_version=&#8221;4.27.4&#8243; _module_preset=&#8221;default&#8221; global_colors_info=&#8221;{}&#8221; open=&#8221;off&#8221;]<\/p>\n<p>Ja, op alle drie de vragen. We werken samen met vertrouwde specialisten voor het vervoer van huisdieren, het transport van voertuigen en veilige opslag.<br \/>Uw auto, uw kat of uw concertvleugel: we hebben ze allemaal veilig vervoerd (hoewel niet in dezelfde vrachtwagen).<\/p>\n<p>[\/et_pb_accordion_item][et_pb_accordion_item title=&#8221;Kunt u helpen met lokale registraties of het aansluiten van nutsvoorzieningen?&#8221; _builder_version=&#8221;4.27.4&#8243; _module_preset=&#8221;default&#8221; global_colors_info=&#8221;{}&#8221; open=&#8221;off&#8221;]<\/p>\n<p>Absoluut. Onze verhuisspecialisten helpen met de stadsregistratie, aansluitingen voor nutsvoorzieningen, internetinstallatie \u2013 al die \u2018kleine dingen\u2019 die voor grote problemen kunnen zorgen.<\/p>\n<p>En als we zeggen dat we van deur tot deur gaan, dan menen we dat ook.<\/p>\n<p>[\/et_pb_accordion_item][et_pb_accordion_item title=&#8221;Hoe weet ik of mijn verhuizing soepel zal verlopen?&#8221; _builder_version=&#8221;4.27.4&#8243; _module_preset=&#8221;default&#8221; global_colors_info=&#8221;{}&#8221; open=&#8221;off&#8221;]<\/p>\n<p>Want dat is onze taak. We plannen, bereiden voor en communiceren bij elke stap.<\/p>\n<p>Achter de schermen staat een heel Flyto-team klaar om uw verhuizing te co\u00f6rdineren als een luchtverkeersleiding: stil, nauwkeurig en op alles voorbereid.<\/p>\n<p>[\/et_pb_accordion_item][et_pb_accordion_item title=&#8221;Ok\u00e9, ik ben overtuigd. Wat is de volgende stap?&#8221; _builder_version=&#8221;4.27.4&#8243; _module_preset=&#8221;default&#8221; global_colors_info=&#8221;{}&#8221; open=&#8221;off&#8221;]<\/p>\n<p>Simpel \u2014 klik hieronder, boek uw gratis consult en laten we samen uw verhuizing plannen. U vertelt ons waar u naartoe gaat; wij regelen de rest.<\/p>\n<p>En ja \u2014 we beloven dat het zelfs leuk wordt.<\/p>\n<p>[\/et_pb_accordion_item][\/et_pb_accordion][et_pb_button button_url=&#8221;@ET-DC@eyJkeW5hbWljIjp0cnVlLCJjb250ZW50IjoicG9zdF9saW5rX3VybF9wYWdlIiwic2V0dGluZ3MiOnsicG9zdF9pZCI6IjczNSJ9fQ==@&#8221; button_text=&#8221;Boek een gratis consult&#8221; _builder_version=&#8221;4.27.4&#8243; _dynamic_attributes=&#8221;button_url&#8221; _module_preset=&#8221;_initial&#8221; custom_button=&#8221;on&#8221; button_text_size=&#8221;16px&#8221; button_text_color=&#8221;#CD207D&#8221; button_border_color=&#8221;#CD207D&#8221; button_border_radius=&#8221;100px&#8221; button_font=&#8221;Outfit|600|||||||&#8221; button_use_icon=&#8221;off&#8221; custom_margin=&#8221;-2px||||false|false&#8221; custom_padding=&#8221;10px|26px|10px|26px|true|true&#8221; hover_enabled=&#8221;0&#8243; global_colors_info=&#8221;{%22gcid-f1e65d51-fa2f-4bf0-b2c1-8eab7001e8fd%22:%91%22button_text_color%22%93}&#8221; sticky_enabled=&#8221;0&#8243;][\/et_pb_button][\/et_pb_column][\/et_pb_row][\/et_pb_section]<\/p>\n","protected":false},"excerpt":{"rendered":"<p>We weten wat u denkt, en we hebben de antwoorden. Verhuizen naar het buitenland brengt vragen, opwinding en misschien een beetje paniek met zich mee. Geen zorgen \u2013 onze CEO heeft ze allemaal gehoord (en met een glimlach beantwoord).Alleen als je het zonder Flyto doet! Zie ons als je persoonlijke verhuisconcierge: wij plannen, pakken in, [&hellip;]<\/p>\n","protected":false},"author":1,"featured_media":0,"parent":0,"menu_order":0,"comment_status":"closed","ping_status":"closed","template":"","meta":{"_et_pb_use_builder":"on","_et_pb_old_content":"","_et_gb_content_width":"","footnotes":""},"class_list":["post-733","page","type-page","status-publish","hentry"],"yoast_head":"<!-- This site is optimized with the Yoast SEO plugin v26.3 - https:\/\/yoast.com\/wordpress\/plugins\/seo\/ -->\n<title>FAQ - Flyto Relocation Nederland<\/title>\n<meta name=\"robots\" content=\"index, follow, max-snippet:-1, max-image-preview:large, max-video-preview:-1\" \/>\n<link rel=\"canonical\" href=\"https:\/\/flytorelocation.com\/nl-nl\/blog\/\" \/>\n<meta property=\"og:locale\" content=\"fi_FI\" \/>\n<meta property=\"og:type\" content=\"article\" \/>\n<meta property=\"og:title\" content=\"FAQ - Flyto Relocation Nederland\" \/>\n<meta property=\"og:description\" content=\"We weten wat u denkt, en we hebben de antwoorden. Verhuizen naar het buitenland brengt vragen, opwinding en misschien een beetje paniek met zich mee. Geen zorgen \u2013 onze CEO heeft ze allemaal gehoord (en met een glimlach beantwoord).Alleen als je het zonder Flyto doet! Zie ons als je persoonlijke verhuisconcierge: wij plannen, pakken in, [&hellip;]\" \/>\n<meta property=\"og:url\" content=\"https:\/\/flytorelocation.com\/nl-nl\/blog\/\" \/>\n<meta property=\"og:site_name\" content=\"Flyto Relocation Nederland\" \/>\n<meta property=\"article:modified_time\" content=\"2026-01-16T19:29:33+00:00\" \/>\n<meta name=\"twitter:card\" content=\"summary_large_image\" \/>\n<meta name=\"twitter:label1\" content=\"Arvioitu lukuaika\" \/>\n\t<meta name=\"twitter:data1\" content=\"9 minuuttia\" \/>\n<script type=\"application\/ld+json\" class=\"yoast-schema-graph\">{\"@context\":\"https:\/\/schema.org\",\"@graph\":[{\"@type\":\"WebPage\",\"@id\":\"https:\/\/flytorelocation.com\/nl-nl\/blog\/\",\"url\":\"https:\/\/flytorelocation.com\/nl-nl\/blog\/\",\"name\":\"FAQ - Flyto Relocation Nederland\",\"isPartOf\":{\"@id\":\"https:\/\/flytorelocation.com\/nl-nl\/#website\"},\"datePublished\":\"2025-10-17T16:02:33+00:00\",\"dateModified\":\"2026-01-16T19:29:33+00:00\",\"breadcrumb\":{\"@id\":\"https:\/\/flytorelocation.com\/nl-nl\/blog\/#breadcrumb\"},\"inLanguage\":\"fi\",\"potentialAction\":[{\"@type\":\"ReadAction\",\"target\":[\"https:\/\/flytorelocation.com\/nl-nl\/blog\/\"]}]},{\"@type\":\"BreadcrumbList\",\"@id\":\"https:\/\/flytorelocation.com\/nl-nl\/blog\/#breadcrumb\",\"itemListElement\":[{\"@type\":\"ListItem\",\"position\":1,\"name\":\"Etusivu\",\"item\":\"https:\/\/flytorelocation.com\/nl-nl\/\"},{\"@type\":\"ListItem\",\"position\":2,\"name\":\"FAQ\"}]},{\"@type\":\"WebSite\",\"@id\":\"https:\/\/flytorelocation.com\/nl-nl\/#website\",\"url\":\"https:\/\/flytorelocation.com\/nl-nl\/\",\"name\":\"Flyto Relocation Nederland\",\"description\":\"\",\"publisher\":{\"@id\":\"https:\/\/flytorelocation.com\/nl-nl\/#organization\"},\"potentialAction\":[{\"@type\":\"SearchAction\",\"target\":{\"@type\":\"EntryPoint\",\"urlTemplate\":\"https:\/\/flytorelocation.com\/nl-nl\/?s={search_term_string}\"},\"query-input\":{\"@type\":\"PropertyValueSpecification\",\"valueRequired\":true,\"valueName\":\"search_term_string\"}}],\"inLanguage\":\"fi\"},{\"@type\":\"Organization\",\"@id\":\"https:\/\/flytorelocation.com\/nl-nl\/#organization\",\"name\":\"Flyto Relocation Nederland\",\"url\":\"https:\/\/flytorelocation.com\/nl-nl\/\",\"logo\":{\"@type\":\"ImageObject\",\"inLanguage\":\"fi\",\"@id\":\"https:\/\/flytorelocation.com\/nl-nl\/#\/schema\/logo\/image\/\",\"url\":\"https:\/\/flyto-wp-uploads.s3.eu-north-1.amazonaws.com\/wp-content\/uploads\/sites\/87\/2025\/10\/13130143\/Flyto-col.png\",\"contentUrl\":\"https:\/\/flyto-wp-uploads.s3.eu-north-1.amazonaws.com\/wp-content\/uploads\/sites\/87\/2025\/10\/13130143\/Flyto-col.png\",\"width\":618,\"height\":337,\"caption\":\"Flyto Relocation Nederland\"},\"image\":{\"@id\":\"https:\/\/flytorelocation.com\/nl-nl\/#\/schema\/logo\/image\/\"}}]}<\/script>\n<!-- \/ Yoast SEO plugin. -->","yoast_head_json":{"title":"FAQ - Flyto Relocation Nederland","robots":{"index":"index","follow":"follow","max-snippet":"max-snippet:-1","max-image-preview":"max-image-preview:large","max-video-preview":"max-video-preview:-1"},"canonical":"https:\/\/flytorelocation.com\/nl-nl\/blog\/","og_locale":"fi_FI","og_type":"article","og_title":"FAQ - Flyto Relocation Nederland","og_description":"We weten wat u denkt, en we hebben de antwoorden. Verhuizen naar het buitenland brengt vragen, opwinding en misschien een beetje paniek met zich mee. Geen zorgen \u2013 onze CEO heeft ze allemaal gehoord (en met een glimlach beantwoord).Alleen als je het zonder Flyto doet! Zie ons als je persoonlijke verhuisconcierge: wij plannen, pakken in, [&hellip;]","og_url":"https:\/\/flytorelocation.com\/nl-nl\/blog\/","og_site_name":"Flyto Relocation Nederland","article_modified_time":"2026-01-16T19:29:33+00:00","twitter_card":"summary_large_image","twitter_misc":{"Arvioitu lukuaika":"9 minuuttia"},"schema":{"@context":"https:\/\/schema.org","@graph":[{"@type":"WebPage","@id":"https:\/\/flytorelocation.com\/nl-nl\/blog\/","url":"https:\/\/flytorelocation.com\/nl-nl\/blog\/","name":"FAQ - Flyto Relocation Nederland","isPartOf":{"@id":"https:\/\/flytorelocation.com\/nl-nl\/#website"},"datePublished":"2025-10-17T16:02:33+00:00","dateModified":"2026-01-16T19:29:33+00:00","breadcrumb":{"@id":"https:\/\/flytorelocation.com\/nl-nl\/blog\/#breadcrumb"},"inLanguage":"fi","potentialAction":[{"@type":"ReadAction","target":["https:\/\/flytorelocation.com\/nl-nl\/blog\/"]}]},{"@type":"BreadcrumbList","@id":"https:\/\/flytorelocation.com\/nl-nl\/blog\/#breadcrumb","itemListElement":[{"@type":"ListItem","position":1,"name":"Etusivu","item":"https:\/\/flytorelocation.com\/nl-nl\/"},{"@type":"ListItem","position":2,"name":"FAQ"}]},{"@type":"WebSite","@id":"https:\/\/flytorelocation.com\/nl-nl\/#website","url":"https:\/\/flytorelocation.com\/nl-nl\/","name":"Flyto Relocation Nederland","description":"","publisher":{"@id":"https:\/\/flytorelocation.com\/nl-nl\/#organization"},"potentialAction":[{"@type":"SearchAction","target":{"@type":"EntryPoint","urlTemplate":"https:\/\/flytorelocation.com\/nl-nl\/?s={search_term_string}"},"query-input":{"@type":"PropertyValueSpecification","valueRequired":true,"valueName":"search_term_string"}}],"inLanguage":"fi"},{"@type":"Organization","@id":"https:\/\/flytorelocation.com\/nl-nl\/#organization","name":"Flyto Relocation Nederland","url":"https:\/\/flytorelocation.com\/nl-nl\/","logo":{"@type":"ImageObject","inLanguage":"fi","@id":"https:\/\/flytorelocation.com\/nl-nl\/#\/schema\/logo\/image\/","url":"https:\/\/flyto-wp-uploads.s3.eu-north-1.amazonaws.com\/wp-content\/uploads\/sites\/87\/2025\/10\/13130143\/Flyto-col.png","contentUrl":"https:\/\/flyto-wp-uploads.s3.eu-north-1.amazonaws.com\/wp-content\/uploads\/sites\/87\/2025\/10\/13130143\/Flyto-col.png","width":618,"height":337,"caption":"Flyto Relocation Nederland"},"image":{"@id":"https:\/\/flytorelocation.com\/nl-nl\/#\/schema\/logo\/image\/"}}]}},"acf":[],"_links":{"self":[{"href":"https:\/\/flytorelocation.com\/nl-nl\/wp-json\/wp\/v2\/pages\/733","targetHints":{"allow":["GET"]}}],"collection":[{"href":"https:\/\/flytorelocation.com\/nl-nl\/wp-json\/wp\/v2\/pages"}],"about":[{"href":"https:\/\/flytorelocation.com\/nl-nl\/wp-json\/wp\/v2\/types\/page"}],"author":[{"embeddable":true,"href":"https:\/\/flytorelocation.com\/nl-nl\/wp-json\/wp\/v2\/users\/1"}],"replies":[{"embeddable":true,"href":"https:\/\/flytorelocation.com\/nl-nl\/wp-json\/wp\/v2\/comments?post=733"}],"version-history":[{"count":7,"href":"https:\/\/flytorelocation.com\/nl-nl\/wp-json\/wp\/v2\/pages\/733\/revisions"}],"predecessor-version":[{"id":1347,"href":"https:\/\/flytorelocation.com\/nl-nl\/wp-json\/wp\/v2\/pages\/733\/revisions\/1347"}],"wp:attachment":[{"href":"https:\/\/flytorelocation.com\/nl-nl\/wp-json\/wp\/v2\/media?parent=733"}],"curies":[{"name":"wp","href":"https:\/\/api.w.org\/{rel}","templated":true}]}}