{"id":727,"date":"2025-10-17T19:02:33","date_gmt":"2025-10-17T16:02:33","guid":{"rendered":"https:\/\/flytorelocation.com\/lu-lu\/fi\/?page_id=82"},"modified":"2026-01-04T19:25:58","modified_gmt":"2026-01-04T17:25:58","slug":"about","status":"publish","type":"page","link":"https:\/\/flytorelocation.com\/lu-lu\/about\/","title":{"rendered":"About"},"content":{"rendered":"<p>[et_pb_section fb_built=&#8221;1&#8243; admin_label=&#8221;Header&#8221; _builder_version=&#8221;4.27.4&#8243; _module_preset=&#8221;default&#8221; background_enable_color=&#8221;off&#8221; background_enable_image=&#8221;off&#8221; background_blend=&#8221;screen&#8221; custom_padding=&#8221;||0px|||&#8221; hover_enabled=&#8221;0&#8243; collapsed=&#8221;on&#8221; global_colors_info=&#8221;{%22gcid-secondary-color%22:%91%22background_color%22%93}&#8221; custom_padding_last_edited=&#8221;on|tablet&#8221; custom_padding_tablet=&#8221;0px||0px||false|false&#8221; sticky_enabled=&#8221;0&#8243; custom_padding_phone=&#8221;0px||0px||false|false&#8221;][et_pb_row _builder_version=&#8221;4.27.4&#8243; _module_preset=&#8221;default&#8221; global_colors_info=&#8221;{}&#8221;][et_pb_column type=&#8221;4_4&#8243; _builder_version=&#8221;4.27.4&#8243; _module_preset=&#8221;default&#8221; global_colors_info=&#8221;{}&#8221;][et_pb_heading title=&#8221;D\u00e9i s\u00e9cherst Beweegung op der Welt.&#8221; _builder_version=&#8221;4.27.4&#8243; _module_preset=&#8221;_initial&#8221; title_font=&#8221;Flyto oma||||||||&#8221; title_text_color=&#8221;#CD207D&#8221; title_font_size=&#8221;62px&#8221; custom_margin=&#8221;||10px||false|false&#8221; custom_margin_tablet=&#8221;||10px||false|false&#8221; custom_margin_phone=&#8221;||10px||false|false&#8221; custom_margin_last_edited=&#8221;on|phone&#8221; custom_padding_tablet=&#8221;&#8221; custom_padding_phone=&#8221;0px||||false|false&#8221; custom_padding_last_edited=&#8221;on|phone&#8221; title_font_size_tablet=&#8221;40px&#8221; title_font_size_phone=&#8221;30px&#8221; title_font_size_last_edited=&#8221;on|phone&#8221; locked=&#8221;off&#8221; global_colors_info=&#8221;{}&#8221;][\/et_pb_heading][et_pb_text _builder_version=&#8221;4.27.4&#8243; _module_preset=&#8221;_initial&#8221; header_4_font=&#8221;Montserrat||||||||&#8221; global_colors_info=&#8221;{}&#8221;]<\/p>\n<h4><strong>Well \u00c4r Saachen n\u00e4ischt manner verd\u00e9ngen.<\/strong><\/h4>\n<p>[\/et_pb_text][\/et_pb_column][\/et_pb_row][\/et_pb_section][et_pb_section fb_built=&#8221;1&#8243; admin_label=&#8221;Video&#8221; _builder_version=&#8221;4.27.4&#8243; _module_preset=&#8221;default&#8221; custom_padding=&#8221;6px|||||&#8221; collapsed=&#8221;off&#8221; global_colors_info=&#8221;{}&#8221;][et_pb_row column_structure=&#8221;1_2,1_2&#8243; _builder_version=&#8221;4.27.4&#8243; _module_preset=&#8221;default&#8221; custom_padding=&#8221;0px||||false|false&#8221; collapsed=&#8221;off&#8221; global_colors_info=&#8221;{}&#8221;][et_pb_column type=&#8221;1_2&#8243; _builder_version=&#8221;4.27.4&#8243; _module_preset=&#8221;default&#8221; global_colors_info=&#8221;{}&#8221;][et_pb_video src=&#8221;https:\/\/www.youtube.com\/watch?v=De68tvldxAw&#8221; _builder_version=&#8221;4.27.4&#8243; _module_preset=&#8221;default&#8221; border_radii=&#8221;on|10px|10px|10px|10px&#8221; global_colors_info=&#8221;{}&#8221;][\/et_pb_video][et_pb_button button_url=&#8221;@ET-DC@eyJkeW5hbWljIjp0cnVlLCJjb250ZW50IjoicG9zdF9saW5rX3VybF9wYWdlIiwic2V0dGluZ3MiOnsicG9zdF9pZCI6IjIiLCJlbmFibGVfaHRtbCI6Im9mZiJ9fQ==@&#8221; button_text=&#8221;Liest m\u00e9i iwwer S\u00e9cherheet&#8221; _builder_version=&#8221;4.27.4&#8243; _dynamic_attributes=&#8221;button_url&#8221; _module_preset=&#8221;_initial&#8221; custom_button=&#8221;on&#8221; button_text_size=&#8221;16px&#8221; button_text_color=&#8221;#CD207D&#8221; button_border_color=&#8221;#CD207D&#8221; button_border_radius=&#8221;100px&#8221; button_font=&#8221;Outfit|600|||||||&#8221; button_use_icon=&#8221;off&#8221; custom_margin=&#8221;-2px||||false|false&#8221; custom_padding=&#8221;10px|26px|10px|26px|true|true&#8221; global_colors_info=&#8221;{%22gcid-f1e65d51-fa2f-4bf0-b2c1-8eab7001e8fd%22:%91%22button_text_color%22%93}&#8221;][\/et_pb_button][\/et_pb_column][et_pb_column type=&#8221;1_2&#8243; _builder_version=&#8221;4.27.4&#8243; _module_preset=&#8221;default&#8221; global_colors_info=&#8221;{}&#8221;][et_pb_text _builder_version=&#8221;4.27.4&#8243; _module_preset=&#8221;_initial&#8221; text_font=&#8221;Montserrat||||||||&#8221; text_line_height=&#8221;1.6em&#8221; width=&#8221;100%&#8221; min_height=&#8221;79.2px&#8221; custom_margin=&#8221;||||false|false&#8221; custom_padding=&#8221;||||false|false&#8221; custom_padding_tablet=&#8221;||||false|false&#8221; custom_padding_phone=&#8221;||||false|false&#8221; custom_padding_last_edited=&#8221;on|phone&#8221; global_colors_info=&#8221;{}&#8221;]<\/p>\n<p>Bei Flyto Relocation ass S\u00e9cherheet net n\u00ebmmen en Deel vun eisem Service &#8211; et ass eis Grondlag. Mir si stolz drop, d\u00e9i s\u00e9cherst \u00cbmzugsfirma op der Welt ze sinn, d\u00e9i modern Technologie mat oniwwertraffem Professionalismus kombin\u00e9iert, fir dat ze sch\u00fctzen, wat am wichtegsten ass.<\/p>\n<p>Jiddwer Flyto-Gefier ass mat engem fortgeschrattene Kamerasystem, Echtz\u00e4it-GPS-Tracking an enger s\u00e9cherer Verladungstechnologie ausgestatt. Eis personalis\u00e9iert Ausr\u00fcstung an Expertenhandhabung suergen dofir, datt all Artikel gesch\u00fctzt ass &#8211; vum Depart bis zur Liwwerung.<\/p>\n<p>Hannert all \u00cbmzug steet en Team vun ausgebilte Fachleit, d\u00e9i \u00c4r Bes\u00ebtz mat Pr\u00e4zisioun, Suergfalt a Respekt behandelen. Mat Flyto k\u00ebnnt Dir s\u00e9cher sinn, datt \u00c4ren \u00cbmzug net n\u00ebmmen reibungslos verleeft, mee och iwwerwaacht, gesch\u00fctzt a s\u00e9cher bei all Schr\u00ebtt.<\/p>\n<p>Well Rou soll net optional sinn &#8211; si soll garant\u00e9iert sinn.<\/p>\n<p>[\/et_pb_text][\/et_pb_column][\/et_pb_row][\/et_pb_section][et_pb_section fb_built=&#8221;1&#8243; _builder_version=&#8221;4.27.4&#8243; _module_preset=&#8221;default&#8221; background_color=&#8221;#fafafa&#8221; custom_padding=&#8221;||||false|false&#8221; global_colors_info=&#8221;{}&#8221;][et_pb_row column_structure=&#8221;1_2,1_2&#8243; _builder_version=&#8221;4.27.4&#8243; _module_preset=&#8221;default&#8221; custom_padding=&#8221;||||false|false&#8221; global_colors_info=&#8221;{}&#8221;][et_pb_column type=&#8221;1_2&#8243; _builder_version=&#8221;4.27.4&#8243; _module_preset=&#8221;default&#8221; global_colors_info=&#8221;{}&#8221;][et_pb_text _builder_version=&#8221;4.27.4&#8243; _module_preset=&#8221;_initial&#8221; text_font=&#8221;Montserrat||||||||&#8221; header_3_font=&#8221;Poppins||||||||&#8221; header_3_font_size=&#8221;20px&#8221; header_3_line_height=&#8221;1.2em&#8221; global_colors_info=&#8221;{}&#8221;]<\/p>\n<h3 data-start=\"415\" data-end=\"467\"><strong data-start=\"419\" data-end=\"465\">Europas vernetztste Relocatiounsnetz<\/strong><\/h3>\n<p data-start=\"468\" data-end=\"509\"><strong data-start=\"468\" data-end=\"507\">Lokal Expertise. Kontinental Reechw\u00e4it.<\/strong><\/p>\n<p>Mat Flyto Relocation fillt sech Europa wierklech verbonnen. Eis B\u00fcroen um ganze Kontinent bilden ee vun de vertrauenswierdegsten \u00cbmzugsnetzwierker an der Branche &#8211; bas\u00e9iert op pers\u00e9inlechem Service, gemeinsame Standarden a lokalem Know-how.<\/p>\n<p>Egal ob Dir op Helsinki, Malaga oder Dortmund pl\u00ebnnert, et g\u00ebtt en Flyto-Team um Terrain &#8211; bereet Iech ze begr\u00e9issen, Iech ze guid\u00e9ieren an dofir ze suergen, datt alles reegelm\u00e9isseg leeft.<br \/>Mir pl\u00ebnneren net n\u00ebmme Leit duerch Europa &#8211; mir pl\u00ebnneren Leit bannent Europa, als Deel vun engem nahtlosen, f\u00fcrsorgleche Netzwierk, dat \u00c4r Sprooch schw\u00e4tzt an \u00c4r Rees versteet.<\/p>\n<p>Well richteg Rou k\u00ebnnt dovun, ze w\u00ebssen, datt mir schonn do sinn, ier Dir iwwerhaapt ukommt. \ud83c\udf0d<\/p>\n<p>[\/et_pb_text][et_pb_button button_url=&#8221;@ET-DC@eyJkeW5hbWljIjp0cnVlLCJjb250ZW50IjoicG9zdF9saW5rX3VybF9wYWdlIiwic2V0dGluZ3MiOnsicG9zdF9pZCI6IjcyNiIsImVuYWJsZV9odG1sIjoib2ZmIn19@&#8221; button_text=&#8221;Eist \u00cbmzugsnetz&#8221; _builder_version=&#8221;4.27.4&#8243; _dynamic_attributes=&#8221;button_url&#8221; _module_preset=&#8221;_initial&#8221; custom_button=&#8221;on&#8221; button_text_size=&#8221;16px&#8221; button_text_color=&#8221;#CD207D&#8221; button_border_color=&#8221;#CD207D&#8221; button_border_radius=&#8221;100px&#8221; button_font=&#8221;Outfit|600|||||||&#8221; button_use_icon=&#8221;off&#8221; custom_margin=&#8221;-10px||||false|false&#8221; custom_padding=&#8221;10px|26px|10px|26px|true|true&#8221; global_colors_info=&#8221;{%22gcid-f1e65d51-fa2f-4bf0-b2c1-8eab7001e8fd%22:%91%22button_text_color%22%93}&#8221;][\/et_pb_button][\/et_pb_column][et_pb_column type=&#8221;1_2&#8243; _builder_version=&#8221;4.27.4&#8243; _module_preset=&#8221;default&#8221; global_colors_info=&#8221;{}&#8221;][et_pb_image src=&#8221;https:\/\/flyto-wp-uploads.s3.eu-north-1.amazonaws.com\/wp-content\/uploads\/sites\/89\/2025\/11\/04093023\/kotimuutto-muuttopalvelu-muutto_1_optimized-1.jpg&#8221; title_text=&#8221;kotimuutto-muuttopalvelu-muutto_1_optimized (1)&#8221; _builder_version=&#8221;4.27.4&#8243; _module_preset=&#8221;default&#8221; border_radii=&#8221;on|20px|20px|20px|20px&#8221; global_colors_info=&#8221;{}&#8221;][\/et_pb_image][\/et_pb_column][\/et_pb_row][\/et_pb_section][et_pb_section fb_built=&#8221;1&#8243; _builder_version=&#8221;4.27.4&#8243; _module_preset=&#8221;default&#8221; global_colors_info=&#8221;{}&#8221;][et_pb_row column_structure=&#8221;1_2,1_2&#8243; _builder_version=&#8221;4.27.4&#8243; _module_preset=&#8221;default&#8221; custom_padding=&#8221;5px|||||&#8221; global_colors_info=&#8221;{}&#8221;][et_pb_column type=&#8221;1_2&#8243; _builder_version=&#8221;4.27.4&#8243; _module_preset=&#8221;default&#8221; global_colors_info=&#8221;{}&#8221;][et_pb_text _builder_version=&#8221;4.27.4&#8243; _module_preset=&#8221;_initial&#8221; text_font=&#8221;Montserrat||||||||&#8221; header_3_font=&#8221;Poppins||||||||&#8221; header_3_font_size=&#8221;20px&#8221; header_3_line_height=&#8221;1.2em&#8221; global_colors_info=&#8221;{}&#8221;]<\/p>\n<h3 data-start=\"1184\" data-end=\"1225\"><span style=\"color: #000000\"><strong data-start=\"1188\" data-end=\"1223\">Einfach Paketen. Perfekt Beweegungen.<\/strong><\/span><\/h3>\n<p data-start=\"1226\" data-end=\"1275\"><span style=\"color: #666666\"><strong data-start=\"1226\" data-end=\"1273\">Premium \u00cbmzug sch\u00e9in einfach gemaach.<\/strong><\/span><\/p>\n<p>Mir gleewen, datt e gudde Service net kompliz\u00e9iert soll sinn &#8211; dofir hu mir eis \u00cbmzugspakete sou konzip\u00e9iert, datt se sou kloer w\u00e9i m\u00e9iglech sinn. Kee klenge Gedr\u00e9ckten, keng Duercherneen &#8211; just einfach L\u00e9isungen, d\u00e9i zu \u00c4re Besoinen, \u00c4rem Budget a \u00c4rem Liewensstil passen.<\/p>\n<p>Jiddwer Flyto-Package enth\u00e4lt alles, wat Dir tats\u00e4chlech braucht (an n\u00e4ischt, wat Dir net braucht): professionell Verpackung, s\u00e9cheren Transport, Vers\u00e9cherung, Tracking an \u00cbnnerst\u00ebtzung bei all Schr\u00ebtt.<br \/>Dir w\u00ebsst \u00ebmmer genee, wat abegraff ass a genee wat et kascht &#8211; well Transparenz Deel vum Luxus ass.<\/p>\n<p>An d&#8217;Ausland ze pl\u00ebnneren ass vl\u00e4icht eng grouss \u00c4nnerung, awer de richtege \u00cbmzugspaket ze wielen? Mat Flyto ass deen Deel einfach. \u2728<\/p>\n<p>[\/et_pb_text][\/et_pb_column][et_pb_column type=&#8221;1_2&#8243; _builder_version=&#8221;4.27.4&#8243; _module_preset=&#8221;default&#8221; global_colors_info=&#8221;{}&#8221;][et_pb_image src=&#8221;https:\/\/flyto-wp-uploads.s3.eu-north-1.amazonaws.com\/wp-content\/uploads\/sites\/89\/2025\/10\/03182729\/FLYTO_-_Muutto_-_Kuvaaja_Nuuti_Paananen_4_1_1_1000.jpg&#8221; title_text=&#8221;FLYTO_-_Muutto_-_Kuvaaja_Nuuti_Paananen_4_1_1_1000&#8243; disabled_on=&#8221;off|off|off&#8221; _builder_version=&#8221;4.27.4&#8243; _module_preset=&#8221;default&#8221; border_radii=&#8221;on|20px|20px|20px|20px&#8221; global_colors_info=&#8221;{}&#8221;][\/et_pb_image][et_pb_button button_url=&#8221;@ET-DC@eyJkeW5hbWljIjp0cnVlLCJjb250ZW50IjoicG9zdF9saW5rX3VybF9wYWdlIiwic2V0dGluZ3MiOnsicG9zdF9pZCI6IjczMCIsImVuYWJsZV9odG1sIjoib2ZmIn19@&#8221; button_text=&#8221;All Servicer&#8221; _builder_version=&#8221;4.27.4&#8243; _dynamic_attributes=&#8221;button_url&#8221; _module_preset=&#8221;_initial&#8221; custom_button=&#8221;on&#8221; button_text_size=&#8221;16px&#8221; button_text_color=&#8221;#CD207D&#8221; button_border_color=&#8221;#CD207D&#8221; button_border_radius=&#8221;100px&#8221; button_font=&#8221;Outfit|600|||||||&#8221; button_use_icon=&#8221;off&#8221; custom_margin=&#8221;-2px||||false|false&#8221; custom_padding=&#8221;10px|26px|10px|26px|true|true&#8221; global_colors_info=&#8221;{%22gcid-f1e65d51-fa2f-4bf0-b2c1-8eab7001e8fd%22:%91%22button_text_color%22%93}&#8221;][\/et_pb_button][\/et_pb_column][\/et_pb_row][\/et_pb_section]<\/p>\n","protected":false},"excerpt":{"rendered":"<p>Well \u00c4r Saachen n\u00e4ischt manner verd\u00e9ngen.Bei Flyto Relocation ass S\u00e9cherheet net n\u00ebmmen en Deel vun eisem Service &#8211; et ass eis Grondlag. Mir si stolz drop, d\u00e9i s\u00e9cherst \u00cbmzugsfirma op der Welt ze sinn, d\u00e9i modern Technologie mat oniwwertraffem Professionalismus kombin\u00e9iert, fir dat ze sch\u00fctzen, wat am wichtegsten ass. Jiddwer Flyto-Gefier ass mat engem fortgeschrattene [&hellip;]<\/p>\n","protected":false},"author":1,"featured_media":0,"parent":0,"menu_order":0,"comment_status":"closed","ping_status":"closed","template":"","meta":{"_et_pb_use_builder":"on","_et_pb_old_content":"","_et_gb_content_width":"","footnotes":""},"class_list":["post-727","page","type-page","status-publish","hentry"],"yoast_head":"<!-- This site is optimized with the Yoast SEO plugin v26.3 - https:\/\/yoast.com\/wordpress\/plugins\/seo\/ -->\n<title>About - Flyto Relocation Luxembourg (Lu)<\/title>\n<meta name=\"robots\" content=\"index, follow, max-snippet:-1, max-image-preview:large, max-video-preview:-1\" \/>\n<link rel=\"canonical\" href=\"https:\/\/flytorelocation.com\/lu-lu\/about\/\" \/>\n<meta property=\"og:locale\" content=\"fi_FI\" \/>\n<meta property=\"og:type\" content=\"article\" \/>\n<meta property=\"og:title\" content=\"About - Flyto Relocation Luxembourg (Lu)\" \/>\n<meta property=\"og:description\" content=\"Well \u00c4r Saachen n\u00e4ischt manner verd\u00e9ngen.Bei Flyto Relocation ass S\u00e9cherheet net n\u00ebmmen en Deel vun eisem Service - et ass eis Grondlag. Mir si stolz drop, d\u00e9i s\u00e9cherst \u00cbmzugsfirma op der Welt ze sinn, d\u00e9i modern Technologie mat oniwwertraffem Professionalismus kombin\u00e9iert, fir dat ze sch\u00fctzen, wat am wichtegsten ass. Jiddwer Flyto-Gefier ass mat engem fortgeschrattene [&hellip;]\" \/>\n<meta property=\"og:url\" content=\"https:\/\/flytorelocation.com\/lu-lu\/about\/\" \/>\n<meta property=\"og:site_name\" content=\"Flyto Relocation Luxembourg (Lu)\" \/>\n<meta property=\"article:modified_time\" content=\"2026-01-04T17:25:58+00:00\" \/>\n<meta name=\"twitter:card\" content=\"summary_large_image\" \/>\n<meta name=\"twitter:label1\" content=\"Arvioitu lukuaika\" \/>\n\t<meta name=\"twitter:data1\" content=\"7 minuuttia\" \/>\n<script type=\"application\/ld+json\" class=\"yoast-schema-graph\">{\"@context\":\"https:\/\/schema.org\",\"@graph\":[{\"@type\":\"WebPage\",\"@id\":\"https:\/\/flytorelocation.com\/lu-lu\/about\/\",\"url\":\"https:\/\/flytorelocation.com\/lu-lu\/about\/\",\"name\":\"About - Flyto Relocation Luxembourg (Lu)\",\"isPartOf\":{\"@id\":\"https:\/\/flytorelocation.com\/lu-lu\/#website\"},\"datePublished\":\"2025-10-17T16:02:33+00:00\",\"dateModified\":\"2026-01-04T17:25:58+00:00\",\"breadcrumb\":{\"@id\":\"https:\/\/flytorelocation.com\/lu-lu\/about\/#breadcrumb\"},\"inLanguage\":\"fi\",\"potentialAction\":[{\"@type\":\"ReadAction\",\"target\":[\"https:\/\/flytorelocation.com\/lu-lu\/about\/\"]}]},{\"@type\":\"BreadcrumbList\",\"@id\":\"https:\/\/flytorelocation.com\/lu-lu\/about\/#breadcrumb\",\"itemListElement\":[{\"@type\":\"ListItem\",\"position\":1,\"name\":\"Etusivu\",\"item\":\"https:\/\/flytorelocation.com\/lu-lu\/\"},{\"@type\":\"ListItem\",\"position\":2,\"name\":\"About\"}]},{\"@type\":\"WebSite\",\"@id\":\"https:\/\/flytorelocation.com\/lu-lu\/#website\",\"url\":\"https:\/\/flytorelocation.com\/lu-lu\/\",\"name\":\"Flyto Relocation Luxembourg (Lu)\",\"description\":\"\",\"publisher\":{\"@id\":\"https:\/\/flytorelocation.com\/lu-lu\/#organization\"},\"potentialAction\":[{\"@type\":\"SearchAction\",\"target\":{\"@type\":\"EntryPoint\",\"urlTemplate\":\"https:\/\/flytorelocation.com\/lu-lu\/?s={search_term_string}\"},\"query-input\":{\"@type\":\"PropertyValueSpecification\",\"valueRequired\":true,\"valueName\":\"search_term_string\"}}],\"inLanguage\":\"fi\"},{\"@type\":\"Organization\",\"@id\":\"https:\/\/flytorelocation.com\/lu-lu\/#organization\",\"name\":\"Flyto Relocation Luxembourg (Lu)\",\"url\":\"https:\/\/flytorelocation.com\/lu-lu\/\",\"logo\":{\"@type\":\"ImageObject\",\"inLanguage\":\"fi\",\"@id\":\"https:\/\/flytorelocation.com\/lu-lu\/#\/schema\/logo\/image\/\",\"url\":\"https:\/\/flyto-wp-uploads.s3.eu-north-1.amazonaws.com\/wp-content\/uploads\/sites\/89\/2025\/10\/13130143\/Flyto-col.png\",\"contentUrl\":\"https:\/\/flyto-wp-uploads.s3.eu-north-1.amazonaws.com\/wp-content\/uploads\/sites\/89\/2025\/10\/13130143\/Flyto-col.png\",\"width\":618,\"height\":337,\"caption\":\"Flyto Relocation Luxembourg (Lu)\"},\"image\":{\"@id\":\"https:\/\/flytorelocation.com\/lu-lu\/#\/schema\/logo\/image\/\"}}]}<\/script>\n<!-- \/ Yoast SEO plugin. -->","yoast_head_json":{"title":"About - Flyto Relocation Luxembourg (Lu)","robots":{"index":"index","follow":"follow","max-snippet":"max-snippet:-1","max-image-preview":"max-image-preview:large","max-video-preview":"max-video-preview:-1"},"canonical":"https:\/\/flytorelocation.com\/lu-lu\/about\/","og_locale":"fi_FI","og_type":"article","og_title":"About - Flyto Relocation Luxembourg (Lu)","og_description":"Well \u00c4r Saachen n\u00e4ischt manner verd\u00e9ngen.Bei Flyto Relocation ass S\u00e9cherheet net n\u00ebmmen en Deel vun eisem Service - et ass eis Grondlag. Mir si stolz drop, d\u00e9i s\u00e9cherst \u00cbmzugsfirma op der Welt ze sinn, d\u00e9i modern Technologie mat oniwwertraffem Professionalismus kombin\u00e9iert, fir dat ze sch\u00fctzen, wat am wichtegsten ass. Jiddwer Flyto-Gefier ass mat engem fortgeschrattene [&hellip;]","og_url":"https:\/\/flytorelocation.com\/lu-lu\/about\/","og_site_name":"Flyto Relocation Luxembourg (Lu)","article_modified_time":"2026-01-04T17:25:58+00:00","twitter_card":"summary_large_image","twitter_misc":{"Arvioitu lukuaika":"7 minuuttia"},"schema":{"@context":"https:\/\/schema.org","@graph":[{"@type":"WebPage","@id":"https:\/\/flytorelocation.com\/lu-lu\/about\/","url":"https:\/\/flytorelocation.com\/lu-lu\/about\/","name":"About - Flyto Relocation Luxembourg (Lu)","isPartOf":{"@id":"https:\/\/flytorelocation.com\/lu-lu\/#website"},"datePublished":"2025-10-17T16:02:33+00:00","dateModified":"2026-01-04T17:25:58+00:00","breadcrumb":{"@id":"https:\/\/flytorelocation.com\/lu-lu\/about\/#breadcrumb"},"inLanguage":"fi","potentialAction":[{"@type":"ReadAction","target":["https:\/\/flytorelocation.com\/lu-lu\/about\/"]}]},{"@type":"BreadcrumbList","@id":"https:\/\/flytorelocation.com\/lu-lu\/about\/#breadcrumb","itemListElement":[{"@type":"ListItem","position":1,"name":"Etusivu","item":"https:\/\/flytorelocation.com\/lu-lu\/"},{"@type":"ListItem","position":2,"name":"About"}]},{"@type":"WebSite","@id":"https:\/\/flytorelocation.com\/lu-lu\/#website","url":"https:\/\/flytorelocation.com\/lu-lu\/","name":"Flyto Relocation Luxembourg (Lu)","description":"","publisher":{"@id":"https:\/\/flytorelocation.com\/lu-lu\/#organization"},"potentialAction":[{"@type":"SearchAction","target":{"@type":"EntryPoint","urlTemplate":"https:\/\/flytorelocation.com\/lu-lu\/?s={search_term_string}"},"query-input":{"@type":"PropertyValueSpecification","valueRequired":true,"valueName":"search_term_string"}}],"inLanguage":"fi"},{"@type":"Organization","@id":"https:\/\/flytorelocation.com\/lu-lu\/#organization","name":"Flyto Relocation Luxembourg (Lu)","url":"https:\/\/flytorelocation.com\/lu-lu\/","logo":{"@type":"ImageObject","inLanguage":"fi","@id":"https:\/\/flytorelocation.com\/lu-lu\/#\/schema\/logo\/image\/","url":"https:\/\/flyto-wp-uploads.s3.eu-north-1.amazonaws.com\/wp-content\/uploads\/sites\/89\/2025\/10\/13130143\/Flyto-col.png","contentUrl":"https:\/\/flyto-wp-uploads.s3.eu-north-1.amazonaws.com\/wp-content\/uploads\/sites\/89\/2025\/10\/13130143\/Flyto-col.png","width":618,"height":337,"caption":"Flyto Relocation Luxembourg (Lu)"},"image":{"@id":"https:\/\/flytorelocation.com\/lu-lu\/#\/schema\/logo\/image\/"}}]}},"acf":[],"_links":{"self":[{"href":"https:\/\/flytorelocation.com\/lu-lu\/wp-json\/wp\/v2\/pages\/727","targetHints":{"allow":["GET"]}}],"collection":[{"href":"https:\/\/flytorelocation.com\/lu-lu\/wp-json\/wp\/v2\/pages"}],"about":[{"href":"https:\/\/flytorelocation.com\/lu-lu\/wp-json\/wp\/v2\/types\/page"}],"author":[{"embeddable":true,"href":"https:\/\/flytorelocation.com\/lu-lu\/wp-json\/wp\/v2\/users\/1"}],"replies":[{"embeddable":true,"href":"https:\/\/flytorelocation.com\/lu-lu\/wp-json\/wp\/v2\/comments?post=727"}],"version-history":[{"count":17,"href":"https:\/\/flytorelocation.com\/lu-lu\/wp-json\/wp\/v2\/pages\/727\/revisions"}],"predecessor-version":[{"id":1338,"href":"https:\/\/flytorelocation.com\/lu-lu\/wp-json\/wp\/v2\/pages\/727\/revisions\/1338"}],"wp:attachment":[{"href":"https:\/\/flytorelocation.com\/lu-lu\/wp-json\/wp\/v2\/media?parent=727"}],"curies":[{"name":"wp","href":"https:\/\/api.w.org\/{rel}","templated":true}]}}