{"id":2,"date":"2025-10-01T11:34:34","date_gmt":"2025-10-01T08:34:34","guid":{"rendered":"https:\/\/flytorelocation.com\/lu-lu\/fi\/?page_id=2"},"modified":"2026-01-16T22:50:11","modified_gmt":"2026-01-16T20:50:11","slug":"safety","status":"publish","type":"page","link":"https:\/\/flytorelocation.com\/lu-lu\/safety\/","title":{"rendered":"Safety"},"content":{"rendered":"<p>[et_pb_section fb_built=&#8221;1&#8243; custom_padding_last_edited=&#8221;on|phone&#8221; _builder_version=&#8221;4.27.4&#8243; _module_preset=&#8221;default&#8221; custom_padding=&#8221;4px||4px||true|false&#8221; custom_padding_tablet=&#8221;80px||80px||true|false&#8221; custom_padding_phone=&#8221;60px||60px||true|false&#8221; global_colors_info=&#8221;{}&#8221;][et_pb_row _builder_version=&#8221;4.27.4&#8243; _module_preset=&#8221;default&#8221; global_colors_info=&#8221;{}&#8221;][et_pb_column type=&#8221;4_4&#8243; _builder_version=&#8221;4.27.4&#8243; _module_preset=&#8221;default&#8221; global_colors_info=&#8221;{}&#8221;][et_pb_heading title=&#8221;S\u00e9cherheet a Schutz&#8221; _builder_version=&#8221;4.27.4&#8243; _module_preset=&#8221;_initial&#8221; title_font=&#8221;Flyto oma||||||||&#8221; title_text_color=&#8221;#CD207D&#8221; title_font_size=&#8221;62px&#8221; custom_margin=&#8221;||10px||false|false&#8221; custom_margin_tablet=&#8221;||10px||false|false&#8221; custom_margin_phone=&#8221;||10px||false|false&#8221; custom_margin_last_edited=&#8221;on|phone&#8221; custom_padding_tablet=&#8221;&#8221; custom_padding_phone=&#8221;0px||||false|false&#8221; custom_padding_last_edited=&#8221;on|phone&#8221; title_font_size_tablet=&#8221;40px&#8221; title_font_size_phone=&#8221;30px&#8221; title_font_size_last_edited=&#8221;on|phone&#8221; locked=&#8221;off&#8221; global_colors_info=&#8221;{}&#8221;][\/et_pb_heading][\/et_pb_column][\/et_pb_row][\/et_pb_section][et_pb_section fb_built=&#8221;1&#8243; custom_padding_last_edited=&#8221;on|phone&#8221; admin_label=&#8221;Services&#8221; _builder_version=&#8221;4.27.4&#8243; _module_preset=&#8221;default&#8221; background_color=&#8221;#fafafa&#8221; custom_padding=&#8221;0px||||false|false&#8221; custom_padding_tablet=&#8221;98px||76px|||&#8221; custom_padding_phone=&#8221;30px||0px||false|false&#8221; collapsed=&#8221;on&#8221; global_colors_info=&#8221;{}&#8221;][et_pb_row column_structure=&#8221;1_2,1_2&#8243; _builder_version=&#8221;4.27.4&#8243; _module_preset=&#8221;default&#8221; global_colors_info=&#8221;{}&#8221;][et_pb_column type=&#8221;1_2&#8243; _builder_version=&#8221;4.27.4&#8243; _module_preset=&#8221;default&#8221; global_colors_info=&#8221;{}&#8221;][et_pb_text _builder_version=&#8221;4.27.4&#8243; _module_preset=&#8221;_initial&#8221; text_font=&#8221;Montserrat||||||||&#8221; text_text_color=&#8221;#000000&#8243; header_2_font=&#8221;Poppins|600|||||||&#8221; header_2_text_align=&#8221;left&#8221; header_2_text_color=&#8221;#000000&#8243; header_2_font_size=&#8221;16px&#8221; header_2_line_height=&#8221;1.3em&#8221; header_3_font_size=&#8221;30px&#8221; locked=&#8221;off&#8221; global_colors_info=&#8221;{}&#8221;]<\/p>\n<h2>D\u00e9i s\u00e9cherst Beweegung vun der Welt<\/h2>\n<p>[\/et_pb_text][et_pb_text _builder_version=&#8221;4.27.4&#8243; _module_preset=&#8221;_initial&#8221; text_font=&#8221;Montserrat|600|||||||&#8221; text_font_size=&#8221;13px&#8221; custom_margin=&#8221;-28px||||false|false&#8221; global_colors_info=&#8221;{}&#8221;]<\/p>\n<p>Bei Flyto gleewen mir, datt S\u00e9cherheet net n\u00ebmmen eng Feature ass &#8211; et ass e Verspriechen.<br \/>Vum Moment wou \u00c4r Saachen agepaakt sinn bis zur Z\u00e4it wou se an \u00c4rem neien Doheem ukommen, g\u00ebtt all Schr\u00ebtt vum Prozess iwwerwaacht, dokument\u00e9iert a virsiichteg behandelt.<\/p>\n<p>Eis Missioun ass einfach: <strong>all international \u00cbmzug komplett s\u00e9cher, transparent a suergefr\u00e4i ze maachen.<\/strong><\/p>\n<p>[\/et_pb_text][et_pb_button button_url=&#8221;@ET-DC@eyJkeW5hbWljIjp0cnVlLCJjb250ZW50IjoicG9zdF9saW5rX3VybF9wYWdlIiwic2V0dGluZ3MiOnsicG9zdF9pZCI6IjcyNyJ9fQ==@&#8221; button_text=&#8221;Iwwer eis&#8221; _builder_version=&#8221;4.27.4&#8243; _dynamic_attributes=&#8221;button_url&#8221; _module_preset=&#8221;_initial&#8221; custom_button=&#8221;on&#8221; button_text_size=&#8221;16px&#8221; button_text_color=&#8221;#CD207D&#8221; button_border_color=&#8221;#CD207D&#8221; button_border_radius=&#8221;100px&#8221; button_font=&#8221;Outfit|600|||||||&#8221; button_use_icon=&#8221;off&#8221; custom_margin=&#8221;-10px||||false|false&#8221; custom_padding=&#8221;10px|26px|10px|26px|true|true&#8221; hover_enabled=&#8221;0&#8243; locked=&#8221;off&#8221; global_colors_info=&#8221;{%22gcid-f1e65d51-fa2f-4bf0-b2c1-8eab7001e8fd%22:%91%22button_text_color%22%93}&#8221; sticky_enabled=&#8221;0&#8243;][\/et_pb_button][\/et_pb_column][et_pb_column type=&#8221;1_2&#8243; _builder_version=&#8221;4.27.4&#8243; _module_preset=&#8221;default&#8221; global_colors_info=&#8221;{}&#8221;][et_pb_image src=&#8221;https:\/\/flyto-wp-uploads.s3.eu-north-1.amazonaws.com\/wp-content\/uploads\/sites\/89\/2025\/10\/03182801\/FLYTO-Muutto-Kuvaaja-Nuuti-Paananen-1-1_2_11zon-scaled-1.jpg&#8221; title_text=&#8221;FLYTO &#8211; Muutto &#8211; Kuvaaja Nuuti Paananen (1) (1)_2_11zon&#8221; disabled_on=&#8221;on|off|off&#8221; _builder_version=&#8221;4.27.4&#8243; _module_preset=&#8221;default&#8221; transform_scale=&#8221;114%|100%&#8221; transform_scale_tablet=&#8221;&#8221; transform_scale_phone=&#8221;100%|74%&#8221; transform_scale_last_edited=&#8221;on|desktop&#8221; transform_scale_linked=&#8221;off&#8221; transform_translate_tablet=&#8221;&#8221; transform_translate_phone=&#8221;&#8221; transform_translate_last_edited=&#8221;on|phone&#8221; transform_rotate_tablet=&#8221;&#8221; transform_rotate_phone=&#8221;&#8221; transform_rotate_last_edited=&#8221;on|phone&#8221; transform_skew_tablet=&#8221;&#8221; transform_skew_phone=&#8221;&#8221; transform_skew_last_edited=&#8221;on|phone&#8221; transform_origin_tablet=&#8221;&#8221; transform_origin_phone=&#8221;&#8221; transform_origin_last_edited=&#8221;on|phone&#8221; border_radii=&#8221;on|10px|10px|10px|10px&#8221; global_colors_info=&#8221;{}&#8221;][\/et_pb_image][\/et_pb_column][\/et_pb_row][\/et_pb_section][et_pb_section fb_built=&#8221;1&#8243; admin_label=&#8221;Video&#8221; _builder_version=&#8221;4.27.4&#8243; _module_preset=&#8221;default&#8221; background_color=&#8221;#fafafa&#8221; custom_padding=&#8221;||||false|false&#8221; collapsed=&#8221;on&#8221; global_colors_info=&#8221;{}&#8221;][et_pb_row _builder_version=&#8221;4.22.0&#8243; _module_preset=&#8221;default&#8221; min_height=&#8221;533.8px&#8221; global_colors_info=&#8221;{}&#8221;][et_pb_column type=&#8221;4_4&#8243; _builder_version=&#8221;4.22.0&#8243; _module_preset=&#8221;default&#8221; global_colors_info=&#8221;{}&#8221;][et_pb_text _builder_version=&#8221;4.27.4&#8243; _module_preset=&#8221;_initial&#8221; text_font=&#8221;Montserrat|600|||||||&#8221; text_text_color=&#8221;#000000&#8243; text_font_size=&#8221;13px&#8221; header_3_font=&#8221;Flyto oma||||||||&#8221; custom_margin=&#8221;-28px||||false|false&#8221; global_colors_info=&#8221;{}&#8221;]<\/p>\n<h3 data-start=\"415\" data-end=\"467\">W\u00e9i garant\u00e9iere mir S\u00e9cherheet an Transparenz?<\/h3>\n<p>&nbsp;<\/p>\n<p data-start=\"468\" data-end=\"509\">\ud83c\udfa5 <strong data-start=\"1540\" data-end=\"1564\">Smart Kamerasystemer<\/strong><\/p>\n<p data-start=\"511\" data-end=\"734\">D&#8217;Halschent vun de Flyto Gefierer sinn elo schonn mat 360-Grad-Kamerasystemer ausgestatt. D\u00ebst g\u00ebtt Iech an eisem Team voll Iwwersiicht iwwer de ganze Prozess. Eist System garant\u00e9iert, datt all Wueren korrekt behandelt ginn an all Problemer s\u00e9ier noverfollegt a gel\u00e9ist k\u00ebnne ginn.<\/p>\n<p data-start=\"511\" data-end=\"734\">\ud83d\udce6 <strong data-start=\"1992\" data-end=\"2026\">Detail\u00e9iert Verpackungsdokumentatioun<\/strong><\/p>\n<p data-start=\"511\" data-end=\"734\">Mir dokument\u00e9ieren all Liwwerung suergf\u00e4lteg.<br \/>All Liwwerung kritt en eenzegaartegen Trackingcode an eng detaill\u00e9iert Inventarl\u00ebscht. D\u00ebs gr\u00ebndlech Dokumentatioun garant\u00e9iert, datt n\u00e4ischt verluer geet an all Artikel vun Ufank bis Enn gezielt g\u00ebtt.<\/p>\n<p data-start=\"2994\" data-end=\"3073\">\ud83e\uddf0\u00a0 <strong>Professionell \u00cbmgang &amp; Qualit\u00e9itskontrollen<\/strong><\/p>\n<p data-start=\"2994\" data-end=\"3073\">Eis \u00c9quippe sinn train\u00e9iert fir Wueren mat der gr\u00e9isster Suergfalt a Pr\u00e4zisioun ze behandelen.<br \/>Reegelm\u00e9isseg S\u00e9cherheetskontrollen a kontinu\u00e9ierlech Ausbildung garant\u00e9ieren, datt eis Mataarbechter d\u00e9i h\u00e9chst international Standarden am Ber\u00e4ich vun der Verpackung, dem Hiewen an der Logistikbehandlung respekt\u00e9ieren.<\/p>\n<p data-start=\"2994\" data-end=\"3073\">\ud83d\udd12 <strong>S\u00e9cher Lagerung &amp; Vers\u00e9cherungsoptiounen<\/strong><\/p>\n<p data-start=\"3126\" data-end=\"3353\">Fir tempor\u00e4r Lagerung bitt Flyto s\u00e9cher a klimatis\u00e9iert Ariichtungen.<br \/>Mir bidden och \u00ebmfangr\u00e4ich Vers\u00e9cherungsoptiounen fir zous\u00e4tzlech Rou a garant\u00e9ieren de volle Schutz vun \u00c4re Saachen a jidder Phas vum \u00cbmzug.<\/p>\n<p data-start=\"511\" data-end=\"734\">\ud83d\ude9b <strong data-start=\"2377\" data-end=\"2405\">Iwwerwaachten Transport<\/strong><\/p>\n<p>All eis Transportween sinn mat modernen S\u00e9cherheetsfeatures a GPS-Tracking ausgestatt.<br \/>D\u00ebst bedeit datt mir \u00ebmmer genee w\u00ebssen, wou \u00c4r Saachen sinn, a proaktiv op all potenziell Risiken oder Versp\u00e9idungen laanscht d&#8217;Streck agoen k\u00ebnnen.<\/p>\n<p>Bereet fir de s\u00e9chersten \u00cbmzug vun der Welt ze erliewen?<\/p>\n<p>Kontakt\u00e9iert eis a loosst eis \u00c4ren \u00cbmzug s\u00e9cher vun Ufank bis Enn plangen.<\/p>\n<p>[\/et_pb_text][et_pb_button button_url=&#8221;@ET-DC@eyJkeW5hbWljIjp0cnVlLCJjb250ZW50IjoicG9zdF9saW5rX3VybF9wYWdlIiwic2V0dGluZ3MiOnsicG9zdF9pZCI6IjczNSJ9fQ==@&#8221; button_text=&#8221;Kontakt ophuelen&#8221; _builder_version=&#8221;4.27.4&#8243; _dynamic_attributes=&#8221;button_url&#8221; _module_preset=&#8221;_initial&#8221; custom_button=&#8221;on&#8221; button_text_size=&#8221;16px&#8221; button_text_color=&#8221;#CD207D&#8221; button_bg_color=&#8221;#FFFFFF&#8221; button_border_color=&#8221;#CD207D&#8221; button_border_radius=&#8221;100px&#8221; button_font=&#8221;Outfit|600|||||||&#8221; button_use_icon=&#8221;off&#8221; custom_margin=&#8221;-2px||||false|false&#8221; custom_padding=&#8221;10px|26px|10px|26px|true|true&#8221; hover_enabled=&#8221;0&#8243; global_colors_info=&#8221;{%22gcid-f1e65d51-fa2f-4bf0-b2c1-8eab7001e8fd%22:%91%22button_text_color%22%93}&#8221; sticky_enabled=&#8221;0&#8243;][\/et_pb_button][\/et_pb_column][\/et_pb_row][\/et_pb_section]<\/p>\n","protected":false},"excerpt":{"rendered":"<p>D\u00e9i s\u00e9cherst Beweegung vun der WeltBei Flyto gleewen mir, datt S\u00e9cherheet net n\u00ebmmen eng Feature ass &#8211; et ass e Verspriechen.Vum Moment wou \u00c4r Saachen agepaakt sinn bis zur Z\u00e4it wou se an \u00c4rem neien Doheem ukommen, g\u00ebtt all Schr\u00ebtt vum Prozess iwwerwaacht, dokument\u00e9iert a virsiichteg behandelt. Eis Missioun ass einfach: all international \u00cbmzug komplett [&hellip;]<\/p>\n","protected":false},"author":1,"featured_media":0,"parent":0,"menu_order":0,"comment_status":"closed","ping_status":"closed","template":"","meta":{"_et_pb_use_builder":"on","_et_pb_old_content":"<!-- wp:paragraph -->\n<p>T\u00e4m\u00e4 on esimerkkisivu. Se eroaa artikkelista, sill\u00e4 se pysyy omalla paikallaan ja n\u00e4kyy sivustosi navigaatiossa (useimmissa teemoissa). Monet tekev\u00e4t ensimm\u00e4isen\u00e4 Tietoja-sivun, joka esittelee heid\u00e4t sivuston vierailijoille. Siihen voi kirjoittaa esimerkiksi jotain t\u00e4m\u00e4nkaltaista sis\u00e4lt\u00f6\u00e4:<\/p>\n<!-- \/wp:paragraph -->\n\n<!-- wp:quote -->\n<blockquote class=\"wp-block-quote\"><p>Tervehdys! P\u00e4iv\u00e4ty\u00f6kseni teen py\u00f6r\u00e4l\u00e4hetin hommia ja iltaisin toimin harrastelijateatterin parissa. N\u00e4m\u00e4 ovat minun ikiomat sivuni. Asun Paraisilla ja minulla on mahtava koira, jonka nimi on Jaakko. Pid\u00e4n pi&#241;a colada -drinkeist\u00e4 ja sateen ropinasta peltikatolla.<\/p><\/blockquote>\n<!-- \/wp:quote -->\n\n<!-- wp:paragraph -->\n<p>...tai jotain t\u00e4llaista:<\/p>\n<!-- \/wp:paragraph -->\n\n<!-- wp:quote -->\n<blockquote class=\"wp-block-quote\"><p>Hilavitkuttimet Oy perustettiin vuonna 1971 ja se on siit\u00e4 l\u00e4htien tuottanut asiakkailleen laadukkaita hilavitkuttimia. Yli 200 henkil\u00f6\u00e4 ty\u00f6llist\u00e4v\u00e4 Hilavitkuttimet Oy sijaitsee Salossa ja j\u00e4rjest\u00e4\u00e4 kaikenlaisia tempauksia paikallisen yhteis\u00f6n iloksi.<\/p><\/blockquote>\n<!-- \/wp:quote -->\n\n<!-- wp:paragraph -->\n<p>Uutena WordPress-k\u00e4ytt\u00e4j\u00e4n\u00e4, sinun kannattaa menn\u00e4 <a href=\"https:\/\/flytorelocation.com\/lu-lu\/fi\/wp-admin\/\">ohjauspaneeliisi<\/a> poistaaksesi t\u00e4m\u00e4n sivun ja luodaksesi uusia sivuja sis\u00e4ll\u00f6llesi. Pid\u00e4 hauskaa!<\/p>\n<!-- \/wp:paragraph -->","_et_gb_content_width":"","footnotes":""},"class_list":["post-2","page","type-page","status-publish","hentry"],"yoast_head":"<!-- This site is optimized with the Yoast SEO plugin v26.3 - https:\/\/yoast.com\/wordpress\/plugins\/seo\/ -->\n<title>Safety - Flyto Relocation Luxembourg (Lu)<\/title>\n<meta name=\"robots\" content=\"index, follow, max-snippet:-1, max-image-preview:large, max-video-preview:-1\" \/>\n<link rel=\"canonical\" href=\"https:\/\/flytorelocation.com\/lu-lu\/safety\/\" \/>\n<meta property=\"og:locale\" content=\"fi_FI\" \/>\n<meta property=\"og:type\" content=\"article\" \/>\n<meta property=\"og:title\" content=\"Safety - Flyto Relocation Luxembourg (Lu)\" \/>\n<meta property=\"og:description\" content=\"D\u00e9i s\u00e9cherst Beweegung vun der WeltBei Flyto gleewen mir, datt S\u00e9cherheet net n\u00ebmmen eng Feature ass - et ass e Verspriechen.Vum Moment wou \u00c4r Saachen agepaakt sinn bis zur Z\u00e4it wou se an \u00c4rem neien Doheem ukommen, g\u00ebtt all Schr\u00ebtt vum Prozess iwwerwaacht, dokument\u00e9iert a virsiichteg behandelt. Eis Missioun ass einfach: all international \u00cbmzug komplett [&hellip;]\" \/>\n<meta property=\"og:url\" content=\"https:\/\/flytorelocation.com\/lu-lu\/safety\/\" \/>\n<meta property=\"og:site_name\" content=\"Flyto Relocation Luxembourg (Lu)\" \/>\n<meta property=\"article:modified_time\" content=\"2026-01-16T20:50:11+00:00\" \/>\n<meta name=\"twitter:card\" content=\"summary_large_image\" \/>\n<meta name=\"twitter:label1\" content=\"Arvioitu lukuaika\" \/>\n\t<meta name=\"twitter:data1\" content=\"5 minuuttia\" \/>\n<script type=\"application\/ld+json\" class=\"yoast-schema-graph\">{\"@context\":\"https:\/\/schema.org\",\"@graph\":[{\"@type\":\"WebPage\",\"@id\":\"https:\/\/flytorelocation.com\/lu-lu\/safety\/\",\"url\":\"https:\/\/flytorelocation.com\/lu-lu\/safety\/\",\"name\":\"Safety - Flyto Relocation Luxembourg (Lu)\",\"isPartOf\":{\"@id\":\"https:\/\/flytorelocation.com\/lu-lu\/#website\"},\"datePublished\":\"2025-10-01T08:34:34+00:00\",\"dateModified\":\"2026-01-16T20:50:11+00:00\",\"breadcrumb\":{\"@id\":\"https:\/\/flytorelocation.com\/lu-lu\/safety\/#breadcrumb\"},\"inLanguage\":\"fi\",\"potentialAction\":[{\"@type\":\"ReadAction\",\"target\":[\"https:\/\/flytorelocation.com\/lu-lu\/safety\/\"]}]},{\"@type\":\"BreadcrumbList\",\"@id\":\"https:\/\/flytorelocation.com\/lu-lu\/safety\/#breadcrumb\",\"itemListElement\":[{\"@type\":\"ListItem\",\"position\":1,\"name\":\"Etusivu\",\"item\":\"https:\/\/flytorelocation.com\/lu-lu\/\"},{\"@type\":\"ListItem\",\"position\":2,\"name\":\"Safety\"}]},{\"@type\":\"WebSite\",\"@id\":\"https:\/\/flytorelocation.com\/lu-lu\/#website\",\"url\":\"https:\/\/flytorelocation.com\/lu-lu\/\",\"name\":\"Flyto Relocation Luxembourg (Lu)\",\"description\":\"\",\"publisher\":{\"@id\":\"https:\/\/flytorelocation.com\/lu-lu\/#organization\"},\"potentialAction\":[{\"@type\":\"SearchAction\",\"target\":{\"@type\":\"EntryPoint\",\"urlTemplate\":\"https:\/\/flytorelocation.com\/lu-lu\/?s={search_term_string}\"},\"query-input\":{\"@type\":\"PropertyValueSpecification\",\"valueRequired\":true,\"valueName\":\"search_term_string\"}}],\"inLanguage\":\"fi\"},{\"@type\":\"Organization\",\"@id\":\"https:\/\/flytorelocation.com\/lu-lu\/#organization\",\"name\":\"Flyto Relocation Luxembourg (Lu)\",\"url\":\"https:\/\/flytorelocation.com\/lu-lu\/\",\"logo\":{\"@type\":\"ImageObject\",\"inLanguage\":\"fi\",\"@id\":\"https:\/\/flytorelocation.com\/lu-lu\/#\/schema\/logo\/image\/\",\"url\":\"https:\/\/flyto-wp-uploads.s3.eu-north-1.amazonaws.com\/wp-content\/uploads\/sites\/89\/2025\/10\/13130143\/Flyto-col.png\",\"contentUrl\":\"https:\/\/flyto-wp-uploads.s3.eu-north-1.amazonaws.com\/wp-content\/uploads\/sites\/89\/2025\/10\/13130143\/Flyto-col.png\",\"width\":618,\"height\":337,\"caption\":\"Flyto Relocation Luxembourg (Lu)\"},\"image\":{\"@id\":\"https:\/\/flytorelocation.com\/lu-lu\/#\/schema\/logo\/image\/\"}}]}<\/script>\n<!-- \/ Yoast SEO plugin. -->","yoast_head_json":{"title":"Safety - Flyto Relocation Luxembourg (Lu)","robots":{"index":"index","follow":"follow","max-snippet":"max-snippet:-1","max-image-preview":"max-image-preview:large","max-video-preview":"max-video-preview:-1"},"canonical":"https:\/\/flytorelocation.com\/lu-lu\/safety\/","og_locale":"fi_FI","og_type":"article","og_title":"Safety - Flyto Relocation Luxembourg (Lu)","og_description":"D\u00e9i s\u00e9cherst Beweegung vun der WeltBei Flyto gleewen mir, datt S\u00e9cherheet net n\u00ebmmen eng Feature ass - et ass e Verspriechen.Vum Moment wou \u00c4r Saachen agepaakt sinn bis zur Z\u00e4it wou se an \u00c4rem neien Doheem ukommen, g\u00ebtt all Schr\u00ebtt vum Prozess iwwerwaacht, dokument\u00e9iert a virsiichteg behandelt. Eis Missioun ass einfach: all international \u00cbmzug komplett [&hellip;]","og_url":"https:\/\/flytorelocation.com\/lu-lu\/safety\/","og_site_name":"Flyto Relocation Luxembourg (Lu)","article_modified_time":"2026-01-16T20:50:11+00:00","twitter_card":"summary_large_image","twitter_misc":{"Arvioitu lukuaika":"5 minuuttia"},"schema":{"@context":"https:\/\/schema.org","@graph":[{"@type":"WebPage","@id":"https:\/\/flytorelocation.com\/lu-lu\/safety\/","url":"https:\/\/flytorelocation.com\/lu-lu\/safety\/","name":"Safety - Flyto Relocation Luxembourg (Lu)","isPartOf":{"@id":"https:\/\/flytorelocation.com\/lu-lu\/#website"},"datePublished":"2025-10-01T08:34:34+00:00","dateModified":"2026-01-16T20:50:11+00:00","breadcrumb":{"@id":"https:\/\/flytorelocation.com\/lu-lu\/safety\/#breadcrumb"},"inLanguage":"fi","potentialAction":[{"@type":"ReadAction","target":["https:\/\/flytorelocation.com\/lu-lu\/safety\/"]}]},{"@type":"BreadcrumbList","@id":"https:\/\/flytorelocation.com\/lu-lu\/safety\/#breadcrumb","itemListElement":[{"@type":"ListItem","position":1,"name":"Etusivu","item":"https:\/\/flytorelocation.com\/lu-lu\/"},{"@type":"ListItem","position":2,"name":"Safety"}]},{"@type":"WebSite","@id":"https:\/\/flytorelocation.com\/lu-lu\/#website","url":"https:\/\/flytorelocation.com\/lu-lu\/","name":"Flyto Relocation Luxembourg (Lu)","description":"","publisher":{"@id":"https:\/\/flytorelocation.com\/lu-lu\/#organization"},"potentialAction":[{"@type":"SearchAction","target":{"@type":"EntryPoint","urlTemplate":"https:\/\/flytorelocation.com\/lu-lu\/?s={search_term_string}"},"query-input":{"@type":"PropertyValueSpecification","valueRequired":true,"valueName":"search_term_string"}}],"inLanguage":"fi"},{"@type":"Organization","@id":"https:\/\/flytorelocation.com\/lu-lu\/#organization","name":"Flyto Relocation Luxembourg (Lu)","url":"https:\/\/flytorelocation.com\/lu-lu\/","logo":{"@type":"ImageObject","inLanguage":"fi","@id":"https:\/\/flytorelocation.com\/lu-lu\/#\/schema\/logo\/image\/","url":"https:\/\/flyto-wp-uploads.s3.eu-north-1.amazonaws.com\/wp-content\/uploads\/sites\/89\/2025\/10\/13130143\/Flyto-col.png","contentUrl":"https:\/\/flyto-wp-uploads.s3.eu-north-1.amazonaws.com\/wp-content\/uploads\/sites\/89\/2025\/10\/13130143\/Flyto-col.png","width":618,"height":337,"caption":"Flyto Relocation Luxembourg (Lu)"},"image":{"@id":"https:\/\/flytorelocation.com\/lu-lu\/#\/schema\/logo\/image\/"}}]}},"acf":[],"_links":{"self":[{"href":"https:\/\/flytorelocation.com\/lu-lu\/wp-json\/wp\/v2\/pages\/2","targetHints":{"allow":["GET"]}}],"collection":[{"href":"https:\/\/flytorelocation.com\/lu-lu\/wp-json\/wp\/v2\/pages"}],"about":[{"href":"https:\/\/flytorelocation.com\/lu-lu\/wp-json\/wp\/v2\/types\/page"}],"author":[{"embeddable":true,"href":"https:\/\/flytorelocation.com\/lu-lu\/wp-json\/wp\/v2\/users\/1"}],"replies":[{"embeddable":true,"href":"https:\/\/flytorelocation.com\/lu-lu\/wp-json\/wp\/v2\/comments?post=2"}],"version-history":[{"count":2,"href":"https:\/\/flytorelocation.com\/lu-lu\/wp-json\/wp\/v2\/pages\/2\/revisions"}],"predecessor-version":[{"id":1359,"href":"https:\/\/flytorelocation.com\/lu-lu\/wp-json\/wp\/v2\/pages\/2\/revisions\/1359"}],"wp:attachment":[{"href":"https:\/\/flytorelocation.com\/lu-lu\/wp-json\/wp\/v2\/media?parent=2"}],"curies":[{"name":"wp","href":"https:\/\/api.w.org\/{rel}","templated":true}]}}