{"id":727,"date":"2025-10-17T19:02:33","date_gmt":"2025-10-17T16:02:33","guid":{"rendered":"https:\/\/flytorelocation.com\/it-it\/fi\/?page_id=82"},"modified":"2026-01-16T23:34:35","modified_gmt":"2026-01-16T21:34:35","slug":"about","status":"publish","type":"page","link":"https:\/\/flytorelocation.com\/it-it\/about\/","title":{"rendered":"About"},"content":{"rendered":"<p>[et_pb_section fb_built=&#8221;1&#8243; custom_padding_last_edited=&#8221;on|tablet&#8221; admin_label=&#8221;Header&#8221; _builder_version=&#8221;4.27.4&#8243; _module_preset=&#8221;default&#8221; background_enable_color=&#8221;off&#8221; background_enable_image=&#8221;off&#8221; background_blend=&#8221;screen&#8221; custom_padding=&#8221;||0px|||&#8221; custom_padding_tablet=&#8221;0px||0px||true|false&#8221; custom_padding_phone=&#8221;0px||0px||true|false&#8221; collapsed=&#8221;on&#8221; global_colors_info=&#8221;{%22gcid-secondary-color%22:%91%22background_color%22%93}&#8221;][et_pb_row _builder_version=&#8221;4.27.4&#8243; _module_preset=&#8221;default&#8221; global_colors_info=&#8221;{}&#8221;][et_pb_column type=&#8221;4_4&#8243; _builder_version=&#8221;4.27.4&#8243; _module_preset=&#8221;default&#8221; global_colors_info=&#8221;{}&#8221;][et_pb_heading title=&#8221;La mossa pi\u00f9 sicura al mondo.&#8221; _builder_version=&#8221;4.27.4&#8243; _module_preset=&#8221;_initial&#8221; title_font=&#8221;Flyto oma||||||||&#8221; title_text_color=&#8221;#CD207D&#8221; title_font_size=&#8221;62px&#8221; custom_margin=&#8221;||10px||false|false&#8221; custom_margin_tablet=&#8221;||10px||false|false&#8221; custom_margin_phone=&#8221;||10px||false|false&#8221; custom_margin_last_edited=&#8221;on|phone&#8221; custom_padding_tablet=&#8221;&#8221; custom_padding_phone=&#8221;0px||||false|false&#8221; custom_padding_last_edited=&#8221;on|phone&#8221; title_font_size_tablet=&#8221;40px&#8221; title_font_size_phone=&#8221;30px&#8221; title_font_size_last_edited=&#8221;on|phone&#8221; locked=&#8221;off&#8221; global_colors_info=&#8221;{}&#8221;][\/et_pb_heading][et_pb_text _builder_version=&#8221;4.27.4&#8243; _module_preset=&#8221;_initial&#8221; header_4_font=&#8221;Montserrat||||||||&#8221; global_colors_info=&#8221;{}&#8221;]<\/p>\n<h4><strong>Perch\u00e9 i tuoi beni non meritano niente di meno.<\/strong><\/h4>\n<p>[\/et_pb_text][\/et_pb_column][\/et_pb_row][\/et_pb_section][et_pb_section fb_built=&#8221;1&#8243; admin_label=&#8221;Video&#8221; _builder_version=&#8221;4.27.4&#8243; _module_preset=&#8221;default&#8221; custom_padding=&#8221;6px|||||&#8221; collapsed=&#8221;off&#8221; global_colors_info=&#8221;{}&#8221;][et_pb_row column_structure=&#8221;1_2,1_2&#8243; _builder_version=&#8221;4.27.4&#8243; _module_preset=&#8221;default&#8221; custom_padding=&#8221;0px||||false|false&#8221; collapsed=&#8221;off&#8221; global_colors_info=&#8221;{}&#8221;][et_pb_column type=&#8221;1_2&#8243; _builder_version=&#8221;4.27.4&#8243; _module_preset=&#8221;default&#8221; global_colors_info=&#8221;{}&#8221;][et_pb_video src=&#8221;https:\/\/www.youtube.com\/watch?v=De68tvldxAw&#8221; _builder_version=&#8221;4.27.4&#8243; _module_preset=&#8221;default&#8221; border_radii=&#8221;on|10px|10px|10px|10px&#8221; global_colors_info=&#8221;{}&#8221;][\/et_pb_video][et_pb_button button_url=&#8221;@ET-DC@eyJkeW5hbWljIjp0cnVlLCJjb250ZW50IjoicG9zdF9saW5rX3VybF9wYWdlIiwic2V0dGluZ3MiOnsicG9zdF9pZCI6IjIifX0=@&#8221; button_text=&#8221;Per saperne di pi\u00f9 sulla sicurezza&#8221; _builder_version=&#8221;4.27.4&#8243; _dynamic_attributes=&#8221;button_url&#8221; _module_preset=&#8221;_initial&#8221; custom_button=&#8221;on&#8221; button_text_size=&#8221;16px&#8221; button_text_color=&#8221;#CD207D&#8221; button_border_color=&#8221;#CD207D&#8221; button_border_radius=&#8221;100px&#8221; button_font=&#8221;Outfit|600|||||||&#8221; button_use_icon=&#8221;off&#8221; custom_margin=&#8221;-2px||||false|false&#8221; custom_padding=&#8221;10px|26px|10px|26px|true|true&#8221; hover_enabled=&#8221;0&#8243; global_colors_info=&#8221;{%22gcid-f1e65d51-fa2f-4bf0-b2c1-8eab7001e8fd%22:%91%22button_text_color%22%93}&#8221; sticky_enabled=&#8221;0&#8243;][\/et_pb_button][\/et_pb_column][et_pb_column type=&#8221;1_2&#8243; _builder_version=&#8221;4.27.4&#8243; _module_preset=&#8221;default&#8221; global_colors_info=&#8221;{}&#8221;][et_pb_text _builder_version=&#8221;4.27.4&#8243; _module_preset=&#8221;_initial&#8221; text_font=&#8221;Montserrat||||||||&#8221; text_line_height=&#8221;1.6em&#8221; width=&#8221;100%&#8221; min_height=&#8221;79.2px&#8221; custom_margin=&#8221;||||false|false&#8221; custom_padding=&#8221;||||false|false&#8221; custom_padding_tablet=&#8221;||||false|false&#8221; custom_padding_phone=&#8221;||||false|false&#8221; custom_padding_last_edited=&#8221;on|phone&#8221; global_colors_info=&#8221;{}&#8221;]<\/p>\n<p>Per Flyto Relocation, la sicurezza non \u00e8 solo una parte del nostro servizio, ma il nostro fondamento. Siamo orgogliosi di essere l&#8217;azienda di traslochi pi\u00f9 sicura al mondo, che unisce tecnologie all&#8217;avanguardia a una professionalit\u00e0 senza pari per proteggere ci\u00f2 che conta di pi\u00f9.<\/p>\n<p>Ogni veicolo Flyto \u00e8 dotato di un sistema di telecamere avanzato, tracciamento GPS in tempo reale e tecnologia di carico sicuro. Le nostre attrezzature personalizzate e la gestione esperta garantiscono la protezione di ogni oggetto, dalla partenza alla consegna.<\/p>\n<p>Dietro ogni trasloco c&#8217;\u00e8 un team di professionisti qualificati che trattano i tuoi beni con precisione, cura e rispetto. Con Flyto, puoi essere certo che il tuo trasloco non sar\u00e0 solo impeccabile, ma anche monitorato, protetto e sicuro in ogni fase.<\/p>\n<p>Perch\u00e9 la tranquillit\u00e0 non dovrebbe essere un optional, dovrebbe essere garantita.<\/p>\n<p>[\/et_pb_text][\/et_pb_column][\/et_pb_row][\/et_pb_section][et_pb_section fb_built=&#8221;1&#8243; _builder_version=&#8221;4.27.4&#8243; _module_preset=&#8221;default&#8221; background_color=&#8221;#fafafa&#8221; custom_padding=&#8221;||||false|false&#8221; global_colors_info=&#8221;{}&#8221;][et_pb_row column_structure=&#8221;1_2,1_2&#8243; _builder_version=&#8221;4.27.4&#8243; _module_preset=&#8221;default&#8221; custom_padding=&#8221;||||false|false&#8221; global_colors_info=&#8221;{}&#8221;][et_pb_column type=&#8221;1_2&#8243; _builder_version=&#8221;4.27.4&#8243; _module_preset=&#8221;default&#8221; global_colors_info=&#8221;{}&#8221;][et_pb_text _builder_version=&#8221;4.27.4&#8243; _module_preset=&#8221;_initial&#8221; text_font=&#8221;Montserrat||||||||&#8221; header_3_font=&#8221;Poppins||||||||&#8221; header_3_font_size=&#8221;20px&#8221; header_3_line_height=&#8221;1.2em&#8221; global_colors_info=&#8221;{}&#8221;]<\/p>\n<h3 data-start=\"415\" data-end=\"467\"><strong data-start=\"419\" data-end=\"465\">La rete di ricollocazione pi\u00f9 connessa d&#8217;Europa<\/strong><\/h3>\n<p data-start=\"468\" data-end=\"509\"><strong data-start=\"468\" data-end=\"507\">Competenza locale. Presenza continentale.<\/strong><\/p>\n<p>Con Flyto Relocation, l&#8217;Europa si sente davvero connessa. I nostri uffici in tutto il continente formano una delle reti di traslochi pi\u00f9 affidabili del settore, basata su un servizio personalizzato, standard condivisi e know-how locale.<\/p>\n<p>Che tu ti stia trasferendo a Helsinki, Malaga o Dortmund, c&#8217;\u00e8 un team Flyto sul posto, pronto ad accoglierti, guidarti e assicurarsi che tutto funzioni alla perfezione.<br \/>Non ci limitiamo a trasferire persone attraverso l&#8217;Europa, ma trasferiamo persone all&#8217;interno dell&#8217;Europa, come parte di una rete omogenea e attenta che parla la tua lingua e comprende il tuo viaggio.<\/p>\n<p>Perch\u00e9 la vera tranquillit\u00e0 deriva dal sapere che siamo gi\u00e0 l\u00ec prima ancora del tuo arrivo. \ud83c\udf0d<\/p>\n<p>[\/et_pb_text][et_pb_button button_url=&#8221;@ET-DC@eyJkeW5hbWljIjp0cnVlLCJjb250ZW50IjoicG9zdF9saW5rX3VybF9wYWdlIiwic2V0dGluZ3MiOnsicG9zdF9pZCI6IjcyNiJ9fQ==@&#8221; button_text=&#8221;La nostra rete di ricollocazione&#8221; _builder_version=&#8221;4.27.4&#8243; _dynamic_attributes=&#8221;button_url&#8221; _module_preset=&#8221;_initial&#8221; custom_button=&#8221;on&#8221; button_text_size=&#8221;16px&#8221; button_text_color=&#8221;#CD207D&#8221; button_border_color=&#8221;#CD207D&#8221; button_border_radius=&#8221;100px&#8221; button_font=&#8221;Outfit|600|||||||&#8221; button_use_icon=&#8221;off&#8221; custom_margin=&#8221;-10px||||false|false&#8221; custom_padding=&#8221;10px|26px|10px|26px|true|true&#8221; hover_enabled=&#8221;0&#8243; global_colors_info=&#8221;{%22gcid-f1e65d51-fa2f-4bf0-b2c1-8eab7001e8fd%22:%91%22button_text_color%22%93}&#8221; sticky_enabled=&#8221;0&#8243;][\/et_pb_button][\/et_pb_column][et_pb_column type=&#8221;1_2&#8243; _builder_version=&#8221;4.27.4&#8243; _module_preset=&#8221;default&#8221; global_colors_info=&#8221;{}&#8221;][et_pb_image src=&#8221;https:\/\/flyto-wp-uploads.s3.eu-north-1.amazonaws.com\/wp-content\/uploads\/sites\/92\/2025\/11\/04093023\/kotimuutto-muuttopalvelu-muutto_1_optimized-1.jpg&#8221; title_text=&#8221;kotimuutto-muuttopalvelu-muutto_1_optimized (1)&#8221; _builder_version=&#8221;4.27.4&#8243; _module_preset=&#8221;default&#8221; border_radii=&#8221;on|20px|20px|20px|20px&#8221; global_colors_info=&#8221;{}&#8221;][\/et_pb_image][\/et_pb_column][\/et_pb_row][\/et_pb_section][et_pb_section fb_built=&#8221;1&#8243; _builder_version=&#8221;4.27.4&#8243; _module_preset=&#8221;default&#8221; global_colors_info=&#8221;{}&#8221;][et_pb_row column_structure=&#8221;1_2,1_2&#8243; _builder_version=&#8221;4.27.4&#8243; _module_preset=&#8221;default&#8221; custom_padding=&#8221;5px|||||&#8221; global_colors_info=&#8221;{}&#8221;][et_pb_column type=&#8221;1_2&#8243; _builder_version=&#8221;4.27.4&#8243; _module_preset=&#8221;default&#8221; global_colors_info=&#8221;{}&#8221;][et_pb_text _builder_version=&#8221;4.27.4&#8243; _module_preset=&#8221;_initial&#8221; text_font=&#8221;Montserrat||||||||&#8221; header_3_font=&#8221;Poppins||||||||&#8221; header_3_font_size=&#8221;20px&#8221; header_3_line_height=&#8221;1.2em&#8221; global_colors_info=&#8221;{}&#8221;]<\/p>\n<h3 data-start=\"1184\" data-end=\"1225\"><span style=\"color: #000000\"><strong data-start=\"1188\" data-end=\"1223\">Pacchetti semplici. Traslochi perfetti.<\/strong><\/span><\/h3>\n<p data-start=\"1226\" data-end=\"1275\"><span style=\"color: #666666\"><strong data-start=\"1226\" data-end=\"1273\">Traslochi di lusso, meravigliosamente semplici.<\/strong><\/span><\/p>\n<p>Crediamo che un servizio eccellente non debba essere complicato, per questo abbiamo progettato i nostri pacchetti di trasloco in modo che siano il pi\u00f9 chiari possibile. Niente clausole scritte in piccolo, niente confusione: solo soluzioni semplici che si adattano alle tue esigenze, al tuo budget e al tuo stile di vita.<\/p>\n<p>Ogni pacchetto Flyto include tutto ci\u00f2 di cui hai effettivamente bisogno (e niente di superfluo): imballaggio professionale, trasporto sicuro, assicurazione, tracciamento e supporto in ogni fase del percorso.<br \/>Saprai sempre esattamente cosa \u00e8 incluso e quanto costa, perch\u00e9 la trasparenza \u00e8 parte del lusso.<\/p>\n<p data-start=\"1277\" data-end=\"1510\"><span style=\"color: #666666\">Moving abroad might be a big change, but choosing the right relocation package? With Flyto, that part\u2019s easy.<\/span><span style=\"color: #000000\"> \u2728<\/span><\/p>\n<p>[\/et_pb_text][\/et_pb_column][et_pb_column type=&#8221;1_2&#8243; _builder_version=&#8221;4.27.4&#8243; _module_preset=&#8221;default&#8221; global_colors_info=&#8221;{}&#8221;][et_pb_image src=&#8221;https:\/\/flyto-wp-uploads.s3.eu-north-1.amazonaws.com\/wp-content\/uploads\/sites\/92\/2025\/10\/03182729\/FLYTO_-_Muutto_-_Kuvaaja_Nuuti_Paananen_4_1_1_1000.jpg&#8221; title_text=&#8221;FLYTO_-_Muutto_-_Kuvaaja_Nuuti_Paananen_4_1_1_1000&#8243; disabled_on=&#8221;off|off|off&#8221; _builder_version=&#8221;4.27.4&#8243; _module_preset=&#8221;default&#8221; border_radii=&#8221;on|20px|20px|20px|20px&#8221; global_colors_info=&#8221;{}&#8221;][\/et_pb_image][et_pb_button button_url=&#8221;@ET-DC@eyJkeW5hbWljIjp0cnVlLCJjb250ZW50IjoicG9zdF9saW5rX3VybF9wYWdlIiwic2V0dGluZ3MiOnsicG9zdF9pZCI6IjczMCJ9fQ==@&#8221; button_text=&#8221;Tutti i servizi&#8221; _builder_version=&#8221;4.27.4&#8243; _dynamic_attributes=&#8221;button_url&#8221; _module_preset=&#8221;_initial&#8221; custom_button=&#8221;on&#8221; button_text_size=&#8221;16px&#8221; button_text_color=&#8221;#CD207D&#8221; button_border_color=&#8221;#CD207D&#8221; button_border_radius=&#8221;100px&#8221; button_font=&#8221;Outfit|600|||||||&#8221; button_use_icon=&#8221;off&#8221; custom_margin=&#8221;-2px||||false|false&#8221; custom_padding=&#8221;10px|26px|10px|26px|true|true&#8221; hover_enabled=&#8221;0&#8243; global_colors_info=&#8221;{%22gcid-f1e65d51-fa2f-4bf0-b2c1-8eab7001e8fd%22:%91%22button_text_color%22%93}&#8221; sticky_enabled=&#8221;0&#8243;][\/et_pb_button][\/et_pb_column][\/et_pb_row][\/et_pb_section]<\/p>\n","protected":false},"excerpt":{"rendered":"<p>Perch\u00e9 i tuoi beni non meritano niente di meno.Per Flyto Relocation, la sicurezza non \u00e8 solo una parte del nostro servizio, ma il nostro fondamento. Siamo orgogliosi di essere l&#8217;azienda di traslochi pi\u00f9 sicura al mondo, che unisce tecnologie all&#8217;avanguardia a una professionalit\u00e0 senza pari per proteggere ci\u00f2 che conta di pi\u00f9. Ogni veicolo Flyto [&hellip;]<\/p>\n","protected":false},"author":1,"featured_media":0,"parent":0,"menu_order":0,"comment_status":"closed","ping_status":"closed","template":"","meta":{"_et_pb_use_builder":"on","_et_pb_old_content":"","_et_gb_content_width":"","footnotes":""},"class_list":["post-727","page","type-page","status-publish","hentry"],"yoast_head":"<!-- This site is optimized with the Yoast SEO plugin v26.3 - https:\/\/yoast.com\/wordpress\/plugins\/seo\/ -->\n<title>About - Flyto Relocation Italia<\/title>\n<meta name=\"robots\" content=\"index, follow, max-snippet:-1, max-image-preview:large, max-video-preview:-1\" \/>\n<link rel=\"canonical\" href=\"https:\/\/flytorelocation.com\/it-it\/about\/\" \/>\n<meta property=\"og:locale\" content=\"fi_FI\" \/>\n<meta property=\"og:type\" content=\"article\" \/>\n<meta property=\"og:title\" content=\"About - Flyto Relocation Italia\" \/>\n<meta property=\"og:description\" content=\"Perch\u00e9 i tuoi beni non meritano niente di meno.Per Flyto Relocation, la sicurezza non \u00e8 solo una parte del nostro servizio, ma il nostro fondamento. Siamo orgogliosi di essere l&#039;azienda di traslochi pi\u00f9 sicura al mondo, che unisce tecnologie all&#039;avanguardia a una professionalit\u00e0 senza pari per proteggere ci\u00f2 che conta di pi\u00f9. Ogni veicolo Flyto [&hellip;]\" \/>\n<meta property=\"og:url\" content=\"https:\/\/flytorelocation.com\/it-it\/about\/\" \/>\n<meta property=\"og:site_name\" content=\"Flyto Relocation Italia\" \/>\n<meta property=\"article:modified_time\" content=\"2026-01-16T21:34:35+00:00\" \/>\n<meta name=\"twitter:card\" content=\"summary_large_image\" \/>\n<meta name=\"twitter:label1\" content=\"Arvioitu lukuaika\" \/>\n\t<meta name=\"twitter:data1\" content=\"7 minuuttia\" \/>\n<script type=\"application\/ld+json\" class=\"yoast-schema-graph\">{\"@context\":\"https:\/\/schema.org\",\"@graph\":[{\"@type\":\"WebPage\",\"@id\":\"https:\/\/flytorelocation.com\/it-it\/about\/\",\"url\":\"https:\/\/flytorelocation.com\/it-it\/about\/\",\"name\":\"About - Flyto Relocation Italia\",\"isPartOf\":{\"@id\":\"https:\/\/flytorelocation.com\/it-it\/#website\"},\"datePublished\":\"2025-10-17T16:02:33+00:00\",\"dateModified\":\"2026-01-16T21:34:35+00:00\",\"breadcrumb\":{\"@id\":\"https:\/\/flytorelocation.com\/it-it\/about\/#breadcrumb\"},\"inLanguage\":\"fi\",\"potentialAction\":[{\"@type\":\"ReadAction\",\"target\":[\"https:\/\/flytorelocation.com\/it-it\/about\/\"]}]},{\"@type\":\"BreadcrumbList\",\"@id\":\"https:\/\/flytorelocation.com\/it-it\/about\/#breadcrumb\",\"itemListElement\":[{\"@type\":\"ListItem\",\"position\":1,\"name\":\"Etusivu\",\"item\":\"https:\/\/flytorelocation.com\/it-it\/\"},{\"@type\":\"ListItem\",\"position\":2,\"name\":\"About\"}]},{\"@type\":\"WebSite\",\"@id\":\"https:\/\/flytorelocation.com\/it-it\/#website\",\"url\":\"https:\/\/flytorelocation.com\/it-it\/\",\"name\":\"Flyto Relocation Italia\",\"description\":\"\",\"publisher\":{\"@id\":\"https:\/\/flytorelocation.com\/it-it\/#organization\"},\"potentialAction\":[{\"@type\":\"SearchAction\",\"target\":{\"@type\":\"EntryPoint\",\"urlTemplate\":\"https:\/\/flytorelocation.com\/it-it\/?s={search_term_string}\"},\"query-input\":{\"@type\":\"PropertyValueSpecification\",\"valueRequired\":true,\"valueName\":\"search_term_string\"}}],\"inLanguage\":\"fi\"},{\"@type\":\"Organization\",\"@id\":\"https:\/\/flytorelocation.com\/it-it\/#organization\",\"name\":\"Flyto Relocation Italia\",\"url\":\"https:\/\/flytorelocation.com\/it-it\/\",\"logo\":{\"@type\":\"ImageObject\",\"inLanguage\":\"fi\",\"@id\":\"https:\/\/flytorelocation.com\/it-it\/#\/schema\/logo\/image\/\",\"url\":\"https:\/\/flyto-wp-uploads.s3.eu-north-1.amazonaws.com\/wp-content\/uploads\/sites\/92\/2025\/10\/13130143\/Flyto-col.png\",\"contentUrl\":\"https:\/\/flyto-wp-uploads.s3.eu-north-1.amazonaws.com\/wp-content\/uploads\/sites\/92\/2025\/10\/13130143\/Flyto-col.png\",\"width\":618,\"height\":337,\"caption\":\"Flyto Relocation Italia\"},\"image\":{\"@id\":\"https:\/\/flytorelocation.com\/it-it\/#\/schema\/logo\/image\/\"}}]}<\/script>\n<!-- \/ Yoast SEO plugin. -->","yoast_head_json":{"title":"About - Flyto Relocation Italia","robots":{"index":"index","follow":"follow","max-snippet":"max-snippet:-1","max-image-preview":"max-image-preview:large","max-video-preview":"max-video-preview:-1"},"canonical":"https:\/\/flytorelocation.com\/it-it\/about\/","og_locale":"fi_FI","og_type":"article","og_title":"About - Flyto Relocation Italia","og_description":"Perch\u00e9 i tuoi beni non meritano niente di meno.Per Flyto Relocation, la sicurezza non \u00e8 solo una parte del nostro servizio, ma il nostro fondamento. Siamo orgogliosi di essere l'azienda di traslochi pi\u00f9 sicura al mondo, che unisce tecnologie all'avanguardia a una professionalit\u00e0 senza pari per proteggere ci\u00f2 che conta di pi\u00f9. Ogni veicolo Flyto [&hellip;]","og_url":"https:\/\/flytorelocation.com\/it-it\/about\/","og_site_name":"Flyto Relocation Italia","article_modified_time":"2026-01-16T21:34:35+00:00","twitter_card":"summary_large_image","twitter_misc":{"Arvioitu lukuaika":"7 minuuttia"},"schema":{"@context":"https:\/\/schema.org","@graph":[{"@type":"WebPage","@id":"https:\/\/flytorelocation.com\/it-it\/about\/","url":"https:\/\/flytorelocation.com\/it-it\/about\/","name":"About - Flyto Relocation Italia","isPartOf":{"@id":"https:\/\/flytorelocation.com\/it-it\/#website"},"datePublished":"2025-10-17T16:02:33+00:00","dateModified":"2026-01-16T21:34:35+00:00","breadcrumb":{"@id":"https:\/\/flytorelocation.com\/it-it\/about\/#breadcrumb"},"inLanguage":"fi","potentialAction":[{"@type":"ReadAction","target":["https:\/\/flytorelocation.com\/it-it\/about\/"]}]},{"@type":"BreadcrumbList","@id":"https:\/\/flytorelocation.com\/it-it\/about\/#breadcrumb","itemListElement":[{"@type":"ListItem","position":1,"name":"Etusivu","item":"https:\/\/flytorelocation.com\/it-it\/"},{"@type":"ListItem","position":2,"name":"About"}]},{"@type":"WebSite","@id":"https:\/\/flytorelocation.com\/it-it\/#website","url":"https:\/\/flytorelocation.com\/it-it\/","name":"Flyto Relocation Italia","description":"","publisher":{"@id":"https:\/\/flytorelocation.com\/it-it\/#organization"},"potentialAction":[{"@type":"SearchAction","target":{"@type":"EntryPoint","urlTemplate":"https:\/\/flytorelocation.com\/it-it\/?s={search_term_string}"},"query-input":{"@type":"PropertyValueSpecification","valueRequired":true,"valueName":"search_term_string"}}],"inLanguage":"fi"},{"@type":"Organization","@id":"https:\/\/flytorelocation.com\/it-it\/#organization","name":"Flyto Relocation Italia","url":"https:\/\/flytorelocation.com\/it-it\/","logo":{"@type":"ImageObject","inLanguage":"fi","@id":"https:\/\/flytorelocation.com\/it-it\/#\/schema\/logo\/image\/","url":"https:\/\/flyto-wp-uploads.s3.eu-north-1.amazonaws.com\/wp-content\/uploads\/sites\/92\/2025\/10\/13130143\/Flyto-col.png","contentUrl":"https:\/\/flyto-wp-uploads.s3.eu-north-1.amazonaws.com\/wp-content\/uploads\/sites\/92\/2025\/10\/13130143\/Flyto-col.png","width":618,"height":337,"caption":"Flyto Relocation Italia"},"image":{"@id":"https:\/\/flytorelocation.com\/it-it\/#\/schema\/logo\/image\/"}}]}},"acf":[],"_links":{"self":[{"href":"https:\/\/flytorelocation.com\/it-it\/wp-json\/wp\/v2\/pages\/727","targetHints":{"allow":["GET"]}}],"collection":[{"href":"https:\/\/flytorelocation.com\/it-it\/wp-json\/wp\/v2\/pages"}],"about":[{"href":"https:\/\/flytorelocation.com\/it-it\/wp-json\/wp\/v2\/types\/page"}],"author":[{"embeddable":true,"href":"https:\/\/flytorelocation.com\/it-it\/wp-json\/wp\/v2\/users\/1"}],"replies":[{"embeddable":true,"href":"https:\/\/flytorelocation.com\/it-it\/wp-json\/wp\/v2\/comments?post=727"}],"version-history":[{"count":16,"href":"https:\/\/flytorelocation.com\/it-it\/wp-json\/wp\/v2\/pages\/727\/revisions"}],"predecessor-version":[{"id":1335,"href":"https:\/\/flytorelocation.com\/it-it\/wp-json\/wp\/v2\/pages\/727\/revisions\/1335"}],"wp:attachment":[{"href":"https:\/\/flytorelocation.com\/it-it\/wp-json\/wp\/v2\/media?parent=727"}],"curies":[{"name":"wp","href":"https:\/\/api.w.org\/{rel}","templated":true}]}}