{"id":9,"date":"2025-10-22T20:37:33","date_gmt":"2025-10-22T17:37:33","guid":{"rendered":"https:\/\/flytorelocation.com\/fr-fr\/fi\/?page_id=9"},"modified":"2026-01-16T20:52:32","modified_gmt":"2026-01-16T18:52:32","slug":"relocation-services","status":"publish","type":"page","link":"https:\/\/flytorelocation.com\/fr-fr\/relocation-services\/","title":{"rendered":"Relocation services"},"content":{"rendered":"<p>[et_pb_section fb_built=&#8221;1&#8243; custom_padding_last_edited=&#8221;on|tablet&#8221; admin_label=&#8221;About&#8221; _builder_version=&#8221;4.27.4&#8243; _module_preset=&#8221;default&#8221; custom_padding=&#8221;||0px|||&#8221; custom_padding_tablet=&#8221;0px||0px||true|false&#8221; custom_padding_phone=&#8221;0px||0px||true|false&#8221; collapsed=&#8221;on&#8221; global_colors_info=&#8221;{}&#8221;][et_pb_row _builder_version=&#8221;4.27.4&#8243; _module_preset=&#8221;default&#8221; locked=&#8221;off&#8221; global_colors_info=&#8221;{}&#8221;][et_pb_column type=&#8221;4_4&#8243; _builder_version=&#8221;4.22.0&#8243; _module_preset=&#8221;default&#8221; global_colors_info=&#8221;{}&#8221;][et_pb_heading title=&#8221;Services de relocalisation&#8221; _builder_version=&#8221;4.27.4&#8243; _module_preset=&#8221;_initial&#8221; title_level=&#8221;h2&#8243; title_font=&#8221;Flyto oma||||||||&#8221; title_text_color=&#8221;#CD207D&#8221; title_font_size=&#8221;49px&#8221; min_height=&#8221;68.2px&#8221; custom_margin=&#8221;||||false|false&#8221; custom_margin_tablet=&#8221;0px||0px||false|false&#8221; custom_margin_phone=&#8221;0px||||false|false&#8221; custom_margin_last_edited=&#8221;on|phone&#8221; custom_padding=&#8221;||||false|false&#8221; custom_padding_tablet=&#8221;||||false|false&#8221; custom_padding_phone=&#8221;0px||||false|false&#8221; custom_padding_last_edited=&#8221;on|phone&#8221; title_font_size_tablet=&#8221;49px&#8221; title_font_size_phone=&#8221;40px&#8221; title_font_size_last_edited=&#8221;on|phone&#8221; title_line_height_tablet=&#8221;&#8221; title_line_height_phone=&#8221;1.1em&#8221; title_line_height_last_edited=&#8221;on|phone&#8221; locked=&#8221;off&#8221; global_colors_info=&#8221;{}&#8221;][\/et_pb_heading][\/et_pb_column][\/et_pb_row][\/et_pb_section][et_pb_section fb_built=&#8221;1&#8243; custom_padding_last_edited=&#8221;on|phone&#8221; admin_label=&#8221;Services&#8221; _builder_version=&#8221;4.27.4&#8243; _module_preset=&#8221;default&#8221; custom_padding=&#8221;0px||||false|false&#8221; custom_padding_tablet=&#8221;0px||0px||true|false&#8221; custom_padding_phone=&#8221;0px||0px||false|false&#8221; collapsed=&#8221;on&#8221; global_colors_info=&#8221;{}&#8221;][et_pb_row column_structure=&#8221;1_4,1_4,1_2&#8243; _builder_version=&#8221;4.27.4&#8243; _module_preset=&#8221;default&#8221; global_colors_info=&#8221;{}&#8221;][et_pb_column type=&#8221;1_4&#8243; _builder_version=&#8221;4.27.4&#8243; _module_preset=&#8221;default&#8221; global_colors_info=&#8221;{}&#8221;][et_pb_text _builder_version=&#8221;4.27.4&#8243; _module_preset=&#8221;_initial&#8221; text_font=&#8221;Montserrat||||||||&#8221; text_text_color=&#8221;#000000&#8243; header_2_font=&#8221;Flyto oma|600|||||||&#8221; header_2_text_align=&#8221;left&#8221; header_2_text_color=&#8221;#000000&#8243; header_2_font_size=&#8221;20px&#8221; header_2_line_height=&#8221;1.2em&#8221; header_3_font_size=&#8221;30px&#8221; custom_margin_tablet=&#8221;&#8221; custom_margin_phone=&#8221;-30px||||false|false&#8221; custom_margin_last_edited=&#8221;on|phone&#8221; custom_padding_tablet=&#8221;&#8221; custom_padding_phone=&#8221;||||false|false&#8221; custom_padding_last_edited=&#8221;on|phone&#8221; locked=&#8221;off&#8221; global_colors_info=&#8221;{}&#8221;]<\/p>\n<h2>Services de relocalisation complets pour un d\u00e9marrage en douceur<\/h2>\n<p>[\/et_pb_text][et_pb_button button_url=&#8221;@ET-DC@eyJkeW5hbWljIjp0cnVlLCJjb250ZW50IjoicG9zdF9saW5rX3VybF9wYWdlIiwic2V0dGluZ3MiOnsicG9zdF9pZCI6IjczNSJ9fQ==@&#8221; button_text=&#8221;Discutez avec un expert&#8221; _builder_version=&#8221;4.27.4&#8243; _dynamic_attributes=&#8221;button_url&#8221; _module_preset=&#8221;_initial&#8221; custom_button=&#8221;on&#8221; button_text_size=&#8221;15px&#8221; button_text_color=&#8221;#CD207D&#8221; button_bg_color=&#8221;#FFFFFF&#8221; button_border_color=&#8221;#CD207D&#8221; button_border_radius=&#8221;100px&#8221; button_font=&#8221;Outfit|600|||||||&#8221; button_use_icon=&#8221;off&#8221; custom_margin=&#8221;-10px||||false|false&#8221; custom_padding=&#8221;10px|26px|10px|26px|true|true&#8221; hover_enabled=&#8221;0&#8243; global_colors_info=&#8221;{%22gcid-f1e65d51-fa2f-4bf0-b2c1-8eab7001e8fd%22:%91%22button_text_color%22%93}&#8221; sticky_enabled=&#8221;0&#8243;][\/et_pb_button][\/et_pb_column][et_pb_column type=&#8221;1_4&#8243; _builder_version=&#8221;4.27.4&#8243; _module_preset=&#8221;default&#8221; global_colors_info=&#8221;{}&#8221;][et_pb_text _builder_version=&#8221;4.27.4&#8243; _module_preset=&#8221;_initial&#8221; text_font=&#8221;Montserrat|600|||||||&#8221; text_font_size=&#8221;13px&#8221; custom_margin=&#8221;||||false|false&#8221; global_colors_info=&#8221;{}&#8221;]<\/p>\n<p>D\u00e9m\u00e9nager \u00e0 l&#8217;\u00e9tranger, c&#8217;est bien plus que transporter ses affaires\u00a0: c&#8217;est construire une nouvelle vie dans un nouveau pays.<\/p>\n<p>Chez Flyto, nous proposons une gamme compl\u00e8te de services de relocalisation pour faciliter votre transition et la rendre plus s\u00fbre et sereine.<\/p>\n<p>Que vous d\u00e9m\u00e9nagiez seul, en famille ou pour votre entreprise, notre \u00e9quipe veille \u00e0 ce que chaque \u00e9tape de votre d\u00e9m\u00e9nagement soit g\u00e9r\u00e9e avec pr\u00e9cision et attention.<\/p>\n<p>[\/et_pb_text][\/et_pb_column][et_pb_column type=&#8221;1_2&#8243; _builder_version=&#8221;4.27.4&#8243; _module_preset=&#8221;default&#8221; global_colors_info=&#8221;{}&#8221;][et_pb_image src=&#8221;https:\/\/flyto-wp-uploads.s3.eu-north-1.amazonaws.com\/wp-content\/uploads\/sites\/85\/2025\/10\/03182819\/FLYTO_muutto_kuvaaja-Nuuti-PAananen-6_1_11zon-scaled-1.jpg&#8221; title_text=&#8221;FLYTO_muutto_kuvaaja Nuuti PAananen (6)_1_11zon&#8221; _builder_version=&#8221;4.27.4&#8243; _module_preset=&#8221;default&#8221; border_radii=&#8221;on|20px|20px|20px|20px&#8221; global_colors_info=&#8221;{}&#8221;][\/et_pb_image][\/et_pb_column][\/et_pb_row][\/et_pb_section][et_pb_section fb_built=&#8221;1&#8243; _builder_version=&#8221;4.27.4&#8243; _module_preset=&#8221;default&#8221; background_color=&#8221;#fafafa&#8221; global_colors_info=&#8221;{}&#8221;][et_pb_row _builder_version=&#8221;4.27.4&#8243; _module_preset=&#8221;default&#8221; global_colors_info=&#8221;{}&#8221;][et_pb_column type=&#8221;4_4&#8243; _builder_version=&#8221;4.27.4&#8243; _module_preset=&#8221;default&#8221; global_colors_info=&#8221;{}&#8221;][et_pb_accordion open_toggle_background_color=&#8221;RGBA(255,255,255,0)&#8221; closed_toggle_text_color=&#8221;#000000&#8243; closed_toggle_background_color=&#8221;RGBA(255,255,255,0)&#8221; icon_color=&#8221;#CD207D&#8221; _builder_version=&#8221;4.27.4&#8243; _module_preset=&#8221;default&#8221; toggle_font=&#8221;Poppins|600|||||||&#8221; toggle_font_size=&#8221;15px&#8221; body_font=&#8221;Montserrat||||||||&#8221; body_line_height=&#8221;1.8em&#8221; border_radii=&#8221;on|5px|5px|5px|5px&#8221; border_color_all=&#8221;#CD207D&#8221; global_colors_info=&#8221;{%22gcid-primary-color%22:%91%22body_quote_text_color%22,%22quote_text_color%22,%22body_quote_text_color%22,%22quote_text_color%22%93,%22gcid-secondary-color%22:%91%22icon_color%22%93,%22gcid-heading-color%22:%91%22toggle_text_color%22,%22toggle_text_color%22%93}&#8221;][et_pb_accordion_item title=&#8221;\ud83c\udfe0 Aide \u00e0 la recherche de logement&#8221; open=&#8221;on&#8221; _builder_version=&#8221;4.27.4&#8243; _module_preset=&#8221;default&#8221; global_colors_info=&#8221;{}&#8221;]<\/p>\n<p>Trouver un nouveau logement \u00e0 l&#8217;\u00e9tranger peut \u00eatre un vrai d\u00e9fi, mais avec Flyto, c&#8217;est un jeu d&#8217;enfant.<\/p>\n<p>Nos experts en relocalisation vous aident \u00e0 explorer les meilleurs quartiers, organisent des visites et vous accompagnent tout au long du processus de location ou d&#8217;achat.<\/p>\n<p>Nous personnalisons chaque recherche en fonction de votre style de vie, de vos trajets et de votre budget, pour que vous vous sentiez parfaitement chez vous d\u00e8s le premier jour.<\/p>\n<p><strong>Inclus\u00a0:<\/strong><\/p>\n<p>&#8211; Conseils sur les quartiers et les secteurs<\/p>\n<p>&#8211; Recherche et visites de biens immobiliers<\/p>\n<p>&#8211; N\u00e9gociation du bail et aide \u00e0 la r\u00e9daction des documents<\/p>\n<p>&#8211; Coordination de l&#8217;emm\u00e9nagement<\/p>\n<p>[\/et_pb_accordion_item][et_pb_accordion_item title=&#8221;\ud83d\udecb\ufe0f Montage de meubles et installation \u00e0 domicile&#8221; _builder_version=&#8221;4.27.4&#8243; _module_preset=&#8221;default&#8221; global_colors_info=&#8221;{}&#8221; open=&#8221;off&#8221;]<\/p>\n<p>Nous veillons \u00e0 ce que votre nouvelle maison soit pr\u00eate \u00e0 vous accueillir, jusque dans les moindres d\u00e9tails.<\/p>\n<p>Notre \u00e9quipe prend en charge le montage des meubles, l&#8217;installation et la mise en service des \u00e9quipements essentiels, pour que vous puissiez vous installer confortablement.<\/p>\n<p>De la livraison \u00e0 l&#8217;installation, nous nous assurons que votre maison soit fonctionnelle et confortable d\u00e8s votre arriv\u00e9e.<\/p>\n<p><strong>Prestations incluses\u00a0:<\/strong><\/p>\n<p>&#8211; Livraison et montage des meubles<\/p>\n<p>&#8211; Installations et r\u00e9glages<\/p>\n<p>&#8211; Nettoyage et installation finale<\/p>\n<p>&#8211; Coordination des prestataires de services<\/p>\n<p>[\/et_pb_accordion_item][et_pb_accordion_item title=&#8221;\ud83d\ude97 Service de transport de v\u00e9hicules&#8221; _builder_version=&#8221;4.27.4&#8243; _module_preset=&#8221;default&#8221; global_colors_info=&#8221;{}&#8221; open=&#8221;off&#8221;]<\/p>\n<p>Besoin de transporter votre voiture, moto ou autre v\u00e9hicule\u00a0?<\/p>\n<p>Flyto assure un transport international de v\u00e9hicules s\u00fbr, fiable et enti\u00e8rement assur\u00e9.<\/p>\n<p>Nos experts prennent en charge le d\u00e9douanement, la logistique et la planification de la livraison, garantissant ainsi l\u2019arriv\u00e9e de votre v\u00e9hicule en toute s\u00e9curit\u00e9 et dans les d\u00e9lais.<\/p>\n<p><strong>Prestations incluses\u00a0:<\/strong><\/p>\n<p>&#8211; Exp\u00e9dition et logistique internationales de v\u00e9hicules<\/p>\n<p>&#8211; Prise en charge et livraison \u00e0 domicile<\/p>\n<p>&#8211; Assistance pour les formalit\u00e9s douani\u00e8res et l\u2019immatriculation<\/p>\n<p>&#8211; Assurance tous risques<\/p>\n<p>[\/et_pb_accordion_item][et_pb_accordion_item title=&#8221;\ud83c\udfe2 Solutions de stockage s\u00e9curis\u00e9es&#8221; _builder_version=&#8221;4.27.4&#8243; _module_preset=&#8221;default&#8221; global_colors_info=&#8221;{}&#8221; open=&#8221;off&#8221;]<\/p>\n<p>Si vous avez besoin d&#8217;un entreposage temporaire ou de longue dur\u00e9e lors de votre d\u00e9m\u00e9nagement, Flyto vous propose des installations s\u00e9curis\u00e9es et climatis\u00e9es.<\/p>\n<p>Nos services d&#8217;entreposage sont surveill\u00e9s par un syst\u00e8me de cam\u00e9ras de pointe et comprennent un inventaire d\u00e9taill\u00e9, vous assurant une tranquillit\u00e9 d&#8217;esprit totale pendant votre transition.<\/p>\n<p><strong>Inclus\u00a0:<\/strong><\/p>\n<p>&#8211; Entrep\u00f4t s\u00e9curis\u00e9 et climatis\u00e9<\/p>\n<p>&#8211; Surveillance 24h\/24 et 7j\/7<\/p>\n<p>&#8211; Options flexibles \u00e0 court ou long terme<\/p>\n<p>&#8211; Documentation compl\u00e8te des biens et acc\u00e8s sur demande<\/p>\n<p>[\/et_pb_accordion_item][et_pb_accordion_item title=&#8221;\ud83e\udd1d Installation et soutien local&#8221; _builder_version=&#8221;4.27.4&#8243; _module_preset=&#8221;default&#8221; global_colors_info=&#8221;{}&#8221; open=&#8221;off&#8221;]<\/p>\n<p>S&#8217;installer \u00e0 l&#8217;\u00e9tranger, c&#8217;est bien plus qu&#8217;une question de logistique\u00a0: c&#8217;est s&#8217;adapter \u00e0 un nouveau mode de vie.<\/p>\n<p>Nos services d&#8217;installation et d&#8217;accompagnement local vous aident, vous et votre famille, \u00e0 vous sentir rapidement chez vous.<\/p>\n<p>Des d\u00e9marches administratives (inscriptions locales, cartes de transport, d\u00e9couverte de la culture locale, conseils pratiques au quotidien), nous veillons \u00e0 ce que vos premi\u00e8res semaines \u00e0 l&#8217;\u00e9tranger se d\u00e9roulent sans encombre et en toute s\u00e9r\u00e9nit\u00e9.<\/p>\n<p><strong>Notre service comprend\u00a0:<\/strong><\/p>\n<p>&#8211; Orientation en ville et conseils pratiques<\/p>\n<p>&#8211; Aide aux d\u00e9marches administratives et \u00e0 l&#8217;inscription locale<\/p>\n<p>&#8211; Pr\u00e9sentation du syst\u00e8me de sant\u00e9, des transports et des services essentiels<\/p>\n<p>&#8211; Accompagnement personnalis\u00e9 continu par nos experts locaux<\/p>\n<p>[\/et_pb_accordion_item][et_pb_accordion_item title=&#8221;On vous met en mouvement. Litt\u00e9ralement.&#8221; _builder_version=&#8221;4.27.4&#8243; _module_preset=&#8221;default&#8221; global_colors_info=&#8221;{}&#8221; open=&#8221;off&#8221;]Planifiez votre visite de d\u00e9m\u00e9nagement gratuite\u00a0\u2014 sans stress ni engagement. Nous \u00e9valuerons vos besoins, \u00e9tablirons un plan et simplifierons votre d\u00e9m\u00e9nagement au maximum.<\/p>\n<p><a href=\"http:\/\/www.flytorelocation.com\/relocation-survey\">Cliquez ici pour consulter le calendrier de r\u00e9servation.<\/a>[\/et_pb_accordion_item][\/et_pb_accordion][et_pb_button button_url=&#8221;@ET-DC@eyJkeW5hbWljIjp0cnVlLCJjb250ZW50IjoicG9zdF9saW5rX3VybF9wYWdlIiwic2V0dGluZ3MiOnsicG9zdF9pZCI6IjczNSJ9fQ==@&#8221; button_text=&#8221;R\u00e9servez une consultation gratuite&#8221; _builder_version=&#8221;4.27.4&#8243; _dynamic_attributes=&#8221;button_url&#8221; _module_preset=&#8221;_initial&#8221; custom_button=&#8221;on&#8221; button_text_size=&#8221;16px&#8221; button_text_color=&#8221;#CD207D&#8221; button_border_color=&#8221;#CD207D&#8221; button_border_radius=&#8221;100px&#8221; button_font=&#8221;Outfit|600|||||||&#8221; button_use_icon=&#8221;off&#8221; custom_margin=&#8221;-2px||||false|false&#8221; custom_padding=&#8221;10px|26px|10px|26px|true|true&#8221; hover_enabled=&#8221;0&#8243; global_colors_info=&#8221;{%22gcid-f1e65d51-fa2f-4bf0-b2c1-8eab7001e8fd%22:%91%22button_text_color%22%93}&#8221; sticky_enabled=&#8221;0&#8243;][\/et_pb_button][\/et_pb_column][\/et_pb_row][\/et_pb_section]<\/p>\n","protected":false},"excerpt":{"rendered":"<p>Services de relocalisation complets pour un d\u00e9marrage en douceurD\u00e9m\u00e9nager \u00e0 l&#8217;\u00e9tranger, c&#8217;est bien plus que transporter ses affaires\u00a0: c&#8217;est construire une nouvelle vie dans un nouveau pays. Chez Flyto, nous proposons une gamme compl\u00e8te de services de relocalisation pour faciliter votre transition et la rendre plus s\u00fbre et sereine. Que vous d\u00e9m\u00e9nagiez seul, en famille [&hellip;]<\/p>\n","protected":false},"author":1,"featured_media":0,"parent":0,"menu_order":0,"comment_status":"closed","ping_status":"closed","template":"","meta":{"_et_pb_use_builder":"on","_et_pb_old_content":"","_et_gb_content_width":"","footnotes":""},"class_list":["post-9","page","type-page","status-publish","hentry"],"yoast_head":"<!-- This site is optimized with the Yoast SEO plugin v26.3 - https:\/\/yoast.com\/wordpress\/plugins\/seo\/ -->\n<title>Relocation services - Flyto Relocation France (French)<\/title>\n<meta name=\"robots\" content=\"index, follow, max-snippet:-1, max-image-preview:large, max-video-preview:-1\" \/>\n<link rel=\"canonical\" href=\"https:\/\/flytorelocation.com\/fr-fr\/relocation-services\/\" \/>\n<meta property=\"og:locale\" content=\"fi_FI\" \/>\n<meta property=\"og:type\" content=\"article\" \/>\n<meta property=\"og:title\" content=\"Relocation services - Flyto Relocation France (French)\" \/>\n<meta property=\"og:description\" content=\"Services de relocalisation complets pour un d\u00e9marrage en douceurD\u00e9m\u00e9nager \u00e0 l&#039;\u00e9tranger, c&#039;est bien plus que transporter ses affaires\u00a0: c&#039;est construire une nouvelle vie dans un nouveau pays. Chez Flyto, nous proposons une gamme compl\u00e8te de services de relocalisation pour faciliter votre transition et la rendre plus s\u00fbre et sereine. Que vous d\u00e9m\u00e9nagiez seul, en famille [&hellip;]\" \/>\n<meta property=\"og:url\" content=\"https:\/\/flytorelocation.com\/fr-fr\/relocation-services\/\" \/>\n<meta property=\"og:site_name\" content=\"Flyto Relocation France (French)\" \/>\n<meta property=\"article:modified_time\" content=\"2026-01-16T18:52:32+00:00\" \/>\n<meta name=\"twitter:card\" content=\"summary_large_image\" \/>\n<meta name=\"twitter:label1\" content=\"Arvioitu lukuaika\" \/>\n\t<meta name=\"twitter:data1\" content=\"8 minuuttia\" \/>\n<script type=\"application\/ld+json\" class=\"yoast-schema-graph\">{\"@context\":\"https:\/\/schema.org\",\"@graph\":[{\"@type\":\"WebPage\",\"@id\":\"https:\/\/flytorelocation.com\/fr-fr\/relocation-services\/\",\"url\":\"https:\/\/flytorelocation.com\/fr-fr\/relocation-services\/\",\"name\":\"Relocation services - Flyto Relocation France (French)\",\"isPartOf\":{\"@id\":\"https:\/\/flytorelocation.com\/fr-fr\/#website\"},\"datePublished\":\"2025-10-22T17:37:33+00:00\",\"dateModified\":\"2026-01-16T18:52:32+00:00\",\"breadcrumb\":{\"@id\":\"https:\/\/flytorelocation.com\/fr-fr\/relocation-services\/#breadcrumb\"},\"inLanguage\":\"fi\",\"potentialAction\":[{\"@type\":\"ReadAction\",\"target\":[\"https:\/\/flytorelocation.com\/fr-fr\/relocation-services\/\"]}]},{\"@type\":\"BreadcrumbList\",\"@id\":\"https:\/\/flytorelocation.com\/fr-fr\/relocation-services\/#breadcrumb\",\"itemListElement\":[{\"@type\":\"ListItem\",\"position\":1,\"name\":\"Etusivu\",\"item\":\"https:\/\/flytorelocation.com\/fr-fr\/\"},{\"@type\":\"ListItem\",\"position\":2,\"name\":\"Relocation services\"}]},{\"@type\":\"WebSite\",\"@id\":\"https:\/\/flytorelocation.com\/fr-fr\/#website\",\"url\":\"https:\/\/flytorelocation.com\/fr-fr\/\",\"name\":\"Flyto Relocation France (French)\",\"description\":\"\",\"publisher\":{\"@id\":\"https:\/\/flytorelocation.com\/fr-fr\/#organization\"},\"potentialAction\":[{\"@type\":\"SearchAction\",\"target\":{\"@type\":\"EntryPoint\",\"urlTemplate\":\"https:\/\/flytorelocation.com\/fr-fr\/?s={search_term_string}\"},\"query-input\":{\"@type\":\"PropertyValueSpecification\",\"valueRequired\":true,\"valueName\":\"search_term_string\"}}],\"inLanguage\":\"fi\"},{\"@type\":\"Organization\",\"@id\":\"https:\/\/flytorelocation.com\/fr-fr\/#organization\",\"name\":\"Flyto Relocation France (French)\",\"url\":\"https:\/\/flytorelocation.com\/fr-fr\/\",\"logo\":{\"@type\":\"ImageObject\",\"inLanguage\":\"fi\",\"@id\":\"https:\/\/flytorelocation.com\/fr-fr\/#\/schema\/logo\/image\/\",\"url\":\"https:\/\/flyto-wp-uploads.s3.eu-north-1.amazonaws.com\/wp-content\/uploads\/sites\/85\/2025\/10\/13130143\/Flyto-col.png\",\"contentUrl\":\"https:\/\/flyto-wp-uploads.s3.eu-north-1.amazonaws.com\/wp-content\/uploads\/sites\/85\/2025\/10\/13130143\/Flyto-col.png\",\"width\":618,\"height\":337,\"caption\":\"Flyto Relocation France (French)\"},\"image\":{\"@id\":\"https:\/\/flytorelocation.com\/fr-fr\/#\/schema\/logo\/image\/\"}}]}<\/script>\n<!-- \/ Yoast SEO plugin. -->","yoast_head_json":{"title":"Relocation services - Flyto Relocation France (French)","robots":{"index":"index","follow":"follow","max-snippet":"max-snippet:-1","max-image-preview":"max-image-preview:large","max-video-preview":"max-video-preview:-1"},"canonical":"https:\/\/flytorelocation.com\/fr-fr\/relocation-services\/","og_locale":"fi_FI","og_type":"article","og_title":"Relocation services - Flyto Relocation France (French)","og_description":"Services de relocalisation complets pour un d\u00e9marrage en douceurD\u00e9m\u00e9nager \u00e0 l'\u00e9tranger, c'est bien plus que transporter ses affaires\u00a0: c'est construire une nouvelle vie dans un nouveau pays. Chez Flyto, nous proposons une gamme compl\u00e8te de services de relocalisation pour faciliter votre transition et la rendre plus s\u00fbre et sereine. Que vous d\u00e9m\u00e9nagiez seul, en famille [&hellip;]","og_url":"https:\/\/flytorelocation.com\/fr-fr\/relocation-services\/","og_site_name":"Flyto Relocation France (French)","article_modified_time":"2026-01-16T18:52:32+00:00","twitter_card":"summary_large_image","twitter_misc":{"Arvioitu lukuaika":"8 minuuttia"},"schema":{"@context":"https:\/\/schema.org","@graph":[{"@type":"WebPage","@id":"https:\/\/flytorelocation.com\/fr-fr\/relocation-services\/","url":"https:\/\/flytorelocation.com\/fr-fr\/relocation-services\/","name":"Relocation services - Flyto Relocation France (French)","isPartOf":{"@id":"https:\/\/flytorelocation.com\/fr-fr\/#website"},"datePublished":"2025-10-22T17:37:33+00:00","dateModified":"2026-01-16T18:52:32+00:00","breadcrumb":{"@id":"https:\/\/flytorelocation.com\/fr-fr\/relocation-services\/#breadcrumb"},"inLanguage":"fi","potentialAction":[{"@type":"ReadAction","target":["https:\/\/flytorelocation.com\/fr-fr\/relocation-services\/"]}]},{"@type":"BreadcrumbList","@id":"https:\/\/flytorelocation.com\/fr-fr\/relocation-services\/#breadcrumb","itemListElement":[{"@type":"ListItem","position":1,"name":"Etusivu","item":"https:\/\/flytorelocation.com\/fr-fr\/"},{"@type":"ListItem","position":2,"name":"Relocation services"}]},{"@type":"WebSite","@id":"https:\/\/flytorelocation.com\/fr-fr\/#website","url":"https:\/\/flytorelocation.com\/fr-fr\/","name":"Flyto Relocation France (French)","description":"","publisher":{"@id":"https:\/\/flytorelocation.com\/fr-fr\/#organization"},"potentialAction":[{"@type":"SearchAction","target":{"@type":"EntryPoint","urlTemplate":"https:\/\/flytorelocation.com\/fr-fr\/?s={search_term_string}"},"query-input":{"@type":"PropertyValueSpecification","valueRequired":true,"valueName":"search_term_string"}}],"inLanguage":"fi"},{"@type":"Organization","@id":"https:\/\/flytorelocation.com\/fr-fr\/#organization","name":"Flyto Relocation France (French)","url":"https:\/\/flytorelocation.com\/fr-fr\/","logo":{"@type":"ImageObject","inLanguage":"fi","@id":"https:\/\/flytorelocation.com\/fr-fr\/#\/schema\/logo\/image\/","url":"https:\/\/flyto-wp-uploads.s3.eu-north-1.amazonaws.com\/wp-content\/uploads\/sites\/85\/2025\/10\/13130143\/Flyto-col.png","contentUrl":"https:\/\/flyto-wp-uploads.s3.eu-north-1.amazonaws.com\/wp-content\/uploads\/sites\/85\/2025\/10\/13130143\/Flyto-col.png","width":618,"height":337,"caption":"Flyto Relocation France (French)"},"image":{"@id":"https:\/\/flytorelocation.com\/fr-fr\/#\/schema\/logo\/image\/"}}]}},"acf":[],"_links":{"self":[{"href":"https:\/\/flytorelocation.com\/fr-fr\/wp-json\/wp\/v2\/pages\/9","targetHints":{"allow":["GET"]}}],"collection":[{"href":"https:\/\/flytorelocation.com\/fr-fr\/wp-json\/wp\/v2\/pages"}],"about":[{"href":"https:\/\/flytorelocation.com\/fr-fr\/wp-json\/wp\/v2\/types\/page"}],"author":[{"embeddable":true,"href":"https:\/\/flytorelocation.com\/fr-fr\/wp-json\/wp\/v2\/users\/1"}],"replies":[{"embeddable":true,"href":"https:\/\/flytorelocation.com\/fr-fr\/wp-json\/wp\/v2\/comments?post=9"}],"version-history":[{"count":5,"href":"https:\/\/flytorelocation.com\/fr-fr\/wp-json\/wp\/v2\/pages\/9\/revisions"}],"predecessor-version":[{"id":1365,"href":"https:\/\/flytorelocation.com\/fr-fr\/wp-json\/wp\/v2\/pages\/9\/revisions\/1365"}],"wp:attachment":[{"href":"https:\/\/flytorelocation.com\/fr-fr\/wp-json\/wp\/v2\/media?parent=9"}],"curies":[{"name":"wp","href":"https:\/\/api.w.org\/{rel}","templated":true}]}}