{"id":733,"date":"2025-10-17T19:02:33","date_gmt":"2025-10-17T16:02:33","guid":{"rendered":"https:\/\/flytorelocation.com\/fr-fr\/fi\/?page_id=90"},"modified":"2025-12-15T08:21:51","modified_gmt":"2025-12-15T06:21:51","slug":"blog","status":"publish","type":"page","link":"https:\/\/flytorelocation.com\/fr-fr\/blog\/","title":{"rendered":"FAQ"},"content":{"rendered":"<p>[et_pb_section fb_built=&#8221;1&#8243; _builder_version=&#8221;4.27.4&#8243; _module_preset=&#8221;default&#8221; custom_padding=&#8221;||||true|false&#8221; global_colors_info=&#8221;{}&#8221;][et_pb_row _builder_version=&#8221;4.27.4&#8243; _module_preset=&#8221;default&#8221; custom_padding=&#8221;0px||0px||true|false&#8221; global_colors_info=&#8221;{}&#8221;][et_pb_column type=&#8221;4_4&#8243; _builder_version=&#8221;4.27.4&#8243; _module_preset=&#8221;default&#8221; global_colors_info=&#8221;{}&#8221;][et_pb_heading title=&#8221;FAQ&#8221; _builder_version=&#8221;4.27.4&#8243; _module_preset=&#8221;_initial&#8221; title_font=&#8221;Flyto oma||||||||&#8221; title_text_color=&#8221;#CD207D&#8221; title_font_size=&#8221;62px&#8221; custom_margin=&#8221;||10px||false|false&#8221; custom_margin_tablet=&#8221;||10px||false|false&#8221; custom_margin_phone=&#8221;||10px||false|false&#8221; custom_margin_last_edited=&#8221;on|phone&#8221; custom_padding_tablet=&#8221;&#8221; custom_padding_phone=&#8221;0px||||false|false&#8221; custom_padding_last_edited=&#8221;on|phone&#8221; title_font_size_tablet=&#8221;40px&#8221; title_font_size_phone=&#8221;30px&#8221; title_font_size_last_edited=&#8221;on|phone&#8221; locked=&#8221;off&#8221; global_colors_info=&#8221;{}&#8221;][\/et_pb_heading][\/et_pb_column][\/et_pb_row][\/et_pb_section][et_pb_section fb_built=&#8221;1&#8243; admin_label=&#8221;Header&#8221; _builder_version=&#8221;4.27.4&#8243; _module_preset=&#8221;default&#8221; custom_padding=&#8221;0px||||false|false&#8221; collapsed=&#8221;on&#8221; global_colors_info=&#8221;{}&#8221;][et_pb_row column_structure=&#8221;1_2,1_2&#8243; _builder_version=&#8221;4.27.4&#8243; _module_preset=&#8221;default&#8221; global_colors_info=&#8221;{}&#8221;][et_pb_column type=&#8221;1_2&#8243; _builder_version=&#8221;4.22.0&#8243; _module_preset=&#8221;default&#8221; global_colors_info=&#8221;{}&#8221;][et_pb_heading title=&#8221;R\u00e9ponses de notre PDG : la v\u00e9rit\u00e9 (et les mythes) sur le d\u00e9m\u00e9nagement \u00e0 l\u2019\u00e9tranger&#8221; _builder_version=&#8221;4.27.4&#8243; _module_preset=&#8221;_initial&#8221; title_font=&#8221;Flyto oma||||||||&#8221; title_text_align=&#8221;left&#8221; title_text_color=&#8221;#CD207D&#8221; title_line_height=&#8221;1.1em&#8221; custom_margin=&#8221;50px||||false|false&#8221; custom_margin_tablet=&#8221;0px||||false|false&#8221; custom_margin_phone=&#8221;||||false|false&#8221; custom_margin_last_edited=&#8221;on|phone&#8221; custom_padding=&#8221;||||false|false&#8221; custom_padding_tablet=&#8221;||||false|false&#8221; custom_padding_phone=&#8221;||||false|false&#8221; custom_padding_last_edited=&#8221;on|phone&#8221; title_font_size_phone=&#8221;29px&#8221; global_colors_info=&#8221;{}&#8221;][\/et_pb_heading][et_pb_text _builder_version=&#8221;4.27.4&#8243; _module_preset=&#8221;_initial&#8221; text_font=&#8221;Montserrat||||||||&#8221; text_line_height=&#8221;1.8em&#8221; custom_margin=&#8221;-20px||||false|false&#8221; global_colors_info=&#8221;{}&#8221;]<strong data-start=\"867\" data-end=\"928\">Nous savons ce que vous pensez \u2014 et nous avons les r\u00e9ponses.<\/strong><\/p>\n<p>Partir vivre \u00e0 l&#8217;\u00e9tranger suscite des questions, de l&#8217;enthousiasme et peut-\u00eatre m\u00eame un peu d&#8217;angoisse. Rassurez-vous, notre PDG les a toutes entendues (et y a r\u00e9pondu avec le sourire).[\/et_pb_text][\/et_pb_column][et_pb_column type=&#8221;1_2&#8243; _builder_version=&#8221;4.22.0&#8243; _module_preset=&#8221;default&#8221; global_colors_info=&#8221;{}&#8221;][et_pb_image src=&#8221;https:\/\/flyto-wp-uploads.s3.eu-north-1.amazonaws.com\/wp-content\/uploads\/sites\/85\/2025\/11\/13095224\/Groweo_Flyto_1-scaled.jpg&#8221; title_text=&#8221;Groweo_Flyto_1&#8243; _builder_version=&#8221;4.27.4&#8243; _module_preset=&#8221;default&#8221; border_radii=&#8221;on|5px|5px|5px|5px&#8221; global_colors_info=&#8221;{}&#8221;][\/et_pb_image][\/et_pb_column][\/et_pb_row][et_pb_row _builder_version=&#8221;4.27.4&#8243; _module_preset=&#8221;default&#8221; min_height=&#8221;1132px&#8221; custom_margin=&#8221;||||false|false&#8221; global_colors_info=&#8221;{}&#8221;][et_pb_column type=&#8221;4_4&#8243; _builder_version=&#8221;4.27.4&#8243; _module_preset=&#8221;default&#8221; global_colors_info=&#8221;{}&#8221;][et_pb_accordion open_toggle_background_color=&#8221;RGBA(255,255,255,0)&#8221; closed_toggle_text_color=&#8221;#000000&#8243; closed_toggle_background_color=&#8221;RGBA(255,255,255,0)&#8221; icon_color=&#8221;#CD207D&#8221; _builder_version=&#8221;4.27.4&#8243; _module_preset=&#8221;default&#8221; toggle_font=&#8221;Poppins|600|||||||&#8221; toggle_font_size=&#8221;15px&#8221; body_font=&#8221;Montserrat||||||||&#8221; body_line_height=&#8221;1.8em&#8221; hover_enabled=&#8221;0&#8243; border_radii=&#8221;on|5px|5px|5px|5px&#8221; border_color_all=&#8221;#CD207D&#8221; global_colors_info=&#8221;{%22gcid-primary-color%22:%91%22body_quote_text_color%22,%22quote_text_color%22,%22body_quote_text_color%22,%22quote_text_color%22%93,%22gcid-secondary-color%22:%91%22icon_color%22%93,%22gcid-heading-color%22:%91%22toggle_text_color%22,%22toggle_text_color%22%93}&#8221; sticky_enabled=&#8221;0&#8243;][et_pb_accordion_item title=&#8221;Soyons honn\u00eates\u2026 d\u00e9m\u00e9nager \u00e0 l\u2019\u00e9tranger est-il vraiment si stressant ?&#8221; open=&#8221;on&#8221; _builder_version=&#8221;4.27.4&#8243; _module_preset=&#8221;default&#8221; hover_enabled=&#8221;0&#8243; global_colors_info=&#8221;{}&#8221; sticky_enabled=&#8221;0&#8243;]<\/p>\n<p>Sauf si vous d\u00e9m\u00e9nagez sans Flyto ! Consid\u00e9rez-nous comme votre concierge de d\u00e9m\u00e9nagement personnel : nous planifions, emballons, exp\u00e9dions et livrons vos affaires pendant que vous choisissez votre nouveau caf\u00e9 pr\u00e9f\u00e9r\u00e9 \u00e0 Lisbonne.<\/p>\n<p>Notre mission est de rendre votre d\u00e9m\u00e9nagement si facile qu&#8217;au moment de d\u00e9baller vos cartons, vous vous demanderez si la t\u00e9l\u00e9portation n&#8217;a pas jou\u00e9 un r\u00f4le.<\/p>\n<p>[\/et_pb_accordion_item][et_pb_accordion_item title=&#8221;Mes biens sont-ils vraiment en s\u00e9curit\u00e9 ?&#8221; _builder_version=&#8221;4.27.4&#8243; _module_preset=&#8221;default&#8221; hover_enabled=&#8221;0&#8243; global_colors_info=&#8221;{}&#8221; open=&#8221;off&#8221; sticky_enabled=&#8221;0&#8243;]<\/p>\n<p>Plus s\u00fbr qu&#8217;une recette secr\u00e8te dans un coffre-fort suisse. Chaque v\u00e9hicule Flyto est \u00e9quip\u00e9 d&#8217;un syst\u00e8me de g\u00e9olocalisation, de cam\u00e9ras embarqu\u00e9es et de syst\u00e8mes de chargement s\u00e9curis\u00e9s \u2013 car nous aimons savoir o\u00f9 se trouve votre canap\u00e9 \u00e0 3 h du matin, m\u00eame si vous l&#8217;ignorez.<\/p>\n<p>Nous emballons tout comme s&#8217;il s&#8217;agissait d&#8217;un voyage royal. Qu&#8217;il s&#8217;agisse d&#8217;un grand cru ou du premier ours en peluche de votre enfant, chaque objet est trait\u00e9 avec le plus grand soin.<\/p>\n<p>[\/et_pb_accordion_item][et_pb_accordion_item title=&#8221;Je n&#8217;ai m\u00eame pas encore de nouvelle maison \u2014 comment \u00e7a marche ?&#8221; _builder_version=&#8221;4.27.4&#8243; _module_preset=&#8221;default&#8221; hover_enabled=&#8221;0&#8243; global_colors_info=&#8221;{}&#8221; open=&#8221;off&#8221; sticky_enabled=&#8221;0&#8243;]<\/p>\n<p>C&#8217;est simple. D\u00e9tendez-vous, on s&#8217;occupe de tout. Notre \u00e9quipe de recherche explore les quartiers, consulte les annonces, organise des visites virtuelles et g\u00e8re m\u00eame les formalit\u00e9s administratives. Il ne vous reste plus qu&#8217;\u00e0 valider votre coup de c\u0153ur, confortablement install\u00e9(e) dans votre canap\u00e9.<\/p>\n<p>\u00c0 votre arriv\u00e9e, votre nouveau chez-vous vous attend : Wi-Fi activ\u00e9, rideaux install\u00e9s et peut-\u00eatre m\u00eame une petite plante de bienvenue. \ud83c\udf3f<\/p>\n<p>[\/et_pb_accordion_item][et_pb_accordion_item title=&#8221;Pouvez-vous \u00e9galement g\u00e9rer les d\u00e9m\u00e9nagements de grandes entreprises ?&#8221; _builder_version=&#8221;4.27.4&#8243; _module_preset=&#8221;default&#8221; hover_enabled=&#8221;0&#8243; global_colors_info=&#8221;{}&#8221; open=&#8221;off&#8221; sticky_enabled=&#8221;0&#8243;]<\/p>\n<p>Absolument. Nous prenons en charge le d\u00e9m\u00e9nagement des cadres, des \u00e9quipes enti\u00e8res, et m\u00eame parfois de la machine \u00e0 caf\u00e9 du bureau, le tout sans jamais d\u00e9passer les d\u00e9lais.<\/p>\n<p>Nous veillons \u00e0 ce que vos collaborateurs arrivent op\u00e9rationnels, pr\u00eats \u00e0 se remettre sur pied. Car les grandes entreprises m\u00e9ritent des d\u00e9m\u00e9nagements d&#8217;exception.<\/p>\n<p>[\/et_pb_accordion_item][et_pb_accordion_item title=&#8221;Alors, qu&#8217;est-ce qui diff\u00e9rencie r\u00e9ellement Flyto ?&#8221; _builder_version=&#8221;4.27.4&#8243; _module_preset=&#8221;default&#8221; hover_enabled=&#8221;0&#8243; global_colors_info=&#8221;{}&#8221; open=&#8221;off&#8221; sticky_enabled=&#8221;0&#8243;]<\/p>\n<p>Trois choses : notre \u00e9quipe, notre pr\u00e9cision et notre priorit\u00e9 absolue : votre tranquillit\u00e9 d&#8217;esprit.<\/p>\n<p>Nous disposons du meilleur r\u00e9seau en Europe, suivons chaque envoi avec la plus grande rigueur et avons \u00e0 c\u0153ur votre satisfaction. Nous ne nous contentons pas de transporter des cartons, nous accompagnons des vies. Et nous prenons cela au s\u00e9rieux\u2026 sans pour autant nous prendre trop au s\u00e9rieux.<\/p>\n<p>[\/et_pb_accordion_item][et_pb_accordion_item title=&#8221;Dois-je tout payer d&#8217;avance ?&#8221; _builder_version=&#8221;4.27.4&#8243; _module_preset=&#8221;default&#8221; hover_enabled=&#8221;0&#8243; global_colors_info=&#8221;{}&#8221; open=&#8221;off&#8221; sticky_enabled=&#8221;0&#8243;]<\/p>\n<p>Non, absolument pas. Avec Flyto, vous ne payez jamais avant le d\u00e9but du d\u00e9m\u00e9nagement. Le paiement s&#8217;effectue uniquement au moment du chargement, une fois votre d\u00e9m\u00e9nagement commenc\u00e9. Nous privil\u00e9gions la confiance, la transparence et l&#8217;\u00e9quit\u00e9. Vous constatez la qualit\u00e9 avant de payer.<\/p>\n<p>[\/et_pb_accordion_item][et_pb_accordion_item title=&#8221;Combien de temps dure g\u00e9n\u00e9ralement un d\u00e9m\u00e9nagement international\u00a0?&#8221; _builder_version=&#8221;4.27.4&#8243; _module_preset=&#8221;default&#8221; hover_enabled=&#8221;0&#8243; global_colors_info=&#8221;{}&#8221; open=&#8221;off&#8221; sticky_enabled=&#8221;0&#8243;]<\/p>\n<p>En g\u00e9n\u00e9ral, c&#8217;est beaucoup plus rapide qu&#8217;on ne le pense. La plupart des d\u00e9m\u00e9nagements internationaux en Europe ne prennent que quelques jours, une semaine maximum s&#8217;il n&#8217;y a pas de garde-meubles entre-temps.<\/p>\n<p>Nos itin\u00e9raires sont optimis\u00e9s et nos \u00e9quipes coordonn\u00e9es pour que vos biens arrivent rapidement, en toute s\u00e9curit\u00e9 et dans les d\u00e9lais pr\u00e9vus.<\/p>\n<p>[\/et_pb_accordion_item][et_pb_accordion_item title=&#8221;Puis-je suivre mon envoi\u00a0?&#8221; _builder_version=&#8221;4.27.4&#8243; _module_preset=&#8221;default&#8221; hover_enabled=&#8221;0&#8243; global_colors_info=&#8221;{}&#8221; open=&#8221;off&#8221; sticky_enabled=&#8221;0&#8243;]<\/p>\n<p>Absolument. Chaque trajet Flyto est document\u00e9 et suivi num\u00e9riquement du d\u00e9but \u00e0 la fin. Vous recevrez un lien de suivi GPS sur votre t\u00e9l\u00e9phone pour vous enregistrer \u00e0 tout moment.<\/p>\n<p>[\/et_pb_accordion_item][et_pb_accordion_item title=&#8221;Qu&#8217;en est-il des douanes, des taxes et des formalit\u00e9s administratives\u00a0?&#8221; _builder_version=&#8221;4.27.4&#8243; _module_preset=&#8221;default&#8221; hover_enabled=&#8221;0&#8243; global_colors_info=&#8221;{}&#8221; open=&#8221;off&#8221; sticky_enabled=&#8221;0&#8243;]<\/p>\n<p>C\u2019est l\u00e0 que nous excellons. Flyto s\u2019occupe des formulaires, des autorisations et des formalit\u00e9s administratives pour vous.<\/p>\n<p>Nous savons quels formulaires sont importants, lesquels ne le sont pas et lesquels n\u00e9cessitent une signature suppl\u00e9mentaire en trois exemplaires \u2013 et nous les avons tous pr\u00e9par\u00e9s.<\/p>\n<p>[\/et_pb_accordion_item][et_pb_accordion_item title=&#8221;Que se passe-t-il si quelque chose est endommag\u00e9 ou perdu ?&#8221; _builder_version=&#8221;4.27.4&#8243; _module_preset=&#8221;default&#8221; hover_enabled=&#8221;0&#8243; global_colors_info=&#8221;{}&#8221; open=&#8221;off&#8221; sticky_enabled=&#8221;0&#8243;]<\/p>\n<p>Ensuite, nous r\u00e9glons le probl\u00e8me rapidement. Mais avant tout, nous le pr\u00e9venons. Tout ce que nous d\u00e9m\u00e9nageons est emball\u00e9, photographi\u00e9 et enregistr\u00e9 conform\u00e9ment \u00e0 notre protocole de s\u00e9curit\u00e9.<\/p>\n<p>Dans le rare cas o\u00f9 un probl\u00e8me surviendrait, notre processus d&#8217;assurance et de gestion des sinistres est rapide, \u00e9quitable et personnalis\u00e9.<\/p>\n<p>[\/et_pb_accordion_item][et_pb_accordion_item title=&#8221;Puis-je choisir les services dont j&#8217;ai besoin\u00a0?&#8221; _builder_version=&#8221;4.27.4&#8243; _module_preset=&#8221;default&#8221; hover_enabled=&#8221;0&#8243; global_colors_info=&#8221;{}&#8221; open=&#8221;off&#8221; sticky_enabled=&#8221;0&#8243;]<\/p>\n<p>Bien s\u00fbr. Vous pouvez choisir exactement ce que vous souhaitez, du d\u00e9m\u00e9nagement complet au simple transport.<\/p>\n<p>Imaginez un menu haut de gamme\u00a0: emballage, d\u00e9douanement, recherche de logement, installation de meubles, et m\u00eame stockage. Vous choisissez, nous nous occupons du reste.<\/p>\n<p>[\/et_pb_accordion_item][et_pb_accordion_item title=&#8221;Combien co\u00fbte r\u00e9ellement un d\u00e9m\u00e9nagement international ?&#8221; _builder_version=&#8221;4.27.4&#8243; _module_preset=&#8221;default&#8221; hover_enabled=&#8221;0&#8243; global_colors_info=&#8221;{}&#8221; open=&#8221;off&#8221; sticky_enabled=&#8221;0&#8243;]<\/p>\n<p>Moins de stress qu&#8217;en d\u00e9m\u00e9nageant seul, et une transparence surprenante.<\/p>\n<p>Chaque d\u00e9m\u00e9nagement est unique, mais chez Flyto, nos tarifs sont bas\u00e9s sur la distance, le volume et les services, sans mauvaises surprises. Vous recevrez toujours un devis clair et d\u00e9taill\u00e9 avant toute intervention, pour savoir exactement ce que vous payez.<\/p>\n<p>Et comme tout est g\u00e9r\u00e9 par une seule \u00e9quipe coordonn\u00e9e, il n&#8217;y a pas de frais cach\u00e9s li\u00e9s au transfert de dossier entre pays\u00a0: un processus simple et fiable du d\u00e9but \u00e0 la fin.<\/p>\n<p>[\/et_pb_accordion_item][et_pb_accordion_item title=&#8221;Proposez-vous \u00e9galement des services pour les animaux de compagnie, les voitures ou le stockage ?&#8221; _builder_version=&#8221;4.27.4&#8243; _module_preset=&#8221;default&#8221; hover_enabled=&#8221;0&#8243; global_colors_info=&#8221;{}&#8221; open=&#8221;off&#8221; sticky_enabled=&#8221;0&#8243;]<\/p>\n<p>Oui, pour les trois. Nous collaborons avec des sp\u00e9cialistes de confiance pour le transport d&#8217;animaux, l&#8217;exp\u00e9dition de v\u00e9hicules et l&#8217;entreposage s\u00e9curis\u00e9.<\/p>\n<p>Votre voiture, votre chat ou votre piano de concert\u00a0: nous les avons tous transport\u00e9s en toute s\u00e9curit\u00e9 (mais pas dans le m\u00eame camion).<\/p>\n<p>[\/et_pb_accordion_item][et_pb_accordion_item title=&#8221;Pouvez-vous m&#8217;aider pour les inscriptions locales ou la mise en place des services publics\u00a0?&#8221; _builder_version=&#8221;4.27.4&#8243; _module_preset=&#8221;default&#8221; hover_enabled=&#8221;0&#8243; global_colors_info=&#8221;{}&#8221; open=&#8221;off&#8221; sticky_enabled=&#8221;0&#8243;]<\/p>\n<p>Absolument. Nos experts en d\u00e9m\u00e9nagement vous accompagnent pour l&#8217;inscription aupr\u00e8s de la mairie, les raccordements aux services publics, l&#8217;installation d&#8217;Internet \u2014 tous ces petits d\u00e9tails qui peuvent vite devenir un vrai casse-t\u00eate.<\/p>\n<p>Quand on dit \u00ab\u00a0\u00e0 domicile\u00a0\u00bb, on le pense vraiment.<\/p>\n<p>[\/et_pb_accordion_item][et_pb_accordion_item title=&#8221;Comment savoir si mon d\u00e9m\u00e9nagement se d\u00e9roulera sans probl\u00e8me ?&#8221; _builder_version=&#8221;4.27.4&#8243; _module_preset=&#8221;default&#8221; hover_enabled=&#8221;0&#8243; global_colors_info=&#8221;{}&#8221; open=&#8221;off&#8221; sticky_enabled=&#8221;0&#8243;]<\/p>\n<p>Parce que c&#8217;est notre m\u00e9tier. Nous planifions, pr\u00e9parons et communiquons \u00e0 chaque \u00e9tape.<\/p>\n<p>En coulisses, toute l&#8217;\u00e9quipe Flyto coordonne votre d\u00e9m\u00e9nagement avec la pr\u00e9cision d&#8217;un contr\u00f4le a\u00e9rien\u00a0: discr\u00e8tement, efficacement et pr\u00eate \u00e0 toute \u00e9ventualit\u00e9.<\/p>\n<p>[\/et_pb_accordion_item][et_pb_accordion_item title=&#8221;D\u2019accord, je suis convaincu. Et ensuite ?&#8221; _builder_version=&#8221;4.27.4&#8243; _module_preset=&#8221;default&#8221; hover_enabled=&#8221;0&#8243; global_colors_info=&#8221;{}&#8221; open=&#8221;off&#8221; sticky_enabled=&#8221;0&#8243;]<\/p>\n<p>C\u2019est simple\u00a0: cliquez ci-dessous, r\u00e9servez votre consultation gratuite et commen\u00e7ons \u00e0 organiser votre d\u00e9m\u00e9nagement. Dites-nous o\u00f9 vous allez, on s\u2019occupe du reste.<\/p>\n<p>Et oui, on vous promet que ce sera m\u00eame amusant\u00a0!<\/p>\n<p>[\/et_pb_accordion_item][\/et_pb_accordion][et_pb_button button_url=&#8221;@ET-DC@eyJkeW5hbWljIjp0cnVlLCJjb250ZW50IjoicG9zdF9saW5rX3VybF9wYWdlIiwic2V0dGluZ3MiOnsicG9zdF9pZCI6IjczMiIsImVuYWJsZV9odG1sIjoib2ZmIn19@&#8221; button_text=&#8221;R\u00e9servez une consultation gratuite&#8221; _builder_version=&#8221;4.27.4&#8243; _dynamic_attributes=&#8221;button_url&#8221; _module_preset=&#8221;_initial&#8221; custom_button=&#8221;on&#8221; button_text_size=&#8221;16px&#8221; button_text_color=&#8221;#CD207D&#8221; button_border_color=&#8221;#CD207D&#8221; button_border_radius=&#8221;100px&#8221; button_font=&#8221;Outfit|600|||||||&#8221; button_use_icon=&#8221;off&#8221; custom_margin=&#8221;-2px||||false|false&#8221; custom_padding=&#8221;10px|26px|10px|26px|true|true&#8221; hover_enabled=&#8221;0&#8243; global_colors_info=&#8221;{%22gcid-f1e65d51-fa2f-4bf0-b2c1-8eab7001e8fd%22:%91%22button_text_color%22%93}&#8221; sticky_enabled=&#8221;0&#8243;][\/et_pb_button][\/et_pb_column][\/et_pb_row][\/et_pb_section]<\/p>\n","protected":false},"excerpt":{"rendered":"<p>Nous savons ce que vous pensez \u2014 et nous avons les r\u00e9ponses. Partir vivre \u00e0 l&#8217;\u00e9tranger suscite des questions, de l&#8217;enthousiasme et peut-\u00eatre m\u00eame un peu d&#8217;angoisse. Rassurez-vous, notre PDG les a toutes entendues (et y a r\u00e9pondu avec le sourire).Sauf si vous d\u00e9m\u00e9nagez sans Flyto ! Consid\u00e9rez-nous comme votre concierge de d\u00e9m\u00e9nagement personnel : [&hellip;]<\/p>\n","protected":false},"author":1,"featured_media":0,"parent":0,"menu_order":0,"comment_status":"closed","ping_status":"closed","template":"","meta":{"_et_pb_use_builder":"on","_et_pb_old_content":"","_et_gb_content_width":"","footnotes":""},"class_list":["post-733","page","type-page","status-publish","hentry"],"yoast_head":"<!-- This site is optimized with the Yoast SEO plugin v26.3 - https:\/\/yoast.com\/wordpress\/plugins\/seo\/ -->\n<title>FAQ - Flyto Relocation France (French)<\/title>\n<meta name=\"robots\" content=\"index, follow, max-snippet:-1, max-image-preview:large, max-video-preview:-1\" \/>\n<link rel=\"canonical\" href=\"https:\/\/flytorelocation.com\/fr-fr\/blog\/\" \/>\n<meta property=\"og:locale\" content=\"fi_FI\" \/>\n<meta property=\"og:type\" content=\"article\" \/>\n<meta property=\"og:title\" content=\"FAQ - Flyto Relocation France (French)\" \/>\n<meta property=\"og:description\" content=\"Nous savons ce que vous pensez \u2014 et nous avons les r\u00e9ponses. Partir vivre \u00e0 l&#039;\u00e9tranger suscite des questions, de l&#039;enthousiasme et peut-\u00eatre m\u00eame un peu d&#039;angoisse. Rassurez-vous, notre PDG les a toutes entendues (et y a r\u00e9pondu avec le sourire).Sauf si vous d\u00e9m\u00e9nagez sans Flyto ! Consid\u00e9rez-nous comme votre concierge de d\u00e9m\u00e9nagement personnel : [&hellip;]\" \/>\n<meta property=\"og:url\" content=\"https:\/\/flytorelocation.com\/fr-fr\/blog\/\" \/>\n<meta property=\"og:site_name\" content=\"Flyto Relocation France (French)\" \/>\n<meta property=\"article:modified_time\" content=\"2025-12-15T06:21:51+00:00\" \/>\n<meta name=\"twitter:card\" content=\"summary_large_image\" \/>\n<meta name=\"twitter:label1\" content=\"Arvioitu lukuaika\" \/>\n\t<meta name=\"twitter:data1\" content=\"10 minuuttia\" \/>\n<script type=\"application\/ld+json\" class=\"yoast-schema-graph\">{\"@context\":\"https:\/\/schema.org\",\"@graph\":[{\"@type\":\"WebPage\",\"@id\":\"https:\/\/flytorelocation.com\/fr-fr\/blog\/\",\"url\":\"https:\/\/flytorelocation.com\/fr-fr\/blog\/\",\"name\":\"FAQ - Flyto Relocation France (French)\",\"isPartOf\":{\"@id\":\"https:\/\/flytorelocation.com\/fr-fr\/#website\"},\"datePublished\":\"2025-10-17T16:02:33+00:00\",\"dateModified\":\"2025-12-15T06:21:51+00:00\",\"breadcrumb\":{\"@id\":\"https:\/\/flytorelocation.com\/fr-fr\/blog\/#breadcrumb\"},\"inLanguage\":\"fi\",\"potentialAction\":[{\"@type\":\"ReadAction\",\"target\":[\"https:\/\/flytorelocation.com\/fr-fr\/blog\/\"]}]},{\"@type\":\"BreadcrumbList\",\"@id\":\"https:\/\/flytorelocation.com\/fr-fr\/blog\/#breadcrumb\",\"itemListElement\":[{\"@type\":\"ListItem\",\"position\":1,\"name\":\"Etusivu\",\"item\":\"https:\/\/flytorelocation.com\/fr-fr\/\"},{\"@type\":\"ListItem\",\"position\":2,\"name\":\"FAQ\"}]},{\"@type\":\"WebSite\",\"@id\":\"https:\/\/flytorelocation.com\/fr-fr\/#website\",\"url\":\"https:\/\/flytorelocation.com\/fr-fr\/\",\"name\":\"Flyto Relocation France (French)\",\"description\":\"\",\"publisher\":{\"@id\":\"https:\/\/flytorelocation.com\/fr-fr\/#organization\"},\"potentialAction\":[{\"@type\":\"SearchAction\",\"target\":{\"@type\":\"EntryPoint\",\"urlTemplate\":\"https:\/\/flytorelocation.com\/fr-fr\/?s={search_term_string}\"},\"query-input\":{\"@type\":\"PropertyValueSpecification\",\"valueRequired\":true,\"valueName\":\"search_term_string\"}}],\"inLanguage\":\"fi\"},{\"@type\":\"Organization\",\"@id\":\"https:\/\/flytorelocation.com\/fr-fr\/#organization\",\"name\":\"Flyto Relocation France (French)\",\"url\":\"https:\/\/flytorelocation.com\/fr-fr\/\",\"logo\":{\"@type\":\"ImageObject\",\"inLanguage\":\"fi\",\"@id\":\"https:\/\/flytorelocation.com\/fr-fr\/#\/schema\/logo\/image\/\",\"url\":\"https:\/\/flyto-wp-uploads.s3.eu-north-1.amazonaws.com\/wp-content\/uploads\/sites\/85\/2025\/10\/13130143\/Flyto-col.png\",\"contentUrl\":\"https:\/\/flyto-wp-uploads.s3.eu-north-1.amazonaws.com\/wp-content\/uploads\/sites\/85\/2025\/10\/13130143\/Flyto-col.png\",\"width\":618,\"height\":337,\"caption\":\"Flyto Relocation France (French)\"},\"image\":{\"@id\":\"https:\/\/flytorelocation.com\/fr-fr\/#\/schema\/logo\/image\/\"}}]}<\/script>\n<!-- \/ Yoast SEO plugin. -->","yoast_head_json":{"title":"FAQ - Flyto Relocation France (French)","robots":{"index":"index","follow":"follow","max-snippet":"max-snippet:-1","max-image-preview":"max-image-preview:large","max-video-preview":"max-video-preview:-1"},"canonical":"https:\/\/flytorelocation.com\/fr-fr\/blog\/","og_locale":"fi_FI","og_type":"article","og_title":"FAQ - Flyto Relocation France (French)","og_description":"Nous savons ce que vous pensez \u2014 et nous avons les r\u00e9ponses. Partir vivre \u00e0 l'\u00e9tranger suscite des questions, de l'enthousiasme et peut-\u00eatre m\u00eame un peu d'angoisse. Rassurez-vous, notre PDG les a toutes entendues (et y a r\u00e9pondu avec le sourire).Sauf si vous d\u00e9m\u00e9nagez sans Flyto ! Consid\u00e9rez-nous comme votre concierge de d\u00e9m\u00e9nagement personnel : [&hellip;]","og_url":"https:\/\/flytorelocation.com\/fr-fr\/blog\/","og_site_name":"Flyto Relocation France (French)","article_modified_time":"2025-12-15T06:21:51+00:00","twitter_card":"summary_large_image","twitter_misc":{"Arvioitu lukuaika":"10 minuuttia"},"schema":{"@context":"https:\/\/schema.org","@graph":[{"@type":"WebPage","@id":"https:\/\/flytorelocation.com\/fr-fr\/blog\/","url":"https:\/\/flytorelocation.com\/fr-fr\/blog\/","name":"FAQ - Flyto Relocation France (French)","isPartOf":{"@id":"https:\/\/flytorelocation.com\/fr-fr\/#website"},"datePublished":"2025-10-17T16:02:33+00:00","dateModified":"2025-12-15T06:21:51+00:00","breadcrumb":{"@id":"https:\/\/flytorelocation.com\/fr-fr\/blog\/#breadcrumb"},"inLanguage":"fi","potentialAction":[{"@type":"ReadAction","target":["https:\/\/flytorelocation.com\/fr-fr\/blog\/"]}]},{"@type":"BreadcrumbList","@id":"https:\/\/flytorelocation.com\/fr-fr\/blog\/#breadcrumb","itemListElement":[{"@type":"ListItem","position":1,"name":"Etusivu","item":"https:\/\/flytorelocation.com\/fr-fr\/"},{"@type":"ListItem","position":2,"name":"FAQ"}]},{"@type":"WebSite","@id":"https:\/\/flytorelocation.com\/fr-fr\/#website","url":"https:\/\/flytorelocation.com\/fr-fr\/","name":"Flyto Relocation France (French)","description":"","publisher":{"@id":"https:\/\/flytorelocation.com\/fr-fr\/#organization"},"potentialAction":[{"@type":"SearchAction","target":{"@type":"EntryPoint","urlTemplate":"https:\/\/flytorelocation.com\/fr-fr\/?s={search_term_string}"},"query-input":{"@type":"PropertyValueSpecification","valueRequired":true,"valueName":"search_term_string"}}],"inLanguage":"fi"},{"@type":"Organization","@id":"https:\/\/flytorelocation.com\/fr-fr\/#organization","name":"Flyto Relocation France (French)","url":"https:\/\/flytorelocation.com\/fr-fr\/","logo":{"@type":"ImageObject","inLanguage":"fi","@id":"https:\/\/flytorelocation.com\/fr-fr\/#\/schema\/logo\/image\/","url":"https:\/\/flyto-wp-uploads.s3.eu-north-1.amazonaws.com\/wp-content\/uploads\/sites\/85\/2025\/10\/13130143\/Flyto-col.png","contentUrl":"https:\/\/flyto-wp-uploads.s3.eu-north-1.amazonaws.com\/wp-content\/uploads\/sites\/85\/2025\/10\/13130143\/Flyto-col.png","width":618,"height":337,"caption":"Flyto Relocation France (French)"},"image":{"@id":"https:\/\/flytorelocation.com\/fr-fr\/#\/schema\/logo\/image\/"}}]}},"acf":[],"_links":{"self":[{"href":"https:\/\/flytorelocation.com\/fr-fr\/wp-json\/wp\/v2\/pages\/733","targetHints":{"allow":["GET"]}}],"collection":[{"href":"https:\/\/flytorelocation.com\/fr-fr\/wp-json\/wp\/v2\/pages"}],"about":[{"href":"https:\/\/flytorelocation.com\/fr-fr\/wp-json\/wp\/v2\/types\/page"}],"author":[{"embeddable":true,"href":"https:\/\/flytorelocation.com\/fr-fr\/wp-json\/wp\/v2\/users\/1"}],"replies":[{"embeddable":true,"href":"https:\/\/flytorelocation.com\/fr-fr\/wp-json\/wp\/v2\/comments?post=733"}],"version-history":[{"count":6,"href":"https:\/\/flytorelocation.com\/fr-fr\/wp-json\/wp\/v2\/pages\/733\/revisions"}],"predecessor-version":[{"id":1318,"href":"https:\/\/flytorelocation.com\/fr-fr\/wp-json\/wp\/v2\/pages\/733\/revisions\/1318"}],"wp:attachment":[{"href":"https:\/\/flytorelocation.com\/fr-fr\/wp-json\/wp\/v2\/media?parent=733"}],"curies":[{"name":"wp","href":"https:\/\/api.w.org\/{rel}","templated":true}]}}