{"id":727,"date":"2025-10-17T19:02:33","date_gmt":"2025-10-17T16:02:33","guid":{"rendered":"https:\/\/flytorelocation.com\/fr-fr\/fi\/?page_id=82"},"modified":"2026-01-16T20:46:39","modified_gmt":"2026-01-16T18:46:39","slug":"about","status":"publish","type":"page","link":"https:\/\/flytorelocation.com\/fr-fr\/about\/","title":{"rendered":"About"},"content":{"rendered":"<p>[et_pb_section fb_built=&#8221;1&#8243; custom_padding_last_edited=&#8221;on|tablet&#8221; admin_label=&#8221;Header&#8221; _builder_version=&#8221;4.27.4&#8243; _module_preset=&#8221;default&#8221; background_enable_color=&#8221;off&#8221; background_enable_image=&#8221;off&#8221; background_blend=&#8221;screen&#8221; custom_padding=&#8221;||0px|||&#8221; custom_padding_tablet=&#8221;0px||0px||false|false&#8221; custom_padding_phone=&#8221;0px||0px||false|false&#8221; collapsed=&#8221;on&#8221; global_colors_info=&#8221;{%22gcid-secondary-color%22:%91%22background_color%22%93}&#8221;][et_pb_row _builder_version=&#8221;4.27.4&#8243; _module_preset=&#8221;default&#8221; global_colors_info=&#8221;{}&#8221;][et_pb_column type=&#8221;4_4&#8243; _builder_version=&#8221;4.27.4&#8243; _module_preset=&#8221;default&#8221; global_colors_info=&#8221;{}&#8221;][et_pb_heading title=&#8221;Le d\u00e9m\u00e9nagement le plus s\u00fbr au monde.&#8221; _builder_version=&#8221;4.27.4&#8243; _module_preset=&#8221;_initial&#8221; title_font=&#8221;Flyto oma||||||||&#8221; title_text_color=&#8221;#CD207D&#8221; title_font_size=&#8221;62px&#8221; custom_margin=&#8221;||10px||false|false&#8221; custom_margin_tablet=&#8221;||10px||false|false&#8221; custom_margin_phone=&#8221;||10px||false|false&#8221; custom_margin_last_edited=&#8221;on|phone&#8221; custom_padding_tablet=&#8221;&#8221; custom_padding_phone=&#8221;0px||||false|false&#8221; custom_padding_last_edited=&#8221;on|phone&#8221; title_font_size_tablet=&#8221;40px&#8221; title_font_size_phone=&#8221;30px&#8221; title_font_size_last_edited=&#8221;on|phone&#8221; title_line_height_tablet=&#8221;&#8221; title_line_height_phone=&#8221;1.1em&#8221; title_line_height_last_edited=&#8221;on|phone&#8221; locked=&#8221;off&#8221; global_colors_info=&#8221;{}&#8221;][\/et_pb_heading][et_pb_text _builder_version=&#8221;4.27.4&#8243; _module_preset=&#8221;_initial&#8221; header_4_font=&#8221;Montserrat||||||||&#8221; global_colors_info=&#8221;{}&#8221;]<\/p>\n<h4><strong>Parce que vos biens ne m\u00e9ritent rien de moins.<\/strong><\/h4>\n<p>[\/et_pb_text][\/et_pb_column][\/et_pb_row][\/et_pb_section][et_pb_section fb_built=&#8221;1&#8243; admin_label=&#8221;Video&#8221; _builder_version=&#8221;4.27.4&#8243; _module_preset=&#8221;default&#8221; custom_padding=&#8221;6px|||||&#8221; collapsed=&#8221;off&#8221; global_colors_info=&#8221;{}&#8221;][et_pb_row column_structure=&#8221;1_2,1_2&#8243; _builder_version=&#8221;4.27.4&#8243; _module_preset=&#8221;default&#8221; custom_padding=&#8221;0px||||false|false&#8221; collapsed=&#8221;off&#8221; global_colors_info=&#8221;{}&#8221;][et_pb_column type=&#8221;1_2&#8243; _builder_version=&#8221;4.27.4&#8243; _module_preset=&#8221;default&#8221; global_colors_info=&#8221;{}&#8221;][et_pb_video src=&#8221;https:\/\/www.youtube.com\/watch?v=De68tvldxAw&#8221; _builder_version=&#8221;4.27.4&#8243; _module_preset=&#8221;default&#8221; border_radii=&#8221;on|10px|10px|10px|10px&#8221; global_colors_info=&#8221;{}&#8221;][\/et_pb_video][et_pb_button button_url=&#8221;@ET-DC@eyJkeW5hbWljIjp0cnVlLCJjb250ZW50IjoicG9zdF9saW5rX3VybF9wYWdlIiwic2V0dGluZ3MiOnsicG9zdF9pZCI6IjIifX0=@&#8221; button_text=&#8221;\u00c0 propos de la s\u00e9curit\u00e9&#8221; _builder_version=&#8221;4.27.4&#8243; _dynamic_attributes=&#8221;button_url&#8221; _module_preset=&#8221;_initial&#8221; custom_button=&#8221;on&#8221; button_text_size=&#8221;16px&#8221; button_text_color=&#8221;#CD207D&#8221; button_border_color=&#8221;#CD207D&#8221; button_border_radius=&#8221;100px&#8221; button_font=&#8221;Outfit|600|||||||&#8221; button_use_icon=&#8221;off&#8221; custom_margin=&#8221;-2px||||false|false&#8221; custom_padding=&#8221;10px|26px|10px|26px|true|true&#8221; hover_enabled=&#8221;0&#8243; global_colors_info=&#8221;{%22gcid-f1e65d51-fa2f-4bf0-b2c1-8eab7001e8fd%22:%91%22button_text_color%22%93}&#8221; sticky_enabled=&#8221;0&#8243;][\/et_pb_button][\/et_pb_column][et_pb_column type=&#8221;1_2&#8243; _builder_version=&#8221;4.27.4&#8243; _module_preset=&#8221;default&#8221; global_colors_info=&#8221;{}&#8221;][et_pb_text _builder_version=&#8221;4.27.4&#8243; _module_preset=&#8221;_initial&#8221; text_font=&#8221;Montserrat||||||||&#8221; text_line_height=&#8221;1.6em&#8221; width=&#8221;100%&#8221; min_height=&#8221;79.2px&#8221; custom_margin=&#8221;||||false|false&#8221; custom_padding=&#8221;||||false|false&#8221; custom_padding_tablet=&#8221;||||false|false&#8221; custom_padding_phone=&#8221;||||false|false&#8221; custom_padding_last_edited=&#8221;on|phone&#8221; global_colors_info=&#8221;{}&#8221;]<\/p>\n<p>Chez Flyto Relocation, la s\u00e9curit\u00e9 n&#8217;est pas seulement un service parmi d&#8217;autres, c&#8217;est notre priorit\u00e9 absolue. Nous sommes fiers d&#8217;\u00eatre l&#8217;entreprise de d\u00e9m\u00e9nagement la plus s\u00fbre au monde, alliant technologie de pointe et professionnalisme hors pair pour prot\u00e9ger ce qui compte le plus pour vous.<\/p>\n<p>Chaque v\u00e9hicule Flyto est \u00e9quip\u00e9 d&#8217;un syst\u00e8me de cam\u00e9ras avanc\u00e9, d&#8217;un suivi GPS en temps r\u00e9el et d&#8217;une technologie de chargement s\u00e9curis\u00e9e. Notre \u00e9quipement sur mesure et notre expertise garantissent la protection de chaque objet, du d\u00e9part \u00e0 la livraison.<\/p>\n<p>Derri\u00e8re chaque d\u00e9m\u00e9nagement se trouve une \u00e9quipe de professionnels qualifi\u00e9s qui traitent vos biens avec pr\u00e9cision, soin et respect. Avec Flyto, vous avez l&#8217;assurance d&#8217;un d\u00e9m\u00e9nagement non seulement sans accroc, mais aussi surveill\u00e9, prot\u00e9g\u00e9 et s\u00e9curis\u00e9 \u00e0 chaque \u00e9tape.<\/p>\n<p>Car la tranquillit\u00e9 d&#8217;esprit ne devrait pas \u00eatre une option, elle devrait \u00eatre garantie.<\/p>\n<p>[\/et_pb_text][\/et_pb_column][\/et_pb_row][\/et_pb_section][et_pb_section fb_built=&#8221;1&#8243; _builder_version=&#8221;4.27.4&#8243; _module_preset=&#8221;default&#8221; background_color=&#8221;#fafafa&#8221; custom_padding=&#8221;||||false|false&#8221; global_colors_info=&#8221;{}&#8221;][et_pb_row column_structure=&#8221;1_2,1_2&#8243; _builder_version=&#8221;4.27.4&#8243; _module_preset=&#8221;default&#8221; custom_padding=&#8221;||||false|false&#8221; global_colors_info=&#8221;{}&#8221;][et_pb_column type=&#8221;1_2&#8243; _builder_version=&#8221;4.27.4&#8243; _module_preset=&#8221;default&#8221; global_colors_info=&#8221;{}&#8221;][et_pb_text _builder_version=&#8221;4.27.4&#8243; _module_preset=&#8221;_initial&#8221; text_font=&#8221;Montserrat||||||||&#8221; header_3_font=&#8221;Poppins||||||||&#8221; header_3_font_size=&#8221;20px&#8221; header_3_line_height=&#8221;1.2em&#8221; global_colors_info=&#8221;{}&#8221;]<\/p>\n<h3 data-start=\"415\" data-end=\"467\"><strong data-start=\"419\" data-end=\"465\">Le r\u00e9seau de relocalisation le plus connect\u00e9 d&#8217;Europe<\/strong><\/h3>\n<p data-start=\"468\" data-end=\"509\"><strong data-start=\"468\" data-end=\"507\">Expertise locale. Port\u00e9e continentale.<\/strong><\/p>\n<p>Avec Flyto Relocation, l&#8217;Europe est v\u00e9ritablement connect\u00e9e. Nos bureaux r\u00e9partis sur tout le continent forment l&#8217;un des r\u00e9seaux de relocalisation les plus fiables du secteur, fond\u00e9 sur un service personnalis\u00e9, des standards communs et une connaissance approfondie du march\u00e9 local.<\/p>\n<p>Que vous d\u00e9m\u00e9nagiez \u00e0 Helsinki, Malaga ou Dortmund, une \u00e9quipe Flyto est sur place, pr\u00eate \u00e0 vous accueillir, \u00e0 vous accompagner et \u00e0 veiller au bon d\u00e9roulement de votre d\u00e9m\u00e9nagement.<\/p>\n<p>Nous ne nous contentons pas de faciliter les d\u00e9m\u00e9nagements \u00e0 travers l&#8217;Europe\u00a0; nous facilitons les d\u00e9m\u00e9nagements au sein m\u00eame de l&#8217;Europe, gr\u00e2ce \u00e0 un r\u00e9seau fluide et attentif qui parle votre langue et comprend vos besoins.<\/p>\n<p>Car la v\u00e9ritable tranquillit\u00e9 d&#8217;esprit vient de la certitude que nous sommes d\u00e9j\u00e0 l\u00e0 avant m\u00eame votre arriv\u00e9e. \ud83c\udf0d<\/p>\n<p>[\/et_pb_text][et_pb_button button_url=&#8221;@ET-DC@eyJkeW5hbWljIjp0cnVlLCJjb250ZW50IjoicG9zdF9saW5rX3VybF9wYWdlIiwic2V0dGluZ3MiOnsicG9zdF9pZCI6IjcyNiIsImVuYWJsZV9odG1sIjoib2ZmIn19@&#8221; button_text=&#8221;Notre r\u00e9seau de relocalisation&#8221; _builder_version=&#8221;4.27.4&#8243; _dynamic_attributes=&#8221;button_url&#8221; _module_preset=&#8221;_initial&#8221; custom_button=&#8221;on&#8221; button_text_size=&#8221;16px&#8221; button_text_color=&#8221;#CD207D&#8221; button_border_color=&#8221;#CD207D&#8221; button_border_radius=&#8221;100px&#8221; button_font=&#8221;Outfit|600|||||||&#8221; button_use_icon=&#8221;off&#8221; custom_margin=&#8221;-10px||||false|false&#8221; custom_padding=&#8221;10px|26px|10px|26px|true|true&#8221; global_colors_info=&#8221;{%22gcid-f1e65d51-fa2f-4bf0-b2c1-8eab7001e8fd%22:%91%22button_text_color%22%93}&#8221;][\/et_pb_button][\/et_pb_column][et_pb_column type=&#8221;1_2&#8243; _builder_version=&#8221;4.27.4&#8243; _module_preset=&#8221;default&#8221; global_colors_info=&#8221;{}&#8221;][et_pb_image src=&#8221;https:\/\/flyto-wp-uploads.s3.eu-north-1.amazonaws.com\/wp-content\/uploads\/sites\/85\/2025\/11\/04093023\/kotimuutto-muuttopalvelu-muutto_1_optimized-1.jpg&#8221; title_text=&#8221;kotimuutto-muuttopalvelu-muutto_1_optimized (1)&#8221; _builder_version=&#8221;4.27.4&#8243; _module_preset=&#8221;default&#8221; border_radii=&#8221;on|20px|20px|20px|20px&#8221; global_colors_info=&#8221;{}&#8221;][\/et_pb_image][\/et_pb_column][\/et_pb_row][\/et_pb_section][et_pb_section fb_built=&#8221;1&#8243; _builder_version=&#8221;4.27.4&#8243; _module_preset=&#8221;default&#8221; global_colors_info=&#8221;{}&#8221;][et_pb_row column_structure=&#8221;1_2,1_2&#8243; _builder_version=&#8221;4.27.4&#8243; _module_preset=&#8221;default&#8221; custom_padding=&#8221;5px|||||&#8221; global_colors_info=&#8221;{}&#8221;][et_pb_column type=&#8221;1_2&#8243; _builder_version=&#8221;4.27.4&#8243; _module_preset=&#8221;default&#8221; global_colors_info=&#8221;{}&#8221;][et_pb_text _builder_version=&#8221;4.27.4&#8243; _module_preset=&#8221;_initial&#8221; text_font=&#8221;Montserrat||||||||&#8221; header_3_font=&#8221;Poppins||||||||&#8221; header_3_font_size=&#8221;20px&#8221; header_3_line_height=&#8221;1.2em&#8221; global_colors_info=&#8221;{}&#8221;]<\/p>\n<h3 data-start=\"1184\" data-end=\"1225\"><span style=\"color: #000000\"><strong data-start=\"1188\" data-end=\"1223\">Des formules simples. Des d\u00e9m\u00e9nagements parfaits.<\/strong><\/span><\/h3>\n<p data-start=\"1226\" data-end=\"1275\"><span style=\"color: #666666\"><strong data-start=\"1226\" data-end=\"1273\">Un d\u00e9m\u00e9nagement haut de gamme en toute simplicit\u00e9.<\/strong><\/span><\/p>\n<p>Nous pensons qu&#8217;un service de qualit\u00e9 ne devrait pas \u00eatre compliqu\u00e9. C&#8217;est pourquoi nous avons con\u00e7u nos formules de d\u00e9m\u00e9nagement pour qu&#8217;elles soient aussi claires que possible. Pas de petites lignes, pas de confusion\u00a0: des solutions simples et adapt\u00e9es \u00e0 vos besoins, votre budget et votre style de vie.<\/p>\n<p>Chaque formule Flyto comprend tout ce dont vous avez r\u00e9ellement besoin (et rien de superflu)\u00a0: emballage professionnel, transport s\u00e9curis\u00e9, assurance, suivi et assistance \u00e0 chaque \u00e9tape.<\/p>\n<p>Vous saurez toujours exactement ce qui est inclus et combien cela co\u00fbte, car la transparence fait partie du luxe.<\/p>\n<p>D\u00e9m\u00e9nager \u00e0 l&#8217;\u00e9tranger repr\u00e9sente un grand changement, mais choisir la formule de d\u00e9m\u00e9nagement id\u00e9ale\u00a0? Avec Flyto, c&#8217;est facile. \u2728<\/p>\n<p>[\/et_pb_text][\/et_pb_column][et_pb_column type=&#8221;1_2&#8243; _builder_version=&#8221;4.27.4&#8243; _module_preset=&#8221;default&#8221; global_colors_info=&#8221;{}&#8221;][et_pb_image src=&#8221;https:\/\/flyto-wp-uploads.s3.eu-north-1.amazonaws.com\/wp-content\/uploads\/sites\/85\/2025\/10\/03182729\/FLYTO_-_Muutto_-_Kuvaaja_Nuuti_Paananen_4_1_1_1000.jpg&#8221; title_text=&#8221;FLYTO_-_Muutto_-_Kuvaaja_Nuuti_Paananen_4_1_1_1000&#8243; disabled_on=&#8221;off|off|off&#8221; _builder_version=&#8221;4.27.4&#8243; _module_preset=&#8221;default&#8221; border_radii=&#8221;on|20px|20px|20px|20px&#8221; global_colors_info=&#8221;{}&#8221;][\/et_pb_image][et_pb_button button_url=&#8221;@ET-DC@eyJkeW5hbWljIjp0cnVlLCJjb250ZW50IjoicG9zdF9saW5rX3VybF9wYWdlIiwic2V0dGluZ3MiOnsicG9zdF9pZCI6IjczMCIsImVuYWJsZV9odG1sIjoib2ZmIn19@&#8221; button_text=&#8221;Tous les services&#8221; _builder_version=&#8221;4.27.4&#8243; _dynamic_attributes=&#8221;button_url&#8221; _module_preset=&#8221;_initial&#8221; custom_button=&#8221;on&#8221; button_text_size=&#8221;16px&#8221; button_text_color=&#8221;#CD207D&#8221; button_border_color=&#8221;#CD207D&#8221; button_border_radius=&#8221;100px&#8221; button_font=&#8221;Outfit|600|||||||&#8221; button_use_icon=&#8221;off&#8221; custom_margin=&#8221;-2px||||false|false&#8221; custom_padding=&#8221;10px|26px|10px|26px|true|true&#8221; global_colors_info=&#8221;{%22gcid-f1e65d51-fa2f-4bf0-b2c1-8eab7001e8fd%22:%91%22button_text_color%22%93}&#8221;][\/et_pb_button][\/et_pb_column][\/et_pb_row][\/et_pb_section]<\/p>\n","protected":false},"excerpt":{"rendered":"<p>Parce que vos biens ne m\u00e9ritent rien de moins.Chez Flyto Relocation, la s\u00e9curit\u00e9 n&#8217;est pas seulement un service parmi d&#8217;autres, c&#8217;est notre priorit\u00e9 absolue. Nous sommes fiers d&#8217;\u00eatre l&#8217;entreprise de d\u00e9m\u00e9nagement la plus s\u00fbre au monde, alliant technologie de pointe et professionnalisme hors pair pour prot\u00e9ger ce qui compte le plus pour vous. Chaque v\u00e9hicule [&hellip;]<\/p>\n","protected":false},"author":1,"featured_media":0,"parent":0,"menu_order":0,"comment_status":"closed","ping_status":"closed","template":"","meta":{"_et_pb_use_builder":"on","_et_pb_old_content":"","_et_gb_content_width":"","footnotes":""},"class_list":["post-727","page","type-page","status-publish","hentry"],"yoast_head":"<!-- This site is optimized with the Yoast SEO plugin v26.3 - https:\/\/yoast.com\/wordpress\/plugins\/seo\/ -->\n<title>About - Flyto Relocation France (French)<\/title>\n<meta name=\"robots\" content=\"index, follow, max-snippet:-1, max-image-preview:large, max-video-preview:-1\" \/>\n<link rel=\"canonical\" href=\"https:\/\/flytorelocation.com\/fr-fr\/about\/\" \/>\n<meta property=\"og:locale\" content=\"fi_FI\" \/>\n<meta property=\"og:type\" content=\"article\" \/>\n<meta property=\"og:title\" content=\"About - Flyto Relocation France (French)\" \/>\n<meta property=\"og:description\" content=\"Parce que vos biens ne m\u00e9ritent rien de moins.Chez Flyto Relocation, la s\u00e9curit\u00e9 n&#039;est pas seulement un service parmi d&#039;autres, c&#039;est notre priorit\u00e9 absolue. Nous sommes fiers d&#039;\u00eatre l&#039;entreprise de d\u00e9m\u00e9nagement la plus s\u00fbre au monde, alliant technologie de pointe et professionnalisme hors pair pour prot\u00e9ger ce qui compte le plus pour vous. Chaque v\u00e9hicule [&hellip;]\" \/>\n<meta property=\"og:url\" content=\"https:\/\/flytorelocation.com\/fr-fr\/about\/\" \/>\n<meta property=\"og:site_name\" content=\"Flyto Relocation France (French)\" \/>\n<meta property=\"article:modified_time\" content=\"2026-01-16T18:46:39+00:00\" \/>\n<meta name=\"twitter:card\" content=\"summary_large_image\" \/>\n<meta name=\"twitter:label1\" content=\"Arvioitu lukuaika\" \/>\n\t<meta name=\"twitter:data1\" content=\"7 minuuttia\" \/>\n<script type=\"application\/ld+json\" class=\"yoast-schema-graph\">{\"@context\":\"https:\/\/schema.org\",\"@graph\":[{\"@type\":\"WebPage\",\"@id\":\"https:\/\/flytorelocation.com\/fr-fr\/about\/\",\"url\":\"https:\/\/flytorelocation.com\/fr-fr\/about\/\",\"name\":\"About - Flyto Relocation France (French)\",\"isPartOf\":{\"@id\":\"https:\/\/flytorelocation.com\/fr-fr\/#website\"},\"datePublished\":\"2025-10-17T16:02:33+00:00\",\"dateModified\":\"2026-01-16T18:46:39+00:00\",\"breadcrumb\":{\"@id\":\"https:\/\/flytorelocation.com\/fr-fr\/about\/#breadcrumb\"},\"inLanguage\":\"fi\",\"potentialAction\":[{\"@type\":\"ReadAction\",\"target\":[\"https:\/\/flytorelocation.com\/fr-fr\/about\/\"]}]},{\"@type\":\"BreadcrumbList\",\"@id\":\"https:\/\/flytorelocation.com\/fr-fr\/about\/#breadcrumb\",\"itemListElement\":[{\"@type\":\"ListItem\",\"position\":1,\"name\":\"Etusivu\",\"item\":\"https:\/\/flytorelocation.com\/fr-fr\/\"},{\"@type\":\"ListItem\",\"position\":2,\"name\":\"About\"}]},{\"@type\":\"WebSite\",\"@id\":\"https:\/\/flytorelocation.com\/fr-fr\/#website\",\"url\":\"https:\/\/flytorelocation.com\/fr-fr\/\",\"name\":\"Flyto Relocation France (French)\",\"description\":\"\",\"publisher\":{\"@id\":\"https:\/\/flytorelocation.com\/fr-fr\/#organization\"},\"potentialAction\":[{\"@type\":\"SearchAction\",\"target\":{\"@type\":\"EntryPoint\",\"urlTemplate\":\"https:\/\/flytorelocation.com\/fr-fr\/?s={search_term_string}\"},\"query-input\":{\"@type\":\"PropertyValueSpecification\",\"valueRequired\":true,\"valueName\":\"search_term_string\"}}],\"inLanguage\":\"fi\"},{\"@type\":\"Organization\",\"@id\":\"https:\/\/flytorelocation.com\/fr-fr\/#organization\",\"name\":\"Flyto Relocation France (French)\",\"url\":\"https:\/\/flytorelocation.com\/fr-fr\/\",\"logo\":{\"@type\":\"ImageObject\",\"inLanguage\":\"fi\",\"@id\":\"https:\/\/flytorelocation.com\/fr-fr\/#\/schema\/logo\/image\/\",\"url\":\"https:\/\/flyto-wp-uploads.s3.eu-north-1.amazonaws.com\/wp-content\/uploads\/sites\/85\/2025\/10\/13130143\/Flyto-col.png\",\"contentUrl\":\"https:\/\/flyto-wp-uploads.s3.eu-north-1.amazonaws.com\/wp-content\/uploads\/sites\/85\/2025\/10\/13130143\/Flyto-col.png\",\"width\":618,\"height\":337,\"caption\":\"Flyto Relocation France (French)\"},\"image\":{\"@id\":\"https:\/\/flytorelocation.com\/fr-fr\/#\/schema\/logo\/image\/\"}}]}<\/script>\n<!-- \/ Yoast SEO plugin. -->","yoast_head_json":{"title":"About - Flyto Relocation France (French)","robots":{"index":"index","follow":"follow","max-snippet":"max-snippet:-1","max-image-preview":"max-image-preview:large","max-video-preview":"max-video-preview:-1"},"canonical":"https:\/\/flytorelocation.com\/fr-fr\/about\/","og_locale":"fi_FI","og_type":"article","og_title":"About - Flyto Relocation France (French)","og_description":"Parce que vos biens ne m\u00e9ritent rien de moins.Chez Flyto Relocation, la s\u00e9curit\u00e9 n'est pas seulement un service parmi d'autres, c'est notre priorit\u00e9 absolue. Nous sommes fiers d'\u00eatre l'entreprise de d\u00e9m\u00e9nagement la plus s\u00fbre au monde, alliant technologie de pointe et professionnalisme hors pair pour prot\u00e9ger ce qui compte le plus pour vous. Chaque v\u00e9hicule [&hellip;]","og_url":"https:\/\/flytorelocation.com\/fr-fr\/about\/","og_site_name":"Flyto Relocation France (French)","article_modified_time":"2026-01-16T18:46:39+00:00","twitter_card":"summary_large_image","twitter_misc":{"Arvioitu lukuaika":"7 minuuttia"},"schema":{"@context":"https:\/\/schema.org","@graph":[{"@type":"WebPage","@id":"https:\/\/flytorelocation.com\/fr-fr\/about\/","url":"https:\/\/flytorelocation.com\/fr-fr\/about\/","name":"About - Flyto Relocation France (French)","isPartOf":{"@id":"https:\/\/flytorelocation.com\/fr-fr\/#website"},"datePublished":"2025-10-17T16:02:33+00:00","dateModified":"2026-01-16T18:46:39+00:00","breadcrumb":{"@id":"https:\/\/flytorelocation.com\/fr-fr\/about\/#breadcrumb"},"inLanguage":"fi","potentialAction":[{"@type":"ReadAction","target":["https:\/\/flytorelocation.com\/fr-fr\/about\/"]}]},{"@type":"BreadcrumbList","@id":"https:\/\/flytorelocation.com\/fr-fr\/about\/#breadcrumb","itemListElement":[{"@type":"ListItem","position":1,"name":"Etusivu","item":"https:\/\/flytorelocation.com\/fr-fr\/"},{"@type":"ListItem","position":2,"name":"About"}]},{"@type":"WebSite","@id":"https:\/\/flytorelocation.com\/fr-fr\/#website","url":"https:\/\/flytorelocation.com\/fr-fr\/","name":"Flyto Relocation France (French)","description":"","publisher":{"@id":"https:\/\/flytorelocation.com\/fr-fr\/#organization"},"potentialAction":[{"@type":"SearchAction","target":{"@type":"EntryPoint","urlTemplate":"https:\/\/flytorelocation.com\/fr-fr\/?s={search_term_string}"},"query-input":{"@type":"PropertyValueSpecification","valueRequired":true,"valueName":"search_term_string"}}],"inLanguage":"fi"},{"@type":"Organization","@id":"https:\/\/flytorelocation.com\/fr-fr\/#organization","name":"Flyto Relocation France (French)","url":"https:\/\/flytorelocation.com\/fr-fr\/","logo":{"@type":"ImageObject","inLanguage":"fi","@id":"https:\/\/flytorelocation.com\/fr-fr\/#\/schema\/logo\/image\/","url":"https:\/\/flyto-wp-uploads.s3.eu-north-1.amazonaws.com\/wp-content\/uploads\/sites\/85\/2025\/10\/13130143\/Flyto-col.png","contentUrl":"https:\/\/flyto-wp-uploads.s3.eu-north-1.amazonaws.com\/wp-content\/uploads\/sites\/85\/2025\/10\/13130143\/Flyto-col.png","width":618,"height":337,"caption":"Flyto Relocation France (French)"},"image":{"@id":"https:\/\/flytorelocation.com\/fr-fr\/#\/schema\/logo\/image\/"}}]}},"acf":[],"_links":{"self":[{"href":"https:\/\/flytorelocation.com\/fr-fr\/wp-json\/wp\/v2\/pages\/727","targetHints":{"allow":["GET"]}}],"collection":[{"href":"https:\/\/flytorelocation.com\/fr-fr\/wp-json\/wp\/v2\/pages"}],"about":[{"href":"https:\/\/flytorelocation.com\/fr-fr\/wp-json\/wp\/v2\/types\/page"}],"author":[{"embeddable":true,"href":"https:\/\/flytorelocation.com\/fr-fr\/wp-json\/wp\/v2\/users\/1"}],"replies":[{"embeddable":true,"href":"https:\/\/flytorelocation.com\/fr-fr\/wp-json\/wp\/v2\/comments?post=727"}],"version-history":[{"count":17,"href":"https:\/\/flytorelocation.com\/fr-fr\/wp-json\/wp\/v2\/pages\/727\/revisions"}],"predecessor-version":[{"id":1358,"href":"https:\/\/flytorelocation.com\/fr-fr\/wp-json\/wp\/v2\/pages\/727\/revisions\/1358"}],"wp:attachment":[{"href":"https:\/\/flytorelocation.com\/fr-fr\/wp-json\/wp\/v2\/media?parent=727"}],"curies":[{"name":"wp","href":"https:\/\/api.w.org\/{rel}","templated":true}]}}