{"id":726,"date":"2025-10-17T19:02:33","date_gmt":"2025-10-17T16:02:33","guid":{"rendered":"https:\/\/flytorelocation.com\/fr-fr\/fi\/?page_id=80"},"modified":"2025-12-15T08:36:58","modified_gmt":"2025-12-15T06:36:58","slug":"network","status":"publish","type":"page","link":"https:\/\/flytorelocation.com\/fr-fr\/network\/","title":{"rendered":"Network"},"content":{"rendered":"<p>[et_pb_section fb_built=&#8221;1&#8243; custom_padding_last_edited=&#8221;on|phone&#8221; admin_label=&#8221;Header&#8221; _builder_version=&#8221;4.27.4&#8243; _module_preset=&#8221;default&#8221; background_enable_image=&#8221;off&#8221; custom_padding=&#8221;120px||120px||true|false&#8221; custom_padding_tablet=&#8221;80px||80px||true|false&#8221; custom_padding_phone=&#8221;60px||60px||true|false&#8221; border_radii=&#8221;off|||3vw|3vw&#8221; collapsed=&#8221;on&#8221; global_colors_info=&#8221;{}&#8221; theme_builder_area=&#8221;post_content&#8221;][et_pb_row _builder_version=&#8221;4.27.4&#8243; _module_preset=&#8221;default&#8221; global_colors_info=&#8221;{}&#8221; theme_builder_area=&#8221;post_content&#8221;][et_pb_column type=&#8221;4_4&#8243; _builder_version=&#8221;4.22.0&#8243; _module_preset=&#8221;default&#8221; global_colors_info=&#8221;{}&#8221; theme_builder_area=&#8221;post_content&#8221;][et_pb_heading title=&#8221;Flyto \u00e0 travers l&#8217;Europe&#8221; _builder_version=&#8221;4.27.4&#8243; _module_preset=&#8221;_initial&#8221; title_font=&#8221;Flyto oma||||||||&#8221; title_text_color=&#8221;#CD207D&#8221; title_font_size=&#8221;62px&#8221; custom_margin=&#8221;||10px||false|false&#8221; custom_margin_tablet=&#8221;||10px||false|false&#8221; custom_margin_phone=&#8221;||10px||false|false&#8221; custom_margin_last_edited=&#8221;on|phone&#8221; custom_padding_tablet=&#8221;&#8221; custom_padding_phone=&#8221;0px||||false|false&#8221; custom_padding_last_edited=&#8221;on|phone&#8221; hover_enabled=&#8221;0&#8243; title_font_size_tablet=&#8221;40px&#8221; title_font_size_phone=&#8221;30px&#8221; title_font_size_last_edited=&#8221;on|phone&#8221; locked=&#8221;off&#8221; global_colors_info=&#8221;{}&#8221; theme_builder_area=&#8221;post_content&#8221; sticky_enabled=&#8221;0&#8243;][\/et_pb_heading][et_pb_text _builder_version=&#8221;4.27.4&#8243; _module_preset=&#8221;_initial&#8221; text_font=&#8221;Montserrat||||||||&#8221; text_line_height=&#8221;1.6em&#8221; width=&#8221;100%&#8221; min_height=&#8221;79.2px&#8221; custom_margin=&#8221;||||false|false&#8221; custom_padding=&#8221;||||false|false&#8221; custom_padding_tablet=&#8221;||||false|false&#8221; custom_padding_phone=&#8221;||||false|false&#8221; custom_padding_last_edited=&#8221;on|phone&#8221; hover_enabled=&#8221;0&#8243; global_colors_info=&#8221;{}&#8221; theme_builder_area=&#8221;post_content&#8221; sticky_enabled=&#8221;0&#8243;]<\/p>\n<p>O\u00f9 que vous d\u00e9m\u00e9nagiez (au nord, au sud, \u00e0 l&#8217;est ou \u00e0 l&#8217;ouest), Flyto vous accompagne pour un d\u00e9m\u00e9nagement serein, s\u00fbr et enti\u00e8rement g\u00e9r\u00e9.<\/p>\n<p>Notre r\u00e9seau couvre 19 pays europ\u00e9ens, avec des agences locales d\u00e9di\u00e9es qui garantissent des services de d\u00e9m\u00e9nagement haut de gamme sur tout le continent.<\/p>\n<p>[\/et_pb_text][\/et_pb_column][\/et_pb_row][\/et_pb_section][et_pb_section fb_built=&#8221;1&#8243; _builder_version=&#8221;4.27.4&#8243; _module_preset=&#8221;default&#8221; background_color=&#8221;#fafafa&#8221; global_colors_info=&#8221;{}&#8221; theme_builder_area=&#8221;post_content&#8221;][et_pb_row column_structure=&#8221;1_4,1_4,1_4,1_4&#8243; _builder_version=&#8221;4.27.0&#8243; _module_preset=&#8221;default&#8221; custom_margin=&#8221;|auto|33px|auto||&#8221; global_colors_info=&#8221;{}&#8221; theme_builder_area=&#8221;post_content&#8221;][et_pb_column type=&#8221;1_4&#8243; _builder_version=&#8221;4.22.0&#8243; _module_preset=&#8221;default&#8221; global_colors_info=&#8221;{}&#8221; theme_builder_area=&#8221;post_content&#8221;][et_pb_heading title=&#8221;Expertise locale, normes mondiales&#8221; _builder_version=&#8221;4.27.4&#8243; _module_preset=&#8221;_initial&#8221; title_font=&#8221;Flyto oma||||||||&#8221; title_text_color=&#8221;#CD207D&#8221; title_line_height=&#8221;1.2em&#8221; custom_margin=&#8221;||10px||false|false&#8221; hover_enabled=&#8221;0&#8243; locked=&#8221;off&#8221; global_colors_info=&#8221;{}&#8221; theme_builder_area=&#8221;post_content&#8221; sticky_enabled=&#8221;0&#8243; title_font_size=&#8221;24px&#8221;][\/et_pb_heading][et_pb_text _builder_version=&#8221;4.27.4&#8243; _module_preset=&#8221;_initial&#8221; text_font=&#8221;Montserrat||||||||&#8221; header_5_font=&#8221;Poppins||||||||&#8221; hover_enabled=&#8221;0&#8243; global_colors_info=&#8221;{}&#8221; theme_builder_area=&#8221;post_content&#8221; sticky_enabled=&#8221;0&#8243;]<\/p>\n<h5 data-start=\"524\" data-end=\"544\"><strong data-start=\"528\" data-end=\"544\">Europe du Nord<\/strong><\/h5>\n<p data-start=\"546\" data-end=\"962\">\ud83c\uddeb\ud83c\uddee <strong data-start=\"551\" data-end=\"562\">Finland<\/strong> \u2013 Notre si\u00e8ge social et notre base principale, offrant des services de relocalisation internationale complets avec la pr\u00e9cision nordique.<br data-start=\"667\" data-end=\"670\" \/>\ud83c\uddf8\ud83c\uddea <strong data-start=\"675\" data-end=\"685\">Sweden<\/strong> \u2013 Un accompagnement expert pour vos d\u00e9m\u00e9nagements entrants et sortants sur le march\u00e9 dynamique de la Scandinavie.<br data-start=\"770\" data-end=\"773\" \/>\ud83c\uddf3\ud83c\uddf4 <strong data-start=\"778\" data-end=\"788\">Norway<\/strong> \u2013 Une logistique s\u00fbre et fiable sur des terrains difficiles et de longues distances.<br data-start=\"867\" data-end=\"870\" \/>\ud83c\udde9\ud83c\uddf0 <strong data-start=\"875\" data-end=\"886\">Denmark<\/strong> \u2013 Des solutions de d\u00e9m\u00e9nagement efficaces et durables dans toutes les r\u00e9gions danoises.<\/p>\n<p>[\/et_pb_text][\/et_pb_column][et_pb_column type=&#8221;1_4&#8243; _builder_version=&#8221;4.27.4&#8243; _module_preset=&#8221;default&#8221; global_colors_info=&#8221;{}&#8221; theme_builder_area=&#8221;post_content&#8221;][et_pb_text _builder_version=&#8221;4.27.4&#8243; _module_preset=&#8221;_initial&#8221; text_font=&#8221;Montserrat||||||||&#8221; header_5_font=&#8221;Poppins||||||||&#8221; hover_enabled=&#8221;0&#8243; global_colors_info=&#8221;{}&#8221; theme_builder_area=&#8221;post_content&#8221; sticky_enabled=&#8221;0&#8243;]<\/p>\n<h5 data-start=\"969\" data-end=\"991\"><strong data-start=\"973\" data-end=\"991\">Europe Centrale<\/strong><\/h5>\n<p data-start=\"993\" data-end=\"1616\">\ud83c\udde9\ud83c\uddea <strong data-start=\"998\" data-end=\"1009\">Germany<\/strong> \u2013 Un hub Flyto cl\u00e9 reliant l&#8217;Europe du Nord et du Sud gr\u00e2ce \u00e0 des op\u00e9rations sans faille.<br data-start=\"1093\" data-end=\"1096\" \/>\ud83c\uddf3\ud83c\uddf1 <strong data-start=\"1101\" data-end=\"1116\">Netherlands<\/strong> \u2013 Services de d\u00e9m\u00e9nagement rapides et bien organis\u00e9s dans l&#8217;un des principaux n\u0153uds de transport d&#8217;Europe.<br data-start=\"1202\" data-end=\"1205\" \/>\ud83c\udde7\ud83c\uddea <strong data-start=\"1210\" data-end=\"1221\">Belgium<\/strong> \u2013 Une expertise locale pour les familles, les professionnels et les diplomates en d\u00e9placement transfrontalier.<br data-start=\"1305\" data-end=\"1308\" \/>\ud83c\uddf1\ud83c\uddfa <strong data-start=\"1313\" data-end=\"1327\">Luxembourg<\/strong> \u2013 Services sur mesure pour les expatri\u00e9s et les relocalisations d&#8217;entreprises au c\u0153ur financier de l&#8217;Europe.<br data-start=\"1413\" data-end=\"1416\" \/>\ud83c\udde8\ud83c\udded <strong data-start=\"1421\" data-end=\"1436\">Switzerland<\/strong> \u2013 D\u00e9m\u00e9nagements haut de gamme avec une attention particuli\u00e8re port\u00e9e aux r\u00e9glementations douani\u00e8res et transfrontali\u00e8res.<br data-start=\"1512\" data-end=\"1515\" \/>\ud83c\udde6\ud83c\uddf9 <strong data-start=\"1520\" data-end=\"1531\">Austria<\/strong> \u2013 Un accompagnement \u00e0 la relocalisation dans les Alpes et au-del\u00e0, assur\u00e9 avec la pr\u00e9cision reconnue de Flyto.<\/p>\n<p>[\/et_pb_text][\/et_pb_column][et_pb_column type=&#8221;1_4&#8243; _builder_version=&#8221;4.27.4&#8243; _module_preset=&#8221;default&#8221; global_colors_info=&#8221;{}&#8221; theme_builder_area=&#8221;post_content&#8221;][et_pb_text _builder_version=&#8221;4.27.4&#8243; _module_preset=&#8221;_initial&#8221; text_font=&#8221;Montserrat||||||||&#8221; header_5_font=&#8221;Poppins||||||||&#8221; hover_enabled=&#8221;0&#8243; global_colors_info=&#8221;{}&#8221; theme_builder_area=&#8221;post_content&#8221; sticky_enabled=&#8221;0&#8243;]<\/p>\n<h5 data-start=\"1623\" data-end=\"1643\"><strong data-start=\"1627\" data-end=\"1643\">Europe du Sud<\/strong><\/h5>\n<p data-start=\"1645\" data-end=\"2032\">\ud83c\uddeb\ud83c\uddf7 <strong data-start=\"1650\" data-end=\"1660\">France<\/strong> \u2013 Des d\u00e9m\u00e9nagements en toute s\u00e9r\u00e9nit\u00e9 dans les grandes villes fran\u00e7aises et la charmante campagne environnante.<br data-start=\"1743\" data-end=\"1746\" \/>\ud83c\uddee\ud83c\uddf9 <strong data-start=\"1751\" data-end=\"1760\">Italy<\/strong> \u2013 Des services de d\u00e9m\u00e9nagement personnalis\u00e9s con\u00e7us pour faciliter les transitions de vie et assurer votre confort.<br data-start=\"1839\" data-end=\"1842\" \/>\ud83c\uddea\ud83c\uddf8 <strong data-start=\"1847\" data-end=\"1856\">Spain<\/strong> \u2013 Approuv\u00e9e par les familles et les professionnels qui s&#8217;installent sous le soleil m\u00e9diterran\u00e9en.<br data-start=\"1935\" data-end=\"1938\" \/>\ud83c\uddf5\ud83c\uddf9 <strong data-start=\"1943\" data-end=\"1955\">Portugal<\/strong> \u2013 Une destination accueillante, soutenue par le service de coordination de d\u00e9m\u00e9nagement fiable de Flyto.<\/p>\n<p>[\/et_pb_text][et_pb_text _builder_version=&#8221;4.27.4&#8243; _module_preset=&#8221;_initial&#8221; text_font=&#8221;Montserrat||||||||&#8221; header_5_font=&#8221;Poppins||||||||&#8221; hover_enabled=&#8221;0&#8243; global_colors_info=&#8221;{}&#8221; theme_builder_area=&#8221;post_content&#8221; sticky_enabled=&#8221;0&#8243;]<\/p>\n<h5 data-start=\"2343\" data-end=\"2364\"><strong data-start=\"2347\" data-end=\"2364\">\u00celes Britanniques<\/strong><\/h5>\n<p data-start=\"2366\" data-end=\"2562\">\ud83c\uddec\ud83c\udde7 <strong data-start=\"2371\" data-end=\"2389\">United Kingdom<\/strong> \u2013 Un accompagnement sp\u00e9cialis\u00e9 pour les d\u00e9m\u00e9nagements internationaux \u00e0 destination et en provenance de la Grande-Bretagne post-Brexit.<br data-start=\"2463\" data-end=\"2466\" \/>\ud83c\uddee\ud83c\uddea <strong data-start=\"2471\" data-end=\"2482\">Ireland<\/strong> \u2013 Assistance professionnelle en mati\u00e8re de d\u00e9m\u00e9nagement pour les particuliers et les entreprises.<\/p>\n<p>[\/et_pb_text][\/et_pb_column][et_pb_column type=&#8221;1_4&#8243; _builder_version=&#8221;4.22.0&#8243; _module_preset=&#8221;default&#8221; global_colors_info=&#8221;{}&#8221; theme_builder_area=&#8221;post_content&#8221;][et_pb_code _builder_version=&#8221;4.27.4&#8243; _module_preset=&#8221;default&#8221; global_colors_info=&#8221;{}&#8221; theme_builder_area=&#8221;post_content&#8221;][\/et_pb_code][et_pb_text _builder_version=&#8221;4.27.4&#8243; _module_preset=&#8221;_initial&#8221; text_font=&#8221;Montserrat||||||||&#8221; header_5_font=&#8221;Poppins||||||||&#8221; custom_margin=&#8221;-34px|||||&#8221; hover_enabled=&#8221;0&#8243; global_colors_info=&#8221;{}&#8221; theme_builder_area=&#8221;post_content&#8221; sticky_enabled=&#8221;0&#8243;]<\/p>\n<h5 data-start=\"2039\" data-end=\"2058\"><strong data-start=\"2043\" data-end=\"2058\">Europe de l&#8217;Est<\/strong><\/h5>\n<p data-start=\"2060\" data-end=\"2336\">\ud83c\uddea\ud83c\uddea <strong data-start=\"2065\" data-end=\"2076\">Estonia<\/strong> \u2013March\u00e9 du Nord en pleine expansion gr\u00e2ce au r\u00e9seau de relocalisation fiable de Flyto.<br data-start=\"2149\" data-end=\"2152\" \/>\ud83c\uddf5\ud83c\uddf1 <strong data-start=\"2157\" data-end=\"2167\">Poland<\/strong> \u2013 Une logistique performante et des partenariats locaux facilitent les d\u00e9m\u00e9nagements.<br data-start=\"2238\" data-end=\"2241\" \/>\ud83c\udde8\ud83c\uddff <strong data-start=\"2246\" data-end=\"2264\">Czech Republic<\/strong> \u2013 Services de d\u00e9m\u00e9nagement complets pour les entreprises et les particuliers.<\/p>\n<p>[\/et_pb_text][\/et_pb_column][\/et_pb_row][\/et_pb_section][et_pb_section fb_built=&#8221;1&#8243; admin_label=&#8221;Services&#8221; _builder_version=&#8221;4.27.4&#8243; _module_preset=&#8221;default&#8221; background_enable_color=&#8221;off&#8221; collapsed=&#8221;on&#8221; global_colors_info=&#8221;{}&#8221; theme_builder_area=&#8221;post_content&#8221;][et_pb_row column_structure=&#8221;1_2,1_2&#8243; _builder_version=&#8221;4.27.4&#8243; _module_preset=&#8221;default&#8221; global_colors_info=&#8221;{}&#8221; theme_builder_area=&#8221;post_content&#8221;][et_pb_column type=&#8221;1_2&#8243; _builder_version=&#8221;4.27.4&#8243; _module_preset=&#8221;default&#8221; global_colors_info=&#8221;{}&#8221; theme_builder_area=&#8221;post_content&#8221;][et_pb_text _builder_version=&#8221;4.27.4&#8243; _module_preset=&#8221;_initial&#8221; text_font=&#8221;Montserrat||||||||&#8221; header_2_font=&#8221;Flyto oma||||||||&#8221; header_2_text_color=&#8221;#CD207D&#8221; header_2_font_size=&#8221;28px&#8221; custom_margin=&#8221;||||false|false&#8221; hover_enabled=&#8221;0&#8243; global_colors_info=&#8221;{}&#8221; theme_builder_area=&#8221;post_content&#8221; sticky_enabled=&#8221;0&#8243;]<\/p>\n<h2>D\u00e9placez-vous en toute confiance \u00e0 travers l&#8217;Europe<\/h2>\n<p>[\/et_pb_text][et_pb_text _builder_version=&#8221;4.27.4&#8243; _module_preset=&#8221;_initial&#8221; text_font=&#8221;Montserrat||||||||&#8221; text_line_height=&#8221;1.6em&#8221; width=&#8221;100%&#8221; min_height=&#8221;79.2px&#8221; custom_margin=&#8221;-20px||||false|false&#8221; custom_padding=&#8221;||||false|false&#8221; custom_padding_tablet=&#8221;||||false|false&#8221; custom_padding_phone=&#8221;||||false|false&#8221; custom_padding_last_edited=&#8221;on|phone&#8221; hover_enabled=&#8221;0&#8243; locked=&#8221;off&#8221; global_colors_info=&#8221;{}&#8221; theme_builder_area=&#8221;post_content&#8221; sticky_enabled=&#8221;0&#8243;]<\/p>\n<p>Que vous d\u00e9m\u00e9nagiez votre domicile, votre famille ou votre entreprise, Flyto est votre partenaire de confiance dans 19 pays europ\u00e9ens.<\/p>\n<p>Notre r\u00e9seau \u00e9tendu garantit que chaque d\u00e9m\u00e9nagement \u2013 \u200b\u200bd\u2019Helsinki \u00e0 Lisbonne ou de Stockholm \u00e0 Rome \u2013 est g\u00e9r\u00e9 avec pr\u00e9cision, soin et une approche personnalis\u00e9e.<\/p>\n<p>O\u00f9 que la vie vous m\u00e8ne, nous veillons \u00e0 ce que votre voyage commence en toute s\u00e9r\u00e9nit\u00e9.<\/p>\n<p>[\/et_pb_text][et_pb_button button_text=&#8221;D\u00e9couvrez nos services&#8221; _builder_version=&#8221;4.27.4&#8243; _module_preset=&#8221;_initial&#8221; custom_button=&#8221;on&#8221; button_text_size=&#8221;16px&#8221; button_text_color=&#8221;#CD207D&#8221; button_bg_color=&#8221;#FFFFFF&#8221; button_border_color=&#8221;#CD207D&#8221; button_border_radius=&#8221;100px&#8221; button_font=&#8221;Outfit|600|||||||&#8221; button_use_icon=&#8221;off&#8221; custom_margin=&#8221;-10px||||false|false&#8221; custom_padding=&#8221;10px|26px|10px|26px|true|true&#8221; hover_enabled=&#8221;0&#8243; global_colors_info=&#8221;{%22gcid-f1e65d51-fa2f-4bf0-b2c1-8eab7001e8fd%22:%91%22button_text_color%22%93}&#8221; theme_builder_area=&#8221;post_content&#8221; button_url=&#8221;@ET-DC@eyJkeW5hbWljIjp0cnVlLCJjb250ZW50IjoicG9zdF9saW5rX3VybF9wYWdlIiwic2V0dGluZ3MiOnsicG9zdF9pZCI6IjczMCIsImVuYWJsZV9odG1sIjoib2ZmIn19@&#8221; _dynamic_attributes=&#8221;button_url&#8221; sticky_enabled=&#8221;0&#8243;][\/et_pb_button][\/et_pb_column][et_pb_column type=&#8221;1_2&#8243; _builder_version=&#8221;4.27.4&#8243; _module_preset=&#8221;default&#8221; global_colors_info=&#8221;{}&#8221; theme_builder_area=&#8221;post_content&#8221;][et_pb_image src=&#8221;https:\/\/flyto-wp-uploads.s3.eu-north-1.amazonaws.com\/wp-content\/uploads\/sites\/85\/2025\/10\/03182725\/FLYTO_-_Muutto_-_Kuvaaja_Nuuti_Paananen_8_2_optimized_1000.jpg&#8221; title_text=&#8221;FLYTO_-_Muutto_-_Kuvaaja_Nuuti_Paananen_8_2_optimized_1000&#8243; _builder_version=&#8221;4.27.4&#8243; _module_preset=&#8221;default&#8221; border_radii=&#8221;on|10px|10px|10px|10px&#8221; global_colors_info=&#8221;{}&#8221; theme_builder_area=&#8221;post_content&#8221;][\/et_pb_image][\/et_pb_column][\/et_pb_row][\/et_pb_section]<\/p>\n","protected":false},"excerpt":{"rendered":"<p>O\u00f9 que vous d\u00e9m\u00e9nagiez (au nord, au sud, \u00e0 l&#8217;est ou \u00e0 l&#8217;ouest), Flyto vous accompagne pour un d\u00e9m\u00e9nagement serein, s\u00fbr et enti\u00e8rement g\u00e9r\u00e9. Notre r\u00e9seau couvre 19 pays europ\u00e9ens, avec des agences locales d\u00e9di\u00e9es qui garantissent des services de d\u00e9m\u00e9nagement haut de gamme sur tout le continent.Europe du Nord \ud83c\uddeb\ud83c\uddee Finland \u2013 Notre si\u00e8ge [&hellip;]<\/p>\n","protected":false},"author":1,"featured_media":0,"parent":0,"menu_order":0,"comment_status":"closed","ping_status":"closed","template":"","meta":{"_et_pb_use_builder":"on","_et_pb_old_content":"","_et_gb_content_width":"","footnotes":""},"class_list":["post-726","page","type-page","status-publish","hentry"],"yoast_head":"<!-- This site is optimized with the Yoast SEO plugin v26.3 - https:\/\/yoast.com\/wordpress\/plugins\/seo\/ -->\n<title>Network - Flyto Relocation France (French)<\/title>\n<meta name=\"robots\" content=\"index, follow, max-snippet:-1, max-image-preview:large, max-video-preview:-1\" \/>\n<link rel=\"canonical\" href=\"https:\/\/flytorelocation.com\/fr-fr\/network\/\" \/>\n<meta property=\"og:locale\" content=\"fi_FI\" \/>\n<meta property=\"og:type\" content=\"article\" \/>\n<meta property=\"og:title\" content=\"Network - Flyto Relocation France (French)\" \/>\n<meta property=\"og:description\" content=\"O\u00f9 que vous d\u00e9m\u00e9nagiez (au nord, au sud, \u00e0 l&#039;est ou \u00e0 l&#039;ouest), Flyto vous accompagne pour un d\u00e9m\u00e9nagement serein, s\u00fbr et enti\u00e8rement g\u00e9r\u00e9. Notre r\u00e9seau couvre 19 pays europ\u00e9ens, avec des agences locales d\u00e9di\u00e9es qui garantissent des services de d\u00e9m\u00e9nagement haut de gamme sur tout le continent.Europe du Nord \ud83c\uddeb\ud83c\uddee Finland \u2013 Notre si\u00e8ge [&hellip;]\" \/>\n<meta property=\"og:url\" content=\"https:\/\/flytorelocation.com\/fr-fr\/network\/\" \/>\n<meta property=\"og:site_name\" content=\"Flyto Relocation France (French)\" \/>\n<meta property=\"article:modified_time\" content=\"2025-12-15T06:36:58+00:00\" \/>\n<meta name=\"twitter:card\" content=\"summary_large_image\" \/>\n<meta name=\"twitter:label1\" content=\"Arvioitu lukuaika\" \/>\n\t<meta name=\"twitter:data1\" content=\"7 minuuttia\" \/>\n<script type=\"application\/ld+json\" class=\"yoast-schema-graph\">{\"@context\":\"https:\/\/schema.org\",\"@graph\":[{\"@type\":\"WebPage\",\"@id\":\"https:\/\/flytorelocation.com\/fr-fr\/network\/\",\"url\":\"https:\/\/flytorelocation.com\/fr-fr\/network\/\",\"name\":\"Network - Flyto Relocation France (French)\",\"isPartOf\":{\"@id\":\"https:\/\/flytorelocation.com\/fr-fr\/#website\"},\"datePublished\":\"2025-10-17T16:02:33+00:00\",\"dateModified\":\"2025-12-15T06:36:58+00:00\",\"breadcrumb\":{\"@id\":\"https:\/\/flytorelocation.com\/fr-fr\/network\/#breadcrumb\"},\"inLanguage\":\"fi\",\"potentialAction\":[{\"@type\":\"ReadAction\",\"target\":[\"https:\/\/flytorelocation.com\/fr-fr\/network\/\"]}]},{\"@type\":\"BreadcrumbList\",\"@id\":\"https:\/\/flytorelocation.com\/fr-fr\/network\/#breadcrumb\",\"itemListElement\":[{\"@type\":\"ListItem\",\"position\":1,\"name\":\"Etusivu\",\"item\":\"https:\/\/flytorelocation.com\/fr-fr\/\"},{\"@type\":\"ListItem\",\"position\":2,\"name\":\"Network\"}]},{\"@type\":\"WebSite\",\"@id\":\"https:\/\/flytorelocation.com\/fr-fr\/#website\",\"url\":\"https:\/\/flytorelocation.com\/fr-fr\/\",\"name\":\"Flyto Relocation France (French)\",\"description\":\"\",\"publisher\":{\"@id\":\"https:\/\/flytorelocation.com\/fr-fr\/#organization\"},\"potentialAction\":[{\"@type\":\"SearchAction\",\"target\":{\"@type\":\"EntryPoint\",\"urlTemplate\":\"https:\/\/flytorelocation.com\/fr-fr\/?s={search_term_string}\"},\"query-input\":{\"@type\":\"PropertyValueSpecification\",\"valueRequired\":true,\"valueName\":\"search_term_string\"}}],\"inLanguage\":\"fi\"},{\"@type\":\"Organization\",\"@id\":\"https:\/\/flytorelocation.com\/fr-fr\/#organization\",\"name\":\"Flyto Relocation France (French)\",\"url\":\"https:\/\/flytorelocation.com\/fr-fr\/\",\"logo\":{\"@type\":\"ImageObject\",\"inLanguage\":\"fi\",\"@id\":\"https:\/\/flytorelocation.com\/fr-fr\/#\/schema\/logo\/image\/\",\"url\":\"https:\/\/flyto-wp-uploads.s3.eu-north-1.amazonaws.com\/wp-content\/uploads\/sites\/85\/2025\/10\/13130143\/Flyto-col.png\",\"contentUrl\":\"https:\/\/flyto-wp-uploads.s3.eu-north-1.amazonaws.com\/wp-content\/uploads\/sites\/85\/2025\/10\/13130143\/Flyto-col.png\",\"width\":618,\"height\":337,\"caption\":\"Flyto Relocation France (French)\"},\"image\":{\"@id\":\"https:\/\/flytorelocation.com\/fr-fr\/#\/schema\/logo\/image\/\"}}]}<\/script>\n<!-- \/ Yoast SEO plugin. -->","yoast_head_json":{"title":"Network - Flyto Relocation France (French)","robots":{"index":"index","follow":"follow","max-snippet":"max-snippet:-1","max-image-preview":"max-image-preview:large","max-video-preview":"max-video-preview:-1"},"canonical":"https:\/\/flytorelocation.com\/fr-fr\/network\/","og_locale":"fi_FI","og_type":"article","og_title":"Network - Flyto Relocation France (French)","og_description":"O\u00f9 que vous d\u00e9m\u00e9nagiez (au nord, au sud, \u00e0 l'est ou \u00e0 l'ouest), Flyto vous accompagne pour un d\u00e9m\u00e9nagement serein, s\u00fbr et enti\u00e8rement g\u00e9r\u00e9. Notre r\u00e9seau couvre 19 pays europ\u00e9ens, avec des agences locales d\u00e9di\u00e9es qui garantissent des services de d\u00e9m\u00e9nagement haut de gamme sur tout le continent.Europe du Nord \ud83c\uddeb\ud83c\uddee Finland \u2013 Notre si\u00e8ge [&hellip;]","og_url":"https:\/\/flytorelocation.com\/fr-fr\/network\/","og_site_name":"Flyto Relocation France (French)","article_modified_time":"2025-12-15T06:36:58+00:00","twitter_card":"summary_large_image","twitter_misc":{"Arvioitu lukuaika":"7 minuuttia"},"schema":{"@context":"https:\/\/schema.org","@graph":[{"@type":"WebPage","@id":"https:\/\/flytorelocation.com\/fr-fr\/network\/","url":"https:\/\/flytorelocation.com\/fr-fr\/network\/","name":"Network - Flyto Relocation France (French)","isPartOf":{"@id":"https:\/\/flytorelocation.com\/fr-fr\/#website"},"datePublished":"2025-10-17T16:02:33+00:00","dateModified":"2025-12-15T06:36:58+00:00","breadcrumb":{"@id":"https:\/\/flytorelocation.com\/fr-fr\/network\/#breadcrumb"},"inLanguage":"fi","potentialAction":[{"@type":"ReadAction","target":["https:\/\/flytorelocation.com\/fr-fr\/network\/"]}]},{"@type":"BreadcrumbList","@id":"https:\/\/flytorelocation.com\/fr-fr\/network\/#breadcrumb","itemListElement":[{"@type":"ListItem","position":1,"name":"Etusivu","item":"https:\/\/flytorelocation.com\/fr-fr\/"},{"@type":"ListItem","position":2,"name":"Network"}]},{"@type":"WebSite","@id":"https:\/\/flytorelocation.com\/fr-fr\/#website","url":"https:\/\/flytorelocation.com\/fr-fr\/","name":"Flyto Relocation France (French)","description":"","publisher":{"@id":"https:\/\/flytorelocation.com\/fr-fr\/#organization"},"potentialAction":[{"@type":"SearchAction","target":{"@type":"EntryPoint","urlTemplate":"https:\/\/flytorelocation.com\/fr-fr\/?s={search_term_string}"},"query-input":{"@type":"PropertyValueSpecification","valueRequired":true,"valueName":"search_term_string"}}],"inLanguage":"fi"},{"@type":"Organization","@id":"https:\/\/flytorelocation.com\/fr-fr\/#organization","name":"Flyto Relocation France (French)","url":"https:\/\/flytorelocation.com\/fr-fr\/","logo":{"@type":"ImageObject","inLanguage":"fi","@id":"https:\/\/flytorelocation.com\/fr-fr\/#\/schema\/logo\/image\/","url":"https:\/\/flyto-wp-uploads.s3.eu-north-1.amazonaws.com\/wp-content\/uploads\/sites\/85\/2025\/10\/13130143\/Flyto-col.png","contentUrl":"https:\/\/flyto-wp-uploads.s3.eu-north-1.amazonaws.com\/wp-content\/uploads\/sites\/85\/2025\/10\/13130143\/Flyto-col.png","width":618,"height":337,"caption":"Flyto Relocation France (French)"},"image":{"@id":"https:\/\/flytorelocation.com\/fr-fr\/#\/schema\/logo\/image\/"}}]}},"acf":[],"_links":{"self":[{"href":"https:\/\/flytorelocation.com\/fr-fr\/wp-json\/wp\/v2\/pages\/726","targetHints":{"allow":["GET"]}}],"collection":[{"href":"https:\/\/flytorelocation.com\/fr-fr\/wp-json\/wp\/v2\/pages"}],"about":[{"href":"https:\/\/flytorelocation.com\/fr-fr\/wp-json\/wp\/v2\/types\/page"}],"author":[{"embeddable":true,"href":"https:\/\/flytorelocation.com\/fr-fr\/wp-json\/wp\/v2\/users\/1"}],"replies":[{"embeddable":true,"href":"https:\/\/flytorelocation.com\/fr-fr\/wp-json\/wp\/v2\/comments?post=726"}],"version-history":[{"count":1,"href":"https:\/\/flytorelocation.com\/fr-fr\/wp-json\/wp\/v2\/pages\/726\/revisions"}],"predecessor-version":[{"id":1322,"href":"https:\/\/flytorelocation.com\/fr-fr\/wp-json\/wp\/v2\/pages\/726\/revisions\/1322"}],"wp:attachment":[{"href":"https:\/\/flytorelocation.com\/fr-fr\/wp-json\/wp\/v2\/media?parent=726"}],"curies":[{"name":"wp","href":"https:\/\/api.w.org\/{rel}","templated":true}]}}