{"id":2,"date":"2025-10-01T11:34:34","date_gmt":"2025-10-01T08:34:34","guid":{"rendered":"https:\/\/flytorelocation.com\/fr-fr\/fi\/?page_id=2"},"modified":"2026-01-16T20:53:19","modified_gmt":"2026-01-16T18:53:19","slug":"safety","status":"publish","type":"page","link":"https:\/\/flytorelocation.com\/fr-fr\/safety\/","title":{"rendered":"Safety"},"content":{"rendered":"<p>[et_pb_section fb_built=&#8221;1&#8243; custom_padding_last_edited=&#8221;on|phone&#8221; _builder_version=&#8221;4.27.4&#8243; _module_preset=&#8221;default&#8221; custom_padding=&#8221;27px||27px||true|false&#8221; custom_padding_tablet=&#8221;80px||80px||true|false&#8221; custom_padding_phone=&#8221;60px||60px||true|false&#8221; global_colors_info=&#8221;{}&#8221;][et_pb_row _builder_version=&#8221;4.27.4&#8243; _module_preset=&#8221;default&#8221; global_colors_info=&#8221;{}&#8221;][et_pb_column type=&#8221;4_4&#8243; _builder_version=&#8221;4.27.4&#8243; _module_preset=&#8221;default&#8221; global_colors_info=&#8221;{}&#8221;][et_pb_heading title=&#8221;S\u00fbret\u00e9 et s\u00e9curit\u00e9&#8221; _builder_version=&#8221;4.27.4&#8243; _module_preset=&#8221;_initial&#8221; title_font=&#8221;Flyto oma||||||||&#8221; title_text_color=&#8221;#CD207D&#8221; title_font_size=&#8221;62px&#8221; custom_margin=&#8221;||10px||false|false&#8221; custom_margin_tablet=&#8221;||10px||false|false&#8221; custom_margin_phone=&#8221;||10px||false|false&#8221; custom_margin_last_edited=&#8221;on|phone&#8221; custom_padding_tablet=&#8221;&#8221; custom_padding_phone=&#8221;0px||||false|false&#8221; custom_padding_last_edited=&#8221;on|phone&#8221; title_font_size_tablet=&#8221;40px&#8221; title_font_size_phone=&#8221;30px&#8221; title_font_size_last_edited=&#8221;on|phone&#8221; locked=&#8221;off&#8221; global_colors_info=&#8221;{}&#8221;][\/et_pb_heading][\/et_pb_column][\/et_pb_row][\/et_pb_section][et_pb_section fb_built=&#8221;1&#8243; custom_padding_last_edited=&#8221;on|phone&#8221; admin_label=&#8221;Services&#8221; _builder_version=&#8221;4.27.4&#8243; _module_preset=&#8221;default&#8221; background_color=&#8221;#fafafa&#8221; custom_padding=&#8221;0px||||false|false&#8221; custom_padding_tablet=&#8221;98px||76px|||&#8221; custom_padding_phone=&#8221;30px||0px||false|false&#8221; collapsed=&#8221;on&#8221; global_colors_info=&#8221;{}&#8221;][et_pb_row _builder_version=&#8221;4.27.4&#8243; _module_preset=&#8221;default&#8221; global_colors_info=&#8221;{}&#8221;][et_pb_column type=&#8221;4_4&#8243; _builder_version=&#8221;4.27.4&#8243; _module_preset=&#8221;default&#8221; global_colors_info=&#8221;{}&#8221;][et_pb_code disabled_on=&#8221;on|on|on&#8221; _builder_version=&#8221;4.27.4&#8243; _module_preset=&#8221;default&#8221; disabled=&#8221;on&#8221; global_colors_info=&#8221;{}&#8221;]<!-- Elfsight Google Reviews | Untitled Google Reviews Copy --><!-- [et_pb_line_break_holder] --><!-- [et_pb_line_break_holder] --><\/p>\n<div class=\"elfsight-app-10ba459c-631b-4e0d-b269-bcccbb53be8e\" data-elfsight-app-lazy><\/div>\n<p>[\/et_pb_code][\/et_pb_column][\/et_pb_row][et_pb_row column_structure=&#8221;1_2,1_2&#8243; _builder_version=&#8221;4.27.4&#8243; _module_preset=&#8221;default&#8221; global_colors_info=&#8221;{}&#8221;][et_pb_column type=&#8221;1_2&#8243; _builder_version=&#8221;4.27.4&#8243; _module_preset=&#8221;default&#8221; global_colors_info=&#8221;{}&#8221;][et_pb_text _builder_version=&#8221;4.27.4&#8243; _module_preset=&#8221;_initial&#8221; text_font=&#8221;Montserrat||||||||&#8221; text_text_color=&#8221;#000000&#8243; header_2_font=&#8221;Poppins|600|||||||&#8221; header_2_text_align=&#8221;left&#8221; header_2_text_color=&#8221;#000000&#8243; header_2_font_size=&#8221;16px&#8221; header_2_line_height=&#8221;1.3em&#8221; header_3_font_size=&#8221;30px&#8221; locked=&#8221;off&#8221; global_colors_info=&#8221;{}&#8221;]<\/p>\n<h2>Le d\u00e9m\u00e9nagement le plus s\u00fbr au monde<\/h2>\n<p>[\/et_pb_text][et_pb_text _builder_version=&#8221;4.27.4&#8243; _module_preset=&#8221;_initial&#8221; text_font=&#8221;Montserrat|600|||||||&#8221; text_font_size=&#8221;13px&#8221; custom_margin=&#8221;-28px||||false|false&#8221; global_colors_info=&#8221;{}&#8221;]<\/p>\n<p>Chez Flyto, la s\u00e9curit\u00e9 n&#8217;est pas un simple avantage, c&#8217;est un engagement.<\/p>\n<p>De l&#8217;emballage de vos biens \u00e0 leur arriv\u00e9e \u00e0 votre nouveau domicile, chaque \u00e9tape est surveill\u00e9e, document\u00e9e et prise en charge avec le plus grand soin.<\/p>\n<p>Notre mission est simple\u00a0: <strong>faire de chaque d\u00e9m\u00e9nagement international un moment totalement s\u00e9curis\u00e9, transparent et serein.<\/strong><\/p>\n<p>[\/et_pb_text][et_pb_button button_url=&#8221;@ET-DC@eyJkeW5hbWljIjp0cnVlLCJjb250ZW50IjoicG9zdF9saW5rX3VybF9wYWdlIiwic2V0dGluZ3MiOnsicG9zdF9pZCI6IjcyNyIsImVuYWJsZV9odG1sIjoib2ZmIn19@&#8221; button_text=&#8221;\u00c0 propos de nous&#8221; _builder_version=&#8221;4.27.4&#8243; _dynamic_attributes=&#8221;button_url&#8221; _module_preset=&#8221;_initial&#8221; custom_button=&#8221;on&#8221; button_text_size=&#8221;16px&#8221; button_text_color=&#8221;#CD207D&#8221; button_border_color=&#8221;#CD207D&#8221; button_border_radius=&#8221;100px&#8221; button_font=&#8221;Outfit|600|||||||&#8221; button_use_icon=&#8221;off&#8221; custom_margin=&#8221;-10px||||false|false&#8221; custom_padding=&#8221;10px|26px|10px|26px|true|true&#8221; locked=&#8221;off&#8221; global_colors_info=&#8221;{%22gcid-f1e65d51-fa2f-4bf0-b2c1-8eab7001e8fd%22:%91%22button_text_color%22%93}&#8221;][\/et_pb_button][\/et_pb_column][et_pb_column type=&#8221;1_2&#8243; _builder_version=&#8221;4.27.4&#8243; _module_preset=&#8221;default&#8221; global_colors_info=&#8221;{}&#8221;][et_pb_image src=&#8221;https:\/\/flyto-wp-uploads.s3.eu-north-1.amazonaws.com\/wp-content\/uploads\/sites\/85\/2025\/10\/03182801\/FLYTO-Muutto-Kuvaaja-Nuuti-Paananen-1-1_2_11zon-scaled-1.jpg&#8221; title_text=&#8221;FLYTO &#8211; Muutto &#8211; Kuvaaja Nuuti Paananen (1) (1)_2_11zon&#8221; disabled_on=&#8221;on|off|off&#8221; _builder_version=&#8221;4.27.4&#8243; _module_preset=&#8221;default&#8221; transform_scale=&#8221;114%|100%&#8221; transform_scale_tablet=&#8221;&#8221; transform_scale_phone=&#8221;100%|74%&#8221; transform_scale_last_edited=&#8221;on|desktop&#8221; transform_scale_linked=&#8221;off&#8221; transform_translate_tablet=&#8221;&#8221; transform_translate_phone=&#8221;&#8221; transform_translate_last_edited=&#8221;on|phone&#8221; transform_rotate_tablet=&#8221;&#8221; transform_rotate_phone=&#8221;&#8221; transform_rotate_last_edited=&#8221;on|phone&#8221; transform_skew_tablet=&#8221;&#8221; transform_skew_phone=&#8221;&#8221; transform_skew_last_edited=&#8221;on|phone&#8221; transform_origin_tablet=&#8221;&#8221; transform_origin_phone=&#8221;&#8221; transform_origin_last_edited=&#8221;on|phone&#8221; border_radii=&#8221;on|10px|10px|10px|10px&#8221; global_colors_info=&#8221;{}&#8221;][\/et_pb_image][\/et_pb_column][\/et_pb_row][\/et_pb_section][et_pb_section fb_built=&#8221;1&#8243; admin_label=&#8221;Video&#8221; _builder_version=&#8221;4.27.4&#8243; _module_preset=&#8221;default&#8221; background_color=&#8221;#fafafa&#8221; custom_padding=&#8221;||||false|false&#8221; collapsed=&#8221;on&#8221; global_colors_info=&#8221;{}&#8221;][et_pb_row _builder_version=&#8221;4.22.0&#8243; _module_preset=&#8221;default&#8221; min_height=&#8221;533.8px&#8221; global_colors_info=&#8221;{}&#8221;][et_pb_column type=&#8221;4_4&#8243; _builder_version=&#8221;4.22.0&#8243; _module_preset=&#8221;default&#8221; global_colors_info=&#8221;{}&#8221;][et_pb_text _builder_version=&#8221;4.27.4&#8243; _module_preset=&#8221;_initial&#8221; text_font=&#8221;Montserrat|600|||||||&#8221; text_text_color=&#8221;#000000&#8243; text_font_size=&#8221;13px&#8221; header_3_font=&#8221;Flyto oma||||||||&#8221; custom_margin=&#8221;-28px||||false|false&#8221; global_colors_info=&#8221;{}&#8221;]<\/p>\n<h3 data-start=\"415\" data-end=\"467\">Comment garantissons-nous la s\u00e9curit\u00e9 et la transparence ?<\/h3>\n<p>&nbsp;<\/p>\n<p data-start=\"468\" data-end=\"509\">\ud83c\udfa5 <strong data-start=\"1540\" data-end=\"1564\">Syst\u00e8mes de cam\u00e9ras intelligentes<\/strong><\/p>\n<p>D\u00e9j\u00e0 la moiti\u00e9 des v\u00e9hicules de Flyto sont \u00e9quip\u00e9s de syst\u00e8mes de cam\u00e9ras \u00e0 360\u00b0. Vous b\u00e9n\u00e9ficiez ainsi, ainsi qu&#8217;\u00e0 notre \u00e9quipe, d&#8217;une visibilit\u00e9 compl\u00e8te tout au long du processus. Notre syst\u00e8me garantit la bonne manutention de toutes les marchandises et permet de localiser et de r\u00e9soudre rapidement tout probl\u00e8me \u00e9ventuel.<\/p>\n<p data-start=\"511\" data-end=\"734\">\ud83d\udce6 <strong data-start=\"1992\" data-end=\"2026\">Documentation d&#8217;emballage d\u00e9taill\u00e9e<\/strong><\/p>\n<p>Chaque envoi est soigneusement document\u00e9. Chaque envoi re\u00e7oit un num\u00e9ro de suivi unique et une liste d&#8217;inventaire d\u00e9taill\u00e9e. Cette documentation rigoureuse garantit qu&#8217;aucun article ne soit \u00e9gar\u00e9 et que chaque colis est comptabilis\u00e9 du d\u00e9but \u00e0 la fin.<\/p>\n<p data-start=\"2994\" data-end=\"3073\">\ud83e\uddf0\u00a0 <strong>Manutention professionnelle et contr\u00f4les de qualit\u00e9<\/strong><\/p>\n<p>Nos \u00e9quipes sont form\u00e9es pour manipuler les marchandises avec le plus grand soin et la plus grande pr\u00e9cision. Des contr\u00f4les de s\u00e9curit\u00e9 r\u00e9guliers et une formation continue garantissent que notre personnel respecte les normes internationales les plus strictes en mati\u00e8re d&#8217;emballage, de levage et de manutention logistique.<\/p>\n<p data-start=\"2994\" data-end=\"3073\">\ud83d\udd12 <strong>Options de stockage s\u00e9curis\u00e9 et d&#8217;assurance<\/strong><\/p>\n<p>Pour le stockage temporaire, Flyto met \u00e0 votre disposition des installations s\u00e9curis\u00e9es et climatis\u00e9es. Nous proposons \u00e9galement des assurances compl\u00e8tes pour une tranquillit\u00e9 d&#8217;esprit accrue, garantissant une protection int\u00e9grale de vos biens \u00e0 chaque \u00e9tape de votre d\u00e9m\u00e9nagement.<\/p>\n<p data-start=\"511\" data-end=\"734\">\ud83d\ude9b <strong data-start=\"2377\" data-end=\"2405\">Transport surveill\u00e9<\/strong><\/p>\n<p>Tous nos v\u00e9hicules de transport sont \u00e9quip\u00e9s de syst\u00e8mes de s\u00e9curit\u00e9 modernes et d&#8217;un syst\u00e8me de g\u00e9olocalisation GPS. Ainsi, nous savons toujours pr\u00e9cis\u00e9ment o\u00f9 se trouvent vos biens et pouvons anticiper tout risque ou retard potentiel sur le trajet.<\/p>\n<p>Pr\u00eat \u00e0 d\u00e9m\u00e9nager en toute s\u00e9curit\u00e9\u00a0?<\/p>\n<p>Contactez-nous et organisons ensemble votre d\u00e9m\u00e9nagement, du d\u00e9but \u00e0 la fin.<\/p>\n<p>[\/et_pb_text][et_pb_button button_url=&#8221;@ET-DC@eyJkeW5hbWljIjp0cnVlLCJjb250ZW50IjoicG9zdF9saW5rX3VybF9wYWdlIiwic2V0dGluZ3MiOnsicG9zdF9pZCI6IjczNSJ9fQ==@&#8221; button_text=&#8221;Entrer en contact&#8221; _builder_version=&#8221;4.27.4&#8243; _dynamic_attributes=&#8221;button_url&#8221; _module_preset=&#8221;_initial&#8221; custom_button=&#8221;on&#8221; button_text_size=&#8221;16px&#8221; button_text_color=&#8221;#CD207D&#8221; button_bg_color=&#8221;#FFFFFF&#8221; button_border_color=&#8221;#CD207D&#8221; button_border_radius=&#8221;100px&#8221; button_font=&#8221;Outfit|600|||||||&#8221; button_use_icon=&#8221;off&#8221; custom_margin=&#8221;-2px||||false|false&#8221; custom_padding=&#8221;10px|26px|10px|26px|true|true&#8221; hover_enabled=&#8221;0&#8243; global_colors_info=&#8221;{%22gcid-f1e65d51-fa2f-4bf0-b2c1-8eab7001e8fd%22:%91%22button_text_color%22%93}&#8221; sticky_enabled=&#8221;0&#8243;][\/et_pb_button][\/et_pb_column][\/et_pb_row][\/et_pb_section]<\/p>\n","protected":false},"excerpt":{"rendered":"<p>Le d\u00e9m\u00e9nagement le plus s\u00fbr au mondeChez Flyto, la s\u00e9curit\u00e9 n&#8217;est pas un simple avantage, c&#8217;est un engagement. De l&#8217;emballage de vos biens \u00e0 leur arriv\u00e9e \u00e0 votre nouveau domicile, chaque \u00e9tape est surveill\u00e9e, document\u00e9e et prise en charge avec le plus grand soin. Notre mission est simple\u00a0: faire de chaque d\u00e9m\u00e9nagement international un moment [&hellip;]<\/p>\n","protected":false},"author":1,"featured_media":0,"parent":0,"menu_order":0,"comment_status":"closed","ping_status":"closed","template":"","meta":{"_et_pb_use_builder":"on","_et_pb_old_content":"<!-- wp:paragraph -->\n<p>T\u00e4m\u00e4 on esimerkkisivu. Se eroaa artikkelista, sill\u00e4 se pysyy omalla paikallaan ja n\u00e4kyy sivustosi navigaatiossa (useimmissa teemoissa). Monet tekev\u00e4t ensimm\u00e4isen\u00e4 Tietoja-sivun, joka esittelee heid\u00e4t sivuston vierailijoille. Siihen voi kirjoittaa esimerkiksi jotain t\u00e4m\u00e4nkaltaista sis\u00e4lt\u00f6\u00e4:<\/p>\n<!-- \/wp:paragraph -->\n\n<!-- wp:quote -->\n<blockquote class=\"wp-block-quote\"><p>Tervehdys! P\u00e4iv\u00e4ty\u00f6kseni teen py\u00f6r\u00e4l\u00e4hetin hommia ja iltaisin toimin harrastelijateatterin parissa. N\u00e4m\u00e4 ovat minun ikiomat sivuni. Asun Paraisilla ja minulla on mahtava koira, jonka nimi on Jaakko. Pid\u00e4n pi&#241;a colada -drinkeist\u00e4 ja sateen ropinasta peltikatolla.<\/p><\/blockquote>\n<!-- \/wp:quote -->\n\n<!-- wp:paragraph -->\n<p>...tai jotain t\u00e4llaista:<\/p>\n<!-- \/wp:paragraph -->\n\n<!-- wp:quote -->\n<blockquote class=\"wp-block-quote\"><p>Hilavitkuttimet Oy perustettiin vuonna 1971 ja se on siit\u00e4 l\u00e4htien tuottanut asiakkailleen laadukkaita hilavitkuttimia. Yli 200 henkil\u00f6\u00e4 ty\u00f6llist\u00e4v\u00e4 Hilavitkuttimet Oy sijaitsee Salossa ja j\u00e4rjest\u00e4\u00e4 kaikenlaisia tempauksia paikallisen yhteis\u00f6n iloksi.<\/p><\/blockquote>\n<!-- \/wp:quote -->\n\n<!-- wp:paragraph -->\n<p>Uutena WordPress-k\u00e4ytt\u00e4j\u00e4n\u00e4, sinun kannattaa menn\u00e4 <a href=\"https:\/\/flytorelocation.com\/fr-fr\/fi\/wp-admin\/\">ohjauspaneeliisi<\/a> poistaaksesi t\u00e4m\u00e4n sivun ja luodaksesi uusia sivuja sis\u00e4ll\u00f6llesi. Pid\u00e4 hauskaa!<\/p>\n<!-- \/wp:paragraph -->","_et_gb_content_width":"","footnotes":""},"class_list":["post-2","page","type-page","status-publish","hentry"],"yoast_head":"<!-- This site is optimized with the Yoast SEO plugin v26.3 - https:\/\/yoast.com\/wordpress\/plugins\/seo\/ -->\n<title>Safety - Flyto Relocation France (French)<\/title>\n<meta name=\"robots\" content=\"index, follow, max-snippet:-1, max-image-preview:large, max-video-preview:-1\" \/>\n<link rel=\"canonical\" href=\"https:\/\/flytorelocation.com\/fr-fr\/safety\/\" \/>\n<meta property=\"og:locale\" content=\"fi_FI\" \/>\n<meta property=\"og:type\" content=\"article\" \/>\n<meta property=\"og:title\" content=\"Safety - Flyto Relocation France (French)\" \/>\n<meta property=\"og:description\" content=\"Le d\u00e9m\u00e9nagement le plus s\u00fbr au mondeChez Flyto, la s\u00e9curit\u00e9 n&#039;est pas un simple avantage, c&#039;est un engagement. De l&#039;emballage de vos biens \u00e0 leur arriv\u00e9e \u00e0 votre nouveau domicile, chaque \u00e9tape est surveill\u00e9e, document\u00e9e et prise en charge avec le plus grand soin. Notre mission est simple\u00a0: faire de chaque d\u00e9m\u00e9nagement international un moment [&hellip;]\" \/>\n<meta property=\"og:url\" content=\"https:\/\/flytorelocation.com\/fr-fr\/safety\/\" \/>\n<meta property=\"og:site_name\" content=\"Flyto Relocation France (French)\" \/>\n<meta property=\"article:modified_time\" content=\"2026-01-16T18:53:19+00:00\" \/>\n<meta name=\"twitter:card\" content=\"summary_large_image\" \/>\n<meta name=\"twitter:label1\" content=\"Arvioitu lukuaika\" \/>\n\t<meta name=\"twitter:data1\" content=\"6 minuuttia\" \/>\n<script type=\"application\/ld+json\" class=\"yoast-schema-graph\">{\"@context\":\"https:\/\/schema.org\",\"@graph\":[{\"@type\":\"WebPage\",\"@id\":\"https:\/\/flytorelocation.com\/fr-fr\/safety\/\",\"url\":\"https:\/\/flytorelocation.com\/fr-fr\/safety\/\",\"name\":\"Safety - Flyto Relocation France (French)\",\"isPartOf\":{\"@id\":\"https:\/\/flytorelocation.com\/fr-fr\/#website\"},\"datePublished\":\"2025-10-01T08:34:34+00:00\",\"dateModified\":\"2026-01-16T18:53:19+00:00\",\"breadcrumb\":{\"@id\":\"https:\/\/flytorelocation.com\/fr-fr\/safety\/#breadcrumb\"},\"inLanguage\":\"fi\",\"potentialAction\":[{\"@type\":\"ReadAction\",\"target\":[\"https:\/\/flytorelocation.com\/fr-fr\/safety\/\"]}]},{\"@type\":\"BreadcrumbList\",\"@id\":\"https:\/\/flytorelocation.com\/fr-fr\/safety\/#breadcrumb\",\"itemListElement\":[{\"@type\":\"ListItem\",\"position\":1,\"name\":\"Etusivu\",\"item\":\"https:\/\/flytorelocation.com\/fr-fr\/\"},{\"@type\":\"ListItem\",\"position\":2,\"name\":\"Safety\"}]},{\"@type\":\"WebSite\",\"@id\":\"https:\/\/flytorelocation.com\/fr-fr\/#website\",\"url\":\"https:\/\/flytorelocation.com\/fr-fr\/\",\"name\":\"Flyto Relocation France (French)\",\"description\":\"\",\"publisher\":{\"@id\":\"https:\/\/flytorelocation.com\/fr-fr\/#organization\"},\"potentialAction\":[{\"@type\":\"SearchAction\",\"target\":{\"@type\":\"EntryPoint\",\"urlTemplate\":\"https:\/\/flytorelocation.com\/fr-fr\/?s={search_term_string}\"},\"query-input\":{\"@type\":\"PropertyValueSpecification\",\"valueRequired\":true,\"valueName\":\"search_term_string\"}}],\"inLanguage\":\"fi\"},{\"@type\":\"Organization\",\"@id\":\"https:\/\/flytorelocation.com\/fr-fr\/#organization\",\"name\":\"Flyto Relocation France (French)\",\"url\":\"https:\/\/flytorelocation.com\/fr-fr\/\",\"logo\":{\"@type\":\"ImageObject\",\"inLanguage\":\"fi\",\"@id\":\"https:\/\/flytorelocation.com\/fr-fr\/#\/schema\/logo\/image\/\",\"url\":\"https:\/\/flyto-wp-uploads.s3.eu-north-1.amazonaws.com\/wp-content\/uploads\/sites\/85\/2025\/10\/13130143\/Flyto-col.png\",\"contentUrl\":\"https:\/\/flyto-wp-uploads.s3.eu-north-1.amazonaws.com\/wp-content\/uploads\/sites\/85\/2025\/10\/13130143\/Flyto-col.png\",\"width\":618,\"height\":337,\"caption\":\"Flyto Relocation France (French)\"},\"image\":{\"@id\":\"https:\/\/flytorelocation.com\/fr-fr\/#\/schema\/logo\/image\/\"}}]}<\/script>\n<!-- \/ Yoast SEO plugin. -->","yoast_head_json":{"title":"Safety - Flyto Relocation France (French)","robots":{"index":"index","follow":"follow","max-snippet":"max-snippet:-1","max-image-preview":"max-image-preview:large","max-video-preview":"max-video-preview:-1"},"canonical":"https:\/\/flytorelocation.com\/fr-fr\/safety\/","og_locale":"fi_FI","og_type":"article","og_title":"Safety - Flyto Relocation France (French)","og_description":"Le d\u00e9m\u00e9nagement le plus s\u00fbr au mondeChez Flyto, la s\u00e9curit\u00e9 n'est pas un simple avantage, c'est un engagement. De l'emballage de vos biens \u00e0 leur arriv\u00e9e \u00e0 votre nouveau domicile, chaque \u00e9tape est surveill\u00e9e, document\u00e9e et prise en charge avec le plus grand soin. Notre mission est simple\u00a0: faire de chaque d\u00e9m\u00e9nagement international un moment [&hellip;]","og_url":"https:\/\/flytorelocation.com\/fr-fr\/safety\/","og_site_name":"Flyto Relocation France (French)","article_modified_time":"2026-01-16T18:53:19+00:00","twitter_card":"summary_large_image","twitter_misc":{"Arvioitu lukuaika":"6 minuuttia"},"schema":{"@context":"https:\/\/schema.org","@graph":[{"@type":"WebPage","@id":"https:\/\/flytorelocation.com\/fr-fr\/safety\/","url":"https:\/\/flytorelocation.com\/fr-fr\/safety\/","name":"Safety - Flyto Relocation France (French)","isPartOf":{"@id":"https:\/\/flytorelocation.com\/fr-fr\/#website"},"datePublished":"2025-10-01T08:34:34+00:00","dateModified":"2026-01-16T18:53:19+00:00","breadcrumb":{"@id":"https:\/\/flytorelocation.com\/fr-fr\/safety\/#breadcrumb"},"inLanguage":"fi","potentialAction":[{"@type":"ReadAction","target":["https:\/\/flytorelocation.com\/fr-fr\/safety\/"]}]},{"@type":"BreadcrumbList","@id":"https:\/\/flytorelocation.com\/fr-fr\/safety\/#breadcrumb","itemListElement":[{"@type":"ListItem","position":1,"name":"Etusivu","item":"https:\/\/flytorelocation.com\/fr-fr\/"},{"@type":"ListItem","position":2,"name":"Safety"}]},{"@type":"WebSite","@id":"https:\/\/flytorelocation.com\/fr-fr\/#website","url":"https:\/\/flytorelocation.com\/fr-fr\/","name":"Flyto Relocation France (French)","description":"","publisher":{"@id":"https:\/\/flytorelocation.com\/fr-fr\/#organization"},"potentialAction":[{"@type":"SearchAction","target":{"@type":"EntryPoint","urlTemplate":"https:\/\/flytorelocation.com\/fr-fr\/?s={search_term_string}"},"query-input":{"@type":"PropertyValueSpecification","valueRequired":true,"valueName":"search_term_string"}}],"inLanguage":"fi"},{"@type":"Organization","@id":"https:\/\/flytorelocation.com\/fr-fr\/#organization","name":"Flyto Relocation France (French)","url":"https:\/\/flytorelocation.com\/fr-fr\/","logo":{"@type":"ImageObject","inLanguage":"fi","@id":"https:\/\/flytorelocation.com\/fr-fr\/#\/schema\/logo\/image\/","url":"https:\/\/flyto-wp-uploads.s3.eu-north-1.amazonaws.com\/wp-content\/uploads\/sites\/85\/2025\/10\/13130143\/Flyto-col.png","contentUrl":"https:\/\/flyto-wp-uploads.s3.eu-north-1.amazonaws.com\/wp-content\/uploads\/sites\/85\/2025\/10\/13130143\/Flyto-col.png","width":618,"height":337,"caption":"Flyto Relocation France (French)"},"image":{"@id":"https:\/\/flytorelocation.com\/fr-fr\/#\/schema\/logo\/image\/"}}]}},"acf":[],"_links":{"self":[{"href":"https:\/\/flytorelocation.com\/fr-fr\/wp-json\/wp\/v2\/pages\/2","targetHints":{"allow":["GET"]}}],"collection":[{"href":"https:\/\/flytorelocation.com\/fr-fr\/wp-json\/wp\/v2\/pages"}],"about":[{"href":"https:\/\/flytorelocation.com\/fr-fr\/wp-json\/wp\/v2\/types\/page"}],"author":[{"embeddable":true,"href":"https:\/\/flytorelocation.com\/fr-fr\/wp-json\/wp\/v2\/users\/1"}],"replies":[{"embeddable":true,"href":"https:\/\/flytorelocation.com\/fr-fr\/wp-json\/wp\/v2\/comments?post=2"}],"version-history":[{"count":2,"href":"https:\/\/flytorelocation.com\/fr-fr\/wp-json\/wp\/v2\/pages\/2\/revisions"}],"predecessor-version":[{"id":1366,"href":"https:\/\/flytorelocation.com\/fr-fr\/wp-json\/wp\/v2\/pages\/2\/revisions\/1366"}],"wp:attachment":[{"href":"https:\/\/flytorelocation.com\/fr-fr\/wp-json\/wp\/v2\/media?parent=2"}],"curies":[{"name":"wp","href":"https:\/\/api.w.org\/{rel}","templated":true}]}}