{"id":9,"date":"2025-10-22T20:37:33","date_gmt":"2025-10-22T17:37:33","guid":{"rendered":"https:\/\/flytorelocation.com\/fi-fi\/fi\/?page_id=9"},"modified":"2026-01-16T14:34:34","modified_gmt":"2026-01-16T12:34:34","slug":"relocation-services","status":"publish","type":"page","link":"https:\/\/flytorelocation.com\/fi-fi\/relocation-services\/","title":{"rendered":"Relocation services"},"content":{"rendered":"<p>[et_pb_section fb_built=&#8221;1&#8243; custom_padding_last_edited=&#8221;on|tablet&#8221; admin_label=&#8221;About&#8221; _builder_version=&#8221;4.27.4&#8243; _module_preset=&#8221;default&#8221; custom_padding=&#8221;||0px|||&#8221; custom_padding_tablet=&#8221;0px||0px||true|false&#8221; custom_padding_phone=&#8221;0px||0px||true|false&#8221; collapsed=&#8221;on&#8221; global_colors_info=&#8221;{}&#8221;][et_pb_row _builder_version=&#8221;4.27.4&#8243; _module_preset=&#8221;default&#8221; locked=&#8221;off&#8221; global_colors_info=&#8221;{}&#8221;][et_pb_column type=&#8221;4_4&#8243; _builder_version=&#8221;4.22.0&#8243; _module_preset=&#8221;default&#8221; global_colors_info=&#8221;{}&#8221;][et_pb_heading title=&#8221;Lis\u00e4palvelut&#8221; _builder_version=&#8221;4.27.4&#8243; _module_preset=&#8221;_initial&#8221; title_level=&#8221;h2&#8243; title_font=&#8221;Flyto oma||||||||&#8221; title_text_color=&#8221;#CD207D&#8221; title_font_size=&#8221;49px&#8221; min_height=&#8221;68.2px&#8221; custom_margin=&#8221;||||false|false&#8221; custom_margin_tablet=&#8221;0px||0px||true|false&#8221; custom_margin_phone=&#8221;0px||||false|false&#8221; custom_margin_last_edited=&#8221;on|phone&#8221; custom_padding=&#8221;||||false|false&#8221; custom_padding_tablet=&#8221;||||false|false&#8221; custom_padding_phone=&#8221;0px||||false|false&#8221; custom_padding_last_edited=&#8221;on|phone&#8221; title_font_size_phone=&#8221;42px&#8221; locked=&#8221;off&#8221; global_colors_info=&#8221;{}&#8221;][\/et_pb_heading][\/et_pb_column][\/et_pb_row][\/et_pb_section][et_pb_section fb_built=&#8221;1&#8243; custom_padding_last_edited=&#8221;on|phone&#8221; admin_label=&#8221;Services&#8221; _builder_version=&#8221;4.27.4&#8243; _module_preset=&#8221;default&#8221; custom_padding=&#8221;0px||||false|false&#8221; custom_padding_tablet=&#8221;0px||0px||true|false&#8221; custom_padding_phone=&#8221;0px||0px||false|false&#8221; collapsed=&#8221;on&#8221; global_colors_info=&#8221;{}&#8221;][et_pb_row column_structure=&#8221;1_4,1_4,1_2&#8243; _builder_version=&#8221;4.27.4&#8243; _module_preset=&#8221;default&#8221; global_colors_info=&#8221;{}&#8221;][et_pb_column type=&#8221;1_4&#8243; _builder_version=&#8221;4.27.4&#8243; _module_preset=&#8221;default&#8221; global_colors_info=&#8221;{}&#8221;][et_pb_text _builder_version=&#8221;4.27.4&#8243; _module_preset=&#8221;_initial&#8221; text_font=&#8221;Montserrat||||||||&#8221; text_text_color=&#8221;#000000&#8243; header_2_font=&#8221;Flyto oma|600|||||||&#8221; header_2_text_align=&#8221;left&#8221; header_2_text_color=&#8221;#000000&#8243; header_2_font_size=&#8221;22px&#8221; header_2_line_height=&#8221;1.2em&#8221; header_3_font_size=&#8221;30px&#8221; locked=&#8221;off&#8221; global_colors_info=&#8221;{}&#8221;]<\/p>\n<h2>Kattavat muuttopalvelut sujuvaan uuteen alkuun<br \/>\n<\/h2>\n<p>[\/et_pb_text][et_pb_button button_url=&#8221;https:\/\/flytorelocation.com\/fi-fi\/relocation-services\/&#8221; button_text=&#8221;Ota yhteytt\u00e4&#8221; _builder_version=&#8221;4.27.4&#8243; _module_preset=&#8221;_initial&#8221; custom_button=&#8221;on&#8221; button_text_size=&#8221;16px&#8221; button_text_color=&#8221;#CD207D&#8221; button_bg_color=&#8221;#FFFFFF&#8221; button_border_color=&#8221;#CD207D&#8221; button_border_radius=&#8221;100px&#8221; button_font=&#8221;Outfit|600|||||||&#8221; button_use_icon=&#8221;off&#8221; custom_margin=&#8221;-10px||||false|false&#8221; custom_padding=&#8221;10px|26px|10px|26px|true|true&#8221; global_colors_info=&#8221;{%22gcid-f1e65d51-fa2f-4bf0-b2c1-8eab7001e8fd%22:%91%22button_text_color%22%93}&#8221;][\/et_pb_button][\/et_pb_column][et_pb_column type=&#8221;1_4&#8243; _builder_version=&#8221;4.27.4&#8243; _module_preset=&#8221;default&#8221; global_colors_info=&#8221;{}&#8221;][et_pb_text _builder_version=&#8221;4.27.4&#8243; _module_preset=&#8221;_initial&#8221; text_font=&#8221;Montserrat|600|||||||&#8221; text_font_size=&#8221;13px&#8221; custom_margin=&#8221;||||false|false&#8221; global_colors_info=&#8221;{}&#8221;]<\/p>\n<p data-start=\"73\" data-end=\"192\">Ulkomaille muutto on paljon enemm\u00e4n kuin tavaroiden kuljettamista \u2014 se on uuden el\u00e4m\u00e4n rakentamista uuteen ymp\u00e4rist\u00f6\u00f6n.<\/p>\n<p data-start=\"194\" data-end=\"324\">Flytolla tarjoamme laajan valikoiman lis\u00e4palveluita, jotka tekev\u00e4t muutostasi mahdollisimman helpon, turvallisen ja stressitt\u00f6m\u00e4n.<\/p>\n<p data-start=\"326\" data-end=\"479\">Muutatpa yksin, perheen kanssa tai yrityksen puolesta, tiimimme huolehtii, ett\u00e4 jokainen muuton vaihe hoidetaan tarkasti ja huolellisesti alusta loppuun.<\/p>\n<p>[\/et_pb_text][\/et_pb_column][et_pb_column type=&#8221;1_2&#8243; _builder_version=&#8221;4.27.4&#8243; _module_preset=&#8221;default&#8221; global_colors_info=&#8221;{}&#8221;][et_pb_image src=&#8221;https:\/\/flyto-wp-uploads.s3.eu-north-1.amazonaws.com\/wp-content\/uploads\/sites\/81\/2025\/12\/13163308\/FLYTO_muutto_kuvaaja-Nuuti-PAananen-6_1_11zon-scaled-1.jpg&#8221; title_text=&#8221;FLYTO_muutto_kuvaaja Nuuti PAananen (6)_1_11zon&#8221; _builder_version=&#8221;4.27.4&#8243; _module_preset=&#8221;default&#8221; border_radii=&#8221;on|20px|20px|20px|20px&#8221; global_colors_info=&#8221;{}&#8221;][\/et_pb_image][\/et_pb_column][\/et_pb_row][\/et_pb_section][et_pb_section fb_built=&#8221;1&#8243; _builder_version=&#8221;4.27.4&#8243; _module_preset=&#8221;default&#8221; background_color=&#8221;#fafafa&#8221; global_colors_info=&#8221;{}&#8221;][et_pb_row _builder_version=&#8221;4.27.4&#8243; _module_preset=&#8221;default&#8221; global_colors_info=&#8221;{}&#8221;][et_pb_column type=&#8221;4_4&#8243; _builder_version=&#8221;4.27.4&#8243; _module_preset=&#8221;default&#8221; global_colors_info=&#8221;{}&#8221;][et_pb_accordion open_toggle_background_color=&#8221;RGBA(255,255,255,0)&#8221; closed_toggle_text_color=&#8221;#000000&#8243; closed_toggle_background_color=&#8221;RGBA(255,255,255,0)&#8221; icon_color=&#8221;#CD207D&#8221; _builder_version=&#8221;4.27.4&#8243; _module_preset=&#8221;default&#8221; toggle_font=&#8221;Poppins|600|||||||&#8221; toggle_font_size=&#8221;15px&#8221; body_font=&#8221;Montserrat||||||||&#8221; body_line_height=&#8221;1.8em&#8221; hover_enabled=&#8221;0&#8243; border_radii=&#8221;on|5px|5px|5px|5px&#8221; border_color_all=&#8221;#CD207D&#8221; global_colors_info=&#8221;{%22gcid-primary-color%22:%91%22body_quote_text_color%22,%22quote_text_color%22,%22body_quote_text_color%22,%22quote_text_color%22%93,%22gcid-secondary-color%22:%91%22icon_color%22%93,%22gcid-heading-color%22:%91%22toggle_text_color%22,%22toggle_text_color%22%93}&#8221; sticky_enabled=&#8221;0&#8243;][et_pb_accordion_item title=&#8221;\ud83c\udfe0 Asunnonhakupalvelu&#8221; open=&#8221;on&#8221; _builder_version=&#8221;4.27.4&#8243; _module_preset=&#8221;default&#8221; global_colors_info=&#8221;{}&#8221;]<\/p>\n<p data-start=\"66\" data-end=\"308\">Uuden kodin l\u00f6yt\u00e4minen ulkomailla voi olla haastavaa \u2014 mutta Flyton kanssa se sujuu vaivattomasti.<br data-start=\"164\" data-end=\"167\" \/>Asiantuntijamme auttavat sinua kartoittamaan parhaat alueet, j\u00e4rjest\u00e4v\u00e4t asunton\u00e4yt\u00f6t ja tukevat sinua koko vuokraus- tai ostoprosessin ajan.<\/p>\n<p data-start=\"310\" data-end=\"445\">R\u00e4\u00e4t\u00e4l\u00f6imme haun el\u00e4m\u00e4ntyylisi, ty\u00f6matkasi ja budjettisi mukaan, jotta uusi kotisi tuntuu oikealta heti ensimm\u00e4isest\u00e4 p\u00e4iv\u00e4st\u00e4 l\u00e4htien.<\/p>\n<p data-start=\"447\" data-end=\"468\"><strong>Palvelu sis\u00e4lt\u00e4\u00e4:<\/strong><\/p>\n<ul data-start=\"470\" data-end=\"624\">\n<li data-start=\"470\" data-end=\"501\">\n<p data-start=\"472\" data-end=\"501\">Alue- ja naapurusto-opastus<\/p>\n<\/li>\n<li data-start=\"502\" data-end=\"547\">\n<p data-start=\"504\" data-end=\"547\">Asuntojen haku ja n\u00e4ytt\u00f6jen j\u00e4rjest\u00e4minen<\/p>\n<\/li>\n<li data-start=\"548\" data-end=\"594\">\n<p data-start=\"550\" data-end=\"594\">Vuokrasopimuksen neuvonta ja asiakirjatuki<\/p>\n<\/li>\n<li data-start=\"595\" data-end=\"624\">\n<p data-start=\"597\" data-end=\"624\">Sis\u00e4\u00e4nmuuton koordinointi<\/p>\n<\/li>\n<\/ul>\n<p>[\/et_pb_accordion_item][et_pb_accordion_item title=&#8221;\ud83d\udecb\ufe0f Huonekalujen kokoamispalvelu ja kodin valmistelu&#8221; _builder_version=&#8221;4.27.4&#8243; _module_preset=&#8221;default&#8221; global_colors_info=&#8221;{}&#8221; open=&#8221;off&#8221;]<\/p>\n<p data-start=\"73\" data-end=\"307\">Varmistamme, ett\u00e4 uusi kotisi on heti valmis asumiseen \u2014 aivan viimeist\u00e4 yksityiskohtaa my\u00f6ten.<br data-start=\"168\" data-end=\"171\" \/>Tiimimme hoitaa huonekalujen kokoamisen, asennukset ja t\u00e4rkeiden kotij\u00e4rjestelmien k\u00e4ytt\u00f6\u00f6noton, jotta sin\u00e4 voit keskitty\u00e4 asettumiseen.<\/p>\n<p data-start=\"309\" data-end=\"437\">J\u00e4rjest\u00e4mme toimitukset, koordinoimme asennukset ja huolehdimme, ett\u00e4 kotisi tuntuu toimivalta ja mukavalta heti muuton j\u00e4lkeen.<\/p>\n<p data-start=\"439\" data-end=\"460\"><strong>Palvelu sis\u00e4lt\u00e4\u00e4:<\/strong><\/p>\n<ul data-start=\"462\" data-end=\"607\">\n<li data-start=\"462\" data-end=\"501\">\n<p data-start=\"464\" data-end=\"501\">Huonekalujen toimitus ja kokoaminen<\/p>\n<\/li>\n<li data-start=\"502\" data-end=\"544\">\n<p data-start=\"504\" data-end=\"544\">Kodin asennukset ja tarvittavat s\u00e4\u00e4d\u00f6t<\/p>\n<\/li>\n<li data-start=\"545\" data-end=\"571\">\n<p data-start=\"547\" data-end=\"571\">Siivous ja viimeistely<\/p>\n<\/li>\n<li data-start=\"572\" data-end=\"607\">\n<p data-start=\"574\" data-end=\"607\">Palveluntarjoajien koordinointi<\/p>\n<\/li>\n<\/ul>\n<p>[\/et_pb_accordion_item][et_pb_accordion_item title=&#8221;\ud83d\ude97 Ajoneuvojen kuljetus&#8221; _builder_version=&#8221;4.27.4&#8243; _module_preset=&#8221;default&#8221; global_colors_info=&#8221;{}&#8221; open=&#8221;off&#8221;]<\/p>\n<p data-start=\"58\" data-end=\"233\">Tarvitsetko auton, moottoripy\u00f6r\u00e4n tai muun ajoneuvon mukaan uuteen maahasi?<br data-start=\"133\" data-end=\"136\" \/>Flyto tarjoaa turvallisen, luotettavan ja t\u00e4ysin vakuutetun ajoneuvokuljetuksen maiden v\u00e4lill\u00e4.<\/p>\n<p data-start=\"235\" data-end=\"383\">Asiantuntijamme hoitavat tulliselvityksen, logistiikan ja toimitusaikataulut \u2013 varmistaen, ett\u00e4 ajoneuvosi saapuu perille turvallisesti ja ajallaan.<\/p>\n<p data-start=\"385\" data-end=\"406\"><strong>Palvelu sis\u00e4lt\u00e4\u00e4:<\/strong><\/p>\n<ul data-start=\"408\" data-end=\"555\">\n<li data-start=\"408\" data-end=\"461\">\n<p data-start=\"410\" data-end=\"461\">Kansainv\u00e4liset ajoneuvokuljetukset ja logistiikan<\/p>\n<\/li>\n<li data-start=\"462\" data-end=\"498\">\n<p data-start=\"464\" data-end=\"498\">Ovelta ovelle -nouto ja toimitus<\/p>\n<\/li>\n<li data-start=\"499\" data-end=\"531\">\n<p data-start=\"501\" data-end=\"531\">Tullaus- ja rekister\u00f6intiapu<\/p>\n<\/li>\n<\/ul>\n<p>[\/et_pb_accordion_item][et_pb_accordion_item title=&#8221;\ud83c\udfe2 Varastointipalvelut&#8221; _builder_version=&#8221;4.27.4&#8243; _module_preset=&#8221;default&#8221; global_colors_info=&#8221;{}&#8221; open=&#8221;off&#8221;]<\/p>\n<p data-start=\"73\" data-end=\"354\">Jos tarvitset v\u00e4liaikaista tai pitk\u00e4aikaista varastointia muuton aikana, Flyto tarjoaa turvalliset ja ilmastoidut varastotilat.<br data-start=\"200\" data-end=\"203\" \/>Varastointimme on jatkuvassa kameravalvonnassa, ja jokainen tavara dokumentoidaan tarkasti \u2014 jotta voit olla t\u00e4ysin rauhallisin mielin muuton keskell\u00e4.<\/p>\n<p data-start=\"356\" data-end=\"377\"><strong>Palvelu sis\u00e4lt\u00e4\u00e4:<\/strong><\/p>\n<ul data-start=\"379\" data-end=\"560\">\n<li data-start=\"379\" data-end=\"422\">\n<p data-start=\"381\" data-end=\"422\">Turvalliset ja ilmastoidut varastotilat<\/p>\n<\/li>\n<li data-start=\"423\" data-end=\"446\">\n<p data-start=\"425\" data-end=\"446\">24\/7 kameravalvonta<\/p>\n<\/li>\n<li data-start=\"447\" data-end=\"499\">\n<p data-start=\"449\" data-end=\"499\">Joustavat lyhyen ja pitk\u00e4n aikav\u00e4lin vaihtoehdot<\/p>\n<\/li>\n<li data-start=\"500\" data-end=\"560\">\n<p data-start=\"502\" data-end=\"560\">T\u00e4ydellinen tavaraluettelo ja p\u00e4\u00e4sy tavaroihin pyynn\u00f6st\u00e4<\/p>\n<\/li>\n<\/ul>\n<p>[\/et_pb_accordion_item][et_pb_accordion_item title=&#8221;\ud83e\udd1d Asettautuminen ja paikallinen tuki&#8221; _builder_version=&#8221;4.27.4&#8243; _module_preset=&#8221;default&#8221; global_colors_info=&#8221;{}&#8221; open=&#8221;off&#8221;]<\/p>\n<p data-start=\"73\" data-end=\"288\">Ulkomaille muutto on paljon enemm\u00e4n kuin pelkk\u00e4\u00e4 logistiikkaa \u2014 se on uuden el\u00e4m\u00e4ntavan omaksumista.<br data-start=\"173\" data-end=\"176\" \/>Asettautumis- ja paikalliset tukipalvelumme auttavat sinua ja perhett\u00e4si tuntemaan olonne kotoisaksi nopeasti.<\/p>\n<p data-start=\"290\" data-end=\"518\">Autamme kaikessa paikallisista rekister\u00f6inneist\u00e4 ja matkakorteista terveydenhuoltoon, liikkumiseen ja arjen k\u00e4yt\u00e4nn\u00f6n asioihin \u2014 jotta ulkomailla vietetyt ensimm\u00e4iset viikot sujuisivat mahdollisimman sujuvasti ja ilman stressi\u00e4.<\/p>\n<p data-start=\"520\" data-end=\"541\"><strong>Palvelu sis\u00e4lt\u00e4\u00e4:<\/strong><\/p>\n<ul data-start=\"543\" data-end=\"784\">\n<li data-start=\"543\" data-end=\"591\">\n<p data-start=\"545\" data-end=\"591\">Kaupunkiin tutustuminen ja k\u00e4yt\u00e4nn\u00f6n opastus<\/p>\n<\/li>\n<li data-start=\"592\" data-end=\"645\">\n<p data-start=\"594\" data-end=\"645\">Paikallisten rekister\u00f6intien ja asiakirjojen tuki<\/p>\n<\/li>\n<li data-start=\"646\" data-end=\"716\">\n<p data-start=\"648\" data-end=\"716\">Johdatus terveydenhuoltoon, liikkumiseen ja arjen peruspalveluihin<\/p>\n<\/li>\n<li data-start=\"717\" data-end=\"784\">\n<p data-start=\"719\" data-end=\"784\">Jatkuva henkil\u00f6kohtainen tuki paikallisilta asiantuntijoiltamme<\/p>\n<\/li>\n<\/ul>\n<p>[\/et_pb_accordion_item][et_pb_accordion_item title=&#8221;Tehd\u00e4\u00e4n muutostasi totta.&#8221; _builder_version=&#8221;4.27.4&#8243; _module_preset=&#8221;default&#8221; hover_enabled=&#8221;0&#8243; global_colors_info=&#8221;{}&#8221; open=&#8221;off&#8221; sticky_enabled=&#8221;0&#8243;]<\/p>\n<p data-start=\"58\" data-end=\"216\">Varaa maksuton muuttoarvio \u2014 ilman stressi\u00e4 ja ilman sitoumuksia.<br data-start=\"123\" data-end=\"126\" \/>K\u00e4ymme tilanteesi l\u00e4pi, laadimme suunnitelman ja teemme muutostasi yll\u00e4tt\u00e4v\u00e4n vaivattoman.<\/p>\n<p data-start=\"218\" data-end=\"266\" data-is-last-node=\"\" data-is-only-node=\"\"><a href=\"https:\/\/calendar.google.com\/calendar\/u\/0\/appointments\/schedules\/AcZssZ0dTCWLDI_SxlI-g4rrtr-fCnHmQFZcNUyLRQUWQKKl9rpNrhiYYClL3V4jQh_ZGhvD3-7rZ_ye\" target=\"_blank\" rel=\"noopener\"><strong data-start=\"218\" data-end=\"266\" data-is-last-node=\"\">Klikkaa t\u00e4st\u00e4 varataksesi ajan kalenterista.<\/strong><\/a><\/p>\n<p>[\/et_pb_accordion_item][\/et_pb_accordion][et_pb_button button_url=&#8221;@ET-DC@eyJkeW5hbWljIjp0cnVlLCJjb250ZW50IjoicG9zdF9saW5rX3VybF9wYWdlIiwic2V0dGluZ3MiOnsicG9zdF9pZCI6IjczNSJ9fQ==@&#8221; button_text=&#8221;Varaa ilmainen konsultaatio&#8221; _builder_version=&#8221;4.27.4&#8243; _dynamic_attributes=&#8221;button_url&#8221; _module_preset=&#8221;_initial&#8221; custom_button=&#8221;on&#8221; button_text_size=&#8221;16px&#8221; button_text_color=&#8221;#CD207D&#8221; button_border_color=&#8221;#CD207D&#8221; button_border_radius=&#8221;100px&#8221; button_font=&#8221;Outfit|600|||||||&#8221; button_use_icon=&#8221;off&#8221; custom_margin=&#8221;-2px||||false|false&#8221; custom_padding=&#8221;10px|26px|10px|26px|true|true&#8221; hover_enabled=&#8221;0&#8243; global_colors_info=&#8221;{%22gcid-f1e65d51-fa2f-4bf0-b2c1-8eab7001e8fd%22:%91%22button_text_color%22%93}&#8221; sticky_enabled=&#8221;0&#8243;][\/et_pb_button][\/et_pb_column][\/et_pb_row][\/et_pb_section]<\/p>\n","protected":false},"excerpt":{"rendered":"<p>Kattavat muuttopalvelut sujuvaan uuteen alkuun Ulkomaille muutto on paljon enemm\u00e4n kuin tavaroiden kuljettamista \u2014 se on uuden el\u00e4m\u00e4n rakentamista uuteen ymp\u00e4rist\u00f6\u00f6n. Flytolla tarjoamme laajan valikoiman lis\u00e4palveluita, jotka tekev\u00e4t muutostasi mahdollisimman helpon, turvallisen ja stressitt\u00f6m\u00e4n. Muutatpa yksin, perheen kanssa tai yrityksen puolesta, tiimimme huolehtii, ett\u00e4 jokainen muuton vaihe hoidetaan tarkasti ja huolellisesti alusta loppuun.Uuden kodin l\u00f6yt\u00e4minen [&hellip;]<\/p>\n","protected":false},"author":1,"featured_media":0,"parent":0,"menu_order":0,"comment_status":"closed","ping_status":"closed","template":"","meta":{"_et_pb_use_builder":"on","_et_pb_old_content":"","_et_gb_content_width":"","footnotes":""},"class_list":["post-9","page","type-page","status-publish","hentry"],"yoast_head":"<!-- This site is optimized with the Yoast SEO plugin v26.3 - https:\/\/yoast.com\/wordpress\/plugins\/seo\/ -->\n<title>Relocation services - Flyto Relocation Suomi<\/title>\n<meta name=\"robots\" content=\"index, follow, max-snippet:-1, max-image-preview:large, max-video-preview:-1\" \/>\n<link rel=\"canonical\" href=\"https:\/\/flytorelocation.com\/fi-fi\/relocation-services\/\" \/>\n<meta property=\"og:locale\" content=\"fi_FI\" \/>\n<meta property=\"og:type\" content=\"article\" \/>\n<meta property=\"og:title\" content=\"Relocation services - Flyto Relocation Suomi\" \/>\n<meta property=\"og:description\" content=\"Kattavat muuttopalvelut sujuvaan uuteen alkuun Ulkomaille muutto on paljon enemm\u00e4n kuin tavaroiden kuljettamista \u2014 se on uuden el\u00e4m\u00e4n rakentamista uuteen ymp\u00e4rist\u00f6\u00f6n. Flytolla tarjoamme laajan valikoiman lis\u00e4palveluita, jotka tekev\u00e4t muutostasi mahdollisimman helpon, turvallisen ja stressitt\u00f6m\u00e4n. Muutatpa yksin, perheen kanssa tai yrityksen puolesta, tiimimme huolehtii, ett\u00e4 jokainen muuton vaihe hoidetaan tarkasti ja huolellisesti alusta loppuun.Uuden kodin l\u00f6yt\u00e4minen [&hellip;]\" \/>\n<meta property=\"og:url\" content=\"https:\/\/flytorelocation.com\/fi-fi\/relocation-services\/\" \/>\n<meta property=\"og:site_name\" content=\"Flyto Relocation Suomi\" \/>\n<meta property=\"article:modified_time\" content=\"2026-01-16T12:34:34+00:00\" \/>\n<meta name=\"twitter:card\" content=\"summary_large_image\" \/>\n<meta name=\"twitter:label1\" content=\"Arvioitu lukuaika\" \/>\n\t<meta name=\"twitter:data1\" content=\"6 minuuttia\" \/>\n<script type=\"application\/ld+json\" class=\"yoast-schema-graph\">{\"@context\":\"https:\/\/schema.org\",\"@graph\":[{\"@type\":\"WebPage\",\"@id\":\"https:\/\/flytorelocation.com\/fi-fi\/relocation-services\/\",\"url\":\"https:\/\/flytorelocation.com\/fi-fi\/relocation-services\/\",\"name\":\"Relocation services - Flyto Relocation Suomi\",\"isPartOf\":{\"@id\":\"https:\/\/flytorelocation.com\/fi-fi\/#website\"},\"datePublished\":\"2025-10-22T17:37:33+00:00\",\"dateModified\":\"2026-01-16T12:34:34+00:00\",\"breadcrumb\":{\"@id\":\"https:\/\/flytorelocation.com\/fi-fi\/relocation-services\/#breadcrumb\"},\"inLanguage\":\"fi\",\"potentialAction\":[{\"@type\":\"ReadAction\",\"target\":[\"https:\/\/flytorelocation.com\/fi-fi\/relocation-services\/\"]}]},{\"@type\":\"BreadcrumbList\",\"@id\":\"https:\/\/flytorelocation.com\/fi-fi\/relocation-services\/#breadcrumb\",\"itemListElement\":[{\"@type\":\"ListItem\",\"position\":1,\"name\":\"Home\",\"item\":\"https:\/\/flytorelocation.com\/fi-fi\/\"},{\"@type\":\"ListItem\",\"position\":2,\"name\":\"Relocation services\"}]},{\"@type\":\"WebSite\",\"@id\":\"https:\/\/flytorelocation.com\/fi-fi\/#website\",\"url\":\"https:\/\/flytorelocation.com\/fi-fi\/\",\"name\":\"Flyto Relocation Suomi\",\"description\":\"\",\"potentialAction\":[{\"@type\":\"SearchAction\",\"target\":{\"@type\":\"EntryPoint\",\"urlTemplate\":\"https:\/\/flytorelocation.com\/fi-fi\/?s={search_term_string}\"},\"query-input\":{\"@type\":\"PropertyValueSpecification\",\"valueRequired\":true,\"valueName\":\"search_term_string\"}}],\"inLanguage\":\"fi\"}]}<\/script>\n<!-- \/ Yoast SEO plugin. -->","yoast_head_json":{"title":"Relocation services - Flyto Relocation Suomi","robots":{"index":"index","follow":"follow","max-snippet":"max-snippet:-1","max-image-preview":"max-image-preview:large","max-video-preview":"max-video-preview:-1"},"canonical":"https:\/\/flytorelocation.com\/fi-fi\/relocation-services\/","og_locale":"fi_FI","og_type":"article","og_title":"Relocation services - Flyto Relocation Suomi","og_description":"Kattavat muuttopalvelut sujuvaan uuteen alkuun Ulkomaille muutto on paljon enemm\u00e4n kuin tavaroiden kuljettamista \u2014 se on uuden el\u00e4m\u00e4n rakentamista uuteen ymp\u00e4rist\u00f6\u00f6n. Flytolla tarjoamme laajan valikoiman lis\u00e4palveluita, jotka tekev\u00e4t muutostasi mahdollisimman helpon, turvallisen ja stressitt\u00f6m\u00e4n. Muutatpa yksin, perheen kanssa tai yrityksen puolesta, tiimimme huolehtii, ett\u00e4 jokainen muuton vaihe hoidetaan tarkasti ja huolellisesti alusta loppuun.Uuden kodin l\u00f6yt\u00e4minen [&hellip;]","og_url":"https:\/\/flytorelocation.com\/fi-fi\/relocation-services\/","og_site_name":"Flyto Relocation Suomi","article_modified_time":"2026-01-16T12:34:34+00:00","twitter_card":"summary_large_image","twitter_misc":{"Arvioitu lukuaika":"6 minuuttia"},"schema":{"@context":"https:\/\/schema.org","@graph":[{"@type":"WebPage","@id":"https:\/\/flytorelocation.com\/fi-fi\/relocation-services\/","url":"https:\/\/flytorelocation.com\/fi-fi\/relocation-services\/","name":"Relocation services - Flyto Relocation Suomi","isPartOf":{"@id":"https:\/\/flytorelocation.com\/fi-fi\/#website"},"datePublished":"2025-10-22T17:37:33+00:00","dateModified":"2026-01-16T12:34:34+00:00","breadcrumb":{"@id":"https:\/\/flytorelocation.com\/fi-fi\/relocation-services\/#breadcrumb"},"inLanguage":"fi","potentialAction":[{"@type":"ReadAction","target":["https:\/\/flytorelocation.com\/fi-fi\/relocation-services\/"]}]},{"@type":"BreadcrumbList","@id":"https:\/\/flytorelocation.com\/fi-fi\/relocation-services\/#breadcrumb","itemListElement":[{"@type":"ListItem","position":1,"name":"Home","item":"https:\/\/flytorelocation.com\/fi-fi\/"},{"@type":"ListItem","position":2,"name":"Relocation services"}]},{"@type":"WebSite","@id":"https:\/\/flytorelocation.com\/fi-fi\/#website","url":"https:\/\/flytorelocation.com\/fi-fi\/","name":"Flyto Relocation Suomi","description":"","potentialAction":[{"@type":"SearchAction","target":{"@type":"EntryPoint","urlTemplate":"https:\/\/flytorelocation.com\/fi-fi\/?s={search_term_string}"},"query-input":{"@type":"PropertyValueSpecification","valueRequired":true,"valueName":"search_term_string"}}],"inLanguage":"fi"}]}},"acf":[],"_links":{"self":[{"href":"https:\/\/flytorelocation.com\/fi-fi\/wp-json\/wp\/v2\/pages\/9","targetHints":{"allow":["GET"]}}],"collection":[{"href":"https:\/\/flytorelocation.com\/fi-fi\/wp-json\/wp\/v2\/pages"}],"about":[{"href":"https:\/\/flytorelocation.com\/fi-fi\/wp-json\/wp\/v2\/types\/page"}],"author":[{"embeddable":true,"href":"https:\/\/flytorelocation.com\/fi-fi\/wp-json\/wp\/v2\/users\/1"}],"replies":[{"embeddable":true,"href":"https:\/\/flytorelocation.com\/fi-fi\/wp-json\/wp\/v2\/comments?post=9"}],"version-history":[{"count":5,"href":"https:\/\/flytorelocation.com\/fi-fi\/wp-json\/wp\/v2\/pages\/9\/revisions"}],"predecessor-version":[{"id":1484,"href":"https:\/\/flytorelocation.com\/fi-fi\/wp-json\/wp\/v2\/pages\/9\/revisions\/1484"}],"wp:attachment":[{"href":"https:\/\/flytorelocation.com\/fi-fi\/wp-json\/wp\/v2\/media?parent=9"}],"curies":[{"name":"wp","href":"https:\/\/api.w.org\/{rel}","templated":true}]}}