{"id":727,"date":"2025-10-17T19:02:33","date_gmt":"2025-10-17T16:02:33","guid":{"rendered":"https:\/\/flytorelocation.com\/fi-fi\/fi\/?page_id=82"},"modified":"2026-01-03T21:23:16","modified_gmt":"2026-01-03T19:23:16","slug":"about","status":"publish","type":"page","link":"https:\/\/flytorelocation.com\/fi-fi\/about\/","title":{"rendered":"About"},"content":{"rendered":"<p>[et_pb_section fb_built=&#8221;1&#8243; admin_label=&#8221;Header&#8221; _builder_version=&#8221;4.27.4&#8243; _module_preset=&#8221;default&#8221; background_enable_color=&#8221;off&#8221; background_enable_image=&#8221;off&#8221; background_blend=&#8221;screen&#8221; custom_padding=&#8221;7px||0px|||&#8221; collapsed=&#8221;on&#8221; global_colors_info=&#8221;{%22gcid-secondary-color%22:%91%22background_color%22%93}&#8221;][et_pb_row _builder_version=&#8221;4.27.4&#8243; _module_preset=&#8221;default&#8221; global_colors_info=&#8221;{}&#8221; custom_padding=&#8221;26px|||||&#8221; custom_margin=&#8221;-12px|auto||auto||&#8221;][et_pb_column type=&#8221;4_4&#8243; _builder_version=&#8221;4.27.4&#8243; _module_preset=&#8221;default&#8221; global_colors_info=&#8221;{}&#8221;][et_pb_heading title=&#8221;Maailman turvallisin muutto&#8221; _builder_version=&#8221;4.27.4&#8243; _module_preset=&#8221;_initial&#8221; title_font=&#8221;Flyto oma||||||||&#8221; title_text_color=&#8221;#CD207D&#8221; title_font_size=&#8221;62px&#8221; custom_margin=&#8221;||10px||false|false&#8221; custom_margin_tablet=&#8221;||10px||false|false&#8221; custom_margin_phone=&#8221;||10px||false|false&#8221; custom_margin_last_edited=&#8221;on|phone&#8221; custom_padding_tablet=&#8221;&#8221; custom_padding_phone=&#8221;0px||||false|false&#8221; custom_padding_last_edited=&#8221;on|phone&#8221; title_font_size_tablet=&#8221;40px&#8221; title_font_size_phone=&#8221;30px&#8221; title_font_size_last_edited=&#8221;on|phone&#8221; locked=&#8221;off&#8221; global_colors_info=&#8221;{}&#8221;][\/et_pb_heading][et_pb_text _builder_version=&#8221;4.27.4&#8243; _module_preset=&#8221;_initial&#8221; header_4_font=&#8221;Montserrat||||||||&#8221; global_colors_info=&#8221;{}&#8221;]<\/p>\n<h4><strong>Koska asiakkaamme ansaitsee vain parasta.<br \/><\/strong><\/h4>\n<p>[\/et_pb_text][\/et_pb_column][\/et_pb_row][\/et_pb_section][et_pb_section fb_built=&#8221;1&#8243; admin_label=&#8221;Video&#8221; _builder_version=&#8221;4.27.4&#8243; _module_preset=&#8221;default&#8221; custom_padding=&#8221;6px|||||&#8221; collapsed=&#8221;off&#8221; global_colors_info=&#8221;{}&#8221;][et_pb_row column_structure=&#8221;1_2,1_2&#8243; _builder_version=&#8221;4.27.4&#8243; _module_preset=&#8221;default&#8221; custom_padding=&#8221;0px||||false|false&#8221; collapsed=&#8221;off&#8221; global_colors_info=&#8221;{}&#8221;][et_pb_column type=&#8221;1_2&#8243; _builder_version=&#8221;4.27.4&#8243; _module_preset=&#8221;default&#8221; global_colors_info=&#8221;{}&#8221;][et_pb_video src=&#8221;https:\/\/www.youtube.com\/watch?v=De68tvldxAw&#8221; _builder_version=&#8221;4.27.4&#8243; _module_preset=&#8221;default&#8221; border_radii=&#8221;on|10px|10px|10px|10px&#8221; global_colors_info=&#8221;{}&#8221;][\/et_pb_video][et_pb_button button_url=&#8221;https:\/\/flytorelocation.com\/fi-fi\/safety\/&#8221; button_text=&#8221;Lue lis\u00e4\u00e4 turvallisuudesta&#8221; _builder_version=&#8221;4.27.4&#8243; _module_preset=&#8221;_initial&#8221; custom_button=&#8221;on&#8221; button_text_size=&#8221;16px&#8221; button_text_color=&#8221;#CD207D&#8221; button_border_color=&#8221;#CD207D&#8221; button_border_radius=&#8221;100px&#8221; button_font=&#8221;Outfit|600|||||||&#8221; button_use_icon=&#8221;off&#8221; custom_margin=&#8221;-2px||||false|false&#8221; custom_padding=&#8221;10px|26px|10px|26px|true|true&#8221; global_colors_info=&#8221;{%22gcid-f1e65d51-fa2f-4bf0-b2c1-8eab7001e8fd%22:%91%22button_text_color%22%93}&#8221;][\/et_pb_button][\/et_pb_column][et_pb_column type=&#8221;1_2&#8243; _builder_version=&#8221;4.27.4&#8243; _module_preset=&#8221;default&#8221; global_colors_info=&#8221;{}&#8221;][et_pb_text _builder_version=&#8221;4.27.4&#8243; _module_preset=&#8221;_initial&#8221; text_font=&#8221;Montserrat||||||||&#8221; text_line_height=&#8221;1.6em&#8221; width=&#8221;100%&#8221; min_height=&#8221;79.2px&#8221; custom_margin=&#8221;||||false|false&#8221; custom_padding=&#8221;||||false|false&#8221; custom_padding_tablet=&#8221;||||false|false&#8221; custom_padding_phone=&#8221;||||false|false&#8221; custom_padding_last_edited=&#8221;on|phone&#8221; global_colors_info=&#8221;{}&#8221;]<\/p>\n<p data-start=\"36\" data-end=\"316\">Flytolla turvallisuus ei ole vain osa palveluamme \u2014 se on koko toimintamme ydin. Olemme ylpeit\u00e4 voidessamme sanoa, ett\u00e4 olemme maailman turvallisin muuttoyritys, yhdist\u00e4en huipputeknologian ja vertaansa vailla olevan ammattitaidon suojellaksemme kaikkein t\u00e4rkeint\u00e4.<\/p>\n<p data-start=\"318\" data-end=\"593\">Flyton ajoneuvot on varustettu kehittyneill\u00e4 kameraj\u00e4rjestelmill\u00e4 ja reaaliaikaisella GPS-seurannalla. R\u00e4\u00e4t\u00e4l\u00f6idyt varusteemme ja asiantunteva k\u00e4sittely takaavat, ett\u00e4 jokainen esine on turvassa \u2014 l\u00e4ht\u00f6hetkest\u00e4 toimitukseen saakka.<\/p>\n<p data-start=\"595\" data-end=\"875\">Jokaisen muuton takana toimii koulutetut ammattimuuttajat, joka k\u00e4sittelee omaisuuttasi tarkkuudella, huolellisuudella ja kunnioituksella. Flyton kanssa voit luottaa siihen, ett\u00e4 muutostasi tulee paitsi sujuva my\u00f6s tarkkaan valvottu, suojattu ja turvallinen jokaisessa vaiheessa.<\/p>\n<p>[\/et_pb_text][\/et_pb_column][\/et_pb_row][\/et_pb_section][et_pb_section fb_built=&#8221;1&#8243; _builder_version=&#8221;4.27.4&#8243; _module_preset=&#8221;default&#8221; background_color=&#8221;#fafafa&#8221; custom_padding=&#8221;||||false|false&#8221; global_colors_info=&#8221;{}&#8221;][et_pb_row column_structure=&#8221;1_2,1_2&#8243; _builder_version=&#8221;4.27.4&#8243; _module_preset=&#8221;default&#8221; custom_padding=&#8221;||||false|false&#8221; global_colors_info=&#8221;{}&#8221;][et_pb_column type=&#8221;1_2&#8243; _builder_version=&#8221;4.27.4&#8243; _module_preset=&#8221;default&#8221; global_colors_info=&#8221;{}&#8221;][et_pb_text _builder_version=&#8221;4.27.4&#8243; _module_preset=&#8221;_initial&#8221; text_font=&#8221;Montserrat||||||||&#8221; header_3_font=&#8221;Poppins||||||||&#8221; header_3_font_size=&#8221;20px&#8221; header_3_line_height=&#8221;1.2em&#8221; global_colors_info=&#8221;{}&#8221;]<\/p>\n<h3 data-start=\"415\" data-end=\"467\"><strong data-start=\"419\" data-end=\"465\">Euroopan kattavin muuttoverkosto<br \/><\/strong><\/h3>\n<p data-start=\"468\" data-end=\"509\"><strong data-start=\"468\" data-end=\"507\">Paikallista asiantuntemusta. Koko Euroopan kattavuus.<br \/><\/strong><\/p>\n<p data-start=\"132\" data-end=\"370\">Toimistomme eri puolilla mannerta muodostavat yhden alan luotettavimmista muuttoverkostoista \u2014 joka on rakennettu henkil\u00f6kohtaisen palvelun, yhteisten standardien ja paikallisen osaamisen varaan.<\/p>\n<p data-start=\"372\" data-end=\"745\">Oletpa muuttamassa Helsinkiin, M\u00e1lagaan tai K\u00f6lniin, Flyton tiimi on jo valmiina paikan p\u00e4\u00e4ll\u00e4 \u2014 toivottamassa sinut tervetulleeksi, opastamassa ja varmistamassa, ett\u00e4 kaikki sujuu hyvin.<\/p>\n<p data-start=\"747\" data-end=\"840\" data-is-last-node=\"\" data-is-only-node=\"\">Koska todellinen mielenrauha syntyy siit\u00e4, ett\u00e4 olemme paikalla jo ennen kuin itse saavut. \ud83c\udf0d<\/p>\n<p>[\/et_pb_text][et_pb_button button_url=&#8221;@ET-DC@eyJkeW5hbWljIjp0cnVlLCJjb250ZW50IjoicG9zdF9saW5rX3VybF9wYWdlIiwic2V0dGluZ3MiOnsicG9zdF9pZCI6IjcyNiJ9fQ==@&#8221; button_text=&#8221;Verkostomme&#8221; _builder_version=&#8221;4.27.4&#8243; _dynamic_attributes=&#8221;button_url&#8221; _module_preset=&#8221;_initial&#8221; custom_button=&#8221;on&#8221; button_text_size=&#8221;16px&#8221; button_text_color=&#8221;#CD207D&#8221; button_border_color=&#8221;#CD207D&#8221; button_border_radius=&#8221;100px&#8221; button_font=&#8221;Outfit|600|||||||&#8221; button_use_icon=&#8221;off&#8221; custom_margin=&#8221;-10px||||false|false&#8221; custom_padding=&#8221;10px|26px|10px|26px|true|true&#8221; global_colors_info=&#8221;{%22gcid-f1e65d51-fa2f-4bf0-b2c1-8eab7001e8fd%22:%91%22button_text_color%22%93}&#8221;][\/et_pb_button][\/et_pb_column][et_pb_column type=&#8221;1_2&#8243; _builder_version=&#8221;4.27.4&#8243; _module_preset=&#8221;default&#8221; global_colors_info=&#8221;{}&#8221;][et_pb_image src=&#8221;https:\/\/flyto-wp-uploads.s3.eu-north-1.amazonaws.com\/wp-content\/uploads\/sites\/81\/2025\/12\/13124819\/kotimuutto-muuttopalvelu-muutto_1_optimized-1.jpg&#8221; title_text=&#8221;kotimuutto-muuttopalvelu-muutto_1_optimized (1)&#8221; _builder_version=&#8221;4.27.4&#8243; _module_preset=&#8221;default&#8221; border_radii=&#8221;on|20px|20px|20px|20px&#8221; global_colors_info=&#8221;{}&#8221;][\/et_pb_image][\/et_pb_column][\/et_pb_row][\/et_pb_section][et_pb_section fb_built=&#8221;1&#8243; _builder_version=&#8221;4.27.4&#8243; _module_preset=&#8221;default&#8221; global_colors_info=&#8221;{}&#8221;][et_pb_row column_structure=&#8221;1_2,1_2&#8243; _builder_version=&#8221;4.27.4&#8243; _module_preset=&#8221;default&#8221; custom_padding=&#8221;5px|||||&#8221; global_colors_info=&#8221;{}&#8221;][et_pb_column type=&#8221;1_2&#8243; _builder_version=&#8221;4.27.4&#8243; _module_preset=&#8221;default&#8221; global_colors_info=&#8221;{}&#8221;][et_pb_image src=&#8221;https:\/\/flyto-wp-uploads.s3.eu-north-1.amazonaws.com\/wp-content\/uploads\/sites\/81\/2025\/10\/03182729\/FLYTO_-_Muutto_-_Kuvaaja_Nuuti_Paananen_4_1_1_1000.jpg&#8221; title_text=&#8221;FLYTO_-_Muutto_-_Kuvaaja_Nuuti_Paananen_4_1_1_1000&#8243; disabled_on=&#8221;off|off|off&#8221; _builder_version=&#8221;4.27.4&#8243; _module_preset=&#8221;default&#8221; border_radii=&#8221;on|20px|20px|20px|20px&#8221; global_colors_info=&#8221;{}&#8221;][\/et_pb_image][\/et_pb_column][et_pb_column type=&#8221;1_2&#8243; _builder_version=&#8221;4.27.4&#8243; _module_preset=&#8221;default&#8221; global_colors_info=&#8221;{}&#8221;][et_pb_text _builder_version=&#8221;4.27.4&#8243; _module_preset=&#8221;_initial&#8221; text_font=&#8221;Montserrat||||||||&#8221; header_3_font=&#8221;Poppins||||||||&#8221; header_3_font_size=&#8221;20px&#8221; header_3_line_height=&#8221;1.2em&#8221; global_colors_info=&#8221;{}&#8221;]<\/p>\n<h3 data-start=\"1184\" data-end=\"1225\"><span style=\"color: #000000;\"><strong data-start=\"1188\" data-end=\"1223\">Selke\u00e4t paketit. T\u00e4ydellinen muutto.<br \/><\/strong><\/span><\/h3>\n<p data-start=\"77\" data-end=\"141\"><strong data-start=\"77\" data-end=\"141\">Premium-tason muuttopalvelu,\u00a0 kauniin yksinkertaiseksi.<\/strong><\/p>\n<p data-start=\"143\" data-end=\"407\">Uskomme, ett\u00e4 erinomainen palvelu ei saa olla monimutkaista \u2014 siksi olemme suunnitelleet muuttopakettimme mahdollisimman selkeiksi. Ei pienell\u00e4 pr\u00e4nt\u00e4tty\u00e4, ei ep\u00e4selvyyksi\u00e4 \u2014 vain suoraviivaisia ratkaisuja, jotka sopivat tarpeisiisi, budjettiisi ja el\u00e4m\u00e4ntyyliisi.<\/p>\n<p data-start=\"409\" data-end=\"719\">Jokainen Flyton paketti sis\u00e4lt\u00e4\u00e4 kaiken, mit\u00e4 oikeasti tarvitset (eik\u00e4 mit\u00e4\u00e4n ylim\u00e4\u00e4r\u00e4ist\u00e4): ammattilaisen tekem\u00e4n pakkauksen, turvallisen kuljetuksen, seurannan sek\u00e4 tuen jokaisessa vaiheessa.<br data-start=\"615\" data-end=\"618\" \/>Tied\u00e4t aina tarkalleen, mit\u00e4 pakettiin kuuluu ja mit\u00e4 se maksaa.<\/p>\n<p data-start=\"721\" data-end=\"837\" data-is-last-node=\"\" data-is-only-node=\"\">Ulkomaille muutto voi olla suuri muutos, mutta oikean muuttopaketin valitseminen? Meid\u00e4n kanssa se osa on helppoa. \u2728<\/p>\n<p>[\/et_pb_text][et_pb_button button_url=&#8221;http:\/\/flytorelocation.com\/fi-fi\/services&#8221; button_text=&#8221;Palvelupaketit&#8221; _builder_version=&#8221;4.27.4&#8243; _module_preset=&#8221;_initial&#8221; custom_button=&#8221;on&#8221; button_text_size=&#8221;16px&#8221; button_text_color=&#8221;#CD207D&#8221; button_border_color=&#8221;#CD207D&#8221; button_border_radius=&#8221;100px&#8221; button_font=&#8221;Outfit|600|||||||&#8221; button_use_icon=&#8221;off&#8221; custom_margin=&#8221;-10px||||false|false&#8221; custom_padding=&#8221;10px|26px|10px|26px|true|true&#8221; global_colors_info=&#8221;{%22gcid-f1e65d51-fa2f-4bf0-b2c1-8eab7001e8fd%22:%91%22button_text_color%22%93}&#8221;][\/et_pb_button][\/et_pb_column][\/et_pb_row][\/et_pb_section]<\/p>\n","protected":false},"excerpt":{"rendered":"<p>Koska asiakkaamme ansaitsee vain parasta.Flytolla turvallisuus ei ole vain osa palveluamme \u2014 se on koko toimintamme ydin. Olemme ylpeit\u00e4 voidessamme sanoa, ett\u00e4 olemme maailman turvallisin muuttoyritys, yhdist\u00e4en huipputeknologian ja vertaansa vailla olevan ammattitaidon suojellaksemme kaikkein t\u00e4rkeint\u00e4. Flyton ajoneuvot on varustettu kehittyneill\u00e4 kameraj\u00e4rjestelmill\u00e4 ja reaaliaikaisella GPS-seurannalla. R\u00e4\u00e4t\u00e4l\u00f6idyt varusteemme ja asiantunteva k\u00e4sittely takaavat, ett\u00e4 jokainen esine on [&hellip;]<\/p>\n","protected":false},"author":1,"featured_media":0,"parent":0,"menu_order":0,"comment_status":"closed","ping_status":"closed","template":"","meta":{"_et_pb_use_builder":"on","_et_pb_old_content":"","_et_gb_content_width":"","footnotes":""},"class_list":["post-727","page","type-page","status-publish","hentry"],"yoast_head":"<!-- This site is optimized with the Yoast SEO plugin v26.3 - https:\/\/yoast.com\/wordpress\/plugins\/seo\/ -->\n<title>About - Flyto Relocation Suomi<\/title>\n<meta name=\"robots\" content=\"index, follow, max-snippet:-1, max-image-preview:large, max-video-preview:-1\" \/>\n<link rel=\"canonical\" href=\"https:\/\/flytorelocation.com\/fi-fi\/about\/\" \/>\n<meta property=\"og:locale\" content=\"fi_FI\" \/>\n<meta property=\"og:type\" content=\"article\" \/>\n<meta property=\"og:title\" content=\"About - Flyto Relocation Suomi\" \/>\n<meta property=\"og:description\" content=\"Koska asiakkaamme ansaitsee vain parasta.Flytolla turvallisuus ei ole vain osa palveluamme \u2014 se on koko toimintamme ydin. Olemme ylpeit\u00e4 voidessamme sanoa, ett\u00e4 olemme maailman turvallisin muuttoyritys, yhdist\u00e4en huipputeknologian ja vertaansa vailla olevan ammattitaidon suojellaksemme kaikkein t\u00e4rkeint\u00e4. Flyton ajoneuvot on varustettu kehittyneill\u00e4 kameraj\u00e4rjestelmill\u00e4 ja reaaliaikaisella GPS-seurannalla. R\u00e4\u00e4t\u00e4l\u00f6idyt varusteemme ja asiantunteva k\u00e4sittely takaavat, ett\u00e4 jokainen esine on [&hellip;]\" \/>\n<meta property=\"og:url\" content=\"https:\/\/flytorelocation.com\/fi-fi\/about\/\" \/>\n<meta property=\"og:site_name\" content=\"Flyto Relocation Suomi\" \/>\n<meta property=\"article:modified_time\" content=\"2026-01-03T19:23:16+00:00\" \/>\n<meta name=\"twitter:card\" content=\"summary_large_image\" \/>\n<meta name=\"twitter:label1\" content=\"Arvioitu lukuaika\" \/>\n\t<meta name=\"twitter:data1\" content=\"6 minuuttia\" \/>\n<script type=\"application\/ld+json\" class=\"yoast-schema-graph\">{\"@context\":\"https:\/\/schema.org\",\"@graph\":[{\"@type\":\"WebPage\",\"@id\":\"https:\/\/flytorelocation.com\/fi-fi\/about\/\",\"url\":\"https:\/\/flytorelocation.com\/fi-fi\/about\/\",\"name\":\"About - Flyto Relocation Suomi\",\"isPartOf\":{\"@id\":\"https:\/\/flytorelocation.com\/fi-fi\/#website\"},\"datePublished\":\"2025-10-17T16:02:33+00:00\",\"dateModified\":\"2026-01-03T19:23:16+00:00\",\"breadcrumb\":{\"@id\":\"https:\/\/flytorelocation.com\/fi-fi\/about\/#breadcrumb\"},\"inLanguage\":\"fi\",\"potentialAction\":[{\"@type\":\"ReadAction\",\"target\":[\"https:\/\/flytorelocation.com\/fi-fi\/about\/\"]}]},{\"@type\":\"BreadcrumbList\",\"@id\":\"https:\/\/flytorelocation.com\/fi-fi\/about\/#breadcrumb\",\"itemListElement\":[{\"@type\":\"ListItem\",\"position\":1,\"name\":\"Home\",\"item\":\"https:\/\/flytorelocation.com\/fi-fi\/\"},{\"@type\":\"ListItem\",\"position\":2,\"name\":\"About\"}]},{\"@type\":\"WebSite\",\"@id\":\"https:\/\/flytorelocation.com\/fi-fi\/#website\",\"url\":\"https:\/\/flytorelocation.com\/fi-fi\/\",\"name\":\"Flyto Relocation Suomi\",\"description\":\"\",\"potentialAction\":[{\"@type\":\"SearchAction\",\"target\":{\"@type\":\"EntryPoint\",\"urlTemplate\":\"https:\/\/flytorelocation.com\/fi-fi\/?s={search_term_string}\"},\"query-input\":{\"@type\":\"PropertyValueSpecification\",\"valueRequired\":true,\"valueName\":\"search_term_string\"}}],\"inLanguage\":\"fi\"}]}<\/script>\n<!-- \/ Yoast SEO plugin. -->","yoast_head_json":{"title":"About - Flyto Relocation Suomi","robots":{"index":"index","follow":"follow","max-snippet":"max-snippet:-1","max-image-preview":"max-image-preview:large","max-video-preview":"max-video-preview:-1"},"canonical":"https:\/\/flytorelocation.com\/fi-fi\/about\/","og_locale":"fi_FI","og_type":"article","og_title":"About - Flyto Relocation Suomi","og_description":"Koska asiakkaamme ansaitsee vain parasta.Flytolla turvallisuus ei ole vain osa palveluamme \u2014 se on koko toimintamme ydin. Olemme ylpeit\u00e4 voidessamme sanoa, ett\u00e4 olemme maailman turvallisin muuttoyritys, yhdist\u00e4en huipputeknologian ja vertaansa vailla olevan ammattitaidon suojellaksemme kaikkein t\u00e4rkeint\u00e4. Flyton ajoneuvot on varustettu kehittyneill\u00e4 kameraj\u00e4rjestelmill\u00e4 ja reaaliaikaisella GPS-seurannalla. R\u00e4\u00e4t\u00e4l\u00f6idyt varusteemme ja asiantunteva k\u00e4sittely takaavat, ett\u00e4 jokainen esine on [&hellip;]","og_url":"https:\/\/flytorelocation.com\/fi-fi\/about\/","og_site_name":"Flyto Relocation Suomi","article_modified_time":"2026-01-03T19:23:16+00:00","twitter_card":"summary_large_image","twitter_misc":{"Arvioitu lukuaika":"6 minuuttia"},"schema":{"@context":"https:\/\/schema.org","@graph":[{"@type":"WebPage","@id":"https:\/\/flytorelocation.com\/fi-fi\/about\/","url":"https:\/\/flytorelocation.com\/fi-fi\/about\/","name":"About - Flyto Relocation Suomi","isPartOf":{"@id":"https:\/\/flytorelocation.com\/fi-fi\/#website"},"datePublished":"2025-10-17T16:02:33+00:00","dateModified":"2026-01-03T19:23:16+00:00","breadcrumb":{"@id":"https:\/\/flytorelocation.com\/fi-fi\/about\/#breadcrumb"},"inLanguage":"fi","potentialAction":[{"@type":"ReadAction","target":["https:\/\/flytorelocation.com\/fi-fi\/about\/"]}]},{"@type":"BreadcrumbList","@id":"https:\/\/flytorelocation.com\/fi-fi\/about\/#breadcrumb","itemListElement":[{"@type":"ListItem","position":1,"name":"Home","item":"https:\/\/flytorelocation.com\/fi-fi\/"},{"@type":"ListItem","position":2,"name":"About"}]},{"@type":"WebSite","@id":"https:\/\/flytorelocation.com\/fi-fi\/#website","url":"https:\/\/flytorelocation.com\/fi-fi\/","name":"Flyto Relocation Suomi","description":"","potentialAction":[{"@type":"SearchAction","target":{"@type":"EntryPoint","urlTemplate":"https:\/\/flytorelocation.com\/fi-fi\/?s={search_term_string}"},"query-input":{"@type":"PropertyValueSpecification","valueRequired":true,"valueName":"search_term_string"}}],"inLanguage":"fi"}]}},"acf":[],"_links":{"self":[{"href":"https:\/\/flytorelocation.com\/fi-fi\/wp-json\/wp\/v2\/pages\/727","targetHints":{"allow":["GET"]}}],"collection":[{"href":"https:\/\/flytorelocation.com\/fi-fi\/wp-json\/wp\/v2\/pages"}],"about":[{"href":"https:\/\/flytorelocation.com\/fi-fi\/wp-json\/wp\/v2\/types\/page"}],"author":[{"embeddable":true,"href":"https:\/\/flytorelocation.com\/fi-fi\/wp-json\/wp\/v2\/users\/1"}],"replies":[{"embeddable":true,"href":"https:\/\/flytorelocation.com\/fi-fi\/wp-json\/wp\/v2\/comments?post=727"}],"version-history":[{"count":17,"href":"https:\/\/flytorelocation.com\/fi-fi\/wp-json\/wp\/v2\/pages\/727\/revisions"}],"predecessor-version":[{"id":1436,"href":"https:\/\/flytorelocation.com\/fi-fi\/wp-json\/wp\/v2\/pages\/727\/revisions\/1436"}],"wp:attachment":[{"href":"https:\/\/flytorelocation.com\/fi-fi\/wp-json\/wp\/v2\/media?parent=727"}],"curies":[{"name":"wp","href":"https:\/\/api.w.org\/{rel}","templated":true}]}}