{"id":726,"date":"2025-10-17T19:02:33","date_gmt":"2025-10-17T16:02:33","guid":{"rendered":"https:\/\/flytorelocation.com\/fi-fi\/fi\/?page_id=80"},"modified":"2026-01-16T14:39:45","modified_gmt":"2026-01-16T12:39:45","slug":"network","status":"publish","type":"page","link":"https:\/\/flytorelocation.com\/fi-fi\/network\/","title":{"rendered":"Network"},"content":{"rendered":"<p>[et_pb_section fb_built=&#8221;1&#8243; admin_label=&#8221;Header&#8221; _builder_version=&#8221;4.27.4&#8243; _module_preset=&#8221;94b61fa9-e769-488a-99e9-46ac2d951486&#8243; background_enable_image=&#8221;off&#8221; custom_padding=&#8221;0vw||0vw||false|false&#8221; border_radii=&#8221;off|||3vw|3vw&#8221; collapsed=&#8221;on&#8221; global_colors_info=&#8221;{}&#8221;][et_pb_row _builder_version=&#8221;4.27.4&#8243; _module_preset=&#8221;default&#8221; custom_padding=&#8221;78px|||||&#8221; global_colors_info=&#8221;{}&#8221;][et_pb_column type=&#8221;4_4&#8243; _builder_version=&#8221;4.22.0&#8243; _module_preset=&#8221;default&#8221; global_colors_info=&#8221;{}&#8221;][et_pb_heading title=&#8221;Verkosto&#8221; _builder_version=&#8221;4.27.4&#8243; _module_preset=&#8221;c1253fe8-602a-4752-89bc-148a73740ac6&#8243; title_font=&#8221;Flyto oma||||||||&#8221; title_text_color=&#8221;#CD207D&#8221; title_font_size=&#8221;53px&#8221; custom_margin=&#8221;||10px||false|false&#8221; custom_padding_tablet=&#8221;&#8221; custom_padding_phone=&#8221;150px||||false|false&#8221; custom_padding_last_edited=&#8221;on|phone&#8221; hover_enabled=&#8221;0&#8243; title_font_size_phone=&#8221;48px&#8221; global_colors_info=&#8221;{}&#8221; custom_margin_last_edited=&#8221;on|phone&#8221; sticky_enabled=&#8221;0&#8243; custom_margin_phone=&#8221;-200px||||false|false&#8221; custom_margin_tablet=&#8221;||10px||false|false&#8221;][\/et_pb_heading][et_pb_text _builder_version=&#8221;4.27.4&#8243; _module_preset=&#8221;default&#8221; min_height=&#8221;36.6px&#8221; custom_margin=&#8221;45px|||||&#8221; custom_padding=&#8221;|718px||||&#8221; custom_padding_tablet=&#8221;|831px||||&#8221; custom_padding_phone=&#8221;|0px|||false|false&#8221; custom_padding_last_edited=&#8221;on|phone&#8221; global_colors_info=&#8221;{}&#8221;]<\/p>\n<p data-start=\"0\" data-end=\"171\">Miss\u00e4 p\u00e4in maailmaa muutatkin \u2014 pohjoiseen, etel\u00e4\u00e4n, it\u00e4\u00e4n tai l\u00e4nteen \u2014 Flyto on mukana tekem\u00e4ss\u00e4 ulkomaanmuutostasi sujuvan, turvallisen ja kokonaisvaltaisesti hoidetun.<\/p>\n<p data-start=\"173\" data-end=\"306\" data-is-last-node=\"\" data-is-only-node=\"\">Verkostomme kattaa 19 Euroopan maata, ja paikalliset toimistomme varmistavat laadukkaat ulkomaanmuuttopalvelut kaikkialla Euroopassa.<\/p>\n<p>[\/et_pb_text][et_pb_code _builder_version=&#8221;4.27.4&#8243; _module_preset=&#8221;default&#8221; global_colors_info=&#8221;{}&#8221;]<\/p>\n<div style=\"border-radius:16px; overflow:hidden;\"><!-- [et_pb_line_break_holder] -->  <\/p>\n<div id=\"map\" style=\"width:100%; height:600px;\"><\/div>\n<p><!-- [et_pb_line_break_holder] --><\/div>\n<p><!-- [et_pb_line_break_holder] --><!-- [et_pb_line_break_holder] --><!-- amCharts kirjastot --><!-- [et_pb_line_break_holder] --><script src=\"https:\/\/cdn.amcharts.com\/lib\/5\/index.js\"><\/script><!-- [et_pb_line_break_holder] --><script src=\"https:\/\/cdn.amcharts.com\/lib\/5\/map.js\"><\/script><!-- [et_pb_line_break_holder] --><script src=\"https:\/\/cdn.amcharts.com\/lib\/5\/geodata\/region\/world\/europeLow.js\"><\/script><!-- [et_pb_line_break_holder] --><script src=\"https:\/\/cdn.amcharts.com\/lib\/5\/themes\/Animated.js\"><\/script><!-- [et_pb_line_break_holder] --><!-- [et_pb_line_break_holder] --><script><!-- [et_pb_line_break_holder] -->(function(){<!-- [et_pb_line_break_holder] -->  const countryColors = {};<!-- [et_pb_line_break_holder] -->  const countrySlugs = {<!-- [et_pb_line_break_holder] -->    FI:'\/FI', SE:'\/SE', NO:'\/NO', DK:'\/DK',<!-- [et_pb_line_break_holder] -->    DE:'\/DE', NL:'\/NL', BE:'\/BE', LU:'\/LU', CH:'\/CH', AT:'\/AT',<!-- [et_pb_line_break_holder] -->    FR:'\/FR', IT:'\/IT', ES:'\/ES', PT:'\/PT',<!-- [et_pb_line_break_holder] -->    EE:'\/EE', PL:'\/PL', CZ:'\/CZ',<!-- [et_pb_line_break_holder] -->    GB:'\/GB', IE:'\/IE'<!-- [et_pb_line_break_holder] -->  };<!-- [et_pb_line_break_holder] -->  const flytoCountries = Object.keys(countrySlugs);<!-- [et_pb_line_break_holder] --><!-- [et_pb_line_break_holder] -->  am5.ready(function() {<!-- [et_pb_line_break_holder] -->    const root = am5.Root.new(\"map\");<!-- [et_pb_line_break_holder] -->    root.setThemes([am5themes_Animated.new(root)]);<!-- [et_pb_line_break_holder] --><!-- [et_pb_line_break_holder] -->    const chart = root.container.children.push(<!-- [et_pb_line_break_holder] -->      am5map.MapChart.new(root, {<!-- [et_pb_line_break_holder] -->        panX: true,<!-- [et_pb_line_break_holder] -->        panY: true,<!-- [et_pb_line_break_holder] -->        wheelX: \"panX\",<!-- [et_pb_line_break_holder] -->        wheelY: \"zoom\",<!-- [et_pb_line_break_holder] -->        projection: am5map.geoMercator()<!-- [et_pb_line_break_holder] -->      })<!-- [et_pb_line_break_holder] -->    );<!-- [et_pb_line_break_holder] --><!-- [et_pb_line_break_holder] -->    const polygonSeries = chart.series.push(<!-- [et_pb_line_break_holder] -->      am5map.MapPolygonSeries.new(root, {<!-- [et_pb_line_break_holder] -->        geoJSON: am5geodata_region_world_europeLow,<!-- [et_pb_line_break_holder] -->        valueField: \"value\",<!-- [et_pb_line_break_holder] -->        calculateAggregates: true<!-- [et_pb_line_break_holder] -->      })<!-- [et_pb_line_break_holder] -->    );<!-- [et_pb_line_break_holder] --><!-- [et_pb_line_break_holder] -->    polygonSeries.mapPolygons.template.setAll({<!-- [et_pb_line_break_holder] -->      tooltipText: \"{name}\",<!-- [et_pb_line_break_holder] -->      strokeOpacity: 0.8,<!-- [et_pb_line_break_holder] -->      stroke: am5.color('#f3c2d8'),<!-- [et_pb_line_break_holder] -->      fill: am5.color('#fce8f2')<!-- [et_pb_line_break_holder] -->    });<!-- [et_pb_line_break_holder] --><!-- [et_pb_line_break_holder] -->    polygonSeries.events.on(\"datavalidated\", function(){<!-- [et_pb_line_break_holder] -->      polygonSeries.mapPolygons.each(function(p){<!-- [et_pb_line_break_holder] -->        const id = p.dataItem.dataContext.id;<!-- [et_pb_line_break_holder] -->        if (flytoCountries.includes(id)){<!-- [et_pb_line_break_holder] -->          const clr = \"#CD207D\"; \/\/ Flyton pinkki aksenttiv\u00e4ri<!-- [et_pb_line_break_holder] -->          p.setAll({<!-- [et_pb_line_break_holder] -->            fill: am5.color(clr),<!-- [et_pb_line_break_holder] -->            stroke: am5.color(lighten(clr, -0.2)),<!-- [et_pb_line_break_holder] -->            strokeWidth: 1.5<!-- [et_pb_line_break_holder] -->          });<!-- [et_pb_line_break_holder] -->          p.states.create(\"hover\", {<!-- [et_pb_line_break_holder] -->            fill: am5.color(lighten(clr, 0.18)),<!-- [et_pb_line_break_holder] -->            strokeWidth: 2.5<!-- [et_pb_line_break_holder] -->          });<!-- [et_pb_line_break_holder] -->          p.cursorOverStyle = \"pointer\";<!-- [et_pb_line_break_holder] -->          p.events.on(\"click\", () => {<!-- [et_pb_line_break_holder] -->            const url = countrySlugs[id];<!-- [et_pb_line_break_holder] -->            if (url) window.location.href = url;<!-- [et_pb_line_break_holder] -->          });<!-- [et_pb_line_break_holder] -->        }<!-- [et_pb_line_break_holder] -->      });<!-- [et_pb_line_break_holder] -->      chart.zoomToGeoPoint({ longitude: 10, latitude: 55 }, 2.2, true, 900);<!-- [et_pb_line_break_holder] -->    });<!-- [et_pb_line_break_holder] --><!-- [et_pb_line_break_holder] -->    function lighten(hex, amt){<!-- [et_pb_line_break_holder] -->      const c = hex.replace('#','');<!-- [et_pb_line_break_holder] -->      const num = parseInt(c,16);<!-- [et_pb_line_break_holder] -->      let r = (num >> 16) + Math.round(255*amt);<!-- [et_pb_line_break_holder] -->      let g = (num >> 8 & 0x00FF) + Math.round(255*amt);<!-- [et_pb_line_break_holder] -->      let b = (num & 0x0000FF) + Math.round(255*amt);<!-- [et_pb_line_break_holder] -->      r = Math.min(255, Math.max(0, r));<!-- [et_pb_line_break_holder] -->      g = Math.min(255, Math.max(0, g));<!-- [et_pb_line_break_holder] -->      b = Math.min(255, Math.max(0, b));<!-- [et_pb_line_break_holder] -->      return '#' + (r<<16 | g<<8 | b).toString(16).padStart(6,'0');<!-- [et_pb_line_break_holder] -->    }<!-- [et_pb_line_break_holder] -->  });<!-- [et_pb_line_break_holder] -->})();<!-- [et_pb_line_break_holder] --><\/script><!-- [et_pb_line_break_holder] -->[\/et_pb_code][\/et_pb_column][\/et_pb_row][\/et_pb_section]<\/p>\n","protected":false},"excerpt":{"rendered":"<p>Miss\u00e4 p\u00e4in maailmaa muutatkin \u2014 pohjoiseen, etel\u00e4\u00e4n, it\u00e4\u00e4n tai l\u00e4nteen \u2014 Flyto on mukana tekem\u00e4ss\u00e4 ulkomaanmuutostasi sujuvan, turvallisen ja kokonaisvaltaisesti hoidetun. Verkostomme kattaa 19 Euroopan maata, ja paikalliset toimistomme varmistavat laadukkaat ulkomaanmuuttopalvelut kaikkialla Euroopassa.<\/p>\n","protected":false},"author":1,"featured_media":0,"parent":0,"menu_order":0,"comment_status":"closed","ping_status":"closed","template":"","meta":{"_et_pb_use_builder":"on","_et_pb_old_content":"","_et_gb_content_width":"","footnotes":""},"class_list":["post-726","page","type-page","status-publish","hentry"],"yoast_head":"<!-- This site is optimized with the Yoast SEO plugin v26.3 - https:\/\/yoast.com\/wordpress\/plugins\/seo\/ -->\n<title>Network - Flyto Relocation Suomi<\/title>\n<meta name=\"robots\" content=\"index, follow, max-snippet:-1, max-image-preview:large, max-video-preview:-1\" \/>\n<link rel=\"canonical\" href=\"https:\/\/flytorelocation.com\/fi-fi\/network\/\" \/>\n<meta property=\"og:locale\" content=\"fi_FI\" \/>\n<meta property=\"og:type\" content=\"article\" \/>\n<meta property=\"og:title\" content=\"Network - Flyto Relocation Suomi\" \/>\n<meta property=\"og:description\" content=\"Miss\u00e4 p\u00e4in maailmaa muutatkin \u2014 pohjoiseen, etel\u00e4\u00e4n, it\u00e4\u00e4n tai l\u00e4nteen \u2014 Flyto on mukana tekem\u00e4ss\u00e4 ulkomaanmuutostasi sujuvan, turvallisen ja kokonaisvaltaisesti hoidetun. Verkostomme kattaa 19 Euroopan maata, ja paikalliset toimistomme varmistavat laadukkaat ulkomaanmuuttopalvelut kaikkialla Euroopassa.\" \/>\n<meta property=\"og:url\" content=\"https:\/\/flytorelocation.com\/fi-fi\/network\/\" \/>\n<meta property=\"og:site_name\" content=\"Flyto Relocation Suomi\" \/>\n<meta property=\"article:modified_time\" content=\"2026-01-16T12:39:45+00:00\" \/>\n<meta name=\"twitter:card\" content=\"summary_large_image\" \/>\n<meta name=\"twitter:label1\" content=\"Arvioitu lukuaika\" \/>\n\t<meta name=\"twitter:data1\" content=\"1 minuutti\" \/>\n<script type=\"application\/ld+json\" class=\"yoast-schema-graph\">{\"@context\":\"https:\/\/schema.org\",\"@graph\":[{\"@type\":\"WebPage\",\"@id\":\"https:\/\/flytorelocation.com\/fi-fi\/network\/\",\"url\":\"https:\/\/flytorelocation.com\/fi-fi\/network\/\",\"name\":\"Network - Flyto Relocation Suomi\",\"isPartOf\":{\"@id\":\"https:\/\/flytorelocation.com\/fi-fi\/#website\"},\"datePublished\":\"2025-10-17T16:02:33+00:00\",\"dateModified\":\"2026-01-16T12:39:45+00:00\",\"breadcrumb\":{\"@id\":\"https:\/\/flytorelocation.com\/fi-fi\/network\/#breadcrumb\"},\"inLanguage\":\"fi\",\"potentialAction\":[{\"@type\":\"ReadAction\",\"target\":[\"https:\/\/flytorelocation.com\/fi-fi\/network\/\"]}]},{\"@type\":\"BreadcrumbList\",\"@id\":\"https:\/\/flytorelocation.com\/fi-fi\/network\/#breadcrumb\",\"itemListElement\":[{\"@type\":\"ListItem\",\"position\":1,\"name\":\"Home\",\"item\":\"https:\/\/flytorelocation.com\/fi-fi\/\"},{\"@type\":\"ListItem\",\"position\":2,\"name\":\"Network\"}]},{\"@type\":\"WebSite\",\"@id\":\"https:\/\/flytorelocation.com\/fi-fi\/#website\",\"url\":\"https:\/\/flytorelocation.com\/fi-fi\/\",\"name\":\"Flyto Relocation Suomi\",\"description\":\"\",\"potentialAction\":[{\"@type\":\"SearchAction\",\"target\":{\"@type\":\"EntryPoint\",\"urlTemplate\":\"https:\/\/flytorelocation.com\/fi-fi\/?s={search_term_string}\"},\"query-input\":{\"@type\":\"PropertyValueSpecification\",\"valueRequired\":true,\"valueName\":\"search_term_string\"}}],\"inLanguage\":\"fi\"}]}<\/script>\n<!-- \/ Yoast SEO plugin. -->","yoast_head_json":{"title":"Network - Flyto Relocation Suomi","robots":{"index":"index","follow":"follow","max-snippet":"max-snippet:-1","max-image-preview":"max-image-preview:large","max-video-preview":"max-video-preview:-1"},"canonical":"https:\/\/flytorelocation.com\/fi-fi\/network\/","og_locale":"fi_FI","og_type":"article","og_title":"Network - Flyto Relocation Suomi","og_description":"Miss\u00e4 p\u00e4in maailmaa muutatkin \u2014 pohjoiseen, etel\u00e4\u00e4n, it\u00e4\u00e4n tai l\u00e4nteen \u2014 Flyto on mukana tekem\u00e4ss\u00e4 ulkomaanmuutostasi sujuvan, turvallisen ja kokonaisvaltaisesti hoidetun. Verkostomme kattaa 19 Euroopan maata, ja paikalliset toimistomme varmistavat laadukkaat ulkomaanmuuttopalvelut kaikkialla Euroopassa.","og_url":"https:\/\/flytorelocation.com\/fi-fi\/network\/","og_site_name":"Flyto Relocation Suomi","article_modified_time":"2026-01-16T12:39:45+00:00","twitter_card":"summary_large_image","twitter_misc":{"Arvioitu lukuaika":"1 minuutti"},"schema":{"@context":"https:\/\/schema.org","@graph":[{"@type":"WebPage","@id":"https:\/\/flytorelocation.com\/fi-fi\/network\/","url":"https:\/\/flytorelocation.com\/fi-fi\/network\/","name":"Network - Flyto Relocation Suomi","isPartOf":{"@id":"https:\/\/flytorelocation.com\/fi-fi\/#website"},"datePublished":"2025-10-17T16:02:33+00:00","dateModified":"2026-01-16T12:39:45+00:00","breadcrumb":{"@id":"https:\/\/flytorelocation.com\/fi-fi\/network\/#breadcrumb"},"inLanguage":"fi","potentialAction":[{"@type":"ReadAction","target":["https:\/\/flytorelocation.com\/fi-fi\/network\/"]}]},{"@type":"BreadcrumbList","@id":"https:\/\/flytorelocation.com\/fi-fi\/network\/#breadcrumb","itemListElement":[{"@type":"ListItem","position":1,"name":"Home","item":"https:\/\/flytorelocation.com\/fi-fi\/"},{"@type":"ListItem","position":2,"name":"Network"}]},{"@type":"WebSite","@id":"https:\/\/flytorelocation.com\/fi-fi\/#website","url":"https:\/\/flytorelocation.com\/fi-fi\/","name":"Flyto Relocation Suomi","description":"","potentialAction":[{"@type":"SearchAction","target":{"@type":"EntryPoint","urlTemplate":"https:\/\/flytorelocation.com\/fi-fi\/?s={search_term_string}"},"query-input":{"@type":"PropertyValueSpecification","valueRequired":true,"valueName":"search_term_string"}}],"inLanguage":"fi"}]}},"acf":[],"_links":{"self":[{"href":"https:\/\/flytorelocation.com\/fi-fi\/wp-json\/wp\/v2\/pages\/726","targetHints":{"allow":["GET"]}}],"collection":[{"href":"https:\/\/flytorelocation.com\/fi-fi\/wp-json\/wp\/v2\/pages"}],"about":[{"href":"https:\/\/flytorelocation.com\/fi-fi\/wp-json\/wp\/v2\/types\/page"}],"author":[{"embeddable":true,"href":"https:\/\/flytorelocation.com\/fi-fi\/wp-json\/wp\/v2\/users\/1"}],"replies":[{"embeddable":true,"href":"https:\/\/flytorelocation.com\/fi-fi\/wp-json\/wp\/v2\/comments?post=726"}],"version-history":[{"count":3,"href":"https:\/\/flytorelocation.com\/fi-fi\/wp-json\/wp\/v2\/pages\/726\/revisions"}],"predecessor-version":[{"id":1485,"href":"https:\/\/flytorelocation.com\/fi-fi\/wp-json\/wp\/v2\/pages\/726\/revisions\/1485"}],"wp:attachment":[{"href":"https:\/\/flytorelocation.com\/fi-fi\/wp-json\/wp\/v2\/media?parent=726"}],"curies":[{"name":"wp","href":"https:\/\/api.w.org\/{rel}","templated":true}]}}