{"id":2,"date":"2025-10-01T11:34:34","date_gmt":"2025-10-01T08:34:34","guid":{"rendered":"https:\/\/flytorelocation.com\/fi-fi\/fi\/?page_id=2"},"modified":"2026-01-16T14:51:02","modified_gmt":"2026-01-16T12:51:02","slug":"safety","status":"publish","type":"page","link":"https:\/\/flytorelocation.com\/fi-fi\/safety\/","title":{"rendered":"Safety"},"content":{"rendered":"<p>[et_pb_section fb_built=&#8221;1&#8243; custom_padding_last_edited=&#8221;on|phone&#8221; _builder_version=&#8221;4.27.4&#8243; _module_preset=&#8221;default&#8221; custom_padding=&#8221;19px||19px||true|false&#8221; custom_padding_tablet=&#8221;80px||80px||true|false&#8221; custom_padding_phone=&#8221;0px||0px||true|false&#8221; global_colors_info=&#8221;{}&#8221;][et_pb_row _builder_version=&#8221;4.27.4&#8243; _module_preset=&#8221;default&#8221; global_colors_info=&#8221;{}&#8221;][et_pb_column type=&#8221;4_4&#8243; _builder_version=&#8221;4.27.4&#8243; _module_preset=&#8221;default&#8221; global_colors_info=&#8221;{}&#8221;][et_pb_heading title=&#8221;Turvallisuus&#8221; _builder_version=&#8221;4.27.4&#8243; _module_preset=&#8221;_initial&#8221; title_font=&#8221;Flyto oma||||||||&#8221; title_text_color=&#8221;#CD207D&#8221; title_font_size=&#8221;62px&#8221; custom_margin=&#8221;||10px||false|false&#8221; custom_margin_tablet=&#8221;||10px||false|false&#8221; custom_margin_phone=&#8221;||10px||false|false&#8221; custom_margin_last_edited=&#8221;on|phone&#8221; custom_padding_tablet=&#8221;&#8221; custom_padding_phone=&#8221;0px||||false|false&#8221; custom_padding_last_edited=&#8221;on|phone&#8221; title_font_size_tablet=&#8221;40px&#8221; title_font_size_phone=&#8221;30px&#8221; title_font_size_last_edited=&#8221;on|phone&#8221; locked=&#8221;off&#8221; global_colors_info=&#8221;{}&#8221;][\/et_pb_heading][\/et_pb_column][\/et_pb_row][\/et_pb_section][et_pb_section fb_built=&#8221;1&#8243; custom_padding_last_edited=&#8221;on|phone&#8221; admin_label=&#8221;Services&#8221; _builder_version=&#8221;4.27.4&#8243; _module_preset=&#8221;default&#8221; background_color=&#8221;#fafafa&#8221; custom_padding=&#8221;0px||||false|false&#8221; custom_padding_tablet=&#8221;98px||76px|||&#8221; custom_padding_phone=&#8221;30px||0px||false|false&#8221; collapsed=&#8221;on&#8221; global_colors_info=&#8221;{}&#8221;][et_pb_row column_structure=&#8221;1_2,1_2&#8243; _builder_version=&#8221;4.27.4&#8243; _module_preset=&#8221;default&#8221; global_colors_info=&#8221;{}&#8221;][et_pb_column type=&#8221;1_2&#8243; _builder_version=&#8221;4.27.4&#8243; _module_preset=&#8221;default&#8221; global_colors_info=&#8221;{}&#8221;][et_pb_text _builder_version=&#8221;4.27.4&#8243; _module_preset=&#8221;_initial&#8221; text_font=&#8221;Montserrat||||||||&#8221; text_text_color=&#8221;#000000&#8243; header_2_font=&#8221;Poppins|600|||||||&#8221; header_2_text_align=&#8221;left&#8221; header_2_text_color=&#8221;#000000&#8243; header_2_font_size=&#8221;16px&#8221; header_2_line_height=&#8221;1.3em&#8221; header_3_font_size=&#8221;30px&#8221; locked=&#8221;off&#8221; global_colors_info=&#8221;{}&#8221;]<\/p>\n<h2>Maailman turvallisin muutto<\/h2>\n<p>[\/et_pb_text][et_pb_text _builder_version=&#8221;4.27.4&#8243; _module_preset=&#8221;_initial&#8221; text_font=&#8221;Montserrat|600|||||||&#8221; text_font_size=&#8221;13px&#8221; custom_margin=&#8221;-28px||||false|false&#8221; global_colors_info=&#8221;{}&#8221;]Flytolla uskomme, ett\u00e4 turvallisuus ei ole vain ominaisuus \u2014 se on lupaus.<br \/>\nSiit\u00e4 hetkest\u00e4 l\u00e4htien, kun tavarasi pakataan, aina siihen asti kun ne ovat uudessa kodissasi, jokainen vaihe seurataan, dokumentoidaan ja hoidetaan huolellisesti.<\/p>\n<p>Ideamme on selke\u00e4: tehd\u00e4 jokaisesta kansainv\u00e4lisest\u00e4 muutosta t\u00e4ysin turvallinen, l\u00e4pin\u00e4kyv\u00e4 ja huoleton.[\/et_pb_text][et_pb_button button_url=&#8221;https:\/\/flytorelocation.com\/fi-fi\/about\/&#8221; button_text=&#8221;Tietoa meist\u00e4&#8221; _builder_version=&#8221;4.27.4&#8243; _module_preset=&#8221;_initial&#8221; custom_button=&#8221;on&#8221; button_text_size=&#8221;16px&#8221; button_text_color=&#8221;#CD207D&#8221; button_border_color=&#8221;#CD207D&#8221; button_border_radius=&#8221;100px&#8221; button_font=&#8221;Outfit|600|||||||&#8221; button_use_icon=&#8221;off&#8221; custom_margin=&#8221;-10px||||false|false&#8221; custom_padding=&#8221;10px|26px|10px|26px|true|true&#8221; locked=&#8221;off&#8221; global_colors_info=&#8221;{%22gcid-f1e65d51-fa2f-4bf0-b2c1-8eab7001e8fd%22:%91%22button_text_color%22%93}&#8221;][\/et_pb_button][\/et_pb_column][et_pb_column type=&#8221;1_2&#8243; _builder_version=&#8221;4.27.4&#8243; _module_preset=&#8221;default&#8221; global_colors_info=&#8221;{}&#8221;][et_pb_image src=&#8221;https:\/\/flyto-wp-uploads.s3.eu-north-1.amazonaws.com\/wp-content\/uploads\/sites\/81\/2025\/10\/03182801\/FLYTO-Muutto-Kuvaaja-Nuuti-Paananen-1-1_2_11zon-scaled-1.jpg&#8221; title_text=&#8221;FLYTO &#8211; Muutto &#8211; Kuvaaja Nuuti Paananen (1) (1)_2_11zon&#8221; disabled_on=&#8221;on|off|off&#8221; _builder_version=&#8221;4.27.4&#8243; _module_preset=&#8221;default&#8221; transform_scale=&#8221;114%|100%&#8221; transform_scale_tablet=&#8221;&#8221; transform_scale_phone=&#8221;100%|74%&#8221; transform_scale_last_edited=&#8221;on|desktop&#8221; transform_scale_linked=&#8221;off&#8221; transform_translate_tablet=&#8221;&#8221; transform_translate_phone=&#8221;&#8221; transform_translate_last_edited=&#8221;on|phone&#8221; transform_rotate_tablet=&#8221;&#8221; transform_rotate_phone=&#8221;&#8221; transform_rotate_last_edited=&#8221;on|phone&#8221; transform_skew_tablet=&#8221;&#8221; transform_skew_phone=&#8221;&#8221; transform_skew_last_edited=&#8221;on|phone&#8221; transform_origin_tablet=&#8221;&#8221; transform_origin_phone=&#8221;&#8221; transform_origin_last_edited=&#8221;on|phone&#8221; border_radii=&#8221;on|10px|10px|10px|10px&#8221; global_colors_info=&#8221;{}&#8221;][\/et_pb_image][\/et_pb_column][\/et_pb_row][\/et_pb_section][et_pb_section fb_built=&#8221;1&#8243; admin_label=&#8221;Video&#8221; _builder_version=&#8221;4.27.4&#8243; _module_preset=&#8221;default&#8221; background_color=&#8221;#fafafa&#8221; custom_padding=&#8221;||||false|false&#8221; collapsed=&#8221;on&#8221; global_colors_info=&#8221;{}&#8221;][et_pb_row _builder_version=&#8221;4.22.0&#8243; _module_preset=&#8221;default&#8221; min_height=&#8221;533.8px&#8221; global_colors_info=&#8221;{}&#8221;][et_pb_column type=&#8221;4_4&#8243; _builder_version=&#8221;4.22.0&#8243; _module_preset=&#8221;default&#8221; global_colors_info=&#8221;{}&#8221;][et_pb_text _builder_version=&#8221;4.27.4&#8243; _module_preset=&#8221;_initial&#8221; text_font=&#8221;Montserrat|600|||||||&#8221; text_text_color=&#8221;#000000&#8243; text_font_size=&#8221;13px&#8221; header_3_font=&#8221;Flyto oma||||||||&#8221; custom_margin=&#8221;-28px||||false|false&#8221; global_colors_info=&#8221;{}&#8221;]<\/p>\n<h3 data-start=\"415\" data-end=\"467\">Miten varmistamme turvallisuuden ja l\u00e4pin\u00e4kyvyyden?<\/h3>\n<p>&nbsp;<\/p>\n<p data-start=\"468\" data-end=\"509\">\ud83c\udfa5 <strong data-start=\"1540\" data-end=\"1564\">\u00c4lykk\u00e4\u00e4t kameraj\u00e4rjestelm\u00e4t<br \/>\n<\/strong><\/p>\n<p data-start=\"511\" data-end=\"734\">Jo yli puolet Flyton ajoneuvoista on varustettu 360 asteen kameraj\u00e4rjestelmill\u00e4.<br \/>\nNe tarjoavat sek\u00e4 sinulle ett\u00e4 tiimillemme t\u00e4ydellisen n\u00e4kyvyyden koko prosessiin.<br \/>\nJ\u00e4rjestelm\u00e4 takaa, ett\u00e4 kaikkia tavaroita k\u00e4sitell\u00e4\u00e4n oikein, ja mahdolliset ongelmat voidaan j\u00e4ljitt\u00e4\u00e4 ja ratkaista nopeasti.<\/p>\n<p data-start=\"511\" data-end=\"734\">\ud83d\udce6 <strong data-start=\"1992\" data-end=\"2026\">Yksityiskohtainen pakkausdokumentaatio<\/strong><\/p>\n<p data-start=\"511\" data-end=\"734\">Dokumentoimme jokaisen l\u00e4hetyksen huolellisesti.<br \/>\nJokaiselle muutolle luodaan oma seurantanumero ja tarkka tavaraluettelo.<br \/>\nT\u00e4m\u00e4 j\u00e4rjestelm\u00e4llinen dokumentointi varmistaa, ett\u00e4 mik\u00e4\u00e4n ei katoa ja jokainen esine on seurattu alusta loppuun.<\/p>\n<p data-start=\"2994\" data-end=\"3073\">\ud83e\uddf0\u00a0 <strong>Ammattimainen k\u00e4sittely ja laadunvalvonta<\/strong><\/p>\n<p data-start=\"2994\" data-end=\"3073\">Tiimimme on koulutettu k\u00e4sittelem\u00e4\u00e4n tavaroita tarkasti ja turvallisesti.<br \/>\nS\u00e4\u00e4nn\u00f6lliset turvallisuustarkastukset ja jatkuva koulutus varmistavat, ett\u00e4 noudatamme korkeimpia kansainv\u00e4lisi\u00e4 standardeja pakkauksessa, nostamisessa ja logistiikassa.<\/p>\n<p data-start=\"2994\" data-end=\"3073\">\ud83d\udd12 <strong>Turvallinen varastointi ja vakuutusvaihtoehdot<\/strong><\/p>\n<h3 data-start=\"3080\" data-end=\"3125\"><\/h3>\n<p data-start=\"3126\" data-end=\"3353\">Tarvittaessa tarjoamme turvalliset, ilmastoidut varastotilat tavaroillesi.<br \/>\nLis\u00e4ksi tarjoamme kattavat vakuutusvaihtoehdot tuomaan lis\u00e4turvaa \u2014 jotta omaisuutesi on suojattu kaikissa muuton vaiheissa.<\/p>\n<p data-start=\"511\" data-end=\"734\">\ud83d\ude9b <strong data-start=\"2377\" data-end=\"2405\">Valvottu kuljetus<\/strong><\/p>\n<h3 data-start=\"2370\" data-end=\"2405\"><\/h3>\n<p data-start=\"2406\" data-end=\"2629\">Kaikki kuljetusajoneuvomme on varustettu moderneilla turvatoiminnoilla ja GPS-seurannalla.<br \/>\nN\u00e4in tied\u00e4mme aina, miss\u00e4 tavarasi ovat, ja voimme reagoida ennakoivasti mahdollisiin riskeihin tai viiv\u00e4styksiin matkan varrella.<\/p>\n<p data-start=\"2406\" data-end=\"2629\">Valmiina kokemaan maailman turvallisimman muuton?<br \/>\nOta yhteytt\u00e4 \u2014 suunnitellaan muutto, joka on turvallinen alusta loppuun.<\/p>\n<p>[\/et_pb_text][et_pb_button button_url=&#8221;@ET-DC@eyJkeW5hbWljIjp0cnVlLCJjb250ZW50IjoicG9zdF9saW5rX3VybF9wYWdlIiwic2V0dGluZ3MiOnsicG9zdF9pZCI6IjczNSJ9fQ==@&#8221; button_text=&#8221;Ota yhteytt\u00e4&#8221; _builder_version=&#8221;4.27.4&#8243; _dynamic_attributes=&#8221;button_url&#8221; _module_preset=&#8221;_initial&#8221; custom_button=&#8221;on&#8221; button_text_size=&#8221;16px&#8221; button_text_color=&#8221;#CD207D&#8221; button_bg_color=&#8221;#FFFFFF&#8221; button_border_color=&#8221;#CD207D&#8221; button_border_radius=&#8221;100px&#8221; button_font=&#8221;Outfit|600|||||||&#8221; button_use_icon=&#8221;off&#8221; custom_margin=&#8221;-2px||||false|false&#8221; custom_padding=&#8221;10px|26px|10px|26px|true|true&#8221; global_colors_info=&#8221;{%22gcid-f1e65d51-fa2f-4bf0-b2c1-8eab7001e8fd%22:%91%22button_text_color%22%93}&#8221;][\/et_pb_button][\/et_pb_column][\/et_pb_row][\/et_pb_section]<\/p>\n","protected":false},"excerpt":{"rendered":"<p>Maailman turvallisin muuttoFlytolla uskomme, ett\u00e4 turvallisuus ei ole vain ominaisuus \u2014 se on lupaus. Siit\u00e4 hetkest\u00e4 l\u00e4htien, kun tavarasi pakataan, aina siihen asti kun ne ovat uudessa kodissasi, jokainen vaihe seurataan, dokumentoidaan ja hoidetaan huolellisesti. Ideamme on selke\u00e4: tehd\u00e4 jokaisesta kansainv\u00e4lisest\u00e4 muutosta t\u00e4ysin turvallinen, l\u00e4pin\u00e4kyv\u00e4 ja huoleton.Miten varmistamme turvallisuuden ja l\u00e4pin\u00e4kyvyyden? &nbsp; \ud83c\udfa5 \u00c4lykk\u00e4\u00e4t kameraj\u00e4rjestelm\u00e4t [&hellip;]<\/p>\n","protected":false},"author":1,"featured_media":0,"parent":0,"menu_order":0,"comment_status":"closed","ping_status":"closed","template":"","meta":{"_et_pb_use_builder":"on","_et_pb_old_content":"<!-- wp:paragraph -->\n<p>T\u00e4m\u00e4 on esimerkkisivu. Se eroaa artikkelista, sill\u00e4 se pysyy omalla paikallaan ja n\u00e4kyy sivustosi navigaatiossa (useimmissa teemoissa). Monet tekev\u00e4t ensimm\u00e4isen\u00e4 Tietoja-sivun, joka esittelee heid\u00e4t sivuston vierailijoille. Siihen voi kirjoittaa esimerkiksi jotain t\u00e4m\u00e4nkaltaista sis\u00e4lt\u00f6\u00e4:<\/p>\n<!-- \/wp:paragraph -->\n\n<!-- wp:quote -->\n<blockquote class=\"wp-block-quote\"><p>Tervehdys! P\u00e4iv\u00e4ty\u00f6kseni teen py\u00f6r\u00e4l\u00e4hetin hommia ja iltaisin toimin harrastelijateatterin parissa. N\u00e4m\u00e4 ovat minun ikiomat sivuni. Asun Paraisilla ja minulla on mahtava koira, jonka nimi on Jaakko. Pid\u00e4n pi&#241;a colada -drinkeist\u00e4 ja sateen ropinasta peltikatolla.<\/p><\/blockquote>\n<!-- \/wp:quote -->\n\n<!-- wp:paragraph -->\n<p>...tai jotain t\u00e4llaista:<\/p>\n<!-- \/wp:paragraph -->\n\n<!-- wp:quote -->\n<blockquote class=\"wp-block-quote\"><p>Hilavitkuttimet Oy perustettiin vuonna 1971 ja se on siit\u00e4 l\u00e4htien tuottanut asiakkailleen laadukkaita hilavitkuttimia. Yli 200 henkil\u00f6\u00e4 ty\u00f6llist\u00e4v\u00e4 Hilavitkuttimet Oy sijaitsee Salossa ja j\u00e4rjest\u00e4\u00e4 kaikenlaisia tempauksia paikallisen yhteis\u00f6n iloksi.<\/p><\/blockquote>\n<!-- \/wp:quote -->\n\n<!-- wp:paragraph -->\n<p>Uutena WordPress-k\u00e4ytt\u00e4j\u00e4n\u00e4, sinun kannattaa menn\u00e4 <a href=\"https:\/\/flytorelocation.com\/fi-fi\/fi\/wp-admin\/\">ohjauspaneeliisi<\/a> poistaaksesi t\u00e4m\u00e4n sivun ja luodaksesi uusia sivuja sis\u00e4ll\u00f6llesi. Pid\u00e4 hauskaa!<\/p>\n<!-- \/wp:paragraph -->","_et_gb_content_width":"","footnotes":""},"class_list":["post-2","page","type-page","status-publish","hentry"],"yoast_head":"<!-- This site is optimized with the Yoast SEO plugin v26.3 - https:\/\/yoast.com\/wordpress\/plugins\/seo\/ -->\n<title>Safety - Flyto Relocation Suomi<\/title>\n<meta name=\"robots\" content=\"index, follow, max-snippet:-1, max-image-preview:large, max-video-preview:-1\" \/>\n<link rel=\"canonical\" href=\"https:\/\/flytorelocation.com\/fi-fi\/safety\/\" \/>\n<meta property=\"og:locale\" content=\"fi_FI\" \/>\n<meta property=\"og:type\" content=\"article\" \/>\n<meta property=\"og:title\" content=\"Safety - Flyto Relocation Suomi\" \/>\n<meta property=\"og:description\" content=\"Maailman turvallisin muuttoFlytolla uskomme, ett\u00e4 turvallisuus ei ole vain ominaisuus \u2014 se on lupaus. Siit\u00e4 hetkest\u00e4 l\u00e4htien, kun tavarasi pakataan, aina siihen asti kun ne ovat uudessa kodissasi, jokainen vaihe seurataan, dokumentoidaan ja hoidetaan huolellisesti. Ideamme on selke\u00e4: tehd\u00e4 jokaisesta kansainv\u00e4lisest\u00e4 muutosta t\u00e4ysin turvallinen, l\u00e4pin\u00e4kyv\u00e4 ja huoleton.Miten varmistamme turvallisuuden ja l\u00e4pin\u00e4kyvyyden? &nbsp; \ud83c\udfa5 \u00c4lykk\u00e4\u00e4t kameraj\u00e4rjestelm\u00e4t [&hellip;]\" \/>\n<meta property=\"og:url\" content=\"https:\/\/flytorelocation.com\/fi-fi\/safety\/\" \/>\n<meta property=\"og:site_name\" content=\"Flyto Relocation Suomi\" \/>\n<meta property=\"article:modified_time\" content=\"2026-01-16T12:51:02+00:00\" \/>\n<meta name=\"twitter:card\" content=\"summary_large_image\" \/>\n<meta name=\"twitter:label1\" content=\"Arvioitu lukuaika\" \/>\n\t<meta name=\"twitter:data1\" content=\"5 minuuttia\" \/>\n<script type=\"application\/ld+json\" class=\"yoast-schema-graph\">{\"@context\":\"https:\/\/schema.org\",\"@graph\":[{\"@type\":\"WebPage\",\"@id\":\"https:\/\/flytorelocation.com\/fi-fi\/safety\/\",\"url\":\"https:\/\/flytorelocation.com\/fi-fi\/safety\/\",\"name\":\"Safety - Flyto Relocation Suomi\",\"isPartOf\":{\"@id\":\"https:\/\/flytorelocation.com\/fi-fi\/#website\"},\"datePublished\":\"2025-10-01T08:34:34+00:00\",\"dateModified\":\"2026-01-16T12:51:02+00:00\",\"breadcrumb\":{\"@id\":\"https:\/\/flytorelocation.com\/fi-fi\/safety\/#breadcrumb\"},\"inLanguage\":\"fi\",\"potentialAction\":[{\"@type\":\"ReadAction\",\"target\":[\"https:\/\/flytorelocation.com\/fi-fi\/safety\/\"]}]},{\"@type\":\"BreadcrumbList\",\"@id\":\"https:\/\/flytorelocation.com\/fi-fi\/safety\/#breadcrumb\",\"itemListElement\":[{\"@type\":\"ListItem\",\"position\":1,\"name\":\"Home\",\"item\":\"https:\/\/flytorelocation.com\/fi-fi\/\"},{\"@type\":\"ListItem\",\"position\":2,\"name\":\"Safety\"}]},{\"@type\":\"WebSite\",\"@id\":\"https:\/\/flytorelocation.com\/fi-fi\/#website\",\"url\":\"https:\/\/flytorelocation.com\/fi-fi\/\",\"name\":\"Flyto Relocation Suomi\",\"description\":\"\",\"potentialAction\":[{\"@type\":\"SearchAction\",\"target\":{\"@type\":\"EntryPoint\",\"urlTemplate\":\"https:\/\/flytorelocation.com\/fi-fi\/?s={search_term_string}\"},\"query-input\":{\"@type\":\"PropertyValueSpecification\",\"valueRequired\":true,\"valueName\":\"search_term_string\"}}],\"inLanguage\":\"fi\"}]}<\/script>\n<!-- \/ Yoast SEO plugin. -->","yoast_head_json":{"title":"Safety - Flyto Relocation Suomi","robots":{"index":"index","follow":"follow","max-snippet":"max-snippet:-1","max-image-preview":"max-image-preview:large","max-video-preview":"max-video-preview:-1"},"canonical":"https:\/\/flytorelocation.com\/fi-fi\/safety\/","og_locale":"fi_FI","og_type":"article","og_title":"Safety - Flyto Relocation Suomi","og_description":"Maailman turvallisin muuttoFlytolla uskomme, ett\u00e4 turvallisuus ei ole vain ominaisuus \u2014 se on lupaus. Siit\u00e4 hetkest\u00e4 l\u00e4htien, kun tavarasi pakataan, aina siihen asti kun ne ovat uudessa kodissasi, jokainen vaihe seurataan, dokumentoidaan ja hoidetaan huolellisesti. Ideamme on selke\u00e4: tehd\u00e4 jokaisesta kansainv\u00e4lisest\u00e4 muutosta t\u00e4ysin turvallinen, l\u00e4pin\u00e4kyv\u00e4 ja huoleton.Miten varmistamme turvallisuuden ja l\u00e4pin\u00e4kyvyyden? &nbsp; \ud83c\udfa5 \u00c4lykk\u00e4\u00e4t kameraj\u00e4rjestelm\u00e4t [&hellip;]","og_url":"https:\/\/flytorelocation.com\/fi-fi\/safety\/","og_site_name":"Flyto Relocation Suomi","article_modified_time":"2026-01-16T12:51:02+00:00","twitter_card":"summary_large_image","twitter_misc":{"Arvioitu lukuaika":"5 minuuttia"},"schema":{"@context":"https:\/\/schema.org","@graph":[{"@type":"WebPage","@id":"https:\/\/flytorelocation.com\/fi-fi\/safety\/","url":"https:\/\/flytorelocation.com\/fi-fi\/safety\/","name":"Safety - Flyto Relocation Suomi","isPartOf":{"@id":"https:\/\/flytorelocation.com\/fi-fi\/#website"},"datePublished":"2025-10-01T08:34:34+00:00","dateModified":"2026-01-16T12:51:02+00:00","breadcrumb":{"@id":"https:\/\/flytorelocation.com\/fi-fi\/safety\/#breadcrumb"},"inLanguage":"fi","potentialAction":[{"@type":"ReadAction","target":["https:\/\/flytorelocation.com\/fi-fi\/safety\/"]}]},{"@type":"BreadcrumbList","@id":"https:\/\/flytorelocation.com\/fi-fi\/safety\/#breadcrumb","itemListElement":[{"@type":"ListItem","position":1,"name":"Home","item":"https:\/\/flytorelocation.com\/fi-fi\/"},{"@type":"ListItem","position":2,"name":"Safety"}]},{"@type":"WebSite","@id":"https:\/\/flytorelocation.com\/fi-fi\/#website","url":"https:\/\/flytorelocation.com\/fi-fi\/","name":"Flyto Relocation Suomi","description":"","potentialAction":[{"@type":"SearchAction","target":{"@type":"EntryPoint","urlTemplate":"https:\/\/flytorelocation.com\/fi-fi\/?s={search_term_string}"},"query-input":{"@type":"PropertyValueSpecification","valueRequired":true,"valueName":"search_term_string"}}],"inLanguage":"fi"}]}},"acf":[],"_links":{"self":[{"href":"https:\/\/flytorelocation.com\/fi-fi\/wp-json\/wp\/v2\/pages\/2","targetHints":{"allow":["GET"]}}],"collection":[{"href":"https:\/\/flytorelocation.com\/fi-fi\/wp-json\/wp\/v2\/pages"}],"about":[{"href":"https:\/\/flytorelocation.com\/fi-fi\/wp-json\/wp\/v2\/types\/page"}],"author":[{"embeddable":true,"href":"https:\/\/flytorelocation.com\/fi-fi\/wp-json\/wp\/v2\/users\/1"}],"replies":[{"embeddable":true,"href":"https:\/\/flytorelocation.com\/fi-fi\/wp-json\/wp\/v2\/comments?post=2"}],"version-history":[{"count":6,"href":"https:\/\/flytorelocation.com\/fi-fi\/wp-json\/wp\/v2\/pages\/2\/revisions"}],"predecessor-version":[{"id":1488,"href":"https:\/\/flytorelocation.com\/fi-fi\/wp-json\/wp\/v2\/pages\/2\/revisions\/1488"}],"wp:attachment":[{"href":"https:\/\/flytorelocation.com\/fi-fi\/wp-json\/wp\/v2\/media?parent=2"}],"curies":[{"name":"wp","href":"https:\/\/api.w.org\/{rel}","templated":true}]}}