{"id":1612,"date":"2026-05-09T18:15:42","date_gmt":"2026-05-09T15:15:42","guid":{"rendered":"https:\/\/flytorelocation.com\/fi-fi\/guides\/comparisons\/"},"modified":"2026-05-11T08:08:54","modified_gmt":"2026-05-11T05:08:54","slug":"comparisons","status":"publish","type":"page","link":"https:\/\/flytorelocation.com\/fi-fi\/guides\/comparisons\/","title":{"rendered":"Palvelu- ja toimittajavertailut \u2014 Suomi"},"content":{"rendered":"<style>\n.flyto-services-archive { font-family: inherit; max-width: 1100px; margin: 0 auto; padding: 1rem; }\n.flyto-services-archive .flyto-services-back { display: inline-block; font-size: 0.85rem; color: #6b7280; text-decoration: none; margin-bottom: 1.5rem; }\n.flyto-services-archive .flyto-services-back:hover { color: #d6006e; }\n.flyto-services-archive p.flyto-services-intro { font-size: 1rem; line-height: 1.65; color: #374151; margin: 0 0 2rem; }\n.flyto-services-archive ul.flyto-guides-list { list-style: none; padding: 0; margin: 0; display: grid; grid-template-columns: repeat(auto-fill, minmax(300px, 1fr)); gap: 1rem; }\n.flyto-services-archive li.flyto-guide-card { background: #fff; border: 1px solid #e5e7eb; border-radius: 14px; transition: box-shadow 0.18s, transform 0.18s; overflow: hidden; border-left: 4px solid #9ca3af; }\n.flyto-services-archive li.flyto-guide-card:hover { box-shadow: 0 6px 16px rgba(0,0,0,0.08); transform: translateY(-2px); }\n.flyto-services-archive a.flyto-guide-link { display: block; padding: 1.15rem 1.3rem; color: inherit; text-decoration: none; }\n.flyto-services-archive a.flyto-guide-link:hover { color: inherit; text-decoration: none; }\n.flyto-services-archive h3.flyto-guide-title { font-size: 1rem; line-height: 1.4; margin: 0 0 0.5rem; color: #1f2937; font-weight: 700; }\n.flyto-services-archive p.flyto-guide-excerpt { font-size: 0.875rem; line-height: 1.55; color: #4b5563; margin: 0 0 0.5rem; }\n.flyto-services-archive .flyto-guide-arrow { font-size: 1.05rem; color: #9ca3af; font-weight: 800; }\nbody.flyto-no-sidebar #sidebar, body.flyto-no-sidebar .et_pb_widget_area { display: none !important; }\nbody.flyto-no-sidebar #left-area, body.flyto-no-sidebar article.post { width: 100% !important; }\n<\/style>\n<p><script>document.addEventListener('DOMContentLoaded',function(){document.body.classList.add('flyto-no-sidebar');});<\/script><\/p>\n<div class=\"flyto-services-archive\">\n  <a class=\"flyto-services-back\" href=\"..\/\">\u2190 Takaisin p\u00e4\u00e4oppaisiin<\/a><\/p>\n<p class=\"flyto-services-intro\">Muuttopalveluiden vertailut ja arviot maalle Suomi. N\u00e4ist\u00e4 on apua kun valitset muuttokumppania. Pid\u00e4mme t\u00e4m\u00e4n listauksen p\u00e4\u00e4oppaista erill\u00e4\u00e4n jotta asiakkaalle suunnattu \/guides\/-sivu pysyy keskittyneen\u00e4 k\u00e4yt\u00e4nn\u00f6n neuvoihin.<\/p>\n<ul class=\"flyto-guides-list\">\n<li class=\"flyto-guide-card flyto-guide-gray\">\n  <a href=\"https:\/\/flytorelocation.com\/fi-fi\/finland-cross-border-household-movers-top-providers-compared\/\" class=\"flyto-guide-link\"><\/p>\n<h3 class=\"flyto-guide-title\">Suomen parhaat rajat ylitt\u00e4v\u00e4t muuttofirmat 2026 \u2013 kattava vertailu<\/h3>\n<p class=\"flyto-guide-excerpt\">Vertaa Suomen parhaita rajat ylitt\u00e4vi\u00e4 muuttofirmoja 2026: hinnat, palvelut, kokemukset. Flyto 4.9\/5 \u2013 20 Euroopan maata. Pyyd\u00e4\u2026<\/p>\n<p>    <span class=\"flyto-guide-arrow\">\u2192<\/span><br \/>\n  <\/a>\n<\/li>\n<li class=\"flyto-guide-card flyto-guide-gray\">\n  <a href=\"https:\/\/flytorelocation.com\/fi-fi\/premium-muuttopalvelut-suomessa-tayden-palvelun-kansainvaliset-muutot\/\" class=\"flyto-guide-link\"><\/p>\n<h3 class=\"flyto-guide-title\">Premium muuttopalvelut Suomessa \u2013 t\u00e4yden palvelun kansainv\u00e4liset muutot<\/h3>\n<p class=\"flyto-guide-excerpt\">Premium-luokan muuttopalvelut Suomessa 2026: t\u00e4yden palvelun kansainv\u00e4liset muutot, kolme palvelutasoa, hinnat alkaen \u20ac1,350.\u2026<\/p>\n<p>    <span class=\"flyto-guide-arrow\">\u2192<\/span><br \/>\n  <\/a>\n<\/li>\n<li class=\"flyto-guide-card flyto-guide-gray\">\n  <a href=\"https:\/\/flytorelocation.com\/fi-fi\/parhaat-kansainvaliset-muuttofirmat-suomessa-2026\/\" class=\"flyto-guide-link\"><\/p>\n<h3 class=\"flyto-guide-title\">Parhaat kansainv\u00e4liset muuttofirmat Suomessa 2026<\/h3>\n<p class=\"flyto-guide-excerpt\">Vertaa parhaita kansainv\u00e4lisi\u00e4 muuttofirmoja Suomessa 2026. Luotettavat yritykset, hinnat alkaen \u20ac1,350, arvostelut ja\u2026<\/p>\n<p>    <span class=\"flyto-guide-arrow\">\u2192<\/span><br \/>\n  <\/a>\n<\/li>\n<li class=\"flyto-guide-card flyto-guide-gray\">\n  <a href=\"https:\/\/flytorelocation.com\/fi-fi\/luotettava-kansainvalinen-muuttopalvelu-suomessa\/\" class=\"flyto-guide-link\"><\/p>\n<h3 class=\"flyto-guide-title\">Luotettava kansainv\u00e4linen muuttopalvelu Suomessa<\/h3>\n<p class=\"flyto-guide-excerpt\">Luotettava kansainv\u00e4linen muuttopalvelu Suomessa: 20 EU-maata, 4.9\/5 Google-arvio, hinnat alkaen \u20ac1,350. Pyyd\u00e4 ilmainen tarjous\u2026<\/p>\n<p>    <span class=\"flyto-guide-arrow\">\u2192<\/span><br \/>\n  <\/a>\n<\/li>\n<li class=\"flyto-guide-card flyto-guide-gray\">\n  <a href=\"https:\/\/flytorelocation.com\/fi-fi\/paras-muuttopalvelu-ulkomaille-suomesta-2026\/\" class=\"flyto-guide-link\"><\/p>\n<h3 class=\"flyto-guide-title\">Paras muuttopalvelu ulkomaille Suomesta 2026: Kattava vertailu ja valintaopas<\/h3>\n<p class=\"flyto-guide-excerpt\">Vertaa parhaita muuttopalveluja ulkomaille Suomesta 2026: hinnat alkaen \u20ac1,350, kattavuus 20 Euroopan maahan, palvelutasot ja\u2026<\/p>\n<p>    <span class=\"flyto-guide-arrow\">\u2192<\/span><br \/>\n  <\/a>\n<\/li>\n<li class=\"flyto-guide-card flyto-guide-gray\">\n  <a href=\"https:\/\/flytorelocation.com\/fi-fi\/edullinen-kansainvalinen-muuttopalvelu-suomesta\/\" class=\"flyto-guide-link\"><\/p>\n<h3 class=\"flyto-guide-title\">Edullinen kansainv\u00e4linen muuttopalvelu Suomesta 2026<\/h3>\n<p class=\"flyto-guide-excerpt\">Edullinen kansainv\u00e4linen muutto Suomesta 2026: vertaa palveluja, hinnat alkaen \u20ac1,350. Ammattitiimi\u00e4 20 EU-maassa. Pyyd\u00e4\u2026<\/p>\n<p>    <span class=\"flyto-guide-arrow\">\u2192<\/span><br \/>\n  <\/a>\n<\/li>\n<li class=\"flyto-guide-card flyto-guide-gray\">\n  <a href=\"https:\/\/flytorelocation.com\/fi-fi\/parhaat-eurooppalaiset-muuttofirmat-suomalaisille-ekspaateille\/\" class=\"flyto-guide-link\"><\/p>\n<h3 class=\"flyto-guide-title\">Parhaat eurooppalaiset muuttofirmat suomalaisille ekspaateille 2026<\/h3>\n<p class=\"flyto-guide-excerpt\">Kattava vertailu parhaista eurooppalaisista muuttofirmoista suomalaisille ekspaateille 2026. Hinnat, palvelut ja\u2026<\/p>\n<p>    <span class=\"flyto-guide-arrow\">\u2192<\/span><br \/>\n  <\/a>\n<\/li>\n<li class=\"flyto-guide-card flyto-guide-gray\">\n  <a href=\"https:\/\/flytorelocation.com\/fi-fi\/luotettavimmat-kansainvaliset-muuttopalvelut-suomessa\/\" class=\"flyto-guide-link\"><\/p>\n<h3 class=\"flyto-guide-title\">Luotettavimmat kansainv\u00e4liset muuttopalvelut Suomessa 2026<\/h3>\n<p class=\"flyto-guide-excerpt\">Kattava vertailu luotettavimmista kansainv\u00e4lisist\u00e4 muuttopalveluista Suomessa 2026. Hinnat, palvelut ja asiantuntijan vinkit.\u2026<\/p>\n<p>    <span class=\"flyto-guide-arrow\">\u2192<\/span><br \/>\n  <\/a>\n<\/li>\n<li class=\"flyto-guide-card flyto-guide-gray\">\n  <a href=\"https:\/\/flytorelocation.com\/fi-fi\/edullisin-rajat-ylittava-muuttofirma-suomesta-2026\/\" class=\"flyto-guide-link\"><\/p>\n<h3 class=\"flyto-guide-title\">Edullisin rajat ylitt\u00e4v\u00e4 muuttofirma Suomesta 2026<\/h3>\n<p class=\"flyto-guide-excerpt\">Edullisin rajat ylitt\u00e4v\u00e4 muuttofirma Suomesta 2026: vertaa hintoja alkaen \u20ac1,350, palvelutasoja ja s\u00e4\u00e4st\u00f6vinkkej\u00e4. Pyyd\u00e4\u2026<\/p>\n<p>    <span class=\"flyto-guide-arrow\">\u2192<\/span><br \/>\n  <\/a>\n<\/li>\n<li class=\"flyto-guide-card flyto-guide-gray\">\n  <a href=\"https:\/\/flytorelocation.com\/fi-fi\/helsinki\/\" class=\"flyto-guide-link\"><\/p>\n<h3 class=\"flyto-guide-title\">Varastointi ja muutto Helsinki<\/h3>\n<p class=\"flyto-guide-excerpt\">Kansainv\u00e4linen muuttopalvelu ja varastointi Helsingiss\u00e4. 20 Euroopan maata, oma varasto Ormuspellontiell\u00e4. Hinnat alkaen \u20ac650.\u2026<\/p>\n<p>    <span class=\"flyto-guide-arrow\">\u2192<\/span><br \/>\n  <\/a>\n<\/li>\n<li class=\"flyto-guide-card flyto-guide-gray\">\n  <a href=\"https:\/\/flytorelocation.com\/fi-fi\/parhaat-euroopanlaajuiset-muuttopalvelut-2026-37-maan-kattavuus\/\" class=\"flyto-guide-link\"><\/p>\n<h3 class=\"flyto-guide-title\">Parhaat euroopanlaajuiset muuttopalvelut 2026 \u2013 37 maan kattavuus<\/h3>\n<p class=\"flyto-guide-excerpt\">Kattava vertailu euroopanlaajuisista muuttopalveluista 2026: 37 maata, hinnat alkaen \u20ac650, monikieliset tiimit ja t\u00e4yden\u2026<\/p>\n<p>    <span class=\"flyto-guide-arrow\">\u2192<\/span><br \/>\n  <\/a>\n<\/li>\n<li class=\"flyto-guide-card flyto-guide-gray\">\n  <a href=\"https:\/\/flytorelocation.com\/fi-fi\/luotettavimmat-muuttofirmat-suomesta-saksaan-2026\/\" class=\"flyto-guide-link\"><\/p>\n<h3 class=\"flyto-guide-title\">Luotettavimmat muuttofirmat Suomesta Saksaan 2026 \u2013 kokemuksia ja vertailu<\/h3>\n<p class=\"flyto-guide-excerpt\">Vertaa luotettavimpia muuttofirmoja Suomesta Saksaan 2026: Flyto, Niemi, Sirelo. Hinnat alkaen \u20ac2,800, arvostelut ja k\u00e4yt\u00e4nn\u00f6n\u2026<\/p>\n<p>    <span class=\"flyto-guide-arrow\">\u2192<\/span><br \/>\n  <\/a>\n<\/li>\n<li class=\"flyto-guide-card flyto-guide-gray\">\n  <a href=\"https:\/\/flytorelocation.com\/fi-fi\/luotettavimmat-rajat-ylittavat-muuttofirmat-pohjoismaissa-2026\/\" class=\"flyto-guide-link\"><\/p>\n<h3 class=\"flyto-guide-title\">Luotettavimmat rajat ylitt\u00e4v\u00e4t muuttofirmat Pohjoismaissa 2026<\/h3>\n<p class=\"flyto-guide-excerpt\">Kattava vertailu luotettavista kansainv\u00e4lisist\u00e4 muuttofirmoista Pohjoismaissa 2026. Hinnat, palvelut ja asiantuntijan vinkit\u2026<\/p>\n<p>    <span class=\"flyto-guide-arrow\">\u2192<\/span><br \/>\n  <\/a>\n<\/li>\n<li class=\"flyto-guide-card flyto-guide-gray\">\n  <a href=\"https:\/\/flytorelocation.com\/fi-fi\/parhaat-kansainvaliset-muuttofirmat-suomessa-2026-vertailu\/\" class=\"flyto-guide-link\"><\/p>\n<h3 class=\"flyto-guide-title\">Parhaat kansainv\u00e4liset muuttofirmat Suomessa 2026<\/h3>\n<p class=\"flyto-guide-excerpt\">Kattava vertailu parhaista kansainv\u00e4lisist\u00e4 muuttofirmoista Suomessa 2026. Luotettavat muuttoyhti\u00f6t ulkomaille, hinnat, palvelut\u2026<\/p>\n<p>    <span class=\"flyto-guide-arrow\">\u2192<\/span><br \/>\n  <\/a>\n<\/li>\n<li class=\"flyto-guide-card flyto-guide-gray\">\n  <a href=\"https:\/\/flytorelocation.com\/fi-fi\/muuttofirmat-suomesta-ruotsiin\/\" class=\"flyto-guide-link\"><\/p>\n<h3 class=\"flyto-guide-title\">TOP muuttofirmat Suomesta Ruotsiin 2026 \u2013 hinnat ja kokemukset<\/h3>\n<p class=\"flyto-guide-excerpt\">Vertaa parhaita muuttofirmoja Suomesta Ruotsiin 2026: Flyto, Niemi, Sirelo. Hinnat alkaen \u20ac1,350, arvostelut ja k\u00e4yt\u00e4nn\u00f6n\u2026<\/p>\n<p>    <span class=\"flyto-guide-arrow\">\u2192<\/span><br \/>\n  <\/a>\n<\/li>\n<li class=\"flyto-guide-card flyto-guide-gray\">\n  <a href=\"https:\/\/flytorelocation.com\/fi-fi\/paras-kansainvalinen-muuttopalvelu-euroopassa-vertailu\/\" class=\"flyto-guide-link\"><\/p>\n<h3 class=\"flyto-guide-title\">Paras kansainv\u00e4linen muuttopalvelu Euroopassa 2026 \u2013 vertailu ja valintaopas<\/h3>\n<p class=\"flyto-guide-excerpt\">Kattava vertailu parhaista kansainv\u00e4lisist\u00e4 muuttopalveluista Euroopassa 2026. Hinnat, palvelut ja asiantuntijan vinkit. Pyyd\u00e4\u2026<\/p>\n<p>    <span class=\"flyto-guide-arrow\">\u2192<\/span><br \/>\n  <\/a>\n<\/li>\n<li class=\"flyto-guide-card flyto-guide-gray\">\n  <a href=\"https:\/\/flytorelocation.com\/fi-fi\/expat-ystavallisimmat-muuttopalvelut-euroopassa-2026-vertailu\/\" class=\"flyto-guide-link\"><\/p>\n<h3 class=\"flyto-guide-title\">Expat-yst\u00e4v\u00e4llisimm\u00e4t muuttopalvelut Euroopassa 2026 \u2013 vertailu<\/h3>\n<p class=\"flyto-guide-excerpt\">Vertailu expat-yst\u00e4v\u00e4llisist\u00e4 muuttopalveluista Euroopassa 2026: monikieliset tiimit, 20 maata, hinnat alkaen \u20ac650. Pyyd\u00e4\u2026<\/p>\n<p>    <span class=\"flyto-guide-arrow\">\u2192<\/span><br \/>\n  <\/a>\n<\/li>\n<li class=\"flyto-guide-card flyto-guide-gray\">\n  <a href=\"https:\/\/flytorelocation.com\/fi-fi\/muutto-saksasta-suomeen\/\" class=\"flyto-guide-link\"><\/p>\n<h3 class=\"flyto-guide-title\">Muutto Saksasta Suomeen 2026: Hinnat, k\u00e4yt\u00e4nn\u00f6t ja muuttofirmat<\/h3>\n<p class=\"flyto-guide-excerpt\">Muutto Saksasta Suomeen 2026: kattava opas hinnoista (alkaen \u20ac2,150), k\u00e4yt\u00e4nn\u00f6n vinkeist\u00e4 ja muuttofirmoista. Paluumuutto\u2026<\/p>\n<p>    <span class=\"flyto-guide-arrow\">\u2192<\/span><br \/>\n  <\/a>\n<\/li>\n<li class=\"flyto-guide-card flyto-guide-gray\">\n  <a href=\"https:\/\/flytorelocation.com\/fi-fi\/kansainvalinen-muuttopalvelu-2\/\" class=\"flyto-guide-link\"><\/p>\n<h3 class=\"flyto-guide-title\">Kansainv\u00e4linen muuttopalvelu 2026: Vertailu, hinnat ja valintaopas<\/h3>\n<p class=\"flyto-guide-excerpt\">Kansainv\u00e4linen muuttopalvelu 2026: Vertaa palveluja, hintoja ja saat asiantuntijan vinkit. Hinta alkaen \u20ac650. Pyyd\u00e4 tarjous 2\u2026<\/p>\n<p>    <span class=\"flyto-guide-arrow\">\u2192<\/span><br \/>\n  <\/a>\n<\/li>\n<li class=\"flyto-guide-card flyto-guide-gray\">\n  <a href=\"https:\/\/flytorelocation.com\/fi-fi\/kansainvalinen-muuttopalvelu\/\" class=\"flyto-guide-link\"><\/p>\n<h3 class=\"flyto-guide-title\">Kansainv\u00e4linen muuttopalvelu 2026: Vertailu, hinnat ja valintaopas<\/h3>\n<p class=\"flyto-guide-excerpt\">Kansainv\u00e4linen muuttopalvelu 2026: Vertaa palveluja, hintoja ja saat asiantuntijan vinkit. Hinta alkaen \u20ac650. Pyyd\u00e4 tarjous 2\u2026<\/p>\n<p>    <span class=\"flyto-guide-arrow\">\u2192<\/span><br \/>\n  <\/a>\n<\/li>\n<\/ul>\n<\/div>\n","protected":false},"excerpt":{"rendered":"<p>\u2190 Takaisin p\u00e4\u00e4oppaisiin Muuttopalveluiden vertailut ja arviot maalle Suomi. N\u00e4ist\u00e4 on apua kun valitset muuttokumppania. Pid\u00e4mme t\u00e4m\u00e4n listauksen p\u00e4\u00e4oppaista erill\u00e4\u00e4n jotta asiakkaalle suunnattu \/guides\/-sivu pysyy keskittyneen\u00e4 k\u00e4yt\u00e4nn\u00f6n neuvoihin. Suomen parhaat rajat ylitt\u00e4v\u00e4t muuttofirmat 2026 \u2013 kattava vertailu Vertaa Suomen parhaita rajat ylitt\u00e4vi\u00e4 muuttofirmoja 2026: hinnat, palvelut, kokemukset. Flyto 4.9\/5 \u2013 20 Euroopan maata. Pyyd\u00e4\u2026 \u2192 [&hellip;]<\/p>\n","protected":false},"author":1,"featured_media":0,"parent":1611,"menu_order":0,"comment_status":"closed","ping_status":"closed","template":"","meta":{"_et_pb_use_builder":"on","_et_pb_old_content":"","_et_gb_content_width":"","footnotes":""},"class_list":["post-1612","page","type-page","status-publish","hentry"],"yoast_head":"<!-- This site is optimized with the Yoast SEO plugin v26.3 - https:\/\/yoast.com\/wordpress\/plugins\/seo\/ -->\n<title>Palvelu- ja toimittajavertailut \u2014 Suomi - Flyto<\/title>\n<meta name=\"robots\" content=\"index, follow, max-snippet:-1, max-image-preview:large, max-video-preview:-1\" \/>\n<link rel=\"canonical\" href=\"https:\/\/flytorelocation.com\/fi-fi\/guides\/comparisons\/\" \/>\n<meta property=\"og:locale\" content=\"fi_FI\" \/>\n<meta property=\"og:type\" content=\"article\" \/>\n<meta property=\"og:title\" content=\"Palvelu- ja toimittajavertailut \u2014 Suomi - Flyto Relocation Suomi\" \/>\n<meta property=\"og:description\" content=\"\u2190 Takaisin p\u00e4\u00e4oppaisiin Muuttopalveluiden vertailut ja arviot maalle Suomi. N\u00e4ist\u00e4 on apua kun valitset muuttokumppania. Pid\u00e4mme t\u00e4m\u00e4n listauksen p\u00e4\u00e4oppaista erill\u00e4\u00e4n jotta asiakkaalle suunnattu \/guides\/-sivu pysyy keskittyneen\u00e4 k\u00e4yt\u00e4nn\u00f6n neuvoihin. Suomen parhaat rajat ylitt\u00e4v\u00e4t muuttofirmat 2026 \u2013 kattava vertailu Vertaa Suomen parhaita rajat ylitt\u00e4vi\u00e4 muuttofirmoja 2026: hinnat, palvelut, kokemukset. Flyto 4.9\/5 \u2013 20 Euroopan maata. Pyyd\u00e4\u2026 \u2192 [&hellip;]\" \/>\n<meta property=\"og:url\" content=\"https:\/\/flytorelocation.com\/fi-fi\/guides\/comparisons\/\" \/>\n<meta property=\"og:site_name\" content=\"Flyto Relocation Suomi\" \/>\n<meta property=\"article:modified_time\" content=\"2026-05-11T05:08:54+00:00\" \/>\n<meta name=\"twitter:card\" content=\"summary_large_image\" \/>\n<meta name=\"twitter:label1\" content=\"Arvioitu lukuaika\" \/>\n\t<meta name=\"twitter:data1\" content=\"2 minuuttia\" \/>\n<script type=\"application\/ld+json\" class=\"yoast-schema-graph\">{\"@context\":\"https:\/\/schema.org\",\"@graph\":[{\"@type\":\"WebPage\",\"@id\":\"https:\/\/flytorelocation.com\/fi-fi\/guides\/comparisons\/\",\"url\":\"https:\/\/flytorelocation.com\/fi-fi\/guides\/comparisons\/\",\"name\":\"Palvelu- ja toimittajavertailut \u2014 Suomi - Flyto Relocation Suomi\",\"isPartOf\":{\"@id\":\"https:\/\/flytorelocation.com\/fi-fi\/#website\"},\"datePublished\":\"2026-05-09T15:15:42+00:00\",\"dateModified\":\"2026-05-11T05:08:54+00:00\",\"breadcrumb\":{\"@id\":\"https:\/\/flytorelocation.com\/fi-fi\/guides\/comparisons\/#breadcrumb\"},\"inLanguage\":\"fi-FI\",\"potentialAction\":[{\"@type\":\"ReadAction\",\"target\":[\"https:\/\/flytorelocation.com\/fi-fi\/guides\/comparisons\/\"]}]},{\"@type\":\"BreadcrumbList\",\"@id\":\"https:\/\/flytorelocation.com\/fi-fi\/guides\/comparisons\/#breadcrumb\",\"itemListElement\":[{\"@type\":\"ListItem\",\"position\":1,\"name\":\"Home\",\"item\":\"https:\/\/flytorelocation.com\/fi-fi\/\"},{\"@type\":\"ListItem\",\"position\":2,\"name\":\"Suomi muuttoresurssit ja oppaat 2026\",\"item\":\"https:\/\/flytorelocation.com\/fi-fi\/guides\/\"},{\"@type\":\"ListItem\",\"position\":3,\"name\":\"Palvelu- ja toimittajavertailut \u2014 Suomi\"}]},{\"@type\":\"WebSite\",\"@id\":\"https:\/\/flytorelocation.com\/fi-fi\/#website\",\"url\":\"https:\/\/flytorelocation.com\/fi-fi\/\",\"name\":\"Flyto Relocation Suomi\",\"description\":\"\",\"potentialAction\":[{\"@type\":\"SearchAction\",\"target\":{\"@type\":\"EntryPoint\",\"urlTemplate\":\"https:\/\/flytorelocation.com\/fi-fi\/?s={search_term_string}\"},\"query-input\":{\"@type\":\"PropertyValueSpecification\",\"valueRequired\":true,\"valueName\":\"search_term_string\"}}],\"inLanguage\":\"fi-FI\"}]}<\/script>\n<!-- \/ Yoast SEO plugin. -->","yoast_head_json":{"title":"Palvelu- ja toimittajavertailut \u2014 Suomi - Flyto","robots":{"index":"index","follow":"follow","max-snippet":"max-snippet:-1","max-image-preview":"max-image-preview:large","max-video-preview":"max-video-preview:-1"},"canonical":"https:\/\/flytorelocation.com\/fi-fi\/guides\/comparisons\/","og_locale":"fi_FI","og_type":"article","og_title":"Palvelu- ja toimittajavertailut \u2014 Suomi - Flyto Relocation Suomi","og_description":"\u2190 Takaisin p\u00e4\u00e4oppaisiin Muuttopalveluiden vertailut ja arviot maalle Suomi. N\u00e4ist\u00e4 on apua kun valitset muuttokumppania. Pid\u00e4mme t\u00e4m\u00e4n listauksen p\u00e4\u00e4oppaista erill\u00e4\u00e4n jotta asiakkaalle suunnattu \/guides\/-sivu pysyy keskittyneen\u00e4 k\u00e4yt\u00e4nn\u00f6n neuvoihin. Suomen parhaat rajat ylitt\u00e4v\u00e4t muuttofirmat 2026 \u2013 kattava vertailu Vertaa Suomen parhaita rajat ylitt\u00e4vi\u00e4 muuttofirmoja 2026: hinnat, palvelut, kokemukset. Flyto 4.9\/5 \u2013 20 Euroopan maata. Pyyd\u00e4\u2026 \u2192 [&hellip;]","og_url":"https:\/\/flytorelocation.com\/fi-fi\/guides\/comparisons\/","og_site_name":"Flyto Relocation Suomi","article_modified_time":"2026-05-11T05:08:54+00:00","twitter_card":"summary_large_image","twitter_misc":{"Arvioitu lukuaika":"2 minuuttia"},"schema":{"@context":"https:\/\/schema.org","@graph":[{"@type":"WebPage","@id":"https:\/\/flytorelocation.com\/fi-fi\/guides\/comparisons\/","url":"https:\/\/flytorelocation.com\/fi-fi\/guides\/comparisons\/","name":"Palvelu- ja toimittajavertailut \u2014 Suomi - Flyto Relocation Suomi","isPartOf":{"@id":"https:\/\/flytorelocation.com\/fi-fi\/#website"},"datePublished":"2026-05-09T15:15:42+00:00","dateModified":"2026-05-11T05:08:54+00:00","breadcrumb":{"@id":"https:\/\/flytorelocation.com\/fi-fi\/guides\/comparisons\/#breadcrumb"},"inLanguage":"fi-FI","potentialAction":[{"@type":"ReadAction","target":["https:\/\/flytorelocation.com\/fi-fi\/guides\/comparisons\/"]}]},{"@type":"BreadcrumbList","@id":"https:\/\/flytorelocation.com\/fi-fi\/guides\/comparisons\/#breadcrumb","itemListElement":[{"@type":"ListItem","position":1,"name":"Home","item":"https:\/\/flytorelocation.com\/fi-fi\/"},{"@type":"ListItem","position":2,"name":"Suomi muuttoresurssit ja oppaat 2026","item":"https:\/\/flytorelocation.com\/fi-fi\/guides\/"},{"@type":"ListItem","position":3,"name":"Palvelu- ja toimittajavertailut \u2014 Suomi"}]},{"@type":"WebSite","@id":"https:\/\/flytorelocation.com\/fi-fi\/#website","url":"https:\/\/flytorelocation.com\/fi-fi\/","name":"Flyto Relocation Suomi","description":"","potentialAction":[{"@type":"SearchAction","target":{"@type":"EntryPoint","urlTemplate":"https:\/\/flytorelocation.com\/fi-fi\/?s={search_term_string}"},"query-input":{"@type":"PropertyValueSpecification","valueRequired":true,"valueName":"search_term_string"}}],"inLanguage":"fi-FI"}]}},"acf":[],"_links":{"self":[{"href":"https:\/\/flytorelocation.com\/fi-fi\/wp-json\/wp\/v2\/pages\/1612","targetHints":{"allow":["GET"]}}],"collection":[{"href":"https:\/\/flytorelocation.com\/fi-fi\/wp-json\/wp\/v2\/pages"}],"about":[{"href":"https:\/\/flytorelocation.com\/fi-fi\/wp-json\/wp\/v2\/types\/page"}],"author":[{"embeddable":true,"href":"https:\/\/flytorelocation.com\/fi-fi\/wp-json\/wp\/v2\/users\/1"}],"replies":[{"embeddable":true,"href":"https:\/\/flytorelocation.com\/fi-fi\/wp-json\/wp\/v2\/comments?post=1612"}],"version-history":[{"count":2,"href":"https:\/\/flytorelocation.com\/fi-fi\/wp-json\/wp\/v2\/pages\/1612\/revisions"}],"predecessor-version":[{"id":1616,"href":"https:\/\/flytorelocation.com\/fi-fi\/wp-json\/wp\/v2\/pages\/1612\/revisions\/1616"}],"up":[{"embeddable":true,"href":"https:\/\/flytorelocation.com\/fi-fi\/wp-json\/wp\/v2\/pages\/1611"}],"wp:attachment":[{"href":"https:\/\/flytorelocation.com\/fi-fi\/wp-json\/wp\/v2\/media?parent=1612"}],"curies":[{"name":"wp","href":"https:\/\/api.w.org\/{rel}","templated":true}]}}