{"id":733,"date":"2025-10-17T19:02:33","date_gmt":"2025-10-17T16:02:33","guid":{"rendered":"https:\/\/flytorelocation.com\/es-es\/fi\/?page_id=90"},"modified":"2026-01-16T23:49:16","modified_gmt":"2026-01-16T21:49:16","slug":"blog","status":"publish","type":"page","link":"https:\/\/flytorelocation.com\/es-es\/blog\/","title":{"rendered":"FAQ"},"content":{"rendered":"<p>[et_pb_section fb_built=&#8221;1&#8243; _builder_version=&#8221;4.27.4&#8243; _module_preset=&#8221;default&#8221; custom_padding=&#8221;20px||20px||true|false&#8221; global_colors_info=&#8221;{}&#8221;][et_pb_row _builder_version=&#8221;4.27.4&#8243; _module_preset=&#8221;default&#8221; custom_padding=&#8221;0px||0px||true|false&#8221; global_colors_info=&#8221;{}&#8221;][et_pb_column type=&#8221;4_4&#8243; _builder_version=&#8221;4.27.4&#8243; _module_preset=&#8221;default&#8221; global_colors_info=&#8221;{}&#8221;][et_pb_heading title=&#8221;Preguntas frecuentes&#8221; _builder_version=&#8221;4.27.4&#8243; _module_preset=&#8221;_initial&#8221; title_font=&#8221;Flyto oma||||||||&#8221; title_text_color=&#8221;#CD207D&#8221; title_font_size=&#8221;62px&#8221; custom_margin=&#8221;||10px||false|false&#8221; custom_margin_tablet=&#8221;||10px||false|false&#8221; custom_margin_phone=&#8221;||10px||false|false&#8221; custom_margin_last_edited=&#8221;on|phone&#8221; custom_padding_tablet=&#8221;&#8221; custom_padding_phone=&#8221;0px||||false|false&#8221; custom_padding_last_edited=&#8221;on|phone&#8221; title_font_size_tablet=&#8221;40px&#8221; title_font_size_phone=&#8221;30px&#8221; title_font_size_last_edited=&#8221;on|phone&#8221; locked=&#8221;off&#8221; global_colors_info=&#8221;{}&#8221;][\/et_pb_heading][\/et_pb_column][\/et_pb_row][\/et_pb_section][et_pb_section fb_built=&#8221;1&#8243; admin_label=&#8221;Header&#8221; _builder_version=&#8221;4.27.4&#8243; _module_preset=&#8221;default&#8221; custom_padding=&#8221;0px||||false|false&#8221; collapsed=&#8221;on&#8221; global_colors_info=&#8221;{}&#8221;][et_pb_row column_structure=&#8221;1_2,1_2&#8243; _builder_version=&#8221;4.27.4&#8243; _module_preset=&#8221;default&#8221; global_colors_info=&#8221;{}&#8221;][et_pb_column type=&#8221;1_2&#8243; _builder_version=&#8221;4.22.0&#8243; _module_preset=&#8221;default&#8221; global_colors_info=&#8221;{}&#8221;][et_pb_heading title=&#8221;Nuestro CEO responde: la verdad (y los mitos) sobre mudarse al extranjero&#8221; _builder_version=&#8221;4.27.4&#8243; _module_preset=&#8221;_initial&#8221; title_font=&#8221;Flyto oma||||||||&#8221; title_text_align=&#8221;left&#8221; title_text_color=&#8221;#CD207D&#8221; title_line_height=&#8221;1.1em&#8221; custom_margin=&#8221;1px||||false|false&#8221; custom_margin_tablet=&#8221;0px||||false|false&#8221; custom_margin_phone=&#8221;||||false|false&#8221; custom_margin_last_edited=&#8221;on|phone&#8221; custom_padding=&#8221;||||false|false&#8221; custom_padding_tablet=&#8221;||||false|false&#8221; custom_padding_phone=&#8221;||||false|false&#8221; custom_padding_last_edited=&#8221;on|phone&#8221; title_font_size_phone=&#8221;29px&#8221; global_colors_info=&#8221;{}&#8221;][\/et_pb_heading][et_pb_text _builder_version=&#8221;4.27.4&#8243; _module_preset=&#8221;_initial&#8221; text_font=&#8221;Montserrat||||||||&#8221; text_line_height=&#8221;1.8em&#8221; custom_margin=&#8221;-20px||||false|false&#8221; global_colors_info=&#8221;{}&#8221;]<strong data-start=\"867\" data-end=\"928\">Sabemos lo que est\u00e1s pensando y tenemos las respuestas.<\/strong><\/p>\n<p>Mudarse al extranjero trae consigo preguntas, emoci\u00f3n y quiz\u00e1s un poco de p\u00e1nico. No te preocupes: nuestro director ejecutivo las ha escuchado todas (y las ha respondido con una sonrisa).[\/et_pb_text][\/et_pb_column][et_pb_column type=&#8221;1_2&#8243; _builder_version=&#8221;4.22.0&#8243; _module_preset=&#8221;default&#8221; global_colors_info=&#8221;{}&#8221;][et_pb_image src=&#8221;https:\/\/flyto-wp-uploads.s3.eu-north-1.amazonaws.com\/wp-content\/uploads\/sites\/93\/2025\/11\/13095224\/Groweo_Flyto_1-scaled.jpg&#8221; title_text=&#8221;Groweo_Flyto_1&#8243; _builder_version=&#8221;4.27.4&#8243; _module_preset=&#8221;default&#8221; border_radii=&#8221;on|5px|5px|5px|5px&#8221; global_colors_info=&#8221;{}&#8221;][\/et_pb_image][\/et_pb_column][\/et_pb_row][et_pb_row _builder_version=&#8221;4.27.4&#8243; _module_preset=&#8221;default&#8221; min_height=&#8221;1132px&#8221; custom_margin=&#8221;||||false|false&#8221; global_colors_info=&#8221;{}&#8221;][et_pb_column type=&#8221;4_4&#8243; _builder_version=&#8221;4.27.4&#8243; _module_preset=&#8221;default&#8221; global_colors_info=&#8221;{}&#8221;][et_pb_accordion open_toggle_background_color=&#8221;RGBA(255,255,255,0)&#8221; closed_toggle_text_color=&#8221;#000000&#8243; closed_toggle_background_color=&#8221;RGBA(255,255,255,0)&#8221; icon_color=&#8221;#CD207D&#8221; _builder_version=&#8221;4.27.4&#8243; _module_preset=&#8221;default&#8221; toggle_font=&#8221;Poppins|600|||||||&#8221; toggle_font_size=&#8221;15px&#8221; body_font=&#8221;Montserrat||||||||&#8221; body_line_height=&#8221;1.8em&#8221; border_radii=&#8221;on|5px|5px|5px|5px&#8221; border_color_all=&#8221;#CD207D&#8221; global_colors_info=&#8221;{%22gcid-primary-color%22:%91%22body_quote_text_color%22,%22quote_text_color%22,%22body_quote_text_color%22,%22quote_text_color%22%93,%22gcid-secondary-color%22:%91%22icon_color%22%93,%22gcid-heading-color%22:%91%22toggle_text_color%22,%22toggle_text_color%22%93}&#8221;][et_pb_accordion_item title=&#8221;Se honesto &#8230; \u00bfMudarse al extranjero es realmente tan estresante?&#8221; _builder_version=&#8221;4.27.4&#8243; _module_preset=&#8221;default&#8221; global_colors_info=&#8221;{}&#8221; open=&#8221;on&#8221;]<\/p>\n<p>\u00a1Solo si lo haces sin Flyto! Consid\u00e9ranos tu asesor personal de mudanzas: planificamos, empacamos, enviamos y entregamos mientras t\u00fa planeas tu nuevo caf\u00e9 favorito en Lisboa.<br \/>Nuestro trabajo es que tu mudanza sea tan fluida que, al desempacar, te preguntar\u00e1s si tuviste que teletransportarte.<\/p>\n<p>[\/et_pb_accordion_item][et_pb_accordion_item title=&#8221;\u00bfQu\u00e9 tan seguros son mis pertenencias, de verdad?&#8221; _builder_version=&#8221;4.27.4&#8243; _module_preset=&#8221;default&#8221; global_colors_info=&#8221;{}&#8221; open=&#8221;off&#8221;]<\/p>\n<p>M\u00e1s seguro que una receta secreta en una b\u00f3veda suiza. Todos los veh\u00edculos de Flyto cuentan con rastreo GPS, c\u00e1maras a bordo y sistemas de carga seguros, porque nos gusta saber d\u00f3nde est\u00e1 tu sof\u00e1 a las 3:00 a. m., incluso si t\u00fa no lo sabes.<br \/>Empacamos todo como si fuera un viaje de lujo. Ya sea un vino a\u00f1ejo o el primer osito de peluche de tu hijo, todo lo tratamos como un tesoro.<\/p>\n<p>[\/et_pb_accordion_item][et_pb_accordion_item title=&#8221;Ni siquiera tengo una casa nueva todav\u00eda: \u00bfc\u00f3mo funciona eso?&#8221; _builder_version=&#8221;4.27.4&#8243; _module_preset=&#8221;default&#8221; global_colors_info=&#8221;{}&#8221; open=&#8221;off&#8221;]<\/p>\n<p>F\u00e1cil. T\u00fa rel\u00e1jate y nosotros la encontramos. Nuestro equipo de b\u00fasqueda de vivienda explora barrios, revisa anuncios, realiza visitas virtuales e incluso se encarga del papeleo. T\u00fa simplemente apruebas tu favorita desde la comodidad de tu sof\u00e1.<br \/>Para cuando llegues, tu nuevo hogar te estar\u00e1 esperando: wifi, cortinas colgadas y quiz\u00e1s incluso una planta de bienvenida. \ud83c\udf3f<\/p>\n<p>[\/et_pb_accordion_item][et_pb_accordion_item title=&#8221;\u00bfPuede usted gestionar tambi\u00e9n grandes reubicaciones corporativas?&#8221; _builder_version=&#8221;4.27.4&#8243; _module_preset=&#8221;default&#8221; global_colors_info=&#8221;{}&#8221; open=&#8221;off&#8221;]<\/p>\n<p>Por supuesto. Trasladamos a ejecutivos, equipos enteros y, a veces, incluso la m\u00e1quina de caf\u00e9 de la oficina, todo sin incumplir ninguna fecha l\u00edmite. Nos aseguramos de que su personal llegue listo para empezar, no listo para recuperarse. Porque las grandes empresas merecen grandes reubicaciones.<\/p>\n<p>[\/et_pb_accordion_item][et_pb_accordion_item title=&#8221;Entonces, \u00bfqu\u00e9 es lo que realmente hace diferente a Flyto?&#8221; _builder_version=&#8221;4.27.4&#8243; _module_preset=&#8221;default&#8221; global_colors_info=&#8221;{}&#8221; open=&#8221;off&#8221;]<\/p>\n<p>Tres cosas: nuestra gente, nuestra precisi\u00f3n y nuestra obsesi\u00f3n por la tranquilidad. Contamos con la mejor red de toda Europa, rastreamos cada env\u00edo con precisi\u00f3n y nos preocupamos genuinamente por tu experiencia. No solo movemos cajas, sino vidas. Y nos lo tomamos en serio\u2026 pero no demasiado.<\/p>\n<p>[\/et_pb_accordion_item][et_pb_accordion_item title=&#8221;\u00bfDebo pagar todo por adelantado?&#8221; _builder_version=&#8221;4.27.4&#8243; _module_preset=&#8221;default&#8221; global_colors_info=&#8221;{}&#8221; open=&#8221;off&#8221;]<\/p>\n<p>No, para nada. Con Flyto, nunca pagas antes de que ocurra nada. Los pagos solo se realizan en el momento de la carga, una vez que tu mudanza se est\u00e1 realizando. Creemos en la confianza, la transparencia y la equidad. Ver\u00e1s la calidad antes de pagar.<\/p>\n<p>[\/et_pb_accordion_item][et_pb_accordion_item title=&#8221;\u00bfCu\u00e1nto tiempo suele tardar una mudanza internacional?&#8221; _builder_version=&#8221;4.27.4&#8243; _module_preset=&#8221;default&#8221; global_colors_info=&#8221;{}&#8221; open=&#8221;off&#8221;]<\/p>\n<p>Generalmente mucho menos de lo que la gente piensa. La mayor\u00eda de las mudanzas internacionales dentro de Europa tardan solo unos d\u00edas, o hasta una semana como m\u00e1ximo, si no hay almacenamiento entre ellas.<br \/>Nuestras rutas est\u00e1n optimizadas y nuestros equipos coordinados, para que sus pertenencias lleguen de forma r\u00e1pida, segura y puntual.<\/p>\n<p>[\/et_pb_accordion_item][et_pb_accordion_item title=&#8221;\u00bfPuedo rastrear mi env\u00edo?&#8221; _builder_version=&#8221;4.27.4&#8243; _module_preset=&#8221;default&#8221; global_colors_info=&#8221;{}&#8221; open=&#8221;off&#8221;]<\/p>\n<p>Por supuesto. Cada traslado de Flyto se documenta y rastrea digitalmente de principio a fin. Tendr\u00e1s un enlace de rastreo GPS en tu tel\u00e9fono para registrarte en cualquier momento.<\/p>\n<p>[\/et_pb_accordion_item][et_pb_accordion_item title=&#8221;\u00bfQu\u00e9 pasa con las aduanas, los impuestos y el papeleo?&#8221; _builder_version=&#8221;4.27.4&#8243; _module_preset=&#8221;default&#8221; global_colors_info=&#8221;{}&#8221; open=&#8221;off&#8221;]<\/p>\n<p>Ah\u00ed es donde destacamos. Flyto se encarga de los formularios, las autorizaciones y los tr\u00e1mites burocr\u00e1ticos para que usted no tenga que hacerlo.<br \/>Sabemos qu\u00e9 formularios son importantes, cu\u00e1les no y cu\u00e1les requieren una firma adicional por triplicado, y los tenemos todos listos.<\/p>\n<p>[\/et_pb_accordion_item][et_pb_accordion_item title=&#8221;\u00bfQu\u00e9 pasa si algo se da\u00f1a o se pierde?&#8221; _builder_version=&#8221;4.27.4&#8243; _module_preset=&#8221;default&#8221; global_colors_info=&#8221;{}&#8221; open=&#8221;off&#8221;]<\/p>\n<p>Lo solucionamos r\u00e1pidamente. Pero primero, lo prevenimos. Todo lo que trasladamos se empaca, se fotograf\u00eda y se registra seg\u00fan nuestro protocolo de seguridad.<br \/>En el improbable caso de que algo salga mal, nuestro proceso de seguros y reclamaciones es r\u00e1pido, justo y se gestiona de forma personalizada.<\/p>\n<p>[\/et_pb_accordion_item][et_pb_accordion_item title=&#8221;\u00bfPuedo elegir qu\u00e9 servicios necesito?&#8221; _builder_version=&#8221;4.27.4&#8243; _module_preset=&#8221;default&#8221; global_colors_info=&#8221;{}&#8221; open=&#8221;off&#8221;]<\/p>\n<p>Por supuesto. Puedes elegir exactamente lo que quieras, desde una mudanza completa hasta solo el transporte.<br \/>Piensa en ello como un men\u00fa premium: embalaje, aduanas, b\u00fasqueda de vivienda, instalaci\u00f3n de muebles e incluso almacenamiento. T\u00fa eliges, nosotros lo hacemos.<\/p>\n<p>[\/et_pb_accordion_item][et_pb_accordion_item title=&#8221;\u00bfCu\u00e1nto cuesta realmente una mudanza internacional?&#8221; _builder_version=&#8221;4.27.4&#8243; _module_preset=&#8221;default&#8221; global_colors_info=&#8221;{}&#8221; open=&#8221;off&#8221;]<\/p>\n<p>Menos estr\u00e9s que hacerlo solo y m\u00e1s transparente de lo que esperas.<br \/>Cada mudanza es diferente, pero en Flyto basamos nuestros precios en la distancia, el volumen y los servicios, sin sorpresas. Siempre recibir\u00e1s un presupuesto claro y detallado antes de empezar, para que sepas exactamente cu\u00e1nto est\u00e1s pagando.<br \/>Y como todo lo gestiona un equipo coordinado, no hay cargos ocultos por transferencia entre pa\u00edses: solo un proceso fluido y confiable de principio a fin.<\/p>\n<p>[\/et_pb_accordion_item][et_pb_accordion_item title=&#8221;\u00bfTambi\u00e9n ayud\u00e1is con mascotas, coches o almacenamiento?&#8221; _builder_version=&#8221;4.27.4&#8243; _module_preset=&#8221;default&#8221; global_colors_info=&#8221;{}&#8221; open=&#8221;off&#8221;]<\/p>\n<p>S\u00ed a las tres. Colaboramos con especialistas de confianza para el transporte de mascotas, env\u00edo de veh\u00edculos y almacenamiento seguro.<br \/>Tu coche, tu gato o tu piano de concierto: los hemos trasladado todos de forma segura (aunque no en el mismo cami\u00f3n).<\/p>\n<p>[\/et_pb_accordion_item][et_pb_accordion_item title=&#8221;\u00bfPuede ayudar con los registros locales o la configuraci\u00f3n de servicios p\u00fablicos?&#8221; _builder_version=&#8221;4.27.4&#8243; _module_preset=&#8221;default&#8221; global_colors_info=&#8221;{}&#8221; open=&#8221;off&#8221;]<\/p>\n<p>Por supuesto. Nuestros expertos en reubicaci\u00f3n le ayudan con el registro municipal, las conexiones de servicios p\u00fablicos, la configuraci\u00f3n de internet&#8230; todos esos peque\u00f1os detalles que pueden convertirse en grandes dolores de cabeza.<br \/>Cuando decimos &#8221;puerta a puerta&#8221;, lo decimos en serio.<\/p>\n<p>[\/et_pb_accordion_item][et_pb_accordion_item title=&#8221;\u00bfC\u00f3mo s\u00e9 que mi mudanza se realizar\u00e1 sin problemas?&#8221; _builder_version=&#8221;4.27.4&#8243; _module_preset=&#8221;default&#8221; global_colors_info=&#8221;{}&#8221; open=&#8221;off&#8221;]<\/p>\n<p>Porque ese es nuestro trabajo. Planificamos, preparamos y comunicamos cada paso del proceso.<br \/>Tras bambalinas, todo el equipo de Flyto coordina tu mudanza como un control de tr\u00e1fico a\u00e9reo: silencioso, preciso y listo para todo.<\/p>\n<p>[\/et_pb_accordion_item][et_pb_accordion_item title=&#8221;Bueno, estoy convencido. \u00bfQu\u00e9 sigue?&#8221; open=&#8221;off&#8221; _builder_version=&#8221;4.27.4&#8243; _module_preset=&#8221;default&#8221; global_colors_info=&#8221;{}&#8221;]<\/p>\n<p>Sencillo: haz clic abajo, reserva tu consulta gratuita y comencemos a dise\u00f1ar tu mudanza. T\u00fa nos dices a d\u00f3nde vas; nosotros nos encargamos del resto.<br \/>Y s\u00ed, te prometemos que incluso ser\u00e1 divertido.<\/p>\n<p>[\/et_pb_accordion_item][\/et_pb_accordion][et_pb_button button_url=&#8221;@ET-DC@eyJkeW5hbWljIjp0cnVlLCJjb250ZW50IjoicG9zdF9saW5rX3VybF9wYWdlIiwic2V0dGluZ3MiOnsicG9zdF9pZCI6IjczNSJ9fQ==@&#8221; button_text=&#8221;Reserve una consulta gratuita&#8221; _builder_version=&#8221;4.27.4&#8243; _dynamic_attributes=&#8221;button_url&#8221; _module_preset=&#8221;_initial&#8221; custom_button=&#8221;on&#8221; button_text_size=&#8221;16px&#8221; button_text_color=&#8221;#CD207D&#8221; button_border_color=&#8221;#CD207D&#8221; button_border_radius=&#8221;100px&#8221; button_font=&#8221;Outfit|600|||||||&#8221; button_use_icon=&#8221;off&#8221; custom_margin=&#8221;-2px||||false|false&#8221; custom_padding=&#8221;10px|26px|10px|26px|true|true&#8221; hover_enabled=&#8221;0&#8243; global_colors_info=&#8221;{%22gcid-f1e65d51-fa2f-4bf0-b2c1-8eab7001e8fd%22:%91%22button_text_color%22%93}&#8221; sticky_enabled=&#8221;0&#8243;][\/et_pb_button][\/et_pb_column][\/et_pb_row][\/et_pb_section]<\/p>\n","protected":false},"excerpt":{"rendered":"<p>Sabemos lo que est\u00e1s pensando y tenemos las respuestas. Mudarse al extranjero trae consigo preguntas, emoci\u00f3n y quiz\u00e1s un poco de p\u00e1nico. No te preocupes: nuestro director ejecutivo las ha escuchado todas (y las ha respondido con una sonrisa).\u00a1Solo si lo haces sin Flyto! Consid\u00e9ranos tu asesor personal de mudanzas: planificamos, empacamos, enviamos y entregamos [&hellip;]<\/p>\n","protected":false},"author":1,"featured_media":0,"parent":0,"menu_order":0,"comment_status":"closed","ping_status":"closed","template":"","meta":{"_et_pb_use_builder":"on","_et_pb_old_content":"","_et_gb_content_width":"","footnotes":""},"class_list":["post-733","page","type-page","status-publish","hentry"],"yoast_head":"<!-- This site is optimized with the Yoast SEO plugin v26.3 - https:\/\/yoast.com\/wordpress\/plugins\/seo\/ -->\n<title>FAQ - Flyto Relocation Espa\u00f1a<\/title>\n<meta name=\"robots\" content=\"index, follow, max-snippet:-1, max-image-preview:large, max-video-preview:-1\" \/>\n<link rel=\"canonical\" href=\"https:\/\/flytorelocation.com\/es-es\/blog\/\" \/>\n<meta property=\"og:locale\" content=\"fi_FI\" \/>\n<meta property=\"og:type\" content=\"article\" \/>\n<meta property=\"og:title\" content=\"FAQ - Flyto Relocation Espa\u00f1a\" \/>\n<meta property=\"og:description\" content=\"Sabemos lo que est\u00e1s pensando y tenemos las respuestas. Mudarse al extranjero trae consigo preguntas, emoci\u00f3n y quiz\u00e1s un poco de p\u00e1nico. No te preocupes: nuestro director ejecutivo las ha escuchado todas (y las ha respondido con una sonrisa).\u00a1Solo si lo haces sin Flyto! Consid\u00e9ranos tu asesor personal de mudanzas: planificamos, empacamos, enviamos y entregamos [&hellip;]\" \/>\n<meta property=\"og:url\" content=\"https:\/\/flytorelocation.com\/es-es\/blog\/\" \/>\n<meta property=\"og:site_name\" content=\"Flyto Relocation Espa\u00f1a\" \/>\n<meta property=\"article:modified_time\" content=\"2026-01-16T21:49:16+00:00\" \/>\n<meta name=\"twitter:card\" content=\"summary_large_image\" \/>\n<meta name=\"twitter:label1\" content=\"Arvioitu lukuaika\" \/>\n\t<meta name=\"twitter:data1\" content=\"9 minuuttia\" \/>\n<script type=\"application\/ld+json\" class=\"yoast-schema-graph\">{\"@context\":\"https:\/\/schema.org\",\"@graph\":[{\"@type\":\"WebPage\",\"@id\":\"https:\/\/flytorelocation.com\/es-es\/blog\/\",\"url\":\"https:\/\/flytorelocation.com\/es-es\/blog\/\",\"name\":\"FAQ - Flyto Relocation Espa\u00f1a\",\"isPartOf\":{\"@id\":\"https:\/\/flytorelocation.com\/es-es\/#website\"},\"datePublished\":\"2025-10-17T16:02:33+00:00\",\"dateModified\":\"2026-01-16T21:49:16+00:00\",\"breadcrumb\":{\"@id\":\"https:\/\/flytorelocation.com\/es-es\/blog\/#breadcrumb\"},\"inLanguage\":\"fi\",\"potentialAction\":[{\"@type\":\"ReadAction\",\"target\":[\"https:\/\/flytorelocation.com\/es-es\/blog\/\"]}]},{\"@type\":\"BreadcrumbList\",\"@id\":\"https:\/\/flytorelocation.com\/es-es\/blog\/#breadcrumb\",\"itemListElement\":[{\"@type\":\"ListItem\",\"position\":1,\"name\":\"Etusivu\",\"item\":\"https:\/\/flytorelocation.com\/es-es\/\"},{\"@type\":\"ListItem\",\"position\":2,\"name\":\"FAQ\"}]},{\"@type\":\"WebSite\",\"@id\":\"https:\/\/flytorelocation.com\/es-es\/#website\",\"url\":\"https:\/\/flytorelocation.com\/es-es\/\",\"name\":\"Flyto Relocation Espa\u00f1a\",\"description\":\"\",\"publisher\":{\"@id\":\"https:\/\/flytorelocation.com\/es-es\/#organization\"},\"potentialAction\":[{\"@type\":\"SearchAction\",\"target\":{\"@type\":\"EntryPoint\",\"urlTemplate\":\"https:\/\/flytorelocation.com\/es-es\/?s={search_term_string}\"},\"query-input\":{\"@type\":\"PropertyValueSpecification\",\"valueRequired\":true,\"valueName\":\"search_term_string\"}}],\"inLanguage\":\"fi\"},{\"@type\":\"Organization\",\"@id\":\"https:\/\/flytorelocation.com\/es-es\/#organization\",\"name\":\"Flyto Relocation Espa\u00f1a\",\"url\":\"https:\/\/flytorelocation.com\/es-es\/\",\"logo\":{\"@type\":\"ImageObject\",\"inLanguage\":\"fi\",\"@id\":\"https:\/\/flytorelocation.com\/es-es\/#\/schema\/logo\/image\/\",\"url\":\"https:\/\/flyto-wp-uploads.s3.eu-north-1.amazonaws.com\/wp-content\/uploads\/sites\/93\/2025\/10\/13130143\/Flyto-col.png\",\"contentUrl\":\"https:\/\/flyto-wp-uploads.s3.eu-north-1.amazonaws.com\/wp-content\/uploads\/sites\/93\/2025\/10\/13130143\/Flyto-col.png\",\"width\":618,\"height\":337,\"caption\":\"Flyto Relocation Espa\u00f1a\"},\"image\":{\"@id\":\"https:\/\/flytorelocation.com\/es-es\/#\/schema\/logo\/image\/\"}}]}<\/script>\n<!-- \/ Yoast SEO plugin. -->","yoast_head_json":{"title":"FAQ - Flyto Relocation Espa\u00f1a","robots":{"index":"index","follow":"follow","max-snippet":"max-snippet:-1","max-image-preview":"max-image-preview:large","max-video-preview":"max-video-preview:-1"},"canonical":"https:\/\/flytorelocation.com\/es-es\/blog\/","og_locale":"fi_FI","og_type":"article","og_title":"FAQ - Flyto Relocation Espa\u00f1a","og_description":"Sabemos lo que est\u00e1s pensando y tenemos las respuestas. Mudarse al extranjero trae consigo preguntas, emoci\u00f3n y quiz\u00e1s un poco de p\u00e1nico. No te preocupes: nuestro director ejecutivo las ha escuchado todas (y las ha respondido con una sonrisa).\u00a1Solo si lo haces sin Flyto! Consid\u00e9ranos tu asesor personal de mudanzas: planificamos, empacamos, enviamos y entregamos [&hellip;]","og_url":"https:\/\/flytorelocation.com\/es-es\/blog\/","og_site_name":"Flyto Relocation Espa\u00f1a","article_modified_time":"2026-01-16T21:49:16+00:00","twitter_card":"summary_large_image","twitter_misc":{"Arvioitu lukuaika":"9 minuuttia"},"schema":{"@context":"https:\/\/schema.org","@graph":[{"@type":"WebPage","@id":"https:\/\/flytorelocation.com\/es-es\/blog\/","url":"https:\/\/flytorelocation.com\/es-es\/blog\/","name":"FAQ - Flyto Relocation Espa\u00f1a","isPartOf":{"@id":"https:\/\/flytorelocation.com\/es-es\/#website"},"datePublished":"2025-10-17T16:02:33+00:00","dateModified":"2026-01-16T21:49:16+00:00","breadcrumb":{"@id":"https:\/\/flytorelocation.com\/es-es\/blog\/#breadcrumb"},"inLanguage":"fi","potentialAction":[{"@type":"ReadAction","target":["https:\/\/flytorelocation.com\/es-es\/blog\/"]}]},{"@type":"BreadcrumbList","@id":"https:\/\/flytorelocation.com\/es-es\/blog\/#breadcrumb","itemListElement":[{"@type":"ListItem","position":1,"name":"Etusivu","item":"https:\/\/flytorelocation.com\/es-es\/"},{"@type":"ListItem","position":2,"name":"FAQ"}]},{"@type":"WebSite","@id":"https:\/\/flytorelocation.com\/es-es\/#website","url":"https:\/\/flytorelocation.com\/es-es\/","name":"Flyto Relocation Espa\u00f1a","description":"","publisher":{"@id":"https:\/\/flytorelocation.com\/es-es\/#organization"},"potentialAction":[{"@type":"SearchAction","target":{"@type":"EntryPoint","urlTemplate":"https:\/\/flytorelocation.com\/es-es\/?s={search_term_string}"},"query-input":{"@type":"PropertyValueSpecification","valueRequired":true,"valueName":"search_term_string"}}],"inLanguage":"fi"},{"@type":"Organization","@id":"https:\/\/flytorelocation.com\/es-es\/#organization","name":"Flyto Relocation Espa\u00f1a","url":"https:\/\/flytorelocation.com\/es-es\/","logo":{"@type":"ImageObject","inLanguage":"fi","@id":"https:\/\/flytorelocation.com\/es-es\/#\/schema\/logo\/image\/","url":"https:\/\/flyto-wp-uploads.s3.eu-north-1.amazonaws.com\/wp-content\/uploads\/sites\/93\/2025\/10\/13130143\/Flyto-col.png","contentUrl":"https:\/\/flyto-wp-uploads.s3.eu-north-1.amazonaws.com\/wp-content\/uploads\/sites\/93\/2025\/10\/13130143\/Flyto-col.png","width":618,"height":337,"caption":"Flyto Relocation Espa\u00f1a"},"image":{"@id":"https:\/\/flytorelocation.com\/es-es\/#\/schema\/logo\/image\/"}}]}},"acf":[],"_links":{"self":[{"href":"https:\/\/flytorelocation.com\/es-es\/wp-json\/wp\/v2\/pages\/733","targetHints":{"allow":["GET"]}}],"collection":[{"href":"https:\/\/flytorelocation.com\/es-es\/wp-json\/wp\/v2\/pages"}],"about":[{"href":"https:\/\/flytorelocation.com\/es-es\/wp-json\/wp\/v2\/types\/page"}],"author":[{"embeddable":true,"href":"https:\/\/flytorelocation.com\/es-es\/wp-json\/wp\/v2\/users\/1"}],"replies":[{"embeddable":true,"href":"https:\/\/flytorelocation.com\/es-es\/wp-json\/wp\/v2\/comments?post=733"}],"version-history":[{"count":8,"href":"https:\/\/flytorelocation.com\/es-es\/wp-json\/wp\/v2\/pages\/733\/revisions"}],"predecessor-version":[{"id":1343,"href":"https:\/\/flytorelocation.com\/es-es\/wp-json\/wp\/v2\/pages\/733\/revisions\/1343"}],"wp:attachment":[{"href":"https:\/\/flytorelocation.com\/es-es\/wp-json\/wp\/v2\/media?parent=733"}],"curies":[{"name":"wp","href":"https:\/\/api.w.org\/{rel}","templated":true}]}}