{"id":727,"date":"2025-10-17T19:02:33","date_gmt":"2025-10-17T16:02:33","guid":{"rendered":"https:\/\/flytorelocation.com\/es-es\/fi\/?page_id=82"},"modified":"2026-01-04T20:14:05","modified_gmt":"2026-01-04T18:14:05","slug":"about","status":"publish","type":"page","link":"https:\/\/flytorelocation.com\/es-es\/about\/","title":{"rendered":"About"},"content":{"rendered":"<p>[et_pb_section fb_built=&#8221;1&#8243; admin_label=&#8221;Header&#8221; _builder_version=&#8221;4.27.4&#8243; _module_preset=&#8221;default&#8221; background_enable_color=&#8221;off&#8221; background_enable_image=&#8221;off&#8221; background_blend=&#8221;screen&#8221; custom_padding=&#8221;||0px|||&#8221; hover_enabled=&#8221;0&#8243; collapsed=&#8221;on&#8221; global_colors_info=&#8221;{%22gcid-secondary-color%22:%91%22background_color%22%93}&#8221; custom_padding_last_edited=&#8221;on|tablet&#8221; custom_padding_tablet=&#8221;0px||0px||true|false&#8221; sticky_enabled=&#8221;0&#8243; custom_padding_phone=&#8221;0px||0px||true|false&#8221;][et_pb_row _builder_version=&#8221;4.27.4&#8243; _module_preset=&#8221;default&#8221; global_colors_info=&#8221;{}&#8221;][et_pb_column type=&#8221;4_4&#8243; _builder_version=&#8221;4.27.4&#8243; _module_preset=&#8221;default&#8221; global_colors_info=&#8221;{}&#8221;][et_pb_heading title=&#8221;El movimiento m\u00e1s seguro del mundo.&#8221; _builder_version=&#8221;4.27.4&#8243; _module_preset=&#8221;_initial&#8221; title_font=&#8221;Flyto oma||||||||&#8221; title_text_color=&#8221;#CD207D&#8221; title_font_size=&#8221;62px&#8221; custom_margin=&#8221;||10px||false|false&#8221; custom_margin_tablet=&#8221;||10px||false|false&#8221; custom_margin_phone=&#8221;||10px||false|false&#8221; custom_margin_last_edited=&#8221;on|phone&#8221; custom_padding_tablet=&#8221;&#8221; custom_padding_phone=&#8221;0px||||false|false&#8221; custom_padding_last_edited=&#8221;on|phone&#8221; title_font_size_tablet=&#8221;40px&#8221; title_font_size_phone=&#8221;30px&#8221; title_font_size_last_edited=&#8221;on|phone&#8221; locked=&#8221;off&#8221; global_colors_info=&#8221;{}&#8221;][\/et_pb_heading][et_pb_text _builder_version=&#8221;4.27.4&#8243; _module_preset=&#8221;_initial&#8221; header_4_font=&#8221;Montserrat||||||||&#8221; global_colors_info=&#8221;{}&#8221;]<\/p>\n<h4><strong>Porque tus pertenencias no merecen menos.<\/strong><\/h4>\n<p>[\/et_pb_text][\/et_pb_column][\/et_pb_row][\/et_pb_section][et_pb_section fb_built=&#8221;1&#8243; admin_label=&#8221;Video&#8221; _builder_version=&#8221;4.27.4&#8243; _module_preset=&#8221;default&#8221; custom_padding=&#8221;6px|||||&#8221; collapsed=&#8221;off&#8221; global_colors_info=&#8221;{}&#8221;][et_pb_row column_structure=&#8221;1_2,1_2&#8243; _builder_version=&#8221;4.27.4&#8243; _module_preset=&#8221;default&#8221; custom_padding=&#8221;0px||||false|false&#8221; collapsed=&#8221;off&#8221; global_colors_info=&#8221;{}&#8221;][et_pb_column type=&#8221;1_2&#8243; _builder_version=&#8221;4.27.4&#8243; _module_preset=&#8221;default&#8221; global_colors_info=&#8221;{}&#8221;][et_pb_video src=&#8221;https:\/\/www.youtube.com\/watch?v=De68tvldxAw&#8221; _builder_version=&#8221;4.27.4&#8243; _module_preset=&#8221;default&#8221; border_radii=&#8221;on|10px|10px|10px|10px&#8221; global_colors_info=&#8221;{}&#8221;][\/et_pb_video][et_pb_button button_url=&#8221;@ET-DC@eyJkeW5hbWljIjp0cnVlLCJjb250ZW50IjoicG9zdF9saW5rX3VybF9wYWdlIiwic2V0dGluZ3MiOnsicG9zdF9pZCI6IjIiLCJlbmFibGVfaHRtbCI6Im9mZiJ9fQ==@&#8221; button_text=&#8221;Lea m\u00e1s sobre seguridad&#8221; _builder_version=&#8221;4.27.4&#8243; _dynamic_attributes=&#8221;button_url&#8221; _module_preset=&#8221;_initial&#8221; custom_button=&#8221;on&#8221; button_text_size=&#8221;16px&#8221; button_text_color=&#8221;#CD207D&#8221; button_border_color=&#8221;#CD207D&#8221; button_border_radius=&#8221;100px&#8221; button_font=&#8221;Outfit|600|||||||&#8221; button_use_icon=&#8221;off&#8221; custom_margin=&#8221;-2px||||false|false&#8221; custom_padding=&#8221;10px|26px|10px|26px|true|true&#8221; global_colors_info=&#8221;{%22gcid-f1e65d51-fa2f-4bf0-b2c1-8eab7001e8fd%22:%91%22button_text_color%22%93}&#8221;][\/et_pb_button][\/et_pb_column][et_pb_column type=&#8221;1_2&#8243; _builder_version=&#8221;4.27.4&#8243; _module_preset=&#8221;default&#8221; global_colors_info=&#8221;{}&#8221;][et_pb_text _builder_version=&#8221;4.27.4&#8243; _module_preset=&#8221;_initial&#8221; text_font=&#8221;Montserrat||||||||&#8221; text_line_height=&#8221;1.6em&#8221; width=&#8221;100%&#8221; min_height=&#8221;79.2px&#8221; custom_margin=&#8221;||||false|false&#8221; custom_padding=&#8221;||||false|false&#8221; custom_padding_tablet=&#8221;||||false|false&#8221; custom_padding_phone=&#8221;||||false|false&#8221; custom_padding_last_edited=&#8221;on|phone&#8221; global_colors_info=&#8221;{}&#8221;]<\/p>\n<p>En Flyto Relocation, la seguridad no solo forma parte de nuestro servicio, sino que es nuestra base. Nos enorgullece ser la empresa de mudanzas m\u00e1s segura del mundo, combinando tecnolog\u00eda de vanguardia con un profesionalismo inigualable para proteger lo que m\u00e1s importa.<\/p>\n<p>Cada veh\u00edculo de Flyto est\u00e1 equipado con un sistema de c\u00e1maras avanzado, rastreo GPS en tiempo real y tecnolog\u00eda de carga segura. Nuestro equipo personalizado y nuestro manejo experto garantizan la protecci\u00f3n de cada art\u00edculo, desde la salida hasta la entrega.<\/p>\n<p>Detr\u00e1s de cada mudanza se encuentra un equipo de profesionales capacitados que tratan sus pertenencias con precisi\u00f3n, cuidado y respeto. Con Flyto, puede confiar en que su mudanza no solo ser\u00e1 perfecta, sino que tambi\u00e9n estar\u00e1 monitoreada, protegida y segura en cada paso.<\/p>\n<p>Porque la tranquilidad no deber\u00eda ser opcional, deber\u00eda estar garantizada.<\/p>\n<p>[\/et_pb_text][\/et_pb_column][\/et_pb_row][\/et_pb_section][et_pb_section fb_built=&#8221;1&#8243; _builder_version=&#8221;4.27.4&#8243; _module_preset=&#8221;default&#8221; background_color=&#8221;#fafafa&#8221; custom_padding=&#8221;||||false|false&#8221; global_colors_info=&#8221;{}&#8221;][et_pb_row column_structure=&#8221;1_2,1_2&#8243; _builder_version=&#8221;4.27.4&#8243; _module_preset=&#8221;default&#8221; custom_padding=&#8221;||||false|false&#8221; global_colors_info=&#8221;{}&#8221;][et_pb_column type=&#8221;1_2&#8243; _builder_version=&#8221;4.27.4&#8243; _module_preset=&#8221;default&#8221; global_colors_info=&#8221;{}&#8221;][et_pb_text _builder_version=&#8221;4.27.4&#8243; _module_preset=&#8221;_initial&#8221; text_font=&#8221;Montserrat||||||||&#8221; header_3_font=&#8221;Poppins||||||||&#8221; header_3_font_size=&#8221;20px&#8221; header_3_line_height=&#8221;1.2em&#8221; global_colors_info=&#8221;{}&#8221;]<\/p>\n<h3 data-start=\"415\" data-end=\"467\"><strong data-start=\"419\" data-end=\"465\">La red de reubicaci\u00f3n m\u00e1s conectada de Europa<\/strong><\/h3>\n<p data-start=\"468\" data-end=\"509\"><strong data-start=\"468\" data-end=\"507\">Experiencia local. Alcance continental.<\/strong><\/p>\n<p>Con Flyto Relocation, Europa se siente realmente conectada. Nuestras oficinas en todo el continente conforman una de las redes de reubicaci\u00f3n m\u00e1s confiables del sector, basada en un servicio personalizado, est\u00e1ndares compartidos y experiencia local.<\/p>\n<p>Ya sea que se mude a Helsinki, M\u00e1laga o Dortmund, hay un equipo de Flyto disponible para recibirle, guiarle y asegurarse de que todo salga a la perfecci\u00f3n.<br \/>No solo trasladamos personas por Europa, sino tambi\u00e9n dentro de Europa, como parte de una red fluida y atenta que habla su idioma y comprende su viaje.<\/p>\n<p>Porque la verdadera tranquilidad proviene de saber que ya estamos all\u00ed incluso antes de que llegue. \ud83c\udf0d<\/p>\n<p>[\/et_pb_text][et_pb_button button_url=&#8221;@ET-DC@eyJkeW5hbWljIjp0cnVlLCJjb250ZW50IjoicG9zdF9saW5rX3VybF9wYWdlIiwic2V0dGluZ3MiOnsicG9zdF9pZCI6IjcyNiIsImVuYWJsZV9odG1sIjoib2ZmIn19@&#8221; button_text=&#8221;Nuestra red de reubicaci\u00f3n&#8221; _builder_version=&#8221;4.27.4&#8243; _dynamic_attributes=&#8221;button_url&#8221; _module_preset=&#8221;_initial&#8221; custom_button=&#8221;on&#8221; button_text_size=&#8221;16px&#8221; button_text_color=&#8221;#CD207D&#8221; button_border_color=&#8221;#CD207D&#8221; button_border_radius=&#8221;100px&#8221; button_font=&#8221;Outfit|600|||||||&#8221; button_use_icon=&#8221;off&#8221; custom_margin=&#8221;-10px||||false|false&#8221; custom_padding=&#8221;10px|26px|10px|26px|true|true&#8221; global_colors_info=&#8221;{%22gcid-f1e65d51-fa2f-4bf0-b2c1-8eab7001e8fd%22:%91%22button_text_color%22%93}&#8221;][\/et_pb_button][\/et_pb_column][et_pb_column type=&#8221;1_2&#8243; _builder_version=&#8221;4.27.4&#8243; _module_preset=&#8221;default&#8221; global_colors_info=&#8221;{}&#8221;][et_pb_image src=&#8221;https:\/\/flyto-wp-uploads.s3.eu-north-1.amazonaws.com\/wp-content\/uploads\/sites\/93\/2025\/11\/04093023\/kotimuutto-muuttopalvelu-muutto_1_optimized-1.jpg&#8221; title_text=&#8221;kotimuutto-muuttopalvelu-muutto_1_optimized (1)&#8221; _builder_version=&#8221;4.27.4&#8243; _module_preset=&#8221;default&#8221; border_radii=&#8221;on|20px|20px|20px|20px&#8221; global_colors_info=&#8221;{}&#8221;][\/et_pb_image][\/et_pb_column][\/et_pb_row][\/et_pb_section][et_pb_section fb_built=&#8221;1&#8243; _builder_version=&#8221;4.27.4&#8243; _module_preset=&#8221;default&#8221; global_colors_info=&#8221;{}&#8221;][et_pb_row column_structure=&#8221;1_2,1_2&#8243; _builder_version=&#8221;4.27.4&#8243; _module_preset=&#8221;default&#8221; custom_padding=&#8221;5px|||||&#8221; global_colors_info=&#8221;{}&#8221;][et_pb_column type=&#8221;1_2&#8243; _builder_version=&#8221;4.27.4&#8243; _module_preset=&#8221;default&#8221; global_colors_info=&#8221;{}&#8221;][et_pb_text _builder_version=&#8221;4.27.4&#8243; _module_preset=&#8221;_initial&#8221; text_font=&#8221;Montserrat||||||||&#8221; header_3_font=&#8221;Poppins||||||||&#8221; header_3_font_size=&#8221;20px&#8221; header_3_line_height=&#8221;1.2em&#8221; global_colors_info=&#8221;{}&#8221;]<\/p>\n<h3 data-start=\"1184\" data-end=\"1225\"><span style=\"color: #000000\"><strong data-start=\"1188\" data-end=\"1223\">Paquetes sencillos. Movimientos perfectos.<\/strong><\/span><\/h3>\n<p data-start=\"1226\" data-end=\"1275\"><span style=\"color: #666666\"><strong data-start=\"1226\" data-end=\"1273\">Mudanza premium hecha maravillosamente sencilla.<\/strong><\/span><\/p>\n<p>Creemos que un buen servicio no deber\u00eda ser complicado, por eso hemos dise\u00f1ado nuestros paquetes de reubicaci\u00f3n para que sean lo m\u00e1s claros posible. Sin letra peque\u00f1a ni confusi\u00f3n: solo soluciones sencillas que se adaptan a tus necesidades, presupuesto y estilo de vida.<\/p>\n<p>Cada paquete de Flyto incluye todo lo que realmente necesitas (y nada que no necesites): embalaje profesional, transporte seguro, seguro, seguimiento y asistencia en cada paso del proceso.<br \/>Siempre sabr\u00e1s exactamente qu\u00e9 incluye y cu\u00e1nto cuesta, porque la transparencia es parte del lujo.<\/p>\n<p>Mudarse al extranjero puede ser un gran cambio, pero \u00bfelegir el paquete de reubicaci\u00f3n adecuado? Con Flyto, eso es f\u00e1cil. \u2728<\/p>\n<p>[\/et_pb_text][\/et_pb_column][et_pb_column type=&#8221;1_2&#8243; _builder_version=&#8221;4.27.4&#8243; _module_preset=&#8221;default&#8221; global_colors_info=&#8221;{}&#8221;][et_pb_image src=&#8221;https:\/\/flyto-wp-uploads.s3.eu-north-1.amazonaws.com\/wp-content\/uploads\/sites\/93\/2025\/10\/03182729\/FLYTO_-_Muutto_-_Kuvaaja_Nuuti_Paananen_4_1_1_1000.jpg&#8221; title_text=&#8221;FLYTO_-_Muutto_-_Kuvaaja_Nuuti_Paananen_4_1_1_1000&#8243; disabled_on=&#8221;off|off|off&#8221; _builder_version=&#8221;4.27.4&#8243; _module_preset=&#8221;default&#8221; border_radii=&#8221;on|20px|20px|20px|20px&#8221; global_colors_info=&#8221;{}&#8221;][\/et_pb_image][et_pb_button button_url=&#8221;@ET-DC@eyJkeW5hbWljIjp0cnVlLCJjb250ZW50IjoicG9zdF9saW5rX3VybF9wYWdlIiwic2V0dGluZ3MiOnsicG9zdF9pZCI6IjczMCIsImVuYWJsZV9odG1sIjoib2ZmIn19@&#8221; button_text=&#8221;Todos los servicios&#8221; _builder_version=&#8221;4.27.4&#8243; _dynamic_attributes=&#8221;button_url&#8221; _module_preset=&#8221;_initial&#8221; custom_button=&#8221;on&#8221; button_text_size=&#8221;16px&#8221; button_text_color=&#8221;#CD207D&#8221; button_border_color=&#8221;#CD207D&#8221; button_border_radius=&#8221;100px&#8221; button_font=&#8221;Outfit|600|||||||&#8221; button_use_icon=&#8221;off&#8221; custom_margin=&#8221;-2px||||false|false&#8221; custom_padding=&#8221;10px|26px|10px|26px|true|true&#8221; global_colors_info=&#8221;{%22gcid-f1e65d51-fa2f-4bf0-b2c1-8eab7001e8fd%22:%91%22button_text_color%22%93}&#8221;][\/et_pb_button][\/et_pb_column][\/et_pb_row][\/et_pb_section]<\/p>\n","protected":false},"excerpt":{"rendered":"<p>Porque tus pertenencias no merecen menos.En Flyto Relocation, la seguridad no solo forma parte de nuestro servicio, sino que es nuestra base. Nos enorgullece ser la empresa de mudanzas m\u00e1s segura del mundo, combinando tecnolog\u00eda de vanguardia con un profesionalismo inigualable para proteger lo que m\u00e1s importa. Cada veh\u00edculo de Flyto est\u00e1 equipado con un [&hellip;]<\/p>\n","protected":false},"author":1,"featured_media":0,"parent":0,"menu_order":0,"comment_status":"closed","ping_status":"closed","template":"","meta":{"_et_pb_use_builder":"on","_et_pb_old_content":"","_et_gb_content_width":"","footnotes":""},"class_list":["post-727","page","type-page","status-publish","hentry"],"yoast_head":"<!-- This site is optimized with the Yoast SEO plugin v26.3 - https:\/\/yoast.com\/wordpress\/plugins\/seo\/ -->\n<title>About - Flyto Relocation Espa\u00f1a<\/title>\n<meta name=\"robots\" content=\"index, follow, max-snippet:-1, max-image-preview:large, max-video-preview:-1\" \/>\n<link rel=\"canonical\" href=\"https:\/\/flytorelocation.com\/es-es\/about\/\" \/>\n<meta property=\"og:locale\" content=\"fi_FI\" \/>\n<meta property=\"og:type\" content=\"article\" \/>\n<meta property=\"og:title\" content=\"About - Flyto Relocation Espa\u00f1a\" \/>\n<meta property=\"og:description\" content=\"Porque tus pertenencias no merecen menos.En Flyto Relocation, la seguridad no solo forma parte de nuestro servicio, sino que es nuestra base. Nos enorgullece ser la empresa de mudanzas m\u00e1s segura del mundo, combinando tecnolog\u00eda de vanguardia con un profesionalismo inigualable para proteger lo que m\u00e1s importa. Cada veh\u00edculo de Flyto est\u00e1 equipado con un [&hellip;]\" \/>\n<meta property=\"og:url\" content=\"https:\/\/flytorelocation.com\/es-es\/about\/\" \/>\n<meta property=\"og:site_name\" content=\"Flyto Relocation Espa\u00f1a\" \/>\n<meta property=\"article:modified_time\" content=\"2026-01-04T18:14:05+00:00\" \/>\n<meta name=\"twitter:card\" content=\"summary_large_image\" \/>\n<meta name=\"twitter:label1\" content=\"Arvioitu lukuaika\" \/>\n\t<meta name=\"twitter:data1\" content=\"7 minuuttia\" \/>\n<script type=\"application\/ld+json\" class=\"yoast-schema-graph\">{\"@context\":\"https:\/\/schema.org\",\"@graph\":[{\"@type\":\"WebPage\",\"@id\":\"https:\/\/flytorelocation.com\/es-es\/about\/\",\"url\":\"https:\/\/flytorelocation.com\/es-es\/about\/\",\"name\":\"About - Flyto Relocation Espa\u00f1a\",\"isPartOf\":{\"@id\":\"https:\/\/flytorelocation.com\/es-es\/#website\"},\"datePublished\":\"2025-10-17T16:02:33+00:00\",\"dateModified\":\"2026-01-04T18:14:05+00:00\",\"breadcrumb\":{\"@id\":\"https:\/\/flytorelocation.com\/es-es\/about\/#breadcrumb\"},\"inLanguage\":\"fi\",\"potentialAction\":[{\"@type\":\"ReadAction\",\"target\":[\"https:\/\/flytorelocation.com\/es-es\/about\/\"]}]},{\"@type\":\"BreadcrumbList\",\"@id\":\"https:\/\/flytorelocation.com\/es-es\/about\/#breadcrumb\",\"itemListElement\":[{\"@type\":\"ListItem\",\"position\":1,\"name\":\"Etusivu\",\"item\":\"https:\/\/flytorelocation.com\/es-es\/\"},{\"@type\":\"ListItem\",\"position\":2,\"name\":\"About\"}]},{\"@type\":\"WebSite\",\"@id\":\"https:\/\/flytorelocation.com\/es-es\/#website\",\"url\":\"https:\/\/flytorelocation.com\/es-es\/\",\"name\":\"Flyto Relocation Espa\u00f1a\",\"description\":\"\",\"publisher\":{\"@id\":\"https:\/\/flytorelocation.com\/es-es\/#organization\"},\"potentialAction\":[{\"@type\":\"SearchAction\",\"target\":{\"@type\":\"EntryPoint\",\"urlTemplate\":\"https:\/\/flytorelocation.com\/es-es\/?s={search_term_string}\"},\"query-input\":{\"@type\":\"PropertyValueSpecification\",\"valueRequired\":true,\"valueName\":\"search_term_string\"}}],\"inLanguage\":\"fi\"},{\"@type\":\"Organization\",\"@id\":\"https:\/\/flytorelocation.com\/es-es\/#organization\",\"name\":\"Flyto Relocation Espa\u00f1a\",\"url\":\"https:\/\/flytorelocation.com\/es-es\/\",\"logo\":{\"@type\":\"ImageObject\",\"inLanguage\":\"fi\",\"@id\":\"https:\/\/flytorelocation.com\/es-es\/#\/schema\/logo\/image\/\",\"url\":\"https:\/\/flyto-wp-uploads.s3.eu-north-1.amazonaws.com\/wp-content\/uploads\/sites\/93\/2025\/10\/13130143\/Flyto-col.png\",\"contentUrl\":\"https:\/\/flyto-wp-uploads.s3.eu-north-1.amazonaws.com\/wp-content\/uploads\/sites\/93\/2025\/10\/13130143\/Flyto-col.png\",\"width\":618,\"height\":337,\"caption\":\"Flyto Relocation Espa\u00f1a\"},\"image\":{\"@id\":\"https:\/\/flytorelocation.com\/es-es\/#\/schema\/logo\/image\/\"}}]}<\/script>\n<!-- \/ Yoast SEO plugin. -->","yoast_head_json":{"title":"About - Flyto Relocation Espa\u00f1a","robots":{"index":"index","follow":"follow","max-snippet":"max-snippet:-1","max-image-preview":"max-image-preview:large","max-video-preview":"max-video-preview:-1"},"canonical":"https:\/\/flytorelocation.com\/es-es\/about\/","og_locale":"fi_FI","og_type":"article","og_title":"About - Flyto Relocation Espa\u00f1a","og_description":"Porque tus pertenencias no merecen menos.En Flyto Relocation, la seguridad no solo forma parte de nuestro servicio, sino que es nuestra base. Nos enorgullece ser la empresa de mudanzas m\u00e1s segura del mundo, combinando tecnolog\u00eda de vanguardia con un profesionalismo inigualable para proteger lo que m\u00e1s importa. Cada veh\u00edculo de Flyto est\u00e1 equipado con un [&hellip;]","og_url":"https:\/\/flytorelocation.com\/es-es\/about\/","og_site_name":"Flyto Relocation Espa\u00f1a","article_modified_time":"2026-01-04T18:14:05+00:00","twitter_card":"summary_large_image","twitter_misc":{"Arvioitu lukuaika":"7 minuuttia"},"schema":{"@context":"https:\/\/schema.org","@graph":[{"@type":"WebPage","@id":"https:\/\/flytorelocation.com\/es-es\/about\/","url":"https:\/\/flytorelocation.com\/es-es\/about\/","name":"About - Flyto Relocation Espa\u00f1a","isPartOf":{"@id":"https:\/\/flytorelocation.com\/es-es\/#website"},"datePublished":"2025-10-17T16:02:33+00:00","dateModified":"2026-01-04T18:14:05+00:00","breadcrumb":{"@id":"https:\/\/flytorelocation.com\/es-es\/about\/#breadcrumb"},"inLanguage":"fi","potentialAction":[{"@type":"ReadAction","target":["https:\/\/flytorelocation.com\/es-es\/about\/"]}]},{"@type":"BreadcrumbList","@id":"https:\/\/flytorelocation.com\/es-es\/about\/#breadcrumb","itemListElement":[{"@type":"ListItem","position":1,"name":"Etusivu","item":"https:\/\/flytorelocation.com\/es-es\/"},{"@type":"ListItem","position":2,"name":"About"}]},{"@type":"WebSite","@id":"https:\/\/flytorelocation.com\/es-es\/#website","url":"https:\/\/flytorelocation.com\/es-es\/","name":"Flyto Relocation Espa\u00f1a","description":"","publisher":{"@id":"https:\/\/flytorelocation.com\/es-es\/#organization"},"potentialAction":[{"@type":"SearchAction","target":{"@type":"EntryPoint","urlTemplate":"https:\/\/flytorelocation.com\/es-es\/?s={search_term_string}"},"query-input":{"@type":"PropertyValueSpecification","valueRequired":true,"valueName":"search_term_string"}}],"inLanguage":"fi"},{"@type":"Organization","@id":"https:\/\/flytorelocation.com\/es-es\/#organization","name":"Flyto Relocation Espa\u00f1a","url":"https:\/\/flytorelocation.com\/es-es\/","logo":{"@type":"ImageObject","inLanguage":"fi","@id":"https:\/\/flytorelocation.com\/es-es\/#\/schema\/logo\/image\/","url":"https:\/\/flyto-wp-uploads.s3.eu-north-1.amazonaws.com\/wp-content\/uploads\/sites\/93\/2025\/10\/13130143\/Flyto-col.png","contentUrl":"https:\/\/flyto-wp-uploads.s3.eu-north-1.amazonaws.com\/wp-content\/uploads\/sites\/93\/2025\/10\/13130143\/Flyto-col.png","width":618,"height":337,"caption":"Flyto Relocation Espa\u00f1a"},"image":{"@id":"https:\/\/flytorelocation.com\/es-es\/#\/schema\/logo\/image\/"}}]}},"acf":[],"_links":{"self":[{"href":"https:\/\/flytorelocation.com\/es-es\/wp-json\/wp\/v2\/pages\/727","targetHints":{"allow":["GET"]}}],"collection":[{"href":"https:\/\/flytorelocation.com\/es-es\/wp-json\/wp\/v2\/pages"}],"about":[{"href":"https:\/\/flytorelocation.com\/es-es\/wp-json\/wp\/v2\/types\/page"}],"author":[{"embeddable":true,"href":"https:\/\/flytorelocation.com\/es-es\/wp-json\/wp\/v2\/users\/1"}],"replies":[{"embeddable":true,"href":"https:\/\/flytorelocation.com\/es-es\/wp-json\/wp\/v2\/comments?post=727"}],"version-history":[{"count":16,"href":"https:\/\/flytorelocation.com\/es-es\/wp-json\/wp\/v2\/pages\/727\/revisions"}],"predecessor-version":[{"id":1330,"href":"https:\/\/flytorelocation.com\/es-es\/wp-json\/wp\/v2\/pages\/727\/revisions\/1330"}],"wp:attachment":[{"href":"https:\/\/flytorelocation.com\/es-es\/wp-json\/wp\/v2\/media?parent=727"}],"curies":[{"name":"wp","href":"https:\/\/api.w.org\/{rel}","templated":true}]}}