{"id":726,"date":"2025-10-17T19:02:33","date_gmt":"2025-10-17T16:02:33","guid":{"rendered":"https:\/\/flytorelocation.com\/es-es\/fi\/?page_id=80"},"modified":"2026-01-16T23:56:56","modified_gmt":"2026-01-16T21:56:56","slug":"network","status":"publish","type":"page","link":"https:\/\/flytorelocation.com\/es-es\/network\/","title":{"rendered":"Network"},"content":{"rendered":"<p>[et_pb_section fb_built=&#8221;1&#8243; custom_padding_last_edited=&#8221;on|phone&#8221; admin_label=&#8221;Header&#8221; _builder_version=&#8221;4.27.4&#8243; _module_preset=&#8221;default&#8221; background_enable_image=&#8221;off&#8221; custom_padding=&#8221;0px||0px||true|false&#8221; custom_padding_tablet=&#8221;80px||80px||true|false&#8221; custom_padding_phone=&#8221;60px||60px||true|false&#8221; border_radii=&#8221;off|||3vw|3vw&#8221; collapsed=&#8221;on&#8221; global_colors_info=&#8221;{}&#8221;][et_pb_row _builder_version=&#8221;4.27.4&#8243; _module_preset=&#8221;default&#8221; global_colors_info=&#8221;{}&#8221;][et_pb_column type=&#8221;4_4&#8243; _builder_version=&#8221;4.22.0&#8243; _module_preset=&#8221;default&#8221; global_colors_info=&#8221;{}&#8221;][et_pb_heading title=&#8221;Flyto por toda Europa&#8221; _builder_version=&#8221;4.27.4&#8243; _module_preset=&#8221;_initial&#8221; title_font=&#8221;Flyto oma||||||||&#8221; title_text_color=&#8221;#CD207D&#8221; title_font_size=&#8221;62px&#8221; custom_margin=&#8221;||10px||false|false&#8221; custom_margin_tablet=&#8221;||10px||false|false&#8221; custom_margin_phone=&#8221;||10px||false|false&#8221; custom_margin_last_edited=&#8221;on|phone&#8221; custom_padding_tablet=&#8221;&#8221; custom_padding_phone=&#8221;0px||||false|false&#8221; custom_padding_last_edited=&#8221;on|phone&#8221; title_font_size_tablet=&#8221;40px&#8221; title_font_size_phone=&#8221;30px&#8221; title_font_size_last_edited=&#8221;on|phone&#8221; locked=&#8221;off&#8221; global_colors_info=&#8221;{}&#8221;][\/et_pb_heading][et_pb_text _builder_version=&#8221;4.27.4&#8243; _module_preset=&#8221;_initial&#8221; text_font=&#8221;Montserrat||||||||&#8221; text_line_height=&#8221;1.6em&#8221; width=&#8221;100%&#8221; min_height=&#8221;79.2px&#8221; custom_margin=&#8221;||||false|false&#8221; custom_padding=&#8221;||||false|false&#8221; custom_padding_tablet=&#8221;||||false|false&#8221; custom_padding_phone=&#8221;||||false|false&#8221; custom_padding_last_edited=&#8221;on|phone&#8221; global_colors_info=&#8221;{}&#8221;]<\/p>\n<p>Dondequiera que se mude (al norte, al sur, al este o al oeste), Flyto est\u00e1 ah\u00ed para que su mudanza sea fluida, segura y con total gesti\u00f3n.<br \/>Nuestra red cubre <strong>19 pa\u00edses europeos<\/strong>, con oficinas locales especializadas que garantizan servicios de reubicaci\u00f3n de primera calidad en todo el continente.<\/p>\n<p>[\/et_pb_text][\/et_pb_column][\/et_pb_row][\/et_pb_section][et_pb_section fb_built=&#8221;1&#8243; _builder_version=&#8221;4.27.4&#8243; _module_preset=&#8221;default&#8221; background_color=&#8221;#fafafa&#8221; global_colors_info=&#8221;{}&#8221;][et_pb_row column_structure=&#8221;1_4,1_4,1_4,1_4&#8243; _builder_version=&#8221;4.27.0&#8243; _module_preset=&#8221;default&#8221; custom_margin=&#8221;|auto|33px|auto||&#8221; global_colors_info=&#8221;{}&#8221;][et_pb_column type=&#8221;1_4&#8243; _builder_version=&#8221;4.22.0&#8243; _module_preset=&#8221;default&#8221; global_colors_info=&#8221;{}&#8221;][et_pb_heading title=&#8221;Experiencia local, est\u00e1ndares globales&#8221; _builder_version=&#8221;4.27.4&#8243; _module_preset=&#8221;_initial&#8221; title_font=&#8221;Flyto oma||||||||&#8221; title_text_color=&#8221;#CD207D&#8221; title_line_height=&#8221;1.2em&#8221; custom_margin=&#8221;||10px||false|false&#8221; locked=&#8221;off&#8221; global_colors_info=&#8221;{}&#8221;][\/et_pb_heading][et_pb_text _builder_version=&#8221;4.27.4&#8243; _module_preset=&#8221;_initial&#8221; text_font=&#8221;Montserrat||||||||&#8221; header_5_font=&#8221;Poppins||||||||&#8221; global_colors_info=&#8221;{}&#8221;]<\/p>\n<h5><strong>Europa del Norte<\/strong><\/h5>\n<p>\ud83c\uddeb\ud83c\uddee <strong>Finlandia<\/strong> \u2013 Nuestra sede central y base principal, ofreciendo servicios completos de mudanzas internacionales con precisi\u00f3n n\u00f3rdica.<br \/>\ud83c\uddf8\ud83c\uddea <strong>Suecia<\/strong> \u2013 Soporte experto para mudanzas de entrada y salida en el din\u00e1mico mercado escandinavo.<br \/>\ud83c\uddf3\ud83c\uddf4 <strong>Noruega<\/strong> \u2013 Log\u00edstica segura y fiable a trav\u00e9s de terrenos exigentes y largas distancias.<br \/>\ud83c\udde9\ud83c\uddf0 <strong>Dinamarca<\/strong> \u2013 Soluciones de mudanza eficientes y sostenibles en todas las regiones danesas.<\/p>\n<p>[\/et_pb_text][\/et_pb_column][et_pb_column type=&#8221;1_4&#8243; _builder_version=&#8221;4.27.4&#8243; _module_preset=&#8221;default&#8221; global_colors_info=&#8221;{}&#8221;][et_pb_text _builder_version=&#8221;4.27.4&#8243; _module_preset=&#8221;_initial&#8221; text_font=&#8221;Montserrat||||||||&#8221; header_5_font=&#8221;Poppins||||||||&#8221; global_colors_info=&#8221;{}&#8221;]<\/p>\n<h5><strong>Europa Central<\/strong><\/h5>\n<p>\ud83c\udde9\ud83c\uddea <strong>Alemania<\/strong> \u2013 Un centro clave de Flyto que conecta el norte y el sur de Europa con operaciones fluidas.<br \/>\ud83c\uddf3\ud83c\uddf1 <strong>Pa\u00edses Bajos<\/strong> \u2013 Servicios de mudanza r\u00e1pidos y bien organizados en uno de los centros de transporte m\u00e1s activos de Europa.<br \/>\ud83c\udde7\ud83c\uddea <strong>B\u00e9lgica<\/strong> \u2013 Experiencia local para familias, profesionales y diplom\u00e1ticos que se trasladan a trav\u00e9s de fronteras.<br \/>\ud83c\uddf1\ud83c\uddfa <strong>Luxemburgo<\/strong> \u2013 Servicios personalizados para expatriados y mudanzas corporativas en el coraz\u00f3n financiero de Europa.<br \/>\ud83c\udde8\ud83c\udded <strong>Suiza<\/strong> \u2013 Mudanzas premium con especial atenci\u00f3n a los tr\u00e1mites aduaneros y normativas transfronterizas.<br \/>\ud83c\udde6\ud83c\uddf9 <strong>Austria<\/strong> \u2013 Apoyo en mudanzas en los Alpes y m\u00e1s all\u00e1, gestionado con la precisi\u00f3n de confianza de Flyto.<\/p>\n<p>[\/et_pb_text][\/et_pb_column][et_pb_column type=&#8221;1_4&#8243; _builder_version=&#8221;4.27.4&#8243; _module_preset=&#8221;default&#8221; global_colors_info=&#8221;{}&#8221;][et_pb_text _builder_version=&#8221;4.27.4&#8243; _module_preset=&#8221;_initial&#8221; text_font=&#8221;Montserrat||||||||&#8221; header_5_font=&#8221;Poppins||||||||&#8221; global_colors_info=&#8221;{}&#8221;]<\/p>\n<h5><strong>Europa del Sur<\/strong><\/h5>\n<p>\ud83c\uddeb\ud83c\uddf7 <strong>Francia<\/strong> \u2013 Experiencias de mudanza fluidas en las principales ciudades de Francia y en su encantador entorno rural.<br \/>\ud83c\uddee\ud83c\uddf9 <strong>Italia<\/strong> \u2013 Servicios de mudanza personalizados, dise\u00f1ados para el confort y las transiciones de estilo de vida.<br \/>\ud83c\uddea\ud83c\uddf8 <strong>Espa\u00f1a<\/strong> \u2013 La opci\u00f3n de confianza para familias y profesionales que se trasladan al soleado Mediterr\u00e1neo.<br \/>\ud83c\uddf5\ud83c\uddf9 <strong>Portugal<\/strong> \u2013 Un destino acogedor respaldado por la coordinaci\u00f3n de mudanzas fiable de Flyto.<\/p>\n<p>[\/et_pb_text][et_pb_text _builder_version=&#8221;4.27.4&#8243; _module_preset=&#8221;_initial&#8221; text_font=&#8221;Montserrat||||||||&#8221; header_5_font=&#8221;Poppins||||||||&#8221; global_colors_info=&#8221;{}&#8221;]<\/p>\n<h5><strong>Islas Brit\u00e1nicas<\/strong><\/h5>\n<p>\ud83c\uddec\ud83c\udde7 <strong>Reino Unido<\/strong> \u2013 Soporte experto para mudanzas internacionales hacia y desde el Reino Unido en la era posterior al Brexit.<br \/>\ud83c\uddee\ud83c\uddea <strong>Irlanda<\/strong> \u2013 Asistencia profesional en reubicaci\u00f3n tanto para clientes individuales como corporativos.<\/p>\n<p>[\/et_pb_text][\/et_pb_column][et_pb_column type=&#8221;1_4&#8243; _builder_version=&#8221;4.22.0&#8243; _module_preset=&#8221;default&#8221; global_colors_info=&#8221;{}&#8221;][et_pb_code _builder_version=&#8221;4.27.4&#8243; _module_preset=&#8221;default&#8221; global_colors_info=&#8221;{}&#8221;][\/et_pb_code][et_pb_text _builder_version=&#8221;4.27.4&#8243; _module_preset=&#8221;_initial&#8221; text_font=&#8221;Montserrat||||||||&#8221; header_5_font=&#8221;Poppins||||||||&#8221; custom_margin=&#8221;-34px|||||&#8221; global_colors_info=&#8221;{}&#8221;]<\/p>\n<h5><strong>Europa del Este<\/strong><\/h5>\n<p>\ud83c\uddea\ud83c\uddea <strong>Estonia<\/strong> \u2013 Un mercado del norte en r\u00e1pido crecimiento respaldado por la red de mudanzas fiable de Flyto.<br \/>\ud83c\uddf5\ud83c\uddf1 <strong>Polonia<\/strong> \u2013 Una log\u00edstica s\u00f3lida y alianzas locales hacen que mudarse hacia y desde el pa\u00eds sea sencillo.<br \/>\ud83c\udde8\ud83c\uddff <strong>Rep\u00fablica Checa<\/strong> \u2013 Servicios de mudanza integrales tanto para clientes corporativos como privados.<\/p>\n<p>[\/et_pb_text][\/et_pb_column][\/et_pb_row][\/et_pb_section][et_pb_section fb_built=&#8221;1&#8243; admin_label=&#8221;Services&#8221; _builder_version=&#8221;4.27.4&#8243; _module_preset=&#8221;default&#8221; background_enable_color=&#8221;off&#8221; collapsed=&#8221;on&#8221; global_colors_info=&#8221;{}&#8221;][et_pb_row column_structure=&#8221;1_2,1_2&#8243; _builder_version=&#8221;4.27.4&#8243; _module_preset=&#8221;default&#8221; global_colors_info=&#8221;{}&#8221;][et_pb_column type=&#8221;1_2&#8243; _builder_version=&#8221;4.27.4&#8243; _module_preset=&#8221;default&#8221; global_colors_info=&#8221;{}&#8221;][et_pb_text _builder_version=&#8221;4.27.4&#8243; _module_preset=&#8221;_initial&#8221; text_font=&#8221;Montserrat||||||||&#8221; header_2_font=&#8221;Flyto oma||||||||&#8221; header_2_text_color=&#8221;#CD207D&#8221; header_2_font_size=&#8221;28px&#8221; custom_margin=&#8221;30px||||false|false&#8221; global_colors_info=&#8221;{}&#8221;]<\/p>\n<h2>Mu\u00e9vete con confianza por Europa<\/h2>\n<p>[\/et_pb_text][et_pb_text _builder_version=&#8221;4.27.4&#8243; _module_preset=&#8221;_initial&#8221; text_font=&#8221;Montserrat||||||||&#8221; text_line_height=&#8221;1.6em&#8221; width=&#8221;100%&#8221; min_height=&#8221;79.2px&#8221; custom_margin=&#8221;-20px||||false|false&#8221; custom_padding=&#8221;||||false|false&#8221; custom_padding_tablet=&#8221;||||false|false&#8221; custom_padding_phone=&#8221;||||false|false&#8221; custom_padding_last_edited=&#8221;on|phone&#8221; locked=&#8221;off&#8221; global_colors_info=&#8221;{}&#8221;]<\/p>\n<p>Ya sea que se mude su hogar, su familia o su negocio, Flyto es su socio de confianza en 19 pa\u00edses europeos.<br \/>Nuestra red conectada garantiza que cada mudanza, de Helsinki a Lisboa o de Estocolmo a Roma, se gestione con precisi\u00f3n, cuidado y un toque personal.<br \/>Dondequiera que la vida lo lleve, nos aseguramos de que su viaje comience sin contratiempos.<\/p>\n<p>[\/et_pb_text][et_pb_button button_url=&#8221;@ET-DC@eyJkeW5hbWljIjp0cnVlLCJjb250ZW50IjoicG9zdF9saW5rX3VybF9wYWdlIiwic2V0dGluZ3MiOnsicG9zdF9pZCI6IjczMCJ9fQ==@&#8221; button_text=&#8221;Descubra nuestros servicios&#8221; _builder_version=&#8221;4.27.4&#8243; _dynamic_attributes=&#8221;button_url&#8221; _module_preset=&#8221;_initial&#8221; custom_button=&#8221;on&#8221; button_text_size=&#8221;16px&#8221; button_text_color=&#8221;#CD207D&#8221; button_bg_color=&#8221;#FFFFFF&#8221; button_border_color=&#8221;#CD207D&#8221; button_border_radius=&#8221;100px&#8221; button_font=&#8221;Outfit|600|||||||&#8221; button_use_icon=&#8221;off&#8221; custom_margin=&#8221;-10px||||false|false&#8221; custom_padding=&#8221;10px|26px|10px|26px|true|true&#8221; hover_enabled=&#8221;0&#8243; global_colors_info=&#8221;{%22gcid-f1e65d51-fa2f-4bf0-b2c1-8eab7001e8fd%22:%91%22button_text_color%22%93}&#8221; sticky_enabled=&#8221;0&#8243;][\/et_pb_button][\/et_pb_column][et_pb_column type=&#8221;1_2&#8243; _builder_version=&#8221;4.27.4&#8243; _module_preset=&#8221;default&#8221; global_colors_info=&#8221;{}&#8221;][et_pb_image src=&#8221;https:\/\/flyto-wp-uploads.s3.eu-north-1.amazonaws.com\/wp-content\/uploads\/sites\/93\/2025\/10\/03182725\/FLYTO_-_Muutto_-_Kuvaaja_Nuuti_Paananen_8_2_optimized_1000.jpg&#8221; title_text=&#8221;FLYTO_-_Muutto_-_Kuvaaja_Nuuti_Paananen_8_2_optimized_1000&#8243; _builder_version=&#8221;4.27.4&#8243; _module_preset=&#8221;default&#8221; border_radii=&#8221;on|10px|10px|10px|10px&#8221; global_colors_info=&#8221;{}&#8221;][\/et_pb_image][\/et_pb_column][\/et_pb_row][\/et_pb_section]<\/p>\n","protected":false},"excerpt":{"rendered":"<p>Dondequiera que se mude (al norte, al sur, al este o al oeste), Flyto est\u00e1 ah\u00ed para que su mudanza sea fluida, segura y con total gesti\u00f3n.Nuestra red cubre 19 pa\u00edses europeos, con oficinas locales especializadas que garantizan servicios de reubicaci\u00f3n de primera calidad en todo el continente.Europa del Norte \ud83c\uddeb\ud83c\uddee Finlandia \u2013 Nuestra sede [&hellip;]<\/p>\n","protected":false},"author":1,"featured_media":0,"parent":0,"menu_order":0,"comment_status":"closed","ping_status":"closed","template":"","meta":{"_et_pb_use_builder":"on","_et_pb_old_content":"","_et_gb_content_width":"","footnotes":""},"class_list":["post-726","page","type-page","status-publish","hentry"],"yoast_head":"<!-- This site is optimized with the Yoast SEO plugin v26.3 - https:\/\/yoast.com\/wordpress\/plugins\/seo\/ -->\n<title>Network - Flyto Relocation Espa\u00f1a<\/title>\n<meta name=\"robots\" content=\"index, follow, max-snippet:-1, max-image-preview:large, max-video-preview:-1\" \/>\n<link rel=\"canonical\" href=\"https:\/\/flytorelocation.com\/es-es\/network\/\" \/>\n<meta property=\"og:locale\" content=\"fi_FI\" \/>\n<meta property=\"og:type\" content=\"article\" \/>\n<meta property=\"og:title\" content=\"Network - Flyto Relocation Espa\u00f1a\" \/>\n<meta property=\"og:description\" content=\"Dondequiera que se mude (al norte, al sur, al este o al oeste), Flyto est\u00e1 ah\u00ed para que su mudanza sea fluida, segura y con total gesti\u00f3n.Nuestra red cubre 19 pa\u00edses europeos, con oficinas locales especializadas que garantizan servicios de reubicaci\u00f3n de primera calidad en todo el continente.Europa del Norte \ud83c\uddeb\ud83c\uddee Finlandia \u2013 Nuestra sede [&hellip;]\" \/>\n<meta property=\"og:url\" content=\"https:\/\/flytorelocation.com\/es-es\/network\/\" \/>\n<meta property=\"og:site_name\" content=\"Flyto Relocation Espa\u00f1a\" \/>\n<meta property=\"article:modified_time\" content=\"2026-01-16T21:56:56+00:00\" \/>\n<meta name=\"twitter:card\" content=\"summary_large_image\" \/>\n<meta name=\"twitter:label1\" content=\"Arvioitu lukuaika\" \/>\n\t<meta name=\"twitter:data1\" content=\"6 minuuttia\" \/>\n<script type=\"application\/ld+json\" class=\"yoast-schema-graph\">{\"@context\":\"https:\/\/schema.org\",\"@graph\":[{\"@type\":\"WebPage\",\"@id\":\"https:\/\/flytorelocation.com\/es-es\/network\/\",\"url\":\"https:\/\/flytorelocation.com\/es-es\/network\/\",\"name\":\"Network - Flyto Relocation Espa\u00f1a\",\"isPartOf\":{\"@id\":\"https:\/\/flytorelocation.com\/es-es\/#website\"},\"datePublished\":\"2025-10-17T16:02:33+00:00\",\"dateModified\":\"2026-01-16T21:56:56+00:00\",\"breadcrumb\":{\"@id\":\"https:\/\/flytorelocation.com\/es-es\/network\/#breadcrumb\"},\"inLanguage\":\"fi\",\"potentialAction\":[{\"@type\":\"ReadAction\",\"target\":[\"https:\/\/flytorelocation.com\/es-es\/network\/\"]}]},{\"@type\":\"BreadcrumbList\",\"@id\":\"https:\/\/flytorelocation.com\/es-es\/network\/#breadcrumb\",\"itemListElement\":[{\"@type\":\"ListItem\",\"position\":1,\"name\":\"Etusivu\",\"item\":\"https:\/\/flytorelocation.com\/es-es\/\"},{\"@type\":\"ListItem\",\"position\":2,\"name\":\"Network\"}]},{\"@type\":\"WebSite\",\"@id\":\"https:\/\/flytorelocation.com\/es-es\/#website\",\"url\":\"https:\/\/flytorelocation.com\/es-es\/\",\"name\":\"Flyto Relocation Espa\u00f1a\",\"description\":\"\",\"publisher\":{\"@id\":\"https:\/\/flytorelocation.com\/es-es\/#organization\"},\"potentialAction\":[{\"@type\":\"SearchAction\",\"target\":{\"@type\":\"EntryPoint\",\"urlTemplate\":\"https:\/\/flytorelocation.com\/es-es\/?s={search_term_string}\"},\"query-input\":{\"@type\":\"PropertyValueSpecification\",\"valueRequired\":true,\"valueName\":\"search_term_string\"}}],\"inLanguage\":\"fi\"},{\"@type\":\"Organization\",\"@id\":\"https:\/\/flytorelocation.com\/es-es\/#organization\",\"name\":\"Flyto Relocation Espa\u00f1a\",\"url\":\"https:\/\/flytorelocation.com\/es-es\/\",\"logo\":{\"@type\":\"ImageObject\",\"inLanguage\":\"fi\",\"@id\":\"https:\/\/flytorelocation.com\/es-es\/#\/schema\/logo\/image\/\",\"url\":\"https:\/\/flyto-wp-uploads.s3.eu-north-1.amazonaws.com\/wp-content\/uploads\/sites\/93\/2025\/10\/13130143\/Flyto-col.png\",\"contentUrl\":\"https:\/\/flyto-wp-uploads.s3.eu-north-1.amazonaws.com\/wp-content\/uploads\/sites\/93\/2025\/10\/13130143\/Flyto-col.png\",\"width\":618,\"height\":337,\"caption\":\"Flyto Relocation Espa\u00f1a\"},\"image\":{\"@id\":\"https:\/\/flytorelocation.com\/es-es\/#\/schema\/logo\/image\/\"}}]}<\/script>\n<!-- \/ Yoast SEO plugin. -->","yoast_head_json":{"title":"Network - Flyto Relocation Espa\u00f1a","robots":{"index":"index","follow":"follow","max-snippet":"max-snippet:-1","max-image-preview":"max-image-preview:large","max-video-preview":"max-video-preview:-1"},"canonical":"https:\/\/flytorelocation.com\/es-es\/network\/","og_locale":"fi_FI","og_type":"article","og_title":"Network - Flyto Relocation Espa\u00f1a","og_description":"Dondequiera que se mude (al norte, al sur, al este o al oeste), Flyto est\u00e1 ah\u00ed para que su mudanza sea fluida, segura y con total gesti\u00f3n.Nuestra red cubre 19 pa\u00edses europeos, con oficinas locales especializadas que garantizan servicios de reubicaci\u00f3n de primera calidad en todo el continente.Europa del Norte \ud83c\uddeb\ud83c\uddee Finlandia \u2013 Nuestra sede [&hellip;]","og_url":"https:\/\/flytorelocation.com\/es-es\/network\/","og_site_name":"Flyto Relocation Espa\u00f1a","article_modified_time":"2026-01-16T21:56:56+00:00","twitter_card":"summary_large_image","twitter_misc":{"Arvioitu lukuaika":"6 minuuttia"},"schema":{"@context":"https:\/\/schema.org","@graph":[{"@type":"WebPage","@id":"https:\/\/flytorelocation.com\/es-es\/network\/","url":"https:\/\/flytorelocation.com\/es-es\/network\/","name":"Network - Flyto Relocation Espa\u00f1a","isPartOf":{"@id":"https:\/\/flytorelocation.com\/es-es\/#website"},"datePublished":"2025-10-17T16:02:33+00:00","dateModified":"2026-01-16T21:56:56+00:00","breadcrumb":{"@id":"https:\/\/flytorelocation.com\/es-es\/network\/#breadcrumb"},"inLanguage":"fi","potentialAction":[{"@type":"ReadAction","target":["https:\/\/flytorelocation.com\/es-es\/network\/"]}]},{"@type":"BreadcrumbList","@id":"https:\/\/flytorelocation.com\/es-es\/network\/#breadcrumb","itemListElement":[{"@type":"ListItem","position":1,"name":"Etusivu","item":"https:\/\/flytorelocation.com\/es-es\/"},{"@type":"ListItem","position":2,"name":"Network"}]},{"@type":"WebSite","@id":"https:\/\/flytorelocation.com\/es-es\/#website","url":"https:\/\/flytorelocation.com\/es-es\/","name":"Flyto Relocation Espa\u00f1a","description":"","publisher":{"@id":"https:\/\/flytorelocation.com\/es-es\/#organization"},"potentialAction":[{"@type":"SearchAction","target":{"@type":"EntryPoint","urlTemplate":"https:\/\/flytorelocation.com\/es-es\/?s={search_term_string}"},"query-input":{"@type":"PropertyValueSpecification","valueRequired":true,"valueName":"search_term_string"}}],"inLanguage":"fi"},{"@type":"Organization","@id":"https:\/\/flytorelocation.com\/es-es\/#organization","name":"Flyto Relocation Espa\u00f1a","url":"https:\/\/flytorelocation.com\/es-es\/","logo":{"@type":"ImageObject","inLanguage":"fi","@id":"https:\/\/flytorelocation.com\/es-es\/#\/schema\/logo\/image\/","url":"https:\/\/flyto-wp-uploads.s3.eu-north-1.amazonaws.com\/wp-content\/uploads\/sites\/93\/2025\/10\/13130143\/Flyto-col.png","contentUrl":"https:\/\/flyto-wp-uploads.s3.eu-north-1.amazonaws.com\/wp-content\/uploads\/sites\/93\/2025\/10\/13130143\/Flyto-col.png","width":618,"height":337,"caption":"Flyto Relocation Espa\u00f1a"},"image":{"@id":"https:\/\/flytorelocation.com\/es-es\/#\/schema\/logo\/image\/"}}]}},"acf":[],"_links":{"self":[{"href":"https:\/\/flytorelocation.com\/es-es\/wp-json\/wp\/v2\/pages\/726","targetHints":{"allow":["GET"]}}],"collection":[{"href":"https:\/\/flytorelocation.com\/es-es\/wp-json\/wp\/v2\/pages"}],"about":[{"href":"https:\/\/flytorelocation.com\/es-es\/wp-json\/wp\/v2\/types\/page"}],"author":[{"embeddable":true,"href":"https:\/\/flytorelocation.com\/es-es\/wp-json\/wp\/v2\/users\/1"}],"replies":[{"embeddable":true,"href":"https:\/\/flytorelocation.com\/es-es\/wp-json\/wp\/v2\/comments?post=726"}],"version-history":[{"count":2,"href":"https:\/\/flytorelocation.com\/es-es\/wp-json\/wp\/v2\/pages\/726\/revisions"}],"predecessor-version":[{"id":1349,"href":"https:\/\/flytorelocation.com\/es-es\/wp-json\/wp\/v2\/pages\/726\/revisions\/1349"}],"wp:attachment":[{"href":"https:\/\/flytorelocation.com\/es-es\/wp-json\/wp\/v2\/media?parent=726"}],"curies":[{"name":"wp","href":"https:\/\/api.w.org\/{rel}","templated":true}]}}