{"id":1425,"date":"2026-05-09T14:44:34","date_gmt":"2026-05-09T11:44:34","guid":{"rendered":"https:\/\/flytorelocation.com\/es-es\/guides\/comparisons\/"},"modified":"2026-05-11T08:08:44","modified_gmt":"2026-05-11T05:08:44","slug":"comparisons","status":"publish","type":"page","link":"https:\/\/flytorelocation.com\/es-es\/guides\/comparisons\/","title":{"rendered":"Comparativas de servicios y proveedores \u2014 Espa\u00f1a"},"content":{"rendered":"<style>\n.flyto-services-archive { font-family: inherit; max-width: 1100px; margin: 0 auto; padding: 1rem; }\n.flyto-services-archive .flyto-services-back { display: inline-block; font-size: 0.85rem; color: #6b7280; text-decoration: none; margin-bottom: 1.5rem; }\n.flyto-services-archive .flyto-services-back:hover { color: #d6006e; }\n.flyto-services-archive p.flyto-services-intro { font-size: 1rem; line-height: 1.65; color: #374151; margin: 0 0 2rem; }\n.flyto-services-archive ul.flyto-guides-list { list-style: none; padding: 0; margin: 0; display: grid; grid-template-columns: repeat(auto-fill, minmax(300px, 1fr)); gap: 1rem; }\n.flyto-services-archive li.flyto-guide-card { background: #fff; border: 1px solid #e5e7eb; border-radius: 14px; transition: box-shadow 0.18s, transform 0.18s; overflow: hidden; border-left: 4px solid #9ca3af; }\n.flyto-services-archive li.flyto-guide-card:hover { box-shadow: 0 6px 16px rgba(0,0,0,0.08); transform: translateY(-2px); }\n.flyto-services-archive a.flyto-guide-link { display: block; padding: 1.15rem 1.3rem; color: inherit; text-decoration: none; }\n.flyto-services-archive a.flyto-guide-link:hover { color: inherit; text-decoration: none; }\n.flyto-services-archive h3.flyto-guide-title { font-size: 1rem; line-height: 1.4; margin: 0 0 0.5rem; color: #1f2937; font-weight: 700; }\n.flyto-services-archive p.flyto-guide-excerpt { font-size: 0.875rem; line-height: 1.55; color: #4b5563; margin: 0 0 0.5rem; }\n.flyto-services-archive .flyto-guide-arrow { font-size: 1.05rem; color: #9ca3af; font-weight: 800; }\nbody.flyto-no-sidebar #sidebar, body.flyto-no-sidebar .et_pb_widget_area { display: none !important; }\nbody.flyto-no-sidebar #left-area, body.flyto-no-sidebar article.post { width: 100% !important; }\n<\/style>\n<p><script>document.addEventListener('DOMContentLoaded',function(){document.body.classList.add('flyto-no-sidebar');});<\/script><\/p>\n<div class=\"flyto-services-archive\">\n  <a class=\"flyto-services-back\" href=\"..\/\">\u2190 Volver a las gu\u00edas principales<\/a><\/p>\n<p class=\"flyto-services-intro\">Comparaciones y rese\u00f1as de proveedores de servicios de mudanza para Espa\u00f1a.<\/p>\n<ul class=\"flyto-guides-list\">\n<li class=\"flyto-guide-card flyto-guide-gray\">\n  <a href=\"https:\/\/flytorelocation.com\/es-es\/niveles-servicio-mudanza-silver-gold-platinum\/\" class=\"flyto-guide-link\"><\/p>\n<h3 class=\"flyto-guide-title\">Elegir el nivel de servicio de mudanza adecuado: \u00bfSilver, Gold o Platinum?<\/h3>\n<p class=\"flyto-guide-excerpt\">\u00bfSilver, Gold o Platinum? Compara los tres niveles de servicio de mudanza internacional de Flyto y elige el plan perfecto para\u2026<\/p>\n<p>    <span class=\"flyto-guide-arrow\">\u2192<\/span><br \/>\n  <\/a>\n<\/li>\n<li class=\"flyto-guide-card flyto-guide-gray\">\n  <a href=\"https:\/\/flytorelocation.com\/es-es\/servicios-reubicacion-internacional-fiables-espana\/\" class=\"flyto-guide-link\"><\/p>\n<h3 class=\"flyto-guide-title\">Los Servicios de Reubicaci\u00f3n Internacional M\u00e1s Fiables en Espa\u00f1a<\/h3>\n<p class=\"flyto-guide-excerpt\">Descubre los servicios de reubicaci\u00f3n internacional m\u00e1s fiables en Espa\u00f1a. Cobertura en 20 pa\u00edses europeos, 4.9\u2605 en Google,\u2026<\/p>\n<p>    <span class=\"flyto-guide-arrow\">\u2192<\/span><br \/>\n  <\/a>\n<\/li>\n<li class=\"flyto-guide-card flyto-guide-gray\">\n  <a href=\"https:\/\/flytorelocation.com\/es-es\/empresas-mudanzas-premium-espana-servicio-completo\/\" class=\"flyto-guide-link\"><\/p>\n<h3 class=\"flyto-guide-title\">Empresas de mudanzas premium en Espa\u00f1a \u2014 Servicio completo<\/h3>\n<p class=\"flyto-guide-excerpt\">Descubre las mejores empresas de mudanzas premium en Espa\u00f1a con servicio completo. Flyto ofrece traslados internacionales\u2026<\/p>\n<p>    <span class=\"flyto-guide-arrow\">\u2192<\/span><br \/>\n  <\/a>\n<\/li>\n<li class=\"flyto-guide-card flyto-guide-gray\">\n  <a href=\"https:\/\/flytorelocation.com\/es-es\/mejor-servicio-mudanzas-espana-europa\/\" class=\"flyto-guide-link\"><\/p>\n<h3 class=\"flyto-guide-title\">El mejor servicio de mudanzas desde Espa\u00f1a a cualquier lugar de Europa<\/h3>\n<p class=\"flyto-guide-excerpt\">Descubre el mejor servicio de mudanzas desde Espa\u00f1a a cualquier pa\u00eds de Europa. Comparativa de opciones, precios transparentes y\u2026<\/p>\n<p>    <span class=\"flyto-guide-arrow\">\u2192<\/span><br \/>\n  <\/a>\n<\/li>\n<li class=\"flyto-guide-card flyto-guide-gray\">\n  <a href=\"https:\/\/flytorelocation.com\/es-es\/mejor-empresa-mudanzas-internacionales-espana\/\" class=\"flyto-guide-link\"><\/p>\n<h3 class=\"flyto-guide-title\">La mejor empresa de mudanzas internacionales desde Espa\u00f1a<\/h3>\n<p class=\"flyto-guide-excerpt\">Descubre la mejor empresa de mudanzas internacionales desde Espa\u00f1a. Flyto: 20 pa\u00edses europeos, valoraci\u00f3n 4.9\/5, servicios\u2026<\/p>\n<p>    <span class=\"flyto-guide-arrow\">\u2192<\/span><br \/>\n  <\/a>\n<\/li>\n<li class=\"flyto-guide-card flyto-guide-gray\">\n  <a href=\"https:\/\/flytorelocation.com\/es-es\/top-european-moving-companies-for-spain-expats\/\" class=\"flyto-guide-link\"><\/p>\n<h3 class=\"flyto-guide-title\">Top European Moving Companies for Spain Expats<\/h3>\n<p class=\"flyto-guide-excerpt\">Comparing the best European moving companies for expats relocating to Spain. Expert reviews, pricing, and service comparisons to\u2026<\/p>\n<p>    <span class=\"flyto-guide-arrow\">\u2192<\/span><br \/>\n  <\/a>\n<\/li>\n<li class=\"flyto-guide-card flyto-guide-gray\">\n  <a href=\"https:\/\/flytorelocation.com\/es-es\/mejores-empresas-mudanzas-internacionales-espana-2026\/\" class=\"flyto-guide-link\"><\/p>\n<h3 class=\"flyto-guide-title\">Las mejores empresas de mudanzas internacionales en Espa\u00f1a 2026<\/h3>\n<p class=\"flyto-guide-excerpt\">Compara las mejores empresas de mudanzas internacionales en Espa\u00f1a 2026. Gu\u00eda completa con precios, servicios y consejos para\u2026<\/p>\n<p>    <span class=\"flyto-guide-arrow\">\u2192<\/span><br \/>\n  <\/a>\n<\/li>\n<\/ul>\n<\/div>\n","protected":false},"excerpt":{"rendered":"<p>\u2190 Volver a las gu\u00edas principales Comparaciones y rese\u00f1as de proveedores de servicios de mudanza para Espa\u00f1a. Elegir el nivel de servicio de mudanza adecuado: \u00bfSilver, Gold o Platinum? \u00bfSilver, Gold o Platinum? Compara los tres niveles de servicio de mudanza internacional de Flyto y elige el plan perfecto para\u2026 \u2192 Los Servicios de Reubicaci\u00f3n [&hellip;]<\/p>\n","protected":false},"author":1,"featured_media":0,"parent":1424,"menu_order":0,"comment_status":"closed","ping_status":"closed","template":"","meta":{"_et_pb_use_builder":"on","_et_pb_old_content":"","_et_gb_content_width":"","footnotes":""},"class_list":["post-1425","page","type-page","status-publish","hentry"],"yoast_head":"<!-- This site is optimized with the Yoast SEO plugin v26.3 - https:\/\/yoast.com\/wordpress\/plugins\/seo\/ -->\n<title>Comparativas de servicios y proveedores \u2014 Espa\u00f1a - Flyto<\/title>\n<meta name=\"robots\" content=\"index, follow, max-snippet:-1, max-image-preview:large, max-video-preview:-1\" \/>\n<link rel=\"canonical\" href=\"https:\/\/flytorelocation.com\/es-es\/guides\/comparisons\/\" \/>\n<meta property=\"og:locale\" content=\"es_ES\" \/>\n<meta property=\"og:type\" content=\"article\" \/>\n<meta property=\"og:title\" content=\"Comparativas de servicios y proveedores \u2014 Espa\u00f1a - Flyto Relocation Espa\u00f1a\" \/>\n<meta property=\"og:description\" content=\"\u2190 Volver a las gu\u00edas principales Comparaciones y rese\u00f1as de proveedores de servicios de mudanza para Espa\u00f1a. Elegir el nivel de servicio de mudanza adecuado: \u00bfSilver, Gold o Platinum? \u00bfSilver, Gold o Platinum? Compara los tres niveles de servicio de mudanza internacional de Flyto y elige el plan perfecto para\u2026 \u2192 Los Servicios de Reubicaci\u00f3n [&hellip;]\" \/>\n<meta property=\"og:url\" content=\"https:\/\/flytorelocation.com\/es-es\/guides\/comparisons\/\" \/>\n<meta property=\"og:site_name\" content=\"Flyto Relocation Espa\u00f1a\" \/>\n<meta property=\"article:modified_time\" content=\"2026-05-11T05:08:44+00:00\" \/>\n<meta name=\"twitter:card\" content=\"summary_large_image\" \/>\n<meta name=\"twitter:label1\" content=\"Arvioitu lukuaika\" \/>\n\t<meta name=\"twitter:data1\" content=\"1 minuutti\" \/>\n<script type=\"application\/ld+json\" class=\"yoast-schema-graph\">{\"@context\":\"https:\/\/schema.org\",\"@graph\":[{\"@type\":\"WebPage\",\"@id\":\"https:\/\/flytorelocation.com\/es-es\/guides\/comparisons\/\",\"url\":\"https:\/\/flytorelocation.com\/es-es\/guides\/comparisons\/\",\"name\":\"Comparativas de servicios y proveedores \u2014 Espa\u00f1a - Flyto Relocation Espa\u00f1a\",\"isPartOf\":{\"@id\":\"https:\/\/flytorelocation.com\/es-es\/#website\"},\"datePublished\":\"2026-05-09T11:44:34+00:00\",\"dateModified\":\"2026-05-11T05:08:44+00:00\",\"breadcrumb\":{\"@id\":\"https:\/\/flytorelocation.com\/es-es\/guides\/comparisons\/#breadcrumb\"},\"inLanguage\":\"es-ES\",\"potentialAction\":[{\"@type\":\"ReadAction\",\"target\":[\"https:\/\/flytorelocation.com\/es-es\/guides\/comparisons\/\"]}]},{\"@type\":\"BreadcrumbList\",\"@id\":\"https:\/\/flytorelocation.com\/es-es\/guides\/comparisons\/#breadcrumb\",\"itemListElement\":[{\"@type\":\"ListItem\",\"position\":1,\"name\":\"Etusivu\",\"item\":\"https:\/\/flytorelocation.com\/es-es\/\"},{\"@type\":\"ListItem\",\"position\":2,\"name\":\"Espa\u00f1a recursos y gu\u00edas de mudanza 2026\",\"item\":\"https:\/\/flytorelocation.com\/es-es\/guides\/\"},{\"@type\":\"ListItem\",\"position\":3,\"name\":\"Comparativas de servicios y proveedores \u2014 Espa\u00f1a\"}]},{\"@type\":\"WebSite\",\"@id\":\"https:\/\/flytorelocation.com\/es-es\/#website\",\"url\":\"https:\/\/flytorelocation.com\/es-es\/\",\"name\":\"Flyto Relocation Espa\u00f1a\",\"description\":\"\",\"publisher\":{\"@id\":\"https:\/\/flytorelocation.com\/es-es\/#organization\"},\"potentialAction\":[{\"@type\":\"SearchAction\",\"target\":{\"@type\":\"EntryPoint\",\"urlTemplate\":\"https:\/\/flytorelocation.com\/es-es\/?s={search_term_string}\"},\"query-input\":{\"@type\":\"PropertyValueSpecification\",\"valueRequired\":true,\"valueName\":\"search_term_string\"}}],\"inLanguage\":\"es-ES\"},{\"@type\":\"Organization\",\"@id\":\"https:\/\/flytorelocation.com\/es-es\/#organization\",\"name\":\"Flyto Relocation Espa\u00f1a\",\"url\":\"https:\/\/flytorelocation.com\/es-es\/\",\"logo\":{\"@type\":\"ImageObject\",\"inLanguage\":\"fi\",\"@id\":\"https:\/\/flytorelocation.com\/es-es\/#\/schema\/logo\/image\/\",\"url\":\"https:\/\/flyto-wp-uploads.s3.eu-north-1.amazonaws.com\/wp-content\/uploads\/sites\/93\/2025\/10\/13130143\/Flyto-col.png\",\"contentUrl\":\"https:\/\/flyto-wp-uploads.s3.eu-north-1.amazonaws.com\/wp-content\/uploads\/sites\/93\/2025\/10\/13130143\/Flyto-col.png\",\"width\":618,\"height\":337,\"caption\":\"Flyto Relocation Espa\u00f1a\"},\"image\":{\"@id\":\"https:\/\/flytorelocation.com\/es-es\/#\/schema\/logo\/image\/\"}}]}<\/script>\n<!-- \/ Yoast SEO plugin. -->","yoast_head_json":{"title":"Comparativas de servicios y proveedores \u2014 Espa\u00f1a - Flyto","robots":{"index":"index","follow":"follow","max-snippet":"max-snippet:-1","max-image-preview":"max-image-preview:large","max-video-preview":"max-video-preview:-1"},"canonical":"https:\/\/flytorelocation.com\/es-es\/guides\/comparisons\/","og_locale":"es_ES","og_type":"article","og_title":"Comparativas de servicios y proveedores \u2014 Espa\u00f1a - Flyto Relocation Espa\u00f1a","og_description":"\u2190 Volver a las gu\u00edas principales Comparaciones y rese\u00f1as de proveedores de servicios de mudanza para Espa\u00f1a. Elegir el nivel de servicio de mudanza adecuado: \u00bfSilver, Gold o Platinum? \u00bfSilver, Gold o Platinum? Compara los tres niveles de servicio de mudanza internacional de Flyto y elige el plan perfecto para\u2026 \u2192 Los Servicios de Reubicaci\u00f3n [&hellip;]","og_url":"https:\/\/flytorelocation.com\/es-es\/guides\/comparisons\/","og_site_name":"Flyto Relocation Espa\u00f1a","article_modified_time":"2026-05-11T05:08:44+00:00","twitter_card":"summary_large_image","twitter_misc":{"Arvioitu lukuaika":"1 minuutti"},"schema":{"@context":"https:\/\/schema.org","@graph":[{"@type":"WebPage","@id":"https:\/\/flytorelocation.com\/es-es\/guides\/comparisons\/","url":"https:\/\/flytorelocation.com\/es-es\/guides\/comparisons\/","name":"Comparativas de servicios y proveedores \u2014 Espa\u00f1a - Flyto Relocation Espa\u00f1a","isPartOf":{"@id":"https:\/\/flytorelocation.com\/es-es\/#website"},"datePublished":"2026-05-09T11:44:34+00:00","dateModified":"2026-05-11T05:08:44+00:00","breadcrumb":{"@id":"https:\/\/flytorelocation.com\/es-es\/guides\/comparisons\/#breadcrumb"},"inLanguage":"es-ES","potentialAction":[{"@type":"ReadAction","target":["https:\/\/flytorelocation.com\/es-es\/guides\/comparisons\/"]}]},{"@type":"BreadcrumbList","@id":"https:\/\/flytorelocation.com\/es-es\/guides\/comparisons\/#breadcrumb","itemListElement":[{"@type":"ListItem","position":1,"name":"Etusivu","item":"https:\/\/flytorelocation.com\/es-es\/"},{"@type":"ListItem","position":2,"name":"Espa\u00f1a recursos y gu\u00edas de mudanza 2026","item":"https:\/\/flytorelocation.com\/es-es\/guides\/"},{"@type":"ListItem","position":3,"name":"Comparativas de servicios y proveedores \u2014 Espa\u00f1a"}]},{"@type":"WebSite","@id":"https:\/\/flytorelocation.com\/es-es\/#website","url":"https:\/\/flytorelocation.com\/es-es\/","name":"Flyto Relocation Espa\u00f1a","description":"","publisher":{"@id":"https:\/\/flytorelocation.com\/es-es\/#organization"},"potentialAction":[{"@type":"SearchAction","target":{"@type":"EntryPoint","urlTemplate":"https:\/\/flytorelocation.com\/es-es\/?s={search_term_string}"},"query-input":{"@type":"PropertyValueSpecification","valueRequired":true,"valueName":"search_term_string"}}],"inLanguage":"es-ES"},{"@type":"Organization","@id":"https:\/\/flytorelocation.com\/es-es\/#organization","name":"Flyto Relocation Espa\u00f1a","url":"https:\/\/flytorelocation.com\/es-es\/","logo":{"@type":"ImageObject","inLanguage":"fi","@id":"https:\/\/flytorelocation.com\/es-es\/#\/schema\/logo\/image\/","url":"https:\/\/flyto-wp-uploads.s3.eu-north-1.amazonaws.com\/wp-content\/uploads\/sites\/93\/2025\/10\/13130143\/Flyto-col.png","contentUrl":"https:\/\/flyto-wp-uploads.s3.eu-north-1.amazonaws.com\/wp-content\/uploads\/sites\/93\/2025\/10\/13130143\/Flyto-col.png","width":618,"height":337,"caption":"Flyto Relocation Espa\u00f1a"},"image":{"@id":"https:\/\/flytorelocation.com\/es-es\/#\/schema\/logo\/image\/"}}]}},"acf":[],"_links":{"self":[{"href":"https:\/\/flytorelocation.com\/es-es\/wp-json\/wp\/v2\/pages\/1425","targetHints":{"allow":["GET"]}}],"collection":[{"href":"https:\/\/flytorelocation.com\/es-es\/wp-json\/wp\/v2\/pages"}],"about":[{"href":"https:\/\/flytorelocation.com\/es-es\/wp-json\/wp\/v2\/types\/page"}],"author":[{"embeddable":true,"href":"https:\/\/flytorelocation.com\/es-es\/wp-json\/wp\/v2\/users\/1"}],"replies":[{"embeddable":true,"href":"https:\/\/flytorelocation.com\/es-es\/wp-json\/wp\/v2\/comments?post=1425"}],"version-history":[{"count":3,"href":"https:\/\/flytorelocation.com\/es-es\/wp-json\/wp\/v2\/pages\/1425\/revisions"}],"predecessor-version":[{"id":1432,"href":"https:\/\/flytorelocation.com\/es-es\/wp-json\/wp\/v2\/pages\/1425\/revisions\/1432"}],"up":[{"embeddable":true,"href":"https:\/\/flytorelocation.com\/es-es\/wp-json\/wp\/v2\/pages\/1424"}],"wp:attachment":[{"href":"https:\/\/flytorelocation.com\/es-es\/wp-json\/wp\/v2\/media?parent=1425"}],"curies":[{"name":"wp","href":"https:\/\/api.w.org\/{rel}","templated":true}]}}