{"id":9,"date":"2025-10-22T20:37:33","date_gmt":"2025-10-22T17:37:33","guid":{"rendered":"https:\/\/flytorelocation.com\/ee-ee\/fi\/?page_id=9"},"modified":"2026-01-17T00:44:32","modified_gmt":"2026-01-16T22:44:32","slug":"relocation-services","status":"publish","type":"page","link":"https:\/\/flytorelocation.com\/ee-ee\/relocation-services\/","title":{"rendered":"Relocation services"},"content":{"rendered":"<p>[et_pb_section fb_built=&#8221;1&#8243; custom_padding_last_edited=&#8221;on|tablet&#8221; admin_label=&#8221;About&#8221; _builder_version=&#8221;4.27.4&#8243; _module_preset=&#8221;default&#8221; custom_padding=&#8221;||0px|||&#8221; custom_padding_tablet=&#8221;0px||0px||true|false&#8221; custom_padding_phone=&#8221;0px||0px||true|false&#8221; collapsed=&#8221;on&#8221; global_colors_info=&#8221;{}&#8221;][et_pb_row _builder_version=&#8221;4.27.4&#8243; _module_preset=&#8221;default&#8221; locked=&#8221;off&#8221; global_colors_info=&#8221;{}&#8221; custom_padding=&#8221;6px|||||&#8221;][et_pb_column type=&#8221;4_4&#8243; _builder_version=&#8221;4.22.0&#8243; _module_preset=&#8221;default&#8221; global_colors_info=&#8221;{}&#8221;][et_pb_heading title=&#8221;\u00fcmberpaigutamise teenused&#8221; _builder_version=&#8221;4.27.4&#8243; _module_preset=&#8221;_initial&#8221; title_level=&#8221;h2&#8243; title_font=&#8221;Flyto oma||||||||&#8221; title_text_color=&#8221;#CD207D&#8221; title_font_size=&#8221;49px&#8221; min_height=&#8221;68.2px&#8221; custom_margin=&#8221;||||false|false&#8221; custom_margin_tablet=&#8221;0px||0px||true|false&#8221; custom_margin_phone=&#8221;0px||||false|false&#8221; custom_margin_last_edited=&#8221;on|phone&#8221; custom_padding=&#8221;||||false|false&#8221; custom_padding_tablet=&#8221;||||false|false&#8221; custom_padding_phone=&#8221;0px||||false|false&#8221; custom_padding_last_edited=&#8221;on|phone&#8221; title_font_size_tablet=&#8221;49px&#8221; title_font_size_phone=&#8221;36px&#8221; title_font_size_last_edited=&#8221;on|phone&#8221; locked=&#8221;off&#8221; global_colors_info=&#8221;{}&#8221;][\/et_pb_heading][\/et_pb_column][\/et_pb_row][\/et_pb_section][et_pb_section fb_built=&#8221;1&#8243; custom_padding_last_edited=&#8221;on|phone&#8221; admin_label=&#8221;Services&#8221; _builder_version=&#8221;4.27.4&#8243; _module_preset=&#8221;default&#8221; custom_padding=&#8221;0px||||false|false&#8221; custom_padding_tablet=&#8221;0px||0px||true|false&#8221; custom_padding_phone=&#8221;0px||0px||false|false&#8221; collapsed=&#8221;on&#8221; global_colors_info=&#8221;{}&#8221;][et_pb_row column_structure=&#8221;1_4,1_4,1_2&#8243; _builder_version=&#8221;4.27.4&#8243; _module_preset=&#8221;default&#8221; global_colors_info=&#8221;{}&#8221;][et_pb_column type=&#8221;1_4&#8243; _builder_version=&#8221;4.27.4&#8243; _module_preset=&#8221;default&#8221; global_colors_info=&#8221;{}&#8221;][et_pb_text _builder_version=&#8221;4.27.4&#8243; _module_preset=&#8221;_initial&#8221; text_font=&#8221;Montserrat||||||||&#8221; text_text_color=&#8221;#000000&#8243; header_2_font=&#8221;Flyto oma|600|||||||&#8221; header_2_text_align=&#8221;left&#8221; header_2_text_color=&#8221;#000000&#8243; header_2_font_size=&#8221;22px&#8221; header_2_line_height=&#8221;1.2em&#8221; header_3_font_size=&#8221;30px&#8221; custom_margin_tablet=&#8221;&#8221; custom_margin_phone=&#8221;-30px||||false|false&#8221; custom_margin_last_edited=&#8221;on|phone&#8221; locked=&#8221;off&#8221; global_colors_info=&#8221;{}&#8221;]<\/p>\n<h2>P\u00f5hjalikud \u00fcmberasumisteenused sujuva alguse tagamiseks<\/h2>\n<p>[\/et_pb_text][et_pb_button button_text=&#8221;Vestle eksperdiga&#8221; _builder_version=&#8221;4.27.4&#8243; _module_preset=&#8221;_initial&#8221; custom_button=&#8221;on&#8221; button_text_size=&#8221;16px&#8221; button_text_color=&#8221;#CD207D&#8221; button_bg_color=&#8221;#FFFFFF&#8221; button_border_color=&#8221;#CD207D&#8221; button_border_radius=&#8221;100px&#8221; button_font=&#8221;Outfit|600|||||||&#8221; button_use_icon=&#8221;off&#8221; custom_margin=&#8221;-10px||||false|false&#8221; custom_padding=&#8221;10px|26px|10px|26px|true|true&#8221; hover_enabled=&#8221;0&#8243; global_colors_info=&#8221;{%22gcid-f1e65d51-fa2f-4bf0-b2c1-8eab7001e8fd%22:%91%22button_text_color%22%93}&#8221; button_url=&#8221;@ET-DC@eyJkeW5hbWljIjp0cnVlLCJjb250ZW50IjoicG9zdF9saW5rX3VybF9wYWdlIiwic2V0dGluZ3MiOnsicG9zdF9pZCI6IjczNSJ9fQ==@&#8221; _dynamic_attributes=&#8221;button_url&#8221; sticky_enabled=&#8221;0&#8243;][\/et_pb_button][\/et_pb_column][et_pb_column type=&#8221;1_4&#8243; _builder_version=&#8221;4.27.4&#8243; _module_preset=&#8221;default&#8221; global_colors_info=&#8221;{}&#8221;][et_pb_text _builder_version=&#8221;4.27.4&#8243; _module_preset=&#8221;_initial&#8221; text_font=&#8221;Montserrat|600|||||||&#8221; text_font_size=&#8221;13px&#8221; custom_margin=&#8221;||||false|false&#8221; global_colors_info=&#8221;{}&#8221;]<\/p>\n<p>V\u00e4lismaale kolimine on enamat kui lihtsalt asjade transport \u2013 see on uue elu loomine uues kohas.<\/p>\n<p>Flytos pakume t\u00e4ielikku valikut lisakolimisteenuseid, mis on loodud teie \u00fclemineku lihtsustamiseks, turvaliseks ja stressivabaks muutmiseks.<\/p>\n<p>Olenemata sellest, kas kolite \u00fcksi, perega v\u00f5i ettev\u00f5tte nimel, tagab meie meeskond, et teie kolimise iga samm viiakse l\u00e4bi t\u00e4pselt ja hoolikalt.<\/p>\n<p>[\/et_pb_text][\/et_pb_column][et_pb_column type=&#8221;1_2&#8243; _builder_version=&#8221;4.27.4&#8243; _module_preset=&#8221;default&#8221; global_colors_info=&#8221;{}&#8221;][et_pb_image src=&#8221;https:\/\/flyto-wp-uploads.s3.eu-north-1.amazonaws.com\/wp-content\/uploads\/sites\/95\/2025\/10\/03182819\/FLYTO_muutto_kuvaaja-Nuuti-PAananen-6_1_11zon-scaled-1.jpg&#8221; title_text=&#8221;FLYTO_muutto_kuvaaja Nuuti PAananen (6)_1_11zon&#8221; _builder_version=&#8221;4.27.4&#8243; _module_preset=&#8221;default&#8221; border_radii=&#8221;on|20px|20px|20px|20px&#8221; global_colors_info=&#8221;{}&#8221;][\/et_pb_image][\/et_pb_column][\/et_pb_row][\/et_pb_section][et_pb_section fb_built=&#8221;1&#8243; _builder_version=&#8221;4.27.4&#8243; _module_preset=&#8221;default&#8221; background_color=&#8221;#fafafa&#8221; global_colors_info=&#8221;{}&#8221;][et_pb_row _builder_version=&#8221;4.27.4&#8243; _module_preset=&#8221;default&#8221; global_colors_info=&#8221;{}&#8221;][et_pb_column type=&#8221;4_4&#8243; _builder_version=&#8221;4.27.4&#8243; _module_preset=&#8221;default&#8221; global_colors_info=&#8221;{}&#8221;][et_pb_accordion open_toggle_background_color=&#8221;RGBA(255,255,255,0)&#8221; closed_toggle_text_color=&#8221;#000000&#8243; closed_toggle_background_color=&#8221;RGBA(255,255,255,0)&#8221; icon_color=&#8221;#CD207D&#8221; _builder_version=&#8221;4.27.4&#8243; _module_preset=&#8221;default&#8221; toggle_font=&#8221;Poppins|600|||||||&#8221; toggle_font_size=&#8221;15px&#8221; body_font=&#8221;Montserrat||||||||&#8221; body_line_height=&#8221;1.8em&#8221; hover_enabled=&#8221;0&#8243; border_radii=&#8221;on|5px|5px|5px|5px&#8221; border_color_all=&#8221;#CD207D&#8221; global_colors_info=&#8221;{%22gcid-primary-color%22:%91%22body_quote_text_color%22,%22quote_text_color%22,%22body_quote_text_color%22,%22quote_text_color%22%93,%22gcid-secondary-color%22:%91%22icon_color%22%93,%22gcid-heading-color%22:%91%22toggle_text_color%22,%22toggle_text_color%22%93}&#8221; sticky_enabled=&#8221;0&#8243;][et_pb_accordion_item title=&#8221;\ud83c\udfe0 Koduotsingu abi&#8221; open=&#8221;on&#8221; _builder_version=&#8221;4.27.4&#8243; _module_preset=&#8221;default&#8221; global_colors_info=&#8221;{}&#8221;]<\/p>\n<p>Uue kodu leidmine teises riigis v\u00f5ib olla keeruline \u2013 aga Flytoga muutub see imelihtsaks.<\/p>\n<p>Meie kolimiseksperdid aitavad teil uurida parimaid linnaosasid, korraldavad kinnisvara vaatamisi ja toetavad teid kogu \u00fc\u00fcri- v\u00f5i ostuprotsessi v\u00e4ltel.<\/p>\n<p>Kohandame iga otsingu teie elustiili, t\u00f6\u00f6les\u00f5idu ja eelarve p\u00f5hjal, tagades, et teie uus kodu tundub esimesest p\u00e4evast alates ideaalne.<\/p>\n<p><strong>Sisaldab:<\/strong><\/p>\n<p>&#8211; Piirkonna ja naabruskonna n\u00f5ustamist<\/p>\n<p>&#8211; Kinnisvara otsimist ja vaatamisi<\/p>\n<p>&#8211; \u00dc\u00fcrilepingu l\u00e4bir\u00e4\u00e4kimiste ja dokumentatsiooni tuge<\/p>\n<p>&#8211; Sissekolimise koordineerimist<\/p>\n<p>[\/et_pb_accordion_item][et_pb_accordion_item title=&#8221;\ud83d\udecb\ufe0f M\u00f6\u00f6bli kokkupanek ja kodu seadistamine&#8221; _builder_version=&#8221;4.27.4&#8243; _module_preset=&#8221;default&#8221; global_colors_info=&#8221;{}&#8221; open=&#8221;off&#8221;]<\/p>\n<p>Tagame, et teie uus kodu on elamisvalmis \u2013 kuni v\u00e4ikseimate detailideni.<\/p>\n<p>Meie meeskond hoolitseb m\u00f6\u00f6bli kokkupaneku, paigalduse ja oluliste kodus\u00fcsteemide seadistamise eest, et teie saaksite keskenduda sissekolimisele.<\/p>\n<p>Alates tarnete korraldamisest kuni paigalduse koordineerimiseni tagame, et teie kodu tundub kohe p\u00e4rast kolimist funktsionaalne ja mugav.<\/p>\n<p><strong>H\u00f5lmab:<\/strong><\/p>\n<p>&#8211; M\u00f6\u00f6bli kohaletoimetamist ja kokkupanekut<\/p>\n<p>&#8211; Kodu paigaldamist ja seadistamist<\/p>\n<p>&#8211; Koristamist ja l\u00f5plikku seadistamist<\/p>\n<p>&#8211; Teenusepakkujate koordineerimist<\/p>\n<p>[\/et_pb_accordion_item][et_pb_accordion_item title=&#8221;\ud83d\ude97 S\u00f5idukite transporditeenus&#8221; _builder_version=&#8221;4.27.4&#8243; _module_preset=&#8221;default&#8221; global_colors_info=&#8221;{}&#8221; open=&#8221;off&#8221;]<\/p>\n<p>Kas peate oma auto, mootorratta v\u00f5i muu s\u00f5iduki endaga kaasa v\u00f5tma?<br \/>Flyto pakub turvalist, usaldusv\u00e4\u00e4rset ja t\u00e4ielikult kindlustatud s\u00f5idukite piiri\u00fclest transporti.<br \/>Meie eksperdid tegelevad tollivormistuse, logistika ja tarnegraafikuga, tagades, et teie s\u00f5iduk j\u00f5uab kohale ohutult ja \u00f5igeaegselt.<\/p>\n<p><strong>Sisaldab:<\/strong><\/p>\n<p>&#8211; Rahvusvahelist s\u00f5idukite transporti ja logistikat<\/p>\n<p>&#8211; Ukselt-ukseni pealev\u00f5tmist ja kohaletoimetamist<\/p>\n<p>&#8211; Tolli- ja registreerimisabi<\/p>\n<p>&#8211; T\u00e4ielikku kindlustuskaitset<\/p>\n<p>[\/et_pb_accordion_item][et_pb_accordion_item title=&#8221;\ud83c\udfe2 Ohutu ladustamise lahendused&#8221; _builder_version=&#8221;4.27.4&#8243; _module_preset=&#8221;default&#8221; global_colors_info=&#8221;{}&#8221; open=&#8221;off&#8221;]<\/p>\n<p>Kui vajate \u00fcmberasumise ajal ajutist v\u00f5i pikaajalist hoiustamist, pakub Flyto turvalisi ja kliimaseadmega ruume.<\/p>\n<p>Meie hoiustamisteenuseid j\u00e4lgivad t\u00e4iustatud kaameras\u00fcsteemid ja need h\u00f5lmavad \u00fcksikasjalikku inventuuri dokumenteerimist, pakkudes teile \u00fcleminekuperioodil t\u00e4ielikku meelerahu.<\/p>\n<p><strong>Sisaldab:<\/strong><\/p>\n<p>&#8211; Turvalist ja kliimaseadmega hoiustamist<\/p>\n<p>&#8211; 24\/7 j\u00e4lgimist ja valvet<\/p>\n<p>&#8211; Paindlikke l\u00fchi- v\u00f5i pikaajalisi valikuid<\/p>\n<p>&#8211; T\u00e4ielikku esemedokumentatsiooni ja juurdep\u00e4\u00e4su n\u00f5udmisel<\/p>\n<p>[\/et_pb_accordion_item][et_pb_accordion_item title=&#8221;\ud83e\udd1d Sisseelamine ja kohalik tugi&#8221; _builder_version=&#8221;4.27.4&#8243; _module_preset=&#8221;default&#8221; global_colors_info=&#8221;{}&#8221; open=&#8221;off&#8221;]<\/p>\n<p>V\u00e4lismaale kolimine on enamat kui lihtsalt logistika \u2013 see on uue elustiiliga kohanemine.<\/p>\n<p>Meie sisseelamis- ja kohaliku toe teenused aitavad teil ja teie perel end kiiresti koduselt tunda.<\/p>\n<p>Kohalikest registreerimistest ja transpordikaartidest kuni kultuuriliste teadmiste ja igap\u00e4evase juhendamiseni tagame, et teie esimesed n\u00e4dalad v\u00e4lismaal sujuksid sujuvalt ja stressivabalt.<\/p>\n<p><strong>Sisaldab:<\/strong><\/p>\n<p>&#8211; Linnaga tutvumine ja praktiline juhendamine<\/p>\n<p>&#8211; Kohalik registreerimis- ja dokumentatsiooniabi<\/p>\n<p>&#8211; Sissejuhatus tervishoidu, transporti ja igap\u00e4evastesse olulistesse asjadesse<\/p>\n<p>&#8211; Meie kohalike ekspertide pidev isiklik tugi<\/p>\n<p>[\/et_pb_accordion_item][\/et_pb_accordion][et_pb_button button_url=&#8221;@ET-DC@eyJkeW5hbWljIjp0cnVlLCJjb250ZW50IjoicG9zdF9saW5rX3VybF9wYWdlIiwic2V0dGluZ3MiOnsicG9zdF9pZCI6IjczNSJ9fQ==@&#8221; button_text=&#8221;Broneeri tasuta konsultatsioon&#8221; _builder_version=&#8221;4.27.4&#8243; _dynamic_attributes=&#8221;button_url&#8221; _module_preset=&#8221;_initial&#8221; custom_button=&#8221;on&#8221; button_text_size=&#8221;16px&#8221; button_text_color=&#8221;#CD207D&#8221; button_border_color=&#8221;#CD207D&#8221; button_border_radius=&#8221;100px&#8221; button_font=&#8221;Outfit|600|||||||&#8221; button_use_icon=&#8221;off&#8221; custom_margin=&#8221;-2px||||false|false&#8221; custom_padding=&#8221;10px|26px|10px|26px|true|true&#8221; hover_enabled=&#8221;0&#8243; global_colors_info=&#8221;{%22gcid-f1e65d51-fa2f-4bf0-b2c1-8eab7001e8fd%22:%91%22button_text_color%22%93}&#8221; sticky_enabled=&#8221;0&#8243;][\/et_pb_button][\/et_pb_column][\/et_pb_row][\/et_pb_section]<\/p>\n","protected":false},"excerpt":{"rendered":"<p>P\u00f5hjalikud \u00fcmberasumisteenused sujuva alguse tagamiseksV\u00e4lismaale kolimine on enamat kui lihtsalt asjade transport \u2013 see on uue elu loomine uues kohas. Flytos pakume t\u00e4ielikku valikut lisakolimisteenuseid, mis on loodud teie \u00fclemineku lihtsustamiseks, turvaliseks ja stressivabaks muutmiseks. Olenemata sellest, kas kolite \u00fcksi, perega v\u00f5i ettev\u00f5tte nimel, tagab meie meeskond, et teie kolimise iga samm viiakse l\u00e4bi t\u00e4pselt [&hellip;]<\/p>\n","protected":false},"author":1,"featured_media":0,"parent":0,"menu_order":0,"comment_status":"closed","ping_status":"closed","template":"","meta":{"_et_pb_use_builder":"on","_et_pb_old_content":"","_et_gb_content_width":"","footnotes":""},"class_list":["post-9","page","type-page","status-publish","hentry"],"yoast_head":"<!-- This site is optimized with the Yoast SEO plugin v26.3 - https:\/\/yoast.com\/wordpress\/plugins\/seo\/ -->\n<title>Relocation services - Flyto Relocation Eesti<\/title>\n<meta name=\"robots\" content=\"index, follow, max-snippet:-1, max-image-preview:large, max-video-preview:-1\" \/>\n<link rel=\"canonical\" href=\"https:\/\/flytorelocation.com\/ee-ee\/relocation-services\/\" \/>\n<meta property=\"og:locale\" content=\"fi_FI\" \/>\n<meta property=\"og:type\" content=\"article\" \/>\n<meta property=\"og:title\" content=\"Relocation services - Flyto Relocation Eesti\" \/>\n<meta property=\"og:description\" content=\"P\u00f5hjalikud \u00fcmberasumisteenused sujuva alguse tagamiseksV\u00e4lismaale kolimine on enamat kui lihtsalt asjade transport \u2013 see on uue elu loomine uues kohas. Flytos pakume t\u00e4ielikku valikut lisakolimisteenuseid, mis on loodud teie \u00fclemineku lihtsustamiseks, turvaliseks ja stressivabaks muutmiseks. Olenemata sellest, kas kolite \u00fcksi, perega v\u00f5i ettev\u00f5tte nimel, tagab meie meeskond, et teie kolimise iga samm viiakse l\u00e4bi t\u00e4pselt [&hellip;]\" \/>\n<meta property=\"og:url\" content=\"https:\/\/flytorelocation.com\/ee-ee\/relocation-services\/\" \/>\n<meta property=\"og:site_name\" content=\"Flyto Relocation Eesti\" \/>\n<meta property=\"article:modified_time\" content=\"2026-01-16T22:44:32+00:00\" \/>\n<meta name=\"twitter:card\" content=\"summary_large_image\" \/>\n<meta name=\"twitter:label1\" content=\"Arvioitu lukuaika\" \/>\n\t<meta name=\"twitter:data1\" content=\"6 minuuttia\" \/>\n<script type=\"application\/ld+json\" class=\"yoast-schema-graph\">{\"@context\":\"https:\/\/schema.org\",\"@graph\":[{\"@type\":\"WebPage\",\"@id\":\"https:\/\/flytorelocation.com\/ee-ee\/relocation-services\/\",\"url\":\"https:\/\/flytorelocation.com\/ee-ee\/relocation-services\/\",\"name\":\"Relocation services - Flyto Relocation Eesti\",\"isPartOf\":{\"@id\":\"https:\/\/flytorelocation.com\/ee-ee\/#website\"},\"datePublished\":\"2025-10-22T17:37:33+00:00\",\"dateModified\":\"2026-01-16T22:44:32+00:00\",\"breadcrumb\":{\"@id\":\"https:\/\/flytorelocation.com\/ee-ee\/relocation-services\/#breadcrumb\"},\"inLanguage\":\"fi\",\"potentialAction\":[{\"@type\":\"ReadAction\",\"target\":[\"https:\/\/flytorelocation.com\/ee-ee\/relocation-services\/\"]}]},{\"@type\":\"BreadcrumbList\",\"@id\":\"https:\/\/flytorelocation.com\/ee-ee\/relocation-services\/#breadcrumb\",\"itemListElement\":[{\"@type\":\"ListItem\",\"position\":1,\"name\":\"Etusivu\",\"item\":\"https:\/\/flytorelocation.com\/ee-ee\/\"},{\"@type\":\"ListItem\",\"position\":2,\"name\":\"Relocation services\"}]},{\"@type\":\"WebSite\",\"@id\":\"https:\/\/flytorelocation.com\/ee-ee\/#website\",\"url\":\"https:\/\/flytorelocation.com\/ee-ee\/\",\"name\":\"Flyto Relocation Eesti\",\"description\":\"\",\"publisher\":{\"@id\":\"https:\/\/flytorelocation.com\/ee-ee\/#organization\"},\"potentialAction\":[{\"@type\":\"SearchAction\",\"target\":{\"@type\":\"EntryPoint\",\"urlTemplate\":\"https:\/\/flytorelocation.com\/ee-ee\/?s={search_term_string}\"},\"query-input\":{\"@type\":\"PropertyValueSpecification\",\"valueRequired\":true,\"valueName\":\"search_term_string\"}}],\"inLanguage\":\"fi\"},{\"@type\":\"Organization\",\"@id\":\"https:\/\/flytorelocation.com\/ee-ee\/#organization\",\"name\":\"Flyto Relocation Eesti\",\"url\":\"https:\/\/flytorelocation.com\/ee-ee\/\",\"logo\":{\"@type\":\"ImageObject\",\"inLanguage\":\"fi\",\"@id\":\"https:\/\/flytorelocation.com\/ee-ee\/#\/schema\/logo\/image\/\",\"url\":\"https:\/\/flyto-wp-uploads.s3.eu-north-1.amazonaws.com\/wp-content\/uploads\/sites\/95\/2025\/10\/13130143\/Flyto-col.png\",\"contentUrl\":\"https:\/\/flyto-wp-uploads.s3.eu-north-1.amazonaws.com\/wp-content\/uploads\/sites\/95\/2025\/10\/13130143\/Flyto-col.png\",\"width\":618,\"height\":337,\"caption\":\"Flyto Relocation Eesti\"},\"image\":{\"@id\":\"https:\/\/flytorelocation.com\/ee-ee\/#\/schema\/logo\/image\/\"}}]}<\/script>\n<!-- \/ Yoast SEO plugin. -->","yoast_head_json":{"title":"Relocation services - Flyto Relocation Eesti","robots":{"index":"index","follow":"follow","max-snippet":"max-snippet:-1","max-image-preview":"max-image-preview:large","max-video-preview":"max-video-preview:-1"},"canonical":"https:\/\/flytorelocation.com\/ee-ee\/relocation-services\/","og_locale":"fi_FI","og_type":"article","og_title":"Relocation services - Flyto Relocation Eesti","og_description":"P\u00f5hjalikud \u00fcmberasumisteenused sujuva alguse tagamiseksV\u00e4lismaale kolimine on enamat kui lihtsalt asjade transport \u2013 see on uue elu loomine uues kohas. Flytos pakume t\u00e4ielikku valikut lisakolimisteenuseid, mis on loodud teie \u00fclemineku lihtsustamiseks, turvaliseks ja stressivabaks muutmiseks. Olenemata sellest, kas kolite \u00fcksi, perega v\u00f5i ettev\u00f5tte nimel, tagab meie meeskond, et teie kolimise iga samm viiakse l\u00e4bi t\u00e4pselt [&hellip;]","og_url":"https:\/\/flytorelocation.com\/ee-ee\/relocation-services\/","og_site_name":"Flyto Relocation Eesti","article_modified_time":"2026-01-16T22:44:32+00:00","twitter_card":"summary_large_image","twitter_misc":{"Arvioitu lukuaika":"6 minuuttia"},"schema":{"@context":"https:\/\/schema.org","@graph":[{"@type":"WebPage","@id":"https:\/\/flytorelocation.com\/ee-ee\/relocation-services\/","url":"https:\/\/flytorelocation.com\/ee-ee\/relocation-services\/","name":"Relocation services - Flyto Relocation Eesti","isPartOf":{"@id":"https:\/\/flytorelocation.com\/ee-ee\/#website"},"datePublished":"2025-10-22T17:37:33+00:00","dateModified":"2026-01-16T22:44:32+00:00","breadcrumb":{"@id":"https:\/\/flytorelocation.com\/ee-ee\/relocation-services\/#breadcrumb"},"inLanguage":"fi","potentialAction":[{"@type":"ReadAction","target":["https:\/\/flytorelocation.com\/ee-ee\/relocation-services\/"]}]},{"@type":"BreadcrumbList","@id":"https:\/\/flytorelocation.com\/ee-ee\/relocation-services\/#breadcrumb","itemListElement":[{"@type":"ListItem","position":1,"name":"Etusivu","item":"https:\/\/flytorelocation.com\/ee-ee\/"},{"@type":"ListItem","position":2,"name":"Relocation services"}]},{"@type":"WebSite","@id":"https:\/\/flytorelocation.com\/ee-ee\/#website","url":"https:\/\/flytorelocation.com\/ee-ee\/","name":"Flyto Relocation Eesti","description":"","publisher":{"@id":"https:\/\/flytorelocation.com\/ee-ee\/#organization"},"potentialAction":[{"@type":"SearchAction","target":{"@type":"EntryPoint","urlTemplate":"https:\/\/flytorelocation.com\/ee-ee\/?s={search_term_string}"},"query-input":{"@type":"PropertyValueSpecification","valueRequired":true,"valueName":"search_term_string"}}],"inLanguage":"fi"},{"@type":"Organization","@id":"https:\/\/flytorelocation.com\/ee-ee\/#organization","name":"Flyto Relocation Eesti","url":"https:\/\/flytorelocation.com\/ee-ee\/","logo":{"@type":"ImageObject","inLanguage":"fi","@id":"https:\/\/flytorelocation.com\/ee-ee\/#\/schema\/logo\/image\/","url":"https:\/\/flyto-wp-uploads.s3.eu-north-1.amazonaws.com\/wp-content\/uploads\/sites\/95\/2025\/10\/13130143\/Flyto-col.png","contentUrl":"https:\/\/flyto-wp-uploads.s3.eu-north-1.amazonaws.com\/wp-content\/uploads\/sites\/95\/2025\/10\/13130143\/Flyto-col.png","width":618,"height":337,"caption":"Flyto Relocation Eesti"},"image":{"@id":"https:\/\/flytorelocation.com\/ee-ee\/#\/schema\/logo\/image\/"}}]}},"acf":[],"_links":{"self":[{"href":"https:\/\/flytorelocation.com\/ee-ee\/wp-json\/wp\/v2\/pages\/9","targetHints":{"allow":["GET"]}}],"collection":[{"href":"https:\/\/flytorelocation.com\/ee-ee\/wp-json\/wp\/v2\/pages"}],"about":[{"href":"https:\/\/flytorelocation.com\/ee-ee\/wp-json\/wp\/v2\/types\/page"}],"author":[{"embeddable":true,"href":"https:\/\/flytorelocation.com\/ee-ee\/wp-json\/wp\/v2\/users\/1"}],"replies":[{"embeddable":true,"href":"https:\/\/flytorelocation.com\/ee-ee\/wp-json\/wp\/v2\/comments?post=9"}],"version-history":[{"count":3,"href":"https:\/\/flytorelocation.com\/ee-ee\/wp-json\/wp\/v2\/pages\/9\/revisions"}],"predecessor-version":[{"id":1350,"href":"https:\/\/flytorelocation.com\/ee-ee\/wp-json\/wp\/v2\/pages\/9\/revisions\/1350"}],"wp:attachment":[{"href":"https:\/\/flytorelocation.com\/ee-ee\/wp-json\/wp\/v2\/media?parent=9"}],"curies":[{"name":"wp","href":"https:\/\/api.w.org\/{rel}","templated":true}]}}