{"id":733,"date":"2025-10-17T19:02:33","date_gmt":"2025-10-17T16:02:33","guid":{"rendered":"https:\/\/flytorelocation.com\/ee-ee\/fi\/?page_id=90"},"modified":"2026-01-17T00:40:34","modified_gmt":"2026-01-16T22:40:34","slug":"blog","status":"publish","type":"page","link":"https:\/\/flytorelocation.com\/ee-ee\/blog\/","title":{"rendered":"FAQ"},"content":{"rendered":"<p>[et_pb_section fb_built=&#8221;1&#8243; _builder_version=&#8221;4.27.4&#8243; _module_preset=&#8221;default&#8221; custom_padding=&#8221;||||true|false&#8221; global_colors_info=&#8221;{}&#8221;][et_pb_row _builder_version=&#8221;4.27.4&#8243; _module_preset=&#8221;default&#8221; custom_padding=&#8221;0px||0px||true|false&#8221; global_colors_info=&#8221;{}&#8221;][et_pb_column type=&#8221;4_4&#8243; _builder_version=&#8221;4.27.4&#8243; _module_preset=&#8221;default&#8221; global_colors_info=&#8221;{}&#8221;][et_pb_heading title=&#8221;KKK&#8221; _builder_version=&#8221;4.27.4&#8243; _module_preset=&#8221;_initial&#8221; title_font=&#8221;Flyto oma||||||||&#8221; title_text_color=&#8221;#CD207D&#8221; title_font_size=&#8221;62px&#8221; custom_margin=&#8221;||10px||false|false&#8221; custom_margin_tablet=&#8221;||10px||false|false&#8221; custom_margin_phone=&#8221;||10px||false|false&#8221; custom_margin_last_edited=&#8221;on|phone&#8221; custom_padding=&#8221;||0px|||&#8221; custom_padding_tablet=&#8221;&#8221; custom_padding_phone=&#8221;0px||||false|false&#8221; custom_padding_last_edited=&#8221;on|phone&#8221; title_font_size_tablet=&#8221;40px&#8221; title_font_size_phone=&#8221;30px&#8221; title_font_size_last_edited=&#8221;on|phone&#8221; locked=&#8221;off&#8221; global_colors_info=&#8221;{}&#8221;][\/et_pb_heading][\/et_pb_column][\/et_pb_row][\/et_pb_section][et_pb_section fb_built=&#8221;1&#8243; admin_label=&#8221;Header&#8221; _builder_version=&#8221;4.27.4&#8243; _module_preset=&#8221;default&#8221; custom_padding=&#8221;0px||||false|false&#8221; collapsed=&#8221;on&#8221; global_colors_info=&#8221;{}&#8221;][et_pb_row column_structure=&#8221;1_2,1_2&#8243; _builder_version=&#8221;4.27.4&#8243; _module_preset=&#8221;default&#8221; global_colors_info=&#8221;{}&#8221;][et_pb_column type=&#8221;1_2&#8243; _builder_version=&#8221;4.22.0&#8243; _module_preset=&#8221;default&#8221; global_colors_info=&#8221;{}&#8221;][et_pb_heading title=&#8221;Meie tegevjuhi vastused: t\u00f5de (ja m\u00fc\u00fcdid) v\u00e4lismaale kolimise kohta&#8221; _builder_version=&#8221;4.27.4&#8243; _module_preset=&#8221;_initial&#8221; title_font=&#8221;Flyto oma||||||||&#8221; title_text_align=&#8221;left&#8221; title_text_color=&#8221;#CD207D&#8221; title_line_height=&#8221;1.1em&#8221; custom_margin=&#8221;-2px||||false|false&#8221; custom_margin_tablet=&#8221;0px||||false|false&#8221; custom_margin_phone=&#8221;||||false|false&#8221; custom_margin_last_edited=&#8221;on|phone&#8221; custom_padding=&#8221;||||false|false&#8221; custom_padding_tablet=&#8221;||||false|false&#8221; custom_padding_phone=&#8221;||||false|false&#8221; custom_padding_last_edited=&#8221;on|phone&#8221; title_font_size_phone=&#8221;29px&#8221; global_colors_info=&#8221;{}&#8221;][\/et_pb_heading][et_pb_text _builder_version=&#8221;4.27.4&#8243; _module_preset=&#8221;_initial&#8221; text_font=&#8221;Montserrat||||||||&#8221; text_line_height=&#8221;1.8em&#8221; custom_margin=&#8221;-20px||||false|false&#8221; global_colors_info=&#8221;{}&#8221;]<\/p>\n<p><strong data-start=\"867\" data-end=\"928\">Me teame, mida sa m\u00f5tled \u2013 ja meil on vastused.<\/strong><\/p>\n<p>V\u00e4lismaale kolimine toob kaasa k\u00fcsimusi, elevust ja v\u00f5ib-olla ka pisut paanikat. \u00c4rge muretsege \u2013 meie tegevjuht on neid k\u00f5iki kuulnud (ja naeratades vastanud).<\/p>\n<p>[\/et_pb_text][\/et_pb_column][et_pb_column type=&#8221;1_2&#8243; _builder_version=&#8221;4.22.0&#8243; _module_preset=&#8221;default&#8221; global_colors_info=&#8221;{}&#8221;][et_pb_image src=&#8221;https:\/\/flyto-wp-uploads.s3.eu-north-1.amazonaws.com\/wp-content\/uploads\/sites\/95\/2025\/11\/13095224\/Groweo_Flyto_1-scaled.jpg&#8221; title_text=&#8221;Groweo_Flyto_1&#8243; _builder_version=&#8221;4.27.4&#8243; _module_preset=&#8221;default&#8221; border_radii=&#8221;on|5px|5px|5px|5px&#8221; global_colors_info=&#8221;{}&#8221;][\/et_pb_image][\/et_pb_column][\/et_pb_row][et_pb_row _builder_version=&#8221;4.27.4&#8243; _module_preset=&#8221;default&#8221; min_height=&#8221;1132px&#8221; custom_margin=&#8221;||||false|false&#8221; global_colors_info=&#8221;{}&#8221;][et_pb_column type=&#8221;4_4&#8243; _builder_version=&#8221;4.27.4&#8243; _module_preset=&#8221;default&#8221; global_colors_info=&#8221;{}&#8221;][et_pb_accordion open_toggle_background_color=&#8221;RGBA(255,255,255,0)&#8221; closed_toggle_text_color=&#8221;#000000&#8243; closed_toggle_background_color=&#8221;RGBA(255,255,255,0)&#8221; icon_color=&#8221;#CD207D&#8221; _builder_version=&#8221;4.27.4&#8243; _module_preset=&#8221;default&#8221; toggle_font=&#8221;Poppins|600|||||||&#8221; toggle_font_size=&#8221;15px&#8221; body_font=&#8221;Montserrat||||||||&#8221; body_line_height=&#8221;1.8em&#8221; border_radii=&#8221;on|5px|5px|5px|5px&#8221; border_color_all=&#8221;#CD207D&#8221; global_colors_info=&#8221;{%22gcid-primary-color%22:%91%22body_quote_text_color%22,%22quote_text_color%22,%22body_quote_text_color%22,%22quote_text_color%22%93,%22gcid-secondary-color%22:%91%22icon_color%22%93,%22gcid-heading-color%22:%91%22toggle_text_color%22,%22toggle_text_color%22%93}&#8221;][et_pb_accordion_item title=&#8221;Ole aus&#8230; kas v\u00e4lismaale kolimine on t\u00f5esti nii stressirohke?&#8221; open=&#8221;on&#8221; _builder_version=&#8221;4.27.4&#8243; _module_preset=&#8221;default&#8221; global_colors_info=&#8221;{}&#8221;]<\/p>\n<p>Ainult siis, kui teed seda ilma Flytota! M\u00f5tle meile kui oma isiklikule kolimiskonsultandile \u2013 meie planeerime, pakime, saadame ja toimetame kohale, samal ajal kui sina planeerid oma uut lemmikkohvikut Lissabonis.<br \/>Meie t\u00f6\u00f6 on muuta sinu kolimine nii sujuvaks, et lahtipakkimise ajaks m\u00f5tled, kas teleportatsiooni oli \u00fcldse vaja.<\/p>\n<p>[\/et_pb_accordion_item][et_pb_accordion_item title=&#8221;Kui turvalised mu asjad tegelikult on?&#8221; _builder_version=&#8221;4.27.4&#8243; _module_preset=&#8221;default&#8221; global_colors_info=&#8221;{}&#8221; open=&#8221;off&#8221;]<\/p>\n<p>Turvalisem kui salajane retsept \u0160veitsi seifis. Igal Flyto s\u00f5idukil on GPS-j\u00e4lgimine, pardakaamerad ja turvalised laadimiss\u00fcsteemid \u2013 sest meile meeldib teada, kus teie diivan kell 3 \u00f6\u00f6sel on, isegi kui teie seda ei tea.<br \/>Pakime k\u00f5ik nii, nagu l\u00e4heksime kuninglikule tuurile. Olgu selleks siis aastak\u00e4igu vein v\u00f5i teie lapse esimene kaisukaru \u2013 k\u00f5ike koheldakse nagu aaret.<\/p>\n<p>[\/et_pb_accordion_item][et_pb_accordion_item title=&#8221;Mul pole veel isegi uut kodu \u2013 kuidas see toimib?&#8221; _builder_version=&#8221;4.27.4&#8243; _module_preset=&#8221;default&#8221; global_colors_info=&#8221;{}&#8221; open=&#8221;off&#8221;]<\/p>\n<p>Lihtne. Teie l\u00f5\u00f5gastuge ja meie leiame selle teie eest. Meie koduotsingu meeskond otsib naabruskondi, kontrollib kuulutusi, teeb virtuaaltuure ja tegeleb isegi paberimajandusega. Teie lihtsalt kinnitate oma lemmiku oma praeguse diivani mugavusest.<\/p>\n<p>Selleks ajaks, kui saabute, ootab teie uus kodu teid \u2013 WiFi sisse l\u00fclitatud, kardinad ees ja v\u00f5ib-olla isegi teretulnud taim. \ud83c\udf3f<\/p>\n<p>[\/et_pb_accordion_item][et_pb_accordion_item title=&#8221;Kas saate hakkama ka suurte ettev\u00f5tete kolimistega?&#8221; _builder_version=&#8221;4.27.4&#8243; _module_preset=&#8221;default&#8221; global_colors_info=&#8221;{}&#8221; open=&#8221;off&#8221;]<\/p>\n<p>Absoluutselt. Kolime juhte, terveid meeskondi ja m\u00f5nikord isegi kontori kohvimasinat \u2013 k\u00f5ik see ilma t\u00e4htaega rikkumata.<br \/>Me tagame, et teie inimesed saabuvad valmis alustama, mitte taastuma. Sest suurep\u00e4rased ettev\u00f5tted v\u00e4\u00e4rivad suurep\u00e4raseid \u00fcmberpaigutusi.<\/p>\n<p>[\/et_pb_accordion_item][et_pb_accordion_item title=&#8221;Mis teeb Flyto siis tegelikult erinevaks?&#8221; _builder_version=&#8221;4.27.4&#8243; _module_preset=&#8221;default&#8221; global_colors_info=&#8221;{}&#8221; open=&#8221;off&#8221;]<\/p>\n<p>Kolm asja: meie inimesed, meie t\u00e4psus ja meie kinnisidee meelerahust.<br \/>Meil on parim v\u00f5rgustik \u00fcle Euroopa, j\u00e4lgime iga saadetist nagu kull ja hoolime siiralt teie kogemusest. Me ei koli ainult kaste \u2013 me kolime elusid. Ja me v\u00f5tame seda t\u00f5siselt&#8230; aga mitte liiga t\u00f5siselt.<\/p>\n<p>[\/et_pb_accordion_item][et_pb_accordion_item title=&#8221;Kas ma pean k\u00f5ik ette \u00e4ra maksma?&#8221; _builder_version=&#8221;4.27.4&#8243; _module_preset=&#8221;default&#8221; global_colors_info=&#8221;{}&#8221; open=&#8221;off&#8221;]<\/p>\n<p>Ei, \u00fcldse mitte. Flytoga ei maksa sa kunagi enne, kui midagi juhtub. Maksed tehakse alles laadimise ajal \u2013 kui sinu kolimine tegelikult toimub. Me usume usaldusse, l\u00e4bipaistvusse ja \u00f5iglusse. Sa n\u00e4ed kvaliteeti enne, kui selle eest maksad.<\/p>\n<p>[\/et_pb_accordion_item][et_pb_accordion_item title=&#8221;Kui kaua rahvusvaheline kolimine tavaliselt aega v\u00f5tab?&#8221; _builder_version=&#8221;4.27.4&#8243; _module_preset=&#8221;default&#8221; global_colors_info=&#8221;{}&#8221; open=&#8221;off&#8221;]<\/p>\n<p>Tavaliselt palju v\u00e4hem, kui inimesed arvavad. Enamik rahvusvahelisi kolimisi Euroopas v\u00f5tab vaid paar p\u00e4eva \u2013 maksimaalselt n\u00e4dal, kui vahepeal pole hoiuruumi.<\/p>\n<p>Meie marsruudid on optimeeritud ja meeskonnad koordineeritud, nii et teie asjad j\u00f5uavad kohale kiiresti, turvaliselt ja t\u00e4pselt \u00f5igeaegselt.<\/p>\n<p>[\/et_pb_accordion_item][et_pb_accordion_item title=&#8221;Kas ma saan oma saadetist j\u00e4lgida?&#8221; _builder_version=&#8221;4.27.4&#8243; _module_preset=&#8221;default&#8221; global_colors_info=&#8221;{}&#8221; open=&#8221;off&#8221;]<\/p>\n<p>Absoluutselt. Iga Flyto kolimine dokumenteeritakse ja j\u00e4lgitakse digitaalselt algusest l\u00f5puni. Teil on telefonis GPS-j\u00e4lgimislink, et saaksite igal ajal registreeruda.<\/p>\n<p>[\/et_pb_accordion_item][et_pb_accordion_item title=&#8221;Aga kuidas on tolli, maksude ja paberimajandusega?&#8221; _builder_version=&#8221;4.27.4&#8243; _module_preset=&#8221;default&#8221; global_colors_info=&#8221;{}&#8221; open=&#8221;off&#8221;]<\/p>\n<p>Selles me s\u00e4ramegi. Flyto tegeleb vormide, lubade ja b\u00fcrokraatliku g\u00fcmnaasikaga, nii et teie ei pea sellega tegelema.<br \/>Me teame, millised vormid on olulised, millised mitte ja millised n\u00f5uavad kolmes eksemplaris lisaallkirja \u2013 ja meil on need k\u00f5ik valmis.<\/p>\n<p>[\/et_pb_accordion_item][et_pb_accordion_item title=&#8221;Mis saab siis, kui midagi saab kahjustada v\u00f5i kaob?&#8221; _builder_version=&#8221;4.27.4&#8243; _module_preset=&#8221;default&#8221; global_colors_info=&#8221;{}&#8221; open=&#8221;off&#8221;]<\/p>\n<p>Seej\u00e4rel parandame selle \u2013 kiiresti. Aga k\u00f5igepealt ennetame selle \u00e4ra. K\u00f5ik, mida me liigutame, pakitakse, pildistatakse ja salvestatakse vastavalt meie ohutusprotokollile.<br \/>Harvadel juhtudel, kui midagi peaks valesti minema, on meie kindlustus- ja kahjun\u00f5uete protsess kiire, \u00f5iglane ja personaalselt k\u00e4sitletud.<\/p>\n<p>[\/et_pb_accordion_item][et_pb_accordion_item title=&#8221;Kas ma saan ise valida, milliseid teenuseid ma vajan?&#8221; _builder_version=&#8221;4.27.4&#8243; _module_preset=&#8221;default&#8221; global_colors_info=&#8221;{}&#8221; open=&#8221;off&#8221;]<\/p>\n<p>Muidugi. Saate valida t\u00e4pselt selle, mida soovite \u2013 alates t\u00e4isteenusega kolimisest kuni ainult transpordini.<br \/>M\u00f5elge sellele kui premium-men\u00fc\u00fcle: pakkimine, tolliteenused, koduotsing, m\u00f6\u00f6bli paigaldamine ja isegi hoiustamine. Teie valite, meie toimetame.<\/p>\n<p>[\/et_pb_accordion_item][et_pb_accordion_item title=&#8221;Kui palju rahvusvaheline kolimine tegelikult maksab?&#8221; _builder_version=&#8221;4.27.4&#8243; _module_preset=&#8221;default&#8221; global_colors_info=&#8221;{}&#8221; open=&#8221;off&#8221;]<\/p>\n<p>V\u00e4hem stressi kui \u00fcksi tegutsemine \u2013 ja l\u00e4bipaistvam, kui v\u00f5iks arvata.<br \/>Iga kolimine on erinev, kuid Flytos p\u00f5hineb hinnakujundus vahemaal, mahul ja teenustel \u2013 mitte \u00fcllatustel. Enne millegi alustamist saate alati selge ja detailse hinnapakkumise, nii et teate t\u00e4pselt, mille eest maksate.<br \/>Ja kuna k\u00f5igega tegeleb \u00fcks koordineeritud meeskond, puuduvad varjatud \u00fcleandmistasud riikide vahel \u2013 vaid \u00fcks sujuv ja usaldusv\u00e4\u00e4rne protsess algusest l\u00f5puni.<\/p>\n<p>[\/et_pb_accordion_item][et_pb_accordion_item title=&#8221;Kas aitate ka lemmikloomade, autode v\u00f5i hoiustamisega?&#8221; _builder_version=&#8221;4.27.4&#8243; _module_preset=&#8221;default&#8221; global_colors_info=&#8221;{}&#8221; open=&#8221;off&#8221;]<\/p>\n<p>Jah, k\u00f5igile kolmele. Teeme koost\u00f6\u00f6d usaldusv\u00e4\u00e4rsete lemmikloomade transpordi, s\u00f5idukite saatmise ja turvalise hoiustamise spetsialistidega.<br \/>Teie auto, teie kass v\u00f5i teie kontsertklaver \u2013 oleme neid k\u00f5iki turvaliselt transportinud (kuigi mitte samas veoautos).<\/p>\n<p>[\/et_pb_accordion_item][et_pb_accordion_item title=&#8221;Kas saate aidata kohalike registreerimiste v\u00f5i kommunaalteenuste seadistamisega?&#8221; _builder_version=&#8221;4.27.4&#8243; _module_preset=&#8221;default&#8221; global_colors_info=&#8221;{}&#8221; open=&#8221;off&#8221;]<\/p>\n<p>Kindlasti. Meie \u00fcmberasumise eksperdid aitavad linna registreerimisel, kommunaalteenuste \u00fchenduste loomisel, interneti seadistamisel \u2013 k\u00f5igis \u201episiasjades\u201c, mis v\u00f5ivad muutuda suureks peavaluks.<br \/>Kui me \u00fctleme uksest ukseni, siis me m\u00f5tleme seda t\u00f5siselt.<\/p>\n<p>[\/et_pb_accordion_item][et_pb_accordion_item title=&#8221;Kuidas ma tean, et mu kolimine sujub probleemideta?&#8221; _builder_version=&#8221;4.27.4&#8243; _module_preset=&#8221;default&#8221; global_colors_info=&#8221;{}&#8221; open=&#8221;off&#8221;]<\/p>\n<p>Sest see on meie t\u00f6\u00f6. Me planeerime, valmistume ette ja suhtleme iga sammuga.<\/p>\n<p>Kulisside taga koordineerib teie kolimist terve Flyto meeskond nagu lennujuhtimine \u2013 vaikne, t\u00e4pne ja k\u00f5igeks valmis.<\/p>\n<p>[\/et_pb_accordion_item][et_pb_accordion_item title=&#8221;Olgu, ma olen veendunud. Mis edasi?&#8221; _builder_version=&#8221;4.27.4&#8243; _module_preset=&#8221;default&#8221; global_colors_info=&#8221;{}&#8221; open=&#8221;off&#8221;]<\/p>\n<p>Lihtne \u2013 kliki allpool, broneeri tasuta konsultatsioon ja hakkame kolimist planeerima. Sina \u00fctled meile, kuhu sa l\u00e4hed; meie hoolitseme \u00fclej\u00e4\u00e4nu eest.<br \/>Ja jah \u2013 me lubame, et see saab olema isegi l\u00f5bus.<\/p>\n<p>[\/et_pb_accordion_item][\/et_pb_accordion][et_pb_button button_url=&#8221;@ET-DC@eyJkeW5hbWljIjp0cnVlLCJjb250ZW50IjoicG9zdF9saW5rX3VybF9wYWdlIiwic2V0dGluZ3MiOnsicG9zdF9pZCI6IjczNSJ9fQ==@&#8221; button_text=&#8221;Broneeri tasuta konsultatsioon&#8221; _builder_version=&#8221;4.27.4&#8243; _dynamic_attributes=&#8221;button_url&#8221; _module_preset=&#8221;_initial&#8221; custom_button=&#8221;on&#8221; button_text_size=&#8221;16px&#8221; button_text_color=&#8221;#CD207D&#8221; button_border_color=&#8221;#CD207D&#8221; button_border_radius=&#8221;100px&#8221; button_font=&#8221;Outfit|600|||||||&#8221; button_use_icon=&#8221;off&#8221; custom_margin=&#8221;-2px||||false|false&#8221; custom_padding=&#8221;10px|26px|10px|26px|true|true&#8221; hover_enabled=&#8221;0&#8243; global_colors_info=&#8221;{%22gcid-f1e65d51-fa2f-4bf0-b2c1-8eab7001e8fd%22:%91%22button_text_color%22%93}&#8221; sticky_enabled=&#8221;0&#8243;][\/et_pb_button][\/et_pb_column][\/et_pb_row][\/et_pb_section]<\/p>\n","protected":false},"excerpt":{"rendered":"<p>Me teame, mida sa m\u00f5tled \u2013 ja meil on vastused. V\u00e4lismaale kolimine toob kaasa k\u00fcsimusi, elevust ja v\u00f5ib-olla ka pisut paanikat. \u00c4rge muretsege \u2013 meie tegevjuht on neid k\u00f5iki kuulnud (ja naeratades vastanud).Ainult siis, kui teed seda ilma Flytota! M\u00f5tle meile kui oma isiklikule kolimiskonsultandile \u2013 meie planeerime, pakime, saadame ja toimetame kohale, samal ajal [&hellip;]<\/p>\n","protected":false},"author":1,"featured_media":0,"parent":0,"menu_order":0,"comment_status":"closed","ping_status":"closed","template":"","meta":{"_et_pb_use_builder":"on","_et_pb_old_content":"","_et_gb_content_width":"","footnotes":""},"class_list":["post-733","page","type-page","status-publish","hentry"],"yoast_head":"<!-- This site is optimized with the Yoast SEO plugin v26.3 - https:\/\/yoast.com\/wordpress\/plugins\/seo\/ -->\n<title>FAQ - Flyto Relocation Eesti<\/title>\n<meta name=\"robots\" content=\"index, follow, max-snippet:-1, max-image-preview:large, max-video-preview:-1\" \/>\n<link rel=\"canonical\" href=\"https:\/\/flytorelocation.com\/ee-ee\/blog\/\" \/>\n<meta property=\"og:locale\" content=\"fi_FI\" \/>\n<meta property=\"og:type\" content=\"article\" \/>\n<meta property=\"og:title\" content=\"FAQ - Flyto Relocation Eesti\" \/>\n<meta property=\"og:description\" content=\"Me teame, mida sa m\u00f5tled \u2013 ja meil on vastused. V\u00e4lismaale kolimine toob kaasa k\u00fcsimusi, elevust ja v\u00f5ib-olla ka pisut paanikat. \u00c4rge muretsege \u2013 meie tegevjuht on neid k\u00f5iki kuulnud (ja naeratades vastanud).Ainult siis, kui teed seda ilma Flytota! M\u00f5tle meile kui oma isiklikule kolimiskonsultandile \u2013 meie planeerime, pakime, saadame ja toimetame kohale, samal ajal [&hellip;]\" \/>\n<meta property=\"og:url\" content=\"https:\/\/flytorelocation.com\/ee-ee\/blog\/\" \/>\n<meta property=\"og:site_name\" content=\"Flyto Relocation Eesti\" \/>\n<meta property=\"article:modified_time\" content=\"2026-01-16T22:40:34+00:00\" \/>\n<meta name=\"twitter:card\" content=\"summary_large_image\" \/>\n<meta name=\"twitter:label1\" content=\"Arvioitu lukuaika\" \/>\n\t<meta name=\"twitter:data1\" content=\"9 minuuttia\" \/>\n<script type=\"application\/ld+json\" class=\"yoast-schema-graph\">{\"@context\":\"https:\/\/schema.org\",\"@graph\":[{\"@type\":\"WebPage\",\"@id\":\"https:\/\/flytorelocation.com\/ee-ee\/blog\/\",\"url\":\"https:\/\/flytorelocation.com\/ee-ee\/blog\/\",\"name\":\"FAQ - Flyto Relocation Eesti\",\"isPartOf\":{\"@id\":\"https:\/\/flytorelocation.com\/ee-ee\/#website\"},\"datePublished\":\"2025-10-17T16:02:33+00:00\",\"dateModified\":\"2026-01-16T22:40:34+00:00\",\"breadcrumb\":{\"@id\":\"https:\/\/flytorelocation.com\/ee-ee\/blog\/#breadcrumb\"},\"inLanguage\":\"fi\",\"potentialAction\":[{\"@type\":\"ReadAction\",\"target\":[\"https:\/\/flytorelocation.com\/ee-ee\/blog\/\"]}]},{\"@type\":\"BreadcrumbList\",\"@id\":\"https:\/\/flytorelocation.com\/ee-ee\/blog\/#breadcrumb\",\"itemListElement\":[{\"@type\":\"ListItem\",\"position\":1,\"name\":\"Etusivu\",\"item\":\"https:\/\/flytorelocation.com\/ee-ee\/\"},{\"@type\":\"ListItem\",\"position\":2,\"name\":\"FAQ\"}]},{\"@type\":\"WebSite\",\"@id\":\"https:\/\/flytorelocation.com\/ee-ee\/#website\",\"url\":\"https:\/\/flytorelocation.com\/ee-ee\/\",\"name\":\"Flyto Relocation Eesti\",\"description\":\"\",\"publisher\":{\"@id\":\"https:\/\/flytorelocation.com\/ee-ee\/#organization\"},\"potentialAction\":[{\"@type\":\"SearchAction\",\"target\":{\"@type\":\"EntryPoint\",\"urlTemplate\":\"https:\/\/flytorelocation.com\/ee-ee\/?s={search_term_string}\"},\"query-input\":{\"@type\":\"PropertyValueSpecification\",\"valueRequired\":true,\"valueName\":\"search_term_string\"}}],\"inLanguage\":\"fi\"},{\"@type\":\"Organization\",\"@id\":\"https:\/\/flytorelocation.com\/ee-ee\/#organization\",\"name\":\"Flyto Relocation Eesti\",\"url\":\"https:\/\/flytorelocation.com\/ee-ee\/\",\"logo\":{\"@type\":\"ImageObject\",\"inLanguage\":\"fi\",\"@id\":\"https:\/\/flytorelocation.com\/ee-ee\/#\/schema\/logo\/image\/\",\"url\":\"https:\/\/flyto-wp-uploads.s3.eu-north-1.amazonaws.com\/wp-content\/uploads\/sites\/95\/2025\/10\/13130143\/Flyto-col.png\",\"contentUrl\":\"https:\/\/flyto-wp-uploads.s3.eu-north-1.amazonaws.com\/wp-content\/uploads\/sites\/95\/2025\/10\/13130143\/Flyto-col.png\",\"width\":618,\"height\":337,\"caption\":\"Flyto Relocation Eesti\"},\"image\":{\"@id\":\"https:\/\/flytorelocation.com\/ee-ee\/#\/schema\/logo\/image\/\"}}]}<\/script>\n<!-- \/ Yoast SEO plugin. -->","yoast_head_json":{"title":"FAQ - Flyto Relocation Eesti","robots":{"index":"index","follow":"follow","max-snippet":"max-snippet:-1","max-image-preview":"max-image-preview:large","max-video-preview":"max-video-preview:-1"},"canonical":"https:\/\/flytorelocation.com\/ee-ee\/blog\/","og_locale":"fi_FI","og_type":"article","og_title":"FAQ - Flyto Relocation Eesti","og_description":"Me teame, mida sa m\u00f5tled \u2013 ja meil on vastused. V\u00e4lismaale kolimine toob kaasa k\u00fcsimusi, elevust ja v\u00f5ib-olla ka pisut paanikat. \u00c4rge muretsege \u2013 meie tegevjuht on neid k\u00f5iki kuulnud (ja naeratades vastanud).Ainult siis, kui teed seda ilma Flytota! M\u00f5tle meile kui oma isiklikule kolimiskonsultandile \u2013 meie planeerime, pakime, saadame ja toimetame kohale, samal ajal [&hellip;]","og_url":"https:\/\/flytorelocation.com\/ee-ee\/blog\/","og_site_name":"Flyto Relocation Eesti","article_modified_time":"2026-01-16T22:40:34+00:00","twitter_card":"summary_large_image","twitter_misc":{"Arvioitu lukuaika":"9 minuuttia"},"schema":{"@context":"https:\/\/schema.org","@graph":[{"@type":"WebPage","@id":"https:\/\/flytorelocation.com\/ee-ee\/blog\/","url":"https:\/\/flytorelocation.com\/ee-ee\/blog\/","name":"FAQ - Flyto Relocation Eesti","isPartOf":{"@id":"https:\/\/flytorelocation.com\/ee-ee\/#website"},"datePublished":"2025-10-17T16:02:33+00:00","dateModified":"2026-01-16T22:40:34+00:00","breadcrumb":{"@id":"https:\/\/flytorelocation.com\/ee-ee\/blog\/#breadcrumb"},"inLanguage":"fi","potentialAction":[{"@type":"ReadAction","target":["https:\/\/flytorelocation.com\/ee-ee\/blog\/"]}]},{"@type":"BreadcrumbList","@id":"https:\/\/flytorelocation.com\/ee-ee\/blog\/#breadcrumb","itemListElement":[{"@type":"ListItem","position":1,"name":"Etusivu","item":"https:\/\/flytorelocation.com\/ee-ee\/"},{"@type":"ListItem","position":2,"name":"FAQ"}]},{"@type":"WebSite","@id":"https:\/\/flytorelocation.com\/ee-ee\/#website","url":"https:\/\/flytorelocation.com\/ee-ee\/","name":"Flyto Relocation Eesti","description":"","publisher":{"@id":"https:\/\/flytorelocation.com\/ee-ee\/#organization"},"potentialAction":[{"@type":"SearchAction","target":{"@type":"EntryPoint","urlTemplate":"https:\/\/flytorelocation.com\/ee-ee\/?s={search_term_string}"},"query-input":{"@type":"PropertyValueSpecification","valueRequired":true,"valueName":"search_term_string"}}],"inLanguage":"fi"},{"@type":"Organization","@id":"https:\/\/flytorelocation.com\/ee-ee\/#organization","name":"Flyto Relocation Eesti","url":"https:\/\/flytorelocation.com\/ee-ee\/","logo":{"@type":"ImageObject","inLanguage":"fi","@id":"https:\/\/flytorelocation.com\/ee-ee\/#\/schema\/logo\/image\/","url":"https:\/\/flyto-wp-uploads.s3.eu-north-1.amazonaws.com\/wp-content\/uploads\/sites\/95\/2025\/10\/13130143\/Flyto-col.png","contentUrl":"https:\/\/flyto-wp-uploads.s3.eu-north-1.amazonaws.com\/wp-content\/uploads\/sites\/95\/2025\/10\/13130143\/Flyto-col.png","width":618,"height":337,"caption":"Flyto Relocation Eesti"},"image":{"@id":"https:\/\/flytorelocation.com\/ee-ee\/#\/schema\/logo\/image\/"}}]}},"acf":[],"_links":{"self":[{"href":"https:\/\/flytorelocation.com\/ee-ee\/wp-json\/wp\/v2\/pages\/733","targetHints":{"allow":["GET"]}}],"collection":[{"href":"https:\/\/flytorelocation.com\/ee-ee\/wp-json\/wp\/v2\/pages"}],"about":[{"href":"https:\/\/flytorelocation.com\/ee-ee\/wp-json\/wp\/v2\/types\/page"}],"author":[{"embeddable":true,"href":"https:\/\/flytorelocation.com\/ee-ee\/wp-json\/wp\/v2\/users\/1"}],"replies":[{"embeddable":true,"href":"https:\/\/flytorelocation.com\/ee-ee\/wp-json\/wp\/v2\/comments?post=733"}],"version-history":[{"count":7,"href":"https:\/\/flytorelocation.com\/ee-ee\/wp-json\/wp\/v2\/pages\/733\/revisions"}],"predecessor-version":[{"id":1346,"href":"https:\/\/flytorelocation.com\/ee-ee\/wp-json\/wp\/v2\/pages\/733\/revisions\/1346"}],"wp:attachment":[{"href":"https:\/\/flytorelocation.com\/ee-ee\/wp-json\/wp\/v2\/media?parent=733"}],"curies":[{"name":"wp","href":"https:\/\/api.w.org\/{rel}","templated":true}]}}