{"id":727,"date":"2025-10-17T19:02:33","date_gmt":"2025-10-17T16:02:33","guid":{"rendered":"https:\/\/flytorelocation.com\/ee-ee\/fi\/?page_id=82"},"modified":"2026-01-17T00:38:11","modified_gmt":"2026-01-16T22:38:11","slug":"about","status":"publish","type":"page","link":"https:\/\/flytorelocation.com\/ee-ee\/about\/","title":{"rendered":"About"},"content":{"rendered":"<p>[et_pb_section fb_built=&#8221;1&#8243; custom_padding_last_edited=&#8221;on|tablet&#8221; admin_label=&#8221;Header&#8221; _builder_version=&#8221;4.27.4&#8243; _module_preset=&#8221;default&#8221; background_enable_color=&#8221;off&#8221; background_enable_image=&#8221;off&#8221; background_blend=&#8221;screen&#8221; custom_padding=&#8221;||0px|||&#8221; custom_padding_tablet=&#8221;0px||0px||false|false&#8221; custom_padding_phone=&#8221;0px||0px||false|false&#8221; collapsed=&#8221;on&#8221; global_colors_info=&#8221;{%22gcid-secondary-color%22:%91%22background_color%22%93}&#8221;][et_pb_row _builder_version=&#8221;4.27.4&#8243; _module_preset=&#8221;default&#8221; global_colors_info=&#8221;{}&#8221; custom_margin=&#8221;-33px|auto||auto||&#8221;][et_pb_column type=&#8221;4_4&#8243; _builder_version=&#8221;4.27.4&#8243; _module_preset=&#8221;default&#8221; global_colors_info=&#8221;{}&#8221;][et_pb_heading title=&#8221;Maailma k\u00f5ige turvalisem kolimisviis.&#8221; _builder_version=&#8221;4.27.4&#8243; _module_preset=&#8221;_initial&#8221; title_font=&#8221;Flyto oma||||||||&#8221; title_text_color=&#8221;#CD207D&#8221; title_font_size=&#8221;62px&#8221; custom_margin=&#8221;||10px||false|false&#8221; custom_margin_tablet=&#8221;||10px||false|false&#8221; custom_margin_phone=&#8221;||10px||false|false&#8221; custom_margin_last_edited=&#8221;on|phone&#8221; custom_padding_tablet=&#8221;&#8221; custom_padding_phone=&#8221;0px||||false|false&#8221; custom_padding_last_edited=&#8221;on|phone&#8221; title_font_size_tablet=&#8221;40px&#8221; title_font_size_phone=&#8221;30px&#8221; title_font_size_last_edited=&#8221;on|phone&#8221; locked=&#8221;off&#8221; global_colors_info=&#8221;{}&#8221;][\/et_pb_heading][et_pb_text _builder_version=&#8221;4.27.4&#8243; _module_preset=&#8221;_initial&#8221; header_4_font=&#8221;Montserrat||||||||&#8221; global_colors_info=&#8221;{}&#8221;]<\/p>\n<h4><strong>Sest teie asjad ei v\u00e4\u00e4ri midagi v\u00e4hemat.<\/strong><\/h4>\n<p>[\/et_pb_text][\/et_pb_column][\/et_pb_row][\/et_pb_section][et_pb_section fb_built=&#8221;1&#8243; admin_label=&#8221;Video&#8221; _builder_version=&#8221;4.27.4&#8243; _module_preset=&#8221;default&#8221; custom_padding=&#8221;6px|||||&#8221; collapsed=&#8221;off&#8221; global_colors_info=&#8221;{}&#8221;][et_pb_row column_structure=&#8221;1_2,1_2&#8243; _builder_version=&#8221;4.27.4&#8243; _module_preset=&#8221;default&#8221; custom_padding=&#8221;0px||||false|false&#8221; collapsed=&#8221;off&#8221; global_colors_info=&#8221;{}&#8221;][et_pb_column type=&#8221;1_2&#8243; _builder_version=&#8221;4.27.4&#8243; _module_preset=&#8221;default&#8221; global_colors_info=&#8221;{}&#8221;][et_pb_video src=&#8221;https:\/\/www.youtube.com\/watch?v=De68tvldxAw&#8221; _builder_version=&#8221;4.27.4&#8243; _module_preset=&#8221;default&#8221; border_radii=&#8221;on|10px|10px|10px|10px&#8221; global_colors_info=&#8221;{}&#8221;][\/et_pb_video][et_pb_button button_url=&#8221;@ET-DC@eyJkeW5hbWljIjp0cnVlLCJjb250ZW50IjoicG9zdF9saW5rX3VybF9wYWdlIiwic2V0dGluZ3MiOnsicG9zdF9pZCI6IjIifX0=@&#8221; button_text=&#8221;Loe l\u00e4hemalt ohutuse kohta&#8221; _builder_version=&#8221;4.27.4&#8243; _dynamic_attributes=&#8221;button_url&#8221; _module_preset=&#8221;_initial&#8221; custom_button=&#8221;on&#8221; button_text_size=&#8221;16px&#8221; button_text_color=&#8221;#CD207D&#8221; button_border_color=&#8221;#CD207D&#8221; button_border_radius=&#8221;100px&#8221; button_font=&#8221;Outfit|600|||||||&#8221; button_use_icon=&#8221;off&#8221; custom_margin=&#8221;-2px||||false|false&#8221; custom_padding=&#8221;10px|26px|10px|26px|true|true&#8221; hover_enabled=&#8221;0&#8243; global_colors_info=&#8221;{%22gcid-f1e65d51-fa2f-4bf0-b2c1-8eab7001e8fd%22:%91%22button_text_color%22%93}&#8221; sticky_enabled=&#8221;0&#8243;][\/et_pb_button][\/et_pb_column][et_pb_column type=&#8221;1_2&#8243; _builder_version=&#8221;4.27.4&#8243; _module_preset=&#8221;default&#8221; global_colors_info=&#8221;{}&#8221;][et_pb_text _builder_version=&#8221;4.27.4&#8243; _module_preset=&#8221;_initial&#8221; text_font=&#8221;Montserrat||||||||&#8221; text_line_height=&#8221;1.6em&#8221; width=&#8221;100%&#8221; min_height=&#8221;79.2px&#8221; custom_margin=&#8221;||||false|false&#8221; custom_padding=&#8221;||||false|false&#8221; custom_padding_tablet=&#8221;||||false|false&#8221; custom_padding_phone=&#8221;||||false|false&#8221; custom_padding_last_edited=&#8221;on|phone&#8221; global_colors_info=&#8221;{}&#8221;]<\/p>\n<p>Flyto Relocationis ei ole ohutus mitte ainult osa meie teenusest \u2013 see on meie alustala. Oleme uhked, et oleme maailma turvaliseim kolimisfirma, mis \u00fchendab tipptasemel tehnoloogia v\u00f5rratu professionaalsusega, et kaitsta k\u00f5ige olulisemat.<\/p>\n<p>Iga Flyto s\u00f5iduk on varustatud t\u00e4iustatud kaameras\u00fcsteemi, reaalajas GPS-j\u00e4lgimise ja turvalise laadimistehnoloogiaga. Meie eritellimusel valmistatud seadmed ja asjatundlik k\u00e4sitsemine tagavad iga eseme kaitse \u2013 alates v\u00e4ljas\u00f5idust kuni kohaletoimetamiseni.<\/p>\n<p>Iga kolimise taga seisab koolitatud spetsialistide meeskond, kes kohtleb teie vara t\u00e4pselt, hoolikalt ja lugupidavalt. Flytoga v\u00f5ite olla kindel, et teie kolimine on mitte ainult sujuv, <strong>vaid ka igal sammul j\u00e4lgitav, kaitstud ja turvaline.<\/strong><\/p>\n<p>Sest meelerahu ei tohiks olla valikuline \u2013 see peaks olema garanteeritud.<\/p>\n<p>[\/et_pb_text][\/et_pb_column][\/et_pb_row][\/et_pb_section][et_pb_section fb_built=&#8221;1&#8243; _builder_version=&#8221;4.27.4&#8243; _module_preset=&#8221;default&#8221; background_color=&#8221;#fafafa&#8221; custom_padding=&#8221;||||false|false&#8221; global_colors_info=&#8221;{}&#8221;][et_pb_row column_structure=&#8221;1_2,1_2&#8243; _builder_version=&#8221;4.27.4&#8243; _module_preset=&#8221;default&#8221; custom_padding=&#8221;||||false|false&#8221; global_colors_info=&#8221;{}&#8221;][et_pb_column type=&#8221;1_2&#8243; _builder_version=&#8221;4.27.4&#8243; _module_preset=&#8221;default&#8221; global_colors_info=&#8221;{}&#8221;][et_pb_text _builder_version=&#8221;4.27.4&#8243; _module_preset=&#8221;_initial&#8221; text_font=&#8221;Montserrat||||||||&#8221; header_3_font=&#8221;Poppins||||||||&#8221; header_3_font_size=&#8221;20px&#8221; header_3_line_height=&#8221;1.2em&#8221; global_colors_info=&#8221;{}&#8221;]<\/p>\n<h3 data-start=\"415\" data-end=\"467\"><strong data-start=\"419\" data-end=\"465\">Euroopa k\u00f5ige \u00fchendatum \u00fcmberpaigutamisv\u00f5rgustik<\/strong><\/h3>\n<p data-start=\"468\" data-end=\"509\"><strong data-start=\"468\" data-end=\"507\">Kohalik asjatundlikkus. Mandri-Euroopa ulatus.<\/strong><\/p>\n<p>Flyto Relocationiga tunned end Euroopas t\u00f5eliselt \u00fchendatuna. Meie kontorid \u00fcle mandri moodustavad \u00fche usaldusv\u00e4\u00e4rseima \u00fcmberpaigutamisv\u00f5rgustiku selles valdkonnas \u2013 see p\u00f5hineb isiklikul teenindusel, \u00fchistel standarditel ja kohalikul oskusteabel.<\/p>\n<p>Olenemata sellest, kas kolid Helsingisse, Malagasse v\u00f5i Dortmundi, on Flyto meeskond kohapeal olemas \u2013 valmis sind vastu v\u00f5tma, juhendama ja tagama, et k\u00f5ik sujuks laitmatult.<\/p>\n<p>Me ei vea inimesi ainult l\u00e4bi Euroopa \u2013 me veame inimesi Euroopa sees osana sujuvast ja hoolivast v\u00f5rgustikust, mis r\u00e4\u00e4gib sinu keelt ja m\u00f5istab sinu teekonda.<\/p>\n<p>Sest t\u00f5eline meelerahu tuleb teadmisest, et oleme juba kohal enne, kui sa isegi saabud. \ud83c\udf0d<\/p>\n<p>[\/et_pb_text][et_pb_button button_url=&#8221;@ET-DC@eyJkeW5hbWljIjp0cnVlLCJjb250ZW50IjoicG9zdF9saW5rX3VybF9wYWdlIiwic2V0dGluZ3MiOnsicG9zdF9pZCI6IjcyNiJ9fQ==@&#8221; button_text=&#8221;Meie \u00fcmberpaigutamise v\u00f5rgustik&#8221; _builder_version=&#8221;4.27.4&#8243; _dynamic_attributes=&#8221;button_url&#8221; _module_preset=&#8221;_initial&#8221; custom_button=&#8221;on&#8221; button_text_size=&#8221;16px&#8221; button_text_color=&#8221;#CD207D&#8221; button_border_color=&#8221;#CD207D&#8221; button_border_radius=&#8221;100px&#8221; button_font=&#8221;Outfit|600|||||||&#8221; button_use_icon=&#8221;off&#8221; custom_margin=&#8221;-10px||||false|false&#8221; custom_padding=&#8221;10px|26px|10px|26px|true|true&#8221; hover_enabled=&#8221;0&#8243; global_colors_info=&#8221;{%22gcid-f1e65d51-fa2f-4bf0-b2c1-8eab7001e8fd%22:%91%22button_text_color%22%93}&#8221; sticky_enabled=&#8221;0&#8243;][\/et_pb_button][\/et_pb_column][et_pb_column type=&#8221;1_2&#8243; _builder_version=&#8221;4.27.4&#8243; _module_preset=&#8221;default&#8221; global_colors_info=&#8221;{}&#8221;][et_pb_image src=&#8221;https:\/\/flyto-wp-uploads.s3.eu-north-1.amazonaws.com\/wp-content\/uploads\/sites\/95\/2025\/11\/04093023\/kotimuutto-muuttopalvelu-muutto_1_optimized-1.jpg&#8221; title_text=&#8221;kotimuutto-muuttopalvelu-muutto_1_optimized (1)&#8221; _builder_version=&#8221;4.27.4&#8243; _module_preset=&#8221;default&#8221; border_radii=&#8221;on|20px|20px|20px|20px&#8221; global_colors_info=&#8221;{}&#8221;][\/et_pb_image][\/et_pb_column][\/et_pb_row][\/et_pb_section][et_pb_section fb_built=&#8221;1&#8243; _builder_version=&#8221;4.27.4&#8243; _module_preset=&#8221;default&#8221; global_colors_info=&#8221;{}&#8221;][et_pb_row column_structure=&#8221;1_2,1_2&#8243; _builder_version=&#8221;4.27.4&#8243; _module_preset=&#8221;default&#8221; custom_padding=&#8221;5px|||||&#8221; global_colors_info=&#8221;{}&#8221;][et_pb_column type=&#8221;1_2&#8243; _builder_version=&#8221;4.27.4&#8243; _module_preset=&#8221;default&#8221; global_colors_info=&#8221;{}&#8221;][et_pb_text _builder_version=&#8221;4.27.4&#8243; _module_preset=&#8221;_initial&#8221; text_font=&#8221;Montserrat||||||||&#8221; header_3_font=&#8221;Poppins||||||||&#8221; header_3_font_size=&#8221;20px&#8221; header_3_line_height=&#8221;1.2em&#8221; global_colors_info=&#8221;{}&#8221;]<\/p>\n<h3 data-start=\"1184\" data-end=\"1225\"><span style=\"color: #000000\"><strong data-start=\"1188\" data-end=\"1223\">Lihtsad paketid. T\u00e4iuslikud k\u00e4igud.<\/strong><\/span><\/h3>\n<p data-start=\"1226\" data-end=\"1275\"><span style=\"color: #666666\"><strong data-start=\"1226\" data-end=\"1273\">Tipptasemel \u00fcmberpaigutamine on imeliselt lihtne.<\/strong><\/span><\/p>\n<p>Usume, et suurep\u00e4rane teenindus ei tohiks olla keeruline \u2013 seega oleme oma \u00fcmberasumispaketid kujundanud v\u00f5imalikult selgeks. Ei mingit peent kirja ega segadust \u2013 lihtsalt otsekohesed lahendused, mis sobivad teie vajaduste, eelarve ja elustiiliga.<\/p>\n<p>Iga Flyto pakett sisaldab k\u00f5ike, mida te tegelikult vajate (ja mitte midagi \u00fcleliigset): professionaalset pakkimist, turvalist transporti, kindlustust, j\u00e4lgimist ja tuge igal sammul.<\/p>\n<p>Te teate alati t\u00e4pselt, mis on hinna sees ja kui palju see maksab \u2013 sest l\u00e4bipaistvus on osa luksusest.<\/p>\n<p>V\u00e4lismaal kolimine v\u00f5ib olla suur muutus, aga \u00f5ige \u00fcmberasumispaketi valimine? Flytoga on see osa lihtne. \u2728<\/p>\n<p>[\/et_pb_text][\/et_pb_column][et_pb_column type=&#8221;1_2&#8243; _builder_version=&#8221;4.27.4&#8243; _module_preset=&#8221;default&#8221; global_colors_info=&#8221;{}&#8221;][et_pb_image src=&#8221;https:\/\/flyto-wp-uploads.s3.eu-north-1.amazonaws.com\/wp-content\/uploads\/sites\/95\/2025\/10\/03182729\/FLYTO_-_Muutto_-_Kuvaaja_Nuuti_Paananen_4_1_1_1000.jpg&#8221; title_text=&#8221;FLYTO_-_Muutto_-_Kuvaaja_Nuuti_Paananen_4_1_1_1000&#8243; disabled_on=&#8221;off|off|off&#8221; _builder_version=&#8221;4.27.4&#8243; _module_preset=&#8221;default&#8221; border_radii=&#8221;on|20px|20px|20px|20px&#8221; global_colors_info=&#8221;{}&#8221;][\/et_pb_image][et_pb_button button_url=&#8221;@ET-DC@eyJkeW5hbWljIjp0cnVlLCJjb250ZW50IjoicG9zdF9saW5rX3VybF9wYWdlIiwic2V0dGluZ3MiOnsicG9zdF9pZCI6IjczMCJ9fQ==@&#8221; button_text=&#8221;K\u00f5ik teenused&#8221; _builder_version=&#8221;4.27.4&#8243; _dynamic_attributes=&#8221;button_url&#8221; _module_preset=&#8221;_initial&#8221; custom_button=&#8221;on&#8221; button_text_size=&#8221;16px&#8221; button_text_color=&#8221;#CD207D&#8221; button_border_color=&#8221;#CD207D&#8221; button_border_radius=&#8221;100px&#8221; button_font=&#8221;Outfit|600|||||||&#8221; button_use_icon=&#8221;off&#8221; custom_margin=&#8221;-2px||||false|false&#8221; custom_padding=&#8221;10px|26px|10px|26px|true|true&#8221; hover_enabled=&#8221;0&#8243; global_colors_info=&#8221;{%22gcid-f1e65d51-fa2f-4bf0-b2c1-8eab7001e8fd%22:%91%22button_text_color%22%93}&#8221; sticky_enabled=&#8221;0&#8243;][\/et_pb_button][\/et_pb_column][\/et_pb_row][\/et_pb_section]<\/p>\n","protected":false},"excerpt":{"rendered":"<p>Sest teie asjad ei v\u00e4\u00e4ri midagi v\u00e4hemat.Flyto Relocationis ei ole ohutus mitte ainult osa meie teenusest \u2013 see on meie alustala. Oleme uhked, et oleme maailma turvaliseim kolimisfirma, mis \u00fchendab tipptasemel tehnoloogia v\u00f5rratu professionaalsusega, et kaitsta k\u00f5ige olulisemat. Iga Flyto s\u00f5iduk on varustatud t\u00e4iustatud kaameras\u00fcsteemi, reaalajas GPS-j\u00e4lgimise ja turvalise laadimistehnoloogiaga. Meie eritellimusel valmistatud seadmed ja [&hellip;]<\/p>\n","protected":false},"author":1,"featured_media":0,"parent":0,"menu_order":0,"comment_status":"closed","ping_status":"closed","template":"","meta":{"_et_pb_use_builder":"on","_et_pb_old_content":"","_et_gb_content_width":"","footnotes":""},"class_list":["post-727","page","type-page","status-publish","hentry"],"yoast_head":"<!-- This site is optimized with the Yoast SEO plugin v26.3 - https:\/\/yoast.com\/wordpress\/plugins\/seo\/ -->\n<title>About - Flyto Relocation Eesti<\/title>\n<meta name=\"robots\" content=\"index, follow, max-snippet:-1, max-image-preview:large, max-video-preview:-1\" \/>\n<link rel=\"canonical\" href=\"https:\/\/flytorelocation.com\/ee-ee\/about\/\" \/>\n<meta property=\"og:locale\" content=\"fi_FI\" \/>\n<meta property=\"og:type\" content=\"article\" \/>\n<meta property=\"og:title\" content=\"About - Flyto Relocation Eesti\" \/>\n<meta property=\"og:description\" content=\"Sest teie asjad ei v\u00e4\u00e4ri midagi v\u00e4hemat.Flyto Relocationis ei ole ohutus mitte ainult osa meie teenusest \u2013 see on meie alustala. Oleme uhked, et oleme maailma turvaliseim kolimisfirma, mis \u00fchendab tipptasemel tehnoloogia v\u00f5rratu professionaalsusega, et kaitsta k\u00f5ige olulisemat. Iga Flyto s\u00f5iduk on varustatud t\u00e4iustatud kaameras\u00fcsteemi, reaalajas GPS-j\u00e4lgimise ja turvalise laadimistehnoloogiaga. Meie eritellimusel valmistatud seadmed ja [&hellip;]\" \/>\n<meta property=\"og:url\" content=\"https:\/\/flytorelocation.com\/ee-ee\/about\/\" \/>\n<meta property=\"og:site_name\" content=\"Flyto Relocation Eesti\" \/>\n<meta property=\"article:modified_time\" content=\"2026-01-16T22:38:11+00:00\" \/>\n<meta name=\"twitter:card\" content=\"summary_large_image\" \/>\n<meta name=\"twitter:label1\" content=\"Arvioitu lukuaika\" \/>\n\t<meta name=\"twitter:data1\" content=\"6 minuuttia\" \/>\n<script type=\"application\/ld+json\" class=\"yoast-schema-graph\">{\"@context\":\"https:\/\/schema.org\",\"@graph\":[{\"@type\":\"WebPage\",\"@id\":\"https:\/\/flytorelocation.com\/ee-ee\/about\/\",\"url\":\"https:\/\/flytorelocation.com\/ee-ee\/about\/\",\"name\":\"About - Flyto Relocation Eesti\",\"isPartOf\":{\"@id\":\"https:\/\/flytorelocation.com\/ee-ee\/#website\"},\"datePublished\":\"2025-10-17T16:02:33+00:00\",\"dateModified\":\"2026-01-16T22:38:11+00:00\",\"breadcrumb\":{\"@id\":\"https:\/\/flytorelocation.com\/ee-ee\/about\/#breadcrumb\"},\"inLanguage\":\"fi\",\"potentialAction\":[{\"@type\":\"ReadAction\",\"target\":[\"https:\/\/flytorelocation.com\/ee-ee\/about\/\"]}]},{\"@type\":\"BreadcrumbList\",\"@id\":\"https:\/\/flytorelocation.com\/ee-ee\/about\/#breadcrumb\",\"itemListElement\":[{\"@type\":\"ListItem\",\"position\":1,\"name\":\"Etusivu\",\"item\":\"https:\/\/flytorelocation.com\/ee-ee\/\"},{\"@type\":\"ListItem\",\"position\":2,\"name\":\"About\"}]},{\"@type\":\"WebSite\",\"@id\":\"https:\/\/flytorelocation.com\/ee-ee\/#website\",\"url\":\"https:\/\/flytorelocation.com\/ee-ee\/\",\"name\":\"Flyto Relocation Eesti\",\"description\":\"\",\"publisher\":{\"@id\":\"https:\/\/flytorelocation.com\/ee-ee\/#organization\"},\"potentialAction\":[{\"@type\":\"SearchAction\",\"target\":{\"@type\":\"EntryPoint\",\"urlTemplate\":\"https:\/\/flytorelocation.com\/ee-ee\/?s={search_term_string}\"},\"query-input\":{\"@type\":\"PropertyValueSpecification\",\"valueRequired\":true,\"valueName\":\"search_term_string\"}}],\"inLanguage\":\"fi\"},{\"@type\":\"Organization\",\"@id\":\"https:\/\/flytorelocation.com\/ee-ee\/#organization\",\"name\":\"Flyto Relocation Eesti\",\"url\":\"https:\/\/flytorelocation.com\/ee-ee\/\",\"logo\":{\"@type\":\"ImageObject\",\"inLanguage\":\"fi\",\"@id\":\"https:\/\/flytorelocation.com\/ee-ee\/#\/schema\/logo\/image\/\",\"url\":\"https:\/\/flyto-wp-uploads.s3.eu-north-1.amazonaws.com\/wp-content\/uploads\/sites\/95\/2025\/10\/13130143\/Flyto-col.png\",\"contentUrl\":\"https:\/\/flyto-wp-uploads.s3.eu-north-1.amazonaws.com\/wp-content\/uploads\/sites\/95\/2025\/10\/13130143\/Flyto-col.png\",\"width\":618,\"height\":337,\"caption\":\"Flyto Relocation Eesti\"},\"image\":{\"@id\":\"https:\/\/flytorelocation.com\/ee-ee\/#\/schema\/logo\/image\/\"}}]}<\/script>\n<!-- \/ Yoast SEO plugin. -->","yoast_head_json":{"title":"About - Flyto Relocation Eesti","robots":{"index":"index","follow":"follow","max-snippet":"max-snippet:-1","max-image-preview":"max-image-preview:large","max-video-preview":"max-video-preview:-1"},"canonical":"https:\/\/flytorelocation.com\/ee-ee\/about\/","og_locale":"fi_FI","og_type":"article","og_title":"About - Flyto Relocation Eesti","og_description":"Sest teie asjad ei v\u00e4\u00e4ri midagi v\u00e4hemat.Flyto Relocationis ei ole ohutus mitte ainult osa meie teenusest \u2013 see on meie alustala. Oleme uhked, et oleme maailma turvaliseim kolimisfirma, mis \u00fchendab tipptasemel tehnoloogia v\u00f5rratu professionaalsusega, et kaitsta k\u00f5ige olulisemat. Iga Flyto s\u00f5iduk on varustatud t\u00e4iustatud kaameras\u00fcsteemi, reaalajas GPS-j\u00e4lgimise ja turvalise laadimistehnoloogiaga. Meie eritellimusel valmistatud seadmed ja [&hellip;]","og_url":"https:\/\/flytorelocation.com\/ee-ee\/about\/","og_site_name":"Flyto Relocation Eesti","article_modified_time":"2026-01-16T22:38:11+00:00","twitter_card":"summary_large_image","twitter_misc":{"Arvioitu lukuaika":"6 minuuttia"},"schema":{"@context":"https:\/\/schema.org","@graph":[{"@type":"WebPage","@id":"https:\/\/flytorelocation.com\/ee-ee\/about\/","url":"https:\/\/flytorelocation.com\/ee-ee\/about\/","name":"About - Flyto Relocation Eesti","isPartOf":{"@id":"https:\/\/flytorelocation.com\/ee-ee\/#website"},"datePublished":"2025-10-17T16:02:33+00:00","dateModified":"2026-01-16T22:38:11+00:00","breadcrumb":{"@id":"https:\/\/flytorelocation.com\/ee-ee\/about\/#breadcrumb"},"inLanguage":"fi","potentialAction":[{"@type":"ReadAction","target":["https:\/\/flytorelocation.com\/ee-ee\/about\/"]}]},{"@type":"BreadcrumbList","@id":"https:\/\/flytorelocation.com\/ee-ee\/about\/#breadcrumb","itemListElement":[{"@type":"ListItem","position":1,"name":"Etusivu","item":"https:\/\/flytorelocation.com\/ee-ee\/"},{"@type":"ListItem","position":2,"name":"About"}]},{"@type":"WebSite","@id":"https:\/\/flytorelocation.com\/ee-ee\/#website","url":"https:\/\/flytorelocation.com\/ee-ee\/","name":"Flyto Relocation Eesti","description":"","publisher":{"@id":"https:\/\/flytorelocation.com\/ee-ee\/#organization"},"potentialAction":[{"@type":"SearchAction","target":{"@type":"EntryPoint","urlTemplate":"https:\/\/flytorelocation.com\/ee-ee\/?s={search_term_string}"},"query-input":{"@type":"PropertyValueSpecification","valueRequired":true,"valueName":"search_term_string"}}],"inLanguage":"fi"},{"@type":"Organization","@id":"https:\/\/flytorelocation.com\/ee-ee\/#organization","name":"Flyto Relocation Eesti","url":"https:\/\/flytorelocation.com\/ee-ee\/","logo":{"@type":"ImageObject","inLanguage":"fi","@id":"https:\/\/flytorelocation.com\/ee-ee\/#\/schema\/logo\/image\/","url":"https:\/\/flyto-wp-uploads.s3.eu-north-1.amazonaws.com\/wp-content\/uploads\/sites\/95\/2025\/10\/13130143\/Flyto-col.png","contentUrl":"https:\/\/flyto-wp-uploads.s3.eu-north-1.amazonaws.com\/wp-content\/uploads\/sites\/95\/2025\/10\/13130143\/Flyto-col.png","width":618,"height":337,"caption":"Flyto Relocation Eesti"},"image":{"@id":"https:\/\/flytorelocation.com\/ee-ee\/#\/schema\/logo\/image\/"}}]}},"acf":[],"_links":{"self":[{"href":"https:\/\/flytorelocation.com\/ee-ee\/wp-json\/wp\/v2\/pages\/727","targetHints":{"allow":["GET"]}}],"collection":[{"href":"https:\/\/flytorelocation.com\/ee-ee\/wp-json\/wp\/v2\/pages"}],"about":[{"href":"https:\/\/flytorelocation.com\/ee-ee\/wp-json\/wp\/v2\/types\/page"}],"author":[{"embeddable":true,"href":"https:\/\/flytorelocation.com\/ee-ee\/wp-json\/wp\/v2\/users\/1"}],"replies":[{"embeddable":true,"href":"https:\/\/flytorelocation.com\/ee-ee\/wp-json\/wp\/v2\/comments?post=727"}],"version-history":[{"count":16,"href":"https:\/\/flytorelocation.com\/ee-ee\/wp-json\/wp\/v2\/pages\/727\/revisions"}],"predecessor-version":[{"id":1343,"href":"https:\/\/flytorelocation.com\/ee-ee\/wp-json\/wp\/v2\/pages\/727\/revisions\/1343"}],"wp:attachment":[{"href":"https:\/\/flytorelocation.com\/ee-ee\/wp-json\/wp\/v2\/media?parent=727"}],"curies":[{"name":"wp","href":"https:\/\/api.w.org\/{rel}","templated":true}]}}