{"id":726,"date":"2025-10-17T19:02:33","date_gmt":"2025-10-17T16:02:33","guid":{"rendered":"https:\/\/flytorelocation.com\/ee-ee\/fi\/?page_id=80"},"modified":"2026-01-17T00:45:52","modified_gmt":"2026-01-16T22:45:52","slug":"network","status":"publish","type":"page","link":"https:\/\/flytorelocation.com\/ee-ee\/network\/","title":{"rendered":"Network"},"content":{"rendered":"<p>[et_pb_section fb_built=&#8221;1&#8243; custom_padding_last_edited=&#8221;on|phone&#8221; admin_label=&#8221;Header&#8221; _builder_version=&#8221;4.27.4&#8243; _module_preset=&#8221;default&#8221; background_enable_image=&#8221;off&#8221; custom_padding=&#8221;9px||9px||true|false&#8221; custom_padding_tablet=&#8221;80px||80px||true|false&#8221; custom_padding_phone=&#8221;60px||60px||true|false&#8221; border_radii=&#8221;off|||3vw|3vw&#8221; collapsed=&#8221;on&#8221; global_colors_info=&#8221;{}&#8221;][et_pb_row _builder_version=&#8221;4.27.4&#8243; _module_preset=&#8221;default&#8221; global_colors_info=&#8221;{}&#8221;][et_pb_column type=&#8221;4_4&#8243; _builder_version=&#8221;4.22.0&#8243; _module_preset=&#8221;default&#8221; global_colors_info=&#8221;{}&#8221;][et_pb_heading title=&#8221;Lenda \u00fcle Euroopa&#8221; _builder_version=&#8221;4.27.4&#8243; _module_preset=&#8221;_initial&#8221; title_font=&#8221;Flyto oma||||||||&#8221; title_text_color=&#8221;#CD207D&#8221; title_font_size=&#8221;62px&#8221; custom_margin=&#8221;||10px||false|false&#8221; custom_margin_tablet=&#8221;||10px||false|false&#8221; custom_margin_phone=&#8221;||10px||false|false&#8221; custom_margin_last_edited=&#8221;on|phone&#8221; custom_padding_tablet=&#8221;&#8221; custom_padding_phone=&#8221;0px||||false|false&#8221; custom_padding_last_edited=&#8221;on|phone&#8221; hover_enabled=&#8221;0&#8243; title_font_size_tablet=&#8221;40px&#8221; title_font_size_phone=&#8221;30px&#8221; title_font_size_last_edited=&#8221;on|phone&#8221; locked=&#8221;off&#8221; global_colors_info=&#8221;{}&#8221; sticky_enabled=&#8221;0&#8243;][\/et_pb_heading][et_pb_text _builder_version=&#8221;4.27.4&#8243; _module_preset=&#8221;_initial&#8221; text_font=&#8221;Montserrat||||||||&#8221; text_line_height=&#8221;1.6em&#8221; width=&#8221;100%&#8221; min_height=&#8221;79.2px&#8221; custom_margin=&#8221;||||false|false&#8221; custom_padding=&#8221;||||false|false&#8221; custom_padding_tablet=&#8221;||||false|false&#8221; custom_padding_phone=&#8221;||||false|false&#8221; custom_padding_last_edited=&#8221;on|phone&#8221; global_colors_info=&#8221;{}&#8221;]<\/p>\n<p>Kuhu iganes te ka ei koliks \u2013 p\u00f5hja, l\u00f5unasse, itta v\u00f5i l\u00e4\u00e4nde \u2013 Flyto on teie jaoks olemas, et muuta teie \u00fcmberasumine sujuvaks, turvaliseks ja t\u00e4ielikult hallatud.<\/p>\n<p>Meie v\u00f5rgustik h\u00f5lmab <strong>19 Euroopa riiki<\/strong> ning spetsiaalsed kohalikud kontorid tagavad esmaklassilised \u00fcmberasumisteenused kogu mandril.<\/p>\n<p>[\/et_pb_text][\/et_pb_column][\/et_pb_row][\/et_pb_section][et_pb_section fb_built=&#8221;1&#8243; _builder_version=&#8221;4.27.4&#8243; _module_preset=&#8221;default&#8221; background_color=&#8221;#fafafa&#8221; global_colors_info=&#8221;{}&#8221;][et_pb_row column_structure=&#8221;1_4,1_4,1_4,1_4&#8243; _builder_version=&#8221;4.27.0&#8243; _module_preset=&#8221;default&#8221; custom_margin=&#8221;|auto|33px|auto||&#8221; global_colors_info=&#8221;{}&#8221;][et_pb_column type=&#8221;1_4&#8243; _builder_version=&#8221;4.22.0&#8243; _module_preset=&#8221;default&#8221; global_colors_info=&#8221;{}&#8221;][et_pb_heading title=&#8221;Kohalik asjatundlikkus, globaalsed standardid&#8221; _builder_version=&#8221;4.27.4&#8243; _module_preset=&#8221;_initial&#8221; title_font=&#8221;Flyto oma||||||||&#8221; title_text_color=&#8221;#CD207D&#8221; title_line_height=&#8221;1.2em&#8221; custom_margin=&#8221;||10px||false|false&#8221; locked=&#8221;off&#8221; global_colors_info=&#8221;{}&#8221;][\/et_pb_heading][et_pb_text _builder_version=&#8221;4.27.4&#8243; _module_preset=&#8221;_initial&#8221; text_font=&#8221;Montserrat||||||||&#8221; header_5_font=&#8221;Poppins||||||||&#8221; global_colors_info=&#8221;{}&#8221;]<\/p>\n<h5><strong>P\u00f5hja-Euroopa<\/strong><\/h5>\n<p>\ud83c\uddeb\ud83c\uddee <strong>Soome<\/strong> \u2013 Meie peakontor ja kodubaas, pakkudes t\u00e4isteenusega rahvusvahelisi kolimisi p\u00f5hjamaise t\u00e4psusega.<br \/> \ud83c\uddf8\ud83c\uddea <strong>Rootsi<\/strong> \u2013 Asjatundlik tugi sissetulevateks ja v\u00e4ljaminevateks kolimisteks kogu Skandinaavia d\u00fcnaamilisel turul.<br \/> \ud83c\uddf3\ud83c\uddf4 <strong>Norra<\/strong> \u2013 Turvaline ja usaldusv\u00e4\u00e4rne logistika keerulisel maastikul ja pikkadel vahemaadel.<br \/> \ud83c\udde9\ud83c\uddf0 <strong>Taani<\/strong> \u2013 T\u00f5husad ja j\u00e4tkusuutlikud kolimislahendused \u00fcle kogu Taani.<\/p>\n<p>[\/et_pb_text][\/et_pb_column][et_pb_column type=&#8221;1_4&#8243; _builder_version=&#8221;4.27.4&#8243; _module_preset=&#8221;default&#8221; global_colors_info=&#8221;{}&#8221;][et_pb_text _builder_version=&#8221;4.27.4&#8243; _module_preset=&#8221;_initial&#8221; text_font=&#8221;Montserrat||||||||&#8221; header_5_font=&#8221;Poppins||||||||&#8221; global_colors_info=&#8221;{}&#8221;]<\/p>\n<h5><strong>Kesk-Euroopa<\/strong><\/h5>\n<p>\ud83c\udde9\ud83c\uddea <strong>Saksamaa<\/strong> \u2013 Flyto oluline s\u00f5lmpunkt, mis \u00fchendab P\u00f5hja- ja L\u00f5una-Euroopat sujuvate operatsioonidega.<br \/> \ud83c\uddf3\ud83c\uddf1 <strong>Madalmaad<\/strong> \u2013 Kiired ja h\u00e4sti organiseeritud kolimisteenused \u00fches Euroopa k\u00f5ige tihedama liiklusega transpordikeskuses.<br \/> \ud83c\udde7\ud83c\uddea <strong>Belgia<\/strong> \u2013 Kohalik asjatundlikkus peredele, spetsialistidele ja diplomaatidele piiri\u00fcleste kolimiste puhul.<br \/> \ud83c\uddf1\ud83c\uddfa <strong>Luksemburg<\/strong> \u2013 Kohandatud teenused v\u00e4lismaalastele ja ettev\u00f5tete kolimistele Euroopa finantss\u00fcdames.<br \/> \ud83c\udde8\ud83c\udded <strong>\u0160veits<\/strong> \u2013 Premium-kolimised, p\u00f6\u00f6rates erilist t\u00e4helepanu tolli- ja piiri\u00fclestele regulatsioonidele.<br \/> \ud83c\udde6\ud83c\uddf9 <strong>Austria<\/strong> \u2013 Kolimistoetus Alpides ja kaugemalgi, teostatud Flyto usaldusv\u00e4\u00e4rse t\u00e4psusega.<\/p>\n<p>[\/et_pb_text][\/et_pb_column][et_pb_column type=&#8221;1_4&#8243; _builder_version=&#8221;4.27.4&#8243; _module_preset=&#8221;default&#8221; global_colors_info=&#8221;{}&#8221;][et_pb_text _builder_version=&#8221;4.27.4&#8243; _module_preset=&#8221;_initial&#8221; text_font=&#8221;Montserrat||||||||&#8221; header_5_font=&#8221;Poppins||||||||&#8221; global_colors_info=&#8221;{}&#8221;]<\/p>\n<h5><strong>L\u00f5una-Euroopa<\/strong><\/h5>\n<p>\ud83c\uddeb\ud83c\uddf7 <strong>Prantsusmaa<\/strong> \u2013 Sujuvad kolimiskogemused Prantsusmaa suurlinnades ja v\u00f5luvas maapiirkonnas.<br \/> \ud83c\uddee\ud83c\uddf9 <strong>Itaalia<\/strong> \u2013 Personaalsed kolimisteenused, mis on loodud mugavuse ja elustiili muutuste toetamiseks.<br \/> \ud83c\uddea\ud83c\uddf8 <strong>Hispaania<\/strong> \u2013 Perede ja spetsialistide usaldusv\u00e4\u00e4rne valik p\u00e4ikeselisse Vahemere piirkonda kolimisel.<br \/> \ud83c\uddf5\ud83c\uddf9 <strong>Portugal<\/strong> \u2013 S\u00f5bralik sihtkoht, mida toetab Flyto usaldusv\u00e4\u00e4rne kolimiskoordineerimine.<\/p>\n<p>[\/et_pb_text][et_pb_text _builder_version=&#8221;4.27.4&#8243; _module_preset=&#8221;_initial&#8221; text_font=&#8221;Montserrat||||||||&#8221; header_5_font=&#8221;Poppins||||||||&#8221; global_colors_info=&#8221;{}&#8221;]<\/p>\n<h5><strong>Briti saared<\/strong><\/h5>\n<p>\ud83c\uddec\ud83c\udde7 <strong>\u00dchendkuningriik<\/strong> \u2013 Asjatundlik tugi rahvusvahelisteks kolimisteks \u00dchendkuningriiki ja sealt v\u00e4lja Brexitij\u00e4rgsel ajal.<br \/> \ud83c\uddee\ud83c\uddea <strong>Iirimaa<\/strong> \u2013 Professionaalne kolimisabi nii eraisikutele kui ka \u00e4riklientidele.<\/p>\n<p>[\/et_pb_text][\/et_pb_column][et_pb_column type=&#8221;1_4&#8243; _builder_version=&#8221;4.22.0&#8243; _module_preset=&#8221;default&#8221; global_colors_info=&#8221;{}&#8221;][et_pb_code _builder_version=&#8221;4.27.4&#8243; _module_preset=&#8221;default&#8221; global_colors_info=&#8221;{}&#8221;][\/et_pb_code][et_pb_text _builder_version=&#8221;4.27.4&#8243; _module_preset=&#8221;_initial&#8221; text_font=&#8221;Montserrat||||||||&#8221; header_5_font=&#8221;Poppins||||||||&#8221; custom_margin=&#8221;-34px|||||&#8221; global_colors_info=&#8221;{}&#8221;]<\/p>\n<h5><strong>Ida-Euroopa<\/strong><\/h5>\n<p>\ud83c\uddea\ud83c\uddea <strong>Eesti<\/strong> \u2013 Kiiresti kasvav p\u00f5hjamaine turg, mida toetab Flyto usaldusv\u00e4\u00e4rne kolimisv\u00f5rgustik.<br \/> \ud83c\uddf5\ud83c\uddf1 <strong>Poola<\/strong> \u2013 Tugev logistika ja kohalikud partnerlussuhted muudavad sisse- ja v\u00e4ljakolimise lihtsaks.<br \/> \ud83c\udde8\ud83c\uddff <strong>T\u0161ehhi Vabariik<\/strong> \u2013 P\u00f5hjalikud kolimisteenused nii ettev\u00f5tetele kui ka eraklientidele.<\/p>\n<p>[\/et_pb_text][\/et_pb_column][\/et_pb_row][\/et_pb_section][et_pb_section fb_built=&#8221;1&#8243; admin_label=&#8221;Services&#8221; _builder_version=&#8221;4.27.4&#8243; _module_preset=&#8221;default&#8221; background_enable_color=&#8221;off&#8221; collapsed=&#8221;on&#8221; global_colors_info=&#8221;{}&#8221;][et_pb_row column_structure=&#8221;1_2,1_2&#8243; _builder_version=&#8221;4.27.4&#8243; _module_preset=&#8221;default&#8221; global_colors_info=&#8221;{}&#8221;][et_pb_column type=&#8221;1_2&#8243; _builder_version=&#8221;4.27.4&#8243; _module_preset=&#8221;default&#8221; global_colors_info=&#8221;{}&#8221;][et_pb_text _builder_version=&#8221;4.27.4&#8243; _module_preset=&#8221;_initial&#8221; text_font=&#8221;Montserrat||||||||&#8221; header_2_font=&#8221;Flyto oma||||||||&#8221; header_2_text_color=&#8221;#CD207D&#8221; header_2_font_size=&#8221;28px&#8221; custom_margin=&#8221;30px||||false|false&#8221; global_colors_info=&#8221;{}&#8221;]<\/p>\n<h2>Liigu enesekindlalt m\u00f6\u00f6da Euroopat<\/h2>\n<p>[\/et_pb_text][et_pb_text _builder_version=&#8221;4.27.4&#8243; _module_preset=&#8221;_initial&#8221; text_font=&#8221;Montserrat||||||||&#8221; text_line_height=&#8221;1.6em&#8221; width=&#8221;100%&#8221; min_height=&#8221;79.2px&#8221; custom_margin=&#8221;-20px||||false|false&#8221; custom_padding=&#8221;||||false|false&#8221; custom_padding_tablet=&#8221;||||false|false&#8221; custom_padding_phone=&#8221;||||false|false&#8221; custom_padding_last_edited=&#8221;on|phone&#8221; locked=&#8221;off&#8221; global_colors_info=&#8221;{}&#8221;]<\/p>\n<p>Olenemata sellest, kas kolite oma kodu, perekonda v\u00f5i ettev\u00f5tet, on Flyto teie usaldusv\u00e4\u00e4rne partner 19 Euroopa riigis.<br \/>Meie \u00fchendatud v\u00f5rgustik tagab, et iga kolimine \u2013 Helsingist Lissaboni v\u00f5i Stockholmist Rooma \u2013 toimub t\u00e4pselt, hoolikalt ja isikliku l\u00e4henemisega.<br \/>Kuhu iganes elu teid j\u00e4rgmiseks ka ei viiks, tagame, et teie teekond algab sujuvalt.<\/p>\n<p>[\/et_pb_text][et_pb_button button_url=&#8221;@ET-DC@eyJkeW5hbWljIjp0cnVlLCJjb250ZW50IjoicG9zdF9saW5rX3VybF9wYWdlIiwic2V0dGluZ3MiOnsicG9zdF9pZCI6IjczMCJ9fQ==@&#8221; button_text=&#8221;Avastage meie teenuseid&#8221; _builder_version=&#8221;4.27.4&#8243; _dynamic_attributes=&#8221;button_url&#8221; _module_preset=&#8221;_initial&#8221; custom_button=&#8221;on&#8221; button_text_size=&#8221;16px&#8221; button_text_color=&#8221;#CD207D&#8221; button_bg_color=&#8221;#FFFFFF&#8221; button_border_color=&#8221;#CD207D&#8221; button_border_radius=&#8221;100px&#8221; button_font=&#8221;Outfit|600|||||||&#8221; button_use_icon=&#8221;off&#8221; custom_margin=&#8221;-10px||||false|false&#8221; custom_padding=&#8221;10px|26px|10px|26px|true|true&#8221; hover_enabled=&#8221;0&#8243; global_colors_info=&#8221;{%22gcid-f1e65d51-fa2f-4bf0-b2c1-8eab7001e8fd%22:%91%22button_text_color%22%93}&#8221; sticky_enabled=&#8221;0&#8243;][\/et_pb_button][\/et_pb_column][et_pb_column type=&#8221;1_2&#8243; _builder_version=&#8221;4.27.4&#8243; _module_preset=&#8221;default&#8221; global_colors_info=&#8221;{}&#8221;][et_pb_image src=&#8221;https:\/\/flyto-wp-uploads.s3.eu-north-1.amazonaws.com\/wp-content\/uploads\/sites\/95\/2025\/10\/03182725\/FLYTO_-_Muutto_-_Kuvaaja_Nuuti_Paananen_8_2_optimized_1000.jpg&#8221; title_text=&#8221;FLYTO_-_Muutto_-_Kuvaaja_Nuuti_Paananen_8_2_optimized_1000&#8243; _builder_version=&#8221;4.27.4&#8243; _module_preset=&#8221;default&#8221; border_radii=&#8221;on|10px|10px|10px|10px&#8221; global_colors_info=&#8221;{}&#8221;][\/et_pb_image][\/et_pb_column][\/et_pb_row][\/et_pb_section]<\/p>\n","protected":false},"excerpt":{"rendered":"<p>Kuhu iganes te ka ei koliks \u2013 p\u00f5hja, l\u00f5unasse, itta v\u00f5i l\u00e4\u00e4nde \u2013 Flyto on teie jaoks olemas, et muuta teie \u00fcmberasumine sujuvaks, turvaliseks ja t\u00e4ielikult hallatud. Meie v\u00f5rgustik h\u00f5lmab 19 Euroopa riiki ning spetsiaalsed kohalikud kontorid tagavad esmaklassilised \u00fcmberasumisteenused kogu mandril.P\u00f5hja-Euroopa \ud83c\uddeb\ud83c\uddee Soome \u2013 Meie peakontor ja kodubaas, pakkudes t\u00e4isteenusega rahvusvahelisi kolimisi p\u00f5hjamaise t\u00e4psusega. [&hellip;]<\/p>\n","protected":false},"author":1,"featured_media":0,"parent":0,"menu_order":0,"comment_status":"closed","ping_status":"closed","template":"","meta":{"_et_pb_use_builder":"on","_et_pb_old_content":"","_et_gb_content_width":"","footnotes":""},"class_list":["post-726","page","type-page","status-publish","hentry"],"yoast_head":"<!-- This site is optimized with the Yoast SEO plugin v26.3 - https:\/\/yoast.com\/wordpress\/plugins\/seo\/ -->\n<title>Network - Flyto Relocation Eesti<\/title>\n<meta name=\"robots\" content=\"index, follow, max-snippet:-1, max-image-preview:large, max-video-preview:-1\" \/>\n<link rel=\"canonical\" href=\"https:\/\/flytorelocation.com\/ee-ee\/network\/\" \/>\n<meta property=\"og:locale\" content=\"fi_FI\" \/>\n<meta property=\"og:type\" content=\"article\" \/>\n<meta property=\"og:title\" content=\"Network - Flyto Relocation Eesti\" \/>\n<meta property=\"og:description\" content=\"Kuhu iganes te ka ei koliks \u2013 p\u00f5hja, l\u00f5unasse, itta v\u00f5i l\u00e4\u00e4nde \u2013 Flyto on teie jaoks olemas, et muuta teie \u00fcmberasumine sujuvaks, turvaliseks ja t\u00e4ielikult hallatud. Meie v\u00f5rgustik h\u00f5lmab 19 Euroopa riiki ning spetsiaalsed kohalikud kontorid tagavad esmaklassilised \u00fcmberasumisteenused kogu mandril.P\u00f5hja-Euroopa \ud83c\uddeb\ud83c\uddee Soome \u2013 Meie peakontor ja kodubaas, pakkudes t\u00e4isteenusega rahvusvahelisi kolimisi p\u00f5hjamaise t\u00e4psusega. [&hellip;]\" \/>\n<meta property=\"og:url\" content=\"https:\/\/flytorelocation.com\/ee-ee\/network\/\" \/>\n<meta property=\"og:site_name\" content=\"Flyto Relocation Eesti\" \/>\n<meta property=\"article:modified_time\" content=\"2026-01-16T22:45:52+00:00\" \/>\n<meta name=\"twitter:card\" content=\"summary_large_image\" \/>\n<meta name=\"twitter:label1\" content=\"Arvioitu lukuaika\" \/>\n\t<meta name=\"twitter:data1\" content=\"6 minuuttia\" \/>\n<script type=\"application\/ld+json\" class=\"yoast-schema-graph\">{\"@context\":\"https:\/\/schema.org\",\"@graph\":[{\"@type\":\"WebPage\",\"@id\":\"https:\/\/flytorelocation.com\/ee-ee\/network\/\",\"url\":\"https:\/\/flytorelocation.com\/ee-ee\/network\/\",\"name\":\"Network - Flyto Relocation Eesti\",\"isPartOf\":{\"@id\":\"https:\/\/flytorelocation.com\/ee-ee\/#website\"},\"datePublished\":\"2025-10-17T16:02:33+00:00\",\"dateModified\":\"2026-01-16T22:45:52+00:00\",\"breadcrumb\":{\"@id\":\"https:\/\/flytorelocation.com\/ee-ee\/network\/#breadcrumb\"},\"inLanguage\":\"fi\",\"potentialAction\":[{\"@type\":\"ReadAction\",\"target\":[\"https:\/\/flytorelocation.com\/ee-ee\/network\/\"]}]},{\"@type\":\"BreadcrumbList\",\"@id\":\"https:\/\/flytorelocation.com\/ee-ee\/network\/#breadcrumb\",\"itemListElement\":[{\"@type\":\"ListItem\",\"position\":1,\"name\":\"Etusivu\",\"item\":\"https:\/\/flytorelocation.com\/ee-ee\/\"},{\"@type\":\"ListItem\",\"position\":2,\"name\":\"Network\"}]},{\"@type\":\"WebSite\",\"@id\":\"https:\/\/flytorelocation.com\/ee-ee\/#website\",\"url\":\"https:\/\/flytorelocation.com\/ee-ee\/\",\"name\":\"Flyto Relocation Eesti\",\"description\":\"\",\"publisher\":{\"@id\":\"https:\/\/flytorelocation.com\/ee-ee\/#organization\"},\"potentialAction\":[{\"@type\":\"SearchAction\",\"target\":{\"@type\":\"EntryPoint\",\"urlTemplate\":\"https:\/\/flytorelocation.com\/ee-ee\/?s={search_term_string}\"},\"query-input\":{\"@type\":\"PropertyValueSpecification\",\"valueRequired\":true,\"valueName\":\"search_term_string\"}}],\"inLanguage\":\"fi\"},{\"@type\":\"Organization\",\"@id\":\"https:\/\/flytorelocation.com\/ee-ee\/#organization\",\"name\":\"Flyto Relocation Eesti\",\"url\":\"https:\/\/flytorelocation.com\/ee-ee\/\",\"logo\":{\"@type\":\"ImageObject\",\"inLanguage\":\"fi\",\"@id\":\"https:\/\/flytorelocation.com\/ee-ee\/#\/schema\/logo\/image\/\",\"url\":\"https:\/\/flyto-wp-uploads.s3.eu-north-1.amazonaws.com\/wp-content\/uploads\/sites\/95\/2025\/10\/13130143\/Flyto-col.png\",\"contentUrl\":\"https:\/\/flyto-wp-uploads.s3.eu-north-1.amazonaws.com\/wp-content\/uploads\/sites\/95\/2025\/10\/13130143\/Flyto-col.png\",\"width\":618,\"height\":337,\"caption\":\"Flyto Relocation Eesti\"},\"image\":{\"@id\":\"https:\/\/flytorelocation.com\/ee-ee\/#\/schema\/logo\/image\/\"}}]}<\/script>\n<!-- \/ Yoast SEO plugin. -->","yoast_head_json":{"title":"Network - Flyto Relocation Eesti","robots":{"index":"index","follow":"follow","max-snippet":"max-snippet:-1","max-image-preview":"max-image-preview:large","max-video-preview":"max-video-preview:-1"},"canonical":"https:\/\/flytorelocation.com\/ee-ee\/network\/","og_locale":"fi_FI","og_type":"article","og_title":"Network - Flyto Relocation Eesti","og_description":"Kuhu iganes te ka ei koliks \u2013 p\u00f5hja, l\u00f5unasse, itta v\u00f5i l\u00e4\u00e4nde \u2013 Flyto on teie jaoks olemas, et muuta teie \u00fcmberasumine sujuvaks, turvaliseks ja t\u00e4ielikult hallatud. Meie v\u00f5rgustik h\u00f5lmab 19 Euroopa riiki ning spetsiaalsed kohalikud kontorid tagavad esmaklassilised \u00fcmberasumisteenused kogu mandril.P\u00f5hja-Euroopa \ud83c\uddeb\ud83c\uddee Soome \u2013 Meie peakontor ja kodubaas, pakkudes t\u00e4isteenusega rahvusvahelisi kolimisi p\u00f5hjamaise t\u00e4psusega. [&hellip;]","og_url":"https:\/\/flytorelocation.com\/ee-ee\/network\/","og_site_name":"Flyto Relocation Eesti","article_modified_time":"2026-01-16T22:45:52+00:00","twitter_card":"summary_large_image","twitter_misc":{"Arvioitu lukuaika":"6 minuuttia"},"schema":{"@context":"https:\/\/schema.org","@graph":[{"@type":"WebPage","@id":"https:\/\/flytorelocation.com\/ee-ee\/network\/","url":"https:\/\/flytorelocation.com\/ee-ee\/network\/","name":"Network - Flyto Relocation Eesti","isPartOf":{"@id":"https:\/\/flytorelocation.com\/ee-ee\/#website"},"datePublished":"2025-10-17T16:02:33+00:00","dateModified":"2026-01-16T22:45:52+00:00","breadcrumb":{"@id":"https:\/\/flytorelocation.com\/ee-ee\/network\/#breadcrumb"},"inLanguage":"fi","potentialAction":[{"@type":"ReadAction","target":["https:\/\/flytorelocation.com\/ee-ee\/network\/"]}]},{"@type":"BreadcrumbList","@id":"https:\/\/flytorelocation.com\/ee-ee\/network\/#breadcrumb","itemListElement":[{"@type":"ListItem","position":1,"name":"Etusivu","item":"https:\/\/flytorelocation.com\/ee-ee\/"},{"@type":"ListItem","position":2,"name":"Network"}]},{"@type":"WebSite","@id":"https:\/\/flytorelocation.com\/ee-ee\/#website","url":"https:\/\/flytorelocation.com\/ee-ee\/","name":"Flyto Relocation Eesti","description":"","publisher":{"@id":"https:\/\/flytorelocation.com\/ee-ee\/#organization"},"potentialAction":[{"@type":"SearchAction","target":{"@type":"EntryPoint","urlTemplate":"https:\/\/flytorelocation.com\/ee-ee\/?s={search_term_string}"},"query-input":{"@type":"PropertyValueSpecification","valueRequired":true,"valueName":"search_term_string"}}],"inLanguage":"fi"},{"@type":"Organization","@id":"https:\/\/flytorelocation.com\/ee-ee\/#organization","name":"Flyto Relocation Eesti","url":"https:\/\/flytorelocation.com\/ee-ee\/","logo":{"@type":"ImageObject","inLanguage":"fi","@id":"https:\/\/flytorelocation.com\/ee-ee\/#\/schema\/logo\/image\/","url":"https:\/\/flyto-wp-uploads.s3.eu-north-1.amazonaws.com\/wp-content\/uploads\/sites\/95\/2025\/10\/13130143\/Flyto-col.png","contentUrl":"https:\/\/flyto-wp-uploads.s3.eu-north-1.amazonaws.com\/wp-content\/uploads\/sites\/95\/2025\/10\/13130143\/Flyto-col.png","width":618,"height":337,"caption":"Flyto Relocation Eesti"},"image":{"@id":"https:\/\/flytorelocation.com\/ee-ee\/#\/schema\/logo\/image\/"}}]}},"acf":[],"_links":{"self":[{"href":"https:\/\/flytorelocation.com\/ee-ee\/wp-json\/wp\/v2\/pages\/726","targetHints":{"allow":["GET"]}}],"collection":[{"href":"https:\/\/flytorelocation.com\/ee-ee\/wp-json\/wp\/v2\/pages"}],"about":[{"href":"https:\/\/flytorelocation.com\/ee-ee\/wp-json\/wp\/v2\/types\/page"}],"author":[{"embeddable":true,"href":"https:\/\/flytorelocation.com\/ee-ee\/wp-json\/wp\/v2\/users\/1"}],"replies":[{"embeddable":true,"href":"https:\/\/flytorelocation.com\/ee-ee\/wp-json\/wp\/v2\/comments?post=726"}],"version-history":[{"count":2,"href":"https:\/\/flytorelocation.com\/ee-ee\/wp-json\/wp\/v2\/pages\/726\/revisions"}],"predecessor-version":[{"id":1352,"href":"https:\/\/flytorelocation.com\/ee-ee\/wp-json\/wp\/v2\/pages\/726\/revisions\/1352"}],"wp:attachment":[{"href":"https:\/\/flytorelocation.com\/ee-ee\/wp-json\/wp\/v2\/media?parent=726"}],"curies":[{"name":"wp","href":"https:\/\/api.w.org\/{rel}","templated":true}]}}