{"id":732,"date":"2025-10-17T19:02:33","date_gmt":"2025-10-17T16:02:33","guid":{"rendered":"https:\/\/flytorelocation.com\/fi\/?page_id=88"},"modified":"2026-04-27T12:51:41","modified_gmt":"2026-04-27T12:51:41","slug":"quote","status":"publish","type":"page","link":"https:\/\/flytorelocation.com\/dk\/quote\/","title":{"rendered":"quote"},"content":{"rendered":"<p>[et_pb_section fb_built=&#8221;1&#8243; admin_label=&#8221;Shop&#8221; _builder_version=&#8221;4.26.0&#8243; _module_preset=&#8221;default&#8221; custom_padding=&#8221;||243px|||&#8221; collapsed=&#8221;on&#8221; global_colors_info=&#8221;{}&#8221;][et_pb_row _builder_version=&#8221;4.27.4&#8243; _module_preset=&#8221;default&#8221;][et_pb_column _builder_version=&#8221;4.27.4&#8243; _module_preset=&#8221;default&#8221; type=&#8221;4_4&#8243;][et_pb_code _builder_version=&#8221;4.27.4&#8243; _module_preset=&#8221;default&#8221; hover_enabled=&#8221;0&#8243; sticky_enabled=&#8221;0&#8243;]<\/p>\n<style><!-- [et_pb_line_break_holder] -->  .flyto-widget-wrap {<!-- [et_pb_line_break_holder] -->    max-width: 1280px;<!-- [et_pb_line_break_holder] -->    margin: 20px auto 20px;<!-- [et_pb_line_break_holder] -->    background: #fff;<!-- [et_pb_line_break_holder] -->    border-radius: 24px;<!-- [et_pb_line_break_holder] -->    box-shadow: 0 30px 80px -20px rgba(0,0,0,0.45);<!-- [et_pb_line_break_holder] -->    overflow: hidden;<!-- [et_pb_line_break_holder] -->  }<!-- [et_pb_line_break_holder] -->  @media (max-width: 768px) {<!-- [et_pb_line_break_holder] -->    .flyto-widget-wrap {<!-- [et_pb_line_break_holder] -->      margin: 0 12px 20px;<!-- [et_pb_line_break_holder] -->      border-radius: 14px;<!-- [et_pb_line_break_holder] -->      box-shadow: 0 10px 30px -10px rgba(0,0,0,0.2);<!-- [et_pb_line_break_holder] -->    }<!-- [et_pb_line_break_holder] -->    \/* Pakota Divin\/teeman row+section nollaan ylh\u00e4\u00e4lt\u00e4 mobiilissa *\/<!-- [et_pb_line_break_holder] -->    .et_pb_section:has(.flyto-widget-wrap),<!-- [et_pb_line_break_holder] -->    .et_pb_row:has(.flyto-widget-wrap),<!-- [et_pb_line_break_holder] -->    .et_pb_column:has(.flyto-widget-wrap),<!-- [et_pb_line_break_holder] -->    .et_pb_module:has(.flyto-widget-wrap) {<!-- [et_pb_line_break_holder] -->      padding-top: 0 !important;<!-- [et_pb_line_break_holder] -->      margin-top: 0 !important;<!-- [et_pb_line_break_holder] -->    }<!-- [et_pb_line_break_holder] -->  }<!-- [et_pb_line_break_holder] -->  .flyto-widget-wrap iframe {<!-- [et_pb_line_break_holder] -->    width: 100%;<!-- [et_pb_line_break_holder] -->    min-height: 540px;<!-- [et_pb_line_break_holder] -->    border: 0;<!-- [et_pb_line_break_holder] -->    display: block;<!-- [et_pb_line_break_holder] -->  }<!-- [et_pb_line_break_holder] --><\/style>\n<p><!-- [et_pb_line_break_holder] --><!-- [et_pb_line_break_holder] --><\/p>\n<div class=\"flyto-widget-wrap\"><!-- [et_pb_line_break_holder] -->  <iframe<!-- [et_pb_line_break_holder] -->    src=&#8221;https:\/\/app.flytorelocation.com\/widget?lang=en&#8221;<!-- [et_pb_line_break_holder] -->    loading=&#8221;lazy&#8221;<!-- [et_pb_line_break_holder] -->    title=&#8221;Flyto Quote Widget&#8221;<!-- [et_pb_line_break_holder] -->  ><\/iframe><!-- [et_pb_line_break_holder] --><\/div>\n<p><!-- [et_pb_line_break_holder] --><!-- [et_pb_line_break_holder] --><script><!-- [et_pb_line_break_holder] -->(function () {<!-- [et_pb_line_break_holder] -->  window.addEventListener('message', function (e) {<!-- [et_pb_line_break_holder] -->    if (e.origin !== 'https:\/\/app.flytorelocation.com') return;<!-- [et_pb_line_break_holder] -->    if (e.data && e.data.type === 'flyto-resize' && e.data.height) {<!-- [et_pb_line_break_holder] -->      var f = document.querySelector('iframe[title=\"Flyto Quote Widget\"]');<!-- [et_pb_line_break_holder] -->      if (f) f.style.height = e.data.height + 'px';<!-- [et_pb_line_break_holder] -->    }<!-- [et_pb_line_break_holder] -->  });<!-- [et_pb_line_break_holder] -->})();<!-- [et_pb_line_break_holder] --><\/script>[\/et_pb_code][\/et_pb_column][\/et_pb_row][\/et_pb_section]<\/p>\n","protected":false},"excerpt":{"rendered":"","protected":false},"author":1,"featured_media":0,"parent":0,"menu_order":0,"comment_status":"closed","ping_status":"closed","template":"","meta":{"_et_pb_use_builder":"on","_et_pb_old_content":"","_et_gb_content_width":"","footnotes":""},"class_list":["post-732","page","type-page","status-publish","hentry"],"yoast_head":"<!-- This site is optimized with the Yoast SEO plugin v26.3 - https:\/\/yoast.com\/wordpress\/plugins\/seo\/ -->\n<title>quote - Flyto Relocation Denmark<\/title>\n<meta name=\"robots\" content=\"index, follow, max-snippet:-1, max-image-preview:large, max-video-preview:-1\" \/>\n<link rel=\"canonical\" href=\"https:\/\/flytorelocation.com\/dk\/quote\/\" \/>\n<meta property=\"og:locale\" content=\"fi_FI\" \/>\n<meta property=\"og:type\" content=\"article\" \/>\n<meta property=\"og:title\" content=\"quote - Flyto Relocation Denmark\" \/>\n<meta property=\"og:url\" content=\"https:\/\/flytorelocation.com\/dk\/quote\/\" \/>\n<meta property=\"og:site_name\" content=\"Flyto Relocation Denmark\" \/>\n<meta property=\"article:modified_time\" content=\"2026-04-27T12:51:41+00:00\" \/>\n<meta name=\"twitter:card\" content=\"summary_large_image\" \/>\n<script type=\"application\/ld+json\" class=\"yoast-schema-graph\">{\"@context\":\"https:\/\/schema.org\",\"@graph\":[{\"@type\":\"WebPage\",\"@id\":\"https:\/\/flytorelocation.com\/dk\/quote\/\",\"url\":\"https:\/\/flytorelocation.com\/dk\/quote\/\",\"name\":\"quote - Flyto Relocation Denmark\",\"isPartOf\":{\"@id\":\"https:\/\/flytorelocation.com\/dk\/#website\"},\"datePublished\":\"2025-10-17T16:02:33+00:00\",\"dateModified\":\"2026-04-27T12:51:41+00:00\",\"breadcrumb\":{\"@id\":\"https:\/\/flytorelocation.com\/dk\/quote\/#breadcrumb\"},\"inLanguage\":\"fi\",\"potentialAction\":[{\"@type\":\"ReadAction\",\"target\":[\"https:\/\/flytorelocation.com\/dk\/quote\/\"]}]},{\"@type\":\"BreadcrumbList\",\"@id\":\"https:\/\/flytorelocation.com\/dk\/quote\/#breadcrumb\",\"itemListElement\":[{\"@type\":\"ListItem\",\"position\":1,\"name\":\"Etusivu\",\"item\":\"https:\/\/flytorelocation.com\/dk\/\"},{\"@type\":\"ListItem\",\"position\":2,\"name\":\"quote\"}]},{\"@type\":\"WebSite\",\"@id\":\"https:\/\/flytorelocation.com\/dk\/#website\",\"url\":\"https:\/\/flytorelocation.com\/dk\/\",\"name\":\"Flyto Relocation Denmark\",\"description\":\"\",\"potentialAction\":[{\"@type\":\"SearchAction\",\"target\":{\"@type\":\"EntryPoint\",\"urlTemplate\":\"https:\/\/flytorelocation.com\/dk\/?s={search_term_string}\"},\"query-input\":{\"@type\":\"PropertyValueSpecification\",\"valueRequired\":true,\"valueName\":\"search_term_string\"}}],\"inLanguage\":\"fi\"}]}<\/script>\n<!-- \/ Yoast SEO plugin. -->","yoast_head_json":{"title":"quote - Flyto Relocation Denmark","robots":{"index":"index","follow":"follow","max-snippet":"max-snippet:-1","max-image-preview":"max-image-preview:large","max-video-preview":"max-video-preview:-1"},"canonical":"https:\/\/flytorelocation.com\/dk\/quote\/","og_locale":"fi_FI","og_type":"article","og_title":"quote - Flyto Relocation Denmark","og_url":"https:\/\/flytorelocation.com\/dk\/quote\/","og_site_name":"Flyto Relocation Denmark","article_modified_time":"2026-04-27T12:51:41+00:00","twitter_card":"summary_large_image","schema":{"@context":"https:\/\/schema.org","@graph":[{"@type":"WebPage","@id":"https:\/\/flytorelocation.com\/dk\/quote\/","url":"https:\/\/flytorelocation.com\/dk\/quote\/","name":"quote - Flyto Relocation Denmark","isPartOf":{"@id":"https:\/\/flytorelocation.com\/dk\/#website"},"datePublished":"2025-10-17T16:02:33+00:00","dateModified":"2026-04-27T12:51:41+00:00","breadcrumb":{"@id":"https:\/\/flytorelocation.com\/dk\/quote\/#breadcrumb"},"inLanguage":"fi","potentialAction":[{"@type":"ReadAction","target":["https:\/\/flytorelocation.com\/dk\/quote\/"]}]},{"@type":"BreadcrumbList","@id":"https:\/\/flytorelocation.com\/dk\/quote\/#breadcrumb","itemListElement":[{"@type":"ListItem","position":1,"name":"Etusivu","item":"https:\/\/flytorelocation.com\/dk\/"},{"@type":"ListItem","position":2,"name":"quote"}]},{"@type":"WebSite","@id":"https:\/\/flytorelocation.com\/dk\/#website","url":"https:\/\/flytorelocation.com\/dk\/","name":"Flyto Relocation Denmark","description":"","potentialAction":[{"@type":"SearchAction","target":{"@type":"EntryPoint","urlTemplate":"https:\/\/flytorelocation.com\/dk\/?s={search_term_string}"},"query-input":{"@type":"PropertyValueSpecification","valueRequired":true,"valueName":"search_term_string"}}],"inLanguage":"fi"}]}},"acf":[],"_links":{"self":[{"href":"https:\/\/flytorelocation.com\/dk\/wp-json\/wp\/v2\/pages\/732","targetHints":{"allow":["GET"]}}],"collection":[{"href":"https:\/\/flytorelocation.com\/dk\/wp-json\/wp\/v2\/pages"}],"about":[{"href":"https:\/\/flytorelocation.com\/dk\/wp-json\/wp\/v2\/types\/page"}],"author":[{"embeddable":true,"href":"https:\/\/flytorelocation.com\/dk\/wp-json\/wp\/v2\/users\/1"}],"replies":[{"embeddable":true,"href":"https:\/\/flytorelocation.com\/dk\/wp-json\/wp\/v2\/comments?post=732"}],"version-history":[{"count":4,"href":"https:\/\/flytorelocation.com\/dk\/wp-json\/wp\/v2\/pages\/732\/revisions"}],"predecessor-version":[{"id":978,"href":"https:\/\/flytorelocation.com\/dk\/wp-json\/wp\/v2\/pages\/732\/revisions\/978"}],"wp:attachment":[{"href":"https:\/\/flytorelocation.com\/dk\/wp-json\/wp\/v2\/media?parent=732"}],"curies":[{"name":"wp","href":"https:\/\/api.w.org\/{rel}","templated":true}]}}