{"id":9,"date":"2025-10-22T20:37:33","date_gmt":"2025-10-22T17:37:33","guid":{"rendered":"https:\/\/flytorelocation.com\/dk-dk\/fi\/?page_id=9"},"modified":"2026-01-16T20:13:16","modified_gmt":"2026-01-16T18:13:16","slug":"relocation-services","status":"publish","type":"page","link":"https:\/\/flytorelocation.com\/dk-dk\/relocation-services\/","title":{"rendered":"Relocation services"},"content":{"rendered":"<p>[et_pb_section fb_built=&#8221;1&#8243; custom_padding_last_edited=&#8221;on|tablet&#8221; admin_label=&#8221;About&#8221; _builder_version=&#8221;4.27.4&#8243; _module_preset=&#8221;default&#8221; custom_padding=&#8221;||0px|||&#8221; custom_padding_tablet=&#8221;0px||0px||true|false&#8221; custom_padding_phone=&#8221;0px||0px||true|false&#8221; collapsed=&#8221;on&#8221; global_colors_info=&#8221;{}&#8221;][et_pb_row _builder_version=&#8221;4.27.4&#8243; _module_preset=&#8221;default&#8221; locked=&#8221;off&#8221; global_colors_info=&#8221;{}&#8221;][et_pb_column type=&#8221;4_4&#8243; _builder_version=&#8221;4.22.0&#8243; _module_preset=&#8221;default&#8221; global_colors_info=&#8221;{}&#8221;][et_pb_heading title=&#8221;Flyttetjenester&#8221; _builder_version=&#8221;4.27.4&#8243; _module_preset=&#8221;_initial&#8221; title_level=&#8221;h2&#8243; title_font=&#8221;Flyto oma||||||||&#8221; title_text_color=&#8221;#CD207D&#8221; title_font_size=&#8221;49px&#8221; min_height=&#8221;68.2px&#8221; custom_margin=&#8221;||||false|false&#8221; custom_margin_tablet=&#8221;0px||0px||true|false&#8221; custom_margin_phone=&#8221;0px||||false|false&#8221; custom_margin_last_edited=&#8221;on|phone&#8221; custom_padding=&#8221;||||false|false&#8221; custom_padding_tablet=&#8221;||||false|false&#8221; custom_padding_phone=&#8221;0px||||false|false&#8221; custom_padding_last_edited=&#8221;on|phone&#8221; title_font_size_tablet=&#8221;49px&#8221; title_font_size_phone=&#8221;38px&#8221; title_font_size_last_edited=&#8221;on|phone&#8221; locked=&#8221;off&#8221; global_colors_info=&#8221;{}&#8221;][\/et_pb_heading][\/et_pb_column][\/et_pb_row][\/et_pb_section][et_pb_section fb_built=&#8221;1&#8243; custom_padding_last_edited=&#8221;on|phone&#8221; admin_label=&#8221;Services&#8221; _builder_version=&#8221;4.27.4&#8243; _module_preset=&#8221;default&#8221; custom_padding=&#8221;0px||||false|false&#8221; custom_padding_tablet=&#8221;0px||0px||true|false&#8221; custom_padding_phone=&#8221;0px||0px||false|false&#8221; collapsed=&#8221;on&#8221; global_colors_info=&#8221;{}&#8221;][et_pb_row column_structure=&#8221;1_4,1_4,1_2&#8243; custom_padding_last_edited=&#8221;on|phone&#8221; _builder_version=&#8221;4.27.4&#8243; _module_preset=&#8221;default&#8221; custom_padding_tablet=&#8221;&#8221; custom_padding_phone=&#8221;0px||||false|false&#8221; global_colors_info=&#8221;{}&#8221;][et_pb_column type=&#8221;1_4&#8243; _builder_version=&#8221;4.27.4&#8243; _module_preset=&#8221;default&#8221; global_colors_info=&#8221;{}&#8221;][et_pb_text _builder_version=&#8221;4.27.4&#8243; _module_preset=&#8221;_initial&#8221; text_font=&#8221;Montserrat||||||||&#8221; text_text_color=&#8221;#000000&#8243; header_2_font=&#8221;Flyto oma|600|||||||&#8221; header_2_text_align=&#8221;left&#8221; header_2_text_color=&#8221;#000000&#8243; header_2_font_size=&#8221;22px&#8221; header_2_line_height=&#8221;1.2em&#8221; header_3_font_size=&#8221;30px&#8221; locked=&#8221;off&#8221; global_colors_info=&#8221;{}&#8221;]<\/p>\n<h2>Omfattende flytteservice for en problemfri start<\/h2>\n<p>[\/et_pb_text][et_pb_button button_url=&#8221;@ET-DC@eyJkeW5hbWljIjp0cnVlLCJjb250ZW50IjoicG9zdF9saW5rX3VybF9wYWdlIiwic2V0dGluZ3MiOnsicG9zdF9pZCI6IjczNSIsImVuYWJsZV9odG1sIjoib2ZmIn19@&#8221; button_text=&#8221;Chat med en ekspert&#8221; _builder_version=&#8221;4.27.4&#8243; _dynamic_attributes=&#8221;button_url&#8221; _module_preset=&#8221;_initial&#8221; custom_button=&#8221;on&#8221; button_text_size=&#8221;16px&#8221; button_text_color=&#8221;#CD207D&#8221; button_bg_color=&#8221;#FFFFFF&#8221; button_border_color=&#8221;#CD207D&#8221; button_border_radius=&#8221;100px&#8221; button_font=&#8221;Outfit|600|||||||&#8221; button_use_icon=&#8221;off&#8221; custom_margin=&#8221;-10px||||false|false&#8221; custom_padding=&#8221;10px|26px|10px|26px|true|true&#8221; global_colors_info=&#8221;{%22gcid-f1e65d51-fa2f-4bf0-b2c1-8eab7001e8fd%22:%91%22button_text_color%22%93}&#8221;][\/et_pb_button][\/et_pb_column][et_pb_column type=&#8221;1_4&#8243; _builder_version=&#8221;4.27.4&#8243; _module_preset=&#8221;default&#8221; global_colors_info=&#8221;{}&#8221;][et_pb_text _builder_version=&#8221;4.27.4&#8243; _module_preset=&#8221;_initial&#8221; text_font=&#8221;Montserrat|600|||||||&#8221; text_font_size=&#8221;13px&#8221; custom_margin=&#8221;||||false|false&#8221; global_colors_info=&#8221;{}&#8221;]<\/p>\n<p>At flytte til udlandet er mere end blot at sende dine ejendele \u2013 det handler om at skabe et nyt liv et nyt sted.<\/p>\n<p>Hos Flyto tilbyder vi en komplet vifte af yderligere flyttetjenester, der er designet til at g\u00f8re din overgang nem, sikker og stressfri.<\/p>\n<p>Uanset om du flytter alene, med din familie eller p\u00e5 vegne af din virksomhed, s\u00f8rger vores team for, at hvert trin i din flytning h\u00e5ndteres med pr\u00e6cision og omhu.<\/p>\n<p>[\/et_pb_text][\/et_pb_column][et_pb_column type=&#8221;1_2&#8243; _builder_version=&#8221;4.27.4&#8243; _module_preset=&#8221;default&#8221; global_colors_info=&#8221;{}&#8221;][et_pb_image src=&#8221;https:\/\/flyto-wp-uploads.s3.eu-north-1.amazonaws.com\/wp-content\/uploads\/sites\/84\/2025\/10\/03182819\/FLYTO_muutto_kuvaaja-Nuuti-PAananen-6_1_11zon-scaled-1.jpg&#8221; title_text=&#8221;FLYTO_muutto_kuvaaja Nuuti PAananen (6)_1_11zon&#8221; _builder_version=&#8221;4.27.4&#8243; _module_preset=&#8221;default&#8221; border_radii=&#8221;on|20px|20px|20px|20px&#8221; global_colors_info=&#8221;{}&#8221;][\/et_pb_image][\/et_pb_column][\/et_pb_row][\/et_pb_section][et_pb_section fb_built=&#8221;1&#8243; _builder_version=&#8221;4.27.4&#8243; _module_preset=&#8221;default&#8221; background_color=&#8221;#fafafa&#8221; global_colors_info=&#8221;{}&#8221;][et_pb_row _builder_version=&#8221;4.27.4&#8243; _module_preset=&#8221;default&#8221; global_colors_info=&#8221;{}&#8221;][et_pb_column type=&#8221;4_4&#8243; _builder_version=&#8221;4.27.4&#8243; _module_preset=&#8221;default&#8221; global_colors_info=&#8221;{}&#8221;][et_pb_accordion open_toggle_background_color=&#8221;RGBA(255,255,255,0)&#8221; closed_toggle_text_color=&#8221;#000000&#8243; closed_toggle_background_color=&#8221;RGBA(255,255,255,0)&#8221; icon_color=&#8221;#CD207D&#8221; _builder_version=&#8221;4.27.4&#8243; _module_preset=&#8221;default&#8221; toggle_font=&#8221;Poppins|600|||||||&#8221; toggle_font_size=&#8221;15px&#8221; body_font=&#8221;Montserrat||||||||&#8221; body_line_height=&#8221;1.8em&#8221; border_radii=&#8221;on|5px|5px|5px|5px&#8221; border_color_all=&#8221;#CD207D&#8221; global_colors_info=&#8221;{%22gcid-primary-color%22:%91%22body_quote_text_color%22,%22quote_text_color%22,%22body_quote_text_color%22,%22quote_text_color%22%93,%22gcid-secondary-color%22:%91%22icon_color%22%93,%22gcid-heading-color%22:%91%22toggle_text_color%22,%22toggle_text_color%22%93}&#8221;][et_pb_accordion_item title=&#8221;\ud83c\udfe0 Hj\u00e6lp til hjemmes\u00f8gning&#8221; open=&#8221;on&#8221; _builder_version=&#8221;4.27.4&#8243; _module_preset=&#8221;default&#8221; global_colors_info=&#8221;{}&#8221;]<\/p>\n<p>Det kan v\u00e6re udfordrende at finde et nyt hjem i et andet land \u2013 men med Flyto bliver det nemt.<\/p>\n<p>Vores flytteeksperter hj\u00e6lper dig med at udforske de bedste kvarterer, arrangere fremvisninger af ejendomme og st\u00f8tte dig gennem hele leje- eller k\u00f8bsprocessen.<\/p>\n<p>Vi skr\u00e6ddersyr hver s\u00f8gning baseret p\u00e5 din livsstil, pendling og budget, s\u00e5 dit nye hjem f\u00f8les perfekt fra dag \u00e9t.<\/p>\n<p><strong>Inkluderer:<\/strong><\/p>\n<p>&#8211; Omr\u00e5de- og nabolagsvejledning<\/p>\n<p>&#8211; S\u00f8gning og fremvisning af ejendomme<\/p>\n<p>&#8211; Lejeforhandling og dokumentationsst\u00f8tte<\/p>\n<p>&#8211; Koordinering af indflytning<\/p>\n<p>[\/et_pb_accordion_item][et_pb_accordion_item title=&#8221;\ud83d\udecb\ufe0f M\u00f8belmontering og boligops\u00e6tning&#8221; _builder_version=&#8221;4.27.4&#8243; _module_preset=&#8221;default&#8221; global_colors_info=&#8221;{}&#8221; open=&#8221;off&#8221;]<\/p>\n<p>Vi s\u00f8rger for, at dit nye hjem er klar til at blive beboet \u2013 ned til mindste detalje.<\/p>\n<p>Vores team tager sig af m\u00f8belmontering, installation og ops\u00e6tning af vigtige husholdningssystemer, s\u00e5 du kan fokusere p\u00e5 at falde til.<\/p>\n<p>Fra at arrangere leverancer til at koordinere installationer sikrer vi, at dit hjem f\u00f8les funktionelt og behageligt umiddelbart efter din flytning.<\/p>\n<p><strong>Inkluderer:<\/strong><\/p>\n<p>&#8211; M\u00f8bellevering og -montering<\/p>\n<p>&#8211; Installation og justering af hjemmet<\/p>\n<p>&#8211; Reng\u00f8ring og endelig ops\u00e6tning<\/p>\n<p>&#8211; Koordinering af serviceudbydere<\/p>\n<p>[\/et_pb_accordion_item][et_pb_accordion_item title=&#8221;\ud83d\ude97 K\u00f8ret\u00f8jstransportservice&#8221; _builder_version=&#8221;4.27.4&#8243; _module_preset=&#8221;default&#8221; global_colors_info=&#8221;{}&#8221; open=&#8221;off&#8221;]<\/p>\n<p>Har du brug for at medbringe din bil, motorcykel eller andet k\u00f8ret\u00f8j?<br \/>Flyto tilbyder sikker, p\u00e5lidelig og fuldt forsikret k\u00f8ret\u00f8jstransport p\u00e5 tv\u00e6rs af gr\u00e6nser.<br \/>Vores eksperter h\u00e5ndterer toldbehandling, logistik og leveringsplanl\u00e6gning \u2013 og sikrer, at dit k\u00f8ret\u00f8j ankommer sikkert og til tiden.<\/p>\n<p><strong>Inkluderer:<\/strong><\/p>\n<p>&#8211; International k\u00f8ret\u00f8jsforsendelse og logistik<\/p>\n<p>&#8211; Afhentning og levering fra d\u00f8r til d\u00f8r<\/p>\n<p>&#8211; Told- og registreringsassistance<\/p>\n<p>&#8211; Fuld forsikringsd\u00e6kning<\/p>\n<p>[\/et_pb_accordion_item][et_pb_accordion_item title=&#8221;\ud83c\udfe2 Sikre opbevaringsl\u00f8sninger&#8221; _builder_version=&#8221;4.27.4&#8243; _module_preset=&#8221;default&#8221; global_colors_info=&#8221;{}&#8221; open=&#8221;off&#8221;]<\/p>\n<p>Hvis du har brug for midlertidig eller langtidsopbevaring under din flytning, tilbyder Flyto sikre, klimakontrollerede faciliteter.<\/p>\n<p>Vores opbevaringstjenester overv\u00e5ges af avancerede kamerasystemer og inkluderer detaljeret lagerdokumentation \u2013 hvilket giver dig fuldst\u00e6ndig ro i sindet under flytningen.<\/p>\n<p><strong>Inkluderer:<\/strong><\/p>\n<p>&#8211; Sikker og klimakontrolleret opbevaring<\/p>\n<p>&#8211; 24\/7 overv\u00e5gning og overv\u00e5gning<\/p>\n<p>&#8211; Fleksible muligheder for kort eller lang tid<\/p>\n<p>&#8211; Fuld dokumentation og adgang til varer efter anmodning<\/p>\n<p>[\/et_pb_accordion_item][et_pb_accordion_item title=&#8221;\ud83e\udd1d At etablere sig og lokal st\u00f8tte&#8221; _builder_version=&#8221;4.27.4&#8243; _module_preset=&#8221;default&#8221; global_colors_info=&#8221;{}&#8221; open=&#8221;off&#8221;]<\/p>\n<p>At flytte til udlandet er mere end logistik \u2013 det handler om at tilpasse sig en ny livsstil.<\/p>\n<p>Vores etablerings- og lokale supporttjenester hj\u00e6lper dig og din familie med at f\u00f8le dig hurtigt hjemme.<br \/>Fra lokale registreringer og transportkort til kulturel indsigt og daglig vejledning s\u00f8rger vi for, at jeres f\u00f8rste uger i udlandet forl\u00f8ber problemfrit og uden stress.<\/p>\n<p><strong>Inkluderer:<\/strong><\/p>\n<p>&#8211; Byorientering og praktisk vejledning<\/p>\n<p>&#8211; Hj\u00e6lp til lokal registrering og dokumentation<\/p>\n<p>&#8211; Introduktion til sundhedspleje, transport og daglige forn\u00f8denheder<\/p>\n<p>&#8211; L\u00f8bende personlig support fra vores lokale eksperter<\/p>\n<p>[\/et_pb_accordion_item][et_pb_accordion_item title=&#8221;Lad os f\u00e5 dig i gang. Bogstaveligt talt.&#8221; _builder_version=&#8221;4.27.4&#8243; _module_preset=&#8221;default&#8221; global_colors_info=&#8221;{}&#8221; open=&#8221;off&#8221;]Planl\u00e6g din gratis flytteunders\u00f8gelse \u2013 ingen stress, ingen forpligtelser. Vi kigger p\u00e5 det, laver en plan og forvandler din flytning til noget overraskende simpelt.<\/p>\n<p><a href=\"http:\/\/www.flytorelocation.com\/relocation-survey\">Klik her for bookingkalenderen.<\/a>[\/et_pb_accordion_item][\/et_pb_accordion][et_pb_button button_url=&#8221;@ET-DC@eyJkeW5hbWljIjp0cnVlLCJjb250ZW50IjoicG9zdF9saW5rX3VybF9wYWdlIiwic2V0dGluZ3MiOnsicG9zdF9pZCI6IjczNSJ9fQ==@&#8221; button_text=&#8221;Book en gratis konsultation&#8221; _builder_version=&#8221;4.27.4&#8243; _dynamic_attributes=&#8221;button_url&#8221; _module_preset=&#8221;_initial&#8221; custom_button=&#8221;on&#8221; button_text_size=&#8221;16px&#8221; button_text_color=&#8221;#CD207D&#8221; button_border_color=&#8221;#CD207D&#8221; button_border_radius=&#8221;100px&#8221; button_font=&#8221;Outfit|600|||||||&#8221; button_use_icon=&#8221;off&#8221; custom_margin=&#8221;-2px||||false|false&#8221; custom_padding=&#8221;10px|26px|10px|26px|true|true&#8221; hover_enabled=&#8221;0&#8243; global_colors_info=&#8221;{%22gcid-f1e65d51-fa2f-4bf0-b2c1-8eab7001e8fd%22:%91%22button_text_color%22%93}&#8221; sticky_enabled=&#8221;0&#8243;][\/et_pb_button][\/et_pb_column][\/et_pb_row][\/et_pb_section]<\/p>\n","protected":false},"excerpt":{"rendered":"<p>Omfattende flytteservice for en problemfri startAt flytte til udlandet er mere end blot at sende dine ejendele \u2013 det handler om at skabe et nyt liv et nyt sted. Hos Flyto tilbyder vi en komplet vifte af yderligere flyttetjenester, der er designet til at g\u00f8re din overgang nem, sikker og stressfri. Uanset om du flytter [&hellip;]<\/p>\n","protected":false},"author":1,"featured_media":0,"parent":0,"menu_order":0,"comment_status":"closed","ping_status":"closed","template":"","meta":{"_et_pb_use_builder":"on","_et_pb_old_content":"","_et_gb_content_width":"","footnotes":""},"class_list":["post-9","page","type-page","status-publish","hentry"],"yoast_head":"<!-- This site is optimized with the Yoast SEO plugin v26.3 - https:\/\/yoast.com\/wordpress\/plugins\/seo\/ -->\n<title>Relocation services - Flyto Relocation Denmark<\/title>\n<meta name=\"robots\" content=\"index, follow, max-snippet:-1, max-image-preview:large, max-video-preview:-1\" \/>\n<link rel=\"canonical\" href=\"https:\/\/flytorelocation.com\/dk-dk\/relocation-services\/\" \/>\n<meta property=\"og:locale\" content=\"fi_FI\" \/>\n<meta property=\"og:type\" content=\"article\" \/>\n<meta property=\"og:title\" content=\"Relocation services - Flyto Relocation Denmark\" \/>\n<meta property=\"og:description\" content=\"Omfattende flytteservice for en problemfri startAt flytte til udlandet er mere end blot at sende dine ejendele \u2013 det handler om at skabe et nyt liv et nyt sted. Hos Flyto tilbyder vi en komplet vifte af yderligere flyttetjenester, der er designet til at g\u00f8re din overgang nem, sikker og stressfri. Uanset om du flytter [&hellip;]\" \/>\n<meta property=\"og:url\" content=\"https:\/\/flytorelocation.com\/dk-dk\/relocation-services\/\" \/>\n<meta property=\"og:site_name\" content=\"Flyto Relocation Denmark\" \/>\n<meta property=\"article:modified_time\" content=\"2026-01-16T18:13:16+00:00\" \/>\n<meta name=\"twitter:card\" content=\"summary_large_image\" \/>\n<meta name=\"twitter:label1\" content=\"Arvioitu lukuaika\" \/>\n\t<meta name=\"twitter:data1\" content=\"7 minuuttia\" \/>\n<script type=\"application\/ld+json\" class=\"yoast-schema-graph\">{\"@context\":\"https:\/\/schema.org\",\"@graph\":[{\"@type\":\"WebPage\",\"@id\":\"https:\/\/flytorelocation.com\/dk-dk\/relocation-services\/\",\"url\":\"https:\/\/flytorelocation.com\/dk-dk\/relocation-services\/\",\"name\":\"Relocation services - Flyto Relocation Denmark\",\"isPartOf\":{\"@id\":\"https:\/\/flytorelocation.com\/dk-dk\/#website\"},\"datePublished\":\"2025-10-22T17:37:33+00:00\",\"dateModified\":\"2026-01-16T18:13:16+00:00\",\"breadcrumb\":{\"@id\":\"https:\/\/flytorelocation.com\/dk-dk\/relocation-services\/#breadcrumb\"},\"inLanguage\":\"fi\",\"potentialAction\":[{\"@type\":\"ReadAction\",\"target\":[\"https:\/\/flytorelocation.com\/dk-dk\/relocation-services\/\"]}]},{\"@type\":\"BreadcrumbList\",\"@id\":\"https:\/\/flytorelocation.com\/dk-dk\/relocation-services\/#breadcrumb\",\"itemListElement\":[{\"@type\":\"ListItem\",\"position\":1,\"name\":\"Etusivu\",\"item\":\"https:\/\/flytorelocation.com\/dk-dk\/\"},{\"@type\":\"ListItem\",\"position\":2,\"name\":\"Relocation services\"}]},{\"@type\":\"WebSite\",\"@id\":\"https:\/\/flytorelocation.com\/dk-dk\/#website\",\"url\":\"https:\/\/flytorelocation.com\/dk-dk\/\",\"name\":\"Flyto Relocation Denmark\",\"description\":\"\",\"publisher\":{\"@id\":\"https:\/\/flytorelocation.com\/dk-dk\/#organization\"},\"potentialAction\":[{\"@type\":\"SearchAction\",\"target\":{\"@type\":\"EntryPoint\",\"urlTemplate\":\"https:\/\/flytorelocation.com\/dk-dk\/?s={search_term_string}\"},\"query-input\":{\"@type\":\"PropertyValueSpecification\",\"valueRequired\":true,\"valueName\":\"search_term_string\"}}],\"inLanguage\":\"fi\"},{\"@type\":\"Organization\",\"@id\":\"https:\/\/flytorelocation.com\/dk-dk\/#organization\",\"name\":\"Flyto Relocation Denmark\",\"url\":\"https:\/\/flytorelocation.com\/dk-dk\/\",\"logo\":{\"@type\":\"ImageObject\",\"inLanguage\":\"fi\",\"@id\":\"https:\/\/flytorelocation.com\/dk-dk\/#\/schema\/logo\/image\/\",\"url\":\"https:\/\/flyto-wp-uploads.s3.eu-north-1.amazonaws.com\/wp-content\/uploads\/sites\/84\/2025\/10\/13130143\/Flyto-col.png\",\"contentUrl\":\"https:\/\/flyto-wp-uploads.s3.eu-north-1.amazonaws.com\/wp-content\/uploads\/sites\/84\/2025\/10\/13130143\/Flyto-col.png\",\"width\":618,\"height\":337,\"caption\":\"Flyto Relocation Denmark\"},\"image\":{\"@id\":\"https:\/\/flytorelocation.com\/dk-dk\/#\/schema\/logo\/image\/\"}}]}<\/script>\n<!-- \/ Yoast SEO plugin. -->","yoast_head_json":{"title":"Relocation services - Flyto Relocation Denmark","robots":{"index":"index","follow":"follow","max-snippet":"max-snippet:-1","max-image-preview":"max-image-preview:large","max-video-preview":"max-video-preview:-1"},"canonical":"https:\/\/flytorelocation.com\/dk-dk\/relocation-services\/","og_locale":"fi_FI","og_type":"article","og_title":"Relocation services - Flyto Relocation Denmark","og_description":"Omfattende flytteservice for en problemfri startAt flytte til udlandet er mere end blot at sende dine ejendele \u2013 det handler om at skabe et nyt liv et nyt sted. Hos Flyto tilbyder vi en komplet vifte af yderligere flyttetjenester, der er designet til at g\u00f8re din overgang nem, sikker og stressfri. Uanset om du flytter [&hellip;]","og_url":"https:\/\/flytorelocation.com\/dk-dk\/relocation-services\/","og_site_name":"Flyto Relocation Denmark","article_modified_time":"2026-01-16T18:13:16+00:00","twitter_card":"summary_large_image","twitter_misc":{"Arvioitu lukuaika":"7 minuuttia"},"schema":{"@context":"https:\/\/schema.org","@graph":[{"@type":"WebPage","@id":"https:\/\/flytorelocation.com\/dk-dk\/relocation-services\/","url":"https:\/\/flytorelocation.com\/dk-dk\/relocation-services\/","name":"Relocation services - Flyto Relocation Denmark","isPartOf":{"@id":"https:\/\/flytorelocation.com\/dk-dk\/#website"},"datePublished":"2025-10-22T17:37:33+00:00","dateModified":"2026-01-16T18:13:16+00:00","breadcrumb":{"@id":"https:\/\/flytorelocation.com\/dk-dk\/relocation-services\/#breadcrumb"},"inLanguage":"fi","potentialAction":[{"@type":"ReadAction","target":["https:\/\/flytorelocation.com\/dk-dk\/relocation-services\/"]}]},{"@type":"BreadcrumbList","@id":"https:\/\/flytorelocation.com\/dk-dk\/relocation-services\/#breadcrumb","itemListElement":[{"@type":"ListItem","position":1,"name":"Etusivu","item":"https:\/\/flytorelocation.com\/dk-dk\/"},{"@type":"ListItem","position":2,"name":"Relocation services"}]},{"@type":"WebSite","@id":"https:\/\/flytorelocation.com\/dk-dk\/#website","url":"https:\/\/flytorelocation.com\/dk-dk\/","name":"Flyto Relocation Denmark","description":"","publisher":{"@id":"https:\/\/flytorelocation.com\/dk-dk\/#organization"},"potentialAction":[{"@type":"SearchAction","target":{"@type":"EntryPoint","urlTemplate":"https:\/\/flytorelocation.com\/dk-dk\/?s={search_term_string}"},"query-input":{"@type":"PropertyValueSpecification","valueRequired":true,"valueName":"search_term_string"}}],"inLanguage":"fi"},{"@type":"Organization","@id":"https:\/\/flytorelocation.com\/dk-dk\/#organization","name":"Flyto Relocation Denmark","url":"https:\/\/flytorelocation.com\/dk-dk\/","logo":{"@type":"ImageObject","inLanguage":"fi","@id":"https:\/\/flytorelocation.com\/dk-dk\/#\/schema\/logo\/image\/","url":"https:\/\/flyto-wp-uploads.s3.eu-north-1.amazonaws.com\/wp-content\/uploads\/sites\/84\/2025\/10\/13130143\/Flyto-col.png","contentUrl":"https:\/\/flyto-wp-uploads.s3.eu-north-1.amazonaws.com\/wp-content\/uploads\/sites\/84\/2025\/10\/13130143\/Flyto-col.png","width":618,"height":337,"caption":"Flyto Relocation Denmark"},"image":{"@id":"https:\/\/flytorelocation.com\/dk-dk\/#\/schema\/logo\/image\/"}}]}},"acf":[],"_links":{"self":[{"href":"https:\/\/flytorelocation.com\/dk-dk\/wp-json\/wp\/v2\/pages\/9","targetHints":{"allow":["GET"]}}],"collection":[{"href":"https:\/\/flytorelocation.com\/dk-dk\/wp-json\/wp\/v2\/pages"}],"about":[{"href":"https:\/\/flytorelocation.com\/dk-dk\/wp-json\/wp\/v2\/types\/page"}],"author":[{"embeddable":true,"href":"https:\/\/flytorelocation.com\/dk-dk\/wp-json\/wp\/v2\/users\/1"}],"replies":[{"embeddable":true,"href":"https:\/\/flytorelocation.com\/dk-dk\/wp-json\/wp\/v2\/comments?post=9"}],"version-history":[{"count":3,"href":"https:\/\/flytorelocation.com\/dk-dk\/wp-json\/wp\/v2\/pages\/9\/revisions"}],"predecessor-version":[{"id":1345,"href":"https:\/\/flytorelocation.com\/dk-dk\/wp-json\/wp\/v2\/pages\/9\/revisions\/1345"}],"wp:attachment":[{"href":"https:\/\/flytorelocation.com\/dk-dk\/wp-json\/wp\/v2\/media?parent=9"}],"curies":[{"name":"wp","href":"https:\/\/api.w.org\/{rel}","templated":true}]}}