{"id":733,"date":"2025-10-17T19:02:33","date_gmt":"2025-10-17T16:02:33","guid":{"rendered":"https:\/\/flytorelocation.com\/dk-dk\/fi\/?page_id=90"},"modified":"2026-01-16T20:09:15","modified_gmt":"2026-01-16T18:09:15","slug":"blog","status":"publish","type":"page","link":"https:\/\/flytorelocation.com\/dk-dk\/blog\/","title":{"rendered":"FAQ"},"content":{"rendered":"<p>[et_pb_section fb_built=&#8221;1&#8243; _builder_version=&#8221;4.27.4&#8243; _module_preset=&#8221;default&#8221; custom_padding=&#8221;||||true|false&#8221; global_colors_info=&#8221;{}&#8221;][et_pb_row _builder_version=&#8221;4.27.4&#8243; _module_preset=&#8221;default&#8221; custom_padding=&#8221;0px||0px||true|false&#8221; global_colors_info=&#8221;{}&#8221;][et_pb_column type=&#8221;4_4&#8243; _builder_version=&#8221;4.27.4&#8243; _module_preset=&#8221;default&#8221; global_colors_info=&#8221;{}&#8221;][et_pb_heading title=&#8221;Ofte stillede sp\u00f8rgsm\u00e5l&#8221; _builder_version=&#8221;4.27.4&#8243; _module_preset=&#8221;_initial&#8221; title_font=&#8221;Flyto oma||||||||&#8221; title_text_color=&#8221;#CD207D&#8221; title_font_size=&#8221;62px&#8221; custom_margin=&#8221;||10px||false|false&#8221; custom_margin_tablet=&#8221;||10px||false|false&#8221; custom_margin_phone=&#8221;||10px||false|false&#8221; custom_margin_last_edited=&#8221;on|phone&#8221; custom_padding_tablet=&#8221;&#8221; custom_padding_phone=&#8221;0px||||false|false&#8221; custom_padding_last_edited=&#8221;on|phone&#8221; title_font_size_tablet=&#8221;40px&#8221; title_font_size_phone=&#8221;30px&#8221; title_font_size_last_edited=&#8221;on|phone&#8221; locked=&#8221;off&#8221; global_colors_info=&#8221;{}&#8221;][\/et_pb_heading][\/et_pb_column][\/et_pb_row][\/et_pb_section][et_pb_section fb_built=&#8221;1&#8243; admin_label=&#8221;Header&#8221; _builder_version=&#8221;4.27.4&#8243; _module_preset=&#8221;default&#8221; custom_padding=&#8221;0px||||false|false&#8221; collapsed=&#8221;on&#8221; global_colors_info=&#8221;{}&#8221;][et_pb_row column_structure=&#8221;1_2,1_2&#8243; _builder_version=&#8221;4.27.4&#8243; _module_preset=&#8221;default&#8221; global_colors_info=&#8221;{}&#8221;][et_pb_column type=&#8221;1_2&#8243; _builder_version=&#8221;4.22.0&#8243; _module_preset=&#8221;default&#8221; global_colors_info=&#8221;{}&#8221;][et_pb_heading title=&#8221;Vores administrerende direkt\u00f8rs svar: sandheden (og myterne) om at flytte til udlandet&#8221; _builder_version=&#8221;4.27.4&#8243; _module_preset=&#8221;_initial&#8221; title_font=&#8221;Flyto oma||||||||&#8221; title_text_align=&#8221;left&#8221; title_text_color=&#8221;#CD207D&#8221; title_line_height=&#8221;1.1em&#8221; custom_margin=&#8221;50px||||false|false&#8221; custom_margin_tablet=&#8221;0px||||false|false&#8221; custom_margin_phone=&#8221;||||false|false&#8221; custom_margin_last_edited=&#8221;on|phone&#8221; custom_padding=&#8221;||||false|false&#8221; custom_padding_tablet=&#8221;||||false|false&#8221; custom_padding_phone=&#8221;||||false|false&#8221; custom_padding_last_edited=&#8221;on|phone&#8221; title_font_size_phone=&#8221;29px&#8221; global_colors_info=&#8221;{}&#8221;][\/et_pb_heading][et_pb_text _builder_version=&#8221;4.27.4&#8243; _module_preset=&#8221;_initial&#8221; text_font=&#8221;Montserrat||||||||&#8221; text_line_height=&#8221;1.8em&#8221; custom_margin=&#8221;-20px||||false|false&#8221; global_colors_info=&#8221;{}&#8221;]<\/p>\n<p><strong data-start=\"867\" data-end=\"928\">Vi ved, hvad du t\u00e6nker \u2013 og vi har svarene.<\/strong><\/p>\n<p>At flytte til udlandet kommer med sp\u00f8rgsm\u00e5l, sp\u00e6nding og m\u00e5ske lidt panik. Bare rolig \u2013 vores administrerende direkt\u00f8r har h\u00f8rt dem alle (og svaret med et smil).<\/p>\n<p>[\/et_pb_text][\/et_pb_column][et_pb_column type=&#8221;1_2&#8243; _builder_version=&#8221;4.22.0&#8243; _module_preset=&#8221;default&#8221; global_colors_info=&#8221;{}&#8221;][et_pb_image src=&#8221;https:\/\/flyto-wp-uploads.s3.eu-north-1.amazonaws.com\/wp-content\/uploads\/sites\/84\/2025\/11\/13095224\/Groweo_Flyto_1-scaled.jpg&#8221; title_text=&#8221;Groweo_Flyto_1&#8243; _builder_version=&#8221;4.27.4&#8243; _module_preset=&#8221;default&#8221; border_radii=&#8221;on|5px|5px|5px|5px&#8221; global_colors_info=&#8221;{}&#8221;][\/et_pb_image][\/et_pb_column][\/et_pb_row][et_pb_row _builder_version=&#8221;4.27.4&#8243; _module_preset=&#8221;default&#8221; min_height=&#8221;1132px&#8221; custom_margin=&#8221;||||false|false&#8221; global_colors_info=&#8221;{}&#8221;][et_pb_column type=&#8221;4_4&#8243; _builder_version=&#8221;4.27.4&#8243; _module_preset=&#8221;default&#8221; global_colors_info=&#8221;{}&#8221;][et_pb_accordion open_toggle_background_color=&#8221;RGBA(255,255,255,0)&#8221; closed_toggle_text_color=&#8221;#000000&#8243; closed_toggle_background_color=&#8221;RGBA(255,255,255,0)&#8221; icon_color=&#8221;#CD207D&#8221; _builder_version=&#8221;4.27.4&#8243; _module_preset=&#8221;default&#8221; toggle_font=&#8221;Poppins|600|||||||&#8221; toggle_font_size=&#8221;15px&#8221; body_font=&#8221;Montserrat||||||||&#8221; body_line_height=&#8221;1.8em&#8221; border_radii=&#8221;on|5px|5px|5px|5px&#8221; border_color_all=&#8221;#CD207D&#8221; global_colors_info=&#8221;{%22gcid-primary-color%22:%91%22body_quote_text_color%22,%22quote_text_color%22,%22body_quote_text_color%22,%22quote_text_color%22%93,%22gcid-secondary-color%22:%91%22icon_color%22%93,%22gcid-heading-color%22:%91%22toggle_text_color%22,%22toggle_text_color%22%93}&#8221;][et_pb_accordion_item title=&#8221;V\u00e6r \u00e6rlig &#8230; er det virkelig s\u00e5 stressende at flytte til udlandet?&#8221; open=&#8221;on&#8221; _builder_version=&#8221;4.27.4&#8243; _module_preset=&#8221;default&#8221; global_colors_info=&#8221;{}&#8221;]<\/p>\n<p>Kun hvis du g\u00f8r det uden Flyto! T\u00e6nk p\u00e5 os som din personlige flytteservicemedarbejder \u2013 vi planl\u00e6gger, pakker, sender og leverer, mens du planl\u00e6gger din nye yndlingscaf\u00e9 i Lissabon.<br \/>Vores job er at g\u00f8re din flytning s\u00e5 problemfri, at du, n\u00e5r du pakker ud, vil spekulere p\u00e5, om der var tale om teleportation.<\/p>\n<p>[\/et_pb_accordion_item][et_pb_accordion_item title=&#8221;Hvor sikre er mine ejendele egentlig?&#8221; _builder_version=&#8221;4.27.4&#8243; _module_preset=&#8221;default&#8221; global_colors_info=&#8221;{}&#8221; open=&#8221;off&#8221;]<\/p>\n<p>Sikrere end en hemmelig opskrift i et schweizisk hv\u00e6lvingskammer. Alle Flyto-k\u00f8ret\u00f8jer har GPS-sporing, indbyggede kameraer og sikre l\u00e6ssesystemer \u2013 fordi vi gerne vil vide, hvor din sofa er klokken 3:00 om natten, selvom du ikke g\u00f8r det.<br \/>Vi pakker alt, som om det skulle p\u00e5 en kongelig tur. Uanset om det er \u00e5rgangsvin eller dit barns f\u00f8rste bamse \u2013 det hele behandles som en skat.<\/p>\n<p>[\/et_pb_accordion_item][et_pb_accordion_item title=&#8221;Jeg har ikke engang et nyt hjem endnu \u2013 hvordan fungerer det?&#8221; _builder_version=&#8221;4.27.4&#8243; _module_preset=&#8221;default&#8221; global_colors_info=&#8221;{}&#8221; open=&#8221;off&#8221;]<\/p>\n<p>Nemt. Du slapper af, og vi finder det for dig. Vores boligs\u00f8gningsteam unders\u00f8ger nabolag, tjekker boligannoncer, tager virtuelle ture og h\u00e5ndterer endda papirarbejdet. Du godkender blot din favorit fra din sofa.<br \/>N\u00e5r du ankommer, venter dit nye hjem \u2013 Wi-Fi aktiveret, gardiner h\u00e6ngt op og m\u00e5ske endda en velkomstplante. \ud83c\udf3f<\/p>\n<p>[\/et_pb_accordion_item][et_pb_accordion_item title=&#8221;Kan du ogs\u00e5 h\u00e5ndtere store virksomhedsflytninger?&#8221; _builder_version=&#8221;4.27.4&#8243; _module_preset=&#8221;default&#8221; global_colors_info=&#8221;{}&#8221; open=&#8221;off&#8221;]<\/p>\n<p>Absolut. Vi flytter ledere, hele teams og nogle gange endda kontorets kaffemaskine \u2013 alt sammen uden at overskride en deadline.<br \/>Vi s\u00f8rger for, at dine medarbejdere ankommer klar til at starte, ikke klar til at komme sig. Fordi fantastiske virksomheder fortjener fantastiske flytninger.<\/p>\n<p>[\/et_pb_accordion_item][et_pb_accordion_item title=&#8221;S\u00e5 hvad g\u00f8r Flyto egentlig anderledes?&#8221; _builder_version=&#8221;4.27.4&#8243; _module_preset=&#8221;default&#8221; global_colors_info=&#8221;{}&#8221; open=&#8221;off&#8221;]<\/p>\n<p>Tre ting: vores medarbejdere, vores pr\u00e6cision og vores bes\u00e6ttelse af ro i sindet.<br \/>Vi har det bedste netv\u00e6rk i hele Europa, sporer hver forsendelse som en h\u00f8g og bekymrer os oprigtigt om din oplevelse. Vi flytter ikke bare kasser \u2013 vi flytter liv. Og det tager vi alvorligt &#8230; men ikke for alvorligt.<\/p>\n<p>[\/et_pb_accordion_item][et_pb_accordion_item title=&#8221;Skal jeg betale alt p\u00e5 forh\u00e5nd?&#8221; _builder_version=&#8221;4.27.4&#8243; _module_preset=&#8221;default&#8221; global_colors_info=&#8221;{}&#8221; open=&#8221;off&#8221;]<\/p>\n<p>Nej, slet ikke. Med Flyto betaler du aldrig, f\u00f8r der sker noget. Betalinger foretages f\u00f8rst ved l\u00e6sning \u2013 n\u00e5r din flytning rent faktisk finder sted. Vi tror p\u00e5 tillid, gennemsigtighed og retf\u00e6rdighed. Du ser kvaliteten, f\u00f8r du betaler for den.<\/p>\n<p>[\/et_pb_accordion_item][et_pb_accordion_item title=&#8221;Hvor lang tid tager en international flytning normalt?&#8221; _builder_version=&#8221;4.27.4&#8243; _module_preset=&#8221;default&#8221; global_colors_info=&#8221;{}&#8221; open=&#8221;off&#8221;]<\/p>\n<p>Normalt meget kortere tid end folk tror. De fleste internationale flytninger inden for Europa tager kun et par dage \u2013 op til h\u00f8jst en uge, hvis der ikke er opbevaring imellem.<\/p>\n<p>Vores ruter er optimerede, og vores teams er koordinerede, s\u00e5 dine ejendele ankommer hurtigt, sikkert og pr\u00e6cis til tiden.<\/p>\n<p>[\/et_pb_accordion_item][et_pb_accordion_item title=&#8221;Kan jeg spore min forsendelse?&#8221; _builder_version=&#8221;4.27.4&#8243; _module_preset=&#8221;default&#8221; global_colors_info=&#8221;{}&#8221; open=&#8221;off&#8221;]<\/p>\n<p>Absolut. Hver Flyto-bev\u00e6gelse dokumenteres og spores digitalt fra start til slut. Du f\u00e5r et GPS-sporingslink p\u00e5 din telefon, s\u00e5 du kan tjekke ind n\u00e5r som helst.<\/p>\n<p>[\/et_pb_accordion_item][et_pb_accordion_item title=&#8221;Hvad med told, skatter og papirarbejde?&#8221; _builder_version=&#8221;4.27.4&#8243; _module_preset=&#8221;default&#8221; global_colors_info=&#8221;{}&#8221; open=&#8221;off&#8221;]<\/p>\n<p>Det er her, vi brillerer. Flyto h\u00e5ndterer formularer, godkendelser og bureaukratisk gymnastik, s\u00e5 du ikke beh\u00f8ver det.<br \/>Vi ved, hvilke formularer der er vigtige, hvilke der ikke er, og hvilke der kr\u00e6ver en ekstra underskrift i tre eksemplarer \u2013 og vi har dem alle klar.<\/p>\n<p>[\/et_pb_accordion_item][et_pb_accordion_item title=&#8221;Hvad hvis noget bliver beskadiget eller mistet?&#8221; _builder_version=&#8221;4.27.4&#8243; _module_preset=&#8221;default&#8221; global_colors_info=&#8221;{}&#8221; open=&#8221;off&#8221;]<\/p>\n<p>S\u00e5 reparerer vi det \u2013 hurtigt. Men f\u00f8rst forebygger vi det. Alt, hvad vi flytter, pakkes, fotograferes og registreres i henhold til vores sikkerhedsprotokol.<br \/>I det sj\u00e6ldne tilf\u00e6lde, at noget g\u00e5r galt, er vores forsikrings- og skadesproces hurtig, fair og h\u00e5ndteres personligt.<\/p>\n<p>[\/et_pb_accordion_item][et_pb_accordion_item title=&#8221;Kan jeg v\u00e6lge, hvilke tjenester jeg har brug for?&#8221; _builder_version=&#8221;4.27.4&#8243; _module_preset=&#8221;default&#8221; global_colors_info=&#8221;{}&#8221; open=&#8221;off&#8221;]<\/p>\n<p>Selvf\u00f8lgelig. Du kan v\u00e6lge pr\u00e6cis, hvad du \u00f8nsker \u2013 fra fuld service til transport.<br \/>T\u00e6nk p\u00e5 det som en premium-menu: pakning, told, boligs\u00f8gning, m\u00f8belops\u00e6tning, selv opbevaring. Du v\u00e6lger, vi leverer.<\/p>\n<p>[\/et_pb_accordion_item][et_pb_accordion_item title=&#8221;Hvor meget koster en international flytning egentlig?&#8221; _builder_version=&#8221;4.27.4&#8243; _module_preset=&#8221;default&#8221; global_colors_info=&#8221;{}&#8221; open=&#8221;off&#8221;]<\/p>\n<p>Mindre stress end det at g\u00f8re det alene \u2013 og mere gennemsigtigt, end du ville forvente.<br \/>Hver flytning er forskellig, men hos Flyto baserer vi priserne p\u00e5 afstand, volumen og tjenester \u2013 ikke overraskelser. Du modtager altid et klart, specificeret tilbud, f\u00f8r noget begynder, s\u00e5 du ved pr\u00e6cis, hvad du betaler for.<br \/>Og da alt h\u00e5ndteres af \u00e9t koordineret team, er der ingen skjulte &#8221;overdragelsesgebyrer&#8221; mellem lande \u2013 kun \u00e9n gnidningsl\u00f8s og p\u00e5lidelig proces fra start til slut.<\/p>\n<p>[\/et_pb_accordion_item][et_pb_accordion_item title=&#8221;Hj\u00e6lper du ogs\u00e5 med k\u00e6ledyr, biler eller opbevaring?&#8221; _builder_version=&#8221;4.27.4&#8243; _module_preset=&#8221;default&#8221; global_colors_info=&#8221;{}&#8221; open=&#8221;off&#8221;]<\/p>\n<p>Ja til alle tre. Vi samarbejder med betroede specialister inden for k\u00e6ledyrstransport, bilforsendelse og sikker opbevaring.<br \/>Din bil, din kat eller dit koncertklaver \u2013 vi har flyttet dem alle sikkert (dog ikke i den samme lastbil).<\/p>\n<p>[\/et_pb_accordion_item][et_pb_accordion_item title=&#8221;Kan du hj\u00e6lpe med lokale registreringer eller ops\u00e6tning af forsyningsselskaber?&#8221; _builder_version=&#8221;4.27.4&#8243; _module_preset=&#8221;default&#8221; global_colors_info=&#8221;{}&#8221; open=&#8221;off&#8221;]<\/p>\n<p>Helt sikkert. Vores flytteeksperter hj\u00e6lper med byregistrering, forsyningsforbindelser, internetops\u00e6tning \u2013 alle de &#8221;sm\u00e5 ting&#8221;, der kan blive til store hovedpiner.<br \/>N\u00e5r vi siger d\u00f8r-til-d\u00f8r, mener vi det.<\/p>\n<p>[\/et_pb_accordion_item][et_pb_accordion_item title=&#8221;Hvordan ved jeg, at min flytning vil g\u00e5 gnidningsl\u00f8st?&#8221; _builder_version=&#8221;4.27.4&#8243; _module_preset=&#8221;default&#8221; global_colors_info=&#8221;{}&#8221; open=&#8221;off&#8221;]<\/p>\n<p>Fordi det er vores job. Vi planl\u00e6gger, forbereder og kommunikerer hvert skridt p\u00e5 vejen.<br \/>Bag kulisserne er der et helt Flyto-team, der koordinerer din flytning ligesom flyvekontrollen \u2013 stille, pr\u00e6cist og klar til alt.<\/p>\n<p>[\/et_pb_accordion_item][et_pb_accordion_item title=&#8221;Okay, jeg er overbevist. Hvad er det n\u00e6ste?&#8221; _builder_version=&#8221;4.27.4&#8243; _module_preset=&#8221;default&#8221; global_colors_info=&#8221;{}&#8221; open=&#8221;off&#8221;]<\/p>\n<p>Simpelt \u2013 klik nedenfor, book din gratis konsultation, og lad os begynde at planl\u00e6gge din flytning. Du fort\u00e6ller os, hvor du skal hen, s\u00e5 tager vi os af resten.<br \/>Og ja \u2013 vi lover, at det endda bliver sjovt.<\/p>\n<p>[\/et_pb_accordion_item][\/et_pb_accordion][et_pb_button button_url=&#8221;@ET-DC@eyJkeW5hbWljIjp0cnVlLCJjb250ZW50IjoicG9zdF9saW5rX3VybF9wYWdlIiwic2V0dGluZ3MiOnsicG9zdF9pZCI6IjczNSJ9fQ==@&#8221; button_text=&#8221;Book en gratis konsultation&#8221; _builder_version=&#8221;4.27.4&#8243; _dynamic_attributes=&#8221;button_url&#8221; _module_preset=&#8221;_initial&#8221; custom_button=&#8221;on&#8221; button_text_size=&#8221;16px&#8221; button_text_color=&#8221;#CD207D&#8221; button_border_color=&#8221;#CD207D&#8221; button_border_radius=&#8221;100px&#8221; button_font=&#8221;Outfit|600|||||||&#8221; button_use_icon=&#8221;off&#8221; custom_margin=&#8221;-2px||||false|false&#8221; custom_padding=&#8221;10px|26px|10px|26px|true|true&#8221; hover_enabled=&#8221;0&#8243; global_colors_info=&#8221;{%22gcid-f1e65d51-fa2f-4bf0-b2c1-8eab7001e8fd%22:%91%22button_text_color%22%93}&#8221; sticky_enabled=&#8221;0&#8243;][\/et_pb_button][\/et_pb_column][\/et_pb_row][\/et_pb_section]<\/p>\n","protected":false},"excerpt":{"rendered":"<p>Vi ved, hvad du t\u00e6nker \u2013 og vi har svarene. At flytte til udlandet kommer med sp\u00f8rgsm\u00e5l, sp\u00e6nding og m\u00e5ske lidt panik. Bare rolig \u2013 vores administrerende direkt\u00f8r har h\u00f8rt dem alle (og svaret med et smil).Kun hvis du g\u00f8r det uden Flyto! T\u00e6nk p\u00e5 os som din personlige flytteservicemedarbejder \u2013 vi planl\u00e6gger, pakker, sender [&hellip;]<\/p>\n","protected":false},"author":1,"featured_media":0,"parent":0,"menu_order":0,"comment_status":"closed","ping_status":"closed","template":"","meta":{"_et_pb_use_builder":"on","_et_pb_old_content":"","_et_gb_content_width":"","footnotes":""},"class_list":["post-733","page","type-page","status-publish","hentry"],"yoast_head":"<!-- This site is optimized with the Yoast SEO plugin v26.3 - https:\/\/yoast.com\/wordpress\/plugins\/seo\/ -->\n<title>FAQ - Flyto Relocation Denmark<\/title>\n<meta name=\"robots\" content=\"index, follow, max-snippet:-1, max-image-preview:large, max-video-preview:-1\" \/>\n<link rel=\"canonical\" href=\"https:\/\/flytorelocation.com\/dk-dk\/blog\/\" \/>\n<meta property=\"og:locale\" content=\"fi_FI\" \/>\n<meta property=\"og:type\" content=\"article\" \/>\n<meta property=\"og:title\" content=\"FAQ - Flyto Relocation Denmark\" \/>\n<meta property=\"og:description\" content=\"Vi ved, hvad du t\u00e6nker \u2013 og vi har svarene. At flytte til udlandet kommer med sp\u00f8rgsm\u00e5l, sp\u00e6nding og m\u00e5ske lidt panik. Bare rolig \u2013 vores administrerende direkt\u00f8r har h\u00f8rt dem alle (og svaret med et smil).Kun hvis du g\u00f8r det uden Flyto! T\u00e6nk p\u00e5 os som din personlige flytteservicemedarbejder \u2013 vi planl\u00e6gger, pakker, sender [&hellip;]\" \/>\n<meta property=\"og:url\" content=\"https:\/\/flytorelocation.com\/dk-dk\/blog\/\" \/>\n<meta property=\"og:site_name\" content=\"Flyto Relocation Denmark\" \/>\n<meta property=\"article:modified_time\" content=\"2026-01-16T18:09:15+00:00\" \/>\n<meta name=\"twitter:card\" content=\"summary_large_image\" \/>\n<meta name=\"twitter:label1\" content=\"Arvioitu lukuaika\" \/>\n\t<meta name=\"twitter:data1\" content=\"9 minuuttia\" \/>\n<script type=\"application\/ld+json\" class=\"yoast-schema-graph\">{\"@context\":\"https:\/\/schema.org\",\"@graph\":[{\"@type\":\"WebPage\",\"@id\":\"https:\/\/flytorelocation.com\/dk-dk\/blog\/\",\"url\":\"https:\/\/flytorelocation.com\/dk-dk\/blog\/\",\"name\":\"FAQ - Flyto Relocation Denmark\",\"isPartOf\":{\"@id\":\"https:\/\/flytorelocation.com\/dk-dk\/#website\"},\"datePublished\":\"2025-10-17T16:02:33+00:00\",\"dateModified\":\"2026-01-16T18:09:15+00:00\",\"breadcrumb\":{\"@id\":\"https:\/\/flytorelocation.com\/dk-dk\/blog\/#breadcrumb\"},\"inLanguage\":\"fi\",\"potentialAction\":[{\"@type\":\"ReadAction\",\"target\":[\"https:\/\/flytorelocation.com\/dk-dk\/blog\/\"]}]},{\"@type\":\"BreadcrumbList\",\"@id\":\"https:\/\/flytorelocation.com\/dk-dk\/blog\/#breadcrumb\",\"itemListElement\":[{\"@type\":\"ListItem\",\"position\":1,\"name\":\"Etusivu\",\"item\":\"https:\/\/flytorelocation.com\/dk-dk\/\"},{\"@type\":\"ListItem\",\"position\":2,\"name\":\"FAQ\"}]},{\"@type\":\"WebSite\",\"@id\":\"https:\/\/flytorelocation.com\/dk-dk\/#website\",\"url\":\"https:\/\/flytorelocation.com\/dk-dk\/\",\"name\":\"Flyto Relocation Denmark\",\"description\":\"\",\"publisher\":{\"@id\":\"https:\/\/flytorelocation.com\/dk-dk\/#organization\"},\"potentialAction\":[{\"@type\":\"SearchAction\",\"target\":{\"@type\":\"EntryPoint\",\"urlTemplate\":\"https:\/\/flytorelocation.com\/dk-dk\/?s={search_term_string}\"},\"query-input\":{\"@type\":\"PropertyValueSpecification\",\"valueRequired\":true,\"valueName\":\"search_term_string\"}}],\"inLanguage\":\"fi\"},{\"@type\":\"Organization\",\"@id\":\"https:\/\/flytorelocation.com\/dk-dk\/#organization\",\"name\":\"Flyto Relocation Denmark\",\"url\":\"https:\/\/flytorelocation.com\/dk-dk\/\",\"logo\":{\"@type\":\"ImageObject\",\"inLanguage\":\"fi\",\"@id\":\"https:\/\/flytorelocation.com\/dk-dk\/#\/schema\/logo\/image\/\",\"url\":\"https:\/\/flyto-wp-uploads.s3.eu-north-1.amazonaws.com\/wp-content\/uploads\/sites\/84\/2025\/10\/13130143\/Flyto-col.png\",\"contentUrl\":\"https:\/\/flyto-wp-uploads.s3.eu-north-1.amazonaws.com\/wp-content\/uploads\/sites\/84\/2025\/10\/13130143\/Flyto-col.png\",\"width\":618,\"height\":337,\"caption\":\"Flyto Relocation Denmark\"},\"image\":{\"@id\":\"https:\/\/flytorelocation.com\/dk-dk\/#\/schema\/logo\/image\/\"}}]}<\/script>\n<!-- \/ Yoast SEO plugin. -->","yoast_head_json":{"title":"FAQ - Flyto Relocation Denmark","robots":{"index":"index","follow":"follow","max-snippet":"max-snippet:-1","max-image-preview":"max-image-preview:large","max-video-preview":"max-video-preview:-1"},"canonical":"https:\/\/flytorelocation.com\/dk-dk\/blog\/","og_locale":"fi_FI","og_type":"article","og_title":"FAQ - Flyto Relocation Denmark","og_description":"Vi ved, hvad du t\u00e6nker \u2013 og vi har svarene. At flytte til udlandet kommer med sp\u00f8rgsm\u00e5l, sp\u00e6nding og m\u00e5ske lidt panik. Bare rolig \u2013 vores administrerende direkt\u00f8r har h\u00f8rt dem alle (og svaret med et smil).Kun hvis du g\u00f8r det uden Flyto! T\u00e6nk p\u00e5 os som din personlige flytteservicemedarbejder \u2013 vi planl\u00e6gger, pakker, sender [&hellip;]","og_url":"https:\/\/flytorelocation.com\/dk-dk\/blog\/","og_site_name":"Flyto Relocation Denmark","article_modified_time":"2026-01-16T18:09:15+00:00","twitter_card":"summary_large_image","twitter_misc":{"Arvioitu lukuaika":"9 minuuttia"},"schema":{"@context":"https:\/\/schema.org","@graph":[{"@type":"WebPage","@id":"https:\/\/flytorelocation.com\/dk-dk\/blog\/","url":"https:\/\/flytorelocation.com\/dk-dk\/blog\/","name":"FAQ - Flyto Relocation Denmark","isPartOf":{"@id":"https:\/\/flytorelocation.com\/dk-dk\/#website"},"datePublished":"2025-10-17T16:02:33+00:00","dateModified":"2026-01-16T18:09:15+00:00","breadcrumb":{"@id":"https:\/\/flytorelocation.com\/dk-dk\/blog\/#breadcrumb"},"inLanguage":"fi","potentialAction":[{"@type":"ReadAction","target":["https:\/\/flytorelocation.com\/dk-dk\/blog\/"]}]},{"@type":"BreadcrumbList","@id":"https:\/\/flytorelocation.com\/dk-dk\/blog\/#breadcrumb","itemListElement":[{"@type":"ListItem","position":1,"name":"Etusivu","item":"https:\/\/flytorelocation.com\/dk-dk\/"},{"@type":"ListItem","position":2,"name":"FAQ"}]},{"@type":"WebSite","@id":"https:\/\/flytorelocation.com\/dk-dk\/#website","url":"https:\/\/flytorelocation.com\/dk-dk\/","name":"Flyto Relocation Denmark","description":"","publisher":{"@id":"https:\/\/flytorelocation.com\/dk-dk\/#organization"},"potentialAction":[{"@type":"SearchAction","target":{"@type":"EntryPoint","urlTemplate":"https:\/\/flytorelocation.com\/dk-dk\/?s={search_term_string}"},"query-input":{"@type":"PropertyValueSpecification","valueRequired":true,"valueName":"search_term_string"}}],"inLanguage":"fi"},{"@type":"Organization","@id":"https:\/\/flytorelocation.com\/dk-dk\/#organization","name":"Flyto Relocation Denmark","url":"https:\/\/flytorelocation.com\/dk-dk\/","logo":{"@type":"ImageObject","inLanguage":"fi","@id":"https:\/\/flytorelocation.com\/dk-dk\/#\/schema\/logo\/image\/","url":"https:\/\/flyto-wp-uploads.s3.eu-north-1.amazonaws.com\/wp-content\/uploads\/sites\/84\/2025\/10\/13130143\/Flyto-col.png","contentUrl":"https:\/\/flyto-wp-uploads.s3.eu-north-1.amazonaws.com\/wp-content\/uploads\/sites\/84\/2025\/10\/13130143\/Flyto-col.png","width":618,"height":337,"caption":"Flyto Relocation Denmark"},"image":{"@id":"https:\/\/flytorelocation.com\/dk-dk\/#\/schema\/logo\/image\/"}}]}},"acf":[],"_links":{"self":[{"href":"https:\/\/flytorelocation.com\/dk-dk\/wp-json\/wp\/v2\/pages\/733","targetHints":{"allow":["GET"]}}],"collection":[{"href":"https:\/\/flytorelocation.com\/dk-dk\/wp-json\/wp\/v2\/pages"}],"about":[{"href":"https:\/\/flytorelocation.com\/dk-dk\/wp-json\/wp\/v2\/types\/page"}],"author":[{"embeddable":true,"href":"https:\/\/flytorelocation.com\/dk-dk\/wp-json\/wp\/v2\/users\/1"}],"replies":[{"embeddable":true,"href":"https:\/\/flytorelocation.com\/dk-dk\/wp-json\/wp\/v2\/comments?post=733"}],"version-history":[{"count":6,"href":"https:\/\/flytorelocation.com\/dk-dk\/wp-json\/wp\/v2\/pages\/733\/revisions"}],"predecessor-version":[{"id":1341,"href":"https:\/\/flytorelocation.com\/dk-dk\/wp-json\/wp\/v2\/pages\/733\/revisions\/1341"}],"wp:attachment":[{"href":"https:\/\/flytorelocation.com\/dk-dk\/wp-json\/wp\/v2\/media?parent=733"}],"curies":[{"name":"wp","href":"https:\/\/api.w.org\/{rel}","templated":true}]}}