{"id":1409,"date":"2026-05-09T18:14:54","date_gmt":"2026-05-09T15:14:54","guid":{"rendered":"https:\/\/flytorelocation.com\/de-de\/guides\/comparisons\/"},"modified":"2026-05-11T08:08:20","modified_gmt":"2026-05-11T05:08:20","slug":"comparisons","status":"publish","type":"page","link":"https:\/\/flytorelocation.com\/de-de\/guides\/comparisons\/","title":{"rendered":"Anbieter- und Leistungsvergleiche \u2014 Deutschland"},"content":{"rendered":"<style>\n.flyto-services-archive { font-family: inherit; max-width: 1100px; margin: 0 auto; padding: 1rem; }\n.flyto-services-archive .flyto-services-back { display: inline-block; font-size: 0.85rem; color: #6b7280; text-decoration: none; margin-bottom: 1.5rem; }\n.flyto-services-archive .flyto-services-back:hover { color: #d6006e; }\n.flyto-services-archive p.flyto-services-intro { font-size: 1rem; line-height: 1.65; color: #374151; margin: 0 0 2rem; }\n.flyto-services-archive ul.flyto-guides-list { list-style: none; padding: 0; margin: 0; display: grid; grid-template-columns: repeat(auto-fill, minmax(300px, 1fr)); gap: 1rem; }\n.flyto-services-archive li.flyto-guide-card { background: #fff; border: 1px solid #e5e7eb; border-radius: 14px; transition: box-shadow 0.18s, transform 0.18s; overflow: hidden; border-left: 4px solid #9ca3af; }\n.flyto-services-archive li.flyto-guide-card:hover { box-shadow: 0 6px 16px rgba(0,0,0,0.08); transform: translateY(-2px); }\n.flyto-services-archive a.flyto-guide-link { display: block; padding: 1.15rem 1.3rem; color: inherit; text-decoration: none; }\n.flyto-services-archive a.flyto-guide-link:hover { color: inherit; text-decoration: none; }\n.flyto-services-archive h3.flyto-guide-title { font-size: 1rem; line-height: 1.4; margin: 0 0 0.5rem; color: #1f2937; font-weight: 700; }\n.flyto-services-archive p.flyto-guide-excerpt { font-size: 0.875rem; line-height: 1.55; color: #4b5563; margin: 0 0 0.5rem; }\n.flyto-services-archive .flyto-guide-arrow { font-size: 1.05rem; color: #9ca3af; font-weight: 800; }\nbody.flyto-no-sidebar #sidebar, body.flyto-no-sidebar .et_pb_widget_area { display: none !important; }\nbody.flyto-no-sidebar #left-area, body.flyto-no-sidebar article.post { width: 100% !important; }\n<\/style>\n<p><script>document.addEventListener('DOMContentLoaded',function(){document.body.classList.add('flyto-no-sidebar');});<\/script><\/p>\n<div class=\"flyto-services-archive\">\n  <a class=\"flyto-services-back\" href=\"..\/\">\u2190 Zur\u00fcck zu den Hauptleitf\u00e4den<\/a><\/p>\n<p class=\"flyto-services-intro\">Vergleiche und Bewertungen von Umzugsdienstleistern f\u00fcr Deutschland.<\/p>\n<ul class=\"flyto-guides-list\">\n<li class=\"flyto-guide-card flyto-guide-gray\">\n  <a href=\"https:\/\/flytorelocation.com\/de-de\/top-europaeische-umzugsunternehmen-deutschland-expats\/\" class=\"flyto-guide-link\"><\/p>\n<h3 class=\"flyto-guide-title\">Top europ\u00e4ische Umzugsunternehmen f\u00fcr Deutschland Expats<\/h3>\n<p class=\"flyto-guide-excerpt\">Vergleichen Sie f\u00fchrende internationale Umzugsunternehmen f\u00fcr Ihren Umzug nach Deutschland. Experten-Guide mit Preisen, Services\u2026<\/p>\n<p>    <span class=\"flyto-guide-arrow\">\u2192<\/span><br \/>\n  <\/a>\n<\/li>\n<li class=\"flyto-guide-card flyto-guide-gray\">\n  <a href=\"https:\/\/flytorelocation.com\/de-de\/premium-umzugsunternehmen-deutschland-full-service\/\" class=\"flyto-guide-link\"><\/p>\n<h3 class=\"flyto-guide-title\">Premium Umzugsunternehmen in Deutschland \u2013 Full-Service Umz\u00fcge 2026<\/h3>\n<p class=\"flyto-guide-excerpt\">Premium Umzugsunternehmen in Deutschland: Professionelle Full-Service-Umz\u00fcge mit 4,9\u2605 Bewertung. Alles aus einer Hand \u2013\u2026<\/p>\n<p>    <span class=\"flyto-guide-arrow\">\u2192<\/span><br \/>\n  <\/a>\n<\/li>\n<li class=\"flyto-guide-card flyto-guide-gray\">\n  <a href=\"https:\/\/flytorelocation.com\/de-de\/deutschland-grenzueberschreitende-haushaltsumzuege-top-anbieter-vergleich\/\" class=\"flyto-guide-link\"><\/p>\n<h3 class=\"flyto-guide-title\">Deutschland grenz\u00fcberschreitende Haushaltsumz\u00fcge \u2013 Top-Anbieter im Vergleich 2026<\/h3>\n<p class=\"flyto-guide-excerpt\">Vergleich der besten grenz\u00fcberschreitenden Umzugsunternehmen f\u00fcr Deutschland 2026. Preise, Leistungen und Bewertungen f\u00fchrender\u2026<\/p>\n<p>    <span class=\"flyto-guide-arrow\">\u2192<\/span><br \/>\n  <\/a>\n<\/li>\n<li class=\"flyto-guide-card flyto-guide-gray\">\n  <a href=\"https:\/\/flytorelocation.com\/de-de\/guenstigste-grenzueberschreitende-umzugsunternehmen-aus-deutschland-2026\/\" class=\"flyto-guide-link\"><\/p>\n<h3 class=\"flyto-guide-title\">G\u00fcnstigste grenz\u00fcberschreitende Umzugsunternehmen aus Deutschland 2026<\/h3>\n<p class=\"flyto-guide-excerpt\">G\u00fcnstigste grenz\u00fcberschreitende Umzugsunternehmen aus Deutschland 2026: Transparente Preise ab \u20ac1.350, 20 EU-L\u00e4nder, 4,9\/5\u2026<\/p>\n<p>    <span class=\"flyto-guide-arrow\">\u2192<\/span><br \/>\n  <\/a>\n<\/li>\n<li class=\"flyto-guide-card flyto-guide-gray\">\n  <a href=\"https:\/\/flytorelocation.com\/de-de\/beste-umzugsfirma-auslandsumzug-deutschland\/\" class=\"flyto-guide-link\"><\/p>\n<h3 class=\"flyto-guide-title\">Die beste Umzugsfirma f\u00fcr Ihren Auslandsumzug aus Deutschland<\/h3>\n<p class=\"flyto-guide-excerpt\">Suchen Sie die beste Umzugsfirma f\u00fcr Ihren Auslandsumzug aus Deutschland? Vergleichen Sie Serviceleistungen, Preise und\u2026<\/p>\n<p>    <span class=\"flyto-guide-arrow\">\u2192<\/span><br \/>\n  <\/a>\n<\/li>\n<li class=\"flyto-guide-card flyto-guide-gray\">\n  <a href=\"https:\/\/flytorelocation.com\/de-de\/beste-internationale-umzugsunternehmen-deutschland-2026\/\" class=\"flyto-guide-link\"><\/p>\n<h3 class=\"flyto-guide-title\">Die besten internationalen Umzugsunternehmen in Deutschland 2026<\/h3>\n<p class=\"flyto-guide-excerpt\">Vergleichen Sie die f\u00fchrenden internationalen Umzugsunternehmen in Deutschland 2026. Expertenanalyse, Servicequalit\u00e4t, Preise\u2026<\/p>\n<p>    <span class=\"flyto-guide-arrow\">\u2192<\/span><br \/>\n  <\/a>\n<\/li>\n<li class=\"flyto-guide-card flyto-guide-gray\">\n  <a href=\"https:\/\/flytorelocation.com\/de-de\/budget-friendly-international-movers-from-germany\/\" class=\"flyto-guide-link\"><\/p>\n<h3 class=\"flyto-guide-title\">Budget-Friendly International Movers from Germany<\/h3>\n<p class=\"flyto-guide-excerpt\">Looking for affordable international movers from Germany? Compare Silver, Gold &#038; Platinum tiers from \u20ac1,350. Expert relocation\u2026<\/p>\n<p>    <span class=\"flyto-guide-arrow\">\u2192<\/span><br \/>\n  <\/a>\n<\/li>\n<\/ul>\n<\/div>\n","protected":false},"excerpt":{"rendered":"<p>\u2190 Zur\u00fcck zu den Hauptleitf\u00e4den Vergleiche und Bewertungen von Umzugsdienstleistern f\u00fcr Deutschland. Top europ\u00e4ische Umzugsunternehmen f\u00fcr Deutschland Expats Vergleichen Sie f\u00fchrende internationale Umzugsunternehmen f\u00fcr Ihren Umzug nach Deutschland. Experten-Guide mit Preisen, Services\u2026 \u2192 Premium Umzugsunternehmen in Deutschland \u2013 Full-Service Umz\u00fcge 2026 Premium Umzugsunternehmen in Deutschland: Professionelle Full-Service-Umz\u00fcge mit 4,9\u2605 Bewertung. Alles aus einer Hand \u2013\u2026 [&hellip;]<\/p>\n","protected":false},"author":1,"featured_media":0,"parent":1408,"menu_order":0,"comment_status":"closed","ping_status":"closed","template":"","meta":{"_et_pb_use_builder":"on","_et_pb_old_content":"","_et_gb_content_width":"","footnotes":""},"class_list":["post-1409","page","type-page","status-publish","hentry"],"yoast_head":"<!-- This site is optimized with the Yoast SEO plugin v26.3 - https:\/\/yoast.com\/wordpress\/plugins\/seo\/ -->\n<title>Anbieter- und Leistungsvergleiche \u2014 Deutschland - Flyto<\/title>\n<meta name=\"robots\" content=\"index, follow, max-snippet:-1, max-image-preview:large, max-video-preview:-1\" \/>\n<link rel=\"canonical\" href=\"https:\/\/flytorelocation.com\/de-de\/guides\/comparisons\/\" \/>\n<meta property=\"og:locale\" content=\"de_DE\" \/>\n<meta property=\"og:type\" content=\"article\" \/>\n<meta property=\"og:title\" content=\"Anbieter- und Leistungsvergleiche \u2014 Deutschland - Flyto Relocation Deutschland\" \/>\n<meta property=\"og:description\" content=\"\u2190 Zur\u00fcck zu den Hauptleitf\u00e4den Vergleiche und Bewertungen von Umzugsdienstleistern f\u00fcr Deutschland. Top europ\u00e4ische Umzugsunternehmen f\u00fcr Deutschland Expats Vergleichen Sie f\u00fchrende internationale Umzugsunternehmen f\u00fcr Ihren Umzug nach Deutschland. Experten-Guide mit Preisen, Services\u2026 \u2192 Premium Umzugsunternehmen in Deutschland \u2013 Full-Service Umz\u00fcge 2026 Premium Umzugsunternehmen in Deutschland: Professionelle Full-Service-Umz\u00fcge mit 4,9\u2605 Bewertung. Alles aus einer Hand \u2013\u2026 [&hellip;]\" \/>\n<meta property=\"og:url\" content=\"https:\/\/flytorelocation.com\/de-de\/guides\/comparisons\/\" \/>\n<meta property=\"og:site_name\" content=\"Flyto Relocation Deutschland\" \/>\n<meta property=\"article:modified_time\" content=\"2026-05-11T05:08:20+00:00\" \/>\n<meta name=\"twitter:card\" content=\"summary_large_image\" \/>\n<meta name=\"twitter:label1\" content=\"Arvioitu lukuaika\" \/>\n\t<meta name=\"twitter:data1\" content=\"1 minuutti\" \/>\n<script type=\"application\/ld+json\" class=\"yoast-schema-graph\">{\"@context\":\"https:\/\/schema.org\",\"@graph\":[{\"@type\":\"WebPage\",\"@id\":\"https:\/\/flytorelocation.com\/de-de\/guides\/comparisons\/\",\"url\":\"https:\/\/flytorelocation.com\/de-de\/guides\/comparisons\/\",\"name\":\"Anbieter- und Leistungsvergleiche \u2014 Deutschland - Flyto Relocation Deutschland\",\"isPartOf\":{\"@id\":\"https:\/\/flytorelocation.com\/de-de\/#website\"},\"datePublished\":\"2026-05-09T15:14:54+00:00\",\"dateModified\":\"2026-05-11T05:08:20+00:00\",\"breadcrumb\":{\"@id\":\"https:\/\/flytorelocation.com\/de-de\/guides\/comparisons\/#breadcrumb\"},\"inLanguage\":\"de-DE\",\"potentialAction\":[{\"@type\":\"ReadAction\",\"target\":[\"https:\/\/flytorelocation.com\/de-de\/guides\/comparisons\/\"]}]},{\"@type\":\"BreadcrumbList\",\"@id\":\"https:\/\/flytorelocation.com\/de-de\/guides\/comparisons\/#breadcrumb\",\"itemListElement\":[{\"@type\":\"ListItem\",\"position\":1,\"name\":\"Etusivu\",\"item\":\"https:\/\/flytorelocation.com\/de-de\/\"},{\"@type\":\"ListItem\",\"position\":2,\"name\":\"Deutschland Umzugsressourcen &#038; Leitf\u00e4den 2026\",\"item\":\"https:\/\/flytorelocation.com\/de-de\/guides\/\"},{\"@type\":\"ListItem\",\"position\":3,\"name\":\"Anbieter- und Leistungsvergleiche \u2014 Deutschland\"}]},{\"@type\":\"WebSite\",\"@id\":\"https:\/\/flytorelocation.com\/de-de\/#website\",\"url\":\"https:\/\/flytorelocation.com\/de-de\/\",\"name\":\"Flyto Relocation Deutschland\",\"description\":\"\",\"publisher\":{\"@id\":\"https:\/\/flytorelocation.com\/de-de\/#organization\"},\"potentialAction\":[{\"@type\":\"SearchAction\",\"target\":{\"@type\":\"EntryPoint\",\"urlTemplate\":\"https:\/\/flytorelocation.com\/de-de\/?s={search_term_string}\"},\"query-input\":{\"@type\":\"PropertyValueSpecification\",\"valueRequired\":true,\"valueName\":\"search_term_string\"}}],\"inLanguage\":\"de-DE\"},{\"@type\":\"Organization\",\"@id\":\"https:\/\/flytorelocation.com\/de-de\/#organization\",\"name\":\"Flyto Relocation Deutschland\",\"url\":\"https:\/\/flytorelocation.com\/de-de\/\",\"logo\":{\"@type\":\"ImageObject\",\"inLanguage\":\"fi\",\"@id\":\"https:\/\/flytorelocation.com\/de-de\/#\/schema\/logo\/image\/\",\"url\":\"https:\/\/flyto-wp-uploads.s3.eu-north-1.amazonaws.com\/wp-content\/uploads\/sites\/86\/2025\/10\/13130143\/Flyto-col.png\",\"contentUrl\":\"https:\/\/flyto-wp-uploads.s3.eu-north-1.amazonaws.com\/wp-content\/uploads\/sites\/86\/2025\/10\/13130143\/Flyto-col.png\",\"width\":618,\"height\":337,\"caption\":\"Flyto Relocation Deutschland\"},\"image\":{\"@id\":\"https:\/\/flytorelocation.com\/de-de\/#\/schema\/logo\/image\/\"}}]}<\/script>\n<!-- \/ Yoast SEO plugin. -->","yoast_head_json":{"title":"Anbieter- und Leistungsvergleiche \u2014 Deutschland - Flyto","robots":{"index":"index","follow":"follow","max-snippet":"max-snippet:-1","max-image-preview":"max-image-preview:large","max-video-preview":"max-video-preview:-1"},"canonical":"https:\/\/flytorelocation.com\/de-de\/guides\/comparisons\/","og_locale":"de_DE","og_type":"article","og_title":"Anbieter- und Leistungsvergleiche \u2014 Deutschland - Flyto Relocation Deutschland","og_description":"\u2190 Zur\u00fcck zu den Hauptleitf\u00e4den Vergleiche und Bewertungen von Umzugsdienstleistern f\u00fcr Deutschland. Top europ\u00e4ische Umzugsunternehmen f\u00fcr Deutschland Expats Vergleichen Sie f\u00fchrende internationale Umzugsunternehmen f\u00fcr Ihren Umzug nach Deutschland. Experten-Guide mit Preisen, Services\u2026 \u2192 Premium Umzugsunternehmen in Deutschland \u2013 Full-Service Umz\u00fcge 2026 Premium Umzugsunternehmen in Deutschland: Professionelle Full-Service-Umz\u00fcge mit 4,9\u2605 Bewertung. Alles aus einer Hand \u2013\u2026 [&hellip;]","og_url":"https:\/\/flytorelocation.com\/de-de\/guides\/comparisons\/","og_site_name":"Flyto Relocation Deutschland","article_modified_time":"2026-05-11T05:08:20+00:00","twitter_card":"summary_large_image","twitter_misc":{"Arvioitu lukuaika":"1 minuutti"},"schema":{"@context":"https:\/\/schema.org","@graph":[{"@type":"WebPage","@id":"https:\/\/flytorelocation.com\/de-de\/guides\/comparisons\/","url":"https:\/\/flytorelocation.com\/de-de\/guides\/comparisons\/","name":"Anbieter- und Leistungsvergleiche \u2014 Deutschland - Flyto Relocation Deutschland","isPartOf":{"@id":"https:\/\/flytorelocation.com\/de-de\/#website"},"datePublished":"2026-05-09T15:14:54+00:00","dateModified":"2026-05-11T05:08:20+00:00","breadcrumb":{"@id":"https:\/\/flytorelocation.com\/de-de\/guides\/comparisons\/#breadcrumb"},"inLanguage":"de-DE","potentialAction":[{"@type":"ReadAction","target":["https:\/\/flytorelocation.com\/de-de\/guides\/comparisons\/"]}]},{"@type":"BreadcrumbList","@id":"https:\/\/flytorelocation.com\/de-de\/guides\/comparisons\/#breadcrumb","itemListElement":[{"@type":"ListItem","position":1,"name":"Etusivu","item":"https:\/\/flytorelocation.com\/de-de\/"},{"@type":"ListItem","position":2,"name":"Deutschland Umzugsressourcen &#038; Leitf\u00e4den 2026","item":"https:\/\/flytorelocation.com\/de-de\/guides\/"},{"@type":"ListItem","position":3,"name":"Anbieter- und Leistungsvergleiche \u2014 Deutschland"}]},{"@type":"WebSite","@id":"https:\/\/flytorelocation.com\/de-de\/#website","url":"https:\/\/flytorelocation.com\/de-de\/","name":"Flyto Relocation Deutschland","description":"","publisher":{"@id":"https:\/\/flytorelocation.com\/de-de\/#organization"},"potentialAction":[{"@type":"SearchAction","target":{"@type":"EntryPoint","urlTemplate":"https:\/\/flytorelocation.com\/de-de\/?s={search_term_string}"},"query-input":{"@type":"PropertyValueSpecification","valueRequired":true,"valueName":"search_term_string"}}],"inLanguage":"de-DE"},{"@type":"Organization","@id":"https:\/\/flytorelocation.com\/de-de\/#organization","name":"Flyto Relocation Deutschland","url":"https:\/\/flytorelocation.com\/de-de\/","logo":{"@type":"ImageObject","inLanguage":"fi","@id":"https:\/\/flytorelocation.com\/de-de\/#\/schema\/logo\/image\/","url":"https:\/\/flyto-wp-uploads.s3.eu-north-1.amazonaws.com\/wp-content\/uploads\/sites\/86\/2025\/10\/13130143\/Flyto-col.png","contentUrl":"https:\/\/flyto-wp-uploads.s3.eu-north-1.amazonaws.com\/wp-content\/uploads\/sites\/86\/2025\/10\/13130143\/Flyto-col.png","width":618,"height":337,"caption":"Flyto Relocation Deutschland"},"image":{"@id":"https:\/\/flytorelocation.com\/de-de\/#\/schema\/logo\/image\/"}}]}},"acf":[],"_links":{"self":[{"href":"https:\/\/flytorelocation.com\/de-de\/wp-json\/wp\/v2\/pages\/1409","targetHints":{"allow":["GET"]}}],"collection":[{"href":"https:\/\/flytorelocation.com\/de-de\/wp-json\/wp\/v2\/pages"}],"about":[{"href":"https:\/\/flytorelocation.com\/de-de\/wp-json\/wp\/v2\/types\/page"}],"author":[{"embeddable":true,"href":"https:\/\/flytorelocation.com\/de-de\/wp-json\/wp\/v2\/users\/1"}],"replies":[{"embeddable":true,"href":"https:\/\/flytorelocation.com\/de-de\/wp-json\/wp\/v2\/comments?post=1409"}],"version-history":[{"count":1,"href":"https:\/\/flytorelocation.com\/de-de\/wp-json\/wp\/v2\/pages\/1409\/revisions"}],"predecessor-version":[{"id":1411,"href":"https:\/\/flytorelocation.com\/de-de\/wp-json\/wp\/v2\/pages\/1409\/revisions\/1411"}],"up":[{"embeddable":true,"href":"https:\/\/flytorelocation.com\/de-de\/wp-json\/wp\/v2\/pages\/1408"}],"wp:attachment":[{"href":"https:\/\/flytorelocation.com\/de-de\/wp-json\/wp\/v2\/media?parent=1409"}],"curies":[{"name":"wp","href":"https:\/\/api.w.org\/{rel}","templated":true}]}}