{"id":9,"date":"2025-10-22T20:37:33","date_gmt":"2025-10-22T17:37:33","guid":{"rendered":"https:\/\/flytorelocation.com\/cz-cz\/fi\/?page_id=9"},"modified":"2026-01-17T01:15:45","modified_gmt":"2026-01-16T23:15:45","slug":"relocation-services","status":"publish","type":"page","link":"https:\/\/flytorelocation.com\/cz-cz\/relocation-services\/","title":{"rendered":"Relocation services"},"content":{"rendered":"<p>[et_pb_section fb_built=&#8221;1&#8243; custom_padding_last_edited=&#8221;on|tablet&#8221; admin_label=&#8221;About&#8221; _builder_version=&#8221;4.27.4&#8243; _module_preset=&#8221;default&#8221; custom_padding=&#8221;||0px|||&#8221; custom_padding_tablet=&#8221;0px||0px||true|false&#8221; custom_padding_phone=&#8221;0px||0px||true|false&#8221; collapsed=&#8221;on&#8221; global_colors_info=&#8221;{}&#8221;][et_pb_row _builder_version=&#8221;4.27.4&#8243; _module_preset=&#8221;default&#8221; locked=&#8221;off&#8221; global_colors_info=&#8221;{}&#8221;][et_pb_column type=&#8221;4_4&#8243; _builder_version=&#8221;4.22.0&#8243; _module_preset=&#8221;default&#8221; global_colors_info=&#8221;{}&#8221;][et_pb_heading title=&#8221;St\u011bhovac\u00ed slu\u017eby&#8221; _builder_version=&#8221;4.27.4&#8243; _module_preset=&#8221;_initial&#8221; title_level=&#8221;h2&#8243; title_font=&#8221;Flyto oma||||||||&#8221; title_text_color=&#8221;#CD207D&#8221; title_font_size=&#8221;49px&#8221; min_height=&#8221;68.2px&#8221; custom_margin=&#8221;||||false|false&#8221; custom_margin_tablet=&#8221;0px||0px||false|false&#8221; custom_margin_phone=&#8221;0px||||false|false&#8221; custom_margin_last_edited=&#8221;on|phone&#8221; custom_padding=&#8221;||||false|false&#8221; custom_padding_tablet=&#8221;||||false|false&#8221; custom_padding_phone=&#8221;0px||||false|false&#8221; custom_padding_last_edited=&#8221;on|phone&#8221; title_font_size_phone=&#8221;42px&#8221; locked=&#8221;off&#8221; global_colors_info=&#8221;{}&#8221;][\/et_pb_heading][\/et_pb_column][\/et_pb_row][\/et_pb_section][et_pb_section fb_built=&#8221;1&#8243; custom_padding_last_edited=&#8221;on|phone&#8221; admin_label=&#8221;Services&#8221; _builder_version=&#8221;4.27.4&#8243; _module_preset=&#8221;default&#8221; custom_padding=&#8221;0px||||false|false&#8221; custom_padding_tablet=&#8221;0px||0px||true|false&#8221; custom_padding_phone=&#8221;0px||0px||false|false&#8221; collapsed=&#8221;on&#8221; global_colors_info=&#8221;{}&#8221;][et_pb_row column_structure=&#8221;1_4,1_4,1_2&#8243; _builder_version=&#8221;4.27.4&#8243; _module_preset=&#8221;default&#8221; global_colors_info=&#8221;{}&#8221;][et_pb_column type=&#8221;1_4&#8243; _builder_version=&#8221;4.27.4&#8243; _module_preset=&#8221;default&#8221; global_colors_info=&#8221;{}&#8221;][et_pb_text _builder_version=&#8221;4.27.4&#8243; _module_preset=&#8221;_initial&#8221; text_font=&#8221;Montserrat||||||||&#8221; text_text_color=&#8221;#000000&#8243; header_2_font=&#8221;Flyto oma|600|||||||&#8221; header_2_text_align=&#8221;left&#8221; header_2_text_color=&#8221;#000000&#8243; header_2_font_size=&#8221;22px&#8221; header_2_line_height=&#8221;1.2em&#8221; header_3_font_size=&#8221;30px&#8221; custom_margin_tablet=&#8221;&#8221; custom_margin_phone=&#8221;-36px||||false|false&#8221; custom_margin_last_edited=&#8221;on|phone&#8221; custom_padding_tablet=&#8221;&#8221; custom_padding_phone=&#8221;&#8221; custom_padding_last_edited=&#8221;on|phone&#8221; locked=&#8221;off&#8221; global_colors_info=&#8221;{}&#8221;]<\/p>\n<h2>Komplexn\u00ed st\u011bhovac\u00ed slu\u017eby pro hladk\u00fd start<\/h2>\n<p>[\/et_pb_text][et_pb_button button_url=&#8221;@ET-DC@eyJkeW5hbWljIjp0cnVlLCJjb250ZW50IjoicG9zdF9saW5rX3VybF9wYWdlIiwic2V0dGluZ3MiOnsicG9zdF9pZCI6IjczNSJ9fQ==@&#8221; button_text=&#8221;Chatujte s odborn\u00edkem&#8221; _builder_version=&#8221;4.27.4&#8243; _dynamic_attributes=&#8221;button_url&#8221; _module_preset=&#8221;_initial&#8221; custom_button=&#8221;on&#8221; button_text_size=&#8221;16px&#8221; button_text_color=&#8221;#CD207D&#8221; button_bg_color=&#8221;#FFFFFF&#8221; button_border_color=&#8221;#CD207D&#8221; button_border_radius=&#8221;100px&#8221; button_font=&#8221;Outfit|600|||||||&#8221; button_use_icon=&#8221;off&#8221; custom_margin=&#8221;-10px||||false|false&#8221; custom_padding=&#8221;10px|26px|10px|26px|true|true&#8221; hover_enabled=&#8221;0&#8243; global_colors_info=&#8221;{%22gcid-f1e65d51-fa2f-4bf0-b2c1-8eab7001e8fd%22:%91%22button_text_color%22%93}&#8221; sticky_enabled=&#8221;0&#8243;][\/et_pb_button][\/et_pb_column][et_pb_column type=&#8221;1_4&#8243; _builder_version=&#8221;4.27.4&#8243; _module_preset=&#8221;default&#8221; global_colors_info=&#8221;{}&#8221;][et_pb_text _builder_version=&#8221;4.27.4&#8243; _module_preset=&#8221;_initial&#8221; text_font=&#8221;Montserrat|600|||||||&#8221; text_font_size=&#8221;13px&#8221; custom_margin=&#8221;||||false|false&#8221; global_colors_info=&#8221;{}&#8221;]<\/p>\n<p>St\u011bhov\u00e1n\u00ed do zahrani\u010d\u00ed je v\u00edc ne\u017e jen p\u0159eprava va\u0161ich v\u011bc\u00ed \u2013 jde o vytvo\u0159en\u00ed nov\u00e9ho \u017eivota na nov\u00e9m m\u00edst\u011b.<\/p>\n<p>Ve spole\u010dnosti Flyto poskytujeme kompletn\u00ed \u0161k\u00e1lu dopl\u0148kov\u00fdch st\u011bhovac\u00edch slu\u017eeb, kter\u00e9 v\u00e1m usnadn\u00ed, usnadn\u00ed a usnadn\u00ed v\u00e1\u0161 p\u0159echod.<\/p>\n<p>A\u0165 u\u017e se st\u011bhujete sami, s rodinou nebo jm\u00e9nem sv\u00e9 firmy, n\u00e1\u0161 t\u00fdm zajist\u00ed, aby ka\u017ed\u00fd krok va\u0161eho st\u011bhov\u00e1n\u00ed byl zvl\u00e1dnut s p\u0159esnost\u00ed a p\u00e9\u010d\u00ed.<\/p>\n<p>[\/et_pb_text][\/et_pb_column][et_pb_column type=&#8221;1_2&#8243; _builder_version=&#8221;4.27.4&#8243; _module_preset=&#8221;default&#8221; global_colors_info=&#8221;{}&#8221;][et_pb_image src=&#8221;https:\/\/flyto-wp-uploads.s3.eu-north-1.amazonaws.com\/wp-content\/uploads\/sites\/97\/2025\/10\/03182819\/FLYTO_muutto_kuvaaja-Nuuti-PAananen-6_1_11zon-scaled-1.jpg&#8221; title_text=&#8221;FLYTO_muutto_kuvaaja Nuuti PAananen (6)_1_11zon&#8221; _builder_version=&#8221;4.27.4&#8243; _module_preset=&#8221;default&#8221; border_radii=&#8221;on|20px|20px|20px|20px&#8221; global_colors_info=&#8221;{}&#8221;][\/et_pb_image][\/et_pb_column][\/et_pb_row][\/et_pb_section][et_pb_section fb_built=&#8221;1&#8243; _builder_version=&#8221;4.27.4&#8243; _module_preset=&#8221;default&#8221; background_color=&#8221;#fafafa&#8221; global_colors_info=&#8221;{}&#8221;][et_pb_row _builder_version=&#8221;4.27.4&#8243; _module_preset=&#8221;default&#8221; global_colors_info=&#8221;{}&#8221;][et_pb_column type=&#8221;4_4&#8243; _builder_version=&#8221;4.27.4&#8243; _module_preset=&#8221;default&#8221; global_colors_info=&#8221;{}&#8221;][et_pb_accordion open_toggle_background_color=&#8221;RGBA(255,255,255,0)&#8221; closed_toggle_text_color=&#8221;#000000&#8243; closed_toggle_background_color=&#8221;RGBA(255,255,255,0)&#8221; icon_color=&#8221;#CD207D&#8221; _builder_version=&#8221;4.27.4&#8243; _module_preset=&#8221;default&#8221; toggle_font=&#8221;Poppins|600|||||||&#8221; toggle_font_size=&#8221;15px&#8221; body_font=&#8221;Montserrat||||||||&#8221; body_line_height=&#8221;1.8em&#8221; hover_enabled=&#8221;0&#8243; border_radii=&#8221;on|5px|5px|5px|5px&#8221; border_color_all=&#8221;#CD207D&#8221; global_colors_info=&#8221;{%22gcid-primary-color%22:%91%22body_quote_text_color%22,%22quote_text_color%22,%22body_quote_text_color%22,%22quote_text_color%22%93,%22gcid-secondary-color%22:%91%22icon_color%22%93,%22gcid-heading-color%22:%91%22toggle_text_color%22,%22toggle_text_color%22%93}&#8221; sticky_enabled=&#8221;0&#8243;][et_pb_accordion_item title=&#8221;\ud83c\udfe0 Pomoc s hled\u00e1n\u00edm dom\u016f&#8221; open=&#8221;on&#8221; _builder_version=&#8221;4.27.4&#8243; _module_preset=&#8221;default&#8221; global_colors_info=&#8221;{}&#8221;]<\/p>\n<p>Nalezen\u00ed nov\u00e9ho domova v jin\u00e9 zemi m\u016f\u017ee b\u00fdt n\u00e1ro\u010dn\u00e9 \u2013 ale s Flyto se to stane snadnou z\u00e1le\u017eitost\u00ed.<br \/>Na\u0161i experti na st\u011bhov\u00e1n\u00ed v\u00e1m pomohou prozkoumat nejlep\u0161\u00ed \u010dtvrti, za\u0159\u00eddit prohl\u00eddky nemovitost\u00ed a podpo\u0159it v\u00e1s cel\u00fdm procesem pron\u00e1jmu nebo koup\u011b. Ka\u017ed\u00e9 hled\u00e1n\u00ed p\u0159izp\u016fsob\u00edme va\u0161emu \u017eivotn\u00edmu stylu, doj\u00ed\u017ed\u011bn\u00ed a rozpo\u010dtu, abychom zajistili, \u017ee se ve va\u0161em nov\u00e9m domov\u011b budete c\u00edtit perfektn\u011b od prvn\u00edho dne.<\/p>\n<p><strong>Zahrnuje:<\/strong><\/p>\n<p>&#8211; Poradenstv\u00ed v oblasti a sousedstv\u00ed<\/p>\n<p>&#8211; Vyhled\u00e1v\u00e1n\u00ed a prohl\u00eddky nemovitost\u00ed<\/p>\n<p>&#8211; Vyjedn\u00e1v\u00e1n\u00ed n\u00e1jemn\u00ed smlouvy a podpora dokumentace<\/p>\n<p>&#8211; Koordinace st\u011bhov\u00e1n\u00ed<\/p>\n<p>[\/et_pb_accordion_item][et_pb_accordion_item title=&#8221;\ud83d\udecb\ufe0f Mont\u00e1\u017e n\u00e1bytku a instalace dom\u00e1cnosti&#8221; _builder_version=&#8221;4.27.4&#8243; _module_preset=&#8221;default&#8221; global_colors_info=&#8221;{}&#8221; open=&#8221;off&#8221;]<\/p>\n<p>Zajist\u00edme, aby byl v\u00e1\u0161 nov\u00fd domov p\u0159ipraven k bydlen\u00ed \u2013 do nejmen\u0161\u00edho detailu.<br \/>N\u00e1\u0161 t\u00fdm se postar\u00e1 o mont\u00e1\u017e n\u00e1bytku, instalaci a nastaven\u00ed z\u00e1kladn\u00edch syst\u00e9m\u016f dom\u00e1cnosti, abyste se vy mohli soust\u0159edit na zabydlen\u00ed.<\/p>\n<p>Od zaji\u0161t\u011bn\u00ed dod\u00e1vek a\u017e po koordinaci instalac\u00ed zajist\u00edme, aby se v\u00e1\u0161 domov ihned po st\u011bhov\u00e1n\u00ed c\u00edtil funk\u010dn\u00ed a pohodln\u011b.<\/p>\n<p><strong>Zahrnuje:<\/strong><\/p>\n<p>&#8211; Dod\u00e1vku a mont\u00e1\u017e n\u00e1bytku<\/p>\n<p>&#8211; Instalace a \u00fapravy domu<\/p>\n<p>&#8211; \u00daklid a fin\u00e1ln\u00ed instalaci<\/p>\n<p>&#8211; Koordinaci poskytovatel\u016f slu\u017eeb<\/p>\n<p>[\/et_pb_accordion_item][et_pb_accordion_item title=&#8221;\ud83d\ude97 Slu\u017eba p\u0159epravy vozidel&#8221; _builder_version=&#8221;4.27.4&#8243; _module_preset=&#8221;default&#8221; global_colors_info=&#8221;{}&#8221; open=&#8221;off&#8221;]<\/p>\n<p>Pot\u0159ebujete si s sebou vz\u00edt auto, motocykl nebo jin\u00e9 vozidlo?<br \/>Flyto poskytuje bezpe\u010dnou, spolehlivou a pln\u011b poji\u0161t\u011bnou p\u0159epravu vozidel p\u0159es hranice. Na\u0161i odborn\u00edci se postaraj\u00ed o celn\u00ed odbaven\u00ed, logistiku a pl\u00e1nov\u00e1n\u00ed dod\u00e1vek \u2013 zajist\u00ed tak, aby va\u0161e vozidlo dorazilo bezpe\u010dn\u011b a v\u010das.<\/p>\n<p><strong>Zahrnuje:<\/strong><\/p>\n<p>&#8211; Mezin\u00e1rodn\u00ed p\u0159epravu a logistiku vozidel<\/p>\n<p>&#8211; Vyzvednut\u00ed a doru\u010den\u00ed od dve\u0159\u00ed ke dve\u0159\u00edm<\/p>\n<p>&#8211; Pomoc s celn\u00edm a registra\u010dn\u00edm \u0159\u00edzen\u00edm<\/p>\n<p>&#8211; Kompletn\u00ed poji\u0161t\u011bn\u00ed<\/p>\n<p>[\/et_pb_accordion_item][et_pb_accordion_item title=&#8221;\ud83c\udfe2 Bezpe\u010dn\u00e1 \u00falo\u017en\u00e1 \u0159e\u0161en\u00ed&#8221; _builder_version=&#8221;4.27.4&#8243; _module_preset=&#8221;default&#8221; global_colors_info=&#8221;{}&#8221; open=&#8221;off&#8221;]<\/p>\n<p>Pokud pot\u0159ebujete b\u011bhem st\u011bhov\u00e1n\u00ed do\u010dasn\u00e9 nebo dlouhodob\u00e9 skladov\u00e1n\u00ed, Flyto nab\u00edz\u00ed zabezpe\u010den\u00e9 a klimatizovan\u00e9 prostory.<br \/>Na\u0161e skladovac\u00ed slu\u017eby jsou monitorov\u00e1ny pokro\u010dil\u00fdmi kamerov\u00fdmi syst\u00e9my a zahrnuj\u00ed podrobnou dokumentaci invent\u00e1\u0159e \u2013 co\u017e v\u00e1m b\u011bhem p\u0159echodu poskytne naprost\u00fd klid.<\/p>\n<p><strong>Zahrnuje:<\/strong><\/p>\n<p>&#8211; Bezpe\u010dn\u00e9 a klimatizovan\u00e9 skladov\u00e1n\u00ed<\/p>\n<p>&#8211; Monitorov\u00e1n\u00ed a dohled 24 hodin denn\u011b, 7 dn\u00ed v t\u00fddnu<\/p>\n<p>&#8211; Flexibiln\u00ed kr\u00e1tkodob\u00e9 nebo dlouhodob\u00e9 mo\u017enosti<\/p>\n<p>&#8211; Kompletn\u00ed dokumentace k polo\u017ek\u00e1m a p\u0159\u00edstup na vy\u017e\u00e1d\u00e1n\u00ed<\/p>\n<p>[\/et_pb_accordion_item][et_pb_accordion_item title=&#8221;\ud83e\udd1d Usazov\u00e1n\u00ed a m\u00edstn\u00ed podpora&#8221; _builder_version=&#8221;4.27.4&#8243; _module_preset=&#8221;default&#8221; global_colors_info=&#8221;{}&#8221; open=&#8221;off&#8221;]<\/p>\n<p>St\u011bhov\u00e1n\u00ed do zahrani\u010d\u00ed je v\u00edc ne\u017e jen logistika \u2013 jde o p\u0159izp\u016fsoben\u00ed se nov\u00e9mu \u017eivotn\u00edmu stylu.<br \/>Na\u0161e slu\u017eby pro usazen\u00ed se a m\u00edstn\u00ed podporu v\u00e1m a va\u0161\u00ed rodin\u011b pomohou rychle se c\u00edtit jako doma. Od m\u00edstn\u00edch registrac\u00ed a dopravn\u00edch karet a\u017e po kulturn\u00ed informace a ka\u017edodenn\u00ed poradenstv\u00ed \u2013 zajist\u00edme, aby va\u0161e prvn\u00ed t\u00fddny v zahrani\u010d\u00ed prob\u011bhly hladce a bez stresu.<\/p>\n<p><strong>Zahrnuje:<\/strong><\/p>\n<p>&#8211; Orientaci ve m\u011bst\u011b a praktick\u00e9 poradenstv\u00ed<\/p>\n<p>&#8211; Pomoc s m\u00edstn\u00ed registrac\u00ed a dokumentac\u00ed<\/p>\n<p>&#8211; \u00davod do zdravotn\u00ed p\u00e9\u010de, dopravy a ka\u017edodenn\u00edch pot\u0159eb<\/p>\n<p>&#8211; Pr\u016fb\u011b\u017enou osobn\u00ed podporu od na\u0161ich m\u00edstn\u00edch odborn\u00edk\u016f<\/p>\n<p>[\/et_pb_accordion_item][\/et_pb_accordion][et_pb_button button_url=&#8221;@ET-DC@eyJkeW5hbWljIjp0cnVlLCJjb250ZW50IjoicG9zdF9saW5rX3VybF9wYWdlIiwic2V0dGluZ3MiOnsicG9zdF9pZCI6IjczNSJ9fQ==@&#8221; button_text=&#8221;Rezervujte si bezplatnou konzultaci&#8221; _builder_version=&#8221;4.27.4&#8243; _dynamic_attributes=&#8221;button_url&#8221; _module_preset=&#8221;_initial&#8221; custom_button=&#8221;on&#8221; button_text_size=&#8221;16px&#8221; button_text_color=&#8221;#CD207D&#8221; button_border_color=&#8221;#CD207D&#8221; button_border_radius=&#8221;100px&#8221; button_font=&#8221;Outfit|600|||||||&#8221; button_use_icon=&#8221;off&#8221; custom_margin=&#8221;-2px||||false|false&#8221; custom_padding=&#8221;10px|26px|10px|26px|true|true&#8221; hover_enabled=&#8221;0&#8243; global_colors_info=&#8221;{%22gcid-f1e65d51-fa2f-4bf0-b2c1-8eab7001e8fd%22:%91%22button_text_color%22%93}&#8221; sticky_enabled=&#8221;0&#8243;][\/et_pb_button][\/et_pb_column][\/et_pb_row][\/et_pb_section]<\/p>\n","protected":false},"excerpt":{"rendered":"<p>Komplexn\u00ed st\u011bhovac\u00ed slu\u017eby pro hladk\u00fd startSt\u011bhov\u00e1n\u00ed do zahrani\u010d\u00ed je v\u00edc ne\u017e jen p\u0159eprava va\u0161ich v\u011bc\u00ed \u2013 jde o vytvo\u0159en\u00ed nov\u00e9ho \u017eivota na nov\u00e9m m\u00edst\u011b. Ve spole\u010dnosti Flyto poskytujeme kompletn\u00ed \u0161k\u00e1lu dopl\u0148kov\u00fdch st\u011bhovac\u00edch slu\u017eeb, kter\u00e9 v\u00e1m usnadn\u00ed, usnadn\u00ed a usnadn\u00ed v\u00e1\u0161 p\u0159echod. A\u0165 u\u017e se st\u011bhujete sami, s rodinou nebo jm\u00e9nem sv\u00e9 firmy, n\u00e1\u0161 t\u00fdm zajist\u00ed, [&hellip;]<\/p>\n","protected":false},"author":1,"featured_media":0,"parent":0,"menu_order":0,"comment_status":"closed","ping_status":"closed","template":"","meta":{"_et_pb_use_builder":"on","_et_pb_old_content":"","_et_gb_content_width":"","footnotes":""},"class_list":["post-9","page","type-page","status-publish","hentry"],"yoast_head":"<!-- This site is optimized with the Yoast SEO plugin v26.3 - https:\/\/yoast.com\/wordpress\/plugins\/seo\/ -->\n<title>Relocation services - Flyto Relocation \u010cesk\u00e1 republika<\/title>\n<meta name=\"robots\" content=\"index, follow, max-snippet:-1, max-image-preview:large, max-video-preview:-1\" \/>\n<link rel=\"canonical\" href=\"https:\/\/flytorelocation.com\/cz-cz\/relocation-services\/\" \/>\n<meta property=\"og:locale\" content=\"fi_FI\" \/>\n<meta property=\"og:type\" content=\"article\" \/>\n<meta property=\"og:title\" content=\"Relocation services - Flyto Relocation \u010cesk\u00e1 republika\" \/>\n<meta property=\"og:description\" content=\"Komplexn\u00ed st\u011bhovac\u00ed slu\u017eby pro hladk\u00fd startSt\u011bhov\u00e1n\u00ed do zahrani\u010d\u00ed je v\u00edc ne\u017e jen p\u0159eprava va\u0161ich v\u011bc\u00ed \u2013 jde o vytvo\u0159en\u00ed nov\u00e9ho \u017eivota na nov\u00e9m m\u00edst\u011b. Ve spole\u010dnosti Flyto poskytujeme kompletn\u00ed \u0161k\u00e1lu dopl\u0148kov\u00fdch st\u011bhovac\u00edch slu\u017eeb, kter\u00e9 v\u00e1m usnadn\u00ed, usnadn\u00ed a usnadn\u00ed v\u00e1\u0161 p\u0159echod. A\u0165 u\u017e se st\u011bhujete sami, s rodinou nebo jm\u00e9nem sv\u00e9 firmy, n\u00e1\u0161 t\u00fdm zajist\u00ed, [&hellip;]\" \/>\n<meta property=\"og:url\" content=\"https:\/\/flytorelocation.com\/cz-cz\/relocation-services\/\" \/>\n<meta property=\"og:site_name\" content=\"Flyto Relocation \u010cesk\u00e1 republika\" \/>\n<meta property=\"article:modified_time\" content=\"2026-01-16T23:15:45+00:00\" \/>\n<meta name=\"twitter:card\" content=\"summary_large_image\" \/>\n<meta name=\"twitter:label1\" content=\"Arvioitu lukuaika\" \/>\n\t<meta name=\"twitter:data1\" content=\"8 minuuttia\" \/>\n<script type=\"application\/ld+json\" class=\"yoast-schema-graph\">{\"@context\":\"https:\/\/schema.org\",\"@graph\":[{\"@type\":\"WebPage\",\"@id\":\"https:\/\/flytorelocation.com\/cz-cz\/relocation-services\/\",\"url\":\"https:\/\/flytorelocation.com\/cz-cz\/relocation-services\/\",\"name\":\"Relocation services - Flyto Relocation \u010cesk\u00e1 republika\",\"isPartOf\":{\"@id\":\"https:\/\/flytorelocation.com\/cz-cz\/#website\"},\"datePublished\":\"2025-10-22T17:37:33+00:00\",\"dateModified\":\"2026-01-16T23:15:45+00:00\",\"breadcrumb\":{\"@id\":\"https:\/\/flytorelocation.com\/cz-cz\/relocation-services\/#breadcrumb\"},\"inLanguage\":\"fi\",\"potentialAction\":[{\"@type\":\"ReadAction\",\"target\":[\"https:\/\/flytorelocation.com\/cz-cz\/relocation-services\/\"]}]},{\"@type\":\"BreadcrumbList\",\"@id\":\"https:\/\/flytorelocation.com\/cz-cz\/relocation-services\/#breadcrumb\",\"itemListElement\":[{\"@type\":\"ListItem\",\"position\":1,\"name\":\"Etusivu\",\"item\":\"https:\/\/flytorelocation.com\/cz-cz\/\"},{\"@type\":\"ListItem\",\"position\":2,\"name\":\"Relocation services\"}]},{\"@type\":\"WebSite\",\"@id\":\"https:\/\/flytorelocation.com\/cz-cz\/#website\",\"url\":\"https:\/\/flytorelocation.com\/cz-cz\/\",\"name\":\"Flyto Relocation \u010cesk\u00e1 republika\",\"description\":\"\",\"publisher\":{\"@id\":\"https:\/\/flytorelocation.com\/cz-cz\/#organization\"},\"potentialAction\":[{\"@type\":\"SearchAction\",\"target\":{\"@type\":\"EntryPoint\",\"urlTemplate\":\"https:\/\/flytorelocation.com\/cz-cz\/?s={search_term_string}\"},\"query-input\":{\"@type\":\"PropertyValueSpecification\",\"valueRequired\":true,\"valueName\":\"search_term_string\"}}],\"inLanguage\":\"fi\"},{\"@type\":\"Organization\",\"@id\":\"https:\/\/flytorelocation.com\/cz-cz\/#organization\",\"name\":\"Flyto Relocation \u010cesk\u00e1 republika\",\"url\":\"https:\/\/flytorelocation.com\/cz-cz\/\",\"logo\":{\"@type\":\"ImageObject\",\"inLanguage\":\"fi\",\"@id\":\"https:\/\/flytorelocation.com\/cz-cz\/#\/schema\/logo\/image\/\",\"url\":\"https:\/\/flyto-wp-uploads.s3.eu-north-1.amazonaws.com\/wp-content\/uploads\/sites\/97\/2025\/10\/13130143\/Flyto-col.png\",\"contentUrl\":\"https:\/\/flyto-wp-uploads.s3.eu-north-1.amazonaws.com\/wp-content\/uploads\/sites\/97\/2025\/10\/13130143\/Flyto-col.png\",\"width\":618,\"height\":337,\"caption\":\"Flyto Relocation \u010cesk\u00e1 republika\"},\"image\":{\"@id\":\"https:\/\/flytorelocation.com\/cz-cz\/#\/schema\/logo\/image\/\"}}]}<\/script>\n<!-- \/ Yoast SEO plugin. -->","yoast_head_json":{"title":"Relocation services - Flyto Relocation \u010cesk\u00e1 republika","robots":{"index":"index","follow":"follow","max-snippet":"max-snippet:-1","max-image-preview":"max-image-preview:large","max-video-preview":"max-video-preview:-1"},"canonical":"https:\/\/flytorelocation.com\/cz-cz\/relocation-services\/","og_locale":"fi_FI","og_type":"article","og_title":"Relocation services - Flyto Relocation \u010cesk\u00e1 republika","og_description":"Komplexn\u00ed st\u011bhovac\u00ed slu\u017eby pro hladk\u00fd startSt\u011bhov\u00e1n\u00ed do zahrani\u010d\u00ed je v\u00edc ne\u017e jen p\u0159eprava va\u0161ich v\u011bc\u00ed \u2013 jde o vytvo\u0159en\u00ed nov\u00e9ho \u017eivota na nov\u00e9m m\u00edst\u011b. Ve spole\u010dnosti Flyto poskytujeme kompletn\u00ed \u0161k\u00e1lu dopl\u0148kov\u00fdch st\u011bhovac\u00edch slu\u017eeb, kter\u00e9 v\u00e1m usnadn\u00ed, usnadn\u00ed a usnadn\u00ed v\u00e1\u0161 p\u0159echod. A\u0165 u\u017e se st\u011bhujete sami, s rodinou nebo jm\u00e9nem sv\u00e9 firmy, n\u00e1\u0161 t\u00fdm zajist\u00ed, [&hellip;]","og_url":"https:\/\/flytorelocation.com\/cz-cz\/relocation-services\/","og_site_name":"Flyto Relocation \u010cesk\u00e1 republika","article_modified_time":"2026-01-16T23:15:45+00:00","twitter_card":"summary_large_image","twitter_misc":{"Arvioitu lukuaika":"8 minuuttia"},"schema":{"@context":"https:\/\/schema.org","@graph":[{"@type":"WebPage","@id":"https:\/\/flytorelocation.com\/cz-cz\/relocation-services\/","url":"https:\/\/flytorelocation.com\/cz-cz\/relocation-services\/","name":"Relocation services - Flyto Relocation \u010cesk\u00e1 republika","isPartOf":{"@id":"https:\/\/flytorelocation.com\/cz-cz\/#website"},"datePublished":"2025-10-22T17:37:33+00:00","dateModified":"2026-01-16T23:15:45+00:00","breadcrumb":{"@id":"https:\/\/flytorelocation.com\/cz-cz\/relocation-services\/#breadcrumb"},"inLanguage":"fi","potentialAction":[{"@type":"ReadAction","target":["https:\/\/flytorelocation.com\/cz-cz\/relocation-services\/"]}]},{"@type":"BreadcrumbList","@id":"https:\/\/flytorelocation.com\/cz-cz\/relocation-services\/#breadcrumb","itemListElement":[{"@type":"ListItem","position":1,"name":"Etusivu","item":"https:\/\/flytorelocation.com\/cz-cz\/"},{"@type":"ListItem","position":2,"name":"Relocation services"}]},{"@type":"WebSite","@id":"https:\/\/flytorelocation.com\/cz-cz\/#website","url":"https:\/\/flytorelocation.com\/cz-cz\/","name":"Flyto Relocation \u010cesk\u00e1 republika","description":"","publisher":{"@id":"https:\/\/flytorelocation.com\/cz-cz\/#organization"},"potentialAction":[{"@type":"SearchAction","target":{"@type":"EntryPoint","urlTemplate":"https:\/\/flytorelocation.com\/cz-cz\/?s={search_term_string}"},"query-input":{"@type":"PropertyValueSpecification","valueRequired":true,"valueName":"search_term_string"}}],"inLanguage":"fi"},{"@type":"Organization","@id":"https:\/\/flytorelocation.com\/cz-cz\/#organization","name":"Flyto Relocation \u010cesk\u00e1 republika","url":"https:\/\/flytorelocation.com\/cz-cz\/","logo":{"@type":"ImageObject","inLanguage":"fi","@id":"https:\/\/flytorelocation.com\/cz-cz\/#\/schema\/logo\/image\/","url":"https:\/\/flyto-wp-uploads.s3.eu-north-1.amazonaws.com\/wp-content\/uploads\/sites\/97\/2025\/10\/13130143\/Flyto-col.png","contentUrl":"https:\/\/flyto-wp-uploads.s3.eu-north-1.amazonaws.com\/wp-content\/uploads\/sites\/97\/2025\/10\/13130143\/Flyto-col.png","width":618,"height":337,"caption":"Flyto Relocation \u010cesk\u00e1 republika"},"image":{"@id":"https:\/\/flytorelocation.com\/cz-cz\/#\/schema\/logo\/image\/"}}]}},"acf":[],"_links":{"self":[{"href":"https:\/\/flytorelocation.com\/cz-cz\/wp-json\/wp\/v2\/pages\/9","targetHints":{"allow":["GET"]}}],"collection":[{"href":"https:\/\/flytorelocation.com\/cz-cz\/wp-json\/wp\/v2\/pages"}],"about":[{"href":"https:\/\/flytorelocation.com\/cz-cz\/wp-json\/wp\/v2\/types\/page"}],"author":[{"embeddable":true,"href":"https:\/\/flytorelocation.com\/cz-cz\/wp-json\/wp\/v2\/users\/1"}],"replies":[{"embeddable":true,"href":"https:\/\/flytorelocation.com\/cz-cz\/wp-json\/wp\/v2\/comments?post=9"}],"version-history":[{"count":4,"href":"https:\/\/flytorelocation.com\/cz-cz\/wp-json\/wp\/v2\/pages\/9\/revisions"}],"predecessor-version":[{"id":1344,"href":"https:\/\/flytorelocation.com\/cz-cz\/wp-json\/wp\/v2\/pages\/9\/revisions\/1344"}],"wp:attachment":[{"href":"https:\/\/flytorelocation.com\/cz-cz\/wp-json\/wp\/v2\/media?parent=9"}],"curies":[{"name":"wp","href":"https:\/\/api.w.org\/{rel}","templated":true}]}}