{"id":733,"date":"2025-10-17T19:02:33","date_gmt":"2025-10-17T16:02:33","guid":{"rendered":"https:\/\/flytorelocation.com\/cz-cz\/fi\/?page_id=90"},"modified":"2026-01-17T01:12:28","modified_gmt":"2026-01-16T23:12:28","slug":"blog","status":"publish","type":"page","link":"https:\/\/flytorelocation.com\/cz-cz\/blog\/","title":{"rendered":"FAQ"},"content":{"rendered":"<p>[et_pb_section fb_built=&#8221;1&#8243; _builder_version=&#8221;4.27.4&#8243; _module_preset=&#8221;default&#8221; custom_padding=&#8221;||||true|false&#8221; global_colors_info=&#8221;{}&#8221;][et_pb_row _builder_version=&#8221;4.27.4&#8243; _module_preset=&#8221;default&#8221; custom_padding=&#8221;0px||0px||true|false&#8221; global_colors_info=&#8221;{}&#8221;][et_pb_column type=&#8221;4_4&#8243; _builder_version=&#8221;4.27.4&#8243; _module_preset=&#8221;default&#8221; global_colors_info=&#8221;{}&#8221;][et_pb_heading title=&#8221;\u010casto kladen\u00e9 ot\u00e1zky&#8221; _builder_version=&#8221;4.27.4&#8243; _module_preset=&#8221;_initial&#8221; title_font=&#8221;Flyto oma||||||||&#8221; title_text_color=&#8221;#CD207D&#8221; title_font_size=&#8221;62px&#8221; custom_margin=&#8221;||10px||false|false&#8221; custom_margin_tablet=&#8221;||10px||false|false&#8221; custom_margin_phone=&#8221;||10px||false|false&#8221; custom_margin_last_edited=&#8221;on|phone&#8221; custom_padding_tablet=&#8221;&#8221; custom_padding_phone=&#8221;0px||||false|false&#8221; custom_padding_last_edited=&#8221;on|phone&#8221; title_font_size_tablet=&#8221;40px&#8221; title_font_size_phone=&#8221;30px&#8221; title_font_size_last_edited=&#8221;on|phone&#8221; locked=&#8221;off&#8221; global_colors_info=&#8221;{}&#8221;][\/et_pb_heading][\/et_pb_column][\/et_pb_row][\/et_pb_section][et_pb_section fb_built=&#8221;1&#8243; admin_label=&#8221;Header&#8221; _builder_version=&#8221;4.27.4&#8243; _module_preset=&#8221;default&#8221; custom_padding=&#8221;0px||||false|false&#8221; collapsed=&#8221;on&#8221; global_colors_info=&#8221;{}&#8221;][et_pb_row column_structure=&#8221;1_2,1_2&#8243; _builder_version=&#8221;4.27.4&#8243; _module_preset=&#8221;default&#8221; global_colors_info=&#8221;{}&#8221;][et_pb_column type=&#8221;1_2&#8243; _builder_version=&#8221;4.22.0&#8243; _module_preset=&#8221;default&#8221; global_colors_info=&#8221;{}&#8221;][et_pb_heading title=&#8221;Odpov\u011bdi na\u0161eho gener\u00e1ln\u00edho \u0159editele: pravda (a m\u00fdty) o st\u011bhov\u00e1n\u00ed do zahrani\u010d\u00ed&#8221; _builder_version=&#8221;4.27.4&#8243; _module_preset=&#8221;_initial&#8221; title_font=&#8221;Flyto oma||||||||&#8221; title_text_align=&#8221;left&#8221; title_text_color=&#8221;#CD207D&#8221; title_line_height=&#8221;1.1em&#8221; custom_margin=&#8221;50px||||false|false&#8221; custom_margin_tablet=&#8221;0px||||false|false&#8221; custom_margin_phone=&#8221;||||false|false&#8221; custom_margin_last_edited=&#8221;on|phone&#8221; custom_padding=&#8221;||||false|false&#8221; custom_padding_tablet=&#8221;||||false|false&#8221; custom_padding_phone=&#8221;||||false|false&#8221; custom_padding_last_edited=&#8221;on|phone&#8221; title_font_size_phone=&#8221;29px&#8221; global_colors_info=&#8221;{}&#8221;][\/et_pb_heading][et_pb_text _builder_version=&#8221;4.27.4&#8243; _module_preset=&#8221;_initial&#8221; text_font=&#8221;Montserrat||||||||&#8221; text_line_height=&#8221;1.8em&#8221; custom_margin=&#8221;-20px||||false|false&#8221; global_colors_info=&#8221;{}&#8221;]<strong data-start=\"867\" data-end=\"928\">V\u00edme, co si mysl\u00edte \u2013 a m\u00e1me odpov\u011bdi.<\/strong><\/p>\n<p>St\u011bhov\u00e1n\u00ed do zahrani\u010d\u00ed s sebou nese ot\u00e1zky, vzru\u0161en\u00ed a mo\u017en\u00e1 i trochu paniky. Nebojte se \u2013 n\u00e1\u0161 gener\u00e1ln\u00ed \u0159editel si je v\u0161echny vyslechl (a s \u00fasm\u011bvem na n\u011b odpov\u011bd\u011bl).[\/et_pb_text][\/et_pb_column][et_pb_column type=&#8221;1_2&#8243; _builder_version=&#8221;4.22.0&#8243; _module_preset=&#8221;default&#8221; global_colors_info=&#8221;{}&#8221;][et_pb_image src=&#8221;https:\/\/flyto-wp-uploads.s3.eu-north-1.amazonaws.com\/wp-content\/uploads\/sites\/97\/2025\/11\/13095224\/Groweo_Flyto_1-scaled.jpg&#8221; title_text=&#8221;Groweo_Flyto_1&#8243; _builder_version=&#8221;4.27.4&#8243; _module_preset=&#8221;default&#8221; border_radii=&#8221;on|5px|5px|5px|5px&#8221; global_colors_info=&#8221;{}&#8221;][\/et_pb_image][\/et_pb_column][\/et_pb_row][et_pb_row _builder_version=&#8221;4.27.4&#8243; _module_preset=&#8221;default&#8221; min_height=&#8221;1132px&#8221; custom_margin=&#8221;||||false|false&#8221; global_colors_info=&#8221;{}&#8221;][et_pb_column type=&#8221;4_4&#8243; _builder_version=&#8221;4.27.4&#8243; _module_preset=&#8221;default&#8221; global_colors_info=&#8221;{}&#8221;][et_pb_accordion open_toggle_background_color=&#8221;RGBA(255,255,255,0)&#8221; closed_toggle_text_color=&#8221;#000000&#8243; closed_toggle_background_color=&#8221;RGBA(255,255,255,0)&#8221; icon_color=&#8221;#CD207D&#8221; _builder_version=&#8221;4.27.4&#8243; _module_preset=&#8221;default&#8221; toggle_font=&#8221;Poppins|600|||||||&#8221; toggle_font_size=&#8221;15px&#8221; body_font=&#8221;Montserrat||||||||&#8221; body_line_height=&#8221;1.8em&#8221; border_radii=&#8221;on|5px|5px|5px|5px&#8221; border_color_all=&#8221;#CD207D&#8221; global_colors_info=&#8221;{%22gcid-primary-color%22:%91%22body_quote_text_color%22,%22quote_text_color%22,%22body_quote_text_color%22,%22quote_text_color%22%93,%22gcid-secondary-color%22:%91%22icon_color%22%93,%22gcid-heading-color%22:%91%22toggle_text_color%22,%22toggle_text_color%22%93}&#8221;][et_pb_accordion_item title=&#8221;Bu\u010fte up\u0159\u00edmn\u00ed\u2026 je st\u011bhov\u00e1n\u00ed do zahrani\u010d\u00ed opravdu tak stresuj\u00edc\u00ed?&#8221; open=&#8221;on&#8221; _builder_version=&#8221;4.27.4&#8243; _module_preset=&#8221;default&#8221; global_colors_info=&#8221;{}&#8221;]<\/p>\n<p>Jen pokud to zvl\u00e1dnete bez Flyto! P\u0159edstavte si n\u00e1s jako sv\u00e9ho osobn\u00edho concierge pro st\u011bhov\u00e1n\u00ed \u2013 my napl\u00e1nujeme, zabal\u00edme, ode\u0161leme a dovezeme, zat\u00edmco vy pl\u00e1nujete svou novou obl\u00edbenou kav\u00e1rnu v Lisabonu.<br \/>Na\u0161\u00edm \u00fakolem je zajistit, aby va\u0161e st\u011bhov\u00e1n\u00ed bylo tak hladk\u00e9, \u017ee a\u017e se vybal\u00edte, budete si \u0159\u00edkat, jestli se nejednalo o teleportaci.<\/p>\n<p>[\/et_pb_accordion_item][et_pb_accordion_item title=&#8221;Jak bezpe\u010dn\u00e9 jsou m\u00e9 v\u011bci doopravdy?&#8221; _builder_version=&#8221;4.27.4&#8243; _module_preset=&#8221;default&#8221; global_colors_info=&#8221;{}&#8221; open=&#8221;off&#8221;]<\/p>\n<p>Bezpe\u010dn\u011bj\u0161\u00ed ne\u017e tajn\u00fd recept ve \u0161v\u00fdcarsk\u00e9m trezoru. Ka\u017ed\u00e9 vozidlo Flyto m\u00e1 GPS sledov\u00e1n\u00ed, palubn\u00ed kamery a zabezpe\u010den\u00e9 nakl\u00e1dac\u00ed syst\u00e9my \u2013 proto\u017ee r\u00e1di v\u00edme, kde je va\u0161e pohovka ve 3:00 r\u00e1no, i kdy\u017e vy to nev\u00edte.<br \/>V\u0161echno bal\u00edme, jako by se \u0161lo o kr\u00e1lovskou cestu. A\u0165 u\u017e je to ro\u010dn\u00edkov\u00e9 v\u00edno nebo prvn\u00ed ply\u0161ov\u00fd medv\u00eddek va\u0161eho d\u00edt\u011bte \u2013 se v\u0161\u00edm zach\u00e1z\u00edme jako s pokladem.<\/p>\n<p>[\/et_pb_accordion_item][et_pb_accordion_item title=&#8221;Je\u0161t\u011b ani nem\u00e1m nov\u00fd domov \u2013 jak to funguje?&#8221; _builder_version=&#8221;4.27.4&#8243; _module_preset=&#8221;default&#8221; global_colors_info=&#8221;{}&#8221; open=&#8221;off&#8221;]<\/p>\n<p>Snadn\u00e9. Vy relaxujete a my to pro v\u00e1s najdeme. N\u00e1\u0161 t\u00fdm pro vyhled\u00e1v\u00e1n\u00ed bydlen\u00ed prohled\u00e1v\u00e1 sousedstv\u00ed, kontroluje nab\u00eddky, prov\u00e1d\u00ed virtu\u00e1ln\u00ed prohl\u00eddky a dokonce se star\u00e1 o pap\u00edrov\u00e1n\u00ed. Vy si jen schv\u00e1l\u00edte sv\u016fj obl\u00edben\u00fd d\u016fm z pohodl\u00ed va\u0161\u00ed st\u00e1vaj\u00edc\u00ed pohovky.<br \/>Ne\u017e doraz\u00edte, \u010dek\u00e1 na v\u00e1s v\u00e1\u0161 nov\u00fd domov \u2013 zapnut\u00e1 Wi-Fi, pov\u011b\u0161en\u00e9 z\u00e1v\u011bsy a mo\u017en\u00e1 i v\u00edtan\u00e1 rostlina. \ud83c\udf3f<\/p>\n<p>[\/et_pb_accordion_item][et_pb_accordion_item title=&#8221;Zvl\u00e1dnete i velk\u00e9 firemn\u00ed st\u011bhov\u00e1n\u00ed?&#8221; _builder_version=&#8221;4.27.4&#8243; _module_preset=&#8221;default&#8221; global_colors_info=&#8221;{}&#8221; open=&#8221;off&#8221;]<\/p>\n<p>Rozhodn\u011b. St\u011bhujeme mana\u017eery, cel\u00e9 t\u00fdmy a n\u011bkdy i kancel\u00e1\u0159sk\u00fd k\u00e1vovar \u2013 to v\u0161e bez poru\u0161en\u00ed term\u00ednu.<br \/>Zajist\u00edme, aby va\u0161i lid\u00e9 dorazili p\u0159ipraveni za\u010d\u00edt, ne p\u0159ipraveni se zotavit. Proto\u017ee skv\u011bl\u00e9 firmy si zaslou\u017e\u00ed skv\u011bl\u00e9 st\u011bhov\u00e1n\u00ed.<\/p>\n<p>[\/et_pb_accordion_item][et_pb_accordion_item title=&#8221;Co se tedy vlastn\u011b odli\u0161uje Flyto?&#8221; _builder_version=&#8221;4.27.4&#8243; _module_preset=&#8221;default&#8221; global_colors_info=&#8221;{}&#8221; open=&#8221;off&#8221;]<\/p>\n<p>T\u0159i v\u011bci: na\u0161i lid\u00e9, na\u0161e p\u0159esnost a na\u0161e posedlost klidem v du\u0161i.<br \/>M\u00e1me nejlep\u0161\u00ed s\u00ed\u0165 v cel\u00e9 Evrop\u011b, sledujeme ka\u017edou z\u00e1silku jako jest\u0159\u00e1b a skute\u010dn\u011b n\u00e1m z\u00e1le\u017e\u00ed na va\u0161\u00ed z\u00e1\u017eitku. Nest\u011bhujeme jen krabice \u2013 st\u011bhujeme \u017eivoty. A to bereme v\u00e1\u017en\u011b\u2026 ale ne a\u017e p\u0159\u00edli\u0161 v\u00e1\u017en\u011b.<\/p>\n<p>[\/et_pb_accordion_item][et_pb_accordion_item title=&#8221;Mus\u00edm v\u0161echno zaplatit p\u0159edem?&#8221; _builder_version=&#8221;4.27.4&#8243; _module_preset=&#8221;default&#8221; global_colors_info=&#8221;{}&#8221; open=&#8221;off&#8221;]<\/p>\n<p>Ne, v\u016fbec ne. S Flyto nikdy neplat\u00edte d\u0159\u00edve, ne\u017e se n\u011bco stane. Platby se prov\u00e1d\u011bj\u00ed a\u017e v okam\u017eiku nakl\u00e1dky \u2013 jakmile se va\u0161e st\u011bhov\u00e1n\u00ed skute\u010dn\u011b uskute\u010dn\u00ed. V\u011b\u0159\u00edme v d\u016fv\u011bru, transparentnost a f\u00e9rovost. Kvalitu uvid\u00edte d\u0159\u00edve, ne\u017e za ni zaplat\u00edte.<\/p>\n<p>[\/et_pb_accordion_item][et_pb_accordion_item title=&#8221;Jak dlouho obvykle trv\u00e1 mezin\u00e1rodn\u00ed st\u011bhov\u00e1n\u00ed?&#8221; _builder_version=&#8221;4.27.4&#8243; _module_preset=&#8221;default&#8221; global_colors_info=&#8221;{}&#8221; open=&#8221;off&#8221;]<\/p>\n<p>Obvykle mnohem m\u00e9n\u011b, ne\u017e si lid\u00e9 mysl\u00ed. V\u011bt\u0161ina mezin\u00e1rodn\u00edch st\u011bhov\u00e1n\u00ed v r\u00e1mci Evropy trv\u00e1 jen n\u011bkolik dn\u00ed \u2013 maxim\u00e1ln\u011b t\u00fdden, pokud mezit\u00edm nen\u00ed skladov\u00e1n\u00ed.<br \/>Na\u0161e trasy jsou optimalizovan\u00e9 a na\u0161e t\u00fdmy koordinovan\u00e9, tak\u017ee va\u0161e v\u011bci doraz\u00ed rychle, bezpe\u010dn\u011b a p\u0159esn\u011b v\u010das.<\/p>\n<p>[\/et_pb_accordion_item][et_pb_accordion_item title=&#8221;Mohu sledovat svou z\u00e1silku?&#8221; _builder_version=&#8221;4.27.4&#8243; _module_preset=&#8221;default&#8221; global_colors_info=&#8221;{}&#8221; open=&#8221;off&#8221;]<\/p>\n<p>Rozhodn\u011b. Ka\u017ed\u00fd pohyb Flyto je od za\u010d\u00e1tku do konce digit\u00e1ln\u011b dokumentov\u00e1n a sledov\u00e1n. V telefonu budete m\u00edt GPS sledovac\u00ed p\u0159ipojen\u00ed, abyste se mohli kdykoli p\u0159ihl\u00e1sit.<\/p>\n<p>[\/et_pb_accordion_item][et_pb_accordion_item title=&#8221;A co clo, dan\u011b a pap\u00edrov\u00e1n\u00ed?&#8221; _builder_version=&#8221;4.27.4&#8243; _module_preset=&#8221;default&#8221; global_colors_info=&#8221;{}&#8221; open=&#8221;off&#8221;]<\/p>\n<p>A v tom vynik\u00e1me my. Flyto se postar\u00e1 o formul\u00e1\u0159e, schv\u00e1len\u00ed a byrokratick\u00e9 zmatky, tak\u017ee vy se o n\u011b nemus\u00edte starat.<br \/>V\u00edme, kter\u00e9 formul\u00e1\u0159e jsou d\u016fle\u017eit\u00e9, kter\u00e9 ne a kter\u00e9 vy\u017eaduj\u00ed dal\u0161\u00ed podpis ve t\u0159ech vyhotoven\u00edch \u2013 a m\u00e1me je v\u0161echny p\u0159ipraven\u00e9.<\/p>\n<p>[\/et_pb_accordion_item][et_pb_accordion_item title=&#8221;Co kdy\u017e se n\u011bco po\u0161kod\u00ed nebo ztrat\u00ed?&#8221; _builder_version=&#8221;4.27.4&#8243; _module_preset=&#8221;default&#8221; global_colors_info=&#8221;{}&#8221; open=&#8221;off&#8221;]<\/p>\n<p>Pak to rychle oprav\u00edme. Ale nejd\u0159\u00edve tomu p\u0159edch\u00e1z\u00edme. V\u0161echno, co st\u011bhujeme, je zabaleno, vyfotografov\u00e1no a zaznamen\u00e1no v r\u00e1mci na\u0161eho bezpe\u010dnostn\u00edho protokolu.<br \/>Ve vz\u00e1cn\u00fdch p\u0159\u00edpadech, kdy se n\u011bco pokaz\u00ed, je n\u00e1\u0161 proces poji\u0161t\u011bn\u00ed a vy\u0159izov\u00e1n\u00ed pojistn\u00fdch ud\u00e1lost\u00ed rychl\u00fd, spravedliv\u00fd a \u0159e\u0161\u00edme ho osobn\u011b.<\/p>\n<p>[\/et_pb_accordion_item][et_pb_accordion_item title=&#8221;Mohu si vybrat, jak\u00e9 slu\u017eby pot\u0159ebuji?&#8221; _builder_version=&#8221;4.27.4&#8243; _module_preset=&#8221;default&#8221; global_colors_info=&#8221;{}&#8221; open=&#8221;off&#8221;]<\/p>\n<p>Samoz\u0159ejm\u011b. M\u016f\u017eete si vybrat p\u0159esn\u011b to, co chcete \u2013 od kompletn\u00edho st\u011bhov\u00e1n\u00ed a\u017e po pouhou dopravu.<br \/>P\u0159edstavte si to jako pr\u00e9miov\u00e9 menu: balen\u00ed, celn\u00ed odbaven\u00ed, prohl\u00eddka domu, instalace n\u00e1bytku, dokonce i skladov\u00e1n\u00ed. Vy si vyberete, my doru\u010d\u00edme.<\/p>\n<p>[\/et_pb_accordion_item][et_pb_accordion_item title=&#8221;Kolik vlastn\u011b stoj\u00ed mezin\u00e1rodn\u00ed st\u011bhov\u00e1n\u00ed?&#8221; _builder_version=&#8221;4.27.4&#8243; _module_preset=&#8221;default&#8221; global_colors_info=&#8221;{}&#8221; open=&#8221;off&#8221;]<\/p>\n<p>M\u00e9n\u011b stresu ne\u017e d\u011blat to sami \u2013 a transparentn\u011bj\u0161\u00ed, ne\u017e byste o\u010dek\u00e1vali. Ka\u017ed\u00fd st\u011bhov\u00e1n\u00ed je jin\u00e9, ale ve Flyto stanovujeme ceny na z\u00e1klad\u011b vzd\u00e1lenosti, objemu a slu\u017eeb \u2013 nikoli na z\u00e1klad\u011b p\u0159ekvapen\u00ed. V\u017edy obdr\u017e\u00edte jasnou a polo\u017ekovou cenovou nab\u00eddku je\u0161t\u011b p\u0159ed zah\u00e1jen\u00edm prac\u00ed, tak\u017ee p\u0159esn\u011b v\u00edte, za co plat\u00edte. A proto\u017ee v\u0161e zaji\u0161\u0165uje jeden koordinovan\u00fd t\u00fdm, neexistuj\u00ed \u017e\u00e1dn\u00e9 skryt\u00e9 poplatky za \u201ep\u0159ed\u00e1v\u00e1n\u00ed\u201c mezi zem\u011bmi \u2013 pouze jeden hladk\u00fd a d\u016fv\u011bryhodn\u00fd proces od za\u010d\u00e1tku do konce.<\/p>\n<p>[\/et_pb_accordion_item][et_pb_accordion_item title=&#8221;Pom\u00e1h\u00e1te tak\u00e9 s dom\u00e1c\u00edmi mazl\u00ed\u010dky, auty nebo skladov\u00e1n\u00edm?&#8221; _builder_version=&#8221;4.27.4&#8243; _module_preset=&#8221;default&#8221; global_colors_info=&#8221;{}&#8221; open=&#8221;off&#8221;]<\/p>\n<p>Ano, na v\u0161echny t\u0159i ot\u00e1zky. Spolupracujeme s d\u016fv\u011bryhodn\u00fdmi specialisty na p\u0159epravu dom\u00e1c\u00edch mazl\u00ed\u010dk\u016f, p\u0159epravu vozidel a bezpe\u010dn\u00e9 skladov\u00e1n\u00ed.<br \/>Va\u0161e auto, va\u0161e ko\u010dka nebo v\u00e1\u0161 koncertn\u00ed klav\u00edr \u2013 to v\u0161e jsme bezpe\u010dn\u011b p\u0159epravili (i kdy\u017e ne ve stejn\u00e9m kamionu).<\/p>\n<p>[\/et_pb_accordion_item][et_pb_accordion_item title=&#8221;M\u016f\u017eete mi pomoci s m\u00edstn\u00edmi registracemi nebo nastaven\u00edm in\u017een\u00fdrsk\u00fdch s\u00edt\u00ed?&#8221; _builder_version=&#8221;4.27.4&#8243; _module_preset=&#8221;default&#8221; global_colors_info=&#8221;{}&#8221; open=&#8221;off&#8221;]<\/p>\n<p>Rozhodn\u011b. Na\u0161i experti na st\u011bhov\u00e1n\u00ed v\u00e1m pomohou s registrac\u00ed nemovitost\u00ed v m\u011bstsk\u00e9 \u010d\u00e1sti, p\u0159ipojen\u00edm k in\u017een\u00fdrsk\u00fdm s\u00edt\u00edm, nastaven\u00edm internetu \u2013 se v\u0161emi t\u011bmi \u201emali\u010dkostmi\u201c, kter\u00e9 se mohou prom\u011bnit ve velk\u00e9 bolesti hlavy.<br \/>Kdy\u017e \u0159\u00edk\u00e1me \u201eod dve\u0159\u00ed ke dve\u0159\u00edm\u201c, mysl\u00edme to v\u00e1\u017en\u011b.<\/p>\n<p>[\/et_pb_accordion_item][et_pb_accordion_item title=&#8221;Jak pozn\u00e1m, \u017ee m\u00e9 st\u011bhov\u00e1n\u00ed prob\u011bhne hladce?&#8221; _builder_version=&#8221;4.27.4&#8243; _module_preset=&#8221;default&#8221; global_colors_info=&#8221;{}&#8221; open=&#8221;off&#8221;]<\/p>\n<p>Proto\u017ee to je na\u0161e pr\u00e1ce. Pl\u00e1nujeme, p\u0159ipravujeme a komunikujeme v ka\u017ed\u00e9m kroku.<br \/>V z\u00e1kulis\u00ed koordinuje v\u00e1\u0161 p\u0159esun cel\u00fd t\u00fdm Flyto jako \u0159\u00edzen\u00ed letov\u00e9ho provozu \u2013 ti\u0161e, p\u0159esn\u011b a p\u0159ipraveno na cokoli.<\/p>\n<p>[\/et_pb_accordion_item][et_pb_accordion_item title=&#8221;Dob\u0159e, jsem p\u0159esv\u011bd\u010den\u00fd. Co bude d\u00e1l?&#8221; _builder_version=&#8221;4.27.4&#8243; _module_preset=&#8221;default&#8221; global_colors_info=&#8221;{}&#8221; open=&#8221;off&#8221;]<\/p>\n<p>Jednoduch\u00e9 \u2013 klikn\u011bte n\u00ed\u017ee, rezervujte si bezplatnou konzultaci a poj\u010fme za\u010d\u00edt s n\u00e1vrhem va\u0161eho st\u011bhov\u00e1n\u00ed. \u0158ekn\u011bte n\u00e1m, kam jedete, my se postar\u00e1me o zbytek.<br \/>A ano \u2013 slibujeme, \u017ee to bude i z\u00e1bava.<\/p>\n<p>[\/et_pb_accordion_item][\/et_pb_accordion][et_pb_button button_url=&#8221;@ET-DC@eyJkeW5hbWljIjp0cnVlLCJjb250ZW50IjoicG9zdF9saW5rX3VybF9wYWdlIiwic2V0dGluZ3MiOnsicG9zdF9pZCI6IjczNSJ9fQ==@&#8221; button_text=&#8221;Rezervujte si bezplatnou konzultaci&#8221; _builder_version=&#8221;4.27.4&#8243; _dynamic_attributes=&#8221;button_url&#8221; _module_preset=&#8221;_initial&#8221; custom_button=&#8221;on&#8221; button_text_size=&#8221;16px&#8221; button_text_color=&#8221;#CD207D&#8221; button_border_color=&#8221;#CD207D&#8221; button_border_radius=&#8221;100px&#8221; button_font=&#8221;Outfit|600|||||||&#8221; button_use_icon=&#8221;off&#8221; custom_margin=&#8221;-2px||||false|false&#8221; custom_padding=&#8221;10px|26px|10px|26px|true|true&#8221; hover_enabled=&#8221;0&#8243; global_colors_info=&#8221;{%22gcid-f1e65d51-fa2f-4bf0-b2c1-8eab7001e8fd%22:%91%22button_text_color%22%93}&#8221; sticky_enabled=&#8221;0&#8243;][\/et_pb_button][\/et_pb_column][\/et_pb_row][\/et_pb_section]<\/p>\n","protected":false},"excerpt":{"rendered":"<p>V\u00edme, co si mysl\u00edte \u2013 a m\u00e1me odpov\u011bdi. St\u011bhov\u00e1n\u00ed do zahrani\u010d\u00ed s sebou nese ot\u00e1zky, vzru\u0161en\u00ed a mo\u017en\u00e1 i trochu paniky. Nebojte se \u2013 n\u00e1\u0161 gener\u00e1ln\u00ed \u0159editel si je v\u0161echny vyslechl (a s \u00fasm\u011bvem na n\u011b odpov\u011bd\u011bl).Jen pokud to zvl\u00e1dnete bez Flyto! P\u0159edstavte si n\u00e1s jako sv\u00e9ho osobn\u00edho concierge pro st\u011bhov\u00e1n\u00ed \u2013 my napl\u00e1nujeme, zabal\u00edme, [&hellip;]<\/p>\n","protected":false},"author":1,"featured_media":0,"parent":0,"menu_order":0,"comment_status":"closed","ping_status":"closed","template":"","meta":{"_et_pb_use_builder":"on","_et_pb_old_content":"","_et_gb_content_width":"","footnotes":""},"class_list":["post-733","page","type-page","status-publish","hentry"],"yoast_head":"<!-- This site is optimized with the Yoast SEO plugin v26.3 - https:\/\/yoast.com\/wordpress\/plugins\/seo\/ -->\n<title>FAQ - Flyto Relocation \u010cesk\u00e1 republika<\/title>\n<meta name=\"robots\" content=\"index, follow, max-snippet:-1, max-image-preview:large, max-video-preview:-1\" \/>\n<link rel=\"canonical\" href=\"https:\/\/flytorelocation.com\/cz-cz\/blog\/\" \/>\n<meta property=\"og:locale\" content=\"fi_FI\" \/>\n<meta property=\"og:type\" content=\"article\" \/>\n<meta property=\"og:title\" content=\"FAQ - Flyto Relocation \u010cesk\u00e1 republika\" \/>\n<meta property=\"og:description\" content=\"V\u00edme, co si mysl\u00edte \u2013 a m\u00e1me odpov\u011bdi. St\u011bhov\u00e1n\u00ed do zahrani\u010d\u00ed s sebou nese ot\u00e1zky, vzru\u0161en\u00ed a mo\u017en\u00e1 i trochu paniky. Nebojte se \u2013 n\u00e1\u0161 gener\u00e1ln\u00ed \u0159editel si je v\u0161echny vyslechl (a s \u00fasm\u011bvem na n\u011b odpov\u011bd\u011bl).Jen pokud to zvl\u00e1dnete bez Flyto! P\u0159edstavte si n\u00e1s jako sv\u00e9ho osobn\u00edho concierge pro st\u011bhov\u00e1n\u00ed \u2013 my napl\u00e1nujeme, zabal\u00edme, [&hellip;]\" \/>\n<meta property=\"og:url\" content=\"https:\/\/flytorelocation.com\/cz-cz\/blog\/\" \/>\n<meta property=\"og:site_name\" content=\"Flyto Relocation \u010cesk\u00e1 republika\" \/>\n<meta property=\"article:modified_time\" content=\"2026-01-16T23:12:28+00:00\" \/>\n<meta name=\"twitter:card\" content=\"summary_large_image\" \/>\n<meta name=\"twitter:label1\" content=\"Arvioitu lukuaika\" \/>\n\t<meta name=\"twitter:data1\" content=\"11 minuuttia\" \/>\n<script type=\"application\/ld+json\" class=\"yoast-schema-graph\">{\"@context\":\"https:\/\/schema.org\",\"@graph\":[{\"@type\":\"WebPage\",\"@id\":\"https:\/\/flytorelocation.com\/cz-cz\/blog\/\",\"url\":\"https:\/\/flytorelocation.com\/cz-cz\/blog\/\",\"name\":\"FAQ - Flyto Relocation \u010cesk\u00e1 republika\",\"isPartOf\":{\"@id\":\"https:\/\/flytorelocation.com\/cz-cz\/#website\"},\"datePublished\":\"2025-10-17T16:02:33+00:00\",\"dateModified\":\"2026-01-16T23:12:28+00:00\",\"breadcrumb\":{\"@id\":\"https:\/\/flytorelocation.com\/cz-cz\/blog\/#breadcrumb\"},\"inLanguage\":\"fi\",\"potentialAction\":[{\"@type\":\"ReadAction\",\"target\":[\"https:\/\/flytorelocation.com\/cz-cz\/blog\/\"]}]},{\"@type\":\"BreadcrumbList\",\"@id\":\"https:\/\/flytorelocation.com\/cz-cz\/blog\/#breadcrumb\",\"itemListElement\":[{\"@type\":\"ListItem\",\"position\":1,\"name\":\"Etusivu\",\"item\":\"https:\/\/flytorelocation.com\/cz-cz\/\"},{\"@type\":\"ListItem\",\"position\":2,\"name\":\"FAQ\"}]},{\"@type\":\"WebSite\",\"@id\":\"https:\/\/flytorelocation.com\/cz-cz\/#website\",\"url\":\"https:\/\/flytorelocation.com\/cz-cz\/\",\"name\":\"Flyto Relocation \u010cesk\u00e1 republika\",\"description\":\"\",\"publisher\":{\"@id\":\"https:\/\/flytorelocation.com\/cz-cz\/#organization\"},\"potentialAction\":[{\"@type\":\"SearchAction\",\"target\":{\"@type\":\"EntryPoint\",\"urlTemplate\":\"https:\/\/flytorelocation.com\/cz-cz\/?s={search_term_string}\"},\"query-input\":{\"@type\":\"PropertyValueSpecification\",\"valueRequired\":true,\"valueName\":\"search_term_string\"}}],\"inLanguage\":\"fi\"},{\"@type\":\"Organization\",\"@id\":\"https:\/\/flytorelocation.com\/cz-cz\/#organization\",\"name\":\"Flyto Relocation \u010cesk\u00e1 republika\",\"url\":\"https:\/\/flytorelocation.com\/cz-cz\/\",\"logo\":{\"@type\":\"ImageObject\",\"inLanguage\":\"fi\",\"@id\":\"https:\/\/flytorelocation.com\/cz-cz\/#\/schema\/logo\/image\/\",\"url\":\"https:\/\/flyto-wp-uploads.s3.eu-north-1.amazonaws.com\/wp-content\/uploads\/sites\/97\/2025\/10\/13130143\/Flyto-col.png\",\"contentUrl\":\"https:\/\/flyto-wp-uploads.s3.eu-north-1.amazonaws.com\/wp-content\/uploads\/sites\/97\/2025\/10\/13130143\/Flyto-col.png\",\"width\":618,\"height\":337,\"caption\":\"Flyto Relocation \u010cesk\u00e1 republika\"},\"image\":{\"@id\":\"https:\/\/flytorelocation.com\/cz-cz\/#\/schema\/logo\/image\/\"}}]}<\/script>\n<!-- \/ Yoast SEO plugin. -->","yoast_head_json":{"title":"FAQ - Flyto Relocation \u010cesk\u00e1 republika","robots":{"index":"index","follow":"follow","max-snippet":"max-snippet:-1","max-image-preview":"max-image-preview:large","max-video-preview":"max-video-preview:-1"},"canonical":"https:\/\/flytorelocation.com\/cz-cz\/blog\/","og_locale":"fi_FI","og_type":"article","og_title":"FAQ - Flyto Relocation \u010cesk\u00e1 republika","og_description":"V\u00edme, co si mysl\u00edte \u2013 a m\u00e1me odpov\u011bdi. St\u011bhov\u00e1n\u00ed do zahrani\u010d\u00ed s sebou nese ot\u00e1zky, vzru\u0161en\u00ed a mo\u017en\u00e1 i trochu paniky. Nebojte se \u2013 n\u00e1\u0161 gener\u00e1ln\u00ed \u0159editel si je v\u0161echny vyslechl (a s \u00fasm\u011bvem na n\u011b odpov\u011bd\u011bl).Jen pokud to zvl\u00e1dnete bez Flyto! P\u0159edstavte si n\u00e1s jako sv\u00e9ho osobn\u00edho concierge pro st\u011bhov\u00e1n\u00ed \u2013 my napl\u00e1nujeme, zabal\u00edme, [&hellip;]","og_url":"https:\/\/flytorelocation.com\/cz-cz\/blog\/","og_site_name":"Flyto Relocation \u010cesk\u00e1 republika","article_modified_time":"2026-01-16T23:12:28+00:00","twitter_card":"summary_large_image","twitter_misc":{"Arvioitu lukuaika":"11 minuuttia"},"schema":{"@context":"https:\/\/schema.org","@graph":[{"@type":"WebPage","@id":"https:\/\/flytorelocation.com\/cz-cz\/blog\/","url":"https:\/\/flytorelocation.com\/cz-cz\/blog\/","name":"FAQ - Flyto Relocation \u010cesk\u00e1 republika","isPartOf":{"@id":"https:\/\/flytorelocation.com\/cz-cz\/#website"},"datePublished":"2025-10-17T16:02:33+00:00","dateModified":"2026-01-16T23:12:28+00:00","breadcrumb":{"@id":"https:\/\/flytorelocation.com\/cz-cz\/blog\/#breadcrumb"},"inLanguage":"fi","potentialAction":[{"@type":"ReadAction","target":["https:\/\/flytorelocation.com\/cz-cz\/blog\/"]}]},{"@type":"BreadcrumbList","@id":"https:\/\/flytorelocation.com\/cz-cz\/blog\/#breadcrumb","itemListElement":[{"@type":"ListItem","position":1,"name":"Etusivu","item":"https:\/\/flytorelocation.com\/cz-cz\/"},{"@type":"ListItem","position":2,"name":"FAQ"}]},{"@type":"WebSite","@id":"https:\/\/flytorelocation.com\/cz-cz\/#website","url":"https:\/\/flytorelocation.com\/cz-cz\/","name":"Flyto Relocation \u010cesk\u00e1 republika","description":"","publisher":{"@id":"https:\/\/flytorelocation.com\/cz-cz\/#organization"},"potentialAction":[{"@type":"SearchAction","target":{"@type":"EntryPoint","urlTemplate":"https:\/\/flytorelocation.com\/cz-cz\/?s={search_term_string}"},"query-input":{"@type":"PropertyValueSpecification","valueRequired":true,"valueName":"search_term_string"}}],"inLanguage":"fi"},{"@type":"Organization","@id":"https:\/\/flytorelocation.com\/cz-cz\/#organization","name":"Flyto Relocation \u010cesk\u00e1 republika","url":"https:\/\/flytorelocation.com\/cz-cz\/","logo":{"@type":"ImageObject","inLanguage":"fi","@id":"https:\/\/flytorelocation.com\/cz-cz\/#\/schema\/logo\/image\/","url":"https:\/\/flyto-wp-uploads.s3.eu-north-1.amazonaws.com\/wp-content\/uploads\/sites\/97\/2025\/10\/13130143\/Flyto-col.png","contentUrl":"https:\/\/flyto-wp-uploads.s3.eu-north-1.amazonaws.com\/wp-content\/uploads\/sites\/97\/2025\/10\/13130143\/Flyto-col.png","width":618,"height":337,"caption":"Flyto Relocation \u010cesk\u00e1 republika"},"image":{"@id":"https:\/\/flytorelocation.com\/cz-cz\/#\/schema\/logo\/image\/"}}]}},"acf":[],"_links":{"self":[{"href":"https:\/\/flytorelocation.com\/cz-cz\/wp-json\/wp\/v2\/pages\/733","targetHints":{"allow":["GET"]}}],"collection":[{"href":"https:\/\/flytorelocation.com\/cz-cz\/wp-json\/wp\/v2\/pages"}],"about":[{"href":"https:\/\/flytorelocation.com\/cz-cz\/wp-json\/wp\/v2\/types\/page"}],"author":[{"embeddable":true,"href":"https:\/\/flytorelocation.com\/cz-cz\/wp-json\/wp\/v2\/users\/1"}],"replies":[{"embeddable":true,"href":"https:\/\/flytorelocation.com\/cz-cz\/wp-json\/wp\/v2\/comments?post=733"}],"version-history":[{"count":6,"href":"https:\/\/flytorelocation.com\/cz-cz\/wp-json\/wp\/v2\/pages\/733\/revisions"}],"predecessor-version":[{"id":1340,"href":"https:\/\/flytorelocation.com\/cz-cz\/wp-json\/wp\/v2\/pages\/733\/revisions\/1340"}],"wp:attachment":[{"href":"https:\/\/flytorelocation.com\/cz-cz\/wp-json\/wp\/v2\/media?parent=733"}],"curies":[{"name":"wp","href":"https:\/\/api.w.org\/{rel}","templated":true}]}}