{"id":727,"date":"2025-10-17T19:02:33","date_gmt":"2025-10-17T16:02:33","guid":{"rendered":"https:\/\/flytorelocation.com\/cz-cz\/fi\/?page_id=82"},"modified":"2026-01-04T20:51:24","modified_gmt":"2026-01-04T18:51:24","slug":"about","status":"publish","type":"page","link":"https:\/\/flytorelocation.com\/cz-cz\/about\/","title":{"rendered":"About"},"content":{"rendered":"<p>[et_pb_section fb_built=&#8221;1&#8243; admin_label=&#8221;Header&#8221; _builder_version=&#8221;4.27.4&#8243; _module_preset=&#8221;default&#8221; background_enable_color=&#8221;off&#8221; background_enable_image=&#8221;off&#8221; background_blend=&#8221;screen&#8221; custom_padding=&#8221;||0px|||&#8221; hover_enabled=&#8221;0&#8243; collapsed=&#8221;on&#8221; global_colors_info=&#8221;{%22gcid-secondary-color%22:%91%22background_color%22%93}&#8221; custom_padding_last_edited=&#8221;on|tablet&#8221; custom_padding_tablet=&#8221;0px||0px||false|false&#8221; sticky_enabled=&#8221;0&#8243; custom_padding_phone=&#8221;0px||0px||false|false&#8221;][et_pb_row _builder_version=&#8221;4.27.4&#8243; _module_preset=&#8221;default&#8221; global_colors_info=&#8221;{}&#8221;][et_pb_column type=&#8221;4_4&#8243; _builder_version=&#8221;4.27.4&#8243; _module_preset=&#8221;default&#8221; global_colors_info=&#8221;{}&#8221;][et_pb_heading title=&#8221;Nejbezpe\u010dn\u011bj\u0161\u00ed pohyb na sv\u011bt\u011b.&#8221; _builder_version=&#8221;4.27.4&#8243; _module_preset=&#8221;_initial&#8221; title_font=&#8221;Flyto oma||||||||&#8221; title_text_color=&#8221;#CD207D&#8221; title_font_size=&#8221;62px&#8221; custom_margin=&#8221;||10px||false|false&#8221; custom_margin_tablet=&#8221;||10px||false|false&#8221; custom_margin_phone=&#8221;||10px||false|false&#8221; custom_margin_last_edited=&#8221;on|phone&#8221; custom_padding_tablet=&#8221;&#8221; custom_padding_phone=&#8221;0px||||false|false&#8221; custom_padding_last_edited=&#8221;on|phone&#8221; title_font_size_tablet=&#8221;40px&#8221; title_font_size_phone=&#8221;30px&#8221; title_font_size_last_edited=&#8221;on|phone&#8221; locked=&#8221;off&#8221; global_colors_info=&#8221;{}&#8221;][\/et_pb_heading][et_pb_text _builder_version=&#8221;4.27.4&#8243; _module_preset=&#8221;_initial&#8221; header_4_font=&#8221;Montserrat||||||||&#8221; global_colors_info=&#8221;{}&#8221;]<\/p>\n<h4><strong>Proto\u017ee si va\u0161e v\u011bci nezaslou\u017e\u00ed nic men\u0161\u00edho.<\/strong><\/h4>\n<p>[\/et_pb_text][\/et_pb_column][\/et_pb_row][\/et_pb_section][et_pb_section fb_built=&#8221;1&#8243; admin_label=&#8221;Video&#8221; _builder_version=&#8221;4.27.4&#8243; _module_preset=&#8221;default&#8221; custom_padding=&#8221;6px|||||&#8221; collapsed=&#8221;off&#8221; global_colors_info=&#8221;{}&#8221;][et_pb_row column_structure=&#8221;1_2,1_2&#8243; _builder_version=&#8221;4.27.4&#8243; _module_preset=&#8221;default&#8221; custom_padding=&#8221;0px||||false|false&#8221; collapsed=&#8221;off&#8221; global_colors_info=&#8221;{}&#8221;][et_pb_column type=&#8221;1_2&#8243; _builder_version=&#8221;4.27.4&#8243; _module_preset=&#8221;default&#8221; global_colors_info=&#8221;{}&#8221;][et_pb_video src=&#8221;https:\/\/www.youtube.com\/watch?v=De68tvldxAw&#8221; _builder_version=&#8221;4.27.4&#8243; _module_preset=&#8221;default&#8221; border_radii=&#8221;on|10px|10px|10px|10px&#8221; global_colors_info=&#8221;{}&#8221;][\/et_pb_video][et_pb_button button_url=&#8221;@ET-DC@eyJkeW5hbWljIjp0cnVlLCJjb250ZW50IjoicG9zdF9saW5rX3VybF9wYWdlIiwic2V0dGluZ3MiOnsicG9zdF9pZCI6IjIiLCJlbmFibGVfaHRtbCI6Im9mZiJ9fQ==@&#8221; button_text=&#8221;P\u0159e\u010dt\u011bte si v\u00edce o bezpe\u010dnosti&#8221; _builder_version=&#8221;4.27.4&#8243; _dynamic_attributes=&#8221;button_url&#8221; _module_preset=&#8221;_initial&#8221; custom_button=&#8221;on&#8221; button_text_size=&#8221;16px&#8221; button_text_color=&#8221;#CD207D&#8221; button_border_color=&#8221;#CD207D&#8221; button_border_radius=&#8221;100px&#8221; button_font=&#8221;Outfit|600|||||||&#8221; button_use_icon=&#8221;off&#8221; custom_margin=&#8221;-2px||||false|false&#8221; custom_padding=&#8221;10px|26px|10px|26px|true|true&#8221; global_colors_info=&#8221;{%22gcid-f1e65d51-fa2f-4bf0-b2c1-8eab7001e8fd%22:%91%22button_text_color%22%93}&#8221;][\/et_pb_button][\/et_pb_column][et_pb_column type=&#8221;1_2&#8243; _builder_version=&#8221;4.27.4&#8243; _module_preset=&#8221;default&#8221; global_colors_info=&#8221;{}&#8221;][et_pb_text _builder_version=&#8221;4.27.4&#8243; _module_preset=&#8221;_initial&#8221; text_font=&#8221;Montserrat||||||||&#8221; text_line_height=&#8221;1.6em&#8221; width=&#8221;100%&#8221; min_height=&#8221;79.2px&#8221; custom_margin=&#8221;||||false|false&#8221; custom_padding=&#8221;||||false|false&#8221; custom_padding_tablet=&#8221;||||false|false&#8221; custom_padding_phone=&#8221;||||false|false&#8221; custom_padding_last_edited=&#8221;on|phone&#8221; global_colors_info=&#8221;{}&#8221;]<\/p>\n<p>Ve spole\u010dnosti Flyto Relocation nen\u00ed bezpe\u010dnost jen sou\u010d\u00e1st\u00ed na\u0161ich slu\u017eeb \u2013 je na\u0161\u00edm z\u00e1kladem. Jsme hrd\u00ed na to, \u017ee jsme nejbezpe\u010dn\u011bj\u0161\u00ed st\u011bhovac\u00ed spole\u010dnost\u00ed na sv\u011bt\u011b a kombinujeme \u0161pi\u010dkov\u00e9 technologie s bezkonkuren\u010dn\u00edm profesionalismem, abychom chr\u00e1nili to nejd\u016fle\u017eit\u011bj\u0161\u00ed.<\/p>\n<p>Ka\u017ed\u00e9 vozidlo Flyto je vybaveno pokro\u010dil\u00fdm kamerov\u00fdm syst\u00e9mem, GPS sledov\u00e1n\u00edm v re\u00e1ln\u00e9m \u010dase a technologi\u00ed bezpe\u010dn\u00e9ho nakl\u00e1d\u00e1n\u00ed. Na\u0161e vybaven\u00ed vyroben\u00e9 na m\u00edru a odborn\u00e1 manipulace zaji\u0161\u0165uj\u00ed, \u017ee ka\u017ed\u00e1 polo\u017eka je chr\u00e1n\u011bna \u2013 od odesl\u00e1n\u00ed a\u017e po doru\u010den\u00ed.<\/p>\n<p>Za ka\u017ed\u00fdm st\u011bhov\u00e1n\u00edm stoj\u00ed t\u00fdm vy\u0161kolen\u00fdch profesion\u00e1l\u016f, kte\u0159\u00ed s va\u0161\u00edm majetkem zach\u00e1zej\u00ed s p\u0159esnost\u00ed, p\u00e9\u010d\u00ed a respektem. S Flyto se m\u016f\u017eete spolehnout, \u017ee va\u0161e st\u011bhov\u00e1n\u00ed bude nejen bezprobl\u00e9mov\u00e9, ale tak\u00e9 monitorovan\u00e9, chr\u00e1n\u011bn\u00e9 a bezpe\u010dn\u00e9 v ka\u017ed\u00e9m kroku.<\/p>\n<p>Proto\u017ee klid v du\u0161i by nem\u011bl b\u00fdt voliteln\u00fd \u2013 m\u011bl by b\u00fdt zaru\u010den.<\/p>\n<p>[\/et_pb_text][\/et_pb_column][\/et_pb_row][\/et_pb_section][et_pb_section fb_built=&#8221;1&#8243; _builder_version=&#8221;4.27.4&#8243; _module_preset=&#8221;default&#8221; background_color=&#8221;#fafafa&#8221; custom_padding=&#8221;||||false|false&#8221; global_colors_info=&#8221;{}&#8221;][et_pb_row column_structure=&#8221;1_2,1_2&#8243; _builder_version=&#8221;4.27.4&#8243; _module_preset=&#8221;default&#8221; custom_padding=&#8221;||||false|false&#8221; global_colors_info=&#8221;{}&#8221;][et_pb_column type=&#8221;1_2&#8243; _builder_version=&#8221;4.27.4&#8243; _module_preset=&#8221;default&#8221; global_colors_info=&#8221;{}&#8221;][et_pb_text _builder_version=&#8221;4.27.4&#8243; _module_preset=&#8221;_initial&#8221; text_font=&#8221;Montserrat||||||||&#8221; header_3_font=&#8221;Poppins||||||||&#8221; header_3_font_size=&#8221;20px&#8221; header_3_line_height=&#8221;1.2em&#8221; global_colors_info=&#8221;{}&#8221;]<\/p>\n<h3 data-start=\"415\" data-end=\"467\"><strong data-start=\"419\" data-end=\"465\">Nejpropojen\u011bj\u0161\u00ed reloka\u010dn\u00ed s\u00ed\u0165 v Evrop\u011b<\/strong><\/h3>\n<p data-start=\"468\" data-end=\"509\"><strong data-start=\"468\" data-end=\"507\">Lok\u00e1ln\u00ed odbornost. Kontinent\u00e1ln\u00ed dosah.<\/strong><\/p>\n<p>S Flyto Relocation se Evropa skute\u010dn\u011b c\u00edt\u00ed propojen\u00e1. Na\u0161e kancel\u00e1\u0159e po cel\u00e9m kontinentu tvo\u0159\u00ed jednu z nejd\u016fv\u011bryhodn\u011bj\u0161\u00edch s\u00edt\u00ed pro st\u011bhov\u00e1n\u00ed v oboru \u2013 postavenou na osobn\u00edm servisu, sd\u00edlen\u00fdch standardech a m\u00edstn\u00edm know-how.<\/p>\n<p>A\u0165 u\u017e se st\u011bhujete do Helsinek, Malagy nebo Dortmundu, na m\u00edst\u011b je t\u00fdm Flyto \u2013 p\u0159ipraven\u00fd v\u00e1s p\u0159iv\u00edtat, prov\u00e9st a zajistit, aby v\u0161e prob\u00edhalo bezchybn\u011b.<br \/>Nest\u011bhujeme lidi jen po Evrop\u011b \u2013 st\u011bhujeme lidi v r\u00e1mci Evropy jako sou\u010d\u00e1st bezprobl\u00e9mov\u00e9 a starostliv\u00e9 s\u00edt\u011b, kter\u00e1 mluv\u00ed va\u0161\u00edm jazykem a rozum\u00ed va\u0161\u00ed cest\u011b.<\/p>\n<p>Proto\u017ee skute\u010dn\u00fd klid pramen\u00ed z v\u011bdom\u00ed, \u017ee jsme tam u\u017e d\u0159\u00edve, ne\u017e v\u016fbec doraz\u00edte. \ud83c\udf0d<\/p>\n<p>[\/et_pb_text][et_pb_button button_url=&#8221;@ET-DC@eyJkeW5hbWljIjp0cnVlLCJjb250ZW50IjoicG9zdF9saW5rX3VybF9wYWdlIiwic2V0dGluZ3MiOnsicG9zdF9pZCI6IjcyNiIsImVuYWJsZV9odG1sIjoib2ZmIn19@&#8221; button_text=&#8221;Na\u0161e s\u00ed\u0165 pro st\u011bhov\u00e1n\u00ed&#8221; _builder_version=&#8221;4.27.4&#8243; _dynamic_attributes=&#8221;button_url&#8221; _module_preset=&#8221;_initial&#8221; custom_button=&#8221;on&#8221; button_text_size=&#8221;16px&#8221; button_text_color=&#8221;#CD207D&#8221; button_border_color=&#8221;#CD207D&#8221; button_border_radius=&#8221;100px&#8221; button_font=&#8221;Outfit|600|||||||&#8221; button_use_icon=&#8221;off&#8221; custom_margin=&#8221;-10px||||false|false&#8221; custom_padding=&#8221;10px|26px|10px|26px|true|true&#8221; global_colors_info=&#8221;{%22gcid-f1e65d51-fa2f-4bf0-b2c1-8eab7001e8fd%22:%91%22button_text_color%22%93}&#8221;][\/et_pb_button][\/et_pb_column][et_pb_column type=&#8221;1_2&#8243; _builder_version=&#8221;4.27.4&#8243; _module_preset=&#8221;default&#8221; global_colors_info=&#8221;{}&#8221;][et_pb_image src=&#8221;https:\/\/flyto-wp-uploads.s3.eu-north-1.amazonaws.com\/wp-content\/uploads\/sites\/97\/2025\/11\/04093023\/kotimuutto-muuttopalvelu-muutto_1_optimized-1.jpg&#8221; title_text=&#8221;kotimuutto-muuttopalvelu-muutto_1_optimized (1)&#8221; _builder_version=&#8221;4.27.4&#8243; _module_preset=&#8221;default&#8221; border_radii=&#8221;on|20px|20px|20px|20px&#8221; global_colors_info=&#8221;{}&#8221;][\/et_pb_image][\/et_pb_column][\/et_pb_row][\/et_pb_section][et_pb_section fb_built=&#8221;1&#8243; _builder_version=&#8221;4.27.4&#8243; _module_preset=&#8221;default&#8221; global_colors_info=&#8221;{}&#8221;][et_pb_row column_structure=&#8221;1_2,1_2&#8243; _builder_version=&#8221;4.27.4&#8243; _module_preset=&#8221;default&#8221; custom_padding=&#8221;5px|||||&#8221; global_colors_info=&#8221;{}&#8221;][et_pb_column type=&#8221;1_2&#8243; _builder_version=&#8221;4.27.4&#8243; _module_preset=&#8221;default&#8221; global_colors_info=&#8221;{}&#8221;][et_pb_text _builder_version=&#8221;4.27.4&#8243; _module_preset=&#8221;_initial&#8221; text_font=&#8221;Montserrat||||||||&#8221; header_3_font=&#8221;Poppins||||||||&#8221; header_3_font_size=&#8221;20px&#8221; header_3_line_height=&#8221;1.2em&#8221; global_colors_info=&#8221;{}&#8221;]<\/p>\n<h3 data-start=\"1184\" data-end=\"1225\"><span style=\"color: #000000\"><strong data-start=\"1188\" data-end=\"1223\">Jednoduch\u00e9 bal\u00ed\u010dky. Perfektn\u00ed st\u011bhov\u00e1n\u00ed.<\/strong><\/span><\/h3>\n<p data-start=\"1226\" data-end=\"1275\"><span style=\"color: #666666\"><strong data-start=\"1226\" data-end=\"1273\">Pr\u00e9miov\u00e9 st\u011bhov\u00e1n\u00ed kr\u00e1sn\u011b zjednodu\u0161en\u00e9.<\/strong><\/span><\/p>\n<p>V\u011b\u0159\u00edme, \u017ee skv\u011bl\u00e9 slu\u017eby by nem\u011bly b\u00fdt slo\u017eit\u00e9 \u2013 proto jsme na\u0161e st\u011bhovac\u00ed bal\u00ed\u010dky navrhli tak, aby byly co nejp\u0159ehledn\u011bj\u0161\u00ed. \u017d\u00e1dn\u00e9 drobn\u00e9 p\u00edsmo, \u017e\u00e1dn\u00e9 nejasnosti \u2013 jen jednoduch\u00e1 \u0159e\u0161en\u00ed, kter\u00e1 odpov\u00eddaj\u00ed va\u0161im pot\u0159eb\u00e1m, rozpo\u010dtu a \u017eivotn\u00edmu stylu.<\/p>\n<p>Ka\u017ed\u00fd bal\u00ed\u010dek Flyto obsahuje v\u0161e, co skute\u010dn\u011b pot\u0159ebujete (a nic, co nepot\u0159ebujete): profesion\u00e1ln\u00ed balen\u00ed, bezpe\u010dnou p\u0159epravu, poji\u0161t\u011bn\u00ed, sledov\u00e1n\u00ed a podporu v ka\u017ed\u00e9m kroku.<br \/>V\u017edy budete p\u0159esn\u011b v\u011bd\u011bt, co je zahrnuto a kolik to stoj\u00ed \u2013 transparentnost je toti\u017e sou\u010d\u00e1st\u00ed luxusu.<\/p>\n<p>St\u011bhov\u00e1n\u00ed do zahrani\u010d\u00ed m\u016f\u017ee b\u00fdt velkou zm\u011bnou, ale vybrat si ten spr\u00e1vn\u00fd st\u011bhovac\u00ed bal\u00ed\u010dek? S Flyto je to snadn\u00e9. \u2728<\/p>\n<p>[\/et_pb_text][\/et_pb_column][et_pb_column type=&#8221;1_2&#8243; _builder_version=&#8221;4.27.4&#8243; _module_preset=&#8221;default&#8221; global_colors_info=&#8221;{}&#8221;][et_pb_image src=&#8221;https:\/\/flyto-wp-uploads.s3.eu-north-1.amazonaws.com\/wp-content\/uploads\/sites\/97\/2025\/10\/03182729\/FLYTO_-_Muutto_-_Kuvaaja_Nuuti_Paananen_4_1_1_1000.jpg&#8221; title_text=&#8221;FLYTO_-_Muutto_-_Kuvaaja_Nuuti_Paananen_4_1_1_1000&#8243; disabled_on=&#8221;off|off|off&#8221; _builder_version=&#8221;4.27.4&#8243; _module_preset=&#8221;default&#8221; border_radii=&#8221;on|20px|20px|20px|20px&#8221; global_colors_info=&#8221;{}&#8221;][\/et_pb_image][et_pb_button button_url=&#8221;@ET-DC@eyJkeW5hbWljIjp0cnVlLCJjb250ZW50IjoicG9zdF9saW5rX3VybF9wYWdlIiwic2V0dGluZ3MiOnsicG9zdF9pZCI6IjczMCIsImVuYWJsZV9odG1sIjoib2ZmIn19@&#8221; button_text=&#8221;V\u0161echny slu\u017eby&#8221; _builder_version=&#8221;4.27.4&#8243; _dynamic_attributes=&#8221;button_url&#8221; _module_preset=&#8221;_initial&#8221; custom_button=&#8221;on&#8221; button_text_size=&#8221;16px&#8221; button_text_color=&#8221;#CD207D&#8221; button_border_color=&#8221;#CD207D&#8221; button_border_radius=&#8221;100px&#8221; button_font=&#8221;Outfit|600|||||||&#8221; button_use_icon=&#8221;off&#8221; custom_margin=&#8221;-2px||||false|false&#8221; custom_padding=&#8221;10px|26px|10px|26px|true|true&#8221; global_colors_info=&#8221;{%22gcid-f1e65d51-fa2f-4bf0-b2c1-8eab7001e8fd%22:%91%22button_text_color%22%93}&#8221;][\/et_pb_button][\/et_pb_column][\/et_pb_row][\/et_pb_section]<\/p>\n","protected":false},"excerpt":{"rendered":"<p>Proto\u017ee si va\u0161e v\u011bci nezaslou\u017e\u00ed nic men\u0161\u00edho.Ve spole\u010dnosti Flyto Relocation nen\u00ed bezpe\u010dnost jen sou\u010d\u00e1st\u00ed na\u0161ich slu\u017eeb \u2013 je na\u0161\u00edm z\u00e1kladem. Jsme hrd\u00ed na to, \u017ee jsme nejbezpe\u010dn\u011bj\u0161\u00ed st\u011bhovac\u00ed spole\u010dnost\u00ed na sv\u011bt\u011b a kombinujeme \u0161pi\u010dkov\u00e9 technologie s bezkonkuren\u010dn\u00edm profesionalismem, abychom chr\u00e1nili to nejd\u016fle\u017eit\u011bj\u0161\u00ed. Ka\u017ed\u00e9 vozidlo Flyto je vybaveno pokro\u010dil\u00fdm kamerov\u00fdm syst\u00e9mem, GPS sledov\u00e1n\u00edm v re\u00e1ln\u00e9m \u010dase [&hellip;]<\/p>\n","protected":false},"author":1,"featured_media":0,"parent":0,"menu_order":0,"comment_status":"closed","ping_status":"closed","template":"","meta":{"_et_pb_use_builder":"on","_et_pb_old_content":"","_et_gb_content_width":"","footnotes":""},"class_list":["post-727","page","type-page","status-publish","hentry"],"yoast_head":"<!-- This site is optimized with the Yoast SEO plugin v26.3 - https:\/\/yoast.com\/wordpress\/plugins\/seo\/ -->\n<title>About - Flyto Relocation \u010cesk\u00e1 republika<\/title>\n<meta name=\"robots\" content=\"index, follow, max-snippet:-1, max-image-preview:large, max-video-preview:-1\" \/>\n<link rel=\"canonical\" href=\"https:\/\/flytorelocation.com\/cz-cz\/about\/\" \/>\n<meta property=\"og:locale\" content=\"fi_FI\" \/>\n<meta property=\"og:type\" content=\"article\" \/>\n<meta property=\"og:title\" content=\"About - Flyto Relocation \u010cesk\u00e1 republika\" \/>\n<meta property=\"og:description\" content=\"Proto\u017ee si va\u0161e v\u011bci nezaslou\u017e\u00ed nic men\u0161\u00edho.Ve spole\u010dnosti Flyto Relocation nen\u00ed bezpe\u010dnost jen sou\u010d\u00e1st\u00ed na\u0161ich slu\u017eeb \u2013 je na\u0161\u00edm z\u00e1kladem. Jsme hrd\u00ed na to, \u017ee jsme nejbezpe\u010dn\u011bj\u0161\u00ed st\u011bhovac\u00ed spole\u010dnost\u00ed na sv\u011bt\u011b a kombinujeme \u0161pi\u010dkov\u00e9 technologie s bezkonkuren\u010dn\u00edm profesionalismem, abychom chr\u00e1nili to nejd\u016fle\u017eit\u011bj\u0161\u00ed. Ka\u017ed\u00e9 vozidlo Flyto je vybaveno pokro\u010dil\u00fdm kamerov\u00fdm syst\u00e9mem, GPS sledov\u00e1n\u00edm v re\u00e1ln\u00e9m \u010dase [&hellip;]\" \/>\n<meta property=\"og:url\" content=\"https:\/\/flytorelocation.com\/cz-cz\/about\/\" \/>\n<meta property=\"og:site_name\" content=\"Flyto Relocation \u010cesk\u00e1 republika\" \/>\n<meta property=\"article:modified_time\" content=\"2026-01-04T18:51:24+00:00\" \/>\n<meta name=\"twitter:card\" content=\"summary_large_image\" \/>\n<meta name=\"twitter:label1\" content=\"Arvioitu lukuaika\" \/>\n\t<meta name=\"twitter:data1\" content=\"7 minuuttia\" \/>\n<script type=\"application\/ld+json\" class=\"yoast-schema-graph\">{\"@context\":\"https:\/\/schema.org\",\"@graph\":[{\"@type\":\"WebPage\",\"@id\":\"https:\/\/flytorelocation.com\/cz-cz\/about\/\",\"url\":\"https:\/\/flytorelocation.com\/cz-cz\/about\/\",\"name\":\"About - Flyto Relocation \u010cesk\u00e1 republika\",\"isPartOf\":{\"@id\":\"https:\/\/flytorelocation.com\/cz-cz\/#website\"},\"datePublished\":\"2025-10-17T16:02:33+00:00\",\"dateModified\":\"2026-01-04T18:51:24+00:00\",\"breadcrumb\":{\"@id\":\"https:\/\/flytorelocation.com\/cz-cz\/about\/#breadcrumb\"},\"inLanguage\":\"fi\",\"potentialAction\":[{\"@type\":\"ReadAction\",\"target\":[\"https:\/\/flytorelocation.com\/cz-cz\/about\/\"]}]},{\"@type\":\"BreadcrumbList\",\"@id\":\"https:\/\/flytorelocation.com\/cz-cz\/about\/#breadcrumb\",\"itemListElement\":[{\"@type\":\"ListItem\",\"position\":1,\"name\":\"Etusivu\",\"item\":\"https:\/\/flytorelocation.com\/cz-cz\/\"},{\"@type\":\"ListItem\",\"position\":2,\"name\":\"About\"}]},{\"@type\":\"WebSite\",\"@id\":\"https:\/\/flytorelocation.com\/cz-cz\/#website\",\"url\":\"https:\/\/flytorelocation.com\/cz-cz\/\",\"name\":\"Flyto Relocation \u010cesk\u00e1 republika\",\"description\":\"\",\"publisher\":{\"@id\":\"https:\/\/flytorelocation.com\/cz-cz\/#organization\"},\"potentialAction\":[{\"@type\":\"SearchAction\",\"target\":{\"@type\":\"EntryPoint\",\"urlTemplate\":\"https:\/\/flytorelocation.com\/cz-cz\/?s={search_term_string}\"},\"query-input\":{\"@type\":\"PropertyValueSpecification\",\"valueRequired\":true,\"valueName\":\"search_term_string\"}}],\"inLanguage\":\"fi\"},{\"@type\":\"Organization\",\"@id\":\"https:\/\/flytorelocation.com\/cz-cz\/#organization\",\"name\":\"Flyto Relocation \u010cesk\u00e1 republika\",\"url\":\"https:\/\/flytorelocation.com\/cz-cz\/\",\"logo\":{\"@type\":\"ImageObject\",\"inLanguage\":\"fi\",\"@id\":\"https:\/\/flytorelocation.com\/cz-cz\/#\/schema\/logo\/image\/\",\"url\":\"https:\/\/flyto-wp-uploads.s3.eu-north-1.amazonaws.com\/wp-content\/uploads\/sites\/97\/2025\/10\/13130143\/Flyto-col.png\",\"contentUrl\":\"https:\/\/flyto-wp-uploads.s3.eu-north-1.amazonaws.com\/wp-content\/uploads\/sites\/97\/2025\/10\/13130143\/Flyto-col.png\",\"width\":618,\"height\":337,\"caption\":\"Flyto Relocation \u010cesk\u00e1 republika\"},\"image\":{\"@id\":\"https:\/\/flytorelocation.com\/cz-cz\/#\/schema\/logo\/image\/\"}}]}<\/script>\n<!-- \/ Yoast SEO plugin. -->","yoast_head_json":{"title":"About - Flyto Relocation \u010cesk\u00e1 republika","robots":{"index":"index","follow":"follow","max-snippet":"max-snippet:-1","max-image-preview":"max-image-preview:large","max-video-preview":"max-video-preview:-1"},"canonical":"https:\/\/flytorelocation.com\/cz-cz\/about\/","og_locale":"fi_FI","og_type":"article","og_title":"About - Flyto Relocation \u010cesk\u00e1 republika","og_description":"Proto\u017ee si va\u0161e v\u011bci nezaslou\u017e\u00ed nic men\u0161\u00edho.Ve spole\u010dnosti Flyto Relocation nen\u00ed bezpe\u010dnost jen sou\u010d\u00e1st\u00ed na\u0161ich slu\u017eeb \u2013 je na\u0161\u00edm z\u00e1kladem. Jsme hrd\u00ed na to, \u017ee jsme nejbezpe\u010dn\u011bj\u0161\u00ed st\u011bhovac\u00ed spole\u010dnost\u00ed na sv\u011bt\u011b a kombinujeme \u0161pi\u010dkov\u00e9 technologie s bezkonkuren\u010dn\u00edm profesionalismem, abychom chr\u00e1nili to nejd\u016fle\u017eit\u011bj\u0161\u00ed. Ka\u017ed\u00e9 vozidlo Flyto je vybaveno pokro\u010dil\u00fdm kamerov\u00fdm syst\u00e9mem, GPS sledov\u00e1n\u00edm v re\u00e1ln\u00e9m \u010dase [&hellip;]","og_url":"https:\/\/flytorelocation.com\/cz-cz\/about\/","og_site_name":"Flyto Relocation \u010cesk\u00e1 republika","article_modified_time":"2026-01-04T18:51:24+00:00","twitter_card":"summary_large_image","twitter_misc":{"Arvioitu lukuaika":"7 minuuttia"},"schema":{"@context":"https:\/\/schema.org","@graph":[{"@type":"WebPage","@id":"https:\/\/flytorelocation.com\/cz-cz\/about\/","url":"https:\/\/flytorelocation.com\/cz-cz\/about\/","name":"About - Flyto Relocation \u010cesk\u00e1 republika","isPartOf":{"@id":"https:\/\/flytorelocation.com\/cz-cz\/#website"},"datePublished":"2025-10-17T16:02:33+00:00","dateModified":"2026-01-04T18:51:24+00:00","breadcrumb":{"@id":"https:\/\/flytorelocation.com\/cz-cz\/about\/#breadcrumb"},"inLanguage":"fi","potentialAction":[{"@type":"ReadAction","target":["https:\/\/flytorelocation.com\/cz-cz\/about\/"]}]},{"@type":"BreadcrumbList","@id":"https:\/\/flytorelocation.com\/cz-cz\/about\/#breadcrumb","itemListElement":[{"@type":"ListItem","position":1,"name":"Etusivu","item":"https:\/\/flytorelocation.com\/cz-cz\/"},{"@type":"ListItem","position":2,"name":"About"}]},{"@type":"WebSite","@id":"https:\/\/flytorelocation.com\/cz-cz\/#website","url":"https:\/\/flytorelocation.com\/cz-cz\/","name":"Flyto Relocation \u010cesk\u00e1 republika","description":"","publisher":{"@id":"https:\/\/flytorelocation.com\/cz-cz\/#organization"},"potentialAction":[{"@type":"SearchAction","target":{"@type":"EntryPoint","urlTemplate":"https:\/\/flytorelocation.com\/cz-cz\/?s={search_term_string}"},"query-input":{"@type":"PropertyValueSpecification","valueRequired":true,"valueName":"search_term_string"}}],"inLanguage":"fi"},{"@type":"Organization","@id":"https:\/\/flytorelocation.com\/cz-cz\/#organization","name":"Flyto Relocation \u010cesk\u00e1 republika","url":"https:\/\/flytorelocation.com\/cz-cz\/","logo":{"@type":"ImageObject","inLanguage":"fi","@id":"https:\/\/flytorelocation.com\/cz-cz\/#\/schema\/logo\/image\/","url":"https:\/\/flyto-wp-uploads.s3.eu-north-1.amazonaws.com\/wp-content\/uploads\/sites\/97\/2025\/10\/13130143\/Flyto-col.png","contentUrl":"https:\/\/flyto-wp-uploads.s3.eu-north-1.amazonaws.com\/wp-content\/uploads\/sites\/97\/2025\/10\/13130143\/Flyto-col.png","width":618,"height":337,"caption":"Flyto Relocation \u010cesk\u00e1 republika"},"image":{"@id":"https:\/\/flytorelocation.com\/cz-cz\/#\/schema\/logo\/image\/"}}]}},"acf":[],"_links":{"self":[{"href":"https:\/\/flytorelocation.com\/cz-cz\/wp-json\/wp\/v2\/pages\/727","targetHints":{"allow":["GET"]}}],"collection":[{"href":"https:\/\/flytorelocation.com\/cz-cz\/wp-json\/wp\/v2\/pages"}],"about":[{"href":"https:\/\/flytorelocation.com\/cz-cz\/wp-json\/wp\/v2\/types\/page"}],"author":[{"embeddable":true,"href":"https:\/\/flytorelocation.com\/cz-cz\/wp-json\/wp\/v2\/users\/1"}],"replies":[{"embeddable":true,"href":"https:\/\/flytorelocation.com\/cz-cz\/wp-json\/wp\/v2\/comments?post=727"}],"version-history":[{"count":16,"href":"https:\/\/flytorelocation.com\/cz-cz\/wp-json\/wp\/v2\/pages\/727\/revisions"}],"predecessor-version":[{"id":1328,"href":"https:\/\/flytorelocation.com\/cz-cz\/wp-json\/wp\/v2\/pages\/727\/revisions\/1328"}],"wp:attachment":[{"href":"https:\/\/flytorelocation.com\/cz-cz\/wp-json\/wp\/v2\/media?parent=727"}],"curies":[{"name":"wp","href":"https:\/\/api.w.org\/{rel}","templated":true}]}}