{"id":726,"date":"2025-10-17T19:02:33","date_gmt":"2025-10-17T16:02:33","guid":{"rendered":"https:\/\/flytorelocation.com\/cz-cz\/fi\/?page_id=80"},"modified":"2026-01-17T01:17:13","modified_gmt":"2026-01-16T23:17:13","slug":"network","status":"publish","type":"page","link":"https:\/\/flytorelocation.com\/cz-cz\/network\/","title":{"rendered":"Network"},"content":{"rendered":"<p>[et_pb_section fb_built=&#8221;1&#8243; custom_padding_last_edited=&#8221;on|phone&#8221; admin_label=&#8221;Header&#8221; _builder_version=&#8221;4.27.4&#8243; _module_preset=&#8221;default&#8221; background_enable_image=&#8221;off&#8221; custom_padding=&#8221;17px||17px||true|false&#8221; custom_padding_tablet=&#8221;80px||80px||true|false&#8221; custom_padding_phone=&#8221;60px||60px||true|false&#8221; border_radii=&#8221;off|||3vw|3vw&#8221; collapsed=&#8221;on&#8221; global_colors_info=&#8221;{}&#8221;][et_pb_row _builder_version=&#8221;4.27.4&#8243; _module_preset=&#8221;default&#8221; global_colors_info=&#8221;{}&#8221;][et_pb_column type=&#8221;4_4&#8243; _builder_version=&#8221;4.22.0&#8243; _module_preset=&#8221;default&#8221; global_colors_info=&#8221;{}&#8221;][et_pb_heading title=&#8221;Let\u011bt nap\u0159\u00ed\u010d Evropou&#8221; _builder_version=&#8221;4.27.4&#8243; _module_preset=&#8221;_initial&#8221; title_font=&#8221;Flyto oma||||||||&#8221; title_text_color=&#8221;#CD207D&#8221; title_font_size=&#8221;62px&#8221; custom_margin=&#8221;||10px||false|false&#8221; custom_margin_tablet=&#8221;||10px||false|false&#8221; custom_margin_phone=&#8221;||10px||false|false&#8221; custom_margin_last_edited=&#8221;on|phone&#8221; custom_padding_tablet=&#8221;&#8221; custom_padding_phone=&#8221;0px||||false|false&#8221; custom_padding_last_edited=&#8221;on|phone&#8221; title_font_size_tablet=&#8221;40px&#8221; title_font_size_phone=&#8221;30px&#8221; title_font_size_last_edited=&#8221;on|phone&#8221; locked=&#8221;off&#8221; global_colors_info=&#8221;{}&#8221;][\/et_pb_heading][et_pb_text _builder_version=&#8221;4.27.4&#8243; _module_preset=&#8221;_initial&#8221; text_font=&#8221;Montserrat||||||||&#8221; text_line_height=&#8221;1.6em&#8221; width=&#8221;100%&#8221; min_height=&#8221;79.2px&#8221; custom_margin=&#8221;||||false|false&#8221; custom_padding=&#8221;||||false|false&#8221; custom_padding_tablet=&#8221;||||false|false&#8221; custom_padding_phone=&#8221;||||false|false&#8221; custom_padding_last_edited=&#8221;on|phone&#8221; global_colors_info=&#8221;{}&#8221;]<\/p>\n<p>A\u0165 u\u017e se st\u011bhujete kamkoli \u2013 na sever, jih, v\u00fdchod nebo z\u00e1pad \u2013 Flyto je tu, aby va\u0161e st\u011bhov\u00e1n\u00ed prob\u011bhlo hladce, bezpe\u010dn\u011b a pln\u011b zvl\u00e1dnuto.<br \/>Na\u0161e s\u00ed\u0165 pokr\u00fdv\u00e1 <strong>19 evropsk\u00fdch zem\u00ed s<\/strong> vyhrazen\u00fdmi m\u00edstn\u00edmi kancel\u00e1\u0159emi, kter\u00e9 zaji\u0161\u0165uj\u00ed pr\u00e9miov\u00e9 st\u011bhovac\u00ed slu\u017eby po cel\u00e9m kontinentu.<\/p>\n<p>[\/et_pb_text][\/et_pb_column][\/et_pb_row][\/et_pb_section][et_pb_section fb_built=&#8221;1&#8243; _builder_version=&#8221;4.27.4&#8243; _module_preset=&#8221;default&#8221; background_color=&#8221;#fafafa&#8221; global_colors_info=&#8221;{}&#8221;][et_pb_row column_structure=&#8221;1_4,1_4,1_4,1_4&#8243; _builder_version=&#8221;4.27.0&#8243; _module_preset=&#8221;default&#8221; custom_margin=&#8221;|auto|33px|auto||&#8221; global_colors_info=&#8221;{}&#8221;][et_pb_column type=&#8221;1_4&#8243; _builder_version=&#8221;4.22.0&#8243; _module_preset=&#8221;default&#8221; global_colors_info=&#8221;{}&#8221;][et_pb_heading title=&#8221;Lok\u00e1ln\u00ed odbornost, glob\u00e1ln\u00ed standardy&#8221; _builder_version=&#8221;4.27.4&#8243; _module_preset=&#8221;_initial&#8221; title_font=&#8221;Flyto oma||||||||&#8221; title_text_color=&#8221;#CD207D&#8221; title_font_size=&#8221;23px&#8221; title_line_height=&#8221;1.2em&#8221; custom_margin=&#8221;||10px||false|false&#8221; locked=&#8221;off&#8221; global_colors_info=&#8221;{}&#8221;][\/et_pb_heading][et_pb_text _builder_version=&#8221;4.27.4&#8243; _module_preset=&#8221;_initial&#8221; text_font=&#8221;Montserrat||||||||&#8221; header_5_font=&#8221;Poppins||||||||&#8221; global_colors_info=&#8221;{}&#8221;]<\/p>\n<h5><strong>Severn\u00ed Evropa<\/strong><\/h5>\n<p>\ud83c\uddeb\ud83c\uddee <strong>Finsko<\/strong> \u2013 Na\u0161e s\u00eddlo a domovsk\u00e1 z\u00e1kladna, poskytuj\u00edc\u00ed komplexn\u00ed mezin\u00e1rodn\u00ed st\u011bhov\u00e1n\u00ed s severskou preciznost\u00ed.<br \/> \ud83c\uddf8\ud83c\uddea <strong>\u0160v\u00e9dsko<\/strong> \u2013 Odborn\u00e1 podpora p\u0159i st\u011bhov\u00e1n\u00ed do i ze Skandin\u00e1vie na dynamick\u00e9m trhu regionu.<br \/> \ud83c\uddf3\ud83c\uddf4 <strong>Norsko<\/strong> \u2013 Bezpe\u010dn\u00e1 a spolehliv\u00e1 logistika v n\u00e1ro\u010dn\u00e9m ter\u00e9nu a na dlouh\u00e9 vzd\u00e1lenosti.<br \/> \ud83c\udde9\ud83c\uddf0 <strong>D\u00e1nsko<\/strong> \u2013 Efektivn\u00ed a udr\u017eiteln\u00e1 \u0159e\u0161en\u00ed st\u011bhov\u00e1n\u00ed po cel\u00e9m D\u00e1nsku.<\/p>\n<p>[\/et_pb_text][\/et_pb_column][et_pb_column type=&#8221;1_4&#8243; _builder_version=&#8221;4.27.4&#8243; _module_preset=&#8221;default&#8221; global_colors_info=&#8221;{}&#8221;][et_pb_text _builder_version=&#8221;4.27.4&#8243; _module_preset=&#8221;_initial&#8221; text_font=&#8221;Montserrat||||||||&#8221; header_5_font=&#8221;Poppins||||||||&#8221; global_colors_info=&#8221;{}&#8221;]<\/p>\n<h5><strong>St\u0159edn\u00ed Evropa<\/strong><\/h5>\n<p>\ud83c\udde9\ud83c\uddea <strong>N\u011bmecko<\/strong> \u2013 Kl\u00ed\u010dov\u00e9 centrum Flyto propojuj\u00edc\u00ed severn\u00ed a ji\u017en\u00ed Evropu s plynul\u00fdm provozem.<br \/> \ud83c\uddf3\ud83c\uddf1 <strong>Nizozemsko<\/strong> \u2013 Rychl\u00e9 a dob\u0159e organizovan\u00e9 reloka\u010dn\u00ed slu\u017eby v jednom z nejru\u0161n\u011bj\u0161\u00edch dopravn\u00edch uzl\u016f Evropy.<br \/> \ud83c\udde7\ud83c\uddea <strong>Belgie<\/strong> \u2013 M\u00edstn\u00ed odbornost pro rodiny, profesion\u00e1ly a diplomaty st\u011bhuj\u00edc\u00ed se p\u0159es hranice.<br \/> \ud83c\uddf1\ud83c\uddfa <strong>Lucembursko<\/strong> \u2013 Slu\u017eby na m\u00edru pro expaty a firemn\u00ed relokace ve finan\u010dn\u00edm srdci Evropy.<br \/> \ud83c\udde8\ud83c\udded <strong>\u0160v\u00fdcarsko<\/strong> \u2013 Pr\u00e9miov\u00e9 st\u011bhov\u00e1n\u00ed se zvl\u00e1\u0161tn\u00ed p\u00e9\u010d\u00ed o celn\u00ed a p\u0159eshrani\u010dn\u00ed p\u0159edpisy.<br \/> \ud83c\udde6\ud83c\uddf9 <strong>Rakousko<\/strong> \u2013 Podpora p\u0159i st\u011bhov\u00e1n\u00ed v Alp\u00e1ch i mimo n\u011b, realizovan\u00e1 s osv\u011bd\u010denou preciznost\u00ed Flyto.<\/p>\n<p>[\/et_pb_text][\/et_pb_column][et_pb_column type=&#8221;1_4&#8243; _builder_version=&#8221;4.27.4&#8243; _module_preset=&#8221;default&#8221; global_colors_info=&#8221;{}&#8221;][et_pb_text _builder_version=&#8221;4.27.4&#8243; _module_preset=&#8221;_initial&#8221; text_font=&#8221;Montserrat||||||||&#8221; header_5_font=&#8221;Poppins||||||||&#8221; global_colors_info=&#8221;{}&#8221;]<\/p>\n<h5><strong>Ji\u017en\u00ed Evropa<\/strong><\/h5>\n<p>\ud83c\uddeb\ud83c\uddf7 <strong>Francie<\/strong> \u2013 Plynul\u00e9 st\u011bhov\u00e1n\u00ed ve velk\u00fdch francouzsk\u00fdch m\u011bstech i v p\u016fvabn\u00e9m venkovsk\u00e9m prost\u0159ed\u00ed.<br \/> \ud83c\uddee\ud83c\uddf9 <strong>It\u00e1lie<\/strong> \u2013 Personalizovan\u00e9 st\u011bhovac\u00ed slu\u017eby navr\u017een\u00e9 pro pohodl\u00ed a zm\u011bny \u017eivotn\u00edho stylu.<br \/> \ud83c\uddea\ud83c\uddf8 <strong>\u0160pan\u011blsko<\/strong> \u2013 D\u016fv\u011bryhodn\u00e1 volba pro rodiny a profesion\u00e1ly st\u011bhuj\u00edc\u00ed se do slunn\u00e9ho St\u0159edomo\u0159\u00ed.<br \/> \ud83c\uddf5\ud83c\uddf9 <strong>Portugalsko<\/strong> \u2013 P\u0159\u00e1telsk\u00e1 destinace podporovan\u00e1 spolehlivou koordinac\u00ed st\u011bhov\u00e1n\u00ed Flyto.<\/p>\n<p>[\/et_pb_text][et_pb_text _builder_version=&#8221;4.27.4&#8243; _module_preset=&#8221;_initial&#8221; text_font=&#8221;Montserrat||||||||&#8221; header_5_font=&#8221;Poppins||||||||&#8221; global_colors_info=&#8221;{}&#8221;]<\/p>\n<h5><strong>Britsk\u00e9 ostrovy<\/strong><\/h5>\n<p>\ud83c\uddec\ud83c\udde7 <strong>Spojen\u00e9 kr\u00e1lovstv\u00ed<\/strong> \u2013 Odborn\u00e1 podpora pro mezin\u00e1rodn\u00ed st\u011bhov\u00e1n\u00ed do Spojen\u00e9ho kr\u00e1lovstv\u00ed a ze Spojen\u00e9ho kr\u00e1lovstv\u00ed v obdob\u00ed po Brexitu.<br \/> \ud83c\uddee\ud83c\uddea <strong>Irsko<\/strong> \u2013 Profesion\u00e1ln\u00ed reloka\u010dn\u00ed pomoc jak pro jednotlivce, tak pro firemn\u00ed klienty.<\/p>\n<p>[\/et_pb_text][\/et_pb_column][et_pb_column type=&#8221;1_4&#8243; _builder_version=&#8221;4.22.0&#8243; _module_preset=&#8221;default&#8221; global_colors_info=&#8221;{}&#8221;][et_pb_code _builder_version=&#8221;4.27.4&#8243; _module_preset=&#8221;default&#8221; global_colors_info=&#8221;{}&#8221;][\/et_pb_code][et_pb_text _builder_version=&#8221;4.27.4&#8243; _module_preset=&#8221;_initial&#8221; text_font=&#8221;Montserrat||||||||&#8221; header_5_font=&#8221;Poppins||||||||&#8221; custom_margin=&#8221;-34px|||||&#8221; global_colors_info=&#8221;{}&#8221;]<\/p>\n<h5><strong>V\u00fdchodn\u00ed Evropa<\/strong><\/h5>\n<p>\ud83c\uddea\ud83c\uddea <strong>Estonsko<\/strong> \u2013 Rychle rostouc\u00ed severn\u00ed trh podporovan\u00fd spolehlivou reloka\u010dn\u00ed s\u00edt\u00ed Flyto.<br \/> \ud83c\uddf5\ud83c\uddf1 <strong>Polsko<\/strong> \u2013 Siln\u00e1 logistika a m\u00edstn\u00ed partnerstv\u00ed usnad\u0148uj\u00ed st\u011bhov\u00e1n\u00ed do zem\u011b i ze zem\u011b.<br \/> \ud83c\udde8\ud83c\uddff <strong>\u010cesk\u00e1 republika<\/strong> \u2013 Komplexn\u00ed st\u011bhovac\u00ed slu\u017eby pro firemn\u00ed i soukrom\u00e9 klienty.<\/p>\n<p>[\/et_pb_text][\/et_pb_column][\/et_pb_row][\/et_pb_section][et_pb_section fb_built=&#8221;1&#8243; admin_label=&#8221;Services&#8221; _builder_version=&#8221;4.27.4&#8243; _module_preset=&#8221;default&#8221; background_enable_color=&#8221;off&#8221; collapsed=&#8221;on&#8221; global_colors_info=&#8221;{}&#8221;][et_pb_row column_structure=&#8221;1_2,1_2&#8243; _builder_version=&#8221;4.27.4&#8243; _module_preset=&#8221;default&#8221; global_colors_info=&#8221;{}&#8221;][et_pb_column type=&#8221;1_2&#8243; _builder_version=&#8221;4.27.4&#8243; _module_preset=&#8221;default&#8221; global_colors_info=&#8221;{}&#8221;][et_pb_text _builder_version=&#8221;4.27.4&#8243; _module_preset=&#8221;_initial&#8221; text_font=&#8221;Montserrat||||||||&#8221; header_2_font=&#8221;Flyto oma||||||||&#8221; header_2_text_color=&#8221;#CD207D&#8221; header_2_font_size=&#8221;28px&#8221; custom_margin=&#8221;30px||||false|false&#8221; global_colors_info=&#8221;{}&#8221;]<\/p>\n<h2>Pohybujte se s jistotou po Evrop\u011b<\/h2>\n<p>[\/et_pb_text][et_pb_text _builder_version=&#8221;4.27.4&#8243; _module_preset=&#8221;_initial&#8221; text_font=&#8221;Montserrat||||||||&#8221; text_line_height=&#8221;1.6em&#8221; width=&#8221;100%&#8221; min_height=&#8221;79.2px&#8221; custom_margin=&#8221;-20px||||false|false&#8221; custom_padding=&#8221;||||false|false&#8221; custom_padding_tablet=&#8221;||||false|false&#8221; custom_padding_phone=&#8221;||||false|false&#8221; custom_padding_last_edited=&#8221;on|phone&#8221; locked=&#8221;off&#8221; global_colors_info=&#8221;{}&#8221;]<\/p>\n<p>A\u0165 u\u017e st\u011bhujete sv\u016fj domov, rodinu nebo firmu, Flyto je va\u0161\u00edm d\u016fv\u011bryhodn\u00fdm partnerem v 19 evropsk\u00fdch zem\u00edch.<br \/>Na\u0161e propojen\u00e1 s\u00ed\u0165 zaji\u0161\u0165uje, \u017ee ka\u017ed\u00e9 st\u011bhov\u00e1n\u00ed \u2013 z Helsinek do Lisabonu nebo ze Stockholmu do \u0158\u00edma \u2013 bude provedeno s p\u0159esnost\u00ed, p\u00e9\u010d\u00ed a osobn\u00edm p\u0159\u00edstupem. A\u0165 u\u017e v\u00e1s \u017eivot zavede kamkoli, my se postar\u00e1me o to, aby va\u0161e cesta za\u010dala hladce.<\/p>\n<p>[\/et_pb_text][et_pb_button button_url=&#8221;@ET-DC@eyJkeW5hbWljIjp0cnVlLCJjb250ZW50IjoicG9zdF9saW5rX3VybF9wYWdlIiwic2V0dGluZ3MiOnsicG9zdF9pZCI6IjczMCJ9fQ==@&#8221; button_text=&#8221;Objevte na\u0161e slu\u017eby&#8221; _builder_version=&#8221;4.27.4&#8243; _dynamic_attributes=&#8221;button_url&#8221; _module_preset=&#8221;_initial&#8221; custom_button=&#8221;on&#8221; button_text_size=&#8221;16px&#8221; button_text_color=&#8221;#CD207D&#8221; button_bg_color=&#8221;#FFFFFF&#8221; button_border_color=&#8221;#CD207D&#8221; button_border_radius=&#8221;100px&#8221; button_font=&#8221;Outfit|600|||||||&#8221; button_use_icon=&#8221;off&#8221; custom_margin=&#8221;-10px||||false|false&#8221; custom_padding=&#8221;10px|26px|10px|26px|true|true&#8221; hover_enabled=&#8221;0&#8243; global_colors_info=&#8221;{%22gcid-f1e65d51-fa2f-4bf0-b2c1-8eab7001e8fd%22:%91%22button_text_color%22%93}&#8221; sticky_enabled=&#8221;0&#8243;][\/et_pb_button][\/et_pb_column][et_pb_column type=&#8221;1_2&#8243; _builder_version=&#8221;4.27.4&#8243; _module_preset=&#8221;default&#8221; global_colors_info=&#8221;{}&#8221;][et_pb_image src=&#8221;https:\/\/flyto-wp-uploads.s3.eu-north-1.amazonaws.com\/wp-content\/uploads\/sites\/97\/2025\/10\/03182725\/FLYTO_-_Muutto_-_Kuvaaja_Nuuti_Paananen_8_2_optimized_1000.jpg&#8221; title_text=&#8221;FLYTO_-_Muutto_-_Kuvaaja_Nuuti_Paananen_8_2_optimized_1000&#8243; _builder_version=&#8221;4.27.4&#8243; _module_preset=&#8221;default&#8221; border_radii=&#8221;on|10px|10px|10px|10px&#8221; global_colors_info=&#8221;{}&#8221;][\/et_pb_image][\/et_pb_column][\/et_pb_row][\/et_pb_section]<\/p>\n","protected":false},"excerpt":{"rendered":"<p>A\u0165 u\u017e se st\u011bhujete kamkoli \u2013 na sever, jih, v\u00fdchod nebo z\u00e1pad \u2013 Flyto je tu, aby va\u0161e st\u011bhov\u00e1n\u00ed prob\u011bhlo hladce, bezpe\u010dn\u011b a pln\u011b zvl\u00e1dnuto.Na\u0161e s\u00ed\u0165 pokr\u00fdv\u00e1 19 evropsk\u00fdch zem\u00ed s vyhrazen\u00fdmi m\u00edstn\u00edmi kancel\u00e1\u0159emi, kter\u00e9 zaji\u0161\u0165uj\u00ed pr\u00e9miov\u00e9 st\u011bhovac\u00ed slu\u017eby po cel\u00e9m kontinentu.Severn\u00ed Evropa \ud83c\uddeb\ud83c\uddee Finsko \u2013 Na\u0161e s\u00eddlo a domovsk\u00e1 z\u00e1kladna, poskytuj\u00edc\u00ed komplexn\u00ed mezin\u00e1rodn\u00ed st\u011bhov\u00e1n\u00ed [&hellip;]<\/p>\n","protected":false},"author":1,"featured_media":0,"parent":0,"menu_order":0,"comment_status":"closed","ping_status":"closed","template":"","meta":{"_et_pb_use_builder":"on","_et_pb_old_content":"","_et_gb_content_width":"","footnotes":""},"class_list":["post-726","page","type-page","status-publish","hentry"],"yoast_head":"<!-- This site is optimized with the Yoast SEO plugin v26.3 - https:\/\/yoast.com\/wordpress\/plugins\/seo\/ -->\n<title>Network - Flyto Relocation \u010cesk\u00e1 republika<\/title>\n<meta name=\"robots\" content=\"index, follow, max-snippet:-1, max-image-preview:large, max-video-preview:-1\" \/>\n<link rel=\"canonical\" href=\"https:\/\/flytorelocation.com\/cz-cz\/network\/\" \/>\n<meta property=\"og:locale\" content=\"fi_FI\" \/>\n<meta property=\"og:type\" content=\"article\" \/>\n<meta property=\"og:title\" content=\"Network - Flyto Relocation \u010cesk\u00e1 republika\" \/>\n<meta property=\"og:description\" content=\"A\u0165 u\u017e se st\u011bhujete kamkoli \u2013 na sever, jih, v\u00fdchod nebo z\u00e1pad \u2013 Flyto je tu, aby va\u0161e st\u011bhov\u00e1n\u00ed prob\u011bhlo hladce, bezpe\u010dn\u011b a pln\u011b zvl\u00e1dnuto.Na\u0161e s\u00ed\u0165 pokr\u00fdv\u00e1 19 evropsk\u00fdch zem\u00ed s vyhrazen\u00fdmi m\u00edstn\u00edmi kancel\u00e1\u0159emi, kter\u00e9 zaji\u0161\u0165uj\u00ed pr\u00e9miov\u00e9 st\u011bhovac\u00ed slu\u017eby po cel\u00e9m kontinentu.Severn\u00ed Evropa \ud83c\uddeb\ud83c\uddee Finsko \u2013 Na\u0161e s\u00eddlo a domovsk\u00e1 z\u00e1kladna, poskytuj\u00edc\u00ed komplexn\u00ed mezin\u00e1rodn\u00ed st\u011bhov\u00e1n\u00ed [&hellip;]\" \/>\n<meta property=\"og:url\" content=\"https:\/\/flytorelocation.com\/cz-cz\/network\/\" \/>\n<meta property=\"og:site_name\" content=\"Flyto Relocation \u010cesk\u00e1 republika\" \/>\n<meta property=\"article:modified_time\" content=\"2026-01-16T23:17:13+00:00\" \/>\n<meta name=\"twitter:card\" content=\"summary_large_image\" \/>\n<meta name=\"twitter:label1\" content=\"Arvioitu lukuaika\" \/>\n\t<meta name=\"twitter:data1\" content=\"6 minuuttia\" \/>\n<script type=\"application\/ld+json\" class=\"yoast-schema-graph\">{\"@context\":\"https:\/\/schema.org\",\"@graph\":[{\"@type\":\"WebPage\",\"@id\":\"https:\/\/flytorelocation.com\/cz-cz\/network\/\",\"url\":\"https:\/\/flytorelocation.com\/cz-cz\/network\/\",\"name\":\"Network - Flyto Relocation \u010cesk\u00e1 republika\",\"isPartOf\":{\"@id\":\"https:\/\/flytorelocation.com\/cz-cz\/#website\"},\"datePublished\":\"2025-10-17T16:02:33+00:00\",\"dateModified\":\"2026-01-16T23:17:13+00:00\",\"breadcrumb\":{\"@id\":\"https:\/\/flytorelocation.com\/cz-cz\/network\/#breadcrumb\"},\"inLanguage\":\"fi\",\"potentialAction\":[{\"@type\":\"ReadAction\",\"target\":[\"https:\/\/flytorelocation.com\/cz-cz\/network\/\"]}]},{\"@type\":\"BreadcrumbList\",\"@id\":\"https:\/\/flytorelocation.com\/cz-cz\/network\/#breadcrumb\",\"itemListElement\":[{\"@type\":\"ListItem\",\"position\":1,\"name\":\"Etusivu\",\"item\":\"https:\/\/flytorelocation.com\/cz-cz\/\"},{\"@type\":\"ListItem\",\"position\":2,\"name\":\"Network\"}]},{\"@type\":\"WebSite\",\"@id\":\"https:\/\/flytorelocation.com\/cz-cz\/#website\",\"url\":\"https:\/\/flytorelocation.com\/cz-cz\/\",\"name\":\"Flyto Relocation \u010cesk\u00e1 republika\",\"description\":\"\",\"publisher\":{\"@id\":\"https:\/\/flytorelocation.com\/cz-cz\/#organization\"},\"potentialAction\":[{\"@type\":\"SearchAction\",\"target\":{\"@type\":\"EntryPoint\",\"urlTemplate\":\"https:\/\/flytorelocation.com\/cz-cz\/?s={search_term_string}\"},\"query-input\":{\"@type\":\"PropertyValueSpecification\",\"valueRequired\":true,\"valueName\":\"search_term_string\"}}],\"inLanguage\":\"fi\"},{\"@type\":\"Organization\",\"@id\":\"https:\/\/flytorelocation.com\/cz-cz\/#organization\",\"name\":\"Flyto Relocation \u010cesk\u00e1 republika\",\"url\":\"https:\/\/flytorelocation.com\/cz-cz\/\",\"logo\":{\"@type\":\"ImageObject\",\"inLanguage\":\"fi\",\"@id\":\"https:\/\/flytorelocation.com\/cz-cz\/#\/schema\/logo\/image\/\",\"url\":\"https:\/\/flyto-wp-uploads.s3.eu-north-1.amazonaws.com\/wp-content\/uploads\/sites\/97\/2025\/10\/13130143\/Flyto-col.png\",\"contentUrl\":\"https:\/\/flyto-wp-uploads.s3.eu-north-1.amazonaws.com\/wp-content\/uploads\/sites\/97\/2025\/10\/13130143\/Flyto-col.png\",\"width\":618,\"height\":337,\"caption\":\"Flyto Relocation \u010cesk\u00e1 republika\"},\"image\":{\"@id\":\"https:\/\/flytorelocation.com\/cz-cz\/#\/schema\/logo\/image\/\"}}]}<\/script>\n<!-- \/ Yoast SEO plugin. -->","yoast_head_json":{"title":"Network - Flyto Relocation \u010cesk\u00e1 republika","robots":{"index":"index","follow":"follow","max-snippet":"max-snippet:-1","max-image-preview":"max-image-preview:large","max-video-preview":"max-video-preview:-1"},"canonical":"https:\/\/flytorelocation.com\/cz-cz\/network\/","og_locale":"fi_FI","og_type":"article","og_title":"Network - Flyto Relocation \u010cesk\u00e1 republika","og_description":"A\u0165 u\u017e se st\u011bhujete kamkoli \u2013 na sever, jih, v\u00fdchod nebo z\u00e1pad \u2013 Flyto je tu, aby va\u0161e st\u011bhov\u00e1n\u00ed prob\u011bhlo hladce, bezpe\u010dn\u011b a pln\u011b zvl\u00e1dnuto.Na\u0161e s\u00ed\u0165 pokr\u00fdv\u00e1 19 evropsk\u00fdch zem\u00ed s vyhrazen\u00fdmi m\u00edstn\u00edmi kancel\u00e1\u0159emi, kter\u00e9 zaji\u0161\u0165uj\u00ed pr\u00e9miov\u00e9 st\u011bhovac\u00ed slu\u017eby po cel\u00e9m kontinentu.Severn\u00ed Evropa \ud83c\uddeb\ud83c\uddee Finsko \u2013 Na\u0161e s\u00eddlo a domovsk\u00e1 z\u00e1kladna, poskytuj\u00edc\u00ed komplexn\u00ed mezin\u00e1rodn\u00ed st\u011bhov\u00e1n\u00ed [&hellip;]","og_url":"https:\/\/flytorelocation.com\/cz-cz\/network\/","og_site_name":"Flyto Relocation \u010cesk\u00e1 republika","article_modified_time":"2026-01-16T23:17:13+00:00","twitter_card":"summary_large_image","twitter_misc":{"Arvioitu lukuaika":"6 minuuttia"},"schema":{"@context":"https:\/\/schema.org","@graph":[{"@type":"WebPage","@id":"https:\/\/flytorelocation.com\/cz-cz\/network\/","url":"https:\/\/flytorelocation.com\/cz-cz\/network\/","name":"Network - Flyto Relocation \u010cesk\u00e1 republika","isPartOf":{"@id":"https:\/\/flytorelocation.com\/cz-cz\/#website"},"datePublished":"2025-10-17T16:02:33+00:00","dateModified":"2026-01-16T23:17:13+00:00","breadcrumb":{"@id":"https:\/\/flytorelocation.com\/cz-cz\/network\/#breadcrumb"},"inLanguage":"fi","potentialAction":[{"@type":"ReadAction","target":["https:\/\/flytorelocation.com\/cz-cz\/network\/"]}]},{"@type":"BreadcrumbList","@id":"https:\/\/flytorelocation.com\/cz-cz\/network\/#breadcrumb","itemListElement":[{"@type":"ListItem","position":1,"name":"Etusivu","item":"https:\/\/flytorelocation.com\/cz-cz\/"},{"@type":"ListItem","position":2,"name":"Network"}]},{"@type":"WebSite","@id":"https:\/\/flytorelocation.com\/cz-cz\/#website","url":"https:\/\/flytorelocation.com\/cz-cz\/","name":"Flyto Relocation \u010cesk\u00e1 republika","description":"","publisher":{"@id":"https:\/\/flytorelocation.com\/cz-cz\/#organization"},"potentialAction":[{"@type":"SearchAction","target":{"@type":"EntryPoint","urlTemplate":"https:\/\/flytorelocation.com\/cz-cz\/?s={search_term_string}"},"query-input":{"@type":"PropertyValueSpecification","valueRequired":true,"valueName":"search_term_string"}}],"inLanguage":"fi"},{"@type":"Organization","@id":"https:\/\/flytorelocation.com\/cz-cz\/#organization","name":"Flyto Relocation \u010cesk\u00e1 republika","url":"https:\/\/flytorelocation.com\/cz-cz\/","logo":{"@type":"ImageObject","inLanguage":"fi","@id":"https:\/\/flytorelocation.com\/cz-cz\/#\/schema\/logo\/image\/","url":"https:\/\/flyto-wp-uploads.s3.eu-north-1.amazonaws.com\/wp-content\/uploads\/sites\/97\/2025\/10\/13130143\/Flyto-col.png","contentUrl":"https:\/\/flyto-wp-uploads.s3.eu-north-1.amazonaws.com\/wp-content\/uploads\/sites\/97\/2025\/10\/13130143\/Flyto-col.png","width":618,"height":337,"caption":"Flyto Relocation \u010cesk\u00e1 republika"},"image":{"@id":"https:\/\/flytorelocation.com\/cz-cz\/#\/schema\/logo\/image\/"}}]}},"acf":[],"_links":{"self":[{"href":"https:\/\/flytorelocation.com\/cz-cz\/wp-json\/wp\/v2\/pages\/726","targetHints":{"allow":["GET"]}}],"collection":[{"href":"https:\/\/flytorelocation.com\/cz-cz\/wp-json\/wp\/v2\/pages"}],"about":[{"href":"https:\/\/flytorelocation.com\/cz-cz\/wp-json\/wp\/v2\/types\/page"}],"author":[{"embeddable":true,"href":"https:\/\/flytorelocation.com\/cz-cz\/wp-json\/wp\/v2\/users\/1"}],"replies":[{"embeddable":true,"href":"https:\/\/flytorelocation.com\/cz-cz\/wp-json\/wp\/v2\/comments?post=726"}],"version-history":[{"count":2,"href":"https:\/\/flytorelocation.com\/cz-cz\/wp-json\/wp\/v2\/pages\/726\/revisions"}],"predecessor-version":[{"id":1346,"href":"https:\/\/flytorelocation.com\/cz-cz\/wp-json\/wp\/v2\/pages\/726\/revisions\/1346"}],"wp:attachment":[{"href":"https:\/\/flytorelocation.com\/cz-cz\/wp-json\/wp\/v2\/media?parent=726"}],"curies":[{"name":"wp","href":"https:\/\/api.w.org\/{rel}","templated":true}]}}