{"id":2,"date":"2025-10-01T11:34:34","date_gmt":"2025-10-01T08:34:34","guid":{"rendered":"https:\/\/flytorelocation.com\/cz-cz\/fi\/?page_id=2"},"modified":"2026-01-17T01:16:27","modified_gmt":"2026-01-16T23:16:27","slug":"safety","status":"publish","type":"page","link":"https:\/\/flytorelocation.com\/cz-cz\/safety\/","title":{"rendered":"Safety"},"content":{"rendered":"<p>[et_pb_section fb_built=&#8221;1&#8243; custom_padding_last_edited=&#8221;on|phone&#8221; _builder_version=&#8221;4.27.4&#8243; _module_preset=&#8221;default&#8221; custom_padding=&#8221;0px||0px||true|false&#8221; custom_padding_tablet=&#8221;80px||80px||true|false&#8221; custom_padding_phone=&#8221;60px||60px||true|false&#8221; global_colors_info=&#8221;{}&#8221;][et_pb_row _builder_version=&#8221;4.27.4&#8243; _module_preset=&#8221;default&#8221; global_colors_info=&#8221;{}&#8221;][et_pb_column type=&#8221;4_4&#8243; _builder_version=&#8221;4.27.4&#8243; _module_preset=&#8221;default&#8221; global_colors_info=&#8221;{}&#8221;][et_pb_heading title=&#8221;Bezpe\u010dnost a ochrana&#8221; _builder_version=&#8221;4.27.4&#8243; _module_preset=&#8221;_initial&#8221; title_font=&#8221;Flyto oma||||||||&#8221; title_text_color=&#8221;#CD207D&#8221; title_font_size=&#8221;62px&#8221; custom_margin=&#8221;||10px||false|false&#8221; custom_margin_tablet=&#8221;||10px||false|false&#8221; custom_margin_phone=&#8221;||10px||false|false&#8221; custom_margin_last_edited=&#8221;on|phone&#8221; custom_padding_tablet=&#8221;&#8221; custom_padding_phone=&#8221;0px||||false|false&#8221; custom_padding_last_edited=&#8221;on|phone&#8221; title_font_size_tablet=&#8221;40px&#8221; title_font_size_phone=&#8221;30px&#8221; title_font_size_last_edited=&#8221;on|phone&#8221; locked=&#8221;off&#8221; global_colors_info=&#8221;{}&#8221;][\/et_pb_heading][\/et_pb_column][\/et_pb_row][\/et_pb_section][et_pb_section fb_built=&#8221;1&#8243; custom_padding_last_edited=&#8221;on|phone&#8221; admin_label=&#8221;Services&#8221; _builder_version=&#8221;4.27.4&#8243; _module_preset=&#8221;default&#8221; background_color=&#8221;#fafafa&#8221; custom_padding=&#8221;0px||||false|false&#8221; custom_padding_tablet=&#8221;98px||76px|||&#8221; custom_padding_phone=&#8221;30px||0px||false|false&#8221; collapsed=&#8221;on&#8221; global_colors_info=&#8221;{}&#8221;][et_pb_row column_structure=&#8221;1_2,1_2&#8243; _builder_version=&#8221;4.27.4&#8243; _module_preset=&#8221;default&#8221; global_colors_info=&#8221;{}&#8221;][et_pb_column type=&#8221;1_2&#8243; _builder_version=&#8221;4.27.4&#8243; _module_preset=&#8221;default&#8221; global_colors_info=&#8221;{}&#8221;][et_pb_text _builder_version=&#8221;4.27.4&#8243; _module_preset=&#8221;_initial&#8221; text_font=&#8221;Montserrat||||||||&#8221; text_text_color=&#8221;#000000&#8243; header_2_font=&#8221;Poppins|600|||||||&#8221; header_2_text_align=&#8221;left&#8221; header_2_text_color=&#8221;#000000&#8243; header_2_font_size=&#8221;16px&#8221; header_2_line_height=&#8221;1.3em&#8221; header_3_font_size=&#8221;30px&#8221; locked=&#8221;off&#8221; global_colors_info=&#8221;{}&#8221;]<\/p>\n<h2>Nejbezpe\u010dn\u011bj\u0161\u00ed tah na sv\u011bt\u011b<\/h2>\n<p>[\/et_pb_text][et_pb_text _builder_version=&#8221;4.27.4&#8243; _module_preset=&#8221;_initial&#8221; text_font=&#8221;Montserrat|600|||||||&#8221; text_font_size=&#8221;13px&#8221; custom_margin=&#8221;-28px||||false|false&#8221; global_colors_info=&#8221;{}&#8221;]<\/p>\n<p>Ve spole\u010dnosti Flyto v\u011b\u0159\u00edme, \u017ee bezpe\u010dnost nen\u00ed jen funkce \u2013 je to slib.<br \/>Od okam\u017eiku, kdy jsou va\u0161e v\u011bci zabaleny, a\u017e po jejich doru\u010den\u00ed do va\u0161eho nov\u00e9ho domova, je ka\u017ed\u00fd krok procesu monitorov\u00e1n, dokumentov\u00e1n a zach\u00e1zeno s n\u00edm s p\u00e9\u010d\u00ed.<\/p>\n<p>Na\u0161e posl\u00e1n\u00ed je jednoduch\u00e9: <strong>zajistit, aby ka\u017ed\u00e9 mezin\u00e1rodn\u00ed st\u011bhov\u00e1n\u00ed bylo zcela bezpe\u010dn\u00e9, transparentn\u00ed a bezstarostn\u00e9.<\/strong><\/p>\n<p>[\/et_pb_text][et_pb_button button_url=&#8221;@ET-DC@eyJkeW5hbWljIjp0cnVlLCJjb250ZW50IjoicG9zdF9saW5rX3VybF9wYWdlIiwic2V0dGluZ3MiOnsicG9zdF9pZCI6IjcyNyJ9fQ==@&#8221; button_text=&#8221;O n\u00e1s&#8221; _builder_version=&#8221;4.27.4&#8243; _dynamic_attributes=&#8221;button_url&#8221; _module_preset=&#8221;_initial&#8221; custom_button=&#8221;on&#8221; button_text_size=&#8221;16px&#8221; button_text_color=&#8221;#CD207D&#8221; button_border_color=&#8221;#CD207D&#8221; button_border_radius=&#8221;100px&#8221; button_font=&#8221;Outfit|600|||||||&#8221; button_use_icon=&#8221;off&#8221; custom_margin=&#8221;-10px||||false|false&#8221; custom_padding=&#8221;10px|26px|10px|26px|true|true&#8221; hover_enabled=&#8221;0&#8243; locked=&#8221;off&#8221; global_colors_info=&#8221;{%22gcid-f1e65d51-fa2f-4bf0-b2c1-8eab7001e8fd%22:%91%22button_text_color%22%93}&#8221; sticky_enabled=&#8221;0&#8243;][\/et_pb_button][\/et_pb_column][et_pb_column type=&#8221;1_2&#8243; _builder_version=&#8221;4.27.4&#8243; _module_preset=&#8221;default&#8221; global_colors_info=&#8221;{}&#8221;][et_pb_image src=&#8221;https:\/\/flyto-wp-uploads.s3.eu-north-1.amazonaws.com\/wp-content\/uploads\/sites\/97\/2025\/10\/03182801\/FLYTO-Muutto-Kuvaaja-Nuuti-Paananen-1-1_2_11zon-scaled-1.jpg&#8221; title_text=&#8221;FLYTO &#8211; Muutto &#8211; Kuvaaja Nuuti Paananen (1) (1)_2_11zon&#8221; disabled_on=&#8221;on|off|off&#8221; _builder_version=&#8221;4.27.4&#8243; _module_preset=&#8221;default&#8221; transform_scale=&#8221;114%|100%&#8221; transform_scale_tablet=&#8221;&#8221; transform_scale_phone=&#8221;100%|74%&#8221; transform_scale_last_edited=&#8221;on|desktop&#8221; transform_scale_linked=&#8221;off&#8221; transform_translate_tablet=&#8221;&#8221; transform_translate_phone=&#8221;&#8221; transform_translate_last_edited=&#8221;on|phone&#8221; transform_rotate_tablet=&#8221;&#8221; transform_rotate_phone=&#8221;&#8221; transform_rotate_last_edited=&#8221;on|phone&#8221; transform_skew_tablet=&#8221;&#8221; transform_skew_phone=&#8221;&#8221; transform_skew_last_edited=&#8221;on|phone&#8221; transform_origin_tablet=&#8221;&#8221; transform_origin_phone=&#8221;&#8221; transform_origin_last_edited=&#8221;on|phone&#8221; border_radii=&#8221;on|10px|10px|10px|10px&#8221; global_colors_info=&#8221;{}&#8221;][\/et_pb_image][\/et_pb_column][\/et_pb_row][\/et_pb_section][et_pb_section fb_built=&#8221;1&#8243; admin_label=&#8221;Video&#8221; _builder_version=&#8221;4.27.4&#8243; _module_preset=&#8221;default&#8221; background_color=&#8221;#fafafa&#8221; custom_padding=&#8221;||||false|false&#8221; collapsed=&#8221;on&#8221; global_colors_info=&#8221;{}&#8221;][et_pb_row _builder_version=&#8221;4.22.0&#8243; _module_preset=&#8221;default&#8221; min_height=&#8221;533.8px&#8221; global_colors_info=&#8221;{}&#8221;][et_pb_column type=&#8221;4_4&#8243; _builder_version=&#8221;4.22.0&#8243; _module_preset=&#8221;default&#8221; global_colors_info=&#8221;{}&#8221;][et_pb_text _builder_version=&#8221;4.27.4&#8243; _module_preset=&#8221;_initial&#8221; text_font=&#8221;Montserrat|600|||||||&#8221; text_text_color=&#8221;#000000&#8243; text_font_size=&#8221;13px&#8221; header_3_font=&#8221;Flyto oma||||||||&#8221; custom_margin=&#8221;-28px||||false|false&#8221; global_colors_info=&#8221;{}&#8221;]<\/p>\n<h3 data-start=\"415\" data-end=\"467\">Jak zaji\u0161\u0165ujeme bezpe\u010dnost a transparentnost?<\/h3>\n<p>&nbsp;<\/p>\n<p>\ud83c\udfa5 <strong>Chytr\u00e9 kamerov\u00e9 syst\u00e9my<\/strong><\/p>\n<p>Ji\u017e polovina vozidel Flyto je vybavena kamerov\u00fdmi syst\u00e9my s \u00fahlem z\u00e1b\u011bru 360\u00b0.<br \/> To poskytuje v\u00e1m i na\u0161emu t\u00fdmu plnou viditelnost b\u011bhem cel\u00e9ho procesu.<br \/> N\u00e1\u0161 syst\u00e9m zaji\u0161\u0165uje, \u017ee se se v\u0161emi v\u011bcmi zach\u00e1z\u00ed spr\u00e1vn\u011b a \u017ee p\u0159\u00edpadn\u00e9 probl\u00e9my lze rychle dohledat a vy\u0159e\u0161it.<\/p>\n<p>\ud83d\udce6 <strong>Detailn\u00ed dokumentace balen\u00ed<\/strong><\/p>\n<p>Ka\u017edou z\u00e1silku pe\u010dliv\u011b dokumentujeme.<br \/> Ka\u017ed\u00e1 z\u00e1silka obdr\u017e\u00ed jedine\u010dn\u00fd sledovac\u00ed k\u00f3d a podrobn\u00fd invent\u00e1rn\u00ed seznam. Tato pe\u010dliv\u00e1 dokumentace zaji\u0161\u0165uje, \u017ee se nic neztrat\u00ed a ka\u017ed\u00e1 polo\u017eka je evidov\u00e1na od za\u010d\u00e1tku a\u017e do konce.<\/p>\n<p>\ud83e\uddf0 <strong>Profesion\u00e1ln\u00ed manipulace a kontrola kvality<\/strong><\/p>\n<p>Na\u0161e t\u00fdmy jsou vy\u0161koleny k manipulaci s majetkem s maxim\u00e1ln\u00ed p\u00e9\u010d\u00ed a p\u0159esnost\u00ed.<br \/> Pravideln\u00e9 bezpe\u010dnostn\u00ed kontroly a pr\u016fb\u011b\u017en\u00e1 \u0161kolen\u00ed zaji\u0161\u0165uj\u00ed, \u017ee n\u00e1\u0161 person\u00e1l dodr\u017euje nejvy\u0161\u0161\u00ed mezin\u00e1rodn\u00ed standardy v oblasti balen\u00ed, manipulace a logistiky.<\/p>\n<p>\ud83d\udd12 <strong>Bezpe\u010dn\u00e9 skladov\u00e1n\u00ed a mo\u017enosti poji\u0161t\u011bn\u00ed<\/strong><\/p>\n<p>Pro do\u010dasn\u00e9 skladov\u00e1n\u00ed poskytuje Flyto bezpe\u010dn\u00e9 prostory s kontrolovan\u00fdm klimatem.<br \/> Nab\u00edz\u00edme tak\u00e9 komplexn\u00ed mo\u017enosti poji\u0161t\u011bn\u00ed pro v\u011bt\u0161\u00ed klid, kter\u00e9 zaji\u0161\u0165uj\u00ed plnou ochranu va\u0161eho majetku v ka\u017ed\u00e9 f\u00e1zi st\u011bhov\u00e1n\u00ed.<\/p>\n<p>\ud83d\ude9b <strong>Sledovan\u00e1 p\u0159eprava<\/strong><\/p>\n<p>V\u0161echna na\u0161e p\u0159epravn\u00ed vozidla jsou vybavena modern\u00edmi bezpe\u010dnostn\u00edmi prvky a GPS sledov\u00e1n\u00edm.<br \/> To znamen\u00e1, \u017ee v\u017edy p\u0159esn\u011b v\u00edme, kde se va\u0161e v\u011bci nach\u00e1zej\u00ed, a m\u016f\u017eeme proaktivn\u011b \u0159e\u0161it p\u0159\u00edpadn\u00e1 rizika nebo zpo\u017ed\u011bn\u00ed na trase.<\/p>\n<p>Jste p\u0159ipraveni za\u017e\u00edt nejbezpe\u010dn\u011bj\u0161\u00ed st\u011bhov\u00e1n\u00ed na sv\u011bt\u011b?<\/p>\n<p>Kontaktujte n\u00e1s a napl\u00e1nujme va\u0161e st\u011bhov\u00e1n\u00ed bezpe\u010dn\u011b od za\u010d\u00e1tku a\u017e do konce.<\/p>\n<p>[\/et_pb_text][et_pb_button button_url=&#8221;@ET-DC@eyJkeW5hbWljIjp0cnVlLCJjb250ZW50IjoicG9zdF9saW5rX3VybF9wYWdlIiwic2V0dGluZ3MiOnsicG9zdF9pZCI6IjczNSJ9fQ==@&#8221; button_text=&#8221;Kontaktujte n\u00e1s&#8221; _builder_version=&#8221;4.27.4&#8243; _dynamic_attributes=&#8221;button_url&#8221; _module_preset=&#8221;_initial&#8221; custom_button=&#8221;on&#8221; button_text_size=&#8221;16px&#8221; button_text_color=&#8221;#CD207D&#8221; button_bg_color=&#8221;#FFFFFF&#8221; button_border_color=&#8221;#CD207D&#8221; button_border_radius=&#8221;100px&#8221; button_font=&#8221;Outfit|600|||||||&#8221; button_use_icon=&#8221;off&#8221; custom_margin=&#8221;-2px||||false|false&#8221; custom_padding=&#8221;10px|26px|10px|26px|true|true&#8221; hover_enabled=&#8221;0&#8243; global_colors_info=&#8221;{%22gcid-f1e65d51-fa2f-4bf0-b2c1-8eab7001e8fd%22:%91%22button_text_color%22%93}&#8221; sticky_enabled=&#8221;0&#8243;][\/et_pb_button][\/et_pb_column][\/et_pb_row][\/et_pb_section]<\/p>\n","protected":false},"excerpt":{"rendered":"<p>Nejbezpe\u010dn\u011bj\u0161\u00ed tah na sv\u011bt\u011bVe spole\u010dnosti Flyto v\u011b\u0159\u00edme, \u017ee bezpe\u010dnost nen\u00ed jen funkce \u2013 je to slib.Od okam\u017eiku, kdy jsou va\u0161e v\u011bci zabaleny, a\u017e po jejich doru\u010den\u00ed do va\u0161eho nov\u00e9ho domova, je ka\u017ed\u00fd krok procesu monitorov\u00e1n, dokumentov\u00e1n a zach\u00e1zeno s n\u00edm s p\u00e9\u010d\u00ed. Na\u0161e posl\u00e1n\u00ed je jednoduch\u00e9: zajistit, aby ka\u017ed\u00e9 mezin\u00e1rodn\u00ed st\u011bhov\u00e1n\u00ed bylo zcela bezpe\u010dn\u00e9, transparentn\u00ed [&hellip;]<\/p>\n","protected":false},"author":1,"featured_media":0,"parent":0,"menu_order":0,"comment_status":"closed","ping_status":"closed","template":"","meta":{"_et_pb_use_builder":"on","_et_pb_old_content":"<!-- wp:paragraph -->\n<p>T\u00e4m\u00e4 on esimerkkisivu. Se eroaa artikkelista, sill\u00e4 se pysyy omalla paikallaan ja n\u00e4kyy sivustosi navigaatiossa (useimmissa teemoissa). Monet tekev\u00e4t ensimm\u00e4isen\u00e4 Tietoja-sivun, joka esittelee heid\u00e4t sivuston vierailijoille. Siihen voi kirjoittaa esimerkiksi jotain t\u00e4m\u00e4nkaltaista sis\u00e4lt\u00f6\u00e4:<\/p>\n<!-- \/wp:paragraph -->\n\n<!-- wp:quote -->\n<blockquote class=\"wp-block-quote\"><p>Tervehdys! P\u00e4iv\u00e4ty\u00f6kseni teen py\u00f6r\u00e4l\u00e4hetin hommia ja iltaisin toimin harrastelijateatterin parissa. N\u00e4m\u00e4 ovat minun ikiomat sivuni. Asun Paraisilla ja minulla on mahtava koira, jonka nimi on Jaakko. Pid\u00e4n pi&#241;a colada -drinkeist\u00e4 ja sateen ropinasta peltikatolla.<\/p><\/blockquote>\n<!-- \/wp:quote -->\n\n<!-- wp:paragraph -->\n<p>...tai jotain t\u00e4llaista:<\/p>\n<!-- \/wp:paragraph -->\n\n<!-- wp:quote -->\n<blockquote class=\"wp-block-quote\"><p>Hilavitkuttimet Oy perustettiin vuonna 1971 ja se on siit\u00e4 l\u00e4htien tuottanut asiakkailleen laadukkaita hilavitkuttimia. Yli 200 henkil\u00f6\u00e4 ty\u00f6llist\u00e4v\u00e4 Hilavitkuttimet Oy sijaitsee Salossa ja j\u00e4rjest\u00e4\u00e4 kaikenlaisia tempauksia paikallisen yhteis\u00f6n iloksi.<\/p><\/blockquote>\n<!-- \/wp:quote -->\n\n<!-- wp:paragraph -->\n<p>Uutena WordPress-k\u00e4ytt\u00e4j\u00e4n\u00e4, sinun kannattaa menn\u00e4 <a href=\"https:\/\/flytorelocation.com\/cz-cz\/fi\/wp-admin\/\">ohjauspaneeliisi<\/a> poistaaksesi t\u00e4m\u00e4n sivun ja luodaksesi uusia sivuja sis\u00e4ll\u00f6llesi. Pid\u00e4 hauskaa!<\/p>\n<!-- \/wp:paragraph -->","_et_gb_content_width":"","footnotes":""},"class_list":["post-2","page","type-page","status-publish","hentry"],"yoast_head":"<!-- This site is optimized with the Yoast SEO plugin v26.3 - https:\/\/yoast.com\/wordpress\/plugins\/seo\/ -->\n<title>Safety - Flyto Relocation \u010cesk\u00e1 republika<\/title>\n<meta name=\"robots\" content=\"index, follow, max-snippet:-1, max-image-preview:large, max-video-preview:-1\" \/>\n<link rel=\"canonical\" href=\"https:\/\/flytorelocation.com\/cz-cz\/safety\/\" \/>\n<meta property=\"og:locale\" content=\"fi_FI\" \/>\n<meta property=\"og:type\" content=\"article\" \/>\n<meta property=\"og:title\" content=\"Safety - Flyto Relocation \u010cesk\u00e1 republika\" \/>\n<meta property=\"og:description\" content=\"Nejbezpe\u010dn\u011bj\u0161\u00ed tah na sv\u011bt\u011bVe spole\u010dnosti Flyto v\u011b\u0159\u00edme, \u017ee bezpe\u010dnost nen\u00ed jen funkce \u2013 je to slib.Od okam\u017eiku, kdy jsou va\u0161e v\u011bci zabaleny, a\u017e po jejich doru\u010den\u00ed do va\u0161eho nov\u00e9ho domova, je ka\u017ed\u00fd krok procesu monitorov\u00e1n, dokumentov\u00e1n a zach\u00e1zeno s n\u00edm s p\u00e9\u010d\u00ed. Na\u0161e posl\u00e1n\u00ed je jednoduch\u00e9: zajistit, aby ka\u017ed\u00e9 mezin\u00e1rodn\u00ed st\u011bhov\u00e1n\u00ed bylo zcela bezpe\u010dn\u00e9, transparentn\u00ed [&hellip;]\" \/>\n<meta property=\"og:url\" content=\"https:\/\/flytorelocation.com\/cz-cz\/safety\/\" \/>\n<meta property=\"og:site_name\" content=\"Flyto Relocation \u010cesk\u00e1 republika\" \/>\n<meta property=\"article:modified_time\" content=\"2026-01-16T23:16:27+00:00\" \/>\n<meta name=\"twitter:card\" content=\"summary_large_image\" \/>\n<meta name=\"twitter:label1\" content=\"Arvioitu lukuaika\" \/>\n\t<meta name=\"twitter:data1\" content=\"6 minuuttia\" \/>\n<script type=\"application\/ld+json\" class=\"yoast-schema-graph\">{\"@context\":\"https:\/\/schema.org\",\"@graph\":[{\"@type\":\"WebPage\",\"@id\":\"https:\/\/flytorelocation.com\/cz-cz\/safety\/\",\"url\":\"https:\/\/flytorelocation.com\/cz-cz\/safety\/\",\"name\":\"Safety - Flyto Relocation \u010cesk\u00e1 republika\",\"isPartOf\":{\"@id\":\"https:\/\/flytorelocation.com\/cz-cz\/#website\"},\"datePublished\":\"2025-10-01T08:34:34+00:00\",\"dateModified\":\"2026-01-16T23:16:27+00:00\",\"breadcrumb\":{\"@id\":\"https:\/\/flytorelocation.com\/cz-cz\/safety\/#breadcrumb\"},\"inLanguage\":\"fi\",\"potentialAction\":[{\"@type\":\"ReadAction\",\"target\":[\"https:\/\/flytorelocation.com\/cz-cz\/safety\/\"]}]},{\"@type\":\"BreadcrumbList\",\"@id\":\"https:\/\/flytorelocation.com\/cz-cz\/safety\/#breadcrumb\",\"itemListElement\":[{\"@type\":\"ListItem\",\"position\":1,\"name\":\"Etusivu\",\"item\":\"https:\/\/flytorelocation.com\/cz-cz\/\"},{\"@type\":\"ListItem\",\"position\":2,\"name\":\"Safety\"}]},{\"@type\":\"WebSite\",\"@id\":\"https:\/\/flytorelocation.com\/cz-cz\/#website\",\"url\":\"https:\/\/flytorelocation.com\/cz-cz\/\",\"name\":\"Flyto Relocation \u010cesk\u00e1 republika\",\"description\":\"\",\"publisher\":{\"@id\":\"https:\/\/flytorelocation.com\/cz-cz\/#organization\"},\"potentialAction\":[{\"@type\":\"SearchAction\",\"target\":{\"@type\":\"EntryPoint\",\"urlTemplate\":\"https:\/\/flytorelocation.com\/cz-cz\/?s={search_term_string}\"},\"query-input\":{\"@type\":\"PropertyValueSpecification\",\"valueRequired\":true,\"valueName\":\"search_term_string\"}}],\"inLanguage\":\"fi\"},{\"@type\":\"Organization\",\"@id\":\"https:\/\/flytorelocation.com\/cz-cz\/#organization\",\"name\":\"Flyto Relocation \u010cesk\u00e1 republika\",\"url\":\"https:\/\/flytorelocation.com\/cz-cz\/\",\"logo\":{\"@type\":\"ImageObject\",\"inLanguage\":\"fi\",\"@id\":\"https:\/\/flytorelocation.com\/cz-cz\/#\/schema\/logo\/image\/\",\"url\":\"https:\/\/flyto-wp-uploads.s3.eu-north-1.amazonaws.com\/wp-content\/uploads\/sites\/97\/2025\/10\/13130143\/Flyto-col.png\",\"contentUrl\":\"https:\/\/flyto-wp-uploads.s3.eu-north-1.amazonaws.com\/wp-content\/uploads\/sites\/97\/2025\/10\/13130143\/Flyto-col.png\",\"width\":618,\"height\":337,\"caption\":\"Flyto Relocation \u010cesk\u00e1 republika\"},\"image\":{\"@id\":\"https:\/\/flytorelocation.com\/cz-cz\/#\/schema\/logo\/image\/\"}}]}<\/script>\n<!-- \/ Yoast SEO plugin. -->","yoast_head_json":{"title":"Safety - Flyto Relocation \u010cesk\u00e1 republika","robots":{"index":"index","follow":"follow","max-snippet":"max-snippet:-1","max-image-preview":"max-image-preview:large","max-video-preview":"max-video-preview:-1"},"canonical":"https:\/\/flytorelocation.com\/cz-cz\/safety\/","og_locale":"fi_FI","og_type":"article","og_title":"Safety - Flyto Relocation \u010cesk\u00e1 republika","og_description":"Nejbezpe\u010dn\u011bj\u0161\u00ed tah na sv\u011bt\u011bVe spole\u010dnosti Flyto v\u011b\u0159\u00edme, \u017ee bezpe\u010dnost nen\u00ed jen funkce \u2013 je to slib.Od okam\u017eiku, kdy jsou va\u0161e v\u011bci zabaleny, a\u017e po jejich doru\u010den\u00ed do va\u0161eho nov\u00e9ho domova, je ka\u017ed\u00fd krok procesu monitorov\u00e1n, dokumentov\u00e1n a zach\u00e1zeno s n\u00edm s p\u00e9\u010d\u00ed. Na\u0161e posl\u00e1n\u00ed je jednoduch\u00e9: zajistit, aby ka\u017ed\u00e9 mezin\u00e1rodn\u00ed st\u011bhov\u00e1n\u00ed bylo zcela bezpe\u010dn\u00e9, transparentn\u00ed [&hellip;]","og_url":"https:\/\/flytorelocation.com\/cz-cz\/safety\/","og_site_name":"Flyto Relocation \u010cesk\u00e1 republika","article_modified_time":"2026-01-16T23:16:27+00:00","twitter_card":"summary_large_image","twitter_misc":{"Arvioitu lukuaika":"6 minuuttia"},"schema":{"@context":"https:\/\/schema.org","@graph":[{"@type":"WebPage","@id":"https:\/\/flytorelocation.com\/cz-cz\/safety\/","url":"https:\/\/flytorelocation.com\/cz-cz\/safety\/","name":"Safety - Flyto Relocation \u010cesk\u00e1 republika","isPartOf":{"@id":"https:\/\/flytorelocation.com\/cz-cz\/#website"},"datePublished":"2025-10-01T08:34:34+00:00","dateModified":"2026-01-16T23:16:27+00:00","breadcrumb":{"@id":"https:\/\/flytorelocation.com\/cz-cz\/safety\/#breadcrumb"},"inLanguage":"fi","potentialAction":[{"@type":"ReadAction","target":["https:\/\/flytorelocation.com\/cz-cz\/safety\/"]}]},{"@type":"BreadcrumbList","@id":"https:\/\/flytorelocation.com\/cz-cz\/safety\/#breadcrumb","itemListElement":[{"@type":"ListItem","position":1,"name":"Etusivu","item":"https:\/\/flytorelocation.com\/cz-cz\/"},{"@type":"ListItem","position":2,"name":"Safety"}]},{"@type":"WebSite","@id":"https:\/\/flytorelocation.com\/cz-cz\/#website","url":"https:\/\/flytorelocation.com\/cz-cz\/","name":"Flyto Relocation \u010cesk\u00e1 republika","description":"","publisher":{"@id":"https:\/\/flytorelocation.com\/cz-cz\/#organization"},"potentialAction":[{"@type":"SearchAction","target":{"@type":"EntryPoint","urlTemplate":"https:\/\/flytorelocation.com\/cz-cz\/?s={search_term_string}"},"query-input":{"@type":"PropertyValueSpecification","valueRequired":true,"valueName":"search_term_string"}}],"inLanguage":"fi"},{"@type":"Organization","@id":"https:\/\/flytorelocation.com\/cz-cz\/#organization","name":"Flyto Relocation \u010cesk\u00e1 republika","url":"https:\/\/flytorelocation.com\/cz-cz\/","logo":{"@type":"ImageObject","inLanguage":"fi","@id":"https:\/\/flytorelocation.com\/cz-cz\/#\/schema\/logo\/image\/","url":"https:\/\/flyto-wp-uploads.s3.eu-north-1.amazonaws.com\/wp-content\/uploads\/sites\/97\/2025\/10\/13130143\/Flyto-col.png","contentUrl":"https:\/\/flyto-wp-uploads.s3.eu-north-1.amazonaws.com\/wp-content\/uploads\/sites\/97\/2025\/10\/13130143\/Flyto-col.png","width":618,"height":337,"caption":"Flyto Relocation \u010cesk\u00e1 republika"},"image":{"@id":"https:\/\/flytorelocation.com\/cz-cz\/#\/schema\/logo\/image\/"}}]}},"acf":[],"_links":{"self":[{"href":"https:\/\/flytorelocation.com\/cz-cz\/wp-json\/wp\/v2\/pages\/2","targetHints":{"allow":["GET"]}}],"collection":[{"href":"https:\/\/flytorelocation.com\/cz-cz\/wp-json\/wp\/v2\/pages"}],"about":[{"href":"https:\/\/flytorelocation.com\/cz-cz\/wp-json\/wp\/v2\/types\/page"}],"author":[{"embeddable":true,"href":"https:\/\/flytorelocation.com\/cz-cz\/wp-json\/wp\/v2\/users\/1"}],"replies":[{"embeddable":true,"href":"https:\/\/flytorelocation.com\/cz-cz\/wp-json\/wp\/v2\/comments?post=2"}],"version-history":[{"count":2,"href":"https:\/\/flytorelocation.com\/cz-cz\/wp-json\/wp\/v2\/pages\/2\/revisions"}],"predecessor-version":[{"id":1345,"href":"https:\/\/flytorelocation.com\/cz-cz\/wp-json\/wp\/v2\/pages\/2\/revisions\/1345"}],"wp:attachment":[{"href":"https:\/\/flytorelocation.com\/cz-cz\/wp-json\/wp\/v2\/media?parent=2"}],"curies":[{"name":"wp","href":"https:\/\/api.w.org\/{rel}","templated":true}]}}