{"id":9,"date":"2025-10-22T20:37:33","date_gmt":"2025-10-22T17:37:33","guid":{"rendered":"https:\/\/flytorelocation.com\/ch-ch\/fi\/?page_id=9"},"modified":"2026-01-16T23:10:15","modified_gmt":"2026-01-16T21:10:15","slug":"relocation-services","status":"publish","type":"page","link":"https:\/\/flytorelocation.com\/ch-ch\/relocation-services\/","title":{"rendered":"Relocation services"},"content":{"rendered":"<p>[et_pb_section fb_built=&#8221;1&#8243; custom_padding_last_edited=&#8221;on|tablet&#8221; admin_label=&#8221;About&#8221; _builder_version=&#8221;4.27.4&#8243; _module_preset=&#8221;default&#8221; custom_padding=&#8221;||0px|||&#8221; custom_padding_tablet=&#8221;0px||0px||true|false&#8221; custom_padding_phone=&#8221;0px||0px||true|false&#8221; collapsed=&#8221;on&#8221; global_colors_info=&#8221;{}&#8221;][et_pb_row _builder_version=&#8221;4.27.4&#8243; _module_preset=&#8221;default&#8221; locked=&#8221;off&#8221; global_colors_info=&#8221;{}&#8221;][et_pb_column type=&#8221;4_4&#8243; _builder_version=&#8221;4.22.0&#8243; _module_preset=&#8221;default&#8221; global_colors_info=&#8221;{}&#8221;][et_pb_heading title=&#8221;Verlegung Dienstleistungen&#8221; _builder_version=&#8221;4.27.4&#8243; _module_preset=&#8221;_initial&#8221; title_level=&#8221;h2&#8243; title_font=&#8221;Flyto oma||||||||&#8221; title_text_color=&#8221;#CD207D&#8221; title_font_size=&#8221;49px&#8221; min_height=&#8221;68.2px&#8221; custom_margin=&#8221;||||false|false&#8221; custom_margin_tablet=&#8221;0px||0px||true|false&#8221; custom_margin_phone=&#8221;0px||||false|false&#8221; custom_margin_last_edited=&#8221;on|phone&#8221; custom_padding=&#8221;||||false|false&#8221; custom_padding_tablet=&#8221;||||false|false&#8221; custom_padding_phone=&#8221;0px||||false|false&#8221; custom_padding_last_edited=&#8221;on|phone&#8221; title_font_size_tablet=&#8221;49px&#8221; title_font_size_phone=&#8221;38px&#8221; title_font_size_last_edited=&#8221;on|phone&#8221; locked=&#8221;off&#8221; global_colors_info=&#8221;{}&#8221;][\/et_pb_heading][\/et_pb_column][\/et_pb_row][\/et_pb_section][et_pb_section fb_built=&#8221;1&#8243; custom_padding_last_edited=&#8221;on|phone&#8221; admin_label=&#8221;Services&#8221; _builder_version=&#8221;4.27.4&#8243; _module_preset=&#8221;default&#8221; custom_padding=&#8221;0px||||false|false&#8221; custom_padding_tablet=&#8221;0px||0px||true|false&#8221; custom_padding_phone=&#8221;0px||0px||false|false&#8221; collapsed=&#8221;on&#8221; global_colors_info=&#8221;{}&#8221;][et_pb_row column_structure=&#8221;1_4,1_4,1_2&#8243; _builder_version=&#8221;4.27.4&#8243; _module_preset=&#8221;default&#8221; global_colors_info=&#8221;{}&#8221;][et_pb_column type=&#8221;1_4&#8243; _builder_version=&#8221;4.27.4&#8243; _module_preset=&#8221;default&#8221; global_colors_info=&#8221;{}&#8221;][et_pb_text _builder_version=&#8221;4.27.4&#8243; _module_preset=&#8221;_initial&#8221; text_font=&#8221;Montserrat||||||||&#8221; text_text_color=&#8221;#000000&#8243; header_2_font=&#8221;Flyto oma|600|||||||&#8221; header_2_text_align=&#8221;left&#8221; header_2_text_color=&#8221;#000000&#8243; header_2_font_size=&#8221;22px&#8221; header_2_line_height=&#8221;1.2em&#8221; header_3_font_size=&#8221;30px&#8221; locked=&#8221;off&#8221; global_colors_info=&#8221;{}&#8221;]<\/p>\n<h2>Umfassende Umzugsdienstleistungen f\u00fcr einen reibungslosen Start<\/h2>\n<p>[\/et_pb_text][et_pb_button button_url=&#8221;@ET-DC@eyJkeW5hbWljIjp0cnVlLCJjb250ZW50IjoicG9zdF9saW5rX3VybF9wYWdlIiwic2V0dGluZ3MiOnsicG9zdF9pZCI6IjczNSJ9fQ==@&#8221; button_text=&#8221;Chatten Sie mit einem Experten&#8221; _builder_version=&#8221;4.27.4&#8243; _dynamic_attributes=&#8221;button_url&#8221; _module_preset=&#8221;_initial&#8221; custom_button=&#8221;on&#8221; button_text_size=&#8221;11px&#8221; button_text_color=&#8221;#CD207D&#8221; button_bg_color=&#8221;#FFFFFF&#8221; button_border_color=&#8221;#CD207D&#8221; button_border_radius=&#8221;100px&#8221; button_font=&#8221;Outfit|600|||||||&#8221; button_use_icon=&#8221;off&#8221; custom_margin=&#8221;-10px||||false|false&#8221; custom_padding=&#8221;10px|26px|10px|26px|true|true&#8221; hover_enabled=&#8221;0&#8243; global_colors_info=&#8221;{%22gcid-f1e65d51-fa2f-4bf0-b2c1-8eab7001e8fd%22:%91%22button_text_color%22%93}&#8221; sticky_enabled=&#8221;0&#8243;][\/et_pb_button][\/et_pb_column][et_pb_column type=&#8221;1_4&#8243; _builder_version=&#8221;4.27.4&#8243; _module_preset=&#8221;default&#8221; global_colors_info=&#8221;{}&#8221;][et_pb_text _builder_version=&#8221;4.27.4&#8243; _module_preset=&#8221;_initial&#8221; text_font=&#8221;Montserrat|600|||||||&#8221; text_font_size=&#8221;13px&#8221; custom_margin=&#8221;||||false|false&#8221; global_colors_info=&#8221;{}&#8221;]<\/p>\n<p>Ein Umzug ins Ausland ist mehr als nur der Transport Ihres Hausrats \u2013 es geht darum, sich ein neues Leben an einem neuen Ort aufzubauen.<\/p>\n<p>Flyto bietet Ihnen ein umfassendes Angebot an zus\u00e4tzlichen Umzugsdienstleistungen, die Ihren \u00dcbergang einfach, sicher und stressfrei gestalten.<\/p>\n<p>Ob Sie allein, mit Ihrer Familie oder im Auftrag Ihres Unternehmens umziehen \u2013 unser Team sorgt daf\u00fcr, dass jeder Schritt Ihres Umzugs pr\u00e4zise und sorgf\u00e4ltig abgewickelt wird.<\/p>\n<p>[\/et_pb_text][\/et_pb_column][et_pb_column type=&#8221;1_2&#8243; _builder_version=&#8221;4.27.4&#8243; _module_preset=&#8221;default&#8221; global_colors_info=&#8221;{}&#8221;][et_pb_image src=&#8221;https:\/\/flyto-wp-uploads.s3.eu-north-1.amazonaws.com\/wp-content\/uploads\/sites\/90\/2025\/10\/03182819\/FLYTO_muutto_kuvaaja-Nuuti-PAananen-6_1_11zon-scaled-1.jpg&#8221; title_text=&#8221;FLYTO_muutto_kuvaaja Nuuti PAananen (6)_1_11zon&#8221; _builder_version=&#8221;4.27.4&#8243; _module_preset=&#8221;default&#8221; border_radii=&#8221;on|20px|20px|20px|20px&#8221; global_colors_info=&#8221;{}&#8221;][\/et_pb_image][\/et_pb_column][\/et_pb_row][\/et_pb_section][et_pb_section fb_built=&#8221;1&#8243; _builder_version=&#8221;4.27.4&#8243; _module_preset=&#8221;default&#8221; background_color=&#8221;#fafafa&#8221; global_colors_info=&#8221;{}&#8221;][et_pb_row _builder_version=&#8221;4.27.4&#8243; _module_preset=&#8221;default&#8221; global_colors_info=&#8221;{}&#8221;][et_pb_column type=&#8221;4_4&#8243; _builder_version=&#8221;4.27.4&#8243; _module_preset=&#8221;default&#8221; global_colors_info=&#8221;{}&#8221;][et_pb_accordion open_toggle_background_color=&#8221;RGBA(255,255,255,0)&#8221; closed_toggle_text_color=&#8221;#000000&#8243; closed_toggle_background_color=&#8221;RGBA(255,255,255,0)&#8221; icon_color=&#8221;#CD207D&#8221; _builder_version=&#8221;4.27.4&#8243; _module_preset=&#8221;default&#8221; toggle_font=&#8221;Poppins|600|||||||&#8221; toggle_font_size=&#8221;15px&#8221; body_font=&#8221;Montserrat||||||||&#8221; body_line_height=&#8221;1.8em&#8221; hover_enabled=&#8221;0&#8243; border_radii=&#8221;on|5px|5px|5px|5px&#8221; border_color_all=&#8221;#CD207D&#8221; global_colors_info=&#8221;{%22gcid-primary-color%22:%91%22body_quote_text_color%22,%22quote_text_color%22,%22body_quote_text_color%22,%22quote_text_color%22%93,%22gcid-secondary-color%22:%91%22icon_color%22%93,%22gcid-heading-color%22:%91%22toggle_text_color%22,%22toggle_text_color%22%93}&#8221; sticky_enabled=&#8221;0&#8243;][et_pb_accordion_item title=&#8221;\ud83c\udfe0 Hilfe bei der Haussuche&#8221; open=&#8221;on&#8221; _builder_version=&#8221;4.27.4&#8243; _module_preset=&#8221;default&#8221; global_colors_info=&#8221;{}&#8221;]<\/p>\n<p>Ein neues Zuhause im Ausland zu finden, kann eine Herausforderung sein \u2013 mit Flyto wird es kinderleicht. Unsere Umzugsexperten helfen Ihnen, die besten Viertel zu entdecken, Besichtigungen zu vereinbaren und begleiten Sie durch den gesamten Miet- oder Kaufprozess. Wir passen jede Suche individuell an Ihren Lebensstil, Ihren Arbeitsweg und Ihr Budget an, damit Sie sich in Ihrem neuen Zuhause vom ersten Tag an wohlf\u00fchlen.<\/p>\n<p>Inklusive:<\/p>\n<p>&#8211; Beratung zu Gegend und Viertel<\/p>\n<p>&#8211; Immobiliensuche und Besichtigungen<\/p>\n<p>&#8211; Unterst\u00fctzung bei Mietvertragsverhandlung und -dokumentation<\/p>\n<p>&#8211; Einzugsmanagement<\/p>\n<p>[\/et_pb_accordion_item][et_pb_accordion_item title=&#8221;\ud83d\udecb\ufe0f M\u00f6belmontage &#038; Einrichtung&#8221; _builder_version=&#8221;4.27.4&#8243; _module_preset=&#8221;default&#8221; global_colors_info=&#8221;{}&#8221; open=&#8221;off&#8221;]<\/p>\n<p>Wir sorgen daf\u00fcr, dass Ihr neues Zuhause bezugsfertig ist \u2013 bis ins kleinste Detail. Unser Team k\u00fcmmert sich um die M\u00f6belmontage, die Installation und die Einrichtung aller wichtigen Haushaltsger\u00e4te, damit Sie sich ganz aufs Einleben konzentrieren k\u00f6nnen.<\/p>\n<p>Von der Organisation der Lieferungen bis zur Koordination der Installationen \u2013 wir sorgen daf\u00fcr, dass Sie sich in Ihrem neuen Zuhause direkt nach dem Einzug wohlf\u00fchlen.<\/p>\n<p>Inklusive:<\/p>\n<p>&#8211; M\u00f6bellieferung und -montage<\/p>\n<p>&#8211; Installation und Einrichtung<\/p>\n<p>&#8211; Reinigung und Endmontage<\/p>\n<p>&#8211; Koordination der Dienstleister<\/p>\n<p>[\/et_pb_accordion_item][et_pb_accordion_item title=&#8221;\ud83d\ude97 Fahrzeugtransportdienst&#8221; _builder_version=&#8221;4.27.4&#8243; _module_preset=&#8221;default&#8221; global_colors_info=&#8221;{}&#8221; open=&#8221;off&#8221;]<\/p>\n<p>Sie m\u00f6chten Ihr Auto, Motorrad oder ein anderes Fahrzeug mitnehmen? Flyto bietet sicheren, zuverl\u00e4ssigen und vollversicherten Fahrzeugtransport \u00fcber Grenzen hinweg. Unsere Experten k\u00fcmmern sich um Zollabfertigung, Logistik und Liefertermine \u2013 damit Ihr Fahrzeug sicher und p\u00fcnktlich ankommt.<\/p>\n<p>Inklusive:<\/p>\n<p>&#8211; Internationaler Fahrzeugtransport und Logistik<\/p>\n<p>&#8211; Abholung und Lieferung direkt zu Ihnen nach Hause<\/p>\n<p>&#8211; Unterst\u00fctzung bei Zoll und Zulassung<\/p>\n<p>&#8211; Vollkaskoversicherung<\/p>\n<p>[\/et_pb_accordion_item][et_pb_accordion_item title=&#8221;\ud83c\udfe2 Safe Storage Solutions&#8221; _builder_version=&#8221;4.27.4&#8243; _module_preset=&#8221;default&#8221; global_colors_info=&#8221;{}&#8221; open=&#8221;off&#8221;]<\/p>\n<p data-start=\"3051\" data-end=\"3342\">If you need temporary or long-term storage during your relocation, Flyto offers secure, climate-controlled facilities.<br data-start=\"3169\" data-end=\"3172\" \/>Our storage services are monitored by advanced camera systems and include detailed inventory documentation \u2014 giving you complete peace of mind while you\u2019re in transition.<\/p>\n<p data-start=\"3344\" data-end=\"3359\"><strong data-start=\"3344\" data-end=\"3357\">Includes:<\/strong><\/p>\n<ul data-start=\"3360\" data-end=\"3531\">\n<li data-start=\"3360\" data-end=\"3401\">\n<p data-start=\"3362\" data-end=\"3401\">Secure and climate-controlled storage<\/p>\n<\/li>\n<li data-start=\"3402\" data-end=\"3438\">\n<p data-start=\"3404\" data-end=\"3438\">24\/7 monitoring and surveillance<\/p>\n<\/li>\n<li data-start=\"3439\" data-end=\"3479\">\n<p data-start=\"3441\" data-end=\"3479\">Flexible short- or long-term options<\/p>\n<\/li>\n<li data-start=\"3480\" data-end=\"3531\">\n<p data-start=\"3482\" data-end=\"3531\">Full item documentation and access upon request<\/p>\n<\/li>\n<\/ul>\n<p>[\/et_pb_accordion_item][et_pb_accordion_item title=&#8221;\ud83e\udd1d Settling-In &#038; Local Support&#8221; _builder_version=&#8221;4.27.4&#8243; _module_preset=&#8221;default&#8221; global_colors_info=&#8221;{}&#8221; open=&#8221;off&#8221;]<\/p>\n<p data-start=\"3577\" data-end=\"3910\">Moving abroad is more than logistics \u2014 it\u2019s about adapting to a new lifestyle.<br data-start=\"3655\" data-end=\"3658\" \/>Our <em data-start=\"3662\" data-end=\"3693\">Settling-In and Local Support<\/em> services help you and your family feel at home quickly.<br data-start=\"3749\" data-end=\"3752\" \/>From local registrations and transportation cards to cultural insights and everyday guidance, we make sure your first weeks abroad are smooth and stress-free.<\/p>\n<p data-start=\"3912\" data-end=\"3927\"><strong data-start=\"3912\" data-end=\"3925\">Includes:<\/strong><\/p>\n<ul data-start=\"3928\" data-end=\"4133\">\n<li data-start=\"3928\" data-end=\"3971\">\n<p data-start=\"3930\" data-end=\"3971\">City orientation and practical guidance<\/p>\n<\/li>\n<li data-start=\"3972\" data-end=\"4017\">\n<p data-start=\"3974\" data-end=\"4017\">Local registration and documentation help<\/p>\n<\/li>\n<li data-start=\"4018\" data-end=\"4081\">\n<p data-start=\"4020\" data-end=\"4081\">Introduction to healthcare, transport, and daily essentials<\/p>\n<\/li>\n<li data-start=\"4082\" data-end=\"4133\">\n<p data-start=\"4084\" data-end=\"4133\">Ongoing personal support from our local experts<\/p>\n<\/li>\n<\/ul>\n<p>[\/et_pb_accordion_item][\/et_pb_accordion][et_pb_button button_url=&#8221;@ET-DC@eyJkeW5hbWljIjp0cnVlLCJjb250ZW50IjoicG9zdF9saW5rX3VybF9wYWdlIiwic2V0dGluZ3MiOnsicG9zdF9pZCI6IjczNSJ9fQ==@&#8221; button_text=&#8221;Vereinbaren Sie einen kostenlosen Beratungstermin&#8221; _builder_version=&#8221;4.27.4&#8243; _dynamic_attributes=&#8221;button_url&#8221; _module_preset=&#8221;_initial&#8221; custom_button=&#8221;on&#8221; button_text_size=&#8221;16px&#8221; button_text_color=&#8221;#CD207D&#8221; button_border_color=&#8221;#CD207D&#8221; button_border_radius=&#8221;100px&#8221; button_font=&#8221;Outfit|600|||||||&#8221; button_use_icon=&#8221;off&#8221; custom_margin=&#8221;-2px||||false|false&#8221; custom_padding=&#8221;10px|26px|10px|26px|true|true&#8221; hover_enabled=&#8221;0&#8243; global_colors_info=&#8221;{%22gcid-f1e65d51-fa2f-4bf0-b2c1-8eab7001e8fd%22:%91%22button_text_color%22%93}&#8221; sticky_enabled=&#8221;0&#8243;][\/et_pb_button][\/et_pb_column][\/et_pb_row][\/et_pb_section]<\/p>\n","protected":false},"excerpt":{"rendered":"<p>Umfassende Umzugsdienstleistungen f\u00fcr einen reibungslosen StartEin Umzug ins Ausland ist mehr als nur der Transport Ihres Hausrats \u2013 es geht darum, sich ein neues Leben an einem neuen Ort aufzubauen. Flyto bietet Ihnen ein umfassendes Angebot an zus\u00e4tzlichen Umzugsdienstleistungen, die Ihren \u00dcbergang einfach, sicher und stressfrei gestalten. Ob Sie allein, mit Ihrer Familie oder im [&hellip;]<\/p>\n","protected":false},"author":1,"featured_media":0,"parent":0,"menu_order":0,"comment_status":"closed","ping_status":"closed","template":"","meta":{"_et_pb_use_builder":"on","_et_pb_old_content":"","_et_gb_content_width":"","footnotes":""},"class_list":["post-9","page","type-page","status-publish","hentry"],"yoast_head":"<!-- This site is optimized with the Yoast SEO plugin v26.3 - https:\/\/yoast.com\/wordpress\/plugins\/seo\/ -->\n<title>Relocation services - Flyto Relocation Switzerland (Ch)<\/title>\n<meta name=\"robots\" content=\"index, follow, max-snippet:-1, max-image-preview:large, max-video-preview:-1\" \/>\n<link rel=\"canonical\" href=\"https:\/\/flytorelocation.com\/ch-ch\/relocation-services\/\" \/>\n<meta property=\"og:locale\" content=\"fi_FI\" \/>\n<meta property=\"og:type\" content=\"article\" \/>\n<meta property=\"og:title\" content=\"Relocation services - Flyto Relocation Switzerland (Ch)\" \/>\n<meta property=\"og:description\" content=\"Umfassende Umzugsdienstleistungen f\u00fcr einen reibungslosen StartEin Umzug ins Ausland ist mehr als nur der Transport Ihres Hausrats \u2013 es geht darum, sich ein neues Leben an einem neuen Ort aufzubauen. Flyto bietet Ihnen ein umfassendes Angebot an zus\u00e4tzlichen Umzugsdienstleistungen, die Ihren \u00dcbergang einfach, sicher und stressfrei gestalten. Ob Sie allein, mit Ihrer Familie oder im [&hellip;]\" \/>\n<meta property=\"og:url\" content=\"https:\/\/flytorelocation.com\/ch-ch\/relocation-services\/\" \/>\n<meta property=\"og:site_name\" content=\"Flyto Relocation Switzerland (Ch)\" \/>\n<meta property=\"article:modified_time\" content=\"2026-01-16T21:10:15+00:00\" \/>\n<meta name=\"twitter:card\" content=\"summary_large_image\" \/>\n<meta name=\"twitter:label1\" content=\"Arvioitu lukuaika\" \/>\n\t<meta name=\"twitter:data1\" content=\"7 minuuttia\" \/>\n<script type=\"application\/ld+json\" class=\"yoast-schema-graph\">{\"@context\":\"https:\/\/schema.org\",\"@graph\":[{\"@type\":\"WebPage\",\"@id\":\"https:\/\/flytorelocation.com\/ch-ch\/relocation-services\/\",\"url\":\"https:\/\/flytorelocation.com\/ch-ch\/relocation-services\/\",\"name\":\"Relocation services - Flyto Relocation Switzerland (Ch)\",\"isPartOf\":{\"@id\":\"https:\/\/flytorelocation.com\/ch-ch\/#website\"},\"datePublished\":\"2025-10-22T17:37:33+00:00\",\"dateModified\":\"2026-01-16T21:10:15+00:00\",\"breadcrumb\":{\"@id\":\"https:\/\/flytorelocation.com\/ch-ch\/relocation-services\/#breadcrumb\"},\"inLanguage\":\"fi\",\"potentialAction\":[{\"@type\":\"ReadAction\",\"target\":[\"https:\/\/flytorelocation.com\/ch-ch\/relocation-services\/\"]}]},{\"@type\":\"BreadcrumbList\",\"@id\":\"https:\/\/flytorelocation.com\/ch-ch\/relocation-services\/#breadcrumb\",\"itemListElement\":[{\"@type\":\"ListItem\",\"position\":1,\"name\":\"Home\",\"item\":\"https:\/\/flytorelocation.com\/ch-ch\/\"},{\"@type\":\"ListItem\",\"position\":2,\"name\":\"Relocation services\"}]},{\"@type\":\"WebSite\",\"@id\":\"https:\/\/flytorelocation.com\/ch-ch\/#website\",\"url\":\"https:\/\/flytorelocation.com\/ch-ch\/\",\"name\":\"Flyto Relocation Switzerland (Ch)\",\"description\":\"\",\"publisher\":{\"@id\":\"https:\/\/flytorelocation.com\/ch-ch\/#organization\"},\"potentialAction\":[{\"@type\":\"SearchAction\",\"target\":{\"@type\":\"EntryPoint\",\"urlTemplate\":\"https:\/\/flytorelocation.com\/ch-ch\/?s={search_term_string}\"},\"query-input\":{\"@type\":\"PropertyValueSpecification\",\"valueRequired\":true,\"valueName\":\"search_term_string\"}}],\"inLanguage\":\"fi\"},{\"@type\":\"Organization\",\"@id\":\"https:\/\/flytorelocation.com\/ch-ch\/#organization\",\"name\":\"Flyto Relocation Switzerland (Ch)\",\"url\":\"https:\/\/flytorelocation.com\/ch-ch\/\",\"logo\":{\"@type\":\"ImageObject\",\"inLanguage\":\"fi\",\"@id\":\"https:\/\/flytorelocation.com\/ch-ch\/#\/schema\/logo\/image\/\",\"url\":\"https:\/\/flyto-wp-uploads.s3.eu-north-1.amazonaws.com\/wp-content\/uploads\/sites\/90\/2025\/10\/13130143\/Flyto-col.png\",\"contentUrl\":\"https:\/\/flyto-wp-uploads.s3.eu-north-1.amazonaws.com\/wp-content\/uploads\/sites\/90\/2025\/10\/13130143\/Flyto-col.png\",\"width\":618,\"height\":337,\"caption\":\"Flyto Relocation Switzerland (Ch)\"},\"image\":{\"@id\":\"https:\/\/flytorelocation.com\/ch-ch\/#\/schema\/logo\/image\/\"}}]}<\/script>\n<!-- \/ Yoast SEO plugin. -->","yoast_head_json":{"title":"Relocation services - Flyto Relocation Switzerland (Ch)","robots":{"index":"index","follow":"follow","max-snippet":"max-snippet:-1","max-image-preview":"max-image-preview:large","max-video-preview":"max-video-preview:-1"},"canonical":"https:\/\/flytorelocation.com\/ch-ch\/relocation-services\/","og_locale":"fi_FI","og_type":"article","og_title":"Relocation services - Flyto Relocation Switzerland (Ch)","og_description":"Umfassende Umzugsdienstleistungen f\u00fcr einen reibungslosen StartEin Umzug ins Ausland ist mehr als nur der Transport Ihres Hausrats \u2013 es geht darum, sich ein neues Leben an einem neuen Ort aufzubauen. Flyto bietet Ihnen ein umfassendes Angebot an zus\u00e4tzlichen Umzugsdienstleistungen, die Ihren \u00dcbergang einfach, sicher und stressfrei gestalten. Ob Sie allein, mit Ihrer Familie oder im [&hellip;]","og_url":"https:\/\/flytorelocation.com\/ch-ch\/relocation-services\/","og_site_name":"Flyto Relocation Switzerland (Ch)","article_modified_time":"2026-01-16T21:10:15+00:00","twitter_card":"summary_large_image","twitter_misc":{"Arvioitu lukuaika":"7 minuuttia"},"schema":{"@context":"https:\/\/schema.org","@graph":[{"@type":"WebPage","@id":"https:\/\/flytorelocation.com\/ch-ch\/relocation-services\/","url":"https:\/\/flytorelocation.com\/ch-ch\/relocation-services\/","name":"Relocation services - Flyto Relocation Switzerland (Ch)","isPartOf":{"@id":"https:\/\/flytorelocation.com\/ch-ch\/#website"},"datePublished":"2025-10-22T17:37:33+00:00","dateModified":"2026-01-16T21:10:15+00:00","breadcrumb":{"@id":"https:\/\/flytorelocation.com\/ch-ch\/relocation-services\/#breadcrumb"},"inLanguage":"fi","potentialAction":[{"@type":"ReadAction","target":["https:\/\/flytorelocation.com\/ch-ch\/relocation-services\/"]}]},{"@type":"BreadcrumbList","@id":"https:\/\/flytorelocation.com\/ch-ch\/relocation-services\/#breadcrumb","itemListElement":[{"@type":"ListItem","position":1,"name":"Home","item":"https:\/\/flytorelocation.com\/ch-ch\/"},{"@type":"ListItem","position":2,"name":"Relocation services"}]},{"@type":"WebSite","@id":"https:\/\/flytorelocation.com\/ch-ch\/#website","url":"https:\/\/flytorelocation.com\/ch-ch\/","name":"Flyto Relocation Switzerland (Ch)","description":"","publisher":{"@id":"https:\/\/flytorelocation.com\/ch-ch\/#organization"},"potentialAction":[{"@type":"SearchAction","target":{"@type":"EntryPoint","urlTemplate":"https:\/\/flytorelocation.com\/ch-ch\/?s={search_term_string}"},"query-input":{"@type":"PropertyValueSpecification","valueRequired":true,"valueName":"search_term_string"}}],"inLanguage":"fi"},{"@type":"Organization","@id":"https:\/\/flytorelocation.com\/ch-ch\/#organization","name":"Flyto Relocation Switzerland (Ch)","url":"https:\/\/flytorelocation.com\/ch-ch\/","logo":{"@type":"ImageObject","inLanguage":"fi","@id":"https:\/\/flytorelocation.com\/ch-ch\/#\/schema\/logo\/image\/","url":"https:\/\/flyto-wp-uploads.s3.eu-north-1.amazonaws.com\/wp-content\/uploads\/sites\/90\/2025\/10\/13130143\/Flyto-col.png","contentUrl":"https:\/\/flyto-wp-uploads.s3.eu-north-1.amazonaws.com\/wp-content\/uploads\/sites\/90\/2025\/10\/13130143\/Flyto-col.png","width":618,"height":337,"caption":"Flyto Relocation Switzerland (Ch)"},"image":{"@id":"https:\/\/flytorelocation.com\/ch-ch\/#\/schema\/logo\/image\/"}}]}},"acf":[],"_links":{"self":[{"href":"https:\/\/flytorelocation.com\/ch-ch\/wp-json\/wp\/v2\/pages\/9","targetHints":{"allow":["GET"]}}],"collection":[{"href":"https:\/\/flytorelocation.com\/ch-ch\/wp-json\/wp\/v2\/pages"}],"about":[{"href":"https:\/\/flytorelocation.com\/ch-ch\/wp-json\/wp\/v2\/types\/page"}],"author":[{"embeddable":true,"href":"https:\/\/flytorelocation.com\/ch-ch\/wp-json\/wp\/v2\/users\/1"}],"replies":[{"embeddable":true,"href":"https:\/\/flytorelocation.com\/ch-ch\/wp-json\/wp\/v2\/comments?post=9"}],"version-history":[{"count":4,"href":"https:\/\/flytorelocation.com\/ch-ch\/wp-json\/wp\/v2\/pages\/9\/revisions"}],"predecessor-version":[{"id":1345,"href":"https:\/\/flytorelocation.com\/ch-ch\/wp-json\/wp\/v2\/pages\/9\/revisions\/1345"}],"wp:attachment":[{"href":"https:\/\/flytorelocation.com\/ch-ch\/wp-json\/wp\/v2\/media?parent=9"}],"curies":[{"name":"wp","href":"https:\/\/api.w.org\/{rel}","templated":true}]}}