{"id":726,"date":"2025-10-17T19:02:33","date_gmt":"2025-10-17T16:02:33","guid":{"rendered":"https:\/\/flytorelocation.com\/ch-ch\/fi\/?page_id=80"},"modified":"2026-01-16T23:12:09","modified_gmt":"2026-01-16T21:12:09","slug":"network","status":"publish","type":"page","link":"https:\/\/flytorelocation.com\/ch-ch\/network\/","title":{"rendered":"Network"},"content":{"rendered":"<p>[et_pb_section fb_built=&#8221;1&#8243; custom_padding_last_edited=&#8221;on|phone&#8221; admin_label=&#8221;Header&#8221; _builder_version=&#8221;4.27.4&#8243; _module_preset=&#8221;default&#8221; background_enable_image=&#8221;off&#8221; custom_padding=&#8221;13px||13px||true|false&#8221; custom_padding_tablet=&#8221;80px||80px||true|false&#8221; custom_padding_phone=&#8221;60px||60px||true|false&#8221; border_radii=&#8221;off|||3vw|3vw&#8221; collapsed=&#8221;on&#8221; global_colors_info=&#8221;{}&#8221;][et_pb_row _builder_version=&#8221;4.27.4&#8243; _module_preset=&#8221;default&#8221; global_colors_info=&#8221;{}&#8221;][et_pb_column type=&#8221;4_4&#8243; _builder_version=&#8221;4.22.0&#8243; _module_preset=&#8221;default&#8221; global_colors_info=&#8221;{}&#8221;][et_pb_heading title=&#8221;Finden Sie Ihr lokales B\u00fcro&#8221; _builder_version=&#8221;4.27.4&#8243; _module_preset=&#8221;_initial&#8221; title_font=&#8221;Flyto oma||||||||&#8221; title_text_color=&#8221;#CD207D&#8221; title_font_size=&#8221;62px&#8221; custom_margin=&#8221;||10px||false|false&#8221; custom_margin_tablet=&#8221;||10px||false|false&#8221; custom_margin_phone=&#8221;||10px||false|false&#8221; custom_margin_last_edited=&#8221;on|phone&#8221; custom_padding_tablet=&#8221;&#8221; custom_padding_phone=&#8221;0px||||false|false&#8221; custom_padding_last_edited=&#8221;on|phone&#8221; title_font_size_tablet=&#8221;40px&#8221; title_font_size_phone=&#8221;30px&#8221; title_font_size_last_edited=&#8221;on|phone&#8221; locked=&#8221;off&#8221; global_colors_info=&#8221;{}&#8221;][\/et_pb_heading][et_pb_text _builder_version=&#8221;4.27.4&#8243; _module_preset=&#8221;_initial&#8221; text_font=&#8221;Montserrat||||||||&#8221; text_line_height=&#8221;1.6em&#8221; width=&#8221;100%&#8221; min_height=&#8221;79.2px&#8221; custom_margin=&#8221;||||false|false&#8221; custom_padding=&#8221;||||false|false&#8221; custom_padding_tablet=&#8221;||||false|false&#8221; custom_padding_phone=&#8221;||||false|false&#8221; custom_padding_last_edited=&#8221;on|phone&#8221; global_colors_info=&#8221;{}&#8221;]<\/p>\n<p>Egal wohin Sie umziehen \u2013 nach Norden, S\u00fcden, Osten oder Westen \u2013 Flyto sorgt f\u00fcr einen reibungslosen, sicheren und professionell organisierten Umzug. Unser Netzwerk umfasst <strong>19 europ\u00e4ische L\u00e4nder<\/strong>. Lokale Niederlassungen garantieren erstklassige Umzugsdienstleistungen auf dem gesamten Kontinent.<\/p>\n<p>[\/et_pb_text][\/et_pb_column][\/et_pb_row][\/et_pb_section][et_pb_section fb_built=&#8221;1&#8243; _builder_version=&#8221;4.27.4&#8243; _module_preset=&#8221;default&#8221; background_color=&#8221;#fafafa&#8221; global_colors_info=&#8221;{}&#8221;][et_pb_row column_structure=&#8221;1_4,1_4,1_4,1_4&#8243; _builder_version=&#8221;4.27.0&#8243; _module_preset=&#8221;default&#8221; custom_margin=&#8221;|auto|33px|auto||&#8221; global_colors_info=&#8221;{}&#8221;][et_pb_column type=&#8221;1_4&#8243; _builder_version=&#8221;4.22.0&#8243; _module_preset=&#8221;default&#8221; global_colors_info=&#8221;{}&#8221;][et_pb_heading title=&#8221;Lokale Expertise, globale Standards&#8221; _builder_version=&#8221;4.27.4&#8243; _module_preset=&#8221;_initial&#8221; title_font=&#8221;Flyto oma||||||||&#8221; title_text_color=&#8221;#CD207D&#8221; title_line_height=&#8221;1.2em&#8221; custom_margin=&#8221;||10px||false|false&#8221; locked=&#8221;off&#8221; global_colors_info=&#8221;{}&#8221;][\/et_pb_heading][et_pb_text _builder_version=&#8221;4.27.4&#8243; _module_preset=&#8221;_initial&#8221; text_font=&#8221;Montserrat||||||||&#8221; header_5_font=&#8221;Poppins||||||||&#8221; global_colors_info=&#8221;{}&#8221;]<\/p>\n<h5 data-start=\"524\" data-end=\"544\"><strong data-start=\"528\" data-end=\"544\">Nordeuropa<\/strong><\/h5>\n<p data-start=\"546\" data-end=\"962\">\ud83c\uddeb\ud83c\uddee <strong data-start=\"551\" data-end=\"562\">Finland<\/strong> \u2013 Unser Hauptsitz und unsere Heimatbasis bieten umfassende internationale Umz\u00fcge mit nordischer Pr\u00e4zision.<br data-start=\"667\" data-end=\"670\" \/>\ud83c\uddf8\ud83c\uddea <strong data-start=\"675\" data-end=\"685\">Sweden<\/strong> \u2013 Kompetente Unterst\u00fctzung bei Umz\u00fcgen innerhalb des dynamischen skandinavischen Marktes, sowohl bei Zu- als auch bei Abwanderungen.<br data-start=\"770\" data-end=\"773\" \/>\ud83c\uddf3\ud83c\uddf4 <strong data-start=\"778\" data-end=\"788\">Norway<\/strong> \u2013 Sichere und zuverl\u00e4ssige Logistik auch in anspruchsvollem Gel\u00e4nde und \u00fcber gro\u00dfe Entfernungen.<br data-start=\"867\" data-end=\"870\" \/>\ud83c\udde9\ud83c\uddf0 <strong data-start=\"875\" data-end=\"886\">Denmark<\/strong> \u2013 Effiziente und nachhaltige Umzugsl\u00f6sungen in ganz D\u00e4nemark.<\/p>\n<p>[\/et_pb_text][\/et_pb_column][et_pb_column type=&#8221;1_4&#8243; _builder_version=&#8221;4.27.4&#8243; _module_preset=&#8221;default&#8221; global_colors_info=&#8221;{}&#8221;][et_pb_text _builder_version=&#8221;4.27.4&#8243; _module_preset=&#8221;_initial&#8221; text_font=&#8221;Montserrat||||||||&#8221; header_5_font=&#8221;Poppins||||||||&#8221; global_colors_info=&#8221;{}&#8221;]<\/p>\n<h5 data-start=\"969\" data-end=\"991\"><strong data-start=\"973\" data-end=\"991\">Mitteleuropa<\/strong><\/h5>\n<p data-start=\"993\" data-end=\"1616\">\ud83c\udde9\ud83c\uddea <strong data-start=\"998\" data-end=\"1009\">Germany<\/strong> \u2013 Ein wichtiger Flyto-Hub, der Nord- und S\u00fcdeuropa mit nahtlosem Betrieb verbindet.<br data-start=\"1093\" data-end=\"1096\" \/>\ud83c\uddf3\ud83c\uddf1 <strong data-start=\"1101\" data-end=\"1116\">Netherlands<\/strong> \u2013 Schnelle und gut organisierte Umzugsdienstleistungen in einem der verkehrsreichsten Knotenpunkte Europas.<br data-start=\"1202\" data-end=\"1205\" \/>\ud83c\udde7\ud83c\uddea <strong data-start=\"1210\" data-end=\"1221\">Belgium<\/strong> \u2013 Lokale Expertise f\u00fcr Familien, Fachkr\u00e4fte und Diplomaten, die \u00fcber Grenzen hinweg reisen.<br data-start=\"1305\" data-end=\"1308\" \/>\ud83c\uddf1\ud83c\uddfa <strong data-start=\"1313\" data-end=\"1327\">Luxembourg<\/strong> \u2013 Ma\u00dfgeschneiderte Dienstleistungen f\u00fcr Expats und Firmenumz\u00fcge im Finanzzentrum Europas.<br data-start=\"1413\" data-end=\"1416\" \/>\ud83c\udde8\ud83c\udded <strong data-start=\"1421\" data-end=\"1436\">Switzerland<\/strong> \u2013 Premium-Umz\u00fcge mit besonderer Ber\u00fccksichtigung von Zoll- und Grenz\u00fcbergangsbestimmungen.<br data-start=\"1512\" data-end=\"1515\" \/>\ud83c\udde6\ud83c\uddf9 <strong data-start=\"1520\" data-end=\"1531\">Austria<\/strong> \u2013 Umzugsunterst\u00fctzung in den Alpen und dar\u00fcber hinaus, durchgef\u00fchrt mit der bew\u00e4hrten Pr\u00e4zision von Flyto.<\/p>\n<p>[\/et_pb_text][\/et_pb_column][et_pb_column type=&#8221;1_4&#8243; _builder_version=&#8221;4.27.4&#8243; _module_preset=&#8221;default&#8221; global_colors_info=&#8221;{}&#8221;][et_pb_text _builder_version=&#8221;4.27.4&#8243; _module_preset=&#8221;_initial&#8221; text_font=&#8221;Montserrat||||||||&#8221; header_5_font=&#8221;Poppins||||||||&#8221; global_colors_info=&#8221;{}&#8221;]<\/p>\n<h5 data-start=\"1623\" data-end=\"1643\"><strong data-start=\"1627\" data-end=\"1643\">S\u00fcdeuropa<\/strong><\/h5>\n<p data-start=\"1645\" data-end=\"2032\">\ud83c\uddeb\ud83c\uddf7 <strong data-start=\"1650\" data-end=\"1660\">France<\/strong> \u2013 Reibungslose Umzugserlebnisse in den franz\u00f6sischen Gro\u00dfst\u00e4dten und der bezaubernden Landschaft.<br data-start=\"1743\" data-end=\"1746\" \/>\ud83c\uddee\ud83c\uddf9 <strong data-start=\"1751\" data-end=\"1760\">Italy<\/strong> \u2013 Individuelle Umzugsdienstleistungen f\u00fcr Komfort und reibungslose Lebensstil\u00fcberg\u00e4nge.<br data-start=\"1839\" data-end=\"1842\" \/>\ud83c\uddea\ud83c\uddf8 <strong data-start=\"1847\" data-end=\"1856\">Spain<\/strong> \u2013 Das Vertrauen von Familien und Berufst\u00e4tigen, die in das sonnige Mittelmeergebiet ziehen.<br data-start=\"1935\" data-end=\"1938\" \/>\ud83c\uddf5\ud83c\uddf9 <strong data-start=\"1943\" data-end=\"1955\">Portugal<\/strong> \u2013 Ein einladendes Reiseziel, unterst\u00fctzt durch die zuverl\u00e4ssige Umzugskoordination von Flyto.<\/p>\n<p>[\/et_pb_text][et_pb_text _builder_version=&#8221;4.27.4&#8243; _module_preset=&#8221;_initial&#8221; text_font=&#8221;Montserrat||||||||&#8221; header_5_font=&#8221;Poppins||||||||&#8221; global_colors_info=&#8221;{}&#8221;]<\/p>\n<h5 data-start=\"2343\" data-end=\"2364\"><strong data-start=\"2347\" data-end=\"2364\">Britische Inseln<\/strong><\/h5>\n<p data-start=\"2366\" data-end=\"2562\">\ud83c\uddec\ud83c\udde7 <strong data-start=\"2371\" data-end=\"2389\">United Kingdom<\/strong> \u2013 Expertenunterst\u00fctzung f\u00fcr internationale Umz\u00fcge nach und aus Gro\u00dfbritannien nach dem Brexit.<br data-start=\"2463\" data-end=\"2466\" \/>\ud83c\uddee\ud83c\uddea <strong data-start=\"2471\" data-end=\"2482\">Ireland<\/strong> \u2013 Professionelle Umzugshilfe f\u00fcr Privat- und Firmenkunden.<\/p>\n<p>[\/et_pb_text][\/et_pb_column][et_pb_column type=&#8221;1_4&#8243; _builder_version=&#8221;4.22.0&#8243; _module_preset=&#8221;default&#8221; global_colors_info=&#8221;{}&#8221;][et_pb_code _builder_version=&#8221;4.27.4&#8243; _module_preset=&#8221;default&#8221; global_colors_info=&#8221;{}&#8221;][\/et_pb_code][et_pb_text _builder_version=&#8221;4.27.4&#8243; _module_preset=&#8221;_initial&#8221; text_font=&#8221;Montserrat||||||||&#8221; header_5_font=&#8221;Poppins||||||||&#8221; custom_margin=&#8221;-34px|||||&#8221; global_colors_info=&#8221;{}&#8221;]<\/p>\n<h5 data-start=\"2039\" data-end=\"2058\"><strong data-start=\"2043\" data-end=\"2058\">Osteuropa<\/strong><\/h5>\n<p data-start=\"2060\" data-end=\"2336\">\ud83c\uddea\ud83c\uddea <strong data-start=\"2065\" data-end=\"2076\">Estonia<\/strong> \u2013 Schnell wachsender Markt im Norden mit Flytos zuverl\u00e4ssigem Umzugsnetzwerk.<br data-start=\"2149\" data-end=\"2152\" \/>\ud83c\uddf5\ud83c\uddf1 <strong data-start=\"2157\" data-end=\"2167\">Poland<\/strong> \u2013 Eine effiziente Logistik und lokale Partnerschaften erleichtern den Ein- und Auszug.<br data-start=\"2238\" data-end=\"2241\" \/>\ud83c\udde8\ud83c\uddff <strong data-start=\"2246\" data-end=\"2264\">Czech Republic<\/strong> \u2013 Umfassende Umzugsdienstleistungen f\u00fcr Firmen- und Privatkunden.<\/p>\n<p>[\/et_pb_text][\/et_pb_column][\/et_pb_row][\/et_pb_section][et_pb_section fb_built=&#8221;1&#8243; admin_label=&#8221;Services&#8221; _builder_version=&#8221;4.27.4&#8243; _module_preset=&#8221;default&#8221; background_enable_color=&#8221;off&#8221; collapsed=&#8221;on&#8221; global_colors_info=&#8221;{}&#8221;][et_pb_row column_structure=&#8221;1_2,1_2&#8243; _builder_version=&#8221;4.27.4&#8243; _module_preset=&#8221;default&#8221; global_colors_info=&#8221;{}&#8221;][et_pb_column type=&#8221;1_2&#8243; _builder_version=&#8221;4.27.4&#8243; _module_preset=&#8221;default&#8221; global_colors_info=&#8221;{}&#8221;][et_pb_text _builder_version=&#8221;4.27.4&#8243; _module_preset=&#8221;_initial&#8221; text_font=&#8221;Montserrat||||||||&#8221; header_2_font=&#8221;Flyto oma||||||||&#8221; header_2_text_color=&#8221;#CD207D&#8221; header_2_font_size=&#8221;28px&#8221; custom_margin=&#8221;30px||||false|false&#8221; global_colors_info=&#8221;{}&#8221;]<\/p>\n<h2>Sicher durch Europa reisen<\/h2>\n<p>[\/et_pb_text][et_pb_text _builder_version=&#8221;4.27.4&#8243; _module_preset=&#8221;_initial&#8221; text_font=&#8221;Montserrat||||||||&#8221; text_line_height=&#8221;1.6em&#8221; width=&#8221;100%&#8221; min_height=&#8221;79.2px&#8221; custom_margin=&#8221;-20px||||false|false&#8221; custom_padding=&#8221;||||false|false&#8221; custom_padding_tablet=&#8221;||||false|false&#8221; custom_padding_phone=&#8221;||||false|false&#8221; custom_padding_last_edited=&#8221;on|phone&#8221; locked=&#8221;off&#8221; global_colors_info=&#8221;{}&#8221;]<\/p>\n<p>Ob Sie privat, mit Ihrer Familie oder gesch\u00e4ftlich umziehen \u2013 Flyto ist Ihr zuverl\u00e4ssiger Partner in 19 europ\u00e4ischen L\u00e4ndern.<br \/>Unser vernetztes Netzwerk sorgt daf\u00fcr, dass jeder Umzug \u2013 von Helsinki nach Lissabon oder Stockholm nach Rom \u2013 pr\u00e4zise, \u200b\u200bsorgf\u00e4ltig und pers\u00f6nlich abgewickelt wird. Wohin auch immer Ihr n\u00e4chstes Ziel Sie f\u00fchrt, wir garantieren einen reibungslosen Start.<\/p>\n<p>[\/et_pb_text][et_pb_button button_url=&#8221;@ET-DC@eyJkeW5hbWljIjp0cnVlLCJjb250ZW50IjoicG9zdF9saW5rX3VybF9wYWdlIiwic2V0dGluZ3MiOnsicG9zdF9pZCI6IjkifX0=@&#8221; button_text=&#8221;Entdecken Sie unsere Dienstleistungen&#8221; _builder_version=&#8221;4.27.4&#8243; _dynamic_attributes=&#8221;button_url&#8221; _module_preset=&#8221;_initial&#8221; custom_button=&#8221;on&#8221; button_text_size=&#8221;16px&#8221; button_text_color=&#8221;#CD207D&#8221; button_bg_color=&#8221;#FFFFFF&#8221; button_border_color=&#8221;#CD207D&#8221; button_border_radius=&#8221;100px&#8221; button_font=&#8221;Outfit|600|||||||&#8221; button_use_icon=&#8221;off&#8221; custom_margin=&#8221;-10px||||false|false&#8221; custom_padding=&#8221;10px|26px|10px|26px|true|true&#8221; hover_enabled=&#8221;0&#8243; global_colors_info=&#8221;{%22gcid-f1e65d51-fa2f-4bf0-b2c1-8eab7001e8fd%22:%91%22button_text_color%22%93}&#8221; sticky_enabled=&#8221;0&#8243;][\/et_pb_button][\/et_pb_column][et_pb_column type=&#8221;1_2&#8243; _builder_version=&#8221;4.27.4&#8243; _module_preset=&#8221;default&#8221; global_colors_info=&#8221;{}&#8221;][et_pb_image src=&#8221;https:\/\/flyto-wp-uploads.s3.eu-north-1.amazonaws.com\/wp-content\/uploads\/sites\/90\/2025\/10\/03182725\/FLYTO_-_Muutto_-_Kuvaaja_Nuuti_Paananen_8_2_optimized_1000.jpg&#8221; title_text=&#8221;FLYTO_-_Muutto_-_Kuvaaja_Nuuti_Paananen_8_2_optimized_1000&#8243; _builder_version=&#8221;4.27.4&#8243; _module_preset=&#8221;default&#8221; border_radii=&#8221;on|10px|10px|10px|10px&#8221; global_colors_info=&#8221;{}&#8221;][\/et_pb_image][\/et_pb_column][\/et_pb_row][\/et_pb_section]<\/p>\n","protected":false},"excerpt":{"rendered":"<p>Egal wohin Sie umziehen \u2013 nach Norden, S\u00fcden, Osten oder Westen \u2013 Flyto sorgt f\u00fcr einen reibungslosen, sicheren und professionell organisierten Umzug. Unser Netzwerk umfasst 19 europ\u00e4ische L\u00e4nder. Lokale Niederlassungen garantieren erstklassige Umzugsdienstleistungen auf dem gesamten Kontinent.Nordeuropa \ud83c\uddeb\ud83c\uddee Finland \u2013 Unser Hauptsitz und unsere Heimatbasis bieten umfassende internationale Umz\u00fcge mit nordischer Pr\u00e4zision.\ud83c\uddf8\ud83c\uddea Sweden \u2013 Kompetente [&hellip;]<\/p>\n","protected":false},"author":1,"featured_media":0,"parent":0,"menu_order":0,"comment_status":"closed","ping_status":"closed","template":"","meta":{"_et_pb_use_builder":"on","_et_pb_old_content":"","_et_gb_content_width":"","footnotes":""},"class_list":["post-726","page","type-page","status-publish","hentry"],"yoast_head":"<!-- This site is optimized with the Yoast SEO plugin v26.3 - https:\/\/yoast.com\/wordpress\/plugins\/seo\/ -->\n<title>Network - Flyto Relocation Switzerland (Ch)<\/title>\n<meta name=\"robots\" content=\"index, follow, max-snippet:-1, max-image-preview:large, max-video-preview:-1\" \/>\n<link rel=\"canonical\" href=\"https:\/\/flytorelocation.com\/ch-ch\/network\/\" \/>\n<meta property=\"og:locale\" content=\"fi_FI\" \/>\n<meta property=\"og:type\" content=\"article\" \/>\n<meta property=\"og:title\" content=\"Network - Flyto Relocation Switzerland (Ch)\" \/>\n<meta property=\"og:description\" content=\"Egal wohin Sie umziehen \u2013 nach Norden, S\u00fcden, Osten oder Westen \u2013 Flyto sorgt f\u00fcr einen reibungslosen, sicheren und professionell organisierten Umzug. Unser Netzwerk umfasst 19 europ\u00e4ische L\u00e4nder. Lokale Niederlassungen garantieren erstklassige Umzugsdienstleistungen auf dem gesamten Kontinent.Nordeuropa \ud83c\uddeb\ud83c\uddee Finland \u2013 Unser Hauptsitz und unsere Heimatbasis bieten umfassende internationale Umz\u00fcge mit nordischer Pr\u00e4zision.\ud83c\uddf8\ud83c\uddea Sweden \u2013 Kompetente [&hellip;]\" \/>\n<meta property=\"og:url\" content=\"https:\/\/flytorelocation.com\/ch-ch\/network\/\" \/>\n<meta property=\"og:site_name\" content=\"Flyto Relocation Switzerland (Ch)\" \/>\n<meta property=\"article:modified_time\" content=\"2026-01-16T21:12:09+00:00\" \/>\n<meta name=\"twitter:card\" content=\"summary_large_image\" \/>\n<meta name=\"twitter:label1\" content=\"Arvioitu lukuaika\" \/>\n\t<meta name=\"twitter:data1\" content=\"6 minuuttia\" \/>\n<script type=\"application\/ld+json\" class=\"yoast-schema-graph\">{\"@context\":\"https:\/\/schema.org\",\"@graph\":[{\"@type\":\"WebPage\",\"@id\":\"https:\/\/flytorelocation.com\/ch-ch\/network\/\",\"url\":\"https:\/\/flytorelocation.com\/ch-ch\/network\/\",\"name\":\"Network - Flyto Relocation Switzerland (Ch)\",\"isPartOf\":{\"@id\":\"https:\/\/flytorelocation.com\/ch-ch\/#website\"},\"datePublished\":\"2025-10-17T16:02:33+00:00\",\"dateModified\":\"2026-01-16T21:12:09+00:00\",\"breadcrumb\":{\"@id\":\"https:\/\/flytorelocation.com\/ch-ch\/network\/#breadcrumb\"},\"inLanguage\":\"fi\",\"potentialAction\":[{\"@type\":\"ReadAction\",\"target\":[\"https:\/\/flytorelocation.com\/ch-ch\/network\/\"]}]},{\"@type\":\"BreadcrumbList\",\"@id\":\"https:\/\/flytorelocation.com\/ch-ch\/network\/#breadcrumb\",\"itemListElement\":[{\"@type\":\"ListItem\",\"position\":1,\"name\":\"Home\",\"item\":\"https:\/\/flytorelocation.com\/ch-ch\/\"},{\"@type\":\"ListItem\",\"position\":2,\"name\":\"Network\"}]},{\"@type\":\"WebSite\",\"@id\":\"https:\/\/flytorelocation.com\/ch-ch\/#website\",\"url\":\"https:\/\/flytorelocation.com\/ch-ch\/\",\"name\":\"Flyto Relocation Switzerland (Ch)\",\"description\":\"\",\"publisher\":{\"@id\":\"https:\/\/flytorelocation.com\/ch-ch\/#organization\"},\"potentialAction\":[{\"@type\":\"SearchAction\",\"target\":{\"@type\":\"EntryPoint\",\"urlTemplate\":\"https:\/\/flytorelocation.com\/ch-ch\/?s={search_term_string}\"},\"query-input\":{\"@type\":\"PropertyValueSpecification\",\"valueRequired\":true,\"valueName\":\"search_term_string\"}}],\"inLanguage\":\"fi\"},{\"@type\":\"Organization\",\"@id\":\"https:\/\/flytorelocation.com\/ch-ch\/#organization\",\"name\":\"Flyto Relocation Switzerland (Ch)\",\"url\":\"https:\/\/flytorelocation.com\/ch-ch\/\",\"logo\":{\"@type\":\"ImageObject\",\"inLanguage\":\"fi\",\"@id\":\"https:\/\/flytorelocation.com\/ch-ch\/#\/schema\/logo\/image\/\",\"url\":\"https:\/\/flyto-wp-uploads.s3.eu-north-1.amazonaws.com\/wp-content\/uploads\/sites\/90\/2025\/10\/13130143\/Flyto-col.png\",\"contentUrl\":\"https:\/\/flyto-wp-uploads.s3.eu-north-1.amazonaws.com\/wp-content\/uploads\/sites\/90\/2025\/10\/13130143\/Flyto-col.png\",\"width\":618,\"height\":337,\"caption\":\"Flyto Relocation Switzerland (Ch)\"},\"image\":{\"@id\":\"https:\/\/flytorelocation.com\/ch-ch\/#\/schema\/logo\/image\/\"}}]}<\/script>\n<!-- \/ Yoast SEO plugin. -->","yoast_head_json":{"title":"Network - Flyto Relocation Switzerland (Ch)","robots":{"index":"index","follow":"follow","max-snippet":"max-snippet:-1","max-image-preview":"max-image-preview:large","max-video-preview":"max-video-preview:-1"},"canonical":"https:\/\/flytorelocation.com\/ch-ch\/network\/","og_locale":"fi_FI","og_type":"article","og_title":"Network - Flyto Relocation Switzerland (Ch)","og_description":"Egal wohin Sie umziehen \u2013 nach Norden, S\u00fcden, Osten oder Westen \u2013 Flyto sorgt f\u00fcr einen reibungslosen, sicheren und professionell organisierten Umzug. Unser Netzwerk umfasst 19 europ\u00e4ische L\u00e4nder. Lokale Niederlassungen garantieren erstklassige Umzugsdienstleistungen auf dem gesamten Kontinent.Nordeuropa \ud83c\uddeb\ud83c\uddee Finland \u2013 Unser Hauptsitz und unsere Heimatbasis bieten umfassende internationale Umz\u00fcge mit nordischer Pr\u00e4zision.\ud83c\uddf8\ud83c\uddea Sweden \u2013 Kompetente [&hellip;]","og_url":"https:\/\/flytorelocation.com\/ch-ch\/network\/","og_site_name":"Flyto Relocation Switzerland (Ch)","article_modified_time":"2026-01-16T21:12:09+00:00","twitter_card":"summary_large_image","twitter_misc":{"Arvioitu lukuaika":"6 minuuttia"},"schema":{"@context":"https:\/\/schema.org","@graph":[{"@type":"WebPage","@id":"https:\/\/flytorelocation.com\/ch-ch\/network\/","url":"https:\/\/flytorelocation.com\/ch-ch\/network\/","name":"Network - Flyto Relocation Switzerland (Ch)","isPartOf":{"@id":"https:\/\/flytorelocation.com\/ch-ch\/#website"},"datePublished":"2025-10-17T16:02:33+00:00","dateModified":"2026-01-16T21:12:09+00:00","breadcrumb":{"@id":"https:\/\/flytorelocation.com\/ch-ch\/network\/#breadcrumb"},"inLanguage":"fi","potentialAction":[{"@type":"ReadAction","target":["https:\/\/flytorelocation.com\/ch-ch\/network\/"]}]},{"@type":"BreadcrumbList","@id":"https:\/\/flytorelocation.com\/ch-ch\/network\/#breadcrumb","itemListElement":[{"@type":"ListItem","position":1,"name":"Home","item":"https:\/\/flytorelocation.com\/ch-ch\/"},{"@type":"ListItem","position":2,"name":"Network"}]},{"@type":"WebSite","@id":"https:\/\/flytorelocation.com\/ch-ch\/#website","url":"https:\/\/flytorelocation.com\/ch-ch\/","name":"Flyto Relocation Switzerland (Ch)","description":"","publisher":{"@id":"https:\/\/flytorelocation.com\/ch-ch\/#organization"},"potentialAction":[{"@type":"SearchAction","target":{"@type":"EntryPoint","urlTemplate":"https:\/\/flytorelocation.com\/ch-ch\/?s={search_term_string}"},"query-input":{"@type":"PropertyValueSpecification","valueRequired":true,"valueName":"search_term_string"}}],"inLanguage":"fi"},{"@type":"Organization","@id":"https:\/\/flytorelocation.com\/ch-ch\/#organization","name":"Flyto Relocation Switzerland (Ch)","url":"https:\/\/flytorelocation.com\/ch-ch\/","logo":{"@type":"ImageObject","inLanguage":"fi","@id":"https:\/\/flytorelocation.com\/ch-ch\/#\/schema\/logo\/image\/","url":"https:\/\/flyto-wp-uploads.s3.eu-north-1.amazonaws.com\/wp-content\/uploads\/sites\/90\/2025\/10\/13130143\/Flyto-col.png","contentUrl":"https:\/\/flyto-wp-uploads.s3.eu-north-1.amazonaws.com\/wp-content\/uploads\/sites\/90\/2025\/10\/13130143\/Flyto-col.png","width":618,"height":337,"caption":"Flyto Relocation Switzerland (Ch)"},"image":{"@id":"https:\/\/flytorelocation.com\/ch-ch\/#\/schema\/logo\/image\/"}}]}},"acf":[],"_links":{"self":[{"href":"https:\/\/flytorelocation.com\/ch-ch\/wp-json\/wp\/v2\/pages\/726","targetHints":{"allow":["GET"]}}],"collection":[{"href":"https:\/\/flytorelocation.com\/ch-ch\/wp-json\/wp\/v2\/pages"}],"about":[{"href":"https:\/\/flytorelocation.com\/ch-ch\/wp-json\/wp\/v2\/types\/page"}],"author":[{"embeddable":true,"href":"https:\/\/flytorelocation.com\/ch-ch\/wp-json\/wp\/v2\/users\/1"}],"replies":[{"embeddable":true,"href":"https:\/\/flytorelocation.com\/ch-ch\/wp-json\/wp\/v2\/comments?post=726"}],"version-history":[{"count":2,"href":"https:\/\/flytorelocation.com\/ch-ch\/wp-json\/wp\/v2\/pages\/726\/revisions"}],"predecessor-version":[{"id":1347,"href":"https:\/\/flytorelocation.com\/ch-ch\/wp-json\/wp\/v2\/pages\/726\/revisions\/1347"}],"wp:attachment":[{"href":"https:\/\/flytorelocation.com\/ch-ch\/wp-json\/wp\/v2\/media?parent=726"}],"curies":[{"name":"wp","href":"https:\/\/api.w.org\/{rel}","templated":true}]}}