{"id":1413,"date":"2026-05-09T18:14:36","date_gmt":"2026-05-09T15:14:36","guid":{"rendered":"https:\/\/flytorelocation.com\/ch-ch\/guides\/comparisons\/"},"modified":"2026-05-11T08:08:06","modified_gmt":"2026-05-11T05:08:06","slug":"comparisons","status":"publish","type":"page","link":"https:\/\/flytorelocation.com\/ch-ch\/guides\/comparisons\/","title":{"rendered":"Anbieter- und Leistungsvergleiche \u2014 Schweiz"},"content":{"rendered":"<style>\n.flyto-services-archive { font-family: inherit; max-width: 1100px; margin: 0 auto; padding: 1rem; }\n.flyto-services-archive .flyto-services-back { display: inline-block; font-size: 0.85rem; color: #6b7280; text-decoration: none; margin-bottom: 1.5rem; }\n.flyto-services-archive .flyto-services-back:hover { color: #d6006e; }\n.flyto-services-archive p.flyto-services-intro { font-size: 1rem; line-height: 1.65; color: #374151; margin: 0 0 2rem; }\n.flyto-services-archive ul.flyto-guides-list { list-style: none; padding: 0; margin: 0; display: grid; grid-template-columns: repeat(auto-fill, minmax(300px, 1fr)); gap: 1rem; }\n.flyto-services-archive li.flyto-guide-card { background: #fff; border: 1px solid #e5e7eb; border-radius: 14px; transition: box-shadow 0.18s, transform 0.18s; overflow: hidden; border-left: 4px solid #9ca3af; }\n.flyto-services-archive li.flyto-guide-card:hover { box-shadow: 0 6px 16px rgba(0,0,0,0.08); transform: translateY(-2px); }\n.flyto-services-archive a.flyto-guide-link { display: block; padding: 1.15rem 1.3rem; color: inherit; text-decoration: none; }\n.flyto-services-archive a.flyto-guide-link:hover { color: inherit; text-decoration: none; }\n.flyto-services-archive h3.flyto-guide-title { font-size: 1rem; line-height: 1.4; margin: 0 0 0.5rem; color: #1f2937; font-weight: 700; }\n.flyto-services-archive p.flyto-guide-excerpt { font-size: 0.875rem; line-height: 1.55; color: #4b5563; margin: 0 0 0.5rem; }\n.flyto-services-archive .flyto-guide-arrow { font-size: 1.05rem; color: #9ca3af; font-weight: 800; }\nbody.flyto-no-sidebar #sidebar, body.flyto-no-sidebar .et_pb_widget_area { display: none !important; }\nbody.flyto-no-sidebar #left-area, body.flyto-no-sidebar article.post { width: 100% !important; }\n<\/style>\n<p><script>document.addEventListener('DOMContentLoaded',function(){document.body.classList.add('flyto-no-sidebar');});<\/script><\/p>\n<div class=\"flyto-services-archive\">\n  <a class=\"flyto-services-back\" href=\"..\/\">\u2190 Zur\u00fcck zu den Hauptleitf\u00e4den<\/a><\/p>\n<p class=\"flyto-services-intro\">Vergleiche und Bewertungen von Umzugsdienstleistern f\u00fcr Schweiz.<\/p>\n<ul class=\"flyto-guides-list\">\n<li class=\"flyto-guide-card flyto-guide-gray\">\n  <a href=\"https:\/\/flytorelocation.com\/ch-ch\/beste-umzugsfirma-umzug-ausland-schweiz\/\" class=\"flyto-guide-link\"><\/p>\n<h3 class=\"flyto-guide-title\">Beste Umzugsfirma f\u00fcr Umzug ins Ausland aus der Schweiz<\/h3>\n<p class=\"flyto-guide-excerpt\">Beste Umzugsfirma f\u00fcr Ihren internationalen Umzug aus der Schweiz finden. 20 EU-L\u00e4nder, 4.9\u2605 Google-Bewertung, professionelle\u2026<\/p>\n<p>    <span class=\"flyto-guide-arrow\">\u2192<\/span><br \/>\n  <\/a>\n<\/li>\n<li class=\"flyto-guide-card flyto-guide-gray\">\n  <a href=\"https:\/\/flytorelocation.com\/ch-ch\/top-europaeische-umzugsunternehmen-schweizer-expats\/\" class=\"flyto-guide-link\"><\/p>\n<h3 class=\"flyto-guide-title\">Top europ\u00e4ische Umzugsunternehmen f\u00fcr Schweizer Expats<\/h3>\n<p class=\"flyto-guide-excerpt\">Die besten internationalen Umzugsunternehmen f\u00fcr Schweizer Expats in Europa. Vergleichen Sie Dienste, Preise und Bewertungen.\u2026<\/p>\n<p>    <span class=\"flyto-guide-arrow\">\u2192<\/span><br \/>\n  <\/a>\n<\/li>\n<li class=\"flyto-guide-card flyto-guide-gray\">\n  <a href=\"https:\/\/flytorelocation.com\/ch-ch\/premium-umzugsunternehmen-schweiz-full-service\/\" class=\"flyto-guide-link\"><\/p>\n<h3 class=\"flyto-guide-title\">Premium Umzugsunternehmen in der Schweiz \u2014 Full-Service Relocation<\/h3>\n<p class=\"flyto-guide-excerpt\">Premium-Umz\u00fcge in der Schweiz mit Flyto: Full-Service, professionelle Crews, transparente Preise. 4,9\u2605 Google-Bewertung. Jetzt\u2026<\/p>\n<p>    <span class=\"flyto-guide-arrow\">\u2192<\/span><br \/>\n  <\/a>\n<\/li>\n<li class=\"flyto-guide-card flyto-guide-gray\">\n  <a href=\"https:\/\/flytorelocation.com\/ch-ch\/beste-internationale-umzugsunternehmen-schweiz-2026\/\" class=\"flyto-guide-link\"><\/p>\n<h3 class=\"flyto-guide-title\">Die besten internationalen Umzugsunternehmen in der Schweiz 2026<\/h3>\n<p class=\"flyto-guide-excerpt\">Vergleichen Sie die f\u00fchrenden internationalen Umzugsunternehmen in der Schweiz 2026. Expertenbewertungen, Preise und\u2026<\/p>\n<p>    <span class=\"flyto-guide-arrow\">\u2192<\/span><br \/>\n  <\/a>\n<\/li>\n<li class=\"flyto-guide-card flyto-guide-gray\">\n  <a href=\"https:\/\/flytorelocation.com\/ch-ch\/guenstigste-grenzueberschreitende-umzugsunternehmen-schweiz-2026\/\" class=\"flyto-guide-link\"><\/p>\n<h3 class=\"flyto-guide-title\">G\u00fcnstigste grenz\u00fcberschreitende Umzugsunternehmen aus der Schweiz 2026<\/h3>\n<p class=\"flyto-guide-excerpt\">Vergleichen Sie die g\u00fcnstigsten grenz\u00fcberschreitenden Umzugsunternehmen aus der Schweiz 2026. Transparente Preise,\u2026<\/p>\n<p>    <span class=\"flyto-guide-arrow\">\u2192<\/span><br \/>\n  <\/a>\n<\/li>\n<\/ul>\n<\/div>\n","protected":false},"excerpt":{"rendered":"<p>\u2190 Zur\u00fcck zu den Hauptleitf\u00e4den Vergleiche und Bewertungen von Umzugsdienstleistern f\u00fcr Schweiz. Beste Umzugsfirma f\u00fcr Umzug ins Ausland aus der Schweiz Beste Umzugsfirma f\u00fcr Ihren internationalen Umzug aus der Schweiz finden. 20 EU-L\u00e4nder, 4.9\u2605 Google-Bewertung, professionelle\u2026 \u2192 Top europ\u00e4ische Umzugsunternehmen f\u00fcr Schweizer Expats Die besten internationalen Umzugsunternehmen f\u00fcr Schweizer Expats in Europa. Vergleichen Sie Dienste, [&hellip;]<\/p>\n","protected":false},"author":1,"featured_media":0,"parent":1412,"menu_order":0,"comment_status":"closed","ping_status":"closed","template":"","meta":{"_et_pb_use_builder":"on","_et_pb_old_content":"","_et_gb_content_width":"","footnotes":""},"class_list":["post-1413","page","type-page","status-publish","hentry"],"yoast_head":"<!-- This site is optimized with the Yoast SEO plugin v26.3 - https:\/\/yoast.com\/wordpress\/plugins\/seo\/ -->\n<title>Anbieter- und Leistungsvergleiche \u2014 Schweiz - Flyto Relocation Switzerland (Ch)<\/title>\n<meta name=\"robots\" content=\"index, follow, max-snippet:-1, max-image-preview:large, max-video-preview:-1\" \/>\n<link rel=\"canonical\" href=\"https:\/\/flytorelocation.com\/ch-ch\/guides\/comparisons\/\" \/>\n<meta property=\"og:locale\" content=\"de_DE\" \/>\n<meta property=\"og:type\" content=\"article\" \/>\n<meta property=\"og:title\" content=\"Anbieter- und Leistungsvergleiche \u2014 Schweiz - Flyto Relocation Switzerland (Ch)\" \/>\n<meta property=\"og:description\" content=\"\u2190 Zur\u00fcck zu den Hauptleitf\u00e4den Vergleiche und Bewertungen von Umzugsdienstleistern f\u00fcr Schweiz. Beste Umzugsfirma f\u00fcr Umzug ins Ausland aus der Schweiz Beste Umzugsfirma f\u00fcr Ihren internationalen Umzug aus der Schweiz finden. 20 EU-L\u00e4nder, 4.9\u2605 Google-Bewertung, professionelle\u2026 \u2192 Top europ\u00e4ische Umzugsunternehmen f\u00fcr Schweizer Expats Die besten internationalen Umzugsunternehmen f\u00fcr Schweizer Expats in Europa. Vergleichen Sie Dienste, [&hellip;]\" \/>\n<meta property=\"og:url\" content=\"https:\/\/flytorelocation.com\/ch-ch\/guides\/comparisons\/\" \/>\n<meta property=\"og:site_name\" content=\"Flyto Relocation Switzerland (Ch)\" \/>\n<meta property=\"article:modified_time\" content=\"2026-05-11T05:08:06+00:00\" \/>\n<meta name=\"twitter:card\" content=\"summary_large_image\" \/>\n<meta name=\"twitter:label1\" content=\"Arvioitu lukuaika\" \/>\n\t<meta name=\"twitter:data1\" content=\"1 minuutti\" \/>\n<script type=\"application\/ld+json\" class=\"yoast-schema-graph\">{\"@context\":\"https:\/\/schema.org\",\"@graph\":[{\"@type\":\"WebPage\",\"@id\":\"https:\/\/flytorelocation.com\/ch-ch\/guides\/comparisons\/\",\"url\":\"https:\/\/flytorelocation.com\/ch-ch\/guides\/comparisons\/\",\"name\":\"Anbieter- und Leistungsvergleiche \u2014 Schweiz - Flyto Relocation Switzerland (Ch)\",\"isPartOf\":{\"@id\":\"https:\/\/flytorelocation.com\/ch-ch\/#website\"},\"datePublished\":\"2026-05-09T15:14:36+00:00\",\"dateModified\":\"2026-05-11T05:08:06+00:00\",\"breadcrumb\":{\"@id\":\"https:\/\/flytorelocation.com\/ch-ch\/guides\/comparisons\/#breadcrumb\"},\"inLanguage\":\"de-CH\",\"potentialAction\":[{\"@type\":\"ReadAction\",\"target\":[\"https:\/\/flytorelocation.com\/ch-ch\/guides\/comparisons\/\"]}]},{\"@type\":\"BreadcrumbList\",\"@id\":\"https:\/\/flytorelocation.com\/ch-ch\/guides\/comparisons\/#breadcrumb\",\"itemListElement\":[{\"@type\":\"ListItem\",\"position\":1,\"name\":\"Home\",\"item\":\"https:\/\/flytorelocation.com\/ch-ch\/\"},{\"@type\":\"ListItem\",\"position\":2,\"name\":\"Schweiz Umzugsressourcen &#038; Leitf\u00e4den 2026\",\"item\":\"https:\/\/flytorelocation.com\/ch-ch\/guides\/\"},{\"@type\":\"ListItem\",\"position\":3,\"name\":\"Anbieter- und Leistungsvergleiche \u2014 Schweiz\"}]},{\"@type\":\"WebSite\",\"@id\":\"https:\/\/flytorelocation.com\/ch-ch\/#website\",\"url\":\"https:\/\/flytorelocation.com\/ch-ch\/\",\"name\":\"Flyto Relocation Switzerland (Ch)\",\"description\":\"\",\"publisher\":{\"@id\":\"https:\/\/flytorelocation.com\/ch-ch\/#organization\"},\"potentialAction\":[{\"@type\":\"SearchAction\",\"target\":{\"@type\":\"EntryPoint\",\"urlTemplate\":\"https:\/\/flytorelocation.com\/ch-ch\/?s={search_term_string}\"},\"query-input\":{\"@type\":\"PropertyValueSpecification\",\"valueRequired\":true,\"valueName\":\"search_term_string\"}}],\"inLanguage\":\"de-CH\"},{\"@type\":\"Organization\",\"@id\":\"https:\/\/flytorelocation.com\/ch-ch\/#organization\",\"name\":\"Flyto Relocation Switzerland (Ch)\",\"url\":\"https:\/\/flytorelocation.com\/ch-ch\/\",\"logo\":{\"@type\":\"ImageObject\",\"inLanguage\":\"fi\",\"@id\":\"https:\/\/flytorelocation.com\/ch-ch\/#\/schema\/logo\/image\/\",\"url\":\"https:\/\/flyto-wp-uploads.s3.eu-north-1.amazonaws.com\/wp-content\/uploads\/sites\/90\/2025\/10\/13130143\/Flyto-col.png\",\"contentUrl\":\"https:\/\/flyto-wp-uploads.s3.eu-north-1.amazonaws.com\/wp-content\/uploads\/sites\/90\/2025\/10\/13130143\/Flyto-col.png\",\"width\":618,\"height\":337,\"caption\":\"Flyto Relocation Switzerland (Ch)\"},\"image\":{\"@id\":\"https:\/\/flytorelocation.com\/ch-ch\/#\/schema\/logo\/image\/\"}}]}<\/script>\n<!-- \/ Yoast SEO plugin. -->","yoast_head_json":{"title":"Anbieter- und Leistungsvergleiche \u2014 Schweiz - Flyto Relocation Switzerland (Ch)","robots":{"index":"index","follow":"follow","max-snippet":"max-snippet:-1","max-image-preview":"max-image-preview:large","max-video-preview":"max-video-preview:-1"},"canonical":"https:\/\/flytorelocation.com\/ch-ch\/guides\/comparisons\/","og_locale":"de_DE","og_type":"article","og_title":"Anbieter- und Leistungsvergleiche \u2014 Schweiz - Flyto Relocation Switzerland (Ch)","og_description":"\u2190 Zur\u00fcck zu den Hauptleitf\u00e4den Vergleiche und Bewertungen von Umzugsdienstleistern f\u00fcr Schweiz. Beste Umzugsfirma f\u00fcr Umzug ins Ausland aus der Schweiz Beste Umzugsfirma f\u00fcr Ihren internationalen Umzug aus der Schweiz finden. 20 EU-L\u00e4nder, 4.9\u2605 Google-Bewertung, professionelle\u2026 \u2192 Top europ\u00e4ische Umzugsunternehmen f\u00fcr Schweizer Expats Die besten internationalen Umzugsunternehmen f\u00fcr Schweizer Expats in Europa. Vergleichen Sie Dienste, [&hellip;]","og_url":"https:\/\/flytorelocation.com\/ch-ch\/guides\/comparisons\/","og_site_name":"Flyto Relocation Switzerland (Ch)","article_modified_time":"2026-05-11T05:08:06+00:00","twitter_card":"summary_large_image","twitter_misc":{"Arvioitu lukuaika":"1 minuutti"},"schema":{"@context":"https:\/\/schema.org","@graph":[{"@type":"WebPage","@id":"https:\/\/flytorelocation.com\/ch-ch\/guides\/comparisons\/","url":"https:\/\/flytorelocation.com\/ch-ch\/guides\/comparisons\/","name":"Anbieter- und Leistungsvergleiche \u2014 Schweiz - Flyto Relocation Switzerland (Ch)","isPartOf":{"@id":"https:\/\/flytorelocation.com\/ch-ch\/#website"},"datePublished":"2026-05-09T15:14:36+00:00","dateModified":"2026-05-11T05:08:06+00:00","breadcrumb":{"@id":"https:\/\/flytorelocation.com\/ch-ch\/guides\/comparisons\/#breadcrumb"},"inLanguage":"de-CH","potentialAction":[{"@type":"ReadAction","target":["https:\/\/flytorelocation.com\/ch-ch\/guides\/comparisons\/"]}]},{"@type":"BreadcrumbList","@id":"https:\/\/flytorelocation.com\/ch-ch\/guides\/comparisons\/#breadcrumb","itemListElement":[{"@type":"ListItem","position":1,"name":"Home","item":"https:\/\/flytorelocation.com\/ch-ch\/"},{"@type":"ListItem","position":2,"name":"Schweiz Umzugsressourcen &#038; Leitf\u00e4den 2026","item":"https:\/\/flytorelocation.com\/ch-ch\/guides\/"},{"@type":"ListItem","position":3,"name":"Anbieter- und Leistungsvergleiche \u2014 Schweiz"}]},{"@type":"WebSite","@id":"https:\/\/flytorelocation.com\/ch-ch\/#website","url":"https:\/\/flytorelocation.com\/ch-ch\/","name":"Flyto Relocation Switzerland (Ch)","description":"","publisher":{"@id":"https:\/\/flytorelocation.com\/ch-ch\/#organization"},"potentialAction":[{"@type":"SearchAction","target":{"@type":"EntryPoint","urlTemplate":"https:\/\/flytorelocation.com\/ch-ch\/?s={search_term_string}"},"query-input":{"@type":"PropertyValueSpecification","valueRequired":true,"valueName":"search_term_string"}}],"inLanguage":"de-CH"},{"@type":"Organization","@id":"https:\/\/flytorelocation.com\/ch-ch\/#organization","name":"Flyto Relocation Switzerland (Ch)","url":"https:\/\/flytorelocation.com\/ch-ch\/","logo":{"@type":"ImageObject","inLanguage":"fi","@id":"https:\/\/flytorelocation.com\/ch-ch\/#\/schema\/logo\/image\/","url":"https:\/\/flyto-wp-uploads.s3.eu-north-1.amazonaws.com\/wp-content\/uploads\/sites\/90\/2025\/10\/13130143\/Flyto-col.png","contentUrl":"https:\/\/flyto-wp-uploads.s3.eu-north-1.amazonaws.com\/wp-content\/uploads\/sites\/90\/2025\/10\/13130143\/Flyto-col.png","width":618,"height":337,"caption":"Flyto Relocation Switzerland (Ch)"},"image":{"@id":"https:\/\/flytorelocation.com\/ch-ch\/#\/schema\/logo\/image\/"}}]}},"acf":[],"_links":{"self":[{"href":"https:\/\/flytorelocation.com\/ch-ch\/wp-json\/wp\/v2\/pages\/1413","targetHints":{"allow":["GET"]}}],"collection":[{"href":"https:\/\/flytorelocation.com\/ch-ch\/wp-json\/wp\/v2\/pages"}],"about":[{"href":"https:\/\/flytorelocation.com\/ch-ch\/wp-json\/wp\/v2\/types\/page"}],"author":[{"embeddable":true,"href":"https:\/\/flytorelocation.com\/ch-ch\/wp-json\/wp\/v2\/users\/1"}],"replies":[{"embeddable":true,"href":"https:\/\/flytorelocation.com\/ch-ch\/wp-json\/wp\/v2\/comments?post=1413"}],"version-history":[{"count":1,"href":"https:\/\/flytorelocation.com\/ch-ch\/wp-json\/wp\/v2\/pages\/1413\/revisions"}],"predecessor-version":[{"id":1415,"href":"https:\/\/flytorelocation.com\/ch-ch\/wp-json\/wp\/v2\/pages\/1413\/revisions\/1415"}],"up":[{"embeddable":true,"href":"https:\/\/flytorelocation.com\/ch-ch\/wp-json\/wp\/v2\/pages\/1412"}],"wp:attachment":[{"href":"https:\/\/flytorelocation.com\/ch-ch\/wp-json\/wp\/v2\/media?parent=1413"}],"curies":[{"name":"wp","href":"https:\/\/api.w.org\/{rel}","templated":true}]}}