{"id":727,"date":"2025-10-17T19:02:33","date_gmt":"2025-10-17T16:02:33","guid":{"rendered":"https:\/\/flytorelocation.com\/at-at\/fi\/?page_id=82"},"modified":"2026-01-04T19:57:58","modified_gmt":"2026-01-04T17:57:58","slug":"about","status":"publish","type":"page","link":"https:\/\/flytorelocation.com\/at-at\/about\/","title":{"rendered":"About"},"content":{"rendered":"<p>[et_pb_section fb_built=&#8221;1&#8243; admin_label=&#8221;Header&#8221; _builder_version=&#8221;4.27.4&#8243; _module_preset=&#8221;default&#8221; background_enable_color=&#8221;off&#8221; background_enable_image=&#8221;off&#8221; background_blend=&#8221;screen&#8221; custom_padding=&#8221;||0px|||&#8221; hover_enabled=&#8221;0&#8243; collapsed=&#8221;on&#8221; global_colors_info=&#8221;{%22gcid-secondary-color%22:%91%22background_color%22%93}&#8221; custom_padding_last_edited=&#8221;on|tablet&#8221; custom_padding_tablet=&#8221;0px||0px||false|false&#8221; sticky_enabled=&#8221;0&#8243; custom_padding_phone=&#8221;0px||0px||false|false&#8221;][et_pb_row _builder_version=&#8221;4.27.4&#8243; _module_preset=&#8221;default&#8221; global_colors_info=&#8221;{}&#8221;][et_pb_column type=&#8221;4_4&#8243; _builder_version=&#8221;4.27.4&#8243; _module_preset=&#8221;default&#8221; global_colors_info=&#8221;{}&#8221;][et_pb_heading title=&#8221;Der sicherste Umzug der Welt.&#8221; _builder_version=&#8221;4.27.4&#8243; _module_preset=&#8221;_initial&#8221; title_font=&#8221;Flyto oma||||||||&#8221; title_text_color=&#8221;#CD207D&#8221; title_font_size=&#8221;62px&#8221; custom_margin=&#8221;||10px||false|false&#8221; custom_margin_tablet=&#8221;||10px||false|false&#8221; custom_margin_phone=&#8221;||10px||false|false&#8221; custom_margin_last_edited=&#8221;on|phone&#8221; custom_padding_tablet=&#8221;&#8221; custom_padding_phone=&#8221;0px||||false|false&#8221; custom_padding_last_edited=&#8221;on|phone&#8221; title_font_size_tablet=&#8221;40px&#8221; title_font_size_phone=&#8221;30px&#8221; title_font_size_last_edited=&#8221;on|phone&#8221; locked=&#8221;off&#8221; global_colors_info=&#8221;{}&#8221;][\/et_pb_heading][et_pb_text _builder_version=&#8221;4.27.4&#8243; _module_preset=&#8221;_initial&#8221; header_4_font=&#8221;Montserrat||||||||&#8221; global_colors_info=&#8221;{}&#8221;]<\/p>\n<h4><strong>Denn Ihre Besitzt\u00fcmer verdienen nichts Geringeres.<br \/>\n<\/strong><\/h4>\n<p>[\/et_pb_text][\/et_pb_column][\/et_pb_row][\/et_pb_section][et_pb_section fb_built=&#8221;1&#8243; admin_label=&#8221;Video&#8221; _builder_version=&#8221;4.27.4&#8243; _module_preset=&#8221;default&#8221; custom_padding=&#8221;6px|||||&#8221; collapsed=&#8221;off&#8221; global_colors_info=&#8221;{}&#8221;][et_pb_row column_structure=&#8221;1_2,1_2&#8243; _builder_version=&#8221;4.27.4&#8243; _module_preset=&#8221;default&#8221; custom_padding=&#8221;0px||||false|false&#8221; collapsed=&#8221;off&#8221; global_colors_info=&#8221;{}&#8221;][et_pb_column type=&#8221;1_2&#8243; _builder_version=&#8221;4.27.4&#8243; _module_preset=&#8221;default&#8221; global_colors_info=&#8221;{}&#8221;][et_pb_video src=&#8221;https:\/\/www.youtube.com\/watch?v=De68tvldxAw&#8221; _builder_version=&#8221;4.27.4&#8243; _module_preset=&#8221;default&#8221; border_radii=&#8221;on|10px|10px|10px|10px&#8221; global_colors_info=&#8221;{}&#8221;][\/et_pb_video][et_pb_button button_url=&#8221;@ET-DC@eyJkeW5hbWljIjp0cnVlLCJjb250ZW50IjoicG9zdF9saW5rX3VybF9wYWdlIiwic2V0dGluZ3MiOnsicG9zdF9pZCI6IjIiLCJlbmFibGVfaHRtbCI6Im9mZiJ9fQ==@&#8221; button_text=&#8221;Lesen Sie mehr zum Thema Sicherheit&#8221; _builder_version=&#8221;4.27.4&#8243; _dynamic_attributes=&#8221;button_url&#8221; _module_preset=&#8221;_initial&#8221; custom_button=&#8221;on&#8221; button_text_size=&#8221;16px&#8221; button_text_color=&#8221;#CD207D&#8221; button_border_color=&#8221;#CD207D&#8221; button_border_radius=&#8221;100px&#8221; button_font=&#8221;Outfit|600|||||||&#8221; button_use_icon=&#8221;off&#8221; custom_margin=&#8221;-2px||||false|false&#8221; custom_padding=&#8221;10px|26px|10px|26px|true|true&#8221; global_colors_info=&#8221;{%22gcid-f1e65d51-fa2f-4bf0-b2c1-8eab7001e8fd%22:%91%22button_text_color%22%93}&#8221;][\/et_pb_button][\/et_pb_column][et_pb_column type=&#8221;1_2&#8243; _builder_version=&#8221;4.27.4&#8243; _module_preset=&#8221;default&#8221; global_colors_info=&#8221;{}&#8221;][et_pb_text _builder_version=&#8221;4.27.4&#8243; _module_preset=&#8221;_initial&#8221; text_font=&#8221;Montserrat||||||||&#8221; text_line_height=&#8221;1.6em&#8221; width=&#8221;100%&#8221; min_height=&#8221;79.2px&#8221; custom_margin=&#8221;||||false|false&#8221; custom_padding=&#8221;||||false|false&#8221; custom_padding_tablet=&#8221;||||false|false&#8221; custom_padding_phone=&#8221;||||false|false&#8221; custom_padding_last_edited=&#8221;on|phone&#8221; global_colors_info=&#8221;{}&#8221;]<\/p>\n<p>Weil Ihre Besitzt\u00fcmer nur das Beste verdienen. Bei Flyto Relocation ist Sicherheit nicht nur Teil unseres Services \u2013 sie ist unser Fundament. Wir sind stolz darauf, das sicherste Umzugsunternehmen der Welt zu sein und modernste Technologie mit un\u00fcbertroffener Professionalit\u00e4t zu verbinden, um das zu sch\u00fctzen, was Ihnen am wichtigsten ist.<\/p>\n<p>Jedes Flyto-Fahrzeug ist mit einem fortschrittlichen Kamerasystem, GPS-Echtzeit-Tracking und sicherer Ladetechnik ausgestattet. Unsere speziell entwickelte Ausr\u00fcstung und unser fachkundiges Handling gew\u00e4hrleisten, dass jeder Gegenstand \u2013 vom Abtransport bis zur Auslieferung \u2013 optimal gesch\u00fctzt ist.<\/p>\n<p>Hinter jedem Umzug steht ein Team aus geschulten Fachkr\u00e4ften, die Ihr Hab und Gut mit Pr\u00e4zision, Sorgfalt und Respekt behandeln. Mit Flyto k\u00f6nnen Sie darauf vertrauen, dass Ihr Umzug nicht nur reibungslos verl\u00e4uft, sondern auch in jedem Schritt \u00fcberwacht, gesch\u00fctzt und sicher ist.<\/p>\n<p>Denn Sicherheit sollte keine Option sein \u2013 sie sollte garantiert sein.<\/p>\n<p>[\/et_pb_text][\/et_pb_column][\/et_pb_row][\/et_pb_section][et_pb_section fb_built=&#8221;1&#8243; _builder_version=&#8221;4.27.4&#8243; _module_preset=&#8221;default&#8221; background_color=&#8221;#fafafa&#8221; custom_padding=&#8221;||||false|false&#8221; global_colors_info=&#8221;{}&#8221;][et_pb_row column_structure=&#8221;1_2,1_2&#8243; _builder_version=&#8221;4.27.4&#8243; _module_preset=&#8221;default&#8221; custom_padding=&#8221;||||false|false&#8221; global_colors_info=&#8221;{}&#8221;][et_pb_column type=&#8221;1_2&#8243; _builder_version=&#8221;4.27.4&#8243; _module_preset=&#8221;default&#8221; global_colors_info=&#8221;{}&#8221;][et_pb_text _builder_version=&#8221;4.27.4&#8243; _module_preset=&#8221;_initial&#8221; text_font=&#8221;Montserrat||||||||&#8221; header_3_font=&#8221;Poppins||||||||&#8221; header_3_font_size=&#8221;20px&#8221; header_3_line_height=&#8221;1.2em&#8221; global_colors_info=&#8221;{}&#8221;]<\/p>\n<h3 data-start=\"415\" data-end=\"467\"><strong data-start=\"419\" data-end=\"465\">Europas bestvernetztes Umzugsnetzwerk<br \/><\/strong><\/h3>\n<p data-start=\"468\" data-end=\"509\"><strong data-start=\"468\" data-end=\"507\">Lokale Expertise. Kontinentale Reichweite.<\/strong><\/p>\n<p>Mit Flyto Relocation f\u00fchlt sich Europa wirklich verbunden an. Unsere B\u00fcros auf dem gesamten Kontinent bilden eines der vertrauensw\u00fcrdigsten Umzugsnetzwerke der Branche \u2013 basierend auf pers\u00f6nlichem Service, gemeinsamen Standards und lokaler Expertise.<\/p>\n<p>Ob Sie nach Helsinki, M\u00e1laga oder Dortmund umziehen, ein Flyto-Team ist vor Ort, um Sie willkommen zu hei\u00dfen, Sie zu begleiten und einen reibungslosen Ablauf zu gew\u00e4hrleisten. Wir bewegen Menschen nicht nur innerhalb Europas, sondern auch innerhalb Europas \u2013 als Teil eines nahtlosen, f\u00fcrsorglichen Netzwerks, das Ihre Sprache spricht und Ihre Bed\u00fcrfnisse versteht.<\/p>\n<p>Denn wahre Sicherheit entsteht durch das Wissen, dass wir schon vor Ihrer Ankunft f\u00fcr Sie da sind. \ud83c\udf0d<\/p>\n<p>[\/et_pb_text][et_pb_button button_url=&#8221;@ET-DC@eyJkeW5hbWljIjp0cnVlLCJjb250ZW50IjoicG9zdF9saW5rX3VybF9wYWdlIiwic2V0dGluZ3MiOnsicG9zdF9pZCI6IjcyNiIsImVuYWJsZV9odG1sIjoib2ZmIn19@&#8221; button_text=&#8221;Unser Umzugsnetzwerk&#8221; _builder_version=&#8221;4.27.4&#8243; _dynamic_attributes=&#8221;button_url&#8221; _module_preset=&#8221;_initial&#8221; custom_button=&#8221;on&#8221; button_text_size=&#8221;16px&#8221; button_text_color=&#8221;#CD207D&#8221; button_border_color=&#8221;#CD207D&#8221; button_border_radius=&#8221;100px&#8221; button_font=&#8221;Outfit|600|||||||&#8221; button_use_icon=&#8221;off&#8221; custom_margin=&#8221;-10px||||false|false&#8221; custom_padding=&#8221;10px|26px|10px|26px|true|true&#8221; global_colors_info=&#8221;{%22gcid-f1e65d51-fa2f-4bf0-b2c1-8eab7001e8fd%22:%91%22button_text_color%22%93}&#8221;][\/et_pb_button][\/et_pb_column][et_pb_column type=&#8221;1_2&#8243; _builder_version=&#8221;4.27.4&#8243; _module_preset=&#8221;default&#8221; global_colors_info=&#8221;{}&#8221;][et_pb_image src=&#8221;https:\/\/flyto-wp-uploads.s3.eu-north-1.amazonaws.com\/wp-content\/uploads\/sites\/91\/2025\/11\/04093023\/kotimuutto-muuttopalvelu-muutto_1_optimized-1.jpg&#8221; title_text=&#8221;kotimuutto-muuttopalvelu-muutto_1_optimized (1)&#8221; _builder_version=&#8221;4.27.4&#8243; _module_preset=&#8221;default&#8221; border_radii=&#8221;on|20px|20px|20px|20px&#8221; global_colors_info=&#8221;{}&#8221;][\/et_pb_image][\/et_pb_column][\/et_pb_row][\/et_pb_section][et_pb_section fb_built=&#8221;1&#8243; _builder_version=&#8221;4.27.4&#8243; _module_preset=&#8221;default&#8221; global_colors_info=&#8221;{}&#8221;][et_pb_row column_structure=&#8221;1_2,1_2&#8243; _builder_version=&#8221;4.27.4&#8243; _module_preset=&#8221;default&#8221; custom_padding=&#8221;5px|||||&#8221; global_colors_info=&#8221;{}&#8221;][et_pb_column type=&#8221;1_2&#8243; _builder_version=&#8221;4.27.4&#8243; _module_preset=&#8221;default&#8221; global_colors_info=&#8221;{}&#8221;][et_pb_text _builder_version=&#8221;4.27.4&#8243; _module_preset=&#8221;_initial&#8221; text_font=&#8221;Montserrat||||||||&#8221; header_3_font=&#8221;Poppins||||||||&#8221; header_3_font_size=&#8221;20px&#8221; header_3_line_height=&#8221;1.2em&#8221; global_colors_info=&#8221;{}&#8221;]<\/p>\n<h3 data-start=\"1184\" data-end=\"1225\"><span style=\"color: #000000\"><strong data-start=\"1188\" data-end=\"1223\">Unkomplizierte Pakete. Perfekte Umz\u00fcge.<br \/><\/strong><\/span><\/h3>\n<p data-start=\"1226\" data-end=\"1275\"><span style=\"color: #666666\"><strong data-start=\"1226\" data-end=\"1273\">Premium-Umz\u00fcge \u2013 kinderleicht und elegant.<\/strong><\/span><\/p>\n<p>Wir sind \u00fcberzeugt, dass exzellenter Service unkompliziert sein sollte \u2013 deshalb haben wir unsere Umzugspakete so transparent wie m\u00f6glich gestaltet. Kein Kleingedrucktes, keine Verwirrung \u2013 einfach unkomplizierte L\u00f6sungen, die zu Ihren Bed\u00fcrfnissen, Ihrem Budget und Ihrem Lebensstil passen.<\/p>\n<p>Jedes Flyto-Paket beinhaltet alles, was Sie wirklich brauchen (und nichts \u00dcberfl\u00fcssiges): professionelles Verpacken, sicherer Transport, Versicherung, Sendungsverfolgung und Unterst\u00fctzung bei jedem Schritt. Sie wissen immer genau, was enthalten ist und was es kostet \u2013 denn Transparenz ist ein Zeichen von Luxus.<\/p>\n<p>Ein Umzug ins Ausland mag eine gro\u00dfe Umstellung sein, aber das richtige Umzugspaket zu finden? Mit Flyto ist das ganz einfach. \u2728<\/p>\n<p>[\/et_pb_text][\/et_pb_column][et_pb_column type=&#8221;1_2&#8243; _builder_version=&#8221;4.27.4&#8243; _module_preset=&#8221;default&#8221; global_colors_info=&#8221;{}&#8221;][et_pb_image src=&#8221;https:\/\/flyto-wp-uploads.s3.eu-north-1.amazonaws.com\/wp-content\/uploads\/sites\/91\/2025\/10\/03182729\/FLYTO_-_Muutto_-_Kuvaaja_Nuuti_Paananen_4_1_1_1000.jpg&#8221; title_text=&#8221;FLYTO_-_Muutto_-_Kuvaaja_Nuuti_Paananen_4_1_1_1000&#8243; disabled_on=&#8221;off|off|off&#8221; _builder_version=&#8221;4.27.4&#8243; _module_preset=&#8221;default&#8221; border_radii=&#8221;on|20px|20px|20px|20px&#8221; global_colors_info=&#8221;{}&#8221;][\/et_pb_image][et_pb_button button_url=&#8221;@ET-DC@eyJkeW5hbWljIjp0cnVlLCJjb250ZW50IjoicG9zdF9saW5rX3VybF9wYWdlIiwic2V0dGluZ3MiOnsicG9zdF9pZCI6IjczMCIsImVuYWJsZV9odG1sIjoib2ZmIn19@&#8221; button_text=&#8221;Alle Dienstleistungen&#8221; _builder_version=&#8221;4.27.4&#8243; _dynamic_attributes=&#8221;button_url&#8221; _module_preset=&#8221;_initial&#8221; custom_button=&#8221;on&#8221; button_text_size=&#8221;16px&#8221; button_text_color=&#8221;#CD207D&#8221; button_border_color=&#8221;#CD207D&#8221; button_border_radius=&#8221;100px&#8221; button_font=&#8221;Outfit|600|||||||&#8221; button_use_icon=&#8221;off&#8221; custom_margin=&#8221;-2px||||false|false&#8221; custom_padding=&#8221;10px|26px|10px|26px|true|true&#8221; global_colors_info=&#8221;{%22gcid-f1e65d51-fa2f-4bf0-b2c1-8eab7001e8fd%22:%91%22button_text_color%22%93}&#8221;][\/et_pb_button][\/et_pb_column][\/et_pb_row][\/et_pb_section]<\/p>\n","protected":false},"excerpt":{"rendered":"<p>Denn Ihre Besitzt\u00fcmer verdienen nichts Geringeres. Weil Ihre Besitzt\u00fcmer nur das Beste verdienen. Bei Flyto Relocation ist Sicherheit nicht nur Teil unseres Services \u2013 sie ist unser Fundament. Wir sind stolz darauf, das sicherste Umzugsunternehmen der Welt zu sein und modernste Technologie mit un\u00fcbertroffener Professionalit\u00e4t zu verbinden, um das zu sch\u00fctzen, was Ihnen am wichtigsten [&hellip;]<\/p>\n","protected":false},"author":1,"featured_media":0,"parent":0,"menu_order":0,"comment_status":"closed","ping_status":"closed","template":"","meta":{"_et_pb_use_builder":"on","_et_pb_old_content":"","_et_gb_content_width":"","footnotes":""},"class_list":["post-727","page","type-page","status-publish","hentry"],"yoast_head":"<!-- This site is optimized with the Yoast SEO plugin v26.3 - https:\/\/yoast.com\/wordpress\/plugins\/seo\/ -->\n<title>About - Flyto Relocation \u00d6sterreich<\/title>\n<meta name=\"robots\" content=\"index, follow, max-snippet:-1, max-image-preview:large, max-video-preview:-1\" \/>\n<link rel=\"canonical\" href=\"https:\/\/flytorelocation.com\/at-at\/about\/\" \/>\n<meta property=\"og:locale\" content=\"fi_FI\" \/>\n<meta property=\"og:type\" content=\"article\" \/>\n<meta property=\"og:title\" content=\"About - Flyto Relocation \u00d6sterreich\" \/>\n<meta property=\"og:description\" content=\"Denn Ihre Besitzt\u00fcmer verdienen nichts Geringeres. Weil Ihre Besitzt\u00fcmer nur das Beste verdienen. Bei Flyto Relocation ist Sicherheit nicht nur Teil unseres Services \u2013 sie ist unser Fundament. Wir sind stolz darauf, das sicherste Umzugsunternehmen der Welt zu sein und modernste Technologie mit un\u00fcbertroffener Professionalit\u00e4t zu verbinden, um das zu sch\u00fctzen, was Ihnen am wichtigsten [&hellip;]\" \/>\n<meta property=\"og:url\" content=\"https:\/\/flytorelocation.com\/at-at\/about\/\" \/>\n<meta property=\"og:site_name\" content=\"Flyto Relocation \u00d6sterreich\" \/>\n<meta property=\"article:modified_time\" content=\"2026-01-04T17:57:58+00:00\" \/>\n<meta name=\"twitter:card\" content=\"summary_large_image\" \/>\n<meta name=\"twitter:label1\" content=\"Arvioitu lukuaika\" \/>\n\t<meta name=\"twitter:data1\" content=\"7 minuuttia\" \/>\n<script type=\"application\/ld+json\" class=\"yoast-schema-graph\">{\"@context\":\"https:\/\/schema.org\",\"@graph\":[{\"@type\":\"WebPage\",\"@id\":\"https:\/\/flytorelocation.com\/at-at\/about\/\",\"url\":\"https:\/\/flytorelocation.com\/at-at\/about\/\",\"name\":\"About - Flyto Relocation \u00d6sterreich\",\"isPartOf\":{\"@id\":\"https:\/\/flytorelocation.com\/at-at\/#website\"},\"datePublished\":\"2025-10-17T16:02:33+00:00\",\"dateModified\":\"2026-01-04T17:57:58+00:00\",\"breadcrumb\":{\"@id\":\"https:\/\/flytorelocation.com\/at-at\/about\/#breadcrumb\"},\"inLanguage\":\"fi\",\"potentialAction\":[{\"@type\":\"ReadAction\",\"target\":[\"https:\/\/flytorelocation.com\/at-at\/about\/\"]}]},{\"@type\":\"BreadcrumbList\",\"@id\":\"https:\/\/flytorelocation.com\/at-at\/about\/#breadcrumb\",\"itemListElement\":[{\"@type\":\"ListItem\",\"position\":1,\"name\":\"Etusivu\",\"item\":\"https:\/\/flytorelocation.com\/at-at\/\"},{\"@type\":\"ListItem\",\"position\":2,\"name\":\"About\"}]},{\"@type\":\"WebSite\",\"@id\":\"https:\/\/flytorelocation.com\/at-at\/#website\",\"url\":\"https:\/\/flytorelocation.com\/at-at\/\",\"name\":\"Flyto Relocation \u00d6sterreich\",\"description\":\"\",\"publisher\":{\"@id\":\"https:\/\/flytorelocation.com\/at-at\/#organization\"},\"potentialAction\":[{\"@type\":\"SearchAction\",\"target\":{\"@type\":\"EntryPoint\",\"urlTemplate\":\"https:\/\/flytorelocation.com\/at-at\/?s={search_term_string}\"},\"query-input\":{\"@type\":\"PropertyValueSpecification\",\"valueRequired\":true,\"valueName\":\"search_term_string\"}}],\"inLanguage\":\"fi\"},{\"@type\":\"Organization\",\"@id\":\"https:\/\/flytorelocation.com\/at-at\/#organization\",\"name\":\"Flyto Relocation \u00d6sterreich\",\"url\":\"https:\/\/flytorelocation.com\/at-at\/\",\"logo\":{\"@type\":\"ImageObject\",\"inLanguage\":\"fi\",\"@id\":\"https:\/\/flytorelocation.com\/at-at\/#\/schema\/logo\/image\/\",\"url\":\"https:\/\/flyto-wp-uploads.s3.eu-north-1.amazonaws.com\/wp-content\/uploads\/sites\/91\/2025\/10\/13130143\/Flyto-col.png\",\"contentUrl\":\"https:\/\/flyto-wp-uploads.s3.eu-north-1.amazonaws.com\/wp-content\/uploads\/sites\/91\/2025\/10\/13130143\/Flyto-col.png\",\"width\":618,\"height\":337,\"caption\":\"Flyto Relocation \u00d6sterreich\"},\"image\":{\"@id\":\"https:\/\/flytorelocation.com\/at-at\/#\/schema\/logo\/image\/\"}}]}<\/script>\n<!-- \/ Yoast SEO plugin. -->","yoast_head_json":{"title":"About - Flyto Relocation \u00d6sterreich","robots":{"index":"index","follow":"follow","max-snippet":"max-snippet:-1","max-image-preview":"max-image-preview:large","max-video-preview":"max-video-preview:-1"},"canonical":"https:\/\/flytorelocation.com\/at-at\/about\/","og_locale":"fi_FI","og_type":"article","og_title":"About - Flyto Relocation \u00d6sterreich","og_description":"Denn Ihre Besitzt\u00fcmer verdienen nichts Geringeres. Weil Ihre Besitzt\u00fcmer nur das Beste verdienen. Bei Flyto Relocation ist Sicherheit nicht nur Teil unseres Services \u2013 sie ist unser Fundament. Wir sind stolz darauf, das sicherste Umzugsunternehmen der Welt zu sein und modernste Technologie mit un\u00fcbertroffener Professionalit\u00e4t zu verbinden, um das zu sch\u00fctzen, was Ihnen am wichtigsten [&hellip;]","og_url":"https:\/\/flytorelocation.com\/at-at\/about\/","og_site_name":"Flyto Relocation \u00d6sterreich","article_modified_time":"2026-01-04T17:57:58+00:00","twitter_card":"summary_large_image","twitter_misc":{"Arvioitu lukuaika":"7 minuuttia"},"schema":{"@context":"https:\/\/schema.org","@graph":[{"@type":"WebPage","@id":"https:\/\/flytorelocation.com\/at-at\/about\/","url":"https:\/\/flytorelocation.com\/at-at\/about\/","name":"About - Flyto Relocation \u00d6sterreich","isPartOf":{"@id":"https:\/\/flytorelocation.com\/at-at\/#website"},"datePublished":"2025-10-17T16:02:33+00:00","dateModified":"2026-01-04T17:57:58+00:00","breadcrumb":{"@id":"https:\/\/flytorelocation.com\/at-at\/about\/#breadcrumb"},"inLanguage":"fi","potentialAction":[{"@type":"ReadAction","target":["https:\/\/flytorelocation.com\/at-at\/about\/"]}]},{"@type":"BreadcrumbList","@id":"https:\/\/flytorelocation.com\/at-at\/about\/#breadcrumb","itemListElement":[{"@type":"ListItem","position":1,"name":"Etusivu","item":"https:\/\/flytorelocation.com\/at-at\/"},{"@type":"ListItem","position":2,"name":"About"}]},{"@type":"WebSite","@id":"https:\/\/flytorelocation.com\/at-at\/#website","url":"https:\/\/flytorelocation.com\/at-at\/","name":"Flyto Relocation \u00d6sterreich","description":"","publisher":{"@id":"https:\/\/flytorelocation.com\/at-at\/#organization"},"potentialAction":[{"@type":"SearchAction","target":{"@type":"EntryPoint","urlTemplate":"https:\/\/flytorelocation.com\/at-at\/?s={search_term_string}"},"query-input":{"@type":"PropertyValueSpecification","valueRequired":true,"valueName":"search_term_string"}}],"inLanguage":"fi"},{"@type":"Organization","@id":"https:\/\/flytorelocation.com\/at-at\/#organization","name":"Flyto Relocation \u00d6sterreich","url":"https:\/\/flytorelocation.com\/at-at\/","logo":{"@type":"ImageObject","inLanguage":"fi","@id":"https:\/\/flytorelocation.com\/at-at\/#\/schema\/logo\/image\/","url":"https:\/\/flyto-wp-uploads.s3.eu-north-1.amazonaws.com\/wp-content\/uploads\/sites\/91\/2025\/10\/13130143\/Flyto-col.png","contentUrl":"https:\/\/flyto-wp-uploads.s3.eu-north-1.amazonaws.com\/wp-content\/uploads\/sites\/91\/2025\/10\/13130143\/Flyto-col.png","width":618,"height":337,"caption":"Flyto Relocation \u00d6sterreich"},"image":{"@id":"https:\/\/flytorelocation.com\/at-at\/#\/schema\/logo\/image\/"}}]}},"acf":[],"_links":{"self":[{"href":"https:\/\/flytorelocation.com\/at-at\/wp-json\/wp\/v2\/pages\/727","targetHints":{"allow":["GET"]}}],"collection":[{"href":"https:\/\/flytorelocation.com\/at-at\/wp-json\/wp\/v2\/pages"}],"about":[{"href":"https:\/\/flytorelocation.com\/at-at\/wp-json\/wp\/v2\/types\/page"}],"author":[{"embeddable":true,"href":"https:\/\/flytorelocation.com\/at-at\/wp-json\/wp\/v2\/users\/1"}],"replies":[{"embeddable":true,"href":"https:\/\/flytorelocation.com\/at-at\/wp-json\/wp\/v2\/comments?post=727"}],"version-history":[{"count":16,"href":"https:\/\/flytorelocation.com\/at-at\/wp-json\/wp\/v2\/pages\/727\/revisions"}],"predecessor-version":[{"id":1322,"href":"https:\/\/flytorelocation.com\/at-at\/wp-json\/wp\/v2\/pages\/727\/revisions\/1322"}],"wp:attachment":[{"href":"https:\/\/flytorelocation.com\/at-at\/wp-json\/wp\/v2\/media?parent=727"}],"curies":[{"name":"wp","href":"https:\/\/api.w.org\/{rel}","templated":true}]}}